{"id":2,"date":"2021-07-23T09:49:57","date_gmt":"2021-07-23T12:49:57","guid":{"rendered":"http:\/\/clubedeviagensmoms.com.br\/homolog\/taober_wp\/?page_id=2"},"modified":"2022-01-24T11:48:42","modified_gmt":"2022-01-24T14:48:42","slug":"nossa-equipe","status":"publish","type":"page","link":"https:\/\/clubedeviagensmoms.com.br\/homolog\/nossa-equipe\/","title":{"rendered":"Nossa Equipe"},"content":{"rendered":"<p>Somos apaixonados por viagens e adoramos pesquisar, trocar experi\u00eancias, descobrir, indicar e explorar novos lugares. Estamos constantemente em treinamentos sobre destinos, resorts, regras de cia a\u00e9rea, seguro sa\u00fade, enfim, tudo que precisamos saber para prestar a melhor consultoria, e assim ter nossas fam\u00edlias viajando com toda tranquilidade e seguran\u00e7a.<\/p>\n","protected":false},"excerpt":{"rendered":"<p>Somos apaixonados por viagens e adoramos pesquisar, trocar experi\u00eancias, descobrir, indicar e explorar novos lugares. Estamos constantemente em treinamentos sobre destinos, resorts, regras de cia a\u00e9rea, seguro sa\u00fade, enfim, tudo que precisamos saber para prestar a melhor consultoria, e assim ter nossas fam\u00edlias viajando com toda tranquilidade e seguran\u00e7a.<\/p>\n","protected":false},"author":1,"featured_media":4273,"parent":0,"menu_order":0,"comment_status":"closed","ping_status":"open","template":"page-equipe.php","meta":{"footnotes":""},"class_list":["post-2","page","type-page","status-publish","has-post-thumbnail","hentry"],"acf":[],"yoast_head":"<!-- This site is optimized with the Yoast SEO Premium plugin v16.0.2 (Yoast SEO v21.2) - https:\/\/yoast.com\/wordpress\/plugins\/seo\/ -->\n<title>Nossa Equipe - Clube Moms<\/title>\n<meta name=\"robots\" content=\"index, follow, max-snippet:-1, max-image-preview:large, max-video-preview:-1\" \/>\n<link rel=\"canonical\" href=\"https:\/\/clubedeviagensmoms.com.br\/homolog\/nossa-equipe\/\" \/>\n<meta property=\"og:locale\" content=\"pt_BR\" \/>\n<meta property=\"og:type\" content=\"article\" \/>\n<meta property=\"og:title\" content=\"Nossa Equipe - Clube Moms\" \/>\n<meta property=\"og:description\" content=\"Somos apaixonados por viagens e adoramos pesquisar, trocar experi\u00eancias, descobrir, indicar e explorar novos lugares. Estamos constantemente em treinamentos sobre destinos, resorts, regras de cia a\u00e9rea, seguro sa\u00fade, enfim, tudo que precisamos saber para prestar a melhor consultoria, e assim ter nossas fam\u00edlias viajando com toda tranquilidade e seguran\u00e7a.\" \/>\n<meta property=\"og:url\" content=\"https:\/\/clubedeviagensmoms.com.br\/homolog\/nossa-equipe\/\" \/>\n<meta property=\"og:site_name\" content=\"Clube Moms\" \/>\n<meta property=\"article:modified_time\" content=\"2022-01-24T14:48:42+00:00\" \/>\n<meta property=\"og:image\" content=\"https:\/\/clubedeviagensmoms.com.br\/homolog\/wp-content\/uploads\/2022\/01\/equipe-1-1.png\" \/>\n\t<meta property=\"og:image:width\" content=\"571\" \/>\n\t<meta property=\"og:image:height\" content=\"452\" \/>\n\t<meta property=\"og:image:type\" content=\"image\/png\" \/>\n<meta name=\"twitter:card\" content=\"summary_large_image\" \/>\n<script type=\"application\/ld+json\" class=\"yoast-schema-graph\">{\"@context\":\"https:\/\/schema.org\",\"@graph\":[{\"@type\":\"WebPage\",\"@id\":\"https:\/\/clubedeviagensmoms.com.br\/homolog\/nossa-equipe\/\",\"url\":\"https:\/\/clubedeviagensmoms.com.br\/homolog\/nossa-equipe\/\",\"name\":\"Nossa Equipe - Clube Moms\",\"isPartOf\":{\"@id\":\"https:\/\/clubedeviagensmoms.com.br\/homolog\/#website\"},\"datePublished\":\"2021-07-23T12:49:57+00:00\",\"dateModified\":\"2022-01-24T14:48:42+00:00\",\"breadcrumb\":{\"@id\":\"https:\/\/clubedeviagensmoms.com.br\/homolog\/nossa-equipe\/#breadcrumb\"},\"inLanguage\":\"pt-BR\",\"potentialAction\":[{\"@type\":\"ReadAction\",\"target\":[\"https:\/\/clubedeviagensmoms.com.br\/homolog\/nossa-equipe\/\"]}]},{\"@type\":\"BreadcrumbList\",\"@id\":\"https:\/\/clubedeviagensmoms.com.br\/homolog\/nossa-equipe\/#breadcrumb\",\"itemListElement\":[{\"@type\":\"ListItem\",\"position\":1,\"name\":\"Home\",\"item\":\"https:\/\/clubedeviagensmoms.com.br\/homolog\/\"},{\"@type\":\"ListItem\",\"position\":2,\"name\":\"Nossa Equipe\"}]},{\"@type\":\"WebSite\",\"@id\":\"https:\/\/clubedeviagensmoms.com.br\/homolog\/#website\",\"url\":\"https:\/\/clubedeviagensmoms.com.br\/homolog\/\",\"name\":\"Clube Moms\",\"description\":\"O Clube Moms \u00e9 uma ag\u00eancia de turismo com foco em fam\u00edlias com crian\u00e7as, que uno os conceitos de Consultoria Especializada e Clube de Vantagens.\",\"potentialAction\":[{\"@type\":\"SearchAction\",\"target\":{\"@type\":\"EntryPoint\",\"urlTemplate\":\"https:\/\/clubedeviagensmoms.com.br\/homolog\/?s={search_term_string}\"},\"query-input\":\"required name=search_term_string\"}],\"inLanguage\":\"pt-BR\"}]}<\/script>\n<!-- \/ Yoast SEO Premium plugin. -->","yoast_head_json":{"title":"Nossa Equipe - Clube Moms","robots":{"index":"index","follow":"follow","max-snippet":"max-snippet:-1","max-image-preview":"max-image-preview:large","max-video-preview":"max-video-preview:-1"},"canonical":"https:\/\/clubedeviagensmoms.com.br\/homolog\/nossa-equipe\/","og_locale":"pt_BR","og_type":"article","og_title":"Nossa Equipe - Clube Moms","og_description":"Somos apaixonados por viagens e adoramos pesquisar, trocar experi\u00eancias, descobrir, indicar e explorar novos lugares. Estamos constantemente em treinamentos sobre destinos, resorts, regras de cia a\u00e9rea, seguro sa\u00fade, enfim, tudo que precisamos saber para prestar a melhor consultoria, e assim ter nossas fam\u00edlias viajando com toda tranquilidade e seguran\u00e7a.","og_url":"https:\/\/clubedeviagensmoms.com.br\/homolog\/nossa-equipe\/","og_site_name":"Clube Moms","article_modified_time":"2022-01-24T14:48:42+00:00","og_image":[{"width":571,"height":452,"url":"https:\/\/clubedeviagensmoms.com.br\/homolog\/wp-content\/uploads\/2022\/01\/equipe-1-1.png","type":"image\/png"}],"twitter_card":"summary_large_image","schema":{"@context":"https:\/\/schema.org","@graph":[{"@type":"WebPage","@id":"https:\/\/clubedeviagensmoms.com.br\/homolog\/nossa-equipe\/","url":"https:\/\/clubedeviagensmoms.com.br\/homolog\/nossa-equipe\/","name":"Nossa Equipe - Clube Moms","isPartOf":{"@id":"https:\/\/clubedeviagensmoms.com.br\/homolog\/#website"},"datePublished":"2021-07-23T12:49:57+00:00","dateModified":"2022-01-24T14:48:42+00:00","breadcrumb":{"@id":"https:\/\/clubedeviagensmoms.com.br\/homolog\/nossa-equipe\/#breadcrumb"},"inLanguage":"pt-BR","potentialAction":[{"@type":"ReadAction","target":["https:\/\/clubedeviagensmoms.com.br\/homolog\/nossa-equipe\/"]}]},{"@type":"BreadcrumbList","@id":"https:\/\/clubedeviagensmoms.com.br\/homolog\/nossa-equipe\/#breadcrumb","itemListElement":[{"@type":"ListItem","position":1,"name":"Home","item":"https:\/\/clubedeviagensmoms.com.br\/homolog\/"},{"@type":"ListItem","position":2,"name":"Nossa Equipe"}]},{"@type":"WebSite","@id":"https:\/\/clubedeviagensmoms.com.br\/homolog\/#website","url":"https:\/\/clubedeviagensmoms.com.br\/homolog\/","name":"Clube Moms","description":"O Clube Moms \u00e9 uma ag\u00eancia de turismo com foco em fam\u00edlias com crian\u00e7as, que uno os conceitos de Consultoria Especializada e Clube de Vantagens.","potentialAction":[{"@type":"SearchAction","target":{"@type":"EntryPoint","urlTemplate":"https:\/\/clubedeviagensmoms.com.br\/homolog\/?s={search_term_string}"},"query-input":"required name=search_term_string"}],"inLanguage":"pt-BR"}]}},"_links":{"self":[{"href":"https:\/\/clubedeviagensmoms.com.br\/homolog\/wp-json\/wp\/v2\/pages\/2","targetHints":{"allow":["GET"]}}],"collection":[{"href":"https:\/\/clubedeviagensmoms.com.br\/homolog\/wp-json\/wp\/v2\/pages"}],"about":[{"href":"https:\/\/clubedeviagensmoms.com.br\/homolog\/wp-json\/wp\/v2\/types\/page"}],"author":[{"embeddable":true,"href":"https:\/\/clubedeviagensmoms.com.br\/homolog\/wp-json\/wp\/v2\/users\/1"}],"replies":[{"embeddable":true,"href":"https:\/\/clubedeviagensmoms.com.br\/homolog\/wp-json\/wp\/v2\/comments?post=2"}],"version-history":[{"count":17,"href":"https:\/\/clubedeviagensmoms.com.br\/homolog\/wp-json\/wp\/v2\/pages\/2\/revisions"}],"predecessor-version":[{"id":674,"href":"https:\/\/clubedeviagensmoms.com.br\/homolog\/wp-json\/wp\/v2\/pages\/2\/revisions\/674"}],"wp:featuredmedia":[{"embeddable":true,"href":"https:\/\/clubedeviagensmoms.com.br\/homolog\/wp-json\/wp\/v2\/media\/4273"}],"wp:attachment":[{"href":"https:\/\/clubedeviagensmoms.com.br\/homolog\/wp-json\/wp\/v2\/media?parent=2"}],"curies":[{"name":"wp","href":"https:\/\/api.w.org\/{rel}","templated":true}]}}