{"id":3865,"date":"2021-10-29T19:53:47","date_gmt":"2021-10-29T22:53:47","guid":{"rendered":"http:\/\/clubedeviagensmoms.com.br\/homolog\/taober_wp\/?post_type=product&#038;p=3865"},"modified":"2023-08-30T12:25:01","modified_gmt":"2023-08-30T15:25:01","slug":"disney-cruise-line","status":"publish","type":"product","link":"https:\/\/clubedeviagensmoms.com.br\/homolog\/produto\/disney-cruise-line\/","title":{"rendered":"Disney Cruise Line"},"content":{"rendered":"<p>Sabe o que significa embarcar num cruzeiro da Disney Cruise Line? \u201cApenas\u201d viajar com os personagens mais queridos do mundo!!! \u00c9 uma experi\u00eancia incr\u00edvel!!! S\u00e3o v\u00e1rios roteiros pelo mundo, de 3 a 15 noites, que levam toda a magia Disney para alto mar. Pode escolher\u2026 Alasca, Hava\u00ed, Caribe, Bermuda, Bahamas, Canad\u00e1, Europa, Costa do Pac\u00edfico, M\u00e9xico, Canal do Panam\u00e1, Transatl\u00e2ntico\u2026 Dependendo do roteiro, seu navio ir\u00e1 atracar em Castaway Cay, a Ilha particular da Disney nas Bahamas!<\/p>\n<p>Os 4 navios da Disney oferecem \u00e0s fam\u00edlias conforto em instala\u00e7\u00f5es de \u00faltima gera\u00e7\u00e3o, servi\u00e7o de excel\u00eancia (Disney, n\u00e9?) e atividades exclusivas que re\u00fanem as fam\u00edlias em rotas inesquec\u00edveis.\u00a0Da proa a popa, cada navio magn\u00edfico re\u00fane restaurantes, discotecas, lojas e recrea\u00e7\u00e3o para h\u00f3spedes de todas as idades! Escolha entre Disney Dream, Disney Fantasy, Disney Magic e Disney Wonder e viva dias de pura magia! E mais: dois novos navios ser\u00e3o incorporados \u00e0 frota em breve!<\/p>\n<p>Comida? As melhores! Restaurantes repletos de encanto e card\u00e1pio internacional ir\u00e3o satisfazer a todos os gostos. Viva a experi\u00eancia de estar num est\u00fadio de anima\u00e7\u00e3o no Animator\u2019s Palate ou se sinta transportado para o mundo das princesas com a decora\u00e7\u00e3o dos mais finos restaurantes do navio. No Wonder e no Magic voc\u00ea ainda conta com restaurantes tem\u00e1ticos de Tiana e Rapunzel com shows durante o jantar!<\/p>\n<p>E os shows? S\u00e3o de arrepiar! Os cl\u00e1ssicos Disney adaptados com toda a tecnologia e encantamento reconhecidos mundialmente! E n\u00e3o para por a\u00ed! Durante todo o dia, os h\u00f3spedes podem escolher entre atividades para toda a fam\u00edlia, atividade exclusivas para adultos e ainda tem os clubinhos por faixa et\u00e1ria para a crian\u00e7ada e adolescente. H\u00e1 ainda os cruzeiros tem\u00e1ticos como os da Marvel, de Star Wars, de Natal e de Halloween.<\/p>\n<p>Solicite uma cota\u00e7\u00e3o agora mesmo! Nos consulte sobre as condi\u00e7\u00f5es vigentes, portos de partida, roteiros e tarifas para as melhores datas para voc\u00ea e sua fam\u00edlia!<\/p>\n<p>Saiba mais<span>\u00a0<\/span><a href=\"https:\/\/disneycruise.disney.go.com\/\" target=\"_blank\" rel=\"noopener noreferrer\">aqui<\/a>!<\/p>\n","protected":false},"excerpt":{"rendered":"<p>Sabe o que significa embarcar num cruzeiro da Disney Cruise Line? \u201cApenas\u201d viajar com os personagens mais queridos do mundo!!! \u00c9 uma experi\u00eancia incr\u00edvel!!! S\u00e3o v\u00e1rios roteiros pelo mundo, de 3 a 15 noites, que levam toda a magia Disney para alto mar. Pode escolher\u2026 Alasca, Hava\u00ed, Caribe, Bermuda, Bahamas, Canad\u00e1, Europa, Costa do Pac\u00edfico, [&hellip;]<\/p>\n","protected":false},"featured_media":1855,"comment_status":"closed","ping_status":"closed","template":"","meta":[],"product_cat":[23],"product_tag":[],"class_list":["post-3865","product","type-product","status-publish","has-post-thumbnail","hentry","product_cat-cruzeiros"],"acf":[],"yoast_head":"<!-- This site is optimized with the Yoast SEO Premium plugin v16.0.2 (Yoast SEO v21.2) - https:\/\/yoast.com\/wordpress\/plugins\/seo\/ -->\n<title>Disney Cruise Line - Clube Moms<\/title>\n<meta name=\"robots\" content=\"index, follow, max-snippet:-1, max-image-preview:large, max-video-preview:-1\" \/>\n<link rel=\"canonical\" href=\"https:\/\/clubedeviagensmoms.com.br\/homolog\/produto\/disney-cruise-line\/\" \/>\n<meta property=\"og:locale\" content=\"pt_BR\" \/>\n<meta property=\"og:type\" content=\"article\" \/>\n<meta property=\"og:title\" content=\"Disney Cruise Line - Clube Moms\" \/>\n<meta property=\"og:description\" content=\"Sabe o que significa embarcar num cruzeiro da Disney Cruise Line? \u201cApenas\u201d viajar com os personagens mais queridos do mundo!!! \u00c9 uma experi\u00eancia incr\u00edvel!!! S\u00e3o v\u00e1rios roteiros pelo mundo, de 3 a 15 noites, que levam toda a magia Disney para alto mar. Pode escolher\u2026 Alasca, Hava\u00ed, Caribe, Bermuda, Bahamas, Canad\u00e1, Europa, Costa do Pac\u00edfico, [&hellip;]\" \/>\n<meta property=\"og:url\" content=\"https:\/\/clubedeviagensmoms.com.br\/homolog\/produto\/disney-cruise-line\/\" \/>\n<meta property=\"og:site_name\" content=\"Clube Moms\" \/>\n<meta property=\"article:modified_time\" content=\"2023-08-30T15:25:01+00:00\" \/>\n<meta property=\"og:image\" content=\"https:\/\/clubedeviagensmoms.com.br\/homolog\/wp-content\/uploads\/2021\/10\/DisneyCruise_MickeyeMinnie_27092017_1333-1024x536-1.jpg\" \/>\n\t<meta property=\"og:image:width\" content=\"1024\" \/>\n\t<meta property=\"og:image:height\" content=\"536\" \/>\n\t<meta property=\"og:image:type\" content=\"image\/jpeg\" \/>\n<meta name=\"twitter:card\" content=\"summary_large_image\" \/>\n<meta name=\"twitter:label1\" content=\"Est. tempo de leitura\" \/>\n\t<meta name=\"twitter:data1\" content=\"2 minutos\" \/>\n<script type=\"application\/ld+json\" class=\"yoast-schema-graph\">{\"@context\":\"https:\/\/schema.org\",\"@graph\":[{\"@type\":\"WebPage\",\"@id\":\"https:\/\/clubedeviagensmoms.com.br\/homolog\/produto\/disney-cruise-line\/\",\"url\":\"https:\/\/clubedeviagensmoms.com.br\/homolog\/produto\/disney-cruise-line\/\",\"name\":\"Disney Cruise Line - Clube Moms\",\"isPartOf\":{\"@id\":\"https:\/\/clubedeviagensmoms.com.br\/homolog\/#website\"},\"datePublished\":\"2021-10-29T22:53:47+00:00\",\"dateModified\":\"2023-08-30T15:25:01+00:00\",\"breadcrumb\":{\"@id\":\"https:\/\/clubedeviagensmoms.com.br\/homolog\/produto\/disney-cruise-line\/#breadcrumb\"},\"inLanguage\":\"pt-BR\",\"potentialAction\":[{\"@type\":\"ReadAction\",\"target\":[\"https:\/\/clubedeviagensmoms.com.br\/homolog\/produto\/disney-cruise-line\/\"]}]},{\"@type\":\"BreadcrumbList\",\"@id\":\"https:\/\/clubedeviagensmoms.com.br\/homolog\/produto\/disney-cruise-line\/#breadcrumb\",\"itemListElement\":[{\"@type\":\"ListItem\",\"position\":1,\"name\":\"Home\",\"item\":\"https:\/\/clubedeviagensmoms.com.br\/homolog\/\"},{\"@type\":\"ListItem\",\"position\":2,\"name\":\"Vamos Viajar\",\"item\":\"https:\/\/clubedeviagensmoms.com.br\/homolog\/shop\/\"},{\"@type\":\"ListItem\",\"position\":3,\"name\":\"Disney Cruise Line\"}]},{\"@type\":\"WebSite\",\"@id\":\"https:\/\/clubedeviagensmoms.com.br\/homolog\/#website\",\"url\":\"https:\/\/clubedeviagensmoms.com.br\/homolog\/\",\"name\":\"Clube Moms\",\"description\":\"O Clube Moms \u00e9 uma ag\u00eancia de turismo com foco em fam\u00edlias com crian\u00e7as, que uno os conceitos de Consultoria Especializada e Clube de Vantagens.\",\"potentialAction\":[{\"@type\":\"SearchAction\",\"target\":{\"@type\":\"EntryPoint\",\"urlTemplate\":\"https:\/\/clubedeviagensmoms.com.br\/homolog\/?s={search_term_string}\"},\"query-input\":\"required name=search_term_string\"}],\"inLanguage\":\"pt-BR\"}]}<\/script>\n<!-- \/ Yoast SEO Premium plugin. -->","yoast_head_json":{"title":"Disney Cruise Line - Clube Moms","robots":{"index":"index","follow":"follow","max-snippet":"max-snippet:-1","max-image-preview":"max-image-preview:large","max-video-preview":"max-video-preview:-1"},"canonical":"https:\/\/clubedeviagensmoms.com.br\/homolog\/produto\/disney-cruise-line\/","og_locale":"pt_BR","og_type":"article","og_title":"Disney Cruise Line - Clube Moms","og_description":"Sabe o que significa embarcar num cruzeiro da Disney Cruise Line? \u201cApenas\u201d viajar com os personagens mais queridos do mundo!!! \u00c9 uma experi\u00eancia incr\u00edvel!!! S\u00e3o v\u00e1rios roteiros pelo mundo, de 3 a 15 noites, que levam toda a magia Disney para alto mar. Pode escolher\u2026 Alasca, Hava\u00ed, Caribe, Bermuda, Bahamas, Canad\u00e1, Europa, Costa do Pac\u00edfico, [&hellip;]","og_url":"https:\/\/clubedeviagensmoms.com.br\/homolog\/produto\/disney-cruise-line\/","og_site_name":"Clube Moms","article_modified_time":"2023-08-30T15:25:01+00:00","og_image":[{"width":1024,"height":536,"url":"https:\/\/clubedeviagensmoms.com.br\/homolog\/wp-content\/uploads\/2021\/10\/DisneyCruise_MickeyeMinnie_27092017_1333-1024x536-1.jpg","type":"image\/jpeg"}],"twitter_card":"summary_large_image","twitter_misc":{"Est. tempo de leitura":"2 minutos"},"schema":{"@context":"https:\/\/schema.org","@graph":[{"@type":"WebPage","@id":"https:\/\/clubedeviagensmoms.com.br\/homolog\/produto\/disney-cruise-line\/","url":"https:\/\/clubedeviagensmoms.com.br\/homolog\/produto\/disney-cruise-line\/","name":"Disney Cruise Line - Clube Moms","isPartOf":{"@id":"https:\/\/clubedeviagensmoms.com.br\/homolog\/#website"},"datePublished":"2021-10-29T22:53:47+00:00","dateModified":"2023-08-30T15:25:01+00:00","breadcrumb":{"@id":"https:\/\/clubedeviagensmoms.com.br\/homolog\/produto\/disney-cruise-line\/#breadcrumb"},"inLanguage":"pt-BR","potentialAction":[{"@type":"ReadAction","target":["https:\/\/clubedeviagensmoms.com.br\/homolog\/produto\/disney-cruise-line\/"]}]},{"@type":"BreadcrumbList","@id":"https:\/\/clubedeviagensmoms.com.br\/homolog\/produto\/disney-cruise-line\/#breadcrumb","itemListElement":[{"@type":"ListItem","position":1,"name":"Home","item":"https:\/\/clubedeviagensmoms.com.br\/homolog\/"},{"@type":"ListItem","position":2,"name":"Vamos Viajar","item":"https:\/\/clubedeviagensmoms.com.br\/homolog\/shop\/"},{"@type":"ListItem","position":3,"name":"Disney Cruise Line"}]},{"@type":"WebSite","@id":"https:\/\/clubedeviagensmoms.com.br\/homolog\/#website","url":"https:\/\/clubedeviagensmoms.com.br\/homolog\/","name":"Clube Moms","description":"O Clube Moms \u00e9 uma ag\u00eancia de turismo com foco em fam\u00edlias com crian\u00e7as, que uno os conceitos de Consultoria Especializada e Clube de Vantagens.","potentialAction":[{"@type":"SearchAction","target":{"@type":"EntryPoint","urlTemplate":"https:\/\/clubedeviagensmoms.com.br\/homolog\/?s={search_term_string}"},"query-input":"required name=search_term_string"}],"inLanguage":"pt-BR"}]}},"_links":{"self":[{"href":"https:\/\/clubedeviagensmoms.com.br\/homolog\/wp-json\/wp\/v2\/product\/3865","targetHints":{"allow":["GET"]}}],"collection":[{"href":"https:\/\/clubedeviagensmoms.com.br\/homolog\/wp-json\/wp\/v2\/product"}],"about":[{"href":"https:\/\/clubedeviagensmoms.com.br\/homolog\/wp-json\/wp\/v2\/types\/product"}],"replies":[{"embeddable":true,"href":"https:\/\/clubedeviagensmoms.com.br\/homolog\/wp-json\/wp\/v2\/comments?post=3865"}],"wp:featuredmedia":[{"embeddable":true,"href":"https:\/\/clubedeviagensmoms.com.br\/homolog\/wp-json\/wp\/v2\/media\/1855"}],"wp:attachment":[{"href":"https:\/\/clubedeviagensmoms.com.br\/homolog\/wp-json\/wp\/v2\/media?parent=3865"}],"wp:term":[{"taxonomy":"product_cat","embeddable":true,"href":"https:\/\/clubedeviagensmoms.com.br\/homolog\/wp-json\/wp\/v2\/product_cat?post=3865"},{"taxonomy":"product_tag","embeddable":true,"href":"https:\/\/clubedeviagensmoms.com.br\/homolog\/wp-json\/wp\/v2\/product_tag?post=3865"}],"curies":[{"name":"wp","href":"https:\/\/api.w.org\/{rel}","templated":true}]}}