{"id":3866,"date":"2021-10-29T19:53:47","date_gmt":"2021-10-29T22:53:47","guid":{"rendered":"http:\/\/clubedeviagensmoms.com.br\/homolog\/taober_wp\/?post_type=product&#038;p=3866"},"modified":"2023-08-30T12:25:01","modified_gmt":"2023-08-30T15:25:01","slug":"norwegian-cruise-line","status":"publish","type":"product","link":"https:\/\/clubedeviagensmoms.com.br\/homolog\/produto\/norwegian-cruise-line\/","title":{"rendered":"Norwegian Cruise Line"},"content":{"rendered":"<p>A Norwegian Cruise Line opera navios elegantes e confort\u00e1veis. S\u00e3o muitos destinos e dependendo do roteiro, voc\u00ea ir\u00e1 passar um dia em Great Stirrup Cay, a ilha particular da Norwegian nas Bahamas!<\/p>\n<p>O jantar Freestyle fornece escolhas de restaurantes que satisfazem at\u00e9 o mais exigente membro da fam\u00edlia. Pegue um sandu\u00edche diretamente da chapa ou acomode-se para uma refei\u00e7\u00e3o com quatro pratos. Vista suas roupas mais estilosas ou as mais simples. Voc\u00ea encontrar\u00e1 mais op\u00e7\u00f5es de restaurantes do que dias no seu cruzeiro, podendo desfrut\u00e1-los seguindo sua pr\u00f3pria programa\u00e7\u00e3o.<\/p>\n<p>A Norwegian tamb\u00e9m se orgulha de ter uma ampla escolha de categorias de quartos, incluindo um complexo especial de Villas e Suites Deluxe. Definido como um navio dentro de um navio, estas su\u00edtes especiais t\u00eam seu pr\u00f3prio deck privado com sol\u00e1rio, piscina, \u00e1rea de exerc\u00edcios e mordomo.<\/p>\n<p>Independentemente da sua escolha de acomoda\u00e7\u00e3o, voc\u00ea encontrar\u00e1 um servi\u00e7o atencioso e toques \u00fanicos durante toda a sua estadia, como atendentes de piscinas que oferecem um atendimento para \u201cmimar\u201d os clientes.<\/p>\n<p>As atividades no Norwegian incluem de tudo, desde boliche at\u00e9 escalada! \u00c0 noite voc\u00ea pode desfrutar de shows com produ\u00e7\u00f5es no estilo Broadway ou tentar sua sorte em um dos melhores casinos no mar.<\/p>\n<p>A empresa norueguesa conta com uma frota de dezenas de navios, dentre os quais se destaca o Norwegian Bliss, uma navio totalmente inovador, com capacidade para mais de 4.000 passageiros e uma infraestrutura bastante interessante, que inclui a maior pista de kart dentro de um navio, sala de gelo e laser tag!<\/p>\n<p>Solicite uma cota\u00e7\u00e3o agora mesmo! Nos consulte sobre as condi\u00e7\u00f5es vigentes, portos de partida, roteiros e tarifas para as melhores datas para voc\u00ea e sua fam\u00edlia!<\/p>\n","protected":false},"excerpt":{"rendered":"<p>A Norwegian Cruise Line opera navios elegantes e confort\u00e1veis. S\u00e3o muitos destinos e dependendo do roteiro, voc\u00ea ir\u00e1 passar um dia em Great Stirrup Cay, a ilha particular da Norwegian nas Bahamas! O jantar Freestyle fornece escolhas de restaurantes que satisfazem at\u00e9 o mais exigente membro da fam\u00edlia. Pegue um sandu\u00edche diretamente da chapa ou [&hellip;]<\/p>\n","protected":false},"featured_media":1856,"comment_status":"closed","ping_status":"closed","template":"","meta":[],"product_cat":[23],"product_tag":[],"class_list":["post-3866","product","type-product","status-publish","has-post-thumbnail","hentry","product_cat-cruzeiros"],"acf":[],"yoast_head":"<!-- This site is optimized with the Yoast SEO Premium plugin v16.0.2 (Yoast SEO v21.2) - https:\/\/yoast.com\/wordpress\/plugins\/seo\/ -->\n<title>Norwegian Cruise Line - Clube Moms<\/title>\n<meta name=\"robots\" content=\"index, follow, max-snippet:-1, max-image-preview:large, max-video-preview:-1\" \/>\n<link rel=\"canonical\" href=\"https:\/\/clubedeviagensmoms.com.br\/homolog\/produto\/norwegian-cruise-line\/\" \/>\n<meta property=\"og:locale\" content=\"pt_BR\" \/>\n<meta property=\"og:type\" content=\"article\" \/>\n<meta property=\"og:title\" content=\"Norwegian Cruise Line - Clube Moms\" \/>\n<meta property=\"og:description\" content=\"A Norwegian Cruise Line opera navios elegantes e confort\u00e1veis. S\u00e3o muitos destinos e dependendo do roteiro, voc\u00ea ir\u00e1 passar um dia em Great Stirrup Cay, a ilha particular da Norwegian nas Bahamas! O jantar Freestyle fornece escolhas de restaurantes que satisfazem at\u00e9 o mais exigente membro da fam\u00edlia. Pegue um sandu\u00edche diretamente da chapa ou [&hellip;]\" \/>\n<meta property=\"og:url\" content=\"https:\/\/clubedeviagensmoms.com.br\/homolog\/produto\/norwegian-cruise-line\/\" \/>\n<meta property=\"og:site_name\" content=\"Clube Moms\" \/>\n<meta property=\"article:modified_time\" content=\"2023-08-30T15:25:01+00:00\" \/>\n<meta property=\"og:image\" content=\"https:\/\/clubedeviagensmoms.com.br\/homolog\/wp-content\/uploads\/2021\/10\/Norwegian_Navio_28092017_1447-1024x536-1.jpg\" \/>\n\t<meta property=\"og:image:width\" content=\"1024\" \/>\n\t<meta property=\"og:image:height\" content=\"536\" \/>\n\t<meta property=\"og:image:type\" content=\"image\/jpeg\" \/>\n<meta name=\"twitter:card\" content=\"summary_large_image\" \/>\n<meta name=\"twitter:label1\" content=\"Est. tempo de leitura\" \/>\n\t<meta name=\"twitter:data1\" content=\"1 minuto\" \/>\n<script type=\"application\/ld+json\" class=\"yoast-schema-graph\">{\"@context\":\"https:\/\/schema.org\",\"@graph\":[{\"@type\":\"WebPage\",\"@id\":\"https:\/\/clubedeviagensmoms.com.br\/homolog\/produto\/norwegian-cruise-line\/\",\"url\":\"https:\/\/clubedeviagensmoms.com.br\/homolog\/produto\/norwegian-cruise-line\/\",\"name\":\"Norwegian Cruise Line - Clube Moms\",\"isPartOf\":{\"@id\":\"https:\/\/clubedeviagensmoms.com.br\/homolog\/#website\"},\"datePublished\":\"2021-10-29T22:53:47+00:00\",\"dateModified\":\"2023-08-30T15:25:01+00:00\",\"breadcrumb\":{\"@id\":\"https:\/\/clubedeviagensmoms.com.br\/homolog\/produto\/norwegian-cruise-line\/#breadcrumb\"},\"inLanguage\":\"pt-BR\",\"potentialAction\":[{\"@type\":\"ReadAction\",\"target\":[\"https:\/\/clubedeviagensmoms.com.br\/homolog\/produto\/norwegian-cruise-line\/\"]}]},{\"@type\":\"BreadcrumbList\",\"@id\":\"https:\/\/clubedeviagensmoms.com.br\/homolog\/produto\/norwegian-cruise-line\/#breadcrumb\",\"itemListElement\":[{\"@type\":\"ListItem\",\"position\":1,\"name\":\"Home\",\"item\":\"https:\/\/clubedeviagensmoms.com.br\/homolog\/\"},{\"@type\":\"ListItem\",\"position\":2,\"name\":\"Vamos Viajar\",\"item\":\"https:\/\/clubedeviagensmoms.com.br\/homolog\/shop\/\"},{\"@type\":\"ListItem\",\"position\":3,\"name\":\"Norwegian Cruise Line\"}]},{\"@type\":\"WebSite\",\"@id\":\"https:\/\/clubedeviagensmoms.com.br\/homolog\/#website\",\"url\":\"https:\/\/clubedeviagensmoms.com.br\/homolog\/\",\"name\":\"Clube Moms\",\"description\":\"O Clube Moms \u00e9 uma ag\u00eancia de turismo com foco em fam\u00edlias com crian\u00e7as, que uno os conceitos de Consultoria Especializada e Clube de Vantagens.\",\"potentialAction\":[{\"@type\":\"SearchAction\",\"target\":{\"@type\":\"EntryPoint\",\"urlTemplate\":\"https:\/\/clubedeviagensmoms.com.br\/homolog\/?s={search_term_string}\"},\"query-input\":\"required name=search_term_string\"}],\"inLanguage\":\"pt-BR\"}]}<\/script>\n<!-- \/ Yoast SEO Premium plugin. -->","yoast_head_json":{"title":"Norwegian Cruise Line - Clube Moms","robots":{"index":"index","follow":"follow","max-snippet":"max-snippet:-1","max-image-preview":"max-image-preview:large","max-video-preview":"max-video-preview:-1"},"canonical":"https:\/\/clubedeviagensmoms.com.br\/homolog\/produto\/norwegian-cruise-line\/","og_locale":"pt_BR","og_type":"article","og_title":"Norwegian Cruise Line - Clube Moms","og_description":"A Norwegian Cruise Line opera navios elegantes e confort\u00e1veis. S\u00e3o muitos destinos e dependendo do roteiro, voc\u00ea ir\u00e1 passar um dia em Great Stirrup Cay, a ilha particular da Norwegian nas Bahamas! O jantar Freestyle fornece escolhas de restaurantes que satisfazem at\u00e9 o mais exigente membro da fam\u00edlia. Pegue um sandu\u00edche diretamente da chapa ou [&hellip;]","og_url":"https:\/\/clubedeviagensmoms.com.br\/homolog\/produto\/norwegian-cruise-line\/","og_site_name":"Clube Moms","article_modified_time":"2023-08-30T15:25:01+00:00","og_image":[{"width":1024,"height":536,"url":"https:\/\/clubedeviagensmoms.com.br\/homolog\/wp-content\/uploads\/2021\/10\/Norwegian_Navio_28092017_1447-1024x536-1.jpg","type":"image\/jpeg"}],"twitter_card":"summary_large_image","twitter_misc":{"Est. tempo de leitura":"1 minuto"},"schema":{"@context":"https:\/\/schema.org","@graph":[{"@type":"WebPage","@id":"https:\/\/clubedeviagensmoms.com.br\/homolog\/produto\/norwegian-cruise-line\/","url":"https:\/\/clubedeviagensmoms.com.br\/homolog\/produto\/norwegian-cruise-line\/","name":"Norwegian Cruise Line - Clube Moms","isPartOf":{"@id":"https:\/\/clubedeviagensmoms.com.br\/homolog\/#website"},"datePublished":"2021-10-29T22:53:47+00:00","dateModified":"2023-08-30T15:25:01+00:00","breadcrumb":{"@id":"https:\/\/clubedeviagensmoms.com.br\/homolog\/produto\/norwegian-cruise-line\/#breadcrumb"},"inLanguage":"pt-BR","potentialAction":[{"@type":"ReadAction","target":["https:\/\/clubedeviagensmoms.com.br\/homolog\/produto\/norwegian-cruise-line\/"]}]},{"@type":"BreadcrumbList","@id":"https:\/\/clubedeviagensmoms.com.br\/homolog\/produto\/norwegian-cruise-line\/#breadcrumb","itemListElement":[{"@type":"ListItem","position":1,"name":"Home","item":"https:\/\/clubedeviagensmoms.com.br\/homolog\/"},{"@type":"ListItem","position":2,"name":"Vamos Viajar","item":"https:\/\/clubedeviagensmoms.com.br\/homolog\/shop\/"},{"@type":"ListItem","position":3,"name":"Norwegian Cruise Line"}]},{"@type":"WebSite","@id":"https:\/\/clubedeviagensmoms.com.br\/homolog\/#website","url":"https:\/\/clubedeviagensmoms.com.br\/homolog\/","name":"Clube Moms","description":"O Clube Moms \u00e9 uma ag\u00eancia de turismo com foco em fam\u00edlias com crian\u00e7as, que uno os conceitos de Consultoria Especializada e Clube de Vantagens.","potentialAction":[{"@type":"SearchAction","target":{"@type":"EntryPoint","urlTemplate":"https:\/\/clubedeviagensmoms.com.br\/homolog\/?s={search_term_string}"},"query-input":"required name=search_term_string"}],"inLanguage":"pt-BR"}]}},"_links":{"self":[{"href":"https:\/\/clubedeviagensmoms.com.br\/homolog\/wp-json\/wp\/v2\/product\/3866","targetHints":{"allow":["GET"]}}],"collection":[{"href":"https:\/\/clubedeviagensmoms.com.br\/homolog\/wp-json\/wp\/v2\/product"}],"about":[{"href":"https:\/\/clubedeviagensmoms.com.br\/homolog\/wp-json\/wp\/v2\/types\/product"}],"replies":[{"embeddable":true,"href":"https:\/\/clubedeviagensmoms.com.br\/homolog\/wp-json\/wp\/v2\/comments?post=3866"}],"wp:featuredmedia":[{"embeddable":true,"href":"https:\/\/clubedeviagensmoms.com.br\/homolog\/wp-json\/wp\/v2\/media\/1856"}],"wp:attachment":[{"href":"https:\/\/clubedeviagensmoms.com.br\/homolog\/wp-json\/wp\/v2\/media?parent=3866"}],"wp:term":[{"taxonomy":"product_cat","embeddable":true,"href":"https:\/\/clubedeviagensmoms.com.br\/homolog\/wp-json\/wp\/v2\/product_cat?post=3866"},{"taxonomy":"product_tag","embeddable":true,"href":"https:\/\/clubedeviagensmoms.com.br\/homolog\/wp-json\/wp\/v2\/product_tag?post=3866"}],"curies":[{"name":"wp","href":"https:\/\/api.w.org\/{rel}","templated":true}]}}