{"id":3867,"date":"2021-10-29T19:53:47","date_gmt":"2021-10-29T22:53:47","guid":{"rendered":"http:\/\/clubedeviagensmoms.com.br\/homolog\/taober_wp\/?post_type=product&#038;p=3867"},"modified":"2023-08-30T12:25:01","modified_gmt":"2023-08-30T15:25:01","slug":"carnival-cruise-line","status":"publish","type":"product","link":"https:\/\/clubedeviagensmoms.com.br\/homolog\/produto\/carnival-cruise-line\/","title":{"rendered":"Carnival Cruise Line"},"content":{"rendered":"<p>Carnival Cruise \u00e9 conhecida como a empresa de cruzeiros mais popular do mundo, n\u00e3o apenas pela qualidade de seus servi\u00e7os, mas tamb\u00e9m pelas excelentes ofertas de cruzeiros econ\u00f4micos que apresenta a seus clientes.<\/p>\n<p>Os cruzeiros da Carnival podem ser facilmente reconhecidos por sua decora\u00e7\u00e3o, no melhor estilo Las Vegas. Contam, inclusive, com cassinos no interior dos navios, denominados Barcos Divertidos (The Fun Ship) pela grande quantidade de atividades de entretenimento oferecidas \u2013 h\u00e1 shows durante todo o dia.<\/p>\n<p>\u201cThe Cat in the Hat\u201d \u00e9 o tema da recrea\u00e7\u00e3o dos navios da Carnival. As crian\u00e7as v\u00e3o adorar! Conte com os clubes infantis e fique tranquilo porque seus filhos ir\u00e3o adorar! S\u00e3o diversos clubes por faixa et\u00e1ria.<\/p>\n<p>Aproveite a gama de restaurantes e experimente as especialidades de diferentes culturas. Comidas r\u00e1pidas ou ambientes sofisticados. Um menu especial para crian\u00e7as e dietas especiais em caso de alguma restri\u00e7\u00e3o alimentar.\u00a0 Comida liberada inclusive nos restaurantes de hamb\u00fargueres e de churrasco do famoso chef\u00a0Guy Fieri! As op\u00e7\u00f5es s\u00e3o muitas, que tamb\u00e9m incluem finos restaurantes para o jantar. Servi\u00e7o de quarto 24 horas inclu\u00eddo na tarifa e muito mais!<\/p>\n<p>Solicite uma cota\u00e7\u00e3o agora mesmo! Nos consulte sobre as condi\u00e7\u00f5es vigentes, portos de partida, roteiros e tarifas para as melhores datas para voc\u00ea e sua fam\u00edlia!<\/p>\n<p>Confira mais<span>\u00a0<\/span><a href=\"https:\/\/www.carnival.com\/\" target=\"_blank\" rel=\"noopener noreferrer\">aqui<\/a>!<\/p>\n","protected":false},"excerpt":{"rendered":"<p>Carnival Cruise \u00e9 conhecida como a empresa de cruzeiros mais popular do mundo, n\u00e3o apenas pela qualidade de seus servi\u00e7os, mas tamb\u00e9m pelas excelentes ofertas de cruzeiros econ\u00f4micos que apresenta a seus clientes. Os cruzeiros da Carnival podem ser facilmente reconhecidos por sua decora\u00e7\u00e3o, no melhor estilo Las Vegas. Contam, inclusive, com cassinos no interior [&hellip;]<\/p>\n","protected":false},"featured_media":1857,"comment_status":"closed","ping_status":"closed","template":"","meta":[],"product_cat":[23],"product_tag":[],"class_list":["post-3867","product","type-product","status-publish","has-post-thumbnail","hentry","product_cat-cruzeiros"],"acf":[],"yoast_head":"<!-- This site is optimized with the Yoast SEO Premium plugin v16.0.2 (Yoast SEO v21.2) - https:\/\/yoast.com\/wordpress\/plugins\/seo\/ -->\n<title>Carnival Cruise Line - Clube Moms<\/title>\n<meta name=\"robots\" content=\"index, follow, max-snippet:-1, max-image-preview:large, max-video-preview:-1\" \/>\n<link rel=\"canonical\" href=\"https:\/\/clubedeviagensmoms.com.br\/homolog\/produto\/carnival-cruise-line\/\" \/>\n<meta property=\"og:locale\" content=\"pt_BR\" \/>\n<meta property=\"og:type\" content=\"article\" \/>\n<meta property=\"og:title\" content=\"Carnival Cruise Line - Clube Moms\" \/>\n<meta property=\"og:description\" content=\"Carnival Cruise \u00e9 conhecida como a empresa de cruzeiros mais popular do mundo, n\u00e3o apenas pela qualidade de seus servi\u00e7os, mas tamb\u00e9m pelas excelentes ofertas de cruzeiros econ\u00f4micos que apresenta a seus clientes. Os cruzeiros da Carnival podem ser facilmente reconhecidos por sua decora\u00e7\u00e3o, no melhor estilo Las Vegas. Contam, inclusive, com cassinos no interior [&hellip;]\" \/>\n<meta property=\"og:url\" content=\"https:\/\/clubedeviagensmoms.com.br\/homolog\/produto\/carnival-cruise-line\/\" \/>\n<meta property=\"og:site_name\" content=\"Clube Moms\" \/>\n<meta property=\"article:modified_time\" content=\"2023-08-30T15:25:01+00:00\" \/>\n<meta property=\"og:image\" content=\"https:\/\/clubedeviagensmoms.com.br\/homolog\/wp-content\/uploads\/2021\/10\/Carnival_Personagens_26092017_2257-1024x536-1.jpg\" \/>\n\t<meta property=\"og:image:width\" content=\"1024\" \/>\n\t<meta property=\"og:image:height\" content=\"536\" \/>\n\t<meta property=\"og:image:type\" content=\"image\/jpeg\" \/>\n<meta name=\"twitter:card\" content=\"summary_large_image\" \/>\n<meta name=\"twitter:label1\" content=\"Est. tempo de leitura\" \/>\n\t<meta name=\"twitter:data1\" content=\"1 minuto\" \/>\n<script type=\"application\/ld+json\" class=\"yoast-schema-graph\">{\"@context\":\"https:\/\/schema.org\",\"@graph\":[{\"@type\":\"WebPage\",\"@id\":\"https:\/\/clubedeviagensmoms.com.br\/homolog\/produto\/carnival-cruise-line\/\",\"url\":\"https:\/\/clubedeviagensmoms.com.br\/homolog\/produto\/carnival-cruise-line\/\",\"name\":\"Carnival Cruise Line - Clube Moms\",\"isPartOf\":{\"@id\":\"https:\/\/clubedeviagensmoms.com.br\/homolog\/#website\"},\"datePublished\":\"2021-10-29T22:53:47+00:00\",\"dateModified\":\"2023-08-30T15:25:01+00:00\",\"breadcrumb\":{\"@id\":\"https:\/\/clubedeviagensmoms.com.br\/homolog\/produto\/carnival-cruise-line\/#breadcrumb\"},\"inLanguage\":\"pt-BR\",\"potentialAction\":[{\"@type\":\"ReadAction\",\"target\":[\"https:\/\/clubedeviagensmoms.com.br\/homolog\/produto\/carnival-cruise-line\/\"]}]},{\"@type\":\"BreadcrumbList\",\"@id\":\"https:\/\/clubedeviagensmoms.com.br\/homolog\/produto\/carnival-cruise-line\/#breadcrumb\",\"itemListElement\":[{\"@type\":\"ListItem\",\"position\":1,\"name\":\"Home\",\"item\":\"https:\/\/clubedeviagensmoms.com.br\/homolog\/\"},{\"@type\":\"ListItem\",\"position\":2,\"name\":\"Vamos Viajar\",\"item\":\"https:\/\/clubedeviagensmoms.com.br\/homolog\/shop\/\"},{\"@type\":\"ListItem\",\"position\":3,\"name\":\"Carnival Cruise Line\"}]},{\"@type\":\"WebSite\",\"@id\":\"https:\/\/clubedeviagensmoms.com.br\/homolog\/#website\",\"url\":\"https:\/\/clubedeviagensmoms.com.br\/homolog\/\",\"name\":\"Clube Moms\",\"description\":\"O Clube Moms \u00e9 uma ag\u00eancia de turismo com foco em fam\u00edlias com crian\u00e7as, que uno os conceitos de Consultoria Especializada e Clube de Vantagens.\",\"potentialAction\":[{\"@type\":\"SearchAction\",\"target\":{\"@type\":\"EntryPoint\",\"urlTemplate\":\"https:\/\/clubedeviagensmoms.com.br\/homolog\/?s={search_term_string}\"},\"query-input\":\"required name=search_term_string\"}],\"inLanguage\":\"pt-BR\"}]}<\/script>\n<!-- \/ Yoast SEO Premium plugin. -->","yoast_head_json":{"title":"Carnival Cruise Line - Clube Moms","robots":{"index":"index","follow":"follow","max-snippet":"max-snippet:-1","max-image-preview":"max-image-preview:large","max-video-preview":"max-video-preview:-1"},"canonical":"https:\/\/clubedeviagensmoms.com.br\/homolog\/produto\/carnival-cruise-line\/","og_locale":"pt_BR","og_type":"article","og_title":"Carnival Cruise Line - Clube Moms","og_description":"Carnival Cruise \u00e9 conhecida como a empresa de cruzeiros mais popular do mundo, n\u00e3o apenas pela qualidade de seus servi\u00e7os, mas tamb\u00e9m pelas excelentes ofertas de cruzeiros econ\u00f4micos que apresenta a seus clientes. Os cruzeiros da Carnival podem ser facilmente reconhecidos por sua decora\u00e7\u00e3o, no melhor estilo Las Vegas. Contam, inclusive, com cassinos no interior [&hellip;]","og_url":"https:\/\/clubedeviagensmoms.com.br\/homolog\/produto\/carnival-cruise-line\/","og_site_name":"Clube Moms","article_modified_time":"2023-08-30T15:25:01+00:00","og_image":[{"width":1024,"height":536,"url":"https:\/\/clubedeviagensmoms.com.br\/homolog\/wp-content\/uploads\/2021\/10\/Carnival_Personagens_26092017_2257-1024x536-1.jpg","type":"image\/jpeg"}],"twitter_card":"summary_large_image","twitter_misc":{"Est. tempo de leitura":"1 minuto"},"schema":{"@context":"https:\/\/schema.org","@graph":[{"@type":"WebPage","@id":"https:\/\/clubedeviagensmoms.com.br\/homolog\/produto\/carnival-cruise-line\/","url":"https:\/\/clubedeviagensmoms.com.br\/homolog\/produto\/carnival-cruise-line\/","name":"Carnival Cruise Line - Clube Moms","isPartOf":{"@id":"https:\/\/clubedeviagensmoms.com.br\/homolog\/#website"},"datePublished":"2021-10-29T22:53:47+00:00","dateModified":"2023-08-30T15:25:01+00:00","breadcrumb":{"@id":"https:\/\/clubedeviagensmoms.com.br\/homolog\/produto\/carnival-cruise-line\/#breadcrumb"},"inLanguage":"pt-BR","potentialAction":[{"@type":"ReadAction","target":["https:\/\/clubedeviagensmoms.com.br\/homolog\/produto\/carnival-cruise-line\/"]}]},{"@type":"BreadcrumbList","@id":"https:\/\/clubedeviagensmoms.com.br\/homolog\/produto\/carnival-cruise-line\/#breadcrumb","itemListElement":[{"@type":"ListItem","position":1,"name":"Home","item":"https:\/\/clubedeviagensmoms.com.br\/homolog\/"},{"@type":"ListItem","position":2,"name":"Vamos Viajar","item":"https:\/\/clubedeviagensmoms.com.br\/homolog\/shop\/"},{"@type":"ListItem","position":3,"name":"Carnival Cruise Line"}]},{"@type":"WebSite","@id":"https:\/\/clubedeviagensmoms.com.br\/homolog\/#website","url":"https:\/\/clubedeviagensmoms.com.br\/homolog\/","name":"Clube Moms","description":"O Clube Moms \u00e9 uma ag\u00eancia de turismo com foco em fam\u00edlias com crian\u00e7as, que uno os conceitos de Consultoria Especializada e Clube de Vantagens.","potentialAction":[{"@type":"SearchAction","target":{"@type":"EntryPoint","urlTemplate":"https:\/\/clubedeviagensmoms.com.br\/homolog\/?s={search_term_string}"},"query-input":"required name=search_term_string"}],"inLanguage":"pt-BR"}]}},"_links":{"self":[{"href":"https:\/\/clubedeviagensmoms.com.br\/homolog\/wp-json\/wp\/v2\/product\/3867","targetHints":{"allow":["GET"]}}],"collection":[{"href":"https:\/\/clubedeviagensmoms.com.br\/homolog\/wp-json\/wp\/v2\/product"}],"about":[{"href":"https:\/\/clubedeviagensmoms.com.br\/homolog\/wp-json\/wp\/v2\/types\/product"}],"replies":[{"embeddable":true,"href":"https:\/\/clubedeviagensmoms.com.br\/homolog\/wp-json\/wp\/v2\/comments?post=3867"}],"wp:featuredmedia":[{"embeddable":true,"href":"https:\/\/clubedeviagensmoms.com.br\/homolog\/wp-json\/wp\/v2\/media\/1857"}],"wp:attachment":[{"href":"https:\/\/clubedeviagensmoms.com.br\/homolog\/wp-json\/wp\/v2\/media?parent=3867"}],"wp:term":[{"taxonomy":"product_cat","embeddable":true,"href":"https:\/\/clubedeviagensmoms.com.br\/homolog\/wp-json\/wp\/v2\/product_cat?post=3867"},{"taxonomy":"product_tag","embeddable":true,"href":"https:\/\/clubedeviagensmoms.com.br\/homolog\/wp-json\/wp\/v2\/product_tag?post=3867"}],"curies":[{"name":"wp","href":"https:\/\/api.w.org\/{rel}","templated":true}]}}