{"id":3966,"date":"2021-10-29T19:54:26","date_gmt":"2021-10-29T22:54:26","guid":{"rendered":"http:\/\/clubedeviagensmoms.com.br\/homolog\/taober_wp\/?post_type=product&#038;p=3966"},"modified":"2023-09-12T14:52:45","modified_gmt":"2023-09-12T17:52:45","slug":"bloqueios-clube-moms-2023","status":"publish","type":"product","link":"https:\/\/clubedeviagensmoms.com.br\/homolog\/produto\/bloqueios-clube-moms-2023\/","title":{"rendered":"Bloqueios Clube Moms 2023"},"content":{"rendered":"<h1><strong>Bloqueios Especiais Clube Moms 2023<\/strong><\/h1>\n<p>N\u00e3o perca a chance de aproveitar as melhores condi\u00e7\u00f5es para suas viagens com os Bloqueios Clube Moms!<\/p>\n<p>O Clube Moms sempre pensa em voc\u00ea, cliente, portanto nossos Hot\u00e9is parceiros sempre trazem as melhores vantagens para as Moms.<\/p>\n<p>Para aproveitar melhor os bloqueios, verifique a disponibilidade do destino pretendido com anteced\u00eancia.<\/p>\n<p>Corra para conferir!<\/p>\n<h4><span style=\"font-size: 18pt;\">Hotel Fazenda Ribeir\u00e3o<\/span><\/h4>\n<p><a href=\"http:\/\/clubedeviagensmoms.com.br\/homolog\/produto\/hotel-fazenda-ribeirao\">Barra do Pira\u00ed, Rio de Janeiro<\/a><\/p>\n<h5><span style=\"font-size: 12pt;\"><strong>Confira as datas dispon\u00edveis com bloqueios especiais Clube Moms:<\/strong><\/span><\/h5>\n<p>DATAS:<\/p>\n<ul>\n<li>OUTUBRO<\/li>\n<\/ul>\n<p>Com Oktoberfest!<\/p>\n<p>27 a 29 de outubro<\/p>\n<p>A partir de R$ 2.384,52*<\/p>\n<ul>\n<li>NOVEMBRO<\/li>\n<\/ul>\n<p>Com Halloween + American BBQ!<\/p>\n<p>10 a 12 de novembro<\/p>\n<p>A partir de R$ 2.384,52*<\/p>\n<ul>\n<li>DEZEMBRO<\/li>\n<\/ul>\n<p>Com Festa Mexicana!<\/p>\n<p>08 a 10 de dezembro<\/p>\n<p>A partir de R$ 2.384,52*<\/p>\n<p>*Valor de apto Village para casal com 2 crian\u00e7as at\u00e9 14 anos e pens\u00e3o completa. A programa\u00e7\u00e3o est\u00e1 sujeita a altera\u00e7\u00e3o sem aviso pr\u00e9vio.<\/p>\n<p>Confira as outras categorias dispon\u00edveis com um de nossos consultores.<\/p>\n<p>Mimo Moms:<\/p>\n<p>&#8211; Desconto na tarifa<\/p>\n<p>&#8211; 02 crian\u00e7as de at\u00e9 14 anos cortesia<\/p>\n<p>&#8211; 50% de desconto na primeira cama extra.<\/p>\n<p>&#8211; 02 drinks ou 02 Sucos<\/p>\n<p>&#8211; 02 cortesias (tirolesa, mini buggy ou 01 carga de paintball com 30 tiros)<\/p>\n<p>&#8211; 02 tipos de chopp sendo 1 Pilsen + open bar de caipirinha durante o jantar de s\u00e1bado.<\/p>\n<p>OBS.: Em pacotes com festa junina, o open bar de caipirinha ser\u00e1 substitu\u00eddo por bar de batidas t\u00edpicas.<\/p>\n<p><strong>Check-in<\/strong><\/p>\n<p>A partir das 15h.<\/p>\n<p><strong>Check-out<\/strong><\/p>\n<p>At\u00e9 \u00e0s 15h.<\/p>\n<p><strong>Alimenta\u00e7\u00e3o<\/strong><\/p>\n<p>Pens\u00e3o completa: caf\u00e9 da manh\u00e3, almo\u00e7o e jantar.<\/p>\n<p dir=\"auto\"><strong>Pagamento<\/strong><\/p>\n<p>em at\u00e9 8x (parcela m\u00ednima R$ 300,00) ou com 10% de desconto \u00e0 vista.<\/p>\n<p dir=\"auto\">**Tarifas, disponibilidades e programa\u00e7\u00f5es sujeitas a altera\u00e7\u00f5es sem aviso pr\u00e9vio.<\/p>\n<p>&nbsp;<\/p>\n<h2>Portobello Resort &amp; Safari<\/h2>\n<p><a href=\"http:\/\/clubedeviagensmoms.com.br\/homolog\/produto\/portobello-resort-safari\/\">Mangaratiba, Rio de Janeiro<\/a><\/p>\n<h5><span style=\"font-size: 12pt;\">Confira as datas dispon\u00edveis com bloqueios especiais Clube Moms:<\/span><\/h5>\n<ul>\n<li>SETEMBRO<\/li>\n<\/ul>\n<p>22 a 24 de setembro<\/p>\n<p>a partir de R$ 3.240,00*<\/p>\n<p><strong>MIMO MOMS:<\/strong><\/p>\n<p><strong>Desconto na Tarifa<\/strong><\/p>\n<p>*Valor para casal com 2 crian\u00e7as at\u00e9 12 anos cortesia em apto standard com pens\u00e3o completa.<\/p>\n<p><strong>Alimenta\u00e7\u00e3o:<\/strong><\/p>\n<p>Pens\u00e3o completa com bebidas pagas \u00e0 parte.<\/p>\n<p><strong>Pagamento:<\/strong><\/p>\n<p>Entrada de 12% e saldo em at\u00e9 3x sem juros, via link enviado pelo hotel.<\/p>\n<p>**Tarifas, disponibilidades e programa\u00e7\u00f5es sujeitas a altera\u00e7\u00f5es e esgotamento sem aviso pr\u00e9vio.<\/p>\n<h2><\/h2>\n<h2>Moms Premium 2023:<\/h2>\n<p><a href=\"http:\/\/clubedeviagensmoms.com.br\/homolog\/produto\/fazenda-suica-le-canton\/\">Fazenda Sui\u00e7a &#8211; Le Canton, Teres\u00f3polis &#8211; RJ<\/a><\/p>\n<h4>O nosso pacote EXCLUSIVO!<\/h4>\n<p>Confira datas e lotes promocionais para 2023:<\/p>\n<p>A partir de: R$2.500,00 + 12%*<\/p>\n<p>15 a 17 de setembro<\/p>\n<p>20 a 22 de outubro<\/p>\n<p>24 a 26 de novembro<\/p>\n<p>01 a 03 de dezembro<\/p>\n<p>VALOR:<\/p>\n<p>Lote 1: R$ 2.400,00 + 12%<\/p>\n<p>Lote 2: R$ 2.500,00 + 12%<\/p>\n<p>Lote 3: R$ 2.600,00 + 12%<\/p>\n<p>Valor para casal com 2 crian\u00e7as de at\u00e9 14 anos em apto luxo, **EXCETO JUNHO que ter\u00e1 acr\u00e9scimo de R$ 100,00 no valor.<\/p>\n<p>Adulto extra: R$ 900,00 + 12%<\/p>\n<p>Crian\u00e7a extra: R$ 380.00 + 12%<\/p>\n<h4>Pagamento:<\/h4>\n<p>Parcelado at\u00e9 a data da viagem + 3 meses! (Limite de 10x)<\/p>\n<h2><span style=\"font-size: 18pt;\">Hotel Fazenda Vilarejo<\/span><\/h2>\n<p><a href=\"http:\/\/clubedeviagensmoms.com.br\/homolog\/produto\/hotel-fazenda-vilarejo\/\">Conservat\u00f3ria, Valen\u00e7a &#8211; RJ<\/a><\/p>\n<h5><span style=\"font-size: 12pt;\"><strong>Confira as datas dispon\u00edveis com bloqueios especiais Clube Moms:<\/strong><\/span><\/h5>\n<p>SETEMBRO<\/p>\n<p>Datas:<\/p>\n<p>\u2022 15 a 17 &#8211; sex a dom &#8211; a partir de: R$ 3315,50<\/p>\n<p>OUTUBRO<\/p>\n<p>Datas:<\/p>\n<p>\u2022 11 a 15 &#8211; qui a dom &#8211; a partir de: R$ 5880,50<\/p>\n<p>NOVEMBRO<\/p>\n<p>Datas:<\/p>\n<p>\u2022 24 a 26 &#8211; sex a dom &#8211; a partir de: R$ 3315,50<\/p>\n<p>DEZEMBRO<\/p>\n<p>Datas:<\/p>\n<p>\u2022 15 a 17 &#8211; sex a dom &#8211; a partir de: R$ 3315,50<\/p>\n<p>Valor para casal com 2 crian\u00e7as at\u00e9 12 anos cortesia.<\/p>\n<h4>INCLUI:<\/h4>\n<p>All inclusive com todas as refei\u00e7\u00f5es e bebidas:<\/p>\n<p>cervejas, refri, suco. vinho e drinks<\/p>\n<p>Lazer: recrea\u00e7\u00e3o, campo de futebol, quadra poliesportiva coberta, quadra de t\u00eanis, v\u00f4lei de areia, piscina;<\/p>\n<p>Visita\u00e7\u00e3o \u00e0 Fazenda e ordenha, passeio no carro do boi, horta org\u00e2nica, travessia de balsa no lago, ponte do rio de cai, tot\u00f3 humano;<\/p>\n<p>Visita guiada \u00e0 Cacha\u00e7aria com degusta\u00e7\u00e3o de cacha\u00e7a, melado, licores e rapaduras;<\/p>\n<h4>PROGRAMA\u00c7\u00c3O:<\/h4>\n<p>Todos os meses s\u00e3o tem\u00e1ticos e possuem uma festa especial.<\/p>\n<h4>DICA:<\/h4>\n<p>Temos v\u00e1rias datas com a condi\u00e7\u00e3o exclusiva de 2 crian\u00e7as at\u00e9 12 anos free ou up-grade. O pacote semanal \u201cDe bem com a vida\u201d \u00e9 uma \u00f3tima op\u00e7\u00e3o para quem quer economizar. Organizamos seu grupinho de escola.<\/p>\n<p dir=\"auto\"><strong>C<\/strong><strong>orra,\u00a0<a href=\"https:\/\/wa.me\/552120420717\" target=\"_blank\" rel=\"noopener noreferrer\">entre em contato com a nossa equipe e garanta sua vaga!<\/a><\/strong><\/p>\n<p dir=\"auto\">Ent\u00e3o, j\u00e1 acompanha o Clube Moms nas redes sociais?<\/p>\n<p dir=\"auto\">Venha conferir o nosso\u00a0<a href=\"https:\/\/www.instagram.com\/clubedeviagensmoms\/\">Instagram\u00a0<\/a>com muitas dicas de viagem.<\/p>\n<p dir=\"auto\">Al\u00e9m disso, curta a nossa\u00a0<a href=\"https:\/\/www.facebook.com\/ClubeDeViagensMoms\/?hc_ref=ARREVFAUN6kemqQPikWPR6yOVqfolWuZ4Gm2u6EX4fJ2-jyHER8eDB5si8DvGkabbOE&amp;fref=nf&amp;__xts__[0]=68.ARAXJqd_Jm68dG9qh_a7A_hAS8hHGdRg1Cq8Je9my1EPnGBRo26TI37xs6IY6NhynKSzyIDhPcBRqvr6Nzuwi7g2W4UPO84T0-vU7mWKXia_C51FzzqVsE3HthHbuQetTo9gapY&amp;__tn__=kC-R\">p\u00e1gina do Facebook\u00a0\u00a0<\/a>e participe do nosso\u00a0<a href=\"https:\/\/www.facebook.com\/groups\/clubedeviagensmoms\/\">grupo do Facebook<\/a>\u00a0para saber sobre mais ofertas especiais.<\/p>\n<p dir=\"auto\">Caso queria conferir outras oportunidades, clique\u00a0<a href=\"http:\/\/clubedeviagensmoms.com.br\/homolog\/vamos-viajar\/hoteis\/\" target=\"_blank\" rel=\"noopener noreferrer\">aqui<\/a>\u00a0e verifique a nossa lista de hot\u00e9is parceiros.<\/p>\n","protected":false},"excerpt":{"rendered":"<p>Os bloqueios Clube Moms, s\u00e3o datas espec\u00edficas reservadas para que nossos clientes tenham as melhores condi\u00e7\u00f5es garantidas em nossos hot\u00e9is mais procurados!<\/p>\n","protected":false},"featured_media":4167,"comment_status":"closed","ping_status":"closed","template":"","meta":[],"product_cat":[20],"product_tag":[167,293,27,28,30,31,368,32,158,217,36,168,263],"class_list":["post-3966","product","type-product","status-publish","has-post-thumbnail","hentry","product_cat-ofertas-especiais","product_tag-club-med","product_tag-club-med-rio-das-pedras","product_tag-clube-de-viagens-moms","product_tag-clube-moms","product_tag-diversao","product_tag-diversao-em-familia","product_tag-fazenda-ribeirao","product_tag-ferias","product_tag-hotel-fazenda","product_tag-portobello","product_tag-resort","product_tag-rio-das-pedras","product_tag-vilarejo"],"acf":[],"yoast_head":"<!-- This site is optimized with the Yoast SEO Premium plugin v16.0.2 (Yoast SEO v21.2) - https:\/\/yoast.com\/wordpress\/plugins\/seo\/ -->\n<title>Bloqueios Clube Moms 2023 - Clube Moms<\/title>\n<meta name=\"description\" content=\"Os bloqueios Clube Moms 2023, s\u00e3o datas espec\u00edficas reservadas para que nossos clientes tenham as melhores condi\u00e7\u00f5es nos hot\u00e9is mais procurados!\" \/>\n<meta name=\"robots\" content=\"index, follow, max-snippet:-1, max-image-preview:large, max-video-preview:-1\" \/>\n<link rel=\"canonical\" href=\"https:\/\/clubedeviagensmoms.com.br\/homolog\/produto\/bloqueios-clube-moms-2023\/\" \/>\n<meta property=\"og:locale\" content=\"pt_BR\" \/>\n<meta property=\"og:type\" content=\"article\" \/>\n<meta property=\"og:title\" content=\"Bloqueios Clube Moms 2023 - Clube Moms\" \/>\n<meta property=\"og:description\" content=\"Datas espec\u00edficas e reservadas para que nossos clientes tenham as melhores condi\u00e7\u00f5es!\" \/>\n<meta property=\"og:url\" content=\"https:\/\/clubedeviagensmoms.com.br\/homolog\/produto\/bloqueios-clube-moms-2023\/\" \/>\n<meta property=\"og:site_name\" content=\"Clube Moms\" \/>\n<meta property=\"article:modified_time\" content=\"2023-09-12T17:52:45+00:00\" \/>\n<meta name=\"twitter:card\" content=\"summary_large_image\" \/>\n<meta name=\"twitter:description\" content=\"Os bloqueios Clube Moms, s\u00e3o datas espec\u00edficas reservadas para que nossos clientes tenham as melhores condi\u00e7\u00f5es!\" \/>\n<meta name=\"twitter:label1\" content=\"Est. tempo de leitura\" \/>\n\t<meta name=\"twitter:data1\" content=\"4 minutos\" \/>\n<script type=\"application\/ld+json\" class=\"yoast-schema-graph\">{\"@context\":\"https:\/\/schema.org\",\"@graph\":[{\"@type\":\"WebPage\",\"@id\":\"https:\/\/clubedeviagensmoms.com.br\/homolog\/produto\/bloqueios-clube-moms-2023\/\",\"url\":\"https:\/\/clubedeviagensmoms.com.br\/homolog\/produto\/bloqueios-clube-moms-2023\/\",\"name\":\"Bloqueios Clube Moms 2023 - Clube Moms\",\"isPartOf\":{\"@id\":\"https:\/\/clubedeviagensmoms.com.br\/homolog\/#website\"},\"datePublished\":\"2021-10-29T22:54:26+00:00\",\"dateModified\":\"2023-09-12T17:52:45+00:00\",\"description\":\"Os bloqueios Clube Moms 2023, s\u00e3o datas espec\u00edficas reservadas para que nossos clientes tenham as melhores condi\u00e7\u00f5es nos hot\u00e9is mais procurados!\",\"breadcrumb\":{\"@id\":\"https:\/\/clubedeviagensmoms.com.br\/homolog\/produto\/bloqueios-clube-moms-2023\/#breadcrumb\"},\"inLanguage\":\"pt-BR\",\"potentialAction\":[{\"@type\":\"ReadAction\",\"target\":[\"https:\/\/clubedeviagensmoms.com.br\/homolog\/produto\/bloqueios-clube-moms-2023\/\"]}]},{\"@type\":\"BreadcrumbList\",\"@id\":\"https:\/\/clubedeviagensmoms.com.br\/homolog\/produto\/bloqueios-clube-moms-2023\/#breadcrumb\",\"itemListElement\":[{\"@type\":\"ListItem\",\"position\":1,\"name\":\"Home\",\"item\":\"https:\/\/clubedeviagensmoms.com.br\/homolog\/\"},{\"@type\":\"ListItem\",\"position\":2,\"name\":\"Vamos Viajar\",\"item\":\"https:\/\/clubedeviagensmoms.com.br\/homolog\/shop\/\"},{\"@type\":\"ListItem\",\"position\":3,\"name\":\"Bloqueios Clube Moms 2023\"}]},{\"@type\":\"WebSite\",\"@id\":\"https:\/\/clubedeviagensmoms.com.br\/homolog\/#website\",\"url\":\"https:\/\/clubedeviagensmoms.com.br\/homolog\/\",\"name\":\"Clube Moms\",\"description\":\"O Clube Moms \u00e9 uma ag\u00eancia de turismo com foco em fam\u00edlias com crian\u00e7as, que uno os conceitos de Consultoria Especializada e Clube de Vantagens.\",\"potentialAction\":[{\"@type\":\"SearchAction\",\"target\":{\"@type\":\"EntryPoint\",\"urlTemplate\":\"https:\/\/clubedeviagensmoms.com.br\/homolog\/?s={search_term_string}\"},\"query-input\":\"required name=search_term_string\"}],\"inLanguage\":\"pt-BR\"}]}<\/script>\n<!-- \/ Yoast SEO Premium plugin. -->","yoast_head_json":{"title":"Bloqueios Clube Moms 2023 - Clube Moms","description":"Os bloqueios Clube Moms 2023, s\u00e3o datas espec\u00edficas reservadas para que nossos clientes tenham as melhores condi\u00e7\u00f5es nos hot\u00e9is mais procurados!","robots":{"index":"index","follow":"follow","max-snippet":"max-snippet:-1","max-image-preview":"max-image-preview:large","max-video-preview":"max-video-preview:-1"},"canonical":"https:\/\/clubedeviagensmoms.com.br\/homolog\/produto\/bloqueios-clube-moms-2023\/","og_locale":"pt_BR","og_type":"article","og_title":"Bloqueios Clube Moms 2023 - Clube Moms","og_description":"Datas espec\u00edficas e reservadas para que nossos clientes tenham as melhores condi\u00e7\u00f5es!","og_url":"https:\/\/clubedeviagensmoms.com.br\/homolog\/produto\/bloqueios-clube-moms-2023\/","og_site_name":"Clube Moms","article_modified_time":"2023-09-12T17:52:45+00:00","twitter_card":"summary_large_image","twitter_description":"Os bloqueios Clube Moms, s\u00e3o datas espec\u00edficas reservadas para que nossos clientes tenham as melhores condi\u00e7\u00f5es!","twitter_misc":{"Est. tempo de leitura":"4 minutos"},"schema":{"@context":"https:\/\/schema.org","@graph":[{"@type":"WebPage","@id":"https:\/\/clubedeviagensmoms.com.br\/homolog\/produto\/bloqueios-clube-moms-2023\/","url":"https:\/\/clubedeviagensmoms.com.br\/homolog\/produto\/bloqueios-clube-moms-2023\/","name":"Bloqueios Clube Moms 2023 - Clube Moms","isPartOf":{"@id":"https:\/\/clubedeviagensmoms.com.br\/homolog\/#website"},"datePublished":"2021-10-29T22:54:26+00:00","dateModified":"2023-09-12T17:52:45+00:00","description":"Os bloqueios Clube Moms 2023, s\u00e3o datas espec\u00edficas reservadas para que nossos clientes tenham as melhores condi\u00e7\u00f5es nos hot\u00e9is mais procurados!","breadcrumb":{"@id":"https:\/\/clubedeviagensmoms.com.br\/homolog\/produto\/bloqueios-clube-moms-2023\/#breadcrumb"},"inLanguage":"pt-BR","potentialAction":[{"@type":"ReadAction","target":["https:\/\/clubedeviagensmoms.com.br\/homolog\/produto\/bloqueios-clube-moms-2023\/"]}]},{"@type":"BreadcrumbList","@id":"https:\/\/clubedeviagensmoms.com.br\/homolog\/produto\/bloqueios-clube-moms-2023\/#breadcrumb","itemListElement":[{"@type":"ListItem","position":1,"name":"Home","item":"https:\/\/clubedeviagensmoms.com.br\/homolog\/"},{"@type":"ListItem","position":2,"name":"Vamos Viajar","item":"https:\/\/clubedeviagensmoms.com.br\/homolog\/shop\/"},{"@type":"ListItem","position":3,"name":"Bloqueios Clube Moms 2023"}]},{"@type":"WebSite","@id":"https:\/\/clubedeviagensmoms.com.br\/homolog\/#website","url":"https:\/\/clubedeviagensmoms.com.br\/homolog\/","name":"Clube Moms","description":"O Clube Moms \u00e9 uma ag\u00eancia de turismo com foco em fam\u00edlias com crian\u00e7as, que uno os conceitos de Consultoria Especializada e Clube de Vantagens.","potentialAction":[{"@type":"SearchAction","target":{"@type":"EntryPoint","urlTemplate":"https:\/\/clubedeviagensmoms.com.br\/homolog\/?s={search_term_string}"},"query-input":"required name=search_term_string"}],"inLanguage":"pt-BR"}]}},"_links":{"self":[{"href":"https:\/\/clubedeviagensmoms.com.br\/homolog\/wp-json\/wp\/v2\/product\/3966","targetHints":{"allow":["GET"]}}],"collection":[{"href":"https:\/\/clubedeviagensmoms.com.br\/homolog\/wp-json\/wp\/v2\/product"}],"about":[{"href":"https:\/\/clubedeviagensmoms.com.br\/homolog\/wp-json\/wp\/v2\/types\/product"}],"replies":[{"embeddable":true,"href":"https:\/\/clubedeviagensmoms.com.br\/homolog\/wp-json\/wp\/v2\/comments?post=3966"}],"wp:featuredmedia":[{"embeddable":true,"href":"https:\/\/clubedeviagensmoms.com.br\/homolog\/wp-json\/wp\/v2\/media\/4167"}],"wp:attachment":[{"href":"https:\/\/clubedeviagensmoms.com.br\/homolog\/wp-json\/wp\/v2\/media?parent=3966"}],"wp:term":[{"taxonomy":"product_cat","embeddable":true,"href":"https:\/\/clubedeviagensmoms.com.br\/homolog\/wp-json\/wp\/v2\/product_cat?post=3966"},{"taxonomy":"product_tag","embeddable":true,"href":"https:\/\/clubedeviagensmoms.com.br\/homolog\/wp-json\/wp\/v2\/product_tag?post=3966"}],"curies":[{"name":"wp","href":"https:\/\/api.w.org\/{rel}","templated":true}]}}