{"id":3986,"date":"2021-10-29T19:55:20","date_gmt":"2021-10-29T22:55:20","guid":{"rendered":"http:\/\/clubedeviagensmoms.com.br\/homolog\/taober_wp\/?post_type=product&#038;p=3986"},"modified":"2023-08-30T12:25:07","modified_gmt":"2023-08-30T15:25:07","slug":"blue-tree-thermas-de-lins","status":"publish","type":"product","link":"https:\/\/clubedeviagensmoms.com.br\/homolog\/produto\/blue-tree-thermas-de-lins\/","title":{"rendered":"Blue Tree Thermas de Lins"},"content":{"rendered":"<p>O Blue Tree Thermas de Lins \u00e9 um verdadeiro o\u00e1sis de divers\u00e3o e tranquilidade, localizado na cidade de Lins, a 430 km da capital paulista. Mesmo com uma capacidade de 188 apartamentos, 2.8 mil metros quadrados de piscinas e ampla \u00e1rea verde, quem se hospeda no Blue Tree Thermas de Lins tem a sensa\u00e7\u00e3o de que est\u00e1 em uma \u00e1rea exclusiva, seja por causa do atendimento atencioso e personalizado, pela tranquilidade, ou mesmo pela grande variedade de servi\u00e7os.<\/p>\n<h5><strong>Lins<\/strong><\/h5>\n<p>O munic\u00edpio de Lins est\u00e1 localizado na regi\u00e3o centro-oeste do estado de S\u00e3o Paulo, com f\u00e1cil acesso pela rodovia Marechal Rondon. O clima \u00e9 predominantemente quente e agrad\u00e1vel, perfeito para aproveitar nosso complexo aqu\u00e1tico ao m\u00e1ximo.<\/p>\n<h5><strong>\u00c1guas Termais<\/strong><\/h5>\n<p>As \u00e1guas termais s\u00e3o uma das maiores atra\u00e7\u00f5es do Thermas de Lins. Vindas diretamente do Aqu\u00edfero Guarani, elas abastecem grande parte das piscinas do resort e oferecem propriedades terap\u00eauticas ben\u00e9ficas para a sa\u00fade e bem-estar.<\/p>\n<p>S\u00e3o 180 mil litros de vaz\u00e3o por hora, de uma \u00e1gua mineral alcalina-bicarbonatada, naturalmente quente (38\u00b0C), que confere \u00e0 pele uma agrad\u00e1vel sensa\u00e7\u00e3o aveludada. Ideal para o al\u00edvio do estresse, rejuvenescimento e aux\u00edlio no tratamento de muitos desequil\u00edbrios do organismo.<\/p>\n<p>O resort possui um \u00f3tima estrutura, tranquilidade e divers\u00e3o, sendo ideal para lazer, com a fam\u00edlia toda. Al\u00e9m disso, possui os melhores quartos, servi\u00e7os e o cen\u00e1rio mais rom\u00e2ntico para casais passarem a lua de mel ou simplesmente curtirem alguns dias especiais.<\/p>\n<p>Ainda, oferecem uma estrutura completa, pensada para os mais idosos. Sendo assim, as piscinas, al\u00e9m de termais, s\u00e3o ideais para a pr\u00e1tica do termalismo. Por fim, o lugar une perfeitamente conforto a uma estrutura \u00fanica de espa\u00e7os e salas. Assim, \u00e9 ideal para a realiza\u00e7\u00e3o de eventos e conven\u00e7\u00f5es para empresas.<\/p>\n<p>Venha desfrutar do Blue Tree Thermas em Lins! Voc\u00ea n\u00e3o vai se arrepender!<\/p>\n<p>Se voc\u00ea ainda n\u00e3o conhece nossas redes sociais, vem dar uma conferida no nosso <a href=\"https:\/\/www.instagram.com\/clubedeviagensmoms\/\" target=\"_blank\" rel=\"noopener noreferrer\">Instagram<\/a> e tamb\u00e9m na nossa <a href=\"https:\/\/www.facebook.com\/ClubeDeViagensMoms\/?hc_ref=ARREVFAUN6kemqQPikWPR6yOVqfolWuZ4Gm2u6EX4fJ2-jyHER8eDB5si8DvGkabbOE&amp;fref=nf&amp;__xts__[0]=68.ARAXJqd_Jm68dG9qh_a7A_hAS8hHGdRg1Cq8Je9my1EPnGBRo26TI37xs6IY6NhynKSzyIDhPcBRqvr6Nzuwi7g2W4UPO84T0-vU7mWKXia_C51FzzqVsE3HthHbuQetTo9gapY&amp;__tn__=kC-R\" target=\"_blank\" rel=\"noopener noreferrer\">p\u00e1gina do Facebook<\/a>! Ainda, temos um <a href=\"https:\/\/www.facebook.com\/groups\/clubedeviagensmoms\/\" target=\"_blank\" rel=\"noopener noreferrer\">grupo do Facebook<\/a>, ent\u00e3o, venha fazer parte!<\/p>\n<p>E se voc\u00ea quiser conferir nossos outros hot\u00e9is parceiros, clique <a href=\"http:\/\/clubedeviagensmoms.com.br\/homolog\/vamos-viajar\/hoteis\/\" target=\"_blank\" rel=\"noopener noreferrer\">aqui<\/a>!<\/p>\n","protected":false},"excerpt":{"rendered":"<p>O Blue Tree Thermas de Lins \u00e9 um verdadeiro o\u00e1sis de divers\u00e3o e tranquilidade, localizado na cidade de Lins, a 430 km da capital paulista.<\/p>\n","protected":false},"featured_media":207,"comment_status":"closed","ping_status":"closed","template":"","meta":[],"product_cat":[21],"product_tag":[57,27,28,29,31,58,39,59],"class_list":["post-3986","product","type-product","status-publish","has-post-thumbnail","hentry","product_cat-hoteis","product_tag-blue-thermas","product_tag-clube-de-viagens-moms","product_tag-clube-moms","product_tag-criancas","product_tag-diversao-em-familia","product_tag-sao-paulo","product_tag-viagem-com-criancas","product_tag-viagem-em-familia-nao","pa_destino-lins","pa_destino-sao-paulo","pa_estrutura-lazer-arvorismo","pa_estrutura-lazer-copa-baby","pa_estrutura-lazer-estacionamento","pa_estrutura-lazer-lavanderia","pa_estrutura-lazer-pedalinho","pa_estrutura-lazer-piscina","pa_estrutura-lazer-tirolesa","pa_regime-de-alimentacao-fap","pa_regime-de-alimentacao-pensao-completa"],"acf":[],"yoast_head":"<!-- This site is optimized with the Yoast SEO Premium plugin v16.0.2 (Yoast SEO v21.2) - https:\/\/yoast.com\/wordpress\/plugins\/seo\/ -->\n<title>Blue Tree Thermas de Lins - Clube Moms<\/title>\n<meta name=\"description\" content=\"O Blue Tree Thermas de Lins \u00e9 um verdadeiro o\u00e1sis de divers\u00e3o e tranquilidade, localizado na cidade de Lins, a 430 km da capital paulista.\" \/>\n<meta name=\"robots\" content=\"index, follow, max-snippet:-1, max-image-preview:large, max-video-preview:-1\" \/>\n<link rel=\"canonical\" href=\"https:\/\/clubedeviagensmoms.com.br\/homolog\/produto\/blue-tree-thermas-de-lins\/\" \/>\n<meta property=\"og:locale\" content=\"pt_BR\" \/>\n<meta property=\"og:type\" content=\"article\" \/>\n<meta property=\"og:title\" content=\"Blue Tree Thermas de Lins - Clube Moms\" \/>\n<meta property=\"og:description\" content=\"O Blue Tree Thermas de Lins \u00e9 um verdadeiro o\u00e1sis de divers\u00e3o e tranquilidade, localizado na cidade de Lins, a 430 km da capital paulista.\" \/>\n<meta property=\"og:url\" content=\"https:\/\/clubedeviagensmoms.com.br\/homolog\/produto\/blue-tree-thermas-de-lins\/\" \/>\n<meta property=\"og:site_name\" content=\"Clube Moms\" \/>\n<meta property=\"article:modified_time\" content=\"2023-08-30T15:25:07+00:00\" \/>\n<meta name=\"twitter:card\" content=\"summary_large_image\" \/>\n<meta name=\"twitter:image\" content=\"https:\/\/clubedeviagensmoms.com.br\/homolog\/wp-content\/uploads\/2021\/09\/blue-tree-thermas-lins-area-da-piscina-1024x536-1.jpg\" \/>\n<meta name=\"twitter:label1\" content=\"Est. tempo de leitura\" \/>\n\t<meta name=\"twitter:data1\" content=\"2 minutos\" \/>\n<script type=\"application\/ld+json\" class=\"yoast-schema-graph\">{\"@context\":\"https:\/\/schema.org\",\"@graph\":[{\"@type\":\"WebPage\",\"@id\":\"https:\/\/clubedeviagensmoms.com.br\/homolog\/produto\/blue-tree-thermas-de-lins\/\",\"url\":\"https:\/\/clubedeviagensmoms.com.br\/homolog\/produto\/blue-tree-thermas-de-lins\/\",\"name\":\"Blue Tree Thermas de Lins - Clube Moms\",\"isPartOf\":{\"@id\":\"https:\/\/clubedeviagensmoms.com.br\/homolog\/#website\"},\"datePublished\":\"2021-10-29T22:55:20+00:00\",\"dateModified\":\"2023-08-30T15:25:07+00:00\",\"description\":\"O Blue Tree Thermas de Lins \u00e9 um verdadeiro o\u00e1sis de divers\u00e3o e tranquilidade, localizado na cidade de Lins, a 430 km da capital paulista.\",\"breadcrumb\":{\"@id\":\"https:\/\/clubedeviagensmoms.com.br\/homolog\/produto\/blue-tree-thermas-de-lins\/#breadcrumb\"},\"inLanguage\":\"pt-BR\",\"potentialAction\":[{\"@type\":\"ReadAction\",\"target\":[\"https:\/\/clubedeviagensmoms.com.br\/homolog\/produto\/blue-tree-thermas-de-lins\/\"]}]},{\"@type\":\"BreadcrumbList\",\"@id\":\"https:\/\/clubedeviagensmoms.com.br\/homolog\/produto\/blue-tree-thermas-de-lins\/#breadcrumb\",\"itemListElement\":[{\"@type\":\"ListItem\",\"position\":1,\"name\":\"Home\",\"item\":\"https:\/\/clubedeviagensmoms.com.br\/homolog\/\"},{\"@type\":\"ListItem\",\"position\":2,\"name\":\"Vamos Viajar\",\"item\":\"https:\/\/clubedeviagensmoms.com.br\/homolog\/shop\/\"},{\"@type\":\"ListItem\",\"position\":3,\"name\":\"Blue Tree Thermas de Lins\"}]},{\"@type\":\"WebSite\",\"@id\":\"https:\/\/clubedeviagensmoms.com.br\/homolog\/#website\",\"url\":\"https:\/\/clubedeviagensmoms.com.br\/homolog\/\",\"name\":\"Clube Moms\",\"description\":\"O Clube Moms \u00e9 uma ag\u00eancia de turismo com foco em fam\u00edlias com crian\u00e7as, que uno os conceitos de Consultoria Especializada e Clube de Vantagens.\",\"potentialAction\":[{\"@type\":\"SearchAction\",\"target\":{\"@type\":\"EntryPoint\",\"urlTemplate\":\"https:\/\/clubedeviagensmoms.com.br\/homolog\/?s={search_term_string}\"},\"query-input\":\"required name=search_term_string\"}],\"inLanguage\":\"pt-BR\"}]}<\/script>\n<!-- \/ Yoast SEO Premium plugin. -->","yoast_head_json":{"title":"Blue Tree Thermas de Lins - Clube Moms","description":"O Blue Tree Thermas de Lins \u00e9 um verdadeiro o\u00e1sis de divers\u00e3o e tranquilidade, localizado na cidade de Lins, a 430 km da capital paulista.","robots":{"index":"index","follow":"follow","max-snippet":"max-snippet:-1","max-image-preview":"max-image-preview:large","max-video-preview":"max-video-preview:-1"},"canonical":"https:\/\/clubedeviagensmoms.com.br\/homolog\/produto\/blue-tree-thermas-de-lins\/","og_locale":"pt_BR","og_type":"article","og_title":"Blue Tree Thermas de Lins - Clube Moms","og_description":"O Blue Tree Thermas de Lins \u00e9 um verdadeiro o\u00e1sis de divers\u00e3o e tranquilidade, localizado na cidade de Lins, a 430 km da capital paulista.","og_url":"https:\/\/clubedeviagensmoms.com.br\/homolog\/produto\/blue-tree-thermas-de-lins\/","og_site_name":"Clube Moms","article_modified_time":"2023-08-30T15:25:07+00:00","twitter_card":"summary_large_image","twitter_image":"https:\/\/clubedeviagensmoms.com.br\/homolog\/wp-content\/uploads\/2021\/09\/blue-tree-thermas-lins-area-da-piscina-1024x536-1.jpg","twitter_misc":{"Est. tempo de leitura":"2 minutos"},"schema":{"@context":"https:\/\/schema.org","@graph":[{"@type":"WebPage","@id":"https:\/\/clubedeviagensmoms.com.br\/homolog\/produto\/blue-tree-thermas-de-lins\/","url":"https:\/\/clubedeviagensmoms.com.br\/homolog\/produto\/blue-tree-thermas-de-lins\/","name":"Blue Tree Thermas de Lins - Clube Moms","isPartOf":{"@id":"https:\/\/clubedeviagensmoms.com.br\/homolog\/#website"},"datePublished":"2021-10-29T22:55:20+00:00","dateModified":"2023-08-30T15:25:07+00:00","description":"O Blue Tree Thermas de Lins \u00e9 um verdadeiro o\u00e1sis de divers\u00e3o e tranquilidade, localizado na cidade de Lins, a 430 km da capital paulista.","breadcrumb":{"@id":"https:\/\/clubedeviagensmoms.com.br\/homolog\/produto\/blue-tree-thermas-de-lins\/#breadcrumb"},"inLanguage":"pt-BR","potentialAction":[{"@type":"ReadAction","target":["https:\/\/clubedeviagensmoms.com.br\/homolog\/produto\/blue-tree-thermas-de-lins\/"]}]},{"@type":"BreadcrumbList","@id":"https:\/\/clubedeviagensmoms.com.br\/homolog\/produto\/blue-tree-thermas-de-lins\/#breadcrumb","itemListElement":[{"@type":"ListItem","position":1,"name":"Home","item":"https:\/\/clubedeviagensmoms.com.br\/homolog\/"},{"@type":"ListItem","position":2,"name":"Vamos Viajar","item":"https:\/\/clubedeviagensmoms.com.br\/homolog\/shop\/"},{"@type":"ListItem","position":3,"name":"Blue Tree Thermas de Lins"}]},{"@type":"WebSite","@id":"https:\/\/clubedeviagensmoms.com.br\/homolog\/#website","url":"https:\/\/clubedeviagensmoms.com.br\/homolog\/","name":"Clube Moms","description":"O Clube Moms \u00e9 uma ag\u00eancia de turismo com foco em fam\u00edlias com crian\u00e7as, que uno os conceitos de Consultoria Especializada e Clube de Vantagens.","potentialAction":[{"@type":"SearchAction","target":{"@type":"EntryPoint","urlTemplate":"https:\/\/clubedeviagensmoms.com.br\/homolog\/?s={search_term_string}"},"query-input":"required name=search_term_string"}],"inLanguage":"pt-BR"}]}},"_links":{"self":[{"href":"https:\/\/clubedeviagensmoms.com.br\/homolog\/wp-json\/wp\/v2\/product\/3986","targetHints":{"allow":["GET"]}}],"collection":[{"href":"https:\/\/clubedeviagensmoms.com.br\/homolog\/wp-json\/wp\/v2\/product"}],"about":[{"href":"https:\/\/clubedeviagensmoms.com.br\/homolog\/wp-json\/wp\/v2\/types\/product"}],"replies":[{"embeddable":true,"href":"https:\/\/clubedeviagensmoms.com.br\/homolog\/wp-json\/wp\/v2\/comments?post=3986"}],"wp:featuredmedia":[{"embeddable":true,"href":"https:\/\/clubedeviagensmoms.com.br\/homolog\/wp-json\/wp\/v2\/media\/207"}],"wp:attachment":[{"href":"https:\/\/clubedeviagensmoms.com.br\/homolog\/wp-json\/wp\/v2\/media?parent=3986"}],"wp:term":[{"taxonomy":"product_cat","embeddable":true,"href":"https:\/\/clubedeviagensmoms.com.br\/homolog\/wp-json\/wp\/v2\/product_cat?post=3986"},{"taxonomy":"product_tag","embeddable":true,"href":"https:\/\/clubedeviagensmoms.com.br\/homolog\/wp-json\/wp\/v2\/product_tag?post=3986"}],"curies":[{"name":"wp","href":"https:\/\/api.w.org\/{rel}","templated":true}]}}