{"id":3987,"date":"2021-10-29T19:55:21","date_gmt":"2021-10-29T22:55:21","guid":{"rendered":"http:\/\/clubedeviagensmoms.com.br\/homolog\/taober_wp\/?post_type=product&#038;p=3987"},"modified":"2023-08-30T12:25:07","modified_gmt":"2023-08-30T15:25:07","slug":"bomtempo-resort","status":"publish","type":"product","link":"https:\/\/clubedeviagensmoms.com.br\/homolog\/produto\/bomtempo-resort\/","title":{"rendered":"Bomtempo Resort"},"content":{"rendered":"<p>O Bomtempo Resort, localizado em Petr\u00f3polis, no distrito de Itaipava, regi\u00e3o serrana do Rio de Janeiro, re\u00fane o charme da serra com os melhores servi\u00e7os de gastronomia e lazer da regi\u00e3o. Desde 2001, recebe h\u00f3spedes dos mais diversos lugares em busca de experi\u00eancias inesquec\u00edveis de lazer e intera\u00e7\u00e3o em meio \u00e0 natureza.<\/p>\n<p>Os chal\u00e9s s\u00e3o equipados com lareiras para aquecer o frio das noites na serra e banheiras de hidromassagem para casal. S\u00e3o 12 chal\u00e9s e 22 su\u00edtes com sistema de calefa\u00e7\u00e3o, TV\u00b4s de tela plana, colch\u00f5es novinhos e confort\u00e1veis e frigobar.<\/p>\n<p>Eleito pelo Guia 4 Rodas como um dos melhores resorts para crian\u00e7as, ele se destaca pela programa\u00e7\u00e3o e servi\u00e7os voltados para a crian\u00e7ada, o que o transforma em lugar seguro e ideal para f\u00e9rias em fam\u00edlia.<\/p>\n<p>Enquanto voc\u00ea relaxa, elas se divertem monitoradas por nossas recreadoras capacitadas especialmente para isso.<\/p>\n<p>&nbsp;<\/p>\n<h4>Sustentabilidade<\/h4>\n<p>Com responsabilidade ambiental e compromisso com nosso planeta, o Bomtempo Resort adotou em 2017 o programa de Sustentabilidade desenvolvido pela Simbiose.<\/p>\n<p>Este programa tem como objetivo promover a utiliza\u00e7\u00e3o respons\u00e1vel de recursos naturais, f\u00edsicos e humanos t\u00e3o necess\u00e1rios para a exist\u00eancia do homem na Terra.<\/p>\n<p>Atrav\u00e9s de a\u00e7\u00f5es adotadas \u00e9 poss\u00edvel garantir a qualidade da \u00e1gua e do ar por exemplo e fazer com que a sua estadia fomente ainda mais este importante movimento.<\/p>\n<p>&nbsp;<\/p>\n<p>Venha desfrutar do Bomtempo Resort! Voc\u00ea n\u00e3o vai se arrepender!<\/p>\n<p>Se voc\u00ea ainda n\u00e3o conhece nossas redes sociais, vem dar uma conferida no nosso <a href=\"https:\/\/www.instagram.com\/clubedeviagensmoms\/\">Instagram<\/a> e tamb\u00e9m na nossa <a href=\"https:\/\/www.facebook.com\/ClubeDeViagensMoms\/?hc_ref=ARREVFAUN6kemqQPikWPR6yOVqfolWuZ4Gm2u6EX4fJ2-jyHER8eDB5si8DvGkabbOE&amp;fref=nf&amp;__xts__[0]=68.ARAXJqd_Jm68dG9qh_a7A_hAS8hHGdRg1Cq8Je9my1EPnGBRo26TI37xs6IY6NhynKSzyIDhPcBRqvr6Nzuwi7g2W4UPO84T0-vU7mWKXia_C51FzzqVsE3HthHbuQetTo9gapY&amp;__tn__=kC-R\">p\u00e1gina do Facebook<\/a>! Ainda, temos um <a href=\"https:\/\/www.facebook.com\/groups\/clubedeviagensmoms\/\">grupo do Facebook<\/a>, ent\u00e3o, venha fazer parte!<\/p>\n<p>E se voc\u00ea quiser conferir nossos outros hot\u00e9is parceiros, clique <a href=\"http:\/\/clubedeviagensmoms.com.br\/homolog\/vamos-viajar\/hoteis\/\" target=\"_blank\" rel=\"noopener noreferrer\">aqui<\/a>!<\/p>\n","protected":false},"excerpt":{"rendered":"<p>O Bomtempo Resort, localizado em Petr\u00f3polis, re\u00fane o charme da serra com os melhores servi\u00e7os de gastronomia e lazer da regi\u00e3o.<\/p>\n","protected":false},"featured_media":211,"comment_status":"closed","ping_status":"closed","template":"","meta":[],"product_cat":[21],"product_tag":[27,28,29,30,31,32,33,60,37,38,39,40],"class_list":["post-3987","product","type-product","status-publish","has-post-thumbnail","hentry","product_cat-hoteis","product_tag-clube-de-viagens-moms","product_tag-clube-moms","product_tag-criancas","product_tag-diversao","product_tag-diversao-em-familia","product_tag-ferias","product_tag-ferias-em-familia","product_tag-petropolis","product_tag-rio-de-janeiro","product_tag-viagem","product_tag-viagem-com-criancas","product_tag-viagem-em-familia","pa_destino-petropolis","pa_destino-rio-de-janeiro","pa_estrutura-lazer-piscina","pa_estrutura-lazer-pizzaria","pa_estrutura-lazer-quadra-de-tenis","pa_estrutura-lazer-redes","pa_estrutura-lazer-restaurante","pa_regime-de-alimentacao-cafe-da-manha"],"acf":[],"yoast_head":"<!-- This site is optimized with the Yoast SEO Premium plugin v16.0.2 (Yoast SEO v21.2) - https:\/\/yoast.com\/wordpress\/plugins\/seo\/ -->\n<title>Bomtempo Resort - Clube Moms<\/title>\n<meta name=\"description\" content=\"O Bomtempo Resort, localizado em Petr\u00f3polis, re\u00fane o charme da serra com os melhores servi\u00e7os de gastronomia e lazer da regi\u00e3o.\" \/>\n<meta name=\"robots\" content=\"index, follow, max-snippet:-1, max-image-preview:large, max-video-preview:-1\" \/>\n<link rel=\"canonical\" href=\"https:\/\/clubedeviagensmoms.com.br\/homolog\/produto\/bomtempo-resort\/\" \/>\n<meta property=\"og:locale\" content=\"pt_BR\" \/>\n<meta property=\"og:type\" content=\"article\" \/>\n<meta property=\"og:title\" content=\"Bomtempo Resort - Clube Moms\" \/>\n<meta property=\"og:description\" content=\"O Bomtempo Resort, localizado em Petr\u00f3polis, re\u00fane o charme da serra com os melhores servi\u00e7os de gastronomia e lazer da regi\u00e3o.\" \/>\n<meta property=\"og:url\" content=\"https:\/\/clubedeviagensmoms.com.br\/homolog\/produto\/bomtempo-resort\/\" \/>\n<meta property=\"og:site_name\" content=\"Clube Moms\" \/>\n<meta property=\"article:modified_time\" content=\"2023-08-30T15:25:07+00:00\" \/>\n<meta property=\"og:image\" content=\"https:\/\/clubedeviagensmoms.com.br\/homolog\/wp-content\/uploads\/2021\/09\/bomtempo-resort-area-de-lazer-com-piscina.jpg\" \/>\n\t<meta property=\"og:image:width\" content=\"1200\" \/>\n\t<meta property=\"og:image:height\" content=\"628\" \/>\n\t<meta property=\"og:image:type\" content=\"image\/jpeg\" \/>\n<meta name=\"twitter:card\" content=\"summary_large_image\" \/>\n<meta name=\"twitter:label1\" content=\"Est. tempo de leitura\" \/>\n\t<meta name=\"twitter:data1\" content=\"2 minutos\" \/>\n<script type=\"application\/ld+json\" class=\"yoast-schema-graph\">{\"@context\":\"https:\/\/schema.org\",\"@graph\":[{\"@type\":\"WebPage\",\"@id\":\"https:\/\/clubedeviagensmoms.com.br\/homolog\/produto\/bomtempo-resort\/\",\"url\":\"https:\/\/clubedeviagensmoms.com.br\/homolog\/produto\/bomtempo-resort\/\",\"name\":\"Bomtempo Resort - Clube Moms\",\"isPartOf\":{\"@id\":\"https:\/\/clubedeviagensmoms.com.br\/homolog\/#website\"},\"datePublished\":\"2021-10-29T22:55:21+00:00\",\"dateModified\":\"2023-08-30T15:25:07+00:00\",\"description\":\"O Bomtempo Resort, localizado em Petr\u00f3polis, re\u00fane o charme da serra com os melhores servi\u00e7os de gastronomia e lazer da regi\u00e3o.\",\"breadcrumb\":{\"@id\":\"https:\/\/clubedeviagensmoms.com.br\/homolog\/produto\/bomtempo-resort\/#breadcrumb\"},\"inLanguage\":\"pt-BR\",\"potentialAction\":[{\"@type\":\"ReadAction\",\"target\":[\"https:\/\/clubedeviagensmoms.com.br\/homolog\/produto\/bomtempo-resort\/\"]}]},{\"@type\":\"BreadcrumbList\",\"@id\":\"https:\/\/clubedeviagensmoms.com.br\/homolog\/produto\/bomtempo-resort\/#breadcrumb\",\"itemListElement\":[{\"@type\":\"ListItem\",\"position\":1,\"name\":\"Home\",\"item\":\"https:\/\/clubedeviagensmoms.com.br\/homolog\/\"},{\"@type\":\"ListItem\",\"position\":2,\"name\":\"Vamos Viajar\",\"item\":\"https:\/\/clubedeviagensmoms.com.br\/homolog\/shop\/\"},{\"@type\":\"ListItem\",\"position\":3,\"name\":\"Bomtempo Resort\"}]},{\"@type\":\"WebSite\",\"@id\":\"https:\/\/clubedeviagensmoms.com.br\/homolog\/#website\",\"url\":\"https:\/\/clubedeviagensmoms.com.br\/homolog\/\",\"name\":\"Clube Moms\",\"description\":\"O Clube Moms \u00e9 uma ag\u00eancia de turismo com foco em fam\u00edlias com crian\u00e7as, que uno os conceitos de Consultoria Especializada e Clube de Vantagens.\",\"potentialAction\":[{\"@type\":\"SearchAction\",\"target\":{\"@type\":\"EntryPoint\",\"urlTemplate\":\"https:\/\/clubedeviagensmoms.com.br\/homolog\/?s={search_term_string}\"},\"query-input\":\"required name=search_term_string\"}],\"inLanguage\":\"pt-BR\"}]}<\/script>\n<!-- \/ Yoast SEO Premium plugin. -->","yoast_head_json":{"title":"Bomtempo Resort - Clube Moms","description":"O Bomtempo Resort, localizado em Petr\u00f3polis, re\u00fane o charme da serra com os melhores servi\u00e7os de gastronomia e lazer da regi\u00e3o.","robots":{"index":"index","follow":"follow","max-snippet":"max-snippet:-1","max-image-preview":"max-image-preview:large","max-video-preview":"max-video-preview:-1"},"canonical":"https:\/\/clubedeviagensmoms.com.br\/homolog\/produto\/bomtempo-resort\/","og_locale":"pt_BR","og_type":"article","og_title":"Bomtempo Resort - Clube Moms","og_description":"O Bomtempo Resort, localizado em Petr\u00f3polis, re\u00fane o charme da serra com os melhores servi\u00e7os de gastronomia e lazer da regi\u00e3o.","og_url":"https:\/\/clubedeviagensmoms.com.br\/homolog\/produto\/bomtempo-resort\/","og_site_name":"Clube Moms","article_modified_time":"2023-08-30T15:25:07+00:00","og_image":[{"width":1200,"height":628,"url":"https:\/\/clubedeviagensmoms.com.br\/homolog\/wp-content\/uploads\/2021\/09\/bomtempo-resort-area-de-lazer-com-piscina.jpg","type":"image\/jpeg"}],"twitter_card":"summary_large_image","twitter_misc":{"Est. tempo de leitura":"2 minutos"},"schema":{"@context":"https:\/\/schema.org","@graph":[{"@type":"WebPage","@id":"https:\/\/clubedeviagensmoms.com.br\/homolog\/produto\/bomtempo-resort\/","url":"https:\/\/clubedeviagensmoms.com.br\/homolog\/produto\/bomtempo-resort\/","name":"Bomtempo Resort - Clube Moms","isPartOf":{"@id":"https:\/\/clubedeviagensmoms.com.br\/homolog\/#website"},"datePublished":"2021-10-29T22:55:21+00:00","dateModified":"2023-08-30T15:25:07+00:00","description":"O Bomtempo Resort, localizado em Petr\u00f3polis, re\u00fane o charme da serra com os melhores servi\u00e7os de gastronomia e lazer da regi\u00e3o.","breadcrumb":{"@id":"https:\/\/clubedeviagensmoms.com.br\/homolog\/produto\/bomtempo-resort\/#breadcrumb"},"inLanguage":"pt-BR","potentialAction":[{"@type":"ReadAction","target":["https:\/\/clubedeviagensmoms.com.br\/homolog\/produto\/bomtempo-resort\/"]}]},{"@type":"BreadcrumbList","@id":"https:\/\/clubedeviagensmoms.com.br\/homolog\/produto\/bomtempo-resort\/#breadcrumb","itemListElement":[{"@type":"ListItem","position":1,"name":"Home","item":"https:\/\/clubedeviagensmoms.com.br\/homolog\/"},{"@type":"ListItem","position":2,"name":"Vamos Viajar","item":"https:\/\/clubedeviagensmoms.com.br\/homolog\/shop\/"},{"@type":"ListItem","position":3,"name":"Bomtempo Resort"}]},{"@type":"WebSite","@id":"https:\/\/clubedeviagensmoms.com.br\/homolog\/#website","url":"https:\/\/clubedeviagensmoms.com.br\/homolog\/","name":"Clube Moms","description":"O Clube Moms \u00e9 uma ag\u00eancia de turismo com foco em fam\u00edlias com crian\u00e7as, que uno os conceitos de Consultoria Especializada e Clube de Vantagens.","potentialAction":[{"@type":"SearchAction","target":{"@type":"EntryPoint","urlTemplate":"https:\/\/clubedeviagensmoms.com.br\/homolog\/?s={search_term_string}"},"query-input":"required name=search_term_string"}],"inLanguage":"pt-BR"}]}},"_links":{"self":[{"href":"https:\/\/clubedeviagensmoms.com.br\/homolog\/wp-json\/wp\/v2\/product\/3987","targetHints":{"allow":["GET"]}}],"collection":[{"href":"https:\/\/clubedeviagensmoms.com.br\/homolog\/wp-json\/wp\/v2\/product"}],"about":[{"href":"https:\/\/clubedeviagensmoms.com.br\/homolog\/wp-json\/wp\/v2\/types\/product"}],"replies":[{"embeddable":true,"href":"https:\/\/clubedeviagensmoms.com.br\/homolog\/wp-json\/wp\/v2\/comments?post=3987"}],"wp:featuredmedia":[{"embeddable":true,"href":"https:\/\/clubedeviagensmoms.com.br\/homolog\/wp-json\/wp\/v2\/media\/211"}],"wp:attachment":[{"href":"https:\/\/clubedeviagensmoms.com.br\/homolog\/wp-json\/wp\/v2\/media?parent=3987"}],"wp:term":[{"taxonomy":"product_cat","embeddable":true,"href":"https:\/\/clubedeviagensmoms.com.br\/homolog\/wp-json\/wp\/v2\/product_cat?post=3987"},{"taxonomy":"product_tag","embeddable":true,"href":"https:\/\/clubedeviagensmoms.com.br\/homolog\/wp-json\/wp\/v2\/product_tag?post=3987"}],"curies":[{"name":"wp","href":"https:\/\/api.w.org\/{rel}","templated":true}]}}