{"id":3988,"date":"2021-10-29T19:55:21","date_gmt":"2021-10-29T22:55:21","guid":{"rendered":"http:\/\/clubedeviagensmoms.com.br\/homolog\/taober_wp\/?post_type=product&#038;p=3988"},"modified":"2023-08-30T12:26:21","modified_gmt":"2023-08-30T15:26:21","slug":"zagaia-eco-resort","status":"publish","type":"product","link":"https:\/\/clubedeviagensmoms.com.br\/homolog\/produto\/zagaia-eco-resort\/","title":{"rendered":"Zagaia Eco Resort"},"content":{"rendered":"<p>Com 600 mil m\u00b2 de natureza e divers\u00e3o, o t\u00e9dio n\u00e3o \u00e9 bem-vindo no Zagaia Eco Resort! Localizado a 5 km do centro de Bonito, a propriedade est\u00e1 em \u00e1rea exclusiva, composta por alamedas, bosques, trilhas verdes e a Lagoa dos Tuiui\u00fas. Entretanto, isso \u00e9 s\u00f3 uma parcela do resort! Sua infraestrutura abriga dois bares, piscinas para adultos e crian\u00e7as, quadra de t\u00eanis, campo de futebol, sala de jogos, playground, lago para pesca esportiva, trilhas ecol\u00f3gicas, etc.<\/p>\n<p>O playground, exclusivo da crian\u00e7ada, possui recrea\u00e7\u00e3o monitorada para os pequenos acima de 5 anos de idade. E para quem quer aproveitar o tempo das \u00a0crian\u00e7as na recrea\u00e7\u00e3o, h\u00e1 uma \u00e1rea especial que disp\u00f5e de piscina aquecida, hidromassagem, sala de massagem (custo \u00e0 parte), sauna panor\u00e2mica e sala de gin\u00e1stica. Para completar, tem dois restaurantes e meia pens\u00e3o inclusa na tarifa. Tudo isso e muito mais em Bonito, no Zagaia Eco Resort!<\/p>\n<p>Por fim, espere por cen\u00e1rios bel\u00edssimos da Serra da Bodoquena, a partir da janela de sua su\u00edte ou apartamento. Todos s\u00e3o equipados com ar-condicionado, TV LCD com canais a cabo, bancada de trabalho, frigobar, telefone, cofre, secador de cabelos e gerador.<\/p>\n<p>Venha conhecer e desfrutar do Zagaia Eco Resort! Voc\u00ea n\u00e3o vai se arrepender!<\/p>\n<p>Se voc\u00ea ainda n\u00e3o conhece nossas redes sociais, vem dar uma conferida no nosso<span>\u00a0<\/span><a href=\"https:\/\/www.instagram.com\/clubedeviagensmoms\/\">Instagram<\/a><span>\u00a0<\/span>e tamb\u00e9m na nossa<span>\u00a0<\/span><a href=\"https:\/\/www.facebook.com\/ClubeDeViagensMoms\/?hc_ref=ARREVFAUN6kemqQPikWPR6yOVqfolWuZ4Gm2u6EX4fJ2-jyHER8eDB5si8DvGkabbOE&amp;fref=nf&amp;__xts__[0]=68.ARAXJqd_Jm68dG9qh_a7A_hAS8hHGdRg1Cq8Je9my1EPnGBRo26TI37xs6IY6NhynKSzyIDhPcBRqvr6Nzuwi7g2W4UPO84T0-vU7mWKXia_C51FzzqVsE3HthHbuQetTo9gapY&amp;__tn__=kC-R\">p\u00e1gina do Facebook<\/a>! Ainda, temos um<span>\u00a0<\/span><a href=\"https:\/\/www.facebook.com\/groups\/clubedeviagensmoms\/\">grupo do Facebook<\/a>, ent\u00e3o, venha fazer parte!<\/p>\n<p>E se voc\u00ea quiser conferir nossos outros hot\u00e9is parceiros, clique<span>\u00a0<\/span><a href=\"http:\/\/clubedeviagensmoms.com.br\/homolog\/vamos-viajar\/hoteis\/\" target=\"_blank\" rel=\"noopener noreferrer\">aqui<\/a>!<\/p>\n","protected":false},"excerpt":{"rendered":"<p>O conforto, as m\u00faltiplas alternativas de lazer, a infraestrutura de servi\u00e7os e at\u00e9 mesmo os espa\u00e7os para eventos est\u00e3o em harmonia com a natureza e, principalmente, com o que Voc\u00ea espera de uma viagem para Bonito.<\/p>\n","protected":false},"featured_media":1026,"comment_status":"closed","ping_status":"closed","template":"","meta":[],"product_cat":[21],"product_tag":[90,27,28,29,30,31,32,33,93,51,35,36,171,52,53,38,39,40],"class_list":["post-3988","product","type-product","status-publish","has-post-thumbnail","hentry","product_cat-hoteis","product_tag-bonito","product_tag-clube-de-viagens-moms","product_tag-clube-moms","product_tag-criancas","product_tag-diversao","product_tag-diversao-em-familia","product_tag-ferias","product_tag-ferias-em-familia","product_tag-mato-grosso-do-sul","product_tag-pescaria","product_tag-recreacao","product_tag-resort","product_tag-sauna","product_tag-spa","product_tag-trilha","product_tag-viagem","product_tag-viagem-com-criancas","product_tag-viagem-em-familia","pa_destino-mato-grosso-do-sul","pa_estrutura-lazer-academia","pa_estrutura-lazer-campo-de-futebol","pa_estrutura-lazer-centro-de-convencoes","pa_estrutura-lazer-copa-baby","pa_estrutura-lazer-estacionamento","pa_estrutura-lazer-kids-club","pa_estrutura-lazer-lago-para-pescaria","pa_estrutura-lazer-mini-golf","pa_estrutura-lazer-piscina","pa_estrutura-lazer-piscina-aquecida","pa_estrutura-lazer-quadra-de-tenis","pa_estrutura-lazer-quadra-de-volei","pa_estrutura-lazer-recreacao","pa_estrutura-lazer-restaurante-infantil","pa_estrutura-lazer-sala-de-reuniao","pa_estrutura-lazer-salao-de-jogos","pa_estrutura-lazer-sauna","pa_estrutura-lazer-spa","pa_estrutura-lazer-trilhas","pa_necessidades-especiais-acessibilidade","pa_servicos-opcionais-servico-de-babas","pa_servicos-opcionais-servico-de-massagem","pa_servicos-opcionais-servico-de-traslado","pa_tipos-de-destinos-resorts"],"acf":[],"yoast_head":"<!-- This site is optimized with the Yoast SEO Premium plugin v16.0.2 (Yoast SEO v21.2) - https:\/\/yoast.com\/wordpress\/plugins\/seo\/ -->\n<title>Zagaia Eco Resort - Clube Moms<\/title>\n<meta name=\"description\" content=\"Com 600 mil m\u00b2 de natureza e divers\u00e3o, o t\u00e9dio n\u00e3o \u00e9 bem-vindo no Zagaia Eco Resort! Venha conhec\u00ea-lo e sse surpreender com a beleza que ele abriga!\" \/>\n<meta name=\"robots\" content=\"index, follow, max-snippet:-1, max-image-preview:large, max-video-preview:-1\" \/>\n<link rel=\"canonical\" href=\"https:\/\/clubedeviagensmoms.com.br\/homolog\/produto\/zagaia-eco-resort\/\" \/>\n<meta property=\"og:locale\" content=\"pt_BR\" \/>\n<meta property=\"og:type\" content=\"article\" \/>\n<meta property=\"og:title\" content=\"Zagaia Eco Resort - Clube Moms\" \/>\n<meta property=\"og:description\" content=\"Com 600 mil m\u00b2 de natureza e divers\u00e3o, o t\u00e9dio n\u00e3o \u00e9 bem-vindo no Zagaia Eco Resort! Venha conhec\u00ea-lo e sse surpreender com a beleza que ele abriga!\" \/>\n<meta property=\"og:url\" content=\"https:\/\/clubedeviagensmoms.com.br\/homolog\/produto\/zagaia-eco-resort\/\" \/>\n<meta property=\"og:site_name\" content=\"Clube Moms\" \/>\n<meta property=\"article:modified_time\" content=\"2023-08-30T15:26:21+00:00\" \/>\n<meta property=\"og:image\" content=\"https:\/\/clubedeviagensmoms.com.br\/homolog\/wp-content\/uploads\/2021\/10\/d5aca6_7449be2820c87c63de47e6b439e936a9-1024x536-1.jpg\" \/>\n\t<meta property=\"og:image:width\" content=\"1024\" \/>\n\t<meta property=\"og:image:height\" content=\"536\" \/>\n\t<meta property=\"og:image:type\" content=\"image\/jpeg\" \/>\n<meta name=\"twitter:card\" content=\"summary_large_image\" \/>\n<meta name=\"twitter:label1\" content=\"Est. tempo de leitura\" \/>\n\t<meta name=\"twitter:data1\" content=\"1 minuto\" \/>\n<script type=\"application\/ld+json\" class=\"yoast-schema-graph\">{\"@context\":\"https:\/\/schema.org\",\"@graph\":[{\"@type\":\"WebPage\",\"@id\":\"https:\/\/clubedeviagensmoms.com.br\/homolog\/produto\/zagaia-eco-resort\/\",\"url\":\"https:\/\/clubedeviagensmoms.com.br\/homolog\/produto\/zagaia-eco-resort\/\",\"name\":\"Zagaia Eco Resort - Clube Moms\",\"isPartOf\":{\"@id\":\"https:\/\/clubedeviagensmoms.com.br\/homolog\/#website\"},\"datePublished\":\"2021-10-29T22:55:21+00:00\",\"dateModified\":\"2023-08-30T15:26:21+00:00\",\"description\":\"Com 600 mil m\u00b2 de natureza e divers\u00e3o, o t\u00e9dio n\u00e3o \u00e9 bem-vindo no Zagaia Eco Resort! Venha conhec\u00ea-lo e sse surpreender com a beleza que ele abriga!\",\"breadcrumb\":{\"@id\":\"https:\/\/clubedeviagensmoms.com.br\/homolog\/produto\/zagaia-eco-resort\/#breadcrumb\"},\"inLanguage\":\"pt-BR\",\"potentialAction\":[{\"@type\":\"ReadAction\",\"target\":[\"https:\/\/clubedeviagensmoms.com.br\/homolog\/produto\/zagaia-eco-resort\/\"]}]},{\"@type\":\"BreadcrumbList\",\"@id\":\"https:\/\/clubedeviagensmoms.com.br\/homolog\/produto\/zagaia-eco-resort\/#breadcrumb\",\"itemListElement\":[{\"@type\":\"ListItem\",\"position\":1,\"name\":\"Home\",\"item\":\"https:\/\/clubedeviagensmoms.com.br\/homolog\/\"},{\"@type\":\"ListItem\",\"position\":2,\"name\":\"Vamos Viajar\",\"item\":\"https:\/\/clubedeviagensmoms.com.br\/homolog\/shop\/\"},{\"@type\":\"ListItem\",\"position\":3,\"name\":\"Zagaia Eco Resort\"}]},{\"@type\":\"WebSite\",\"@id\":\"https:\/\/clubedeviagensmoms.com.br\/homolog\/#website\",\"url\":\"https:\/\/clubedeviagensmoms.com.br\/homolog\/\",\"name\":\"Clube Moms\",\"description\":\"O Clube Moms \u00e9 uma ag\u00eancia de turismo com foco em fam\u00edlias com crian\u00e7as, que uno os conceitos de Consultoria Especializada e Clube de Vantagens.\",\"potentialAction\":[{\"@type\":\"SearchAction\",\"target\":{\"@type\":\"EntryPoint\",\"urlTemplate\":\"https:\/\/clubedeviagensmoms.com.br\/homolog\/?s={search_term_string}\"},\"query-input\":\"required name=search_term_string\"}],\"inLanguage\":\"pt-BR\"}]}<\/script>\n<!-- \/ Yoast SEO Premium plugin. -->","yoast_head_json":{"title":"Zagaia Eco Resort - Clube Moms","description":"Com 600 mil m\u00b2 de natureza e divers\u00e3o, o t\u00e9dio n\u00e3o \u00e9 bem-vindo no Zagaia Eco Resort! Venha conhec\u00ea-lo e sse surpreender com a beleza que ele abriga!","robots":{"index":"index","follow":"follow","max-snippet":"max-snippet:-1","max-image-preview":"max-image-preview:large","max-video-preview":"max-video-preview:-1"},"canonical":"https:\/\/clubedeviagensmoms.com.br\/homolog\/produto\/zagaia-eco-resort\/","og_locale":"pt_BR","og_type":"article","og_title":"Zagaia Eco Resort - Clube Moms","og_description":"Com 600 mil m\u00b2 de natureza e divers\u00e3o, o t\u00e9dio n\u00e3o \u00e9 bem-vindo no Zagaia Eco Resort! Venha conhec\u00ea-lo e sse surpreender com a beleza que ele abriga!","og_url":"https:\/\/clubedeviagensmoms.com.br\/homolog\/produto\/zagaia-eco-resort\/","og_site_name":"Clube Moms","article_modified_time":"2023-08-30T15:26:21+00:00","og_image":[{"width":1024,"height":536,"url":"https:\/\/clubedeviagensmoms.com.br\/homolog\/wp-content\/uploads\/2021\/10\/d5aca6_7449be2820c87c63de47e6b439e936a9-1024x536-1.jpg","type":"image\/jpeg"}],"twitter_card":"summary_large_image","twitter_misc":{"Est. tempo de leitura":"1 minuto"},"schema":{"@context":"https:\/\/schema.org","@graph":[{"@type":"WebPage","@id":"https:\/\/clubedeviagensmoms.com.br\/homolog\/produto\/zagaia-eco-resort\/","url":"https:\/\/clubedeviagensmoms.com.br\/homolog\/produto\/zagaia-eco-resort\/","name":"Zagaia Eco Resort - Clube Moms","isPartOf":{"@id":"https:\/\/clubedeviagensmoms.com.br\/homolog\/#website"},"datePublished":"2021-10-29T22:55:21+00:00","dateModified":"2023-08-30T15:26:21+00:00","description":"Com 600 mil m\u00b2 de natureza e divers\u00e3o, o t\u00e9dio n\u00e3o \u00e9 bem-vindo no Zagaia Eco Resort! Venha conhec\u00ea-lo e sse surpreender com a beleza que ele abriga!","breadcrumb":{"@id":"https:\/\/clubedeviagensmoms.com.br\/homolog\/produto\/zagaia-eco-resort\/#breadcrumb"},"inLanguage":"pt-BR","potentialAction":[{"@type":"ReadAction","target":["https:\/\/clubedeviagensmoms.com.br\/homolog\/produto\/zagaia-eco-resort\/"]}]},{"@type":"BreadcrumbList","@id":"https:\/\/clubedeviagensmoms.com.br\/homolog\/produto\/zagaia-eco-resort\/#breadcrumb","itemListElement":[{"@type":"ListItem","position":1,"name":"Home","item":"https:\/\/clubedeviagensmoms.com.br\/homolog\/"},{"@type":"ListItem","position":2,"name":"Vamos Viajar","item":"https:\/\/clubedeviagensmoms.com.br\/homolog\/shop\/"},{"@type":"ListItem","position":3,"name":"Zagaia Eco Resort"}]},{"@type":"WebSite","@id":"https:\/\/clubedeviagensmoms.com.br\/homolog\/#website","url":"https:\/\/clubedeviagensmoms.com.br\/homolog\/","name":"Clube Moms","description":"O Clube Moms \u00e9 uma ag\u00eancia de turismo com foco em fam\u00edlias com crian\u00e7as, que uno os conceitos de Consultoria Especializada e Clube de Vantagens.","potentialAction":[{"@type":"SearchAction","target":{"@type":"EntryPoint","urlTemplate":"https:\/\/clubedeviagensmoms.com.br\/homolog\/?s={search_term_string}"},"query-input":"required name=search_term_string"}],"inLanguage":"pt-BR"}]}},"_links":{"self":[{"href":"https:\/\/clubedeviagensmoms.com.br\/homolog\/wp-json\/wp\/v2\/product\/3988","targetHints":{"allow":["GET"]}}],"collection":[{"href":"https:\/\/clubedeviagensmoms.com.br\/homolog\/wp-json\/wp\/v2\/product"}],"about":[{"href":"https:\/\/clubedeviagensmoms.com.br\/homolog\/wp-json\/wp\/v2\/types\/product"}],"replies":[{"embeddable":true,"href":"https:\/\/clubedeviagensmoms.com.br\/homolog\/wp-json\/wp\/v2\/comments?post=3988"}],"wp:featuredmedia":[{"embeddable":true,"href":"https:\/\/clubedeviagensmoms.com.br\/homolog\/wp-json\/wp\/v2\/media\/1026"}],"wp:attachment":[{"href":"https:\/\/clubedeviagensmoms.com.br\/homolog\/wp-json\/wp\/v2\/media?parent=3988"}],"wp:term":[{"taxonomy":"product_cat","embeddable":true,"href":"https:\/\/clubedeviagensmoms.com.br\/homolog\/wp-json\/wp\/v2\/product_cat?post=3988"},{"taxonomy":"product_tag","embeddable":true,"href":"https:\/\/clubedeviagensmoms.com.br\/homolog\/wp-json\/wp\/v2\/product_tag?post=3988"}],"curies":[{"name":"wp","href":"https:\/\/api.w.org\/{rel}","templated":true}]}}