{"id":3989,"date":"2021-10-29T19:55:21","date_gmt":"2021-10-29T22:55:21","guid":{"rendered":"http:\/\/clubedeviagensmoms.com.br\/homolog\/taober_wp\/?post_type=product&#038;p=3989"},"modified":"2023-08-30T12:26:20","modified_gmt":"2023-08-30T15:26:20","slug":"wellness-beach-park-resort","status":"publish","type":"product","link":"https:\/\/clubedeviagensmoms.com.br\/homolog\/produto\/wellness-beach-park-resort\/","title":{"rendered":"Wellness Beach Park Resort"},"content":{"rendered":"<p>Para quem vai viajar com muitas pessoas, mas n\u00e3o abre m\u00e3o do seu conforto e individualidade, o Wellness Beach Park Resort \u00e9 a melhor op\u00e7\u00e3o. Inaugurado em 2013, o Wellness une os conceitos de Resort e SPA de forma harmoniosa e eficaz. Portanto, possui uma \u00e1rea de lazer que conta com quadra poliesportiva, playground externo, tr\u00eas piscinas, hidromassagem, \u00e1rea para praticar exerc\u00edcios ao ar livre, SPA by L\u2019Occitane, salas de massagens, saunas a vapor e seca, bar molhado, red\u00e1rio, tenda zen, brinquedoteca, lobby bar tem\u00e1tico da Heineken, sal\u00e3o de jogos, fitness, baby &amp; kids e equipe de recrea\u00e7\u00e3o.<\/p>\n<h5><strong>Gastronomia oferecida pelo Wellness Beach Park Resort\u00a0<\/strong><\/h5>\n<p>Para relaxar e se refrescar, nada melhor do que o Bar Molhado. Assim, nele \u00e9 poss\u00edvel encontrar drinks ex\u00f3ticos, sorvetes, petiscos, pratos \u00e0 la carte e muito mais.<\/p>\n<p>J\u00e1 no caf\u00e9 da manh\u00e3, voc\u00ea pode se deliciar com um saboroso buffet. Al\u00e9m das del\u00edcias regionais, \u00e9 poss\u00edvel encontrar v\u00e1rios tipos de bolos e frutas. Na hora do almo\u00e7o, os h\u00f3spedes aproveitam a variedade do servi\u00e7o \u00e0 la carte e no jantar, todo mundo pode conferir os buffets tem\u00e1ticos que homenageiam sempre uma tradicional culin\u00e1ria do mundo.<\/p>\n<p>Por fim, o Lobby Bar Heineken \u00e9 o local perfeito para relaxar depois de um dia de divers\u00e3o, pois aqui voc\u00ea encontra petiscos e drinques da melhor qualidade.<\/p>\n<h5><strong>SPA localizado no Resort<\/strong><\/h5>\n<p>Vamos falar um pouco sobre o Beach Park Spa by L\u2019Occitane, pois traz todo o conceito da marca de cosm\u00e9ticos reconhecida mundialmente!<\/p>\n<p>O espa\u00e7o funciona das 11h \u00e0s 23h e, para garantir a excel\u00eancia do atendimento, os funcion\u00e1rios foram treinados pela L\u2019Occitane e todos os produtos utilizados nos clientes s\u00e3o da pr\u00f3pria marca. Portanto, o local oferece massagens relaxantes, revitalizantes e modeladoras, e tamb\u00e9m, disp\u00f5e dos tradicionais servi\u00e7os de manicure e pedicure.<\/p>\n<p>&nbsp;<\/p>\n<p>Venha conhecer e desfrutar do Wellness Beach Park Resort! Voc\u00ea n\u00e3o vai se arrepender!<\/p>\n<p>Se voc\u00ea ainda n\u00e3o conhece nossas redes sociais, vem dar uma conferida no nosso<span>\u00a0<\/span><a href=\"https:\/\/www.instagram.com\/clubedeviagensmoms\/\">Instagram<\/a><span>\u00a0<\/span>e tamb\u00e9m na nossa<span>\u00a0<\/span><a href=\"https:\/\/www.facebook.com\/ClubeDeViagensMoms\/?hc_ref=ARREVFAUN6kemqQPikWPR6yOVqfolWuZ4Gm2u6EX4fJ2-jyHER8eDB5si8DvGkabbOE&amp;fref=nf&amp;__xts__[0]=68.ARAXJqd_Jm68dG9qh_a7A_hAS8hHGdRg1Cq8Je9my1EPnGBRo26TI37xs6IY6NhynKSzyIDhPcBRqvr6Nzuwi7g2W4UPO84T0-vU7mWKXia_C51FzzqVsE3HthHbuQetTo9gapY&amp;__tn__=kC-R\">p\u00e1gina do Facebook<\/a>! Al\u00e9m disso, temos um<span>\u00a0<\/span><a href=\"https:\/\/www.facebook.com\/groups\/clubedeviagensmoms\/\">grupo do Facebook<\/a>, ent\u00e3o, venha fazer parte!<\/p>\n<p>E, por fim, se voc\u00ea quiser conferir nossos outros hot\u00e9is parceiros, clique<span>\u00a0<\/span><a href=\"http:\/\/clubedeviagensmoms.com.br\/homolog\/vamos-viajar\/hoteis\/\" target=\"_blank\" rel=\"noopener noreferrer\">aqui<\/a>!<\/p>\n","protected":false},"excerpt":{"rendered":"<p>Wellness Beach Park Resort: Para quem vai viajar com muitas pessoas, n\u00e3o abre m\u00e3o do seu conforto e individualidade, o Wellness Beach Park \u00e9 a melhor op\u00e7\u00e3o!<\/p>\n","protected":false},"featured_media":1051,"comment_status":"closed","ping_status":"closed","template":"","meta":[],"product_cat":[21],"product_tag":[26,172,27,28,29,30,31,32,33,173,174,34,35,36,38,39,40,175],"class_list":["post-3989","product","type-product","status-publish","has-post-thumbnail","hentry","product_cat-hoteis","product_tag-beach-park","product_tag-ceara","product_tag-clube-de-viagens-moms","product_tag-clube-moms","product_tag-criancas","product_tag-diversao","product_tag-diversao-em-familia","product_tag-ferias","product_tag-ferias-em-familia","product_tag-fortaleza","product_tag-hoteis-que-indicamos","product_tag-nordeste","product_tag-recreacao","product_tag-resort","product_tag-viagem","product_tag-viagem-com-criancas","product_tag-viagem-em-familia","product_tag-wellness-beach-park","pa_destino-ceara"],"acf":[],"yoast_head":"<!-- This site is optimized with the Yoast SEO Premium plugin v16.0.2 (Yoast SEO v21.2) - https:\/\/yoast.com\/wordpress\/plugins\/seo\/ -->\n<title>Wellness Beach Park Resort - Clube Moms<\/title>\n<meta name=\"description\" content=\"Wellness Beach Park Resort: Para quem vai viajar com muitas pessoas, n\u00e3o abre m\u00e3o do seu conforto e individualidade, o Wellness Beach Park \u00e9 a melhor op\u00e7\u00e3o!\" \/>\n<meta name=\"robots\" content=\"index, follow, max-snippet:-1, max-image-preview:large, max-video-preview:-1\" \/>\n<link rel=\"canonical\" href=\"https:\/\/clubedeviagensmoms.com.br\/homolog\/produto\/wellness-beach-park-resort\/\" \/>\n<meta property=\"og:locale\" content=\"pt_BR\" \/>\n<meta property=\"og:type\" content=\"article\" \/>\n<meta property=\"og:title\" content=\"Wellness Beach Park Resort - Clube Moms\" \/>\n<meta property=\"og:description\" content=\"Wellness Beach Park Resort: Para quem vai viajar com muitas pessoas, n\u00e3o abre m\u00e3o do seu conforto e individualidade, o Wellness Beach Park \u00e9 a melhor op\u00e7\u00e3o!\" \/>\n<meta property=\"og:url\" content=\"https:\/\/clubedeviagensmoms.com.br\/homolog\/produto\/wellness-beach-park-resort\/\" \/>\n<meta property=\"og:site_name\" content=\"Clube Moms\" \/>\n<meta property=\"article:modified_time\" content=\"2023-08-30T15:26:20+00:00\" \/>\n<meta property=\"og:image\" content=\"https:\/\/clubedeviagensmoms.com.br\/homolog\/wp-content\/uploads\/2021\/10\/Visao-Geral-Wellness-Beach-Park-Resort-1024x536-1.jpg\" \/>\n\t<meta property=\"og:image:width\" content=\"1024\" \/>\n\t<meta property=\"og:image:height\" content=\"536\" \/>\n\t<meta property=\"og:image:type\" content=\"image\/jpeg\" \/>\n<meta name=\"twitter:card\" content=\"summary_large_image\" \/>\n<meta name=\"twitter:label1\" content=\"Est. tempo de leitura\" \/>\n\t<meta name=\"twitter:data1\" content=\"2 minutos\" \/>\n<script type=\"application\/ld+json\" class=\"yoast-schema-graph\">{\"@context\":\"https:\/\/schema.org\",\"@graph\":[{\"@type\":\"WebPage\",\"@id\":\"https:\/\/clubedeviagensmoms.com.br\/homolog\/produto\/wellness-beach-park-resort\/\",\"url\":\"https:\/\/clubedeviagensmoms.com.br\/homolog\/produto\/wellness-beach-park-resort\/\",\"name\":\"Wellness Beach Park Resort - Clube Moms\",\"isPartOf\":{\"@id\":\"https:\/\/clubedeviagensmoms.com.br\/homolog\/#website\"},\"datePublished\":\"2021-10-29T22:55:21+00:00\",\"dateModified\":\"2023-08-30T15:26:20+00:00\",\"description\":\"Wellness Beach Park Resort: Para quem vai viajar com muitas pessoas, n\u00e3o abre m\u00e3o do seu conforto e individualidade, o Wellness Beach Park \u00e9 a melhor op\u00e7\u00e3o!\",\"breadcrumb\":{\"@id\":\"https:\/\/clubedeviagensmoms.com.br\/homolog\/produto\/wellness-beach-park-resort\/#breadcrumb\"},\"inLanguage\":\"pt-BR\",\"potentialAction\":[{\"@type\":\"ReadAction\",\"target\":[\"https:\/\/clubedeviagensmoms.com.br\/homolog\/produto\/wellness-beach-park-resort\/\"]}]},{\"@type\":\"BreadcrumbList\",\"@id\":\"https:\/\/clubedeviagensmoms.com.br\/homolog\/produto\/wellness-beach-park-resort\/#breadcrumb\",\"itemListElement\":[{\"@type\":\"ListItem\",\"position\":1,\"name\":\"Home\",\"item\":\"https:\/\/clubedeviagensmoms.com.br\/homolog\/\"},{\"@type\":\"ListItem\",\"position\":2,\"name\":\"Vamos Viajar\",\"item\":\"https:\/\/clubedeviagensmoms.com.br\/homolog\/shop\/\"},{\"@type\":\"ListItem\",\"position\":3,\"name\":\"Wellness Beach Park Resort\"}]},{\"@type\":\"WebSite\",\"@id\":\"https:\/\/clubedeviagensmoms.com.br\/homolog\/#website\",\"url\":\"https:\/\/clubedeviagensmoms.com.br\/homolog\/\",\"name\":\"Clube Moms\",\"description\":\"O Clube Moms \u00e9 uma ag\u00eancia de turismo com foco em fam\u00edlias com crian\u00e7as, que uno os conceitos de Consultoria Especializada e Clube de Vantagens.\",\"potentialAction\":[{\"@type\":\"SearchAction\",\"target\":{\"@type\":\"EntryPoint\",\"urlTemplate\":\"https:\/\/clubedeviagensmoms.com.br\/homolog\/?s={search_term_string}\"},\"query-input\":\"required name=search_term_string\"}],\"inLanguage\":\"pt-BR\"}]}<\/script>\n<!-- \/ Yoast SEO Premium plugin. -->","yoast_head_json":{"title":"Wellness Beach Park Resort - Clube Moms","description":"Wellness Beach Park Resort: Para quem vai viajar com muitas pessoas, n\u00e3o abre m\u00e3o do seu conforto e individualidade, o Wellness Beach Park \u00e9 a melhor op\u00e7\u00e3o!","robots":{"index":"index","follow":"follow","max-snippet":"max-snippet:-1","max-image-preview":"max-image-preview:large","max-video-preview":"max-video-preview:-1"},"canonical":"https:\/\/clubedeviagensmoms.com.br\/homolog\/produto\/wellness-beach-park-resort\/","og_locale":"pt_BR","og_type":"article","og_title":"Wellness Beach Park Resort - Clube Moms","og_description":"Wellness Beach Park Resort: Para quem vai viajar com muitas pessoas, n\u00e3o abre m\u00e3o do seu conforto e individualidade, o Wellness Beach Park \u00e9 a melhor op\u00e7\u00e3o!","og_url":"https:\/\/clubedeviagensmoms.com.br\/homolog\/produto\/wellness-beach-park-resort\/","og_site_name":"Clube Moms","article_modified_time":"2023-08-30T15:26:20+00:00","og_image":[{"width":1024,"height":536,"url":"https:\/\/clubedeviagensmoms.com.br\/homolog\/wp-content\/uploads\/2021\/10\/Visao-Geral-Wellness-Beach-Park-Resort-1024x536-1.jpg","type":"image\/jpeg"}],"twitter_card":"summary_large_image","twitter_misc":{"Est. tempo de leitura":"2 minutos"},"schema":{"@context":"https:\/\/schema.org","@graph":[{"@type":"WebPage","@id":"https:\/\/clubedeviagensmoms.com.br\/homolog\/produto\/wellness-beach-park-resort\/","url":"https:\/\/clubedeviagensmoms.com.br\/homolog\/produto\/wellness-beach-park-resort\/","name":"Wellness Beach Park Resort - Clube Moms","isPartOf":{"@id":"https:\/\/clubedeviagensmoms.com.br\/homolog\/#website"},"datePublished":"2021-10-29T22:55:21+00:00","dateModified":"2023-08-30T15:26:20+00:00","description":"Wellness Beach Park Resort: Para quem vai viajar com muitas pessoas, n\u00e3o abre m\u00e3o do seu conforto e individualidade, o Wellness Beach Park \u00e9 a melhor op\u00e7\u00e3o!","breadcrumb":{"@id":"https:\/\/clubedeviagensmoms.com.br\/homolog\/produto\/wellness-beach-park-resort\/#breadcrumb"},"inLanguage":"pt-BR","potentialAction":[{"@type":"ReadAction","target":["https:\/\/clubedeviagensmoms.com.br\/homolog\/produto\/wellness-beach-park-resort\/"]}]},{"@type":"BreadcrumbList","@id":"https:\/\/clubedeviagensmoms.com.br\/homolog\/produto\/wellness-beach-park-resort\/#breadcrumb","itemListElement":[{"@type":"ListItem","position":1,"name":"Home","item":"https:\/\/clubedeviagensmoms.com.br\/homolog\/"},{"@type":"ListItem","position":2,"name":"Vamos Viajar","item":"https:\/\/clubedeviagensmoms.com.br\/homolog\/shop\/"},{"@type":"ListItem","position":3,"name":"Wellness Beach Park Resort"}]},{"@type":"WebSite","@id":"https:\/\/clubedeviagensmoms.com.br\/homolog\/#website","url":"https:\/\/clubedeviagensmoms.com.br\/homolog\/","name":"Clube Moms","description":"O Clube Moms \u00e9 uma ag\u00eancia de turismo com foco em fam\u00edlias com crian\u00e7as, que uno os conceitos de Consultoria Especializada e Clube de Vantagens.","potentialAction":[{"@type":"SearchAction","target":{"@type":"EntryPoint","urlTemplate":"https:\/\/clubedeviagensmoms.com.br\/homolog\/?s={search_term_string}"},"query-input":"required name=search_term_string"}],"inLanguage":"pt-BR"}]}},"_links":{"self":[{"href":"https:\/\/clubedeviagensmoms.com.br\/homolog\/wp-json\/wp\/v2\/product\/3989","targetHints":{"allow":["GET"]}}],"collection":[{"href":"https:\/\/clubedeviagensmoms.com.br\/homolog\/wp-json\/wp\/v2\/product"}],"about":[{"href":"https:\/\/clubedeviagensmoms.com.br\/homolog\/wp-json\/wp\/v2\/types\/product"}],"replies":[{"embeddable":true,"href":"https:\/\/clubedeviagensmoms.com.br\/homolog\/wp-json\/wp\/v2\/comments?post=3989"}],"wp:featuredmedia":[{"embeddable":true,"href":"https:\/\/clubedeviagensmoms.com.br\/homolog\/wp-json\/wp\/v2\/media\/1051"}],"wp:attachment":[{"href":"https:\/\/clubedeviagensmoms.com.br\/homolog\/wp-json\/wp\/v2\/media?parent=3989"}],"wp:term":[{"taxonomy":"product_cat","embeddable":true,"href":"https:\/\/clubedeviagensmoms.com.br\/homolog\/wp-json\/wp\/v2\/product_cat?post=3989"},{"taxonomy":"product_tag","embeddable":true,"href":"https:\/\/clubedeviagensmoms.com.br\/homolog\/wp-json\/wp\/v2\/product_tag?post=3989"}],"curies":[{"name":"wp","href":"https:\/\/api.w.org\/{rel}","templated":true}]}}