{"id":3990,"date":"2021-10-29T19:55:21","date_gmt":"2021-10-29T22:55:21","guid":{"rendered":"http:\/\/clubedeviagensmoms.com.br\/homolog\/taober_wp\/?post_type=product&#038;p=3990"},"modified":"2023-08-30T12:26:18","modified_gmt":"2023-08-30T15:26:18","slug":"vila-kalango","status":"publish","type":"product","link":"https:\/\/clubedeviagensmoms.com.br\/homolog\/produto\/vila-kalango\/","title":{"rendered":"Vila Kalango"},"content":{"rendered":"<p>A Vila Kalango fica colada \u00e0 Duna do P\u00f4r do Sol e \u00e9 a \u00fanica a manter os coqueiros centen\u00e1rios t\u00edpicos. A simplicidade e o charme da cultura local, com uma equipe de gente da terra, recebe voc\u00ea como se estivesse em casa. H\u00e1 vento constante e o mar est\u00e1 \u00e0 sua porta. Um lugar para estar em paz e conversar com a natureza!<\/p>\n<p>A Vila Kalango come\u00e7ou h\u00e1 mais de 15 anos, quando um grupo de amigos windsurfistas se apaixonou por esse canto de praia e pelos ventos constantes do Cear\u00e1. Desde ent\u00e3o, busca-se preservar a experi\u00eancia da Jeri original e se inspirar em sua cultura para criar a arquitetura e o design que d\u00e3o um charme todo especial a esse lindo quintal. S\u00e3o 5 mil m\u00b2 de coqueiros e cajueiros preservados a? beira mar para voc\u00ea se sentir em casa.<\/p>\n<p>Sapos, calangos, pererecas entre outros bichinhos, fazem parte da fauna local e \u00e9 comum encontra-los andando pela pousada e receber uma visitinha deles no interior dos quartos. Voc\u00ea pode encontrar tamb\u00e9m alguns outros animais de pequeno porte pela pousada, mas eles s\u00e3o totalmente amig\u00e1veis e inofensivos. Portanto, n\u00e3o se assuste ao se deparar com eles.<\/p>\n<p>&nbsp;<\/p>\n<p>Venha conhecer e desfrutar da Vila Kalango! Voc\u00ea n\u00e3o vai se arrepender!<\/p>\n<p>Se voc\u00ea ainda n\u00e3o conhece nossas redes sociais, vem dar uma conferida no nosso<span>\u00a0<\/span><a href=\"https:\/\/www.instagram.com\/clubedeviagensmoms\/\">Instagram<\/a><span>\u00a0<\/span>e tamb\u00e9m na nossa<span>\u00a0<\/span><a href=\"https:\/\/www.facebook.com\/ClubeDeViagensMoms\/?hc_ref=ARREVFAUN6kemqQPikWPR6yOVqfolWuZ4Gm2u6EX4fJ2-jyHER8eDB5si8DvGkabbOE&amp;fref=nf&amp;__xts__[0]=68.ARAXJqd_Jm68dG9qh_a7A_hAS8hHGdRg1Cq8Je9my1EPnGBRo26TI37xs6IY6NhynKSzyIDhPcBRqvr6Nzuwi7g2W4UPO84T0-vU7mWKXia_C51FzzqVsE3HthHbuQetTo9gapY&amp;__tn__=kC-R\">p\u00e1gina do Facebook<\/a>! Al\u00e9m disso, temos um<span>\u00a0<\/span><a href=\"https:\/\/www.facebook.com\/groups\/clubedeviagensmoms\/\">grupo do Facebook<\/a>, ent\u00e3o, venha fazer parte!<\/p>\n<p>E, por fim, se voc\u00ea quiser conferir nossos outros hot\u00e9is parceiros, clique<span>\u00a0<\/span><a href=\"http:\/\/clubedeviagensmoms.com.br\/homolog\/vamos-viajar\/hoteis\/\" target=\"_blank\" rel=\"noopener noreferrer\">aqui<\/a>!<\/p>\n","protected":false},"excerpt":{"rendered":"<p>Simplicidade e o charme da cultura local, com uma equipe de gente da terra, recebendo voc\u00ea como se fosse em casa. Vem conhecer a Vila Kalango!<\/p>\n","protected":false},"featured_media":1058,"comment_status":"closed","ping_status":"closed","template":"","meta":[],"product_cat":[21],"product_tag":[176,27,28,30,31,32,33,177,178,34,38,54,179],"class_list":["post-3990","product","type-product","status-publish","has-post-thumbnail","hentry","product_cat-hoteis","product_tag-cafe-da-manha","product_tag-clube-de-viagens-moms","product_tag-clube-moms","product_tag-diversao","product_tag-diversao-em-familia","product_tag-ferias","product_tag-ferias-em-familia","product_tag-jeri","product_tag-jericoacoara","product_tag-nordeste","product_tag-viagem","product_tag-viagem-com-a-familia","product_tag-vila-kalango","pa_destino-ceara","pa_estrutura-lazer-bar","pa_estrutura-lazer-esportes-radicais","pa_estrutura-lazer-piscina","pa_estrutura-lazer-restaurante","pa_estrutura-lazer-sala-de-tv","pa_servicos-opcionais-esportes-radicais","pa_servicos-opcionais-loja-de-presentes","pa_servicos-opcionais-servico-de-massagem","pa_servicos-opcionais-spa","pa_servicos-opcionais-windsurf"],"acf":[],"yoast_head":"<!-- This site is optimized with the Yoast SEO Premium plugin v16.0.2 (Yoast SEO v21.2) - https:\/\/yoast.com\/wordpress\/plugins\/seo\/ -->\n<title>Vila Kalango - Clube Moms<\/title>\n<meta name=\"description\" content=\"Simplicidade e o charme da cultura local, com uma equipe de gente da terra, recebendo voc\u00ea como se fosse em casa. Vem conhecer a Vila Kalango!\" \/>\n<meta name=\"robots\" content=\"index, follow, max-snippet:-1, max-image-preview:large, max-video-preview:-1\" \/>\n<link rel=\"canonical\" href=\"https:\/\/clubedeviagensmoms.com.br\/homolog\/produto\/vila-kalango\/\" \/>\n<meta property=\"og:locale\" content=\"pt_BR\" \/>\n<meta property=\"og:type\" content=\"article\" \/>\n<meta property=\"og:title\" content=\"Vila Kalango - Clube Moms\" \/>\n<meta property=\"og:description\" content=\"Simplicidade e o charme da cultura local, com uma equipe de gente da terra, recebendo voc\u00ea como se fosse em casa. Vem conhecer a Vila Kalango!\" \/>\n<meta property=\"og:url\" content=\"https:\/\/clubedeviagensmoms.com.br\/homolog\/produto\/vila-kalango\/\" \/>\n<meta property=\"og:site_name\" content=\"Clube Moms\" \/>\n<meta property=\"article:modified_time\" content=\"2023-08-30T15:26:18+00:00\" \/>\n<meta property=\"og:image\" content=\"https:\/\/clubedeviagensmoms.com.br\/homolog\/wp-content\/uploads\/2021\/10\/vila-kalango-vista-praia.jpg\" \/>\n\t<meta property=\"og:image:width\" content=\"1200\" \/>\n\t<meta property=\"og:image:height\" content=\"628\" \/>\n\t<meta property=\"og:image:type\" content=\"image\/jpeg\" \/>\n<meta name=\"twitter:card\" content=\"summary_large_image\" \/>\n<meta name=\"twitter:label1\" content=\"Est. tempo de leitura\" \/>\n\t<meta name=\"twitter:data1\" content=\"1 minuto\" \/>\n<script type=\"application\/ld+json\" class=\"yoast-schema-graph\">{\"@context\":\"https:\/\/schema.org\",\"@graph\":[{\"@type\":\"WebPage\",\"@id\":\"https:\/\/clubedeviagensmoms.com.br\/homolog\/produto\/vila-kalango\/\",\"url\":\"https:\/\/clubedeviagensmoms.com.br\/homolog\/produto\/vila-kalango\/\",\"name\":\"Vila Kalango - Clube Moms\",\"isPartOf\":{\"@id\":\"https:\/\/clubedeviagensmoms.com.br\/homolog\/#website\"},\"datePublished\":\"2021-10-29T22:55:21+00:00\",\"dateModified\":\"2023-08-30T15:26:18+00:00\",\"description\":\"Simplicidade e o charme da cultura local, com uma equipe de gente da terra, recebendo voc\u00ea como se fosse em casa. Vem conhecer a Vila Kalango!\",\"breadcrumb\":{\"@id\":\"https:\/\/clubedeviagensmoms.com.br\/homolog\/produto\/vila-kalango\/#breadcrumb\"},\"inLanguage\":\"pt-BR\",\"potentialAction\":[{\"@type\":\"ReadAction\",\"target\":[\"https:\/\/clubedeviagensmoms.com.br\/homolog\/produto\/vila-kalango\/\"]}]},{\"@type\":\"BreadcrumbList\",\"@id\":\"https:\/\/clubedeviagensmoms.com.br\/homolog\/produto\/vila-kalango\/#breadcrumb\",\"itemListElement\":[{\"@type\":\"ListItem\",\"position\":1,\"name\":\"Home\",\"item\":\"https:\/\/clubedeviagensmoms.com.br\/homolog\/\"},{\"@type\":\"ListItem\",\"position\":2,\"name\":\"Vamos Viajar\",\"item\":\"https:\/\/clubedeviagensmoms.com.br\/homolog\/shop\/\"},{\"@type\":\"ListItem\",\"position\":3,\"name\":\"Vila Kalango\"}]},{\"@type\":\"WebSite\",\"@id\":\"https:\/\/clubedeviagensmoms.com.br\/homolog\/#website\",\"url\":\"https:\/\/clubedeviagensmoms.com.br\/homolog\/\",\"name\":\"Clube Moms\",\"description\":\"O Clube Moms \u00e9 uma ag\u00eancia de turismo com foco em fam\u00edlias com crian\u00e7as, que uno os conceitos de Consultoria Especializada e Clube de Vantagens.\",\"potentialAction\":[{\"@type\":\"SearchAction\",\"target\":{\"@type\":\"EntryPoint\",\"urlTemplate\":\"https:\/\/clubedeviagensmoms.com.br\/homolog\/?s={search_term_string}\"},\"query-input\":\"required name=search_term_string\"}],\"inLanguage\":\"pt-BR\"}]}<\/script>\n<!-- \/ Yoast SEO Premium plugin. -->","yoast_head_json":{"title":"Vila Kalango - Clube Moms","description":"Simplicidade e o charme da cultura local, com uma equipe de gente da terra, recebendo voc\u00ea como se fosse em casa. Vem conhecer a Vila Kalango!","robots":{"index":"index","follow":"follow","max-snippet":"max-snippet:-1","max-image-preview":"max-image-preview:large","max-video-preview":"max-video-preview:-1"},"canonical":"https:\/\/clubedeviagensmoms.com.br\/homolog\/produto\/vila-kalango\/","og_locale":"pt_BR","og_type":"article","og_title":"Vila Kalango - Clube Moms","og_description":"Simplicidade e o charme da cultura local, com uma equipe de gente da terra, recebendo voc\u00ea como se fosse em casa. Vem conhecer a Vila Kalango!","og_url":"https:\/\/clubedeviagensmoms.com.br\/homolog\/produto\/vila-kalango\/","og_site_name":"Clube Moms","article_modified_time":"2023-08-30T15:26:18+00:00","og_image":[{"width":1200,"height":628,"url":"https:\/\/clubedeviagensmoms.com.br\/homolog\/wp-content\/uploads\/2021\/10\/vila-kalango-vista-praia.jpg","type":"image\/jpeg"}],"twitter_card":"summary_large_image","twitter_misc":{"Est. tempo de leitura":"1 minuto"},"schema":{"@context":"https:\/\/schema.org","@graph":[{"@type":"WebPage","@id":"https:\/\/clubedeviagensmoms.com.br\/homolog\/produto\/vila-kalango\/","url":"https:\/\/clubedeviagensmoms.com.br\/homolog\/produto\/vila-kalango\/","name":"Vila Kalango - Clube Moms","isPartOf":{"@id":"https:\/\/clubedeviagensmoms.com.br\/homolog\/#website"},"datePublished":"2021-10-29T22:55:21+00:00","dateModified":"2023-08-30T15:26:18+00:00","description":"Simplicidade e o charme da cultura local, com uma equipe de gente da terra, recebendo voc\u00ea como se fosse em casa. Vem conhecer a Vila Kalango!","breadcrumb":{"@id":"https:\/\/clubedeviagensmoms.com.br\/homolog\/produto\/vila-kalango\/#breadcrumb"},"inLanguage":"pt-BR","potentialAction":[{"@type":"ReadAction","target":["https:\/\/clubedeviagensmoms.com.br\/homolog\/produto\/vila-kalango\/"]}]},{"@type":"BreadcrumbList","@id":"https:\/\/clubedeviagensmoms.com.br\/homolog\/produto\/vila-kalango\/#breadcrumb","itemListElement":[{"@type":"ListItem","position":1,"name":"Home","item":"https:\/\/clubedeviagensmoms.com.br\/homolog\/"},{"@type":"ListItem","position":2,"name":"Vamos Viajar","item":"https:\/\/clubedeviagensmoms.com.br\/homolog\/shop\/"},{"@type":"ListItem","position":3,"name":"Vila Kalango"}]},{"@type":"WebSite","@id":"https:\/\/clubedeviagensmoms.com.br\/homolog\/#website","url":"https:\/\/clubedeviagensmoms.com.br\/homolog\/","name":"Clube Moms","description":"O Clube Moms \u00e9 uma ag\u00eancia de turismo com foco em fam\u00edlias com crian\u00e7as, que uno os conceitos de Consultoria Especializada e Clube de Vantagens.","potentialAction":[{"@type":"SearchAction","target":{"@type":"EntryPoint","urlTemplate":"https:\/\/clubedeviagensmoms.com.br\/homolog\/?s={search_term_string}"},"query-input":"required name=search_term_string"}],"inLanguage":"pt-BR"}]}},"_links":{"self":[{"href":"https:\/\/clubedeviagensmoms.com.br\/homolog\/wp-json\/wp\/v2\/product\/3990","targetHints":{"allow":["GET"]}}],"collection":[{"href":"https:\/\/clubedeviagensmoms.com.br\/homolog\/wp-json\/wp\/v2\/product"}],"about":[{"href":"https:\/\/clubedeviagensmoms.com.br\/homolog\/wp-json\/wp\/v2\/types\/product"}],"replies":[{"embeddable":true,"href":"https:\/\/clubedeviagensmoms.com.br\/homolog\/wp-json\/wp\/v2\/comments?post=3990"}],"wp:featuredmedia":[{"embeddable":true,"href":"https:\/\/clubedeviagensmoms.com.br\/homolog\/wp-json\/wp\/v2\/media\/1058"}],"wp:attachment":[{"href":"https:\/\/clubedeviagensmoms.com.br\/homolog\/wp-json\/wp\/v2\/media?parent=3990"}],"wp:term":[{"taxonomy":"product_cat","embeddable":true,"href":"https:\/\/clubedeviagensmoms.com.br\/homolog\/wp-json\/wp\/v2\/product_cat?post=3990"},{"taxonomy":"product_tag","embeddable":true,"href":"https:\/\/clubedeviagensmoms.com.br\/homolog\/wp-json\/wp\/v2\/product_tag?post=3990"}],"curies":[{"name":"wp","href":"https:\/\/api.w.org\/{rel}","templated":true}]}}