{"id":3993,"date":"2021-10-29T19:55:21","date_gmt":"2021-10-29T22:55:21","guid":{"rendered":"http:\/\/clubedeviagensmoms.com.br\/homolog\/taober_wp\/?post_type=product&#038;p=3993"},"modified":"2023-08-30T12:26:16","modified_gmt":"2023-08-30T15:26:16","slug":"vale-suico-resort","status":"publish","type":"product","link":"https:\/\/clubedeviagensmoms.com.br\/homolog\/produto\/vale-suico-resort\/","title":{"rendered":"Vale Su\u00ed\u00e7o Resort"},"content":{"rendered":"<p>O Vale Su\u00ed\u00e7o Resort, localizado em um vale entre as montanhas, surpreende a todos que o visitam, pois \u00e9 o mais belo resort pr\u00f3ximo a S\u00e3o Paulo! Essa mesma surpresa ir\u00e1 se repetir diariamente, ao descobrir tudo que ele proporciona a cada instante, dia e noite.<\/p>\n<p>S\u00e3o 6 piscinas climatizadas, tobog\u00e3s aqu\u00e1ticos, cascata, bem como bar molhado e confort\u00e1veis long chases \u2013 inclusive dentro d\u2019\u00e1gua! Todas essas op\u00e7\u00f5es de lazer comp\u00f5em o cen\u00e1rio paradis\u00edaco de um dos mais belos parques aqu\u00e1ticos do Brasil: o Parque Aqu\u00e1tico Du Soleil! Ele est\u00e1 ainda<span class=\"\"><span>\u00a0<\/span>mais incr\u00edvel, pois agora conta<span>\u00a0<\/span><\/span><span class=\"\">com piscina de borda infinita!<\/span><\/p>\n<p>&nbsp;<\/p>\n<h5><span>Recrea\u00e7\u00e3o<\/span><\/h5>\n<p>A divers\u00e3o e a alegria est\u00e3o garantidas com a Equipe de Lazer Nota 10 do Vale Su\u00ed\u00e7o! Aqui, as crian\u00e7as, divididas por faixa et\u00e1ria, vivenciam diferentes atividades em todas as \u00e1reas de lazer do Resort!<\/p>\n<p>Aqui, 7.000 m\u00b2 do resort s\u00e3o dedicados \u00e0s crian\u00e7as. S\u00e3o diferentes atra\u00e7\u00f5es, incluindo Playground Aqu\u00e1tico Infantil, Brinquedoteca Gigante, Casa da \u00c1rvore, bem como Playground, Cama El\u00e1stica, Village Kids, Campo Infantil e, por fim, Circuito Selva!<\/p>\n<p>&nbsp;<\/p>\n<h5><span>Gastronomia<\/span><\/h5>\n<p>Nada melhor do que come\u00e7ar o dia de maneira formid\u00e1vel! S\u00e3o mais de 50 itens no caf\u00e9 da manh\u00e3, entre eles cereais, iogurtes e p\u00e3es recheados. Ainda, contam com croissant, frios, geleias, bolos, tortas, cozinha show com omeletes, bem como wafer e tapiocas! Al\u00e9m disso, contam com uma das estrelas da gastronomia do resort, o p\u00e3o de queijo artesanal.<\/p>\n<p>Cada refei\u00e7\u00e3o apresenta um novo e rico menu, sempre com carnes nobres brancas e vermelhas, risotos, guarni\u00e7\u00f5es, saladas elaboradas, esta\u00e7\u00e3o de massas e molhos \u2013 e op\u00e7\u00f5es light entre as entradas, pratos quentes, acompanhamentos e sobremesas.<\/p>\n<p>Acrescente deliciosas por\u00e7\u00f5es e drinks aos seus momentos de lazer no Parque Aqu\u00e1tico Du Soleil.<\/p>\n<p>&nbsp;<\/p>\n<p>Venha desfrutar do Vale Su\u00ed\u00e7o Resort! Voc\u00ea n\u00e3o vai se arrepender!<\/p>\n<p>Se voc\u00ea ainda n\u00e3o conhece nossas redes sociais, vem dar uma conferida no nosso<span>\u00a0<\/span><a href=\"https:\/\/www.instagram.com\/clubedeviagensmoms\/\">Instagram<\/a><span>\u00a0<\/span>e tamb\u00e9m na nossa<span>\u00a0<\/span><a href=\"https:\/\/www.facebook.com\/ClubeDeViagensMoms\/?hc_ref=ARREVFAUN6kemqQPikWPR6yOVqfolWuZ4Gm2u6EX4fJ2-jyHER8eDB5si8DvGkabbOE&amp;fref=nf&amp;__xts__[0]=68.ARAXJqd_Jm68dG9qh_a7A_hAS8hHGdRg1Cq8Je9my1EPnGBRo26TI37xs6IY6NhynKSzyIDhPcBRqvr6Nzuwi7g2W4UPO84T0-vU7mWKXia_C51FzzqVsE3HthHbuQetTo9gapY&amp;__tn__=kC-R\">p\u00e1gina do Facebook<\/a>! Ainda, temos um<span>\u00a0<\/span><a href=\"https:\/\/www.facebook.com\/groups\/clubedeviagensmoms\/\">grupo do Facebook<\/a>, ent\u00e3o, venha fazer parte!<\/p>\n<p>E se voc\u00ea quiser conferir nossos outros hot\u00e9is parceiros, clique<span>\u00a0<\/span><a href=\"http:\/\/clubedeviagensmoms.com.br\/homolog\/vamos-viajar\/hoteis\/\" target=\"_blank\" rel=\"noopener noreferrer\">aqui<\/a>!<\/p>\n","protected":false},"excerpt":{"rendered":"<p>O Vale Su\u00ed\u00e7o Resort, localizado em um vale entre as montanhas, surpreende a todos que o visitam, pois \u00e9 o mais belo Resort pr\u00f3ximo a S\u00e3o Paulo!<\/p>\n","protected":false},"featured_media":1112,"comment_status":"closed","ping_status":"closed","template":"","meta":[],"product_cat":[21],"product_tag":[27,28,29,30,31,32,33,187,39,40],"class_list":["post-3993","product","type-product","status-publish","has-post-thumbnail","hentry","product_cat-hoteis","product_tag-clube-de-viagens-moms","product_tag-clube-moms","product_tag-criancas","product_tag-diversao","product_tag-diversao-em-familia","product_tag-ferias","product_tag-ferias-em-familia","product_tag-minas-gerais","product_tag-viagem-com-criancas","product_tag-viagem-em-familia","pa_destino-minas-gerais","pa_estrutura-lazer-academia","pa_estrutura-lazer-arco-e-flecha","pa_estrutura-lazer-bangalo","pa_estrutura-lazer-bribol","pa_estrutura-lazer-brinquedoteca","pa_estrutura-lazer-caiaque","pa_estrutura-lazer-campo-de-futebol","pa_estrutura-lazer-lago","pa_estrutura-lazer-lago-para-pescaria","pa_estrutura-lazer-parque-aquatico","pa_estrutura-lazer-pedalinho","pa_estrutura-lazer-pista-de-cooper","pa_estrutura-lazer-pizzaria","pa_estrutura-lazer-playground-aquatico","pa_estrutura-lazer-quadra-de-tenis","pa_estrutura-lazer-quadra-de-volei","pa_estrutura-lazer-recreacao","pa_estrutura-lazer-redario","pa_estrutura-lazer-restaurante","pa_estrutura-lazer-salao-de-jogos","pa_estrutura-lazer-shuffleboard","pa_estrutura-lazer-skibunda","pa_estrutura-lazer-spa","pa_estrutura-lazer-tirolesa","pa_regime-de-alimentacao-fap","pa_regime-de-alimentacao-pensao-completa"],"acf":[],"yoast_head":"<!-- This site is optimized with the Yoast SEO Premium plugin v16.0.2 (Yoast SEO v21.2) - https:\/\/yoast.com\/wordpress\/plugins\/seo\/ -->\n<title>Vale Su\u00ed\u00e7o Resort - Clube Moms<\/title>\n<meta name=\"description\" content=\"O Vale Su\u00ed\u00e7o Resort, localizado em um vale entre as montanhas, surpreende a todos que o visitam, pois \u00e9 o mais belo Resort pr\u00f3ximo a S\u00e3o Paulo!\" \/>\n<meta name=\"robots\" content=\"index, follow, max-snippet:-1, max-image-preview:large, max-video-preview:-1\" \/>\n<link rel=\"canonical\" href=\"https:\/\/clubedeviagensmoms.com.br\/homolog\/produto\/vale-suico-resort\/\" \/>\n<meta property=\"og:locale\" content=\"pt_BR\" \/>\n<meta property=\"og:type\" content=\"article\" \/>\n<meta property=\"og:title\" content=\"Vale Su\u00ed\u00e7o Resort - Clube Moms\" \/>\n<meta property=\"og:description\" content=\"O Vale Su\u00ed\u00e7o Resort, localizado em um vale entre as montanhas, surpreende a todos que o visitam, pois \u00e9 o mais belo Resort pr\u00f3ximo a S\u00e3o Paulo!\" \/>\n<meta property=\"og:url\" content=\"https:\/\/clubedeviagensmoms.com.br\/homolog\/produto\/vale-suico-resort\/\" \/>\n<meta property=\"og:site_name\" content=\"Clube Moms\" \/>\n<meta property=\"article:modified_time\" content=\"2023-08-30T15:26:16+00:00\" \/>\n<meta property=\"og:image\" content=\"https:\/\/clubedeviagensmoms.com.br\/homolog\/wp-content\/uploads\/2021\/10\/vale-suico-lazer-no-lago-1.jpg\" \/>\n\t<meta property=\"og:image:width\" content=\"1200\" \/>\n\t<meta property=\"og:image:height\" content=\"628\" \/>\n\t<meta property=\"og:image:type\" content=\"image\/jpeg\" \/>\n<meta name=\"twitter:card\" content=\"summary_large_image\" \/>\n<meta name=\"twitter:label1\" content=\"Est. tempo de leitura\" \/>\n\t<meta name=\"twitter:data1\" content=\"2 minutos\" \/>\n<script type=\"application\/ld+json\" class=\"yoast-schema-graph\">{\"@context\":\"https:\/\/schema.org\",\"@graph\":[{\"@type\":\"WebPage\",\"@id\":\"https:\/\/clubedeviagensmoms.com.br\/homolog\/produto\/vale-suico-resort\/\",\"url\":\"https:\/\/clubedeviagensmoms.com.br\/homolog\/produto\/vale-suico-resort\/\",\"name\":\"Vale Su\u00ed\u00e7o Resort - Clube Moms\",\"isPartOf\":{\"@id\":\"https:\/\/clubedeviagensmoms.com.br\/homolog\/#website\"},\"datePublished\":\"2021-10-29T22:55:21+00:00\",\"dateModified\":\"2023-08-30T15:26:16+00:00\",\"description\":\"O Vale Su\u00ed\u00e7o Resort, localizado em um vale entre as montanhas, surpreende a todos que o visitam, pois \u00e9 o mais belo Resort pr\u00f3ximo a S\u00e3o Paulo!\",\"breadcrumb\":{\"@id\":\"https:\/\/clubedeviagensmoms.com.br\/homolog\/produto\/vale-suico-resort\/#breadcrumb\"},\"inLanguage\":\"pt-BR\",\"potentialAction\":[{\"@type\":\"ReadAction\",\"target\":[\"https:\/\/clubedeviagensmoms.com.br\/homolog\/produto\/vale-suico-resort\/\"]}]},{\"@type\":\"BreadcrumbList\",\"@id\":\"https:\/\/clubedeviagensmoms.com.br\/homolog\/produto\/vale-suico-resort\/#breadcrumb\",\"itemListElement\":[{\"@type\":\"ListItem\",\"position\":1,\"name\":\"Home\",\"item\":\"https:\/\/clubedeviagensmoms.com.br\/homolog\/\"},{\"@type\":\"ListItem\",\"position\":2,\"name\":\"Vamos Viajar\",\"item\":\"https:\/\/clubedeviagensmoms.com.br\/homolog\/shop\/\"},{\"@type\":\"ListItem\",\"position\":3,\"name\":\"Vale Su\u00ed\u00e7o Resort\"}]},{\"@type\":\"WebSite\",\"@id\":\"https:\/\/clubedeviagensmoms.com.br\/homolog\/#website\",\"url\":\"https:\/\/clubedeviagensmoms.com.br\/homolog\/\",\"name\":\"Clube Moms\",\"description\":\"O Clube Moms \u00e9 uma ag\u00eancia de turismo com foco em fam\u00edlias com crian\u00e7as, que uno os conceitos de Consultoria Especializada e Clube de Vantagens.\",\"potentialAction\":[{\"@type\":\"SearchAction\",\"target\":{\"@type\":\"EntryPoint\",\"urlTemplate\":\"https:\/\/clubedeviagensmoms.com.br\/homolog\/?s={search_term_string}\"},\"query-input\":\"required name=search_term_string\"}],\"inLanguage\":\"pt-BR\"}]}<\/script>\n<!-- \/ Yoast SEO Premium plugin. -->","yoast_head_json":{"title":"Vale Su\u00ed\u00e7o Resort - Clube Moms","description":"O Vale Su\u00ed\u00e7o Resort, localizado em um vale entre as montanhas, surpreende a todos que o visitam, pois \u00e9 o mais belo Resort pr\u00f3ximo a S\u00e3o Paulo!","robots":{"index":"index","follow":"follow","max-snippet":"max-snippet:-1","max-image-preview":"max-image-preview:large","max-video-preview":"max-video-preview:-1"},"canonical":"https:\/\/clubedeviagensmoms.com.br\/homolog\/produto\/vale-suico-resort\/","og_locale":"pt_BR","og_type":"article","og_title":"Vale Su\u00ed\u00e7o Resort - Clube Moms","og_description":"O Vale Su\u00ed\u00e7o Resort, localizado em um vale entre as montanhas, surpreende a todos que o visitam, pois \u00e9 o mais belo Resort pr\u00f3ximo a S\u00e3o Paulo!","og_url":"https:\/\/clubedeviagensmoms.com.br\/homolog\/produto\/vale-suico-resort\/","og_site_name":"Clube Moms","article_modified_time":"2023-08-30T15:26:16+00:00","og_image":[{"width":1200,"height":628,"url":"https:\/\/clubedeviagensmoms.com.br\/homolog\/wp-content\/uploads\/2021\/10\/vale-suico-lazer-no-lago-1.jpg","type":"image\/jpeg"}],"twitter_card":"summary_large_image","twitter_misc":{"Est. tempo de leitura":"2 minutos"},"schema":{"@context":"https:\/\/schema.org","@graph":[{"@type":"WebPage","@id":"https:\/\/clubedeviagensmoms.com.br\/homolog\/produto\/vale-suico-resort\/","url":"https:\/\/clubedeviagensmoms.com.br\/homolog\/produto\/vale-suico-resort\/","name":"Vale Su\u00ed\u00e7o Resort - Clube Moms","isPartOf":{"@id":"https:\/\/clubedeviagensmoms.com.br\/homolog\/#website"},"datePublished":"2021-10-29T22:55:21+00:00","dateModified":"2023-08-30T15:26:16+00:00","description":"O Vale Su\u00ed\u00e7o Resort, localizado em um vale entre as montanhas, surpreende a todos que o visitam, pois \u00e9 o mais belo Resort pr\u00f3ximo a S\u00e3o Paulo!","breadcrumb":{"@id":"https:\/\/clubedeviagensmoms.com.br\/homolog\/produto\/vale-suico-resort\/#breadcrumb"},"inLanguage":"pt-BR","potentialAction":[{"@type":"ReadAction","target":["https:\/\/clubedeviagensmoms.com.br\/homolog\/produto\/vale-suico-resort\/"]}]},{"@type":"BreadcrumbList","@id":"https:\/\/clubedeviagensmoms.com.br\/homolog\/produto\/vale-suico-resort\/#breadcrumb","itemListElement":[{"@type":"ListItem","position":1,"name":"Home","item":"https:\/\/clubedeviagensmoms.com.br\/homolog\/"},{"@type":"ListItem","position":2,"name":"Vamos Viajar","item":"https:\/\/clubedeviagensmoms.com.br\/homolog\/shop\/"},{"@type":"ListItem","position":3,"name":"Vale Su\u00ed\u00e7o Resort"}]},{"@type":"WebSite","@id":"https:\/\/clubedeviagensmoms.com.br\/homolog\/#website","url":"https:\/\/clubedeviagensmoms.com.br\/homolog\/","name":"Clube Moms","description":"O Clube Moms \u00e9 uma ag\u00eancia de turismo com foco em fam\u00edlias com crian\u00e7as, que uno os conceitos de Consultoria Especializada e Clube de Vantagens.","potentialAction":[{"@type":"SearchAction","target":{"@type":"EntryPoint","urlTemplate":"https:\/\/clubedeviagensmoms.com.br\/homolog\/?s={search_term_string}"},"query-input":"required name=search_term_string"}],"inLanguage":"pt-BR"}]}},"_links":{"self":[{"href":"https:\/\/clubedeviagensmoms.com.br\/homolog\/wp-json\/wp\/v2\/product\/3993","targetHints":{"allow":["GET"]}}],"collection":[{"href":"https:\/\/clubedeviagensmoms.com.br\/homolog\/wp-json\/wp\/v2\/product"}],"about":[{"href":"https:\/\/clubedeviagensmoms.com.br\/homolog\/wp-json\/wp\/v2\/types\/product"}],"replies":[{"embeddable":true,"href":"https:\/\/clubedeviagensmoms.com.br\/homolog\/wp-json\/wp\/v2\/comments?post=3993"}],"wp:featuredmedia":[{"embeddable":true,"href":"https:\/\/clubedeviagensmoms.com.br\/homolog\/wp-json\/wp\/v2\/media\/1112"}],"wp:attachment":[{"href":"https:\/\/clubedeviagensmoms.com.br\/homolog\/wp-json\/wp\/v2\/media?parent=3993"}],"wp:term":[{"taxonomy":"product_cat","embeddable":true,"href":"https:\/\/clubedeviagensmoms.com.br\/homolog\/wp-json\/wp\/v2\/product_cat?post=3993"},{"taxonomy":"product_tag","embeddable":true,"href":"https:\/\/clubedeviagensmoms.com.br\/homolog\/wp-json\/wp\/v2\/product_tag?post=3993"}],"curies":[{"name":"wp","href":"https:\/\/api.w.org\/{rel}","templated":true}]}}