{"id":3994,"date":"2021-10-29T19:55:21","date_gmt":"2021-10-29T22:55:21","guid":{"rendered":"http:\/\/clubedeviagensmoms.com.br\/homolog\/taober_wp\/?post_type=product&#038;p=3994"},"modified":"2023-08-30T12:26:15","modified_gmt":"2023-08-30T15:26:15","slug":"taua-resort-convention-atibaia","status":"publish","type":"product","link":"https:\/\/clubedeviagensmoms.com.br\/homolog\/produto\/taua-resort-convention-atibaia\/","title":{"rendered":"Tau\u00e1 Resort &#038; Convention Atibaia"},"content":{"rendered":"<h4>Com sua fam\u00edlia, amigos ou em eventos empresariais, a estrutura do resort atende todas as suas necessidades.<\/h4>\n<p>Aqui no Tau\u00e1 Resort Atibaia voc\u00ea vai encontrar infraestrutura completa de lazer e descanso para a fam\u00edlia, pertinho da capital paulista. Temos quadras de v\u00f4lei e futebol, sal\u00f5es de jogos, um parque aqu\u00e1tico indoor com 16 atra\u00e7\u00f5es, \u00e1guas aquecidas e ambiente climatizado. Ent\u00e3o vem sorrir com a gente!<\/p>\n<p>Venha conhecer o<span>\u00a0<\/span><a href=\"https:\/\/paisefilhos.uol.com.br\/familia\/diversao-o-ano-inteiro-conheca-o-primeiro-parque-aquatico-indoor-da-america-latina\/\" target=\"_blank\" rel=\"noopener noreferrer\">primeiro parque aqu\u00e1tico indoor<\/a><span>\u00a0<\/span>da Am\u00e9rica Latina no Tau\u00e1 Resort Atibaia. Agora a sua experi\u00eancia \u00e9 ainda mais completa e divertida! S\u00e3o 16 atra\u00e7\u00f5es imperd\u00edveis com tobo\u00e1guas, rio lento, \u00e1rea de Spa e muito mais. E sabe o que \u00e9 mais legal? N\u00e3o importa a esta\u00e7\u00e3o do ano, porque o Aquapark \u00e9 indoor com \u00e1gua aquecida \u00e0 29\u00ba e um ambiente \u00e0 27\u00ba.<\/p>\n<p>Centro de Conven\u00e7\u00f5es refer\u00eancia no interior de S\u00e3o Paulo, o Tau\u00e1 Resort Atibaia tem estrutura moderna e com a melhor configura\u00e7\u00e3o para o sucesso da sua empresa. Equipamentos modernos, foyer e servi\u00e7os de buffet.<\/p>\n<p>Com o Centro de Conven\u00e7\u00f5es mais completo do estado de S\u00e3o Paulo, \u00e9 certamente o espa\u00e7o perfeito para seu evento corporativo, religioso, de lazer, educativo ou personalizado. As op\u00e7\u00f5es de lazer, relaxamento e descanso tamb\u00e9m s\u00e3o destaque aqui. Quadras, academia, pista de cooper e espa\u00e7o de bem-estar esperam para oferecer os melhores momentos com as pessoas queridas. Com uma equipe completamente preparada para te oferecer o melhor atendimento, a miss\u00e3o do Tau\u00e1 Resort &amp; Convention Atibaia \u00e9 proporcionar momentos inesquec\u00edveis, principalmente com alegria, receptividade, renova\u00e7\u00e3o e divers\u00e3o.<\/p>\n<p>Conhe\u00e7a o Chef Luciano Ara\u00fajo. Ele tem 25 anos de experi\u00eancia trabalhando em restaurantes, caterings e hot\u00e9is de m\u00e9dio e grande porte no Brasil, Estados Unidos e Europa. Luciano \u00e9 especialista na melhoria e incremento de receitas, dando assim seu toque pessoal a todo o card\u00e1pio do Tau\u00e1 Resort &amp; Convention Atibaia.<\/p>\n<p>&nbsp;<\/p>\n<p>Venha conhecer e desfrutar do Tau\u00e1 Resort &amp; Convention Atibaia! Voc\u00ea n\u00e3o vai se arrepender!<\/p>\n<p>Se voc\u00ea ainda n\u00e3o conhece nossas redes sociais, vem dar uma conferida no nosso<span>\u00a0<\/span><a href=\"https:\/\/www.instagram.com\/clubedeviagensmoms\/\">Instagram<\/a><span>\u00a0<\/span>e tamb\u00e9m na nossa<span>\u00a0<\/span><a href=\"https:\/\/www.facebook.com\/ClubeDeViagensMoms\/?hc_ref=ARREVFAUN6kemqQPikWPR6yOVqfolWuZ4Gm2u6EX4fJ2-jyHER8eDB5si8DvGkabbOE&amp;fref=nf&amp;__xts__[0]=68.ARAXJqd_Jm68dG9qh_a7A_hAS8hHGdRg1Cq8Je9my1EPnGBRo26TI37xs6IY6NhynKSzyIDhPcBRqvr6Nzuwi7g2W4UPO84T0-vU7mWKXia_C51FzzqVsE3HthHbuQetTo9gapY&amp;__tn__=kC-R\">p\u00e1gina do Facebook<\/a>! Al\u00e9m disso, temos um<span>\u00a0<\/span><a href=\"https:\/\/www.facebook.com\/groups\/clubedeviagensmoms\/\">grupo do Facebook<\/a>, ent\u00e3o, venha fazer parte!<\/p>\n<p>E, por fim, se voc\u00ea quiser conferir nossos outros hot\u00e9is parceiros, clique<span>\u00a0<\/span><a href=\"http:\/\/clubedeviagensmoms.com.br\/homolog\/vamos-viajar\/hoteis\/\" target=\"_blank\" rel=\"noopener noreferrer\">aqui<\/a>!<\/p>\n","protected":false},"excerpt":{"rendered":"<p>O Tau\u00e1 Resort Atibaia: com sua fam\u00edlia, amigos ou em eventos empresariais, a estrutura do resort atende todas as suas necessidades!<\/p>\n","protected":false},"featured_media":1127,"comment_status":"closed","ping_status":"closed","template":"","meta":[],"product_cat":[21],"product_tag":[188,27,28,29,30,31,33,189,36,58,190,39,40],"class_list":["post-3994","product","type-product","status-publish","has-post-thumbnail","hentry","product_cat-hoteis","product_tag-atibaia","product_tag-clube-de-viagens-moms","product_tag-clube-moms","product_tag-criancas","product_tag-diversao","product_tag-diversao-em-familia","product_tag-ferias-em-familia","product_tag-parque-aquatico","product_tag-resort","product_tag-sao-paulo","product_tag-taua-resort-atibaia","product_tag-viagem-com-criancas","product_tag-viagem-em-familia","pa_destino-atibaia","pa_destino-brasil","pa_destino-sao-paulo","pa_estrutura-lazer-academia","pa_estrutura-lazer-arco-e-flecha","pa_estrutura-lazer-bar","pa_estrutura-lazer-boliche","pa_estrutura-lazer-campo-de-futebol","pa_estrutura-lazer-centro-de-convencoes","pa_estrutura-lazer-cinema","pa_estrutura-lazer-estacionamento","pa_estrutura-lazer-kids-club","pa_estrutura-lazer-parque-aquatico","pa_estrutura-lazer-piscina","pa_estrutura-lazer-piscina-aquecida","pa_estrutura-lazer-quadra-de-tenis","pa_estrutura-lazer-quadra-de-volei","pa_estrutura-lazer-recreacao","pa_estrutura-lazer-restaurante","pa_estrutura-lazer-sala-de-estar","pa_estrutura-lazer-sala-de-reuniao","pa_estrutura-lazer-salao-de-jogos","pa_estrutura-lazer-spa","pa_estrutura-lazer-trilhas","pa_regime-de-alimentacao-pensao-completa","pa_servicos-opcionais-boliche","pa_servicos-opcionais-jogos-eletronicos","pa_servicos-opcionais-jota-cit","pa_servicos-opcionais-loja-de-presentes","pa_servicos-opcionais-spa","pa_tipos-de-destinos-parque","pa_tipos-de-destinos-resorts"],"acf":[],"yoast_head":"<!-- This site is optimized with the Yoast SEO Premium plugin v16.0.2 (Yoast SEO v21.2) - https:\/\/yoast.com\/wordpress\/plugins\/seo\/ -->\n<title>Tau\u00e1 Resort &amp; Convention Atibaia \/ SP - Clube Moms<\/title>\n<meta name=\"description\" content=\"O Tau\u00e1 Resort Atibaia: com sua fam\u00edlia, amigos ou em eventos empresariais, a estrutura do resort atende todas as suas necessidades!\" \/>\n<meta name=\"robots\" content=\"index, follow, max-snippet:-1, max-image-preview:large, max-video-preview:-1\" \/>\n<link rel=\"canonical\" href=\"https:\/\/clubedeviagensmoms.com.br\/homolog\/produto\/taua-resort-convention-atibaia\/\" \/>\n<meta property=\"og:locale\" content=\"pt_BR\" \/>\n<meta property=\"og:type\" content=\"article\" \/>\n<meta property=\"og:title\" content=\"Tau\u00e1 Resort &amp; Convention Atibaia \/ SP - Clube Moms\" \/>\n<meta property=\"og:description\" content=\"O Tau\u00e1 Resort Atibaia: com sua fam\u00edlia, amigos ou em eventos empresariais, a estrutura do resort atende todas as suas necessidades!\" \/>\n<meta property=\"og:url\" content=\"https:\/\/clubedeviagensmoms.com.br\/homolog\/produto\/taua-resort-convention-atibaia\/\" \/>\n<meta property=\"og:site_name\" content=\"Clube Moms\" \/>\n<meta property=\"article:modified_time\" content=\"2023-08-30T15:26:15+00:00\" \/>\n<meta property=\"og:image\" content=\"https:\/\/clubedeviagensmoms.com.br\/homolog\/wp-content\/uploads\/2021\/10\/Piscina-Taua-Hotel-Atibaia-1024x536-1.jpg\" \/>\n\t<meta property=\"og:image:width\" content=\"1024\" \/>\n\t<meta property=\"og:image:height\" content=\"536\" \/>\n\t<meta property=\"og:image:type\" content=\"image\/jpeg\" \/>\n<meta name=\"twitter:card\" content=\"summary_large_image\" \/>\n<meta name=\"twitter:label1\" content=\"Est. tempo de leitura\" \/>\n\t<meta name=\"twitter:data1\" content=\"2 minutos\" \/>\n<script type=\"application\/ld+json\" class=\"yoast-schema-graph\">{\"@context\":\"https:\/\/schema.org\",\"@graph\":[{\"@type\":\"WebPage\",\"@id\":\"https:\/\/clubedeviagensmoms.com.br\/homolog\/produto\/taua-resort-convention-atibaia\/\",\"url\":\"https:\/\/clubedeviagensmoms.com.br\/homolog\/produto\/taua-resort-convention-atibaia\/\",\"name\":\"Tau\u00e1 Resort & Convention Atibaia \/ SP - Clube Moms\",\"isPartOf\":{\"@id\":\"https:\/\/clubedeviagensmoms.com.br\/homolog\/#website\"},\"datePublished\":\"2021-10-29T22:55:21+00:00\",\"dateModified\":\"2023-08-30T15:26:15+00:00\",\"description\":\"O Tau\u00e1 Resort Atibaia: com sua fam\u00edlia, amigos ou em eventos empresariais, a estrutura do resort atende todas as suas necessidades!\",\"breadcrumb\":{\"@id\":\"https:\/\/clubedeviagensmoms.com.br\/homolog\/produto\/taua-resort-convention-atibaia\/#breadcrumb\"},\"inLanguage\":\"pt-BR\",\"potentialAction\":[{\"@type\":\"ReadAction\",\"target\":[\"https:\/\/clubedeviagensmoms.com.br\/homolog\/produto\/taua-resort-convention-atibaia\/\"]}]},{\"@type\":\"BreadcrumbList\",\"@id\":\"https:\/\/clubedeviagensmoms.com.br\/homolog\/produto\/taua-resort-convention-atibaia\/#breadcrumb\",\"itemListElement\":[{\"@type\":\"ListItem\",\"position\":1,\"name\":\"Home\",\"item\":\"https:\/\/clubedeviagensmoms.com.br\/homolog\/\"},{\"@type\":\"ListItem\",\"position\":2,\"name\":\"Vamos Viajar\",\"item\":\"https:\/\/clubedeviagensmoms.com.br\/homolog\/shop\/\"},{\"@type\":\"ListItem\",\"position\":3,\"name\":\"Tau\u00e1 Resort &#038; Convention Atibaia\"}]},{\"@type\":\"WebSite\",\"@id\":\"https:\/\/clubedeviagensmoms.com.br\/homolog\/#website\",\"url\":\"https:\/\/clubedeviagensmoms.com.br\/homolog\/\",\"name\":\"Clube Moms\",\"description\":\"O Clube Moms \u00e9 uma ag\u00eancia de turismo com foco em fam\u00edlias com crian\u00e7as, que uno os conceitos de Consultoria Especializada e Clube de Vantagens.\",\"potentialAction\":[{\"@type\":\"SearchAction\",\"target\":{\"@type\":\"EntryPoint\",\"urlTemplate\":\"https:\/\/clubedeviagensmoms.com.br\/homolog\/?s={search_term_string}\"},\"query-input\":\"required name=search_term_string\"}],\"inLanguage\":\"pt-BR\"}]}<\/script>\n<!-- \/ Yoast SEO Premium plugin. -->","yoast_head_json":{"title":"Tau\u00e1 Resort & Convention Atibaia \/ SP - Clube Moms","description":"O Tau\u00e1 Resort Atibaia: com sua fam\u00edlia, amigos ou em eventos empresariais, a estrutura do resort atende todas as suas necessidades!","robots":{"index":"index","follow":"follow","max-snippet":"max-snippet:-1","max-image-preview":"max-image-preview:large","max-video-preview":"max-video-preview:-1"},"canonical":"https:\/\/clubedeviagensmoms.com.br\/homolog\/produto\/taua-resort-convention-atibaia\/","og_locale":"pt_BR","og_type":"article","og_title":"Tau\u00e1 Resort & Convention Atibaia \/ SP - Clube Moms","og_description":"O Tau\u00e1 Resort Atibaia: com sua fam\u00edlia, amigos ou em eventos empresariais, a estrutura do resort atende todas as suas necessidades!","og_url":"https:\/\/clubedeviagensmoms.com.br\/homolog\/produto\/taua-resort-convention-atibaia\/","og_site_name":"Clube Moms","article_modified_time":"2023-08-30T15:26:15+00:00","og_image":[{"width":1024,"height":536,"url":"https:\/\/clubedeviagensmoms.com.br\/homolog\/wp-content\/uploads\/2021\/10\/Piscina-Taua-Hotel-Atibaia-1024x536-1.jpg","type":"image\/jpeg"}],"twitter_card":"summary_large_image","twitter_misc":{"Est. tempo de leitura":"2 minutos"},"schema":{"@context":"https:\/\/schema.org","@graph":[{"@type":"WebPage","@id":"https:\/\/clubedeviagensmoms.com.br\/homolog\/produto\/taua-resort-convention-atibaia\/","url":"https:\/\/clubedeviagensmoms.com.br\/homolog\/produto\/taua-resort-convention-atibaia\/","name":"Tau\u00e1 Resort & Convention Atibaia \/ SP - Clube Moms","isPartOf":{"@id":"https:\/\/clubedeviagensmoms.com.br\/homolog\/#website"},"datePublished":"2021-10-29T22:55:21+00:00","dateModified":"2023-08-30T15:26:15+00:00","description":"O Tau\u00e1 Resort Atibaia: com sua fam\u00edlia, amigos ou em eventos empresariais, a estrutura do resort atende todas as suas necessidades!","breadcrumb":{"@id":"https:\/\/clubedeviagensmoms.com.br\/homolog\/produto\/taua-resort-convention-atibaia\/#breadcrumb"},"inLanguage":"pt-BR","potentialAction":[{"@type":"ReadAction","target":["https:\/\/clubedeviagensmoms.com.br\/homolog\/produto\/taua-resort-convention-atibaia\/"]}]},{"@type":"BreadcrumbList","@id":"https:\/\/clubedeviagensmoms.com.br\/homolog\/produto\/taua-resort-convention-atibaia\/#breadcrumb","itemListElement":[{"@type":"ListItem","position":1,"name":"Home","item":"https:\/\/clubedeviagensmoms.com.br\/homolog\/"},{"@type":"ListItem","position":2,"name":"Vamos Viajar","item":"https:\/\/clubedeviagensmoms.com.br\/homolog\/shop\/"},{"@type":"ListItem","position":3,"name":"Tau\u00e1 Resort &#038; Convention Atibaia"}]},{"@type":"WebSite","@id":"https:\/\/clubedeviagensmoms.com.br\/homolog\/#website","url":"https:\/\/clubedeviagensmoms.com.br\/homolog\/","name":"Clube Moms","description":"O Clube Moms \u00e9 uma ag\u00eancia de turismo com foco em fam\u00edlias com crian\u00e7as, que uno os conceitos de Consultoria Especializada e Clube de Vantagens.","potentialAction":[{"@type":"SearchAction","target":{"@type":"EntryPoint","urlTemplate":"https:\/\/clubedeviagensmoms.com.br\/homolog\/?s={search_term_string}"},"query-input":"required name=search_term_string"}],"inLanguage":"pt-BR"}]}},"_links":{"self":[{"href":"https:\/\/clubedeviagensmoms.com.br\/homolog\/wp-json\/wp\/v2\/product\/3994","targetHints":{"allow":["GET"]}}],"collection":[{"href":"https:\/\/clubedeviagensmoms.com.br\/homolog\/wp-json\/wp\/v2\/product"}],"about":[{"href":"https:\/\/clubedeviagensmoms.com.br\/homolog\/wp-json\/wp\/v2\/types\/product"}],"replies":[{"embeddable":true,"href":"https:\/\/clubedeviagensmoms.com.br\/homolog\/wp-json\/wp\/v2\/comments?post=3994"}],"wp:featuredmedia":[{"embeddable":true,"href":"https:\/\/clubedeviagensmoms.com.br\/homolog\/wp-json\/wp\/v2\/media\/1127"}],"wp:attachment":[{"href":"https:\/\/clubedeviagensmoms.com.br\/homolog\/wp-json\/wp\/v2\/media?parent=3994"}],"wp:term":[{"taxonomy":"product_cat","embeddable":true,"href":"https:\/\/clubedeviagensmoms.com.br\/homolog\/wp-json\/wp\/v2\/product_cat?post=3994"},{"taxonomy":"product_tag","embeddable":true,"href":"https:\/\/clubedeviagensmoms.com.br\/homolog\/wp-json\/wp\/v2\/product_tag?post=3994"}],"curies":[{"name":"wp","href":"https:\/\/api.w.org\/{rel}","templated":true}]}}