{"id":3995,"date":"2021-10-29T19:55:21","date_gmt":"2021-10-29T22:55:21","guid":{"rendered":"http:\/\/clubedeviagensmoms.com.br\/homolog\/taober_wp\/?post_type=product&#038;p=3995"},"modified":"2023-08-30T12:26:15","modified_gmt":"2023-08-30T15:26:15","slug":"taua-resort-convention-caete","status":"publish","type":"product","link":"https:\/\/clubedeviagensmoms.com.br\/homolog\/produto\/taua-resort-convention-caete\/","title":{"rendered":"Tau\u00e1 Resort &#038; Convention Caet\u00e9"},"content":{"rendered":"<h4>O aconchego de uma fazenda com o conforto dos melhores resorts. Venha para o Tau\u00e1 Resort Caet\u00e9 e renove-se!<\/h4>\n<p>&nbsp;<\/p>\n<p>S\u00e3o mais de 30 anos compartilhando a cultura do sorrir. Come\u00e7ando com um pequeno s\u00edtio, o Tau\u00e1 Resort &amp; Convention Caet\u00e9 transformou-se posteriormente no local perfeito para se divertir com a fam\u00edlia e os amigos. Com op\u00e7\u00f5es de divers\u00e3o para adultos e crian\u00e7as, assim o espa\u00e7o oferece lazer e descanso em meio a natureza.<\/p>\n<p>O Tau\u00e1 Resort Caet\u00e9 j\u00e1 recebeu por 3 vezes a premia\u00e7\u00e3o Great Place to Work, contando com uma equipe que compartilha e acredita em sua cultura de acolhimento e renova\u00e7\u00e3o. A miss\u00e3o do Tau\u00e1 Resort Caet\u00e9 \u00e9 proporcionar principalmente momentos inesquec\u00edveis, com alegria, receptividade, renova\u00e7\u00e3o e divers\u00e3o.<\/p>\n<p>Quando o assunto \u00e9 divers\u00e3o, os especialistas s\u00e3o os Taualegres: a equipe de monitores mais divertida do Brasil! Com essa turma, voc\u00ea e sua fam\u00edlia se divertem em torneios esportivos, teatros infantis, gincanas, shows musicais, brincadeiras ao ar livre, atividades educativas e ecol\u00f3gicas.<\/p>\n<p>Conte com o Aplicativo Tau\u00e1 do Tau\u00e1 Resort Caet\u00e9, tendo em m\u00e3os o mapa do hotel, localizador de crian\u00e7as, programa\u00e7\u00e3o do dia e tudo que voc\u00ea precisa diretamente do seu celular.<\/p>\n<p>Com estrutura e flexibilidade para receber diversos tipos de eventos, o Tau\u00e1 Resort &amp; Convention Caet\u00e9 se preocupa com os m\u00ednimos detalhes para receber bem o seu evento. Ent\u00e3o, seja um casamento dos sonhos ou conven\u00e7\u00e3o, um day use ou com hospedagem, aqui o sucesso \u00e9 garantido. O Tau\u00e1 conta tamb\u00e9m com colaboradores preparados para assessorar e prestar todo o suporte necess\u00e1rio para que seu evento possa acontecer com perfei\u00e7\u00e3o, contando com um colaborador exclusivo \u00e0 sua disposi\u00e7\u00e3o.<\/p>\n<p>A gastronomia do Tau\u00e1 Resort Caet\u00e9 fica por conta do<span>\u00a0<\/span><a href=\"https:\/\/www.facebook.com\/rentachefmarcelo\/\" target=\"_blank\" rel=\"noopener noreferrer\">Chef Marcelo De Paula<\/a>. Chef de cozinha de forma\u00e7\u00e3o, com 30 anos de profiss\u00e3o e experi\u00eancia internacional. Marcelo \u00e9 criativo, intuitivo, organizado e sobretudo, dedicado.<\/p>\n<p>&nbsp;<\/p>\n<p>Venha conhecer e desfrutar do Tau\u00e1 Resort &amp; Convention Caet\u00e9! Voc\u00ea n\u00e3o vai se arrepender!<\/p>\n<p>Se voc\u00ea ainda n\u00e3o conhece nossas redes sociais, vem dar uma conferida no nosso<span>\u00a0<\/span><a href=\"https:\/\/www.instagram.com\/clubedeviagensmoms\/\">Instagram<\/a><span>\u00a0<\/span>e tamb\u00e9m na nossa<span>\u00a0<\/span><a href=\"https:\/\/www.facebook.com\/ClubeDeViagensMoms\/?hc_ref=ARREVFAUN6kemqQPikWPR6yOVqfolWuZ4Gm2u6EX4fJ2-jyHER8eDB5si8DvGkabbOE&amp;fref=nf&amp;__xts__[0]=68.ARAXJqd_Jm68dG9qh_a7A_hAS8hHGdRg1Cq8Je9my1EPnGBRo26TI37xs6IY6NhynKSzyIDhPcBRqvr6Nzuwi7g2W4UPO84T0-vU7mWKXia_C51FzzqVsE3HthHbuQetTo9gapY&amp;__tn__=kC-R\">p\u00e1gina do Facebook<\/a>! Al\u00e9m disso, temos um<span>\u00a0<\/span><a href=\"https:\/\/www.facebook.com\/groups\/clubedeviagensmoms\/\">grupo do Facebook<\/a>, ent\u00e3o, venha fazer parte!<\/p>\n<p>E, por fim, se voc\u00ea quiser conferir nossos outros hot\u00e9is parceiros, clique<span>\u00a0<\/span><a href=\"http:\/\/clubedeviagensmoms.com.br\/homolog\/vamos-viajar\/hoteis\/\" target=\"_blank\" rel=\"noopener noreferrer\">aqui<\/a>!<\/p>\n<p>&nbsp;<\/p>\n","protected":false},"excerpt":{"rendered":"<p>Tau\u00e1 Resort &amp; Convention Caet\u00e9: O aconchego de uma fazenda com o conforto dos melhores resorts! Atividades para todas as idades em uma estrutura incr\u00edvel!<\/p>\n","protected":false},"featured_media":1145,"comment_status":"closed","ping_status":"closed","template":"","meta":[],"product_cat":[21],"product_tag":[191,192,27,28,29,30,31,32,33,187,50,35,193,39,40],"class_list":["post-3995","product","type-product","status-publish","has-post-thumbnail","hentry","product_cat-hoteis","product_tag-brasil","product_tag-caete","product_tag-clube-de-viagens-moms","product_tag-clube-moms","product_tag-criancas","product_tag-diversao","product_tag-diversao-em-familia","product_tag-ferias","product_tag-ferias-em-familia","product_tag-minas-gerais","product_tag-pensao-completa","product_tag-recreacao","product_tag-taua-resort-convention-caete","product_tag-viagem-com-criancas","product_tag-viagem-em-familia","pa_destino-brasil","pa_destino-caete","pa_destino-minas-gerais","pa_estrutura-lazer-academia","pa_estrutura-lazer-arco-e-flecha","pa_estrutura-lazer-bar","pa_estrutura-lazer-boate","pa_estrutura-lazer-boliche","pa_estrutura-lazer-campo-de-futebol","pa_estrutura-lazer-centro-de-convencoes","pa_estrutura-lazer-copa-baby","pa_estrutura-lazer-estacionamento","pa_estrutura-lazer-fazendinha","pa_estrutura-lazer-kids-club","pa_estrutura-lazer-parque-aquatico","pa_estrutura-lazer-piscina","pa_estrutura-lazer-piscina-aquecida","pa_estrutura-lazer-playground","pa_estrutura-lazer-quadra-poliesportiva","pa_estrutura-lazer-quadra-tenis","pa_estrutura-lazer-recreacao","pa_estrutura-lazer-restaurante","pa_estrutura-lazer-salao-de-jogos","pa_estrutura-lazer-sauna","pa_estrutura-lazer-spa","pa_regime-de-alimentacao-pensao-completa","pa_servicos-opcionais-boliche","pa_servicos-opcionais-jota-cit","pa_servicos-opcionais-loja-de-presentes","pa_servicos-opcionais-spa","pa_tipos-de-destinos-resorts"],"acf":[],"yoast_head":"<!-- This site is optimized with the Yoast SEO Premium plugin v16.0.2 (Yoast SEO v21.2) - https:\/\/yoast.com\/wordpress\/plugins\/seo\/ -->\n<title>Tau\u00e1 Resort &amp; Convention Caet\u00e9 \/ MG - Clube Moms<\/title>\n<meta name=\"description\" content=\"Tau\u00e1 Resort &amp; Convention Caet\u00e9: O aconchego de uma fazenda com o conforto dos melhores resorts! Atividades para todas as idades em uma estrutura incr\u00edvel!\" \/>\n<meta name=\"robots\" content=\"index, follow, max-snippet:-1, max-image-preview:large, max-video-preview:-1\" \/>\n<link rel=\"canonical\" href=\"https:\/\/clubedeviagensmoms.com.br\/homolog\/produto\/taua-resort-convention-caete\/\" \/>\n<meta property=\"og:locale\" content=\"pt_BR\" \/>\n<meta property=\"og:type\" content=\"article\" \/>\n<meta property=\"og:title\" content=\"Tau\u00e1 Resort &amp; Convention Caet\u00e9 \/ MG - Clube Moms\" \/>\n<meta property=\"og:description\" content=\"Tau\u00e1 Resort &amp; Convention Caet\u00e9: O aconchego de uma fazenda com o conforto dos melhores resorts! Atividades para todas as idades em uma estrutura incr\u00edvel!\" \/>\n<meta property=\"og:url\" content=\"https:\/\/clubedeviagensmoms.com.br\/homolog\/produto\/taua-resort-convention-caete\/\" \/>\n<meta property=\"og:site_name\" content=\"Clube Moms\" \/>\n<meta property=\"article:modified_time\" content=\"2023-08-30T15:26:15+00:00\" \/>\n<meta property=\"og:image\" content=\"https:\/\/clubedeviagensmoms.com.br\/homolog\/wp-content\/uploads\/2021\/10\/Area-da-Piscina-Taua-Caete-Resort-1024x536-1.jpg\" \/>\n\t<meta property=\"og:image:width\" content=\"1024\" \/>\n\t<meta property=\"og:image:height\" content=\"536\" \/>\n\t<meta property=\"og:image:type\" content=\"image\/jpeg\" \/>\n<meta name=\"twitter:card\" content=\"summary_large_image\" \/>\n<meta name=\"twitter:label1\" content=\"Est. tempo de leitura\" \/>\n\t<meta name=\"twitter:data1\" content=\"2 minutos\" \/>\n<script type=\"application\/ld+json\" class=\"yoast-schema-graph\">{\"@context\":\"https:\/\/schema.org\",\"@graph\":[{\"@type\":\"WebPage\",\"@id\":\"https:\/\/clubedeviagensmoms.com.br\/homolog\/produto\/taua-resort-convention-caete\/\",\"url\":\"https:\/\/clubedeviagensmoms.com.br\/homolog\/produto\/taua-resort-convention-caete\/\",\"name\":\"Tau\u00e1 Resort & Convention Caet\u00e9 \/ MG - Clube Moms\",\"isPartOf\":{\"@id\":\"https:\/\/clubedeviagensmoms.com.br\/homolog\/#website\"},\"datePublished\":\"2021-10-29T22:55:21+00:00\",\"dateModified\":\"2023-08-30T15:26:15+00:00\",\"description\":\"Tau\u00e1 Resort &amp; Convention Caet\u00e9: O aconchego de uma fazenda com o conforto dos melhores resorts! Atividades para todas as idades em uma estrutura incr\u00edvel!\",\"breadcrumb\":{\"@id\":\"https:\/\/clubedeviagensmoms.com.br\/homolog\/produto\/taua-resort-convention-caete\/#breadcrumb\"},\"inLanguage\":\"pt-BR\",\"potentialAction\":[{\"@type\":\"ReadAction\",\"target\":[\"https:\/\/clubedeviagensmoms.com.br\/homolog\/produto\/taua-resort-convention-caete\/\"]}]},{\"@type\":\"BreadcrumbList\",\"@id\":\"https:\/\/clubedeviagensmoms.com.br\/homolog\/produto\/taua-resort-convention-caete\/#breadcrumb\",\"itemListElement\":[{\"@type\":\"ListItem\",\"position\":1,\"name\":\"Home\",\"item\":\"https:\/\/clubedeviagensmoms.com.br\/homolog\/\"},{\"@type\":\"ListItem\",\"position\":2,\"name\":\"Vamos Viajar\",\"item\":\"https:\/\/clubedeviagensmoms.com.br\/homolog\/shop\/\"},{\"@type\":\"ListItem\",\"position\":3,\"name\":\"Tau\u00e1 Resort &#038; Convention Caet\u00e9\"}]},{\"@type\":\"WebSite\",\"@id\":\"https:\/\/clubedeviagensmoms.com.br\/homolog\/#website\",\"url\":\"https:\/\/clubedeviagensmoms.com.br\/homolog\/\",\"name\":\"Clube Moms\",\"description\":\"O Clube Moms \u00e9 uma ag\u00eancia de turismo com foco em fam\u00edlias com crian\u00e7as, que uno os conceitos de Consultoria Especializada e Clube de Vantagens.\",\"potentialAction\":[{\"@type\":\"SearchAction\",\"target\":{\"@type\":\"EntryPoint\",\"urlTemplate\":\"https:\/\/clubedeviagensmoms.com.br\/homolog\/?s={search_term_string}\"},\"query-input\":\"required name=search_term_string\"}],\"inLanguage\":\"pt-BR\"}]}<\/script>\n<!-- \/ Yoast SEO Premium plugin. -->","yoast_head_json":{"title":"Tau\u00e1 Resort & Convention Caet\u00e9 \/ MG - Clube Moms","description":"Tau\u00e1 Resort &amp; Convention Caet\u00e9: O aconchego de uma fazenda com o conforto dos melhores resorts! Atividades para todas as idades em uma estrutura incr\u00edvel!","robots":{"index":"index","follow":"follow","max-snippet":"max-snippet:-1","max-image-preview":"max-image-preview:large","max-video-preview":"max-video-preview:-1"},"canonical":"https:\/\/clubedeviagensmoms.com.br\/homolog\/produto\/taua-resort-convention-caete\/","og_locale":"pt_BR","og_type":"article","og_title":"Tau\u00e1 Resort & Convention Caet\u00e9 \/ MG - Clube Moms","og_description":"Tau\u00e1 Resort &amp; Convention Caet\u00e9: O aconchego de uma fazenda com o conforto dos melhores resorts! Atividades para todas as idades em uma estrutura incr\u00edvel!","og_url":"https:\/\/clubedeviagensmoms.com.br\/homolog\/produto\/taua-resort-convention-caete\/","og_site_name":"Clube Moms","article_modified_time":"2023-08-30T15:26:15+00:00","og_image":[{"width":1024,"height":536,"url":"https:\/\/clubedeviagensmoms.com.br\/homolog\/wp-content\/uploads\/2021\/10\/Area-da-Piscina-Taua-Caete-Resort-1024x536-1.jpg","type":"image\/jpeg"}],"twitter_card":"summary_large_image","twitter_misc":{"Est. tempo de leitura":"2 minutos"},"schema":{"@context":"https:\/\/schema.org","@graph":[{"@type":"WebPage","@id":"https:\/\/clubedeviagensmoms.com.br\/homolog\/produto\/taua-resort-convention-caete\/","url":"https:\/\/clubedeviagensmoms.com.br\/homolog\/produto\/taua-resort-convention-caete\/","name":"Tau\u00e1 Resort & Convention Caet\u00e9 \/ MG - Clube Moms","isPartOf":{"@id":"https:\/\/clubedeviagensmoms.com.br\/homolog\/#website"},"datePublished":"2021-10-29T22:55:21+00:00","dateModified":"2023-08-30T15:26:15+00:00","description":"Tau\u00e1 Resort &amp; Convention Caet\u00e9: O aconchego de uma fazenda com o conforto dos melhores resorts! Atividades para todas as idades em uma estrutura incr\u00edvel!","breadcrumb":{"@id":"https:\/\/clubedeviagensmoms.com.br\/homolog\/produto\/taua-resort-convention-caete\/#breadcrumb"},"inLanguage":"pt-BR","potentialAction":[{"@type":"ReadAction","target":["https:\/\/clubedeviagensmoms.com.br\/homolog\/produto\/taua-resort-convention-caete\/"]}]},{"@type":"BreadcrumbList","@id":"https:\/\/clubedeviagensmoms.com.br\/homolog\/produto\/taua-resort-convention-caete\/#breadcrumb","itemListElement":[{"@type":"ListItem","position":1,"name":"Home","item":"https:\/\/clubedeviagensmoms.com.br\/homolog\/"},{"@type":"ListItem","position":2,"name":"Vamos Viajar","item":"https:\/\/clubedeviagensmoms.com.br\/homolog\/shop\/"},{"@type":"ListItem","position":3,"name":"Tau\u00e1 Resort &#038; Convention Caet\u00e9"}]},{"@type":"WebSite","@id":"https:\/\/clubedeviagensmoms.com.br\/homolog\/#website","url":"https:\/\/clubedeviagensmoms.com.br\/homolog\/","name":"Clube Moms","description":"O Clube Moms \u00e9 uma ag\u00eancia de turismo com foco em fam\u00edlias com crian\u00e7as, que uno os conceitos de Consultoria Especializada e Clube de Vantagens.","potentialAction":[{"@type":"SearchAction","target":{"@type":"EntryPoint","urlTemplate":"https:\/\/clubedeviagensmoms.com.br\/homolog\/?s={search_term_string}"},"query-input":"required name=search_term_string"}],"inLanguage":"pt-BR"}]}},"_links":{"self":[{"href":"https:\/\/clubedeviagensmoms.com.br\/homolog\/wp-json\/wp\/v2\/product\/3995","targetHints":{"allow":["GET"]}}],"collection":[{"href":"https:\/\/clubedeviagensmoms.com.br\/homolog\/wp-json\/wp\/v2\/product"}],"about":[{"href":"https:\/\/clubedeviagensmoms.com.br\/homolog\/wp-json\/wp\/v2\/types\/product"}],"replies":[{"embeddable":true,"href":"https:\/\/clubedeviagensmoms.com.br\/homolog\/wp-json\/wp\/v2\/comments?post=3995"}],"wp:featuredmedia":[{"embeddable":true,"href":"https:\/\/clubedeviagensmoms.com.br\/homolog\/wp-json\/wp\/v2\/media\/1145"}],"wp:attachment":[{"href":"https:\/\/clubedeviagensmoms.com.br\/homolog\/wp-json\/wp\/v2\/media?parent=3995"}],"wp:term":[{"taxonomy":"product_cat","embeddable":true,"href":"https:\/\/clubedeviagensmoms.com.br\/homolog\/wp-json\/wp\/v2\/product_cat?post=3995"},{"taxonomy":"product_tag","embeddable":true,"href":"https:\/\/clubedeviagensmoms.com.br\/homolog\/wp-json\/wp\/v2\/product_tag?post=3995"}],"curies":[{"name":"wp","href":"https:\/\/api.w.org\/{rel}","templated":true}]}}