{"id":3996,"date":"2021-10-29T19:55:21","date_gmt":"2021-10-29T22:55:21","guid":{"rendered":"http:\/\/clubedeviagensmoms.com.br\/homolog\/taober_wp\/?post_type=product&#038;p=3996"},"modified":"2023-08-30T12:26:14","modified_gmt":"2023-08-30T15:26:14","slug":"taua-grande-hotel-termas-de-araxa","status":"publish","type":"product","link":"https:\/\/clubedeviagensmoms.com.br\/homolog\/produto\/taua-grande-hotel-termas-de-araxa\/","title":{"rendered":"Tau\u00e1 Grande Hotel Termas de Arax\u00e1"},"content":{"rendered":"<h4>O maior castelo do Brasil compartilha a cultura do sorrir! Conhe\u00e7a o Tau\u00e1 Arax\u00e1!<\/h4>\n<p>Os jardins e todo o projeto paisag\u00edstico do atual Tau\u00e1 Grande Hotel Termas de Arax\u00e1 foram criados pelo famoso pintor e paisagista<span>\u00a0<\/span><a href=\"https:\/\/pt.wikipedia.org\/wiki\/Roberto_Burle_Marx\" target=\"_blank\" rel=\"noopener noreferrer\">Roberto Burle Marx<\/a>. O projeto do arquiteto Luiz Signorelli tem estilo arquitet\u00f4nico semelhante ao encontrado nas antigas constru\u00e7\u00f5es coloniais da Am\u00e9rica espanhola, em pa\u00edses como Col\u00f4mbia e Venezuela.<\/p>\n<p>Inaugurado em 1944, o Tau\u00e1 Grande Hotel Termas de Arax\u00e1 tornou-se parte da rede Tau\u00e1 de resorts em 2010. O hotel impressiona pelas dimens\u00f5es, considerando sua \u00e9poca de constru\u00e7\u00e3o, visto que do t\u00e9rreo ao s\u00f3t\u00e3o da fachada principal s\u00e3o 9 pisos e aproximadamente 27,34 metros de altura. Internamente, o hotel segue o estilo neo-cl\u00e1ssico, com colunas, capit\u00e9is e arcos, ao mesmo tempo que suas paredes s\u00e3o revestidas com barro avermelhado, simbolizando simplicidade.<\/p>\n<p>Interligada ao Tau\u00e1 Grande Hotel de Arax\u00e1 por uma galeria suspensa, decorada com afrescos de paisagens e de pontos tur\u00edsticos do estado, as Termas se destacam pela grandiosidade de sua arquitetura. Toda a beleza e o estilo fazem com que as Termas do Grande Hotel de Arax\u00e1 sejam mais que um local de relaxamento, mas um grande banho de hist\u00f3ria, cultura e conhecimento. As famosas Termas do Tau\u00e1 Grande Hotel de Arax\u00e1 trazem diversos benef\u00edcios para voc\u00ea. Mente e corpo s\u00e3o trabalhados de diversas maneiras, afinal voc\u00ea relaxa, descansa e ainda cuida da sa\u00fade, com essas op\u00e7\u00f5es: Massoterapia, Terapias de Lama, Est\u00e9ticas, Infantis e Relaxantes.<\/p>\n<p>Assim como em todos os hot\u00e9is da rede, o Tau\u00e1 Arax\u00e1 tem a miss\u00e3o de proporcionar momentos inesquec\u00edveis, com alegria, receptividade, renova\u00e7\u00e3o e divers\u00e3o. Aconchegante como sua casa, aqui relaxamento, lazer, gastronomia e renova\u00e7\u00e3o andam de m\u00e3os dadas. Atividades para crian\u00e7as adultos, espa\u00e7os para eventos, gastronomia especial, esportes e lazer. Conhe\u00e7a tudo que o Tau\u00e1 Arax\u00e1 pode oferecer!<\/p>\n<p>Venha conhecer e desfrutar do Tau\u00e1 Grande Hotel Termas de Arax\u00e1! Voc\u00ea n\u00e3o vai se arrepender!<\/p>\n<p>Se voc\u00ea ainda n\u00e3o conhece nossas redes sociais, vem dar uma conferida no nosso<span>\u00a0<\/span><a href=\"https:\/\/www.instagram.com\/clubedeviagensmoms\/\">Instagram<\/a><span>\u00a0<\/span>e tamb\u00e9m na nossa<span>\u00a0<\/span><a href=\"https:\/\/www.facebook.com\/ClubeDeViagensMoms\/?hc_ref=ARREVFAUN6kemqQPikWPR6yOVqfolWuZ4Gm2u6EX4fJ2-jyHER8eDB5si8DvGkabbOE&amp;fref=nf&amp;__xts__[0]=68.ARAXJqd_Jm68dG9qh_a7A_hAS8hHGdRg1Cq8Je9my1EPnGBRo26TI37xs6IY6NhynKSzyIDhPcBRqvr6Nzuwi7g2W4UPO84T0-vU7mWKXia_C51FzzqVsE3HthHbuQetTo9gapY&amp;__tn__=kC-R\">p\u00e1gina do Facebook<\/a>! Ainda, temos um<span>\u00a0<\/span><a href=\"https:\/\/www.facebook.com\/groups\/clubedeviagensmoms\/\">grupo do Facebook<\/a>, ent\u00e3o, venha fazer parte!<\/p>\n<p>E se voc\u00ea quiser conferir nossos outros hot\u00e9is parceiros, clique<span>\u00a0<\/span><a href=\"http:\/\/clubedeviagensmoms.com.br\/homolog\/vamos-viajar\/hoteis\/\" target=\"_blank\" rel=\"noopener noreferrer\">aqui<\/a>!<\/p>\n","protected":false},"excerpt":{"rendered":"<p>O Tau\u00e1 Grande Hotel Termas de Arax\u00e1 oferece as melhores op\u00e7\u00f5es de relaxamento e renova\u00e7\u00e3o. Venha viver a vida com mais sorrisos!<\/p>\n","protected":false},"featured_media":1166,"comment_status":"closed","ping_status":"closed","template":"","meta":[],"product_cat":[21],"product_tag":[27,28,29,30,31,33,187,189,36,194,39,40],"class_list":["post-3996","product","type-product","status-publish","has-post-thumbnail","hentry","product_cat-hoteis","product_tag-clube-de-viagens-moms","product_tag-clube-moms","product_tag-criancas","product_tag-diversao","product_tag-diversao-em-familia","product_tag-ferias-em-familia","product_tag-minas-gerais","product_tag-parque-aquatico","product_tag-resort","product_tag-taua-grande-hotel-termas-de-araxa","product_tag-viagem-com-criancas","product_tag-viagem-em-familia","pa_destino-brasil","pa_destino-minas-gerais","pa_estrutura-lazer-academia","pa_estrutura-lazer-arco-e-flecha","pa_estrutura-lazer-atelie","pa_estrutura-lazer-bar","pa_estrutura-lazer-caiaque","pa_estrutura-lazer-caminhada","pa_estrutura-lazer-estacionamento","pa_estrutura-lazer-lago-para-pescaria","pa_estrutura-lazer-piscina","pa_estrutura-lazer-piscina-aquecida","pa_estrutura-lazer-playground","pa_estrutura-lazer-quadra-de-volei","pa_estrutura-lazer-quadra-poliesportiva","pa_estrutura-lazer-quadra-tenis","pa_estrutura-lazer-recreacao","pa_estrutura-lazer-restaurante","pa_estrutura-lazer-spa","pa_estrutura-lazer-stand-up-paddle","pa_estrutura-lazer-trilhas","pa_regime-de-alimentacao-pensao-completa","pa_servicos-opcionais-bicicleta","pa_servicos-opcionais-centro-de-convencoes","pa_servicos-opcionais-fotografia","pa_servicos-opcionais-piscina-emanatoria","pa_tipos-de-destinos-resorts"],"acf":[],"yoast_head":"<!-- This site is optimized with the Yoast SEO Premium plugin v16.0.2 (Yoast SEO v21.2) - https:\/\/yoast.com\/wordpress\/plugins\/seo\/ -->\n<title>Tau\u00e1 Grande Hotel Termas de Arax\u00e1 - Clube Moms<\/title>\n<meta name=\"description\" content=\"O Tau\u00e1 Grande Hotel Termas de Arax\u00e1 oferece as melhores op\u00e7\u00f5es de relaxamento e renova\u00e7\u00e3o. Venha viver a vida com mais sorrisos!\" \/>\n<meta name=\"robots\" content=\"index, follow, max-snippet:-1, max-image-preview:large, max-video-preview:-1\" \/>\n<link rel=\"canonical\" href=\"https:\/\/clubedeviagensmoms.com.br\/homolog\/produto\/taua-grande-hotel-termas-de-araxa\/\" \/>\n<meta property=\"og:locale\" content=\"pt_BR\" \/>\n<meta property=\"og:type\" content=\"article\" \/>\n<meta property=\"og:title\" content=\"Tau\u00e1 Grande Hotel Termas de Arax\u00e1 - Clube Moms\" \/>\n<meta property=\"og:description\" content=\"O Tau\u00e1 Grande Hotel Termas de Arax\u00e1 oferece as melhores op\u00e7\u00f5es de relaxamento e renova\u00e7\u00e3o. Venha viver a vida com mais sorrisos!\" \/>\n<meta property=\"og:url\" content=\"https:\/\/clubedeviagensmoms.com.br\/homolog\/produto\/taua-grande-hotel-termas-de-araxa\/\" \/>\n<meta property=\"og:site_name\" content=\"Clube Moms\" \/>\n<meta property=\"article:modified_time\" content=\"2023-08-30T15:26:14+00:00\" \/>\n<meta property=\"og:image\" content=\"https:\/\/clubedeviagensmoms.com.br\/homolog\/wp-content\/uploads\/2021\/10\/hotel-1024x536-1.jpg\" \/>\n\t<meta property=\"og:image:width\" content=\"1024\" \/>\n\t<meta property=\"og:image:height\" content=\"536\" \/>\n\t<meta property=\"og:image:type\" content=\"image\/jpeg\" \/>\n<meta name=\"twitter:card\" content=\"summary_large_image\" \/>\n<meta name=\"twitter:label1\" content=\"Est. tempo de leitura\" \/>\n\t<meta name=\"twitter:data1\" content=\"2 minutos\" \/>\n<script type=\"application\/ld+json\" class=\"yoast-schema-graph\">{\"@context\":\"https:\/\/schema.org\",\"@graph\":[{\"@type\":\"WebPage\",\"@id\":\"https:\/\/clubedeviagensmoms.com.br\/homolog\/produto\/taua-grande-hotel-termas-de-araxa\/\",\"url\":\"https:\/\/clubedeviagensmoms.com.br\/homolog\/produto\/taua-grande-hotel-termas-de-araxa\/\",\"name\":\"Tau\u00e1 Grande Hotel Termas de Arax\u00e1 - Clube Moms\",\"isPartOf\":{\"@id\":\"https:\/\/clubedeviagensmoms.com.br\/homolog\/#website\"},\"datePublished\":\"2021-10-29T22:55:21+00:00\",\"dateModified\":\"2023-08-30T15:26:14+00:00\",\"description\":\"O Tau\u00e1 Grande Hotel Termas de Arax\u00e1 oferece as melhores op\u00e7\u00f5es de relaxamento e renova\u00e7\u00e3o. Venha viver a vida com mais sorrisos!\",\"breadcrumb\":{\"@id\":\"https:\/\/clubedeviagensmoms.com.br\/homolog\/produto\/taua-grande-hotel-termas-de-araxa\/#breadcrumb\"},\"inLanguage\":\"pt-BR\",\"potentialAction\":[{\"@type\":\"ReadAction\",\"target\":[\"https:\/\/clubedeviagensmoms.com.br\/homolog\/produto\/taua-grande-hotel-termas-de-araxa\/\"]}]},{\"@type\":\"BreadcrumbList\",\"@id\":\"https:\/\/clubedeviagensmoms.com.br\/homolog\/produto\/taua-grande-hotel-termas-de-araxa\/#breadcrumb\",\"itemListElement\":[{\"@type\":\"ListItem\",\"position\":1,\"name\":\"Home\",\"item\":\"https:\/\/clubedeviagensmoms.com.br\/homolog\/\"},{\"@type\":\"ListItem\",\"position\":2,\"name\":\"Vamos Viajar\",\"item\":\"https:\/\/clubedeviagensmoms.com.br\/homolog\/shop\/\"},{\"@type\":\"ListItem\",\"position\":3,\"name\":\"Tau\u00e1 Grande Hotel Termas de Arax\u00e1\"}]},{\"@type\":\"WebSite\",\"@id\":\"https:\/\/clubedeviagensmoms.com.br\/homolog\/#website\",\"url\":\"https:\/\/clubedeviagensmoms.com.br\/homolog\/\",\"name\":\"Clube Moms\",\"description\":\"O Clube Moms \u00e9 uma ag\u00eancia de turismo com foco em fam\u00edlias com crian\u00e7as, que uno os conceitos de Consultoria Especializada e Clube de Vantagens.\",\"potentialAction\":[{\"@type\":\"SearchAction\",\"target\":{\"@type\":\"EntryPoint\",\"urlTemplate\":\"https:\/\/clubedeviagensmoms.com.br\/homolog\/?s={search_term_string}\"},\"query-input\":\"required name=search_term_string\"}],\"inLanguage\":\"pt-BR\"}]}<\/script>\n<!-- \/ Yoast SEO Premium plugin. -->","yoast_head_json":{"title":"Tau\u00e1 Grande Hotel Termas de Arax\u00e1 - Clube Moms","description":"O Tau\u00e1 Grande Hotel Termas de Arax\u00e1 oferece as melhores op\u00e7\u00f5es de relaxamento e renova\u00e7\u00e3o. Venha viver a vida com mais sorrisos!","robots":{"index":"index","follow":"follow","max-snippet":"max-snippet:-1","max-image-preview":"max-image-preview:large","max-video-preview":"max-video-preview:-1"},"canonical":"https:\/\/clubedeviagensmoms.com.br\/homolog\/produto\/taua-grande-hotel-termas-de-araxa\/","og_locale":"pt_BR","og_type":"article","og_title":"Tau\u00e1 Grande Hotel Termas de Arax\u00e1 - Clube Moms","og_description":"O Tau\u00e1 Grande Hotel Termas de Arax\u00e1 oferece as melhores op\u00e7\u00f5es de relaxamento e renova\u00e7\u00e3o. Venha viver a vida com mais sorrisos!","og_url":"https:\/\/clubedeviagensmoms.com.br\/homolog\/produto\/taua-grande-hotel-termas-de-araxa\/","og_site_name":"Clube Moms","article_modified_time":"2023-08-30T15:26:14+00:00","og_image":[{"width":1024,"height":536,"url":"https:\/\/clubedeviagensmoms.com.br\/homolog\/wp-content\/uploads\/2021\/10\/hotel-1024x536-1.jpg","type":"image\/jpeg"}],"twitter_card":"summary_large_image","twitter_misc":{"Est. tempo de leitura":"2 minutos"},"schema":{"@context":"https:\/\/schema.org","@graph":[{"@type":"WebPage","@id":"https:\/\/clubedeviagensmoms.com.br\/homolog\/produto\/taua-grande-hotel-termas-de-araxa\/","url":"https:\/\/clubedeviagensmoms.com.br\/homolog\/produto\/taua-grande-hotel-termas-de-araxa\/","name":"Tau\u00e1 Grande Hotel Termas de Arax\u00e1 - Clube Moms","isPartOf":{"@id":"https:\/\/clubedeviagensmoms.com.br\/homolog\/#website"},"datePublished":"2021-10-29T22:55:21+00:00","dateModified":"2023-08-30T15:26:14+00:00","description":"O Tau\u00e1 Grande Hotel Termas de Arax\u00e1 oferece as melhores op\u00e7\u00f5es de relaxamento e renova\u00e7\u00e3o. Venha viver a vida com mais sorrisos!","breadcrumb":{"@id":"https:\/\/clubedeviagensmoms.com.br\/homolog\/produto\/taua-grande-hotel-termas-de-araxa\/#breadcrumb"},"inLanguage":"pt-BR","potentialAction":[{"@type":"ReadAction","target":["https:\/\/clubedeviagensmoms.com.br\/homolog\/produto\/taua-grande-hotel-termas-de-araxa\/"]}]},{"@type":"BreadcrumbList","@id":"https:\/\/clubedeviagensmoms.com.br\/homolog\/produto\/taua-grande-hotel-termas-de-araxa\/#breadcrumb","itemListElement":[{"@type":"ListItem","position":1,"name":"Home","item":"https:\/\/clubedeviagensmoms.com.br\/homolog\/"},{"@type":"ListItem","position":2,"name":"Vamos Viajar","item":"https:\/\/clubedeviagensmoms.com.br\/homolog\/shop\/"},{"@type":"ListItem","position":3,"name":"Tau\u00e1 Grande Hotel Termas de Arax\u00e1"}]},{"@type":"WebSite","@id":"https:\/\/clubedeviagensmoms.com.br\/homolog\/#website","url":"https:\/\/clubedeviagensmoms.com.br\/homolog\/","name":"Clube Moms","description":"O Clube Moms \u00e9 uma ag\u00eancia de turismo com foco em fam\u00edlias com crian\u00e7as, que uno os conceitos de Consultoria Especializada e Clube de Vantagens.","potentialAction":[{"@type":"SearchAction","target":{"@type":"EntryPoint","urlTemplate":"https:\/\/clubedeviagensmoms.com.br\/homolog\/?s={search_term_string}"},"query-input":"required name=search_term_string"}],"inLanguage":"pt-BR"}]}},"_links":{"self":[{"href":"https:\/\/clubedeviagensmoms.com.br\/homolog\/wp-json\/wp\/v2\/product\/3996","targetHints":{"allow":["GET"]}}],"collection":[{"href":"https:\/\/clubedeviagensmoms.com.br\/homolog\/wp-json\/wp\/v2\/product"}],"about":[{"href":"https:\/\/clubedeviagensmoms.com.br\/homolog\/wp-json\/wp\/v2\/types\/product"}],"replies":[{"embeddable":true,"href":"https:\/\/clubedeviagensmoms.com.br\/homolog\/wp-json\/wp\/v2\/comments?post=3996"}],"wp:featuredmedia":[{"embeddable":true,"href":"https:\/\/clubedeviagensmoms.com.br\/homolog\/wp-json\/wp\/v2\/media\/1166"}],"wp:attachment":[{"href":"https:\/\/clubedeviagensmoms.com.br\/homolog\/wp-json\/wp\/v2\/media?parent=3996"}],"wp:term":[{"taxonomy":"product_cat","embeddable":true,"href":"https:\/\/clubedeviagensmoms.com.br\/homolog\/wp-json\/wp\/v2\/product_cat?post=3996"},{"taxonomy":"product_tag","embeddable":true,"href":"https:\/\/clubedeviagensmoms.com.br\/homolog\/wp-json\/wp\/v2\/product_tag?post=3996"}],"curies":[{"name":"wp","href":"https:\/\/api.w.org\/{rel}","templated":true}]}}