{"id":4001,"date":"2021-10-29T19:55:21","date_gmt":"2021-10-29T22:55:21","guid":{"rendered":"http:\/\/clubedeviagensmoms.com.br\/homolog\/taober_wp\/?post_type=product&#038;p=4001"},"modified":"2023-08-30T12:26:11","modified_gmt":"2023-08-30T15:26:11","slug":"rio-quente-suite-flat-i","status":"publish","type":"product","link":"https:\/\/clubedeviagensmoms.com.br\/homolog\/produto\/rio-quente-suite-flat-i\/","title":{"rendered":"Rio Quente Su\u00edte &#038; Flat I"},"content":{"rendered":"<p>O<span>\u00a0<\/span><strong>Hotel Rio Quente Su\u00edte &amp; Flat I<\/strong><span>\u00a0<\/span>\u00e9 ideal para quem busca conforto e economia no para\u00edso das \u00e1guas quentes. E para mais facilidade em sua viagem, o hotel est\u00e1 localizado a apenas 800 m da entrada do complexo do Rio Quente!<\/p>\n<p>Enquanto estiver no hotel, voc\u00ea e sua fam\u00edlia podem aproveitar o relaxante banho na piscina com \u00e1guas naturalmente quentes. Ainda, podem fazer suas refei\u00e7\u00f5es no restaurante com vista para piscina e at\u00e9 mesmo curtir uma \u00e1rea exclusiva da Praia do Cerrado. Por conta do\u00a0servi\u00e7o de<span>\u00a0<\/span><em>transfer<\/em><span>\u00a0<\/span>gratuito 24 horas por dia para o Parque das Fontes e o Hot Park, voc\u00ea poder\u00e1 relaxar e se divertir a qualquer momento do dia.<\/p>\n<p>Mas, se o que voc\u00ea busca \u00e9 aventura, n\u00e3o se preocupe, o Flat I do Rio Quente oferece acesso ilimitado para o Eko Aventura Park, que est\u00e1 localizado a apenas cinco minutos do Hot Park!<\/p>\n<p>Constru\u00eddo em uma \u00e1rea bastante arborizada com vistas de tirar o f\u00f4lego, o hotel \u00e9 o local ideal para relaxar e esquecer as correrias di\u00e1rias. Ainda, possui uma piscina com \u00e1guas naturalmente quentes, que \u00e9 sempre uma boa op\u00e7\u00e3o, nem que seja como parte do cen\u00e1rio que acompanha seu almo\u00e7o. Assim, toda a estrutura do hotel do Rio Quente \u00e9 projetada para ser divertida e aconchegante!<\/p>\n<p>Com tudo isso, voc\u00ea aproveita o melhor custo-benef\u00edcio do Rio Quente para grandes fam\u00edlias. N\u00e3o d\u00e1 para ficar de fora, n\u00e3o \u00e9 mesmo?<\/p>\n<p>&nbsp;<\/p>\n<p>Venha conhecer e desfrutar do Rio Quente Su\u00edte &amp; Flat! Voc\u00ea n\u00e3o vai se arrepender!<\/p>\n<p>Se voc\u00ea ainda n\u00e3o conhece nossas redes sociais, vem dar uma conferida no nosso<span>\u00a0<\/span><a href=\"https:\/\/www.instagram.com\/clubedeviagensmoms\/\">Instagram<\/a><span>\u00a0<\/span>e tamb\u00e9m na nossa<span>\u00a0<\/span><a href=\"https:\/\/www.facebook.com\/ClubeDeViagensMoms\/?hc_ref=ARREVFAUN6kemqQPikWPR6yOVqfolWuZ4Gm2u6EX4fJ2-jyHER8eDB5si8DvGkabbOE&amp;fref=nf&amp;__xts__[0]=68.ARAXJqd_Jm68dG9qh_a7A_hAS8hHGdRg1Cq8Je9my1EPnGBRo26TI37xs6IY6NhynKSzyIDhPcBRqvr6Nzuwi7g2W4UPO84T0-vU7mWKXia_C51FzzqVsE3HthHbuQetTo9gapY&amp;__tn__=kC-R\">p\u00e1gina do Facebook<\/a>! Al\u00e9m disso, temos um<span>\u00a0<\/span><a href=\"https:\/\/www.facebook.com\/groups\/clubedeviagensmoms\/\">grupo do Facebook<\/a>, ent\u00e3o, venha fazer parte!<\/p>\n<p>E, por fim, se voc\u00ea quiser conferir nossos outros hot\u00e9is parceiros, clique<span>\u00a0<\/span><a href=\"http:\/\/clubedeviagensmoms.com.br\/homolog\/vamos-viajar\/hoteis\/\" target=\"_blank\" rel=\"noopener noreferrer\">aqui<\/a>!<\/p>\n","protected":false},"excerpt":{"rendered":"<p>Rio Quente Su\u00edte &amp; Flat I: ideal para quem busca conforto e economia no para\u00edso das \u00e1guas quentes. N\u00e3o d\u00e1 para ficar de fora, n\u00e3o \u00e9 mesmo?<\/p>\n","protected":false},"featured_media":1235,"comment_status":"closed","ping_status":"closed","template":"","meta":[],"product_cat":[21],"product_tag":[],"class_list":["post-4001","product","type-product","status-publish","has-post-thumbnail","hentry","product_cat-hoteis","pa_destino-goias","pa_estrutura-lazer-academia","pa_estrutura-lazer-bar","pa_estrutura-lazer-esportes-radicais","pa_estrutura-lazer-estacionamento","pa_estrutura-lazer-kids-club","pa_estrutura-lazer-lago-para-pescaria","pa_estrutura-lazer-parque-aquatico","pa_estrutura-lazer-piscina","pa_estrutura-lazer-restaurante","pa_regime-de-alimentacao-meia-pensao","pa_servicos-opcionais-spa","pa_tipos-de-destinos-resorts"],"acf":[],"yoast_head":"<!-- This site is optimized with the Yoast SEO Premium plugin v16.0.2 (Yoast SEO v21.2) - https:\/\/yoast.com\/wordpress\/plugins\/seo\/ -->\n<title>Rio Quente Su\u00edte &amp; Flat I - Clube Moms<\/title>\n<meta name=\"description\" content=\"Rio Quente Su\u00edte &amp; Flat I: ideal para quem busca conforto e economia no para\u00edso das \u00e1guas quentes. N\u00e3o d\u00e1 para ficar de fora, n\u00e3o \u00e9 mesmo?\" \/>\n<meta name=\"robots\" content=\"index, follow, max-snippet:-1, max-image-preview:large, max-video-preview:-1\" \/>\n<link rel=\"canonical\" href=\"https:\/\/clubedeviagensmoms.com.br\/homolog\/produto\/rio-quente-suite-flat-i\/\" \/>\n<meta property=\"og:locale\" content=\"pt_BR\" \/>\n<meta property=\"og:type\" content=\"article\" \/>\n<meta property=\"og:title\" content=\"Rio Quente Su\u00edte &amp; Flat I - Clube Moms\" \/>\n<meta property=\"og:description\" content=\"Rio Quente Su\u00edte &amp; Flat I: ideal para quem busca conforto e economia no para\u00edso das \u00e1guas quentes. N\u00e3o d\u00e1 para ficar de fora, n\u00e3o \u00e9 mesmo?\" \/>\n<meta property=\"og:url\" content=\"https:\/\/clubedeviagensmoms.com.br\/homolog\/produto\/rio-quente-suite-flat-i\/\" \/>\n<meta property=\"og:site_name\" content=\"Clube Moms\" \/>\n<meta property=\"article:modified_time\" content=\"2023-08-30T15:26:11+00:00\" \/>\n<meta property=\"og:image\" content=\"https:\/\/clubedeviagensmoms.com.br\/homolog\/wp-content\/uploads\/2021\/10\/Visao-Geral-Rio-Quente-Suite-Flat-I-1024x536-1.jpg\" \/>\n\t<meta property=\"og:image:width\" content=\"1024\" \/>\n\t<meta property=\"og:image:height\" content=\"536\" \/>\n\t<meta property=\"og:image:type\" content=\"image\/jpeg\" \/>\n<meta name=\"twitter:card\" content=\"summary_large_image\" \/>\n<meta name=\"twitter:label1\" content=\"Est. tempo de leitura\" \/>\n\t<meta name=\"twitter:data1\" content=\"2 minutos\" \/>\n<script type=\"application\/ld+json\" class=\"yoast-schema-graph\">{\"@context\":\"https:\/\/schema.org\",\"@graph\":[{\"@type\":\"WebPage\",\"@id\":\"https:\/\/clubedeviagensmoms.com.br\/homolog\/produto\/rio-quente-suite-flat-i\/\",\"url\":\"https:\/\/clubedeviagensmoms.com.br\/homolog\/produto\/rio-quente-suite-flat-i\/\",\"name\":\"Rio Quente Su\u00edte & Flat I - Clube Moms\",\"isPartOf\":{\"@id\":\"https:\/\/clubedeviagensmoms.com.br\/homolog\/#website\"},\"datePublished\":\"2021-10-29T22:55:21+00:00\",\"dateModified\":\"2023-08-30T15:26:11+00:00\",\"description\":\"Rio Quente Su\u00edte &amp; Flat I: ideal para quem busca conforto e economia no para\u00edso das \u00e1guas quentes. N\u00e3o d\u00e1 para ficar de fora, n\u00e3o \u00e9 mesmo?\",\"breadcrumb\":{\"@id\":\"https:\/\/clubedeviagensmoms.com.br\/homolog\/produto\/rio-quente-suite-flat-i\/#breadcrumb\"},\"inLanguage\":\"pt-BR\",\"potentialAction\":[{\"@type\":\"ReadAction\",\"target\":[\"https:\/\/clubedeviagensmoms.com.br\/homolog\/produto\/rio-quente-suite-flat-i\/\"]}]},{\"@type\":\"BreadcrumbList\",\"@id\":\"https:\/\/clubedeviagensmoms.com.br\/homolog\/produto\/rio-quente-suite-flat-i\/#breadcrumb\",\"itemListElement\":[{\"@type\":\"ListItem\",\"position\":1,\"name\":\"Home\",\"item\":\"https:\/\/clubedeviagensmoms.com.br\/homolog\/\"},{\"@type\":\"ListItem\",\"position\":2,\"name\":\"Vamos Viajar\",\"item\":\"https:\/\/clubedeviagensmoms.com.br\/homolog\/shop\/\"},{\"@type\":\"ListItem\",\"position\":3,\"name\":\"Rio Quente Su\u00edte &#038; Flat I\"}]},{\"@type\":\"WebSite\",\"@id\":\"https:\/\/clubedeviagensmoms.com.br\/homolog\/#website\",\"url\":\"https:\/\/clubedeviagensmoms.com.br\/homolog\/\",\"name\":\"Clube Moms\",\"description\":\"O Clube Moms \u00e9 uma ag\u00eancia de turismo com foco em fam\u00edlias com crian\u00e7as, que uno os conceitos de Consultoria Especializada e Clube de Vantagens.\",\"potentialAction\":[{\"@type\":\"SearchAction\",\"target\":{\"@type\":\"EntryPoint\",\"urlTemplate\":\"https:\/\/clubedeviagensmoms.com.br\/homolog\/?s={search_term_string}\"},\"query-input\":\"required name=search_term_string\"}],\"inLanguage\":\"pt-BR\"}]}<\/script>\n<!-- \/ Yoast SEO Premium plugin. -->","yoast_head_json":{"title":"Rio Quente Su\u00edte & Flat I - Clube Moms","description":"Rio Quente Su\u00edte &amp; Flat I: ideal para quem busca conforto e economia no para\u00edso das \u00e1guas quentes. N\u00e3o d\u00e1 para ficar de fora, n\u00e3o \u00e9 mesmo?","robots":{"index":"index","follow":"follow","max-snippet":"max-snippet:-1","max-image-preview":"max-image-preview:large","max-video-preview":"max-video-preview:-1"},"canonical":"https:\/\/clubedeviagensmoms.com.br\/homolog\/produto\/rio-quente-suite-flat-i\/","og_locale":"pt_BR","og_type":"article","og_title":"Rio Quente Su\u00edte & Flat I - Clube Moms","og_description":"Rio Quente Su\u00edte &amp; Flat I: ideal para quem busca conforto e economia no para\u00edso das \u00e1guas quentes. N\u00e3o d\u00e1 para ficar de fora, n\u00e3o \u00e9 mesmo?","og_url":"https:\/\/clubedeviagensmoms.com.br\/homolog\/produto\/rio-quente-suite-flat-i\/","og_site_name":"Clube Moms","article_modified_time":"2023-08-30T15:26:11+00:00","og_image":[{"width":1024,"height":536,"url":"https:\/\/clubedeviagensmoms.com.br\/homolog\/wp-content\/uploads\/2021\/10\/Visao-Geral-Rio-Quente-Suite-Flat-I-1024x536-1.jpg","type":"image\/jpeg"}],"twitter_card":"summary_large_image","twitter_misc":{"Est. tempo de leitura":"2 minutos"},"schema":{"@context":"https:\/\/schema.org","@graph":[{"@type":"WebPage","@id":"https:\/\/clubedeviagensmoms.com.br\/homolog\/produto\/rio-quente-suite-flat-i\/","url":"https:\/\/clubedeviagensmoms.com.br\/homolog\/produto\/rio-quente-suite-flat-i\/","name":"Rio Quente Su\u00edte & Flat I - Clube Moms","isPartOf":{"@id":"https:\/\/clubedeviagensmoms.com.br\/homolog\/#website"},"datePublished":"2021-10-29T22:55:21+00:00","dateModified":"2023-08-30T15:26:11+00:00","description":"Rio Quente Su\u00edte &amp; Flat I: ideal para quem busca conforto e economia no para\u00edso das \u00e1guas quentes. N\u00e3o d\u00e1 para ficar de fora, n\u00e3o \u00e9 mesmo?","breadcrumb":{"@id":"https:\/\/clubedeviagensmoms.com.br\/homolog\/produto\/rio-quente-suite-flat-i\/#breadcrumb"},"inLanguage":"pt-BR","potentialAction":[{"@type":"ReadAction","target":["https:\/\/clubedeviagensmoms.com.br\/homolog\/produto\/rio-quente-suite-flat-i\/"]}]},{"@type":"BreadcrumbList","@id":"https:\/\/clubedeviagensmoms.com.br\/homolog\/produto\/rio-quente-suite-flat-i\/#breadcrumb","itemListElement":[{"@type":"ListItem","position":1,"name":"Home","item":"https:\/\/clubedeviagensmoms.com.br\/homolog\/"},{"@type":"ListItem","position":2,"name":"Vamos Viajar","item":"https:\/\/clubedeviagensmoms.com.br\/homolog\/shop\/"},{"@type":"ListItem","position":3,"name":"Rio Quente Su\u00edte &#038; Flat I"}]},{"@type":"WebSite","@id":"https:\/\/clubedeviagensmoms.com.br\/homolog\/#website","url":"https:\/\/clubedeviagensmoms.com.br\/homolog\/","name":"Clube Moms","description":"O Clube Moms \u00e9 uma ag\u00eancia de turismo com foco em fam\u00edlias com crian\u00e7as, que uno os conceitos de Consultoria Especializada e Clube de Vantagens.","potentialAction":[{"@type":"SearchAction","target":{"@type":"EntryPoint","urlTemplate":"https:\/\/clubedeviagensmoms.com.br\/homolog\/?s={search_term_string}"},"query-input":"required name=search_term_string"}],"inLanguage":"pt-BR"}]}},"_links":{"self":[{"href":"https:\/\/clubedeviagensmoms.com.br\/homolog\/wp-json\/wp\/v2\/product\/4001","targetHints":{"allow":["GET"]}}],"collection":[{"href":"https:\/\/clubedeviagensmoms.com.br\/homolog\/wp-json\/wp\/v2\/product"}],"about":[{"href":"https:\/\/clubedeviagensmoms.com.br\/homolog\/wp-json\/wp\/v2\/types\/product"}],"replies":[{"embeddable":true,"href":"https:\/\/clubedeviagensmoms.com.br\/homolog\/wp-json\/wp\/v2\/comments?post=4001"}],"wp:featuredmedia":[{"embeddable":true,"href":"https:\/\/clubedeviagensmoms.com.br\/homolog\/wp-json\/wp\/v2\/media\/1235"}],"wp:attachment":[{"href":"https:\/\/clubedeviagensmoms.com.br\/homolog\/wp-json\/wp\/v2\/media?parent=4001"}],"wp:term":[{"taxonomy":"product_cat","embeddable":true,"href":"https:\/\/clubedeviagensmoms.com.br\/homolog\/wp-json\/wp\/v2\/product_cat?post=4001"},{"taxonomy":"product_tag","embeddable":true,"href":"https:\/\/clubedeviagensmoms.com.br\/homolog\/wp-json\/wp\/v2\/product_tag?post=4001"}],"curies":[{"name":"wp","href":"https:\/\/api.w.org\/{rel}","templated":true}]}}