{"id":4004,"date":"2021-10-29T19:55:22","date_gmt":"2021-10-29T22:55:22","guid":{"rendered":"http:\/\/clubedeviagensmoms.com.br\/homolog\/taober_wp\/?post_type=product&#038;p=4004"},"modified":"2023-08-30T12:26:09","modified_gmt":"2023-08-30T15:26:09","slug":"rancho-do-peixe","status":"publish","type":"product","link":"https:\/\/clubedeviagensmoms.com.br\/homolog\/produto\/rancho-do-peixe\/","title":{"rendered":"Rancho do Peixe"},"content":{"rendered":"<p>Um grupo de esportistas apaixonados pelos ventos constantes e pela cultura do Cear\u00e1: assim nasceu o Rancho do Peixe. As experi\u00eancias incr\u00edveis podem ser baseadas na simplicidade. Dessa forma, o hotel se inspirou no kitesurf, em que um motor natural leva o homem por grandes dist\u00e2ncias ao sabor do mesmo vento que nos acompanha desde o come\u00e7o dos tempos.<\/p>\n<p>Assim \u00e9 o Rancho: o conforto da boa hotelaria aliado a uma arquitetura aberta e r\u00fastica para deixar a brisa do Cear\u00e1 abra\u00e7ar os h\u00f3spedes a todo momento. A sofistica\u00e7\u00e3o da boa gastronomia, os recantos privativos para voc\u00ea relaxar e os servi\u00e7os de alta qualidade com um gostinho de vila de pescadores.<\/p>\n<p>Os espa\u00e7os comuns s\u00e3o integrados com a \u00e1rea central da pousada, onde fica a piscina, com raia de 25 m\u00b2 para voc\u00ea nadar enquanto curte o sol cearense. S\u00e3o dois lounges, o primeiro com TV a cabo, mesa de sinuca, pebolim, \u00e9 ideal para as crian\u00e7as. Nele, todos os dias, servimos um delicioso e refrescante ch\u00e1 da tarde!<\/p>\n<p>E o segundo, o Lounge da Azeitoneira, que fica no caminho da praia, foi feito aproveitando a copa de uma enorme azeitoneira, muito antiga na regi\u00e3o, para criarmos um ambiente decorado com mobili\u00e1rio feito de madeira local, redes para meditar, ler e dormir. E este lounge \u00e9 t\u00e3o especial que algumas pessoas at\u00e9 se casam aqui!<\/p>\n<p>&nbsp;<\/p>\n<p>Venha conhecer e desfrutar do Rancho do Peixe! Voc\u00ea n\u00e3o vai se arrepender!<\/p>\n<p>Se voc\u00ea ainda n\u00e3o conhece nossas redes sociais, vem dar uma conferida no nosso<span>\u00a0<\/span><a href=\"https:\/\/www.instagram.com\/clubedeviagensmoms\/\">Instagram<\/a><span>\u00a0<\/span>e tamb\u00e9m na nossa<span>\u00a0<\/span><a href=\"https:\/\/www.facebook.com\/ClubeDeViagensMoms\/?hc_ref=ARREVFAUN6kemqQPikWPR6yOVqfolWuZ4Gm2u6EX4fJ2-jyHER8eDB5si8DvGkabbOE&amp;fref=nf&amp;__xts__[0]=68.ARAXJqd_Jm68dG9qh_a7A_hAS8hHGdRg1Cq8Je9my1EPnGBRo26TI37xs6IY6NhynKSzyIDhPcBRqvr6Nzuwi7g2W4UPO84T0-vU7mWKXia_C51FzzqVsE3HthHbuQetTo9gapY&amp;__tn__=kC-R\">p\u00e1gina do Facebook<\/a>! Ainda, temos um<span>\u00a0<\/span><a href=\"https:\/\/www.facebook.com\/groups\/clubedeviagensmoms\/\">grupo do Facebook<\/a>, ent\u00e3o, venha fazer parte!<\/p>\n<p>E se voc\u00ea quiser conferir nossos outros hot\u00e9is parceiros, clique<span>\u00a0<\/span><a href=\"http:\/\/clubedeviagensmoms.com.br\/homolog\/vamos-viajar\/hoteis\/\" target=\"_blank\" rel=\"noopener noreferrer\">aqui<\/a>!<\/p>\n","protected":false},"excerpt":{"rendered":"<p>Rancho do Peixe: o conforto da boa hotelaria aliado a uma arquitetura aberta e r\u00fastica para deixar a brisa do Cear\u00e1 abra\u00e7ar os h\u00f3spedes a todo momento!<\/p>\n","protected":false},"featured_media":1263,"comment_status":"closed","ping_status":"closed","template":"","meta":[],"product_cat":[21],"product_tag":[27,28,29,30,31,32,33,177,178,34,205,38,39,59],"class_list":["post-4004","product","type-product","status-publish","has-post-thumbnail","hentry","product_cat-hoteis","product_tag-clube-de-viagens-moms","product_tag-clube-moms","product_tag-criancas","product_tag-diversao","product_tag-diversao-em-familia","product_tag-ferias","product_tag-ferias-em-familia","product_tag-jeri","product_tag-jericoacoara","product_tag-nordeste","product_tag-rancho-do-peixe","product_tag-viagem","product_tag-viagem-com-criancas","product_tag-viagem-em-familia-nao","pa_destino-ceara","pa_estrutura-lazer-bar","pa_estrutura-lazer-piscina","pa_estrutura-lazer-restaurante","pa_estrutura-lazer-sala-de-tv","pa_estrutura-lazer-salao-de-jogos","pa_regime-de-alimentacao-cafe-da-manha","pa_servicos-opcionais-esportes-radicais","pa_servicos-opcionais-lavanderia","pa_servicos-opcionais-servico-de-massagem","pa_servicos-opcionais-spa","pa_servicos-opcionais-windsurf","pa_tipos-de-destinos-pe-na-areia","pa_tipos-de-destinos-praia"],"acf":[],"yoast_head":"<!-- This site is optimized with the Yoast SEO Premium plugin v16.0.2 (Yoast SEO v21.2) - https:\/\/yoast.com\/wordpress\/plugins\/seo\/ -->\n<title>Rancho do Peixe - Clube Moms<\/title>\n<meta name=\"description\" content=\"Rancho do Peixe: o conforto da boa hotelaria aliado a uma arquitetura aberta e r\u00fastica para deixar a brisa do Cear\u00e1 abra\u00e7ar os h\u00f3spedes a todo momento!\" \/>\n<meta name=\"robots\" content=\"index, follow, max-snippet:-1, max-image-preview:large, max-video-preview:-1\" \/>\n<link rel=\"canonical\" href=\"https:\/\/clubedeviagensmoms.com.br\/homolog\/produto\/rancho-do-peixe\/\" \/>\n<meta property=\"og:locale\" content=\"pt_BR\" \/>\n<meta property=\"og:type\" content=\"article\" \/>\n<meta property=\"og:title\" content=\"Rancho do Peixe - Clube Moms\" \/>\n<meta property=\"og:description\" content=\"Rancho do Peixe: o conforto da boa hotelaria aliado a uma arquitetura aberta e r\u00fastica para deixar a brisa do Cear\u00e1 abra\u00e7ar os h\u00f3spedes a todo momento!\" \/>\n<meta property=\"og:url\" content=\"https:\/\/clubedeviagensmoms.com.br\/homolog\/produto\/rancho-do-peixe\/\" \/>\n<meta property=\"og:site_name\" content=\"Clube Moms\" \/>\n<meta property=\"article:modified_time\" content=\"2023-08-30T15:26:09+00:00\" \/>\n<meta name=\"twitter:card\" content=\"summary_large_image\" \/>\n<meta name=\"twitter:image\" content=\"https:\/\/clubedeviagensmoms.com.br\/homolog\/wp-content\/uploads\/2021\/10\/rancho-do-peixe-acomodacao-11-na-areia.jpg\" \/>\n<meta name=\"twitter:label1\" content=\"Est. tempo de leitura\" \/>\n\t<meta name=\"twitter:data1\" content=\"2 minutos\" \/>\n<script type=\"application\/ld+json\" class=\"yoast-schema-graph\">{\"@context\":\"https:\/\/schema.org\",\"@graph\":[{\"@type\":\"WebPage\",\"@id\":\"https:\/\/clubedeviagensmoms.com.br\/homolog\/produto\/rancho-do-peixe\/\",\"url\":\"https:\/\/clubedeviagensmoms.com.br\/homolog\/produto\/rancho-do-peixe\/\",\"name\":\"Rancho do Peixe - Clube Moms\",\"isPartOf\":{\"@id\":\"https:\/\/clubedeviagensmoms.com.br\/homolog\/#website\"},\"datePublished\":\"2021-10-29T22:55:22+00:00\",\"dateModified\":\"2023-08-30T15:26:09+00:00\",\"description\":\"Rancho do Peixe: o conforto da boa hotelaria aliado a uma arquitetura aberta e r\u00fastica para deixar a brisa do Cear\u00e1 abra\u00e7ar os h\u00f3spedes a todo momento!\",\"breadcrumb\":{\"@id\":\"https:\/\/clubedeviagensmoms.com.br\/homolog\/produto\/rancho-do-peixe\/#breadcrumb\"},\"inLanguage\":\"pt-BR\",\"potentialAction\":[{\"@type\":\"ReadAction\",\"target\":[\"https:\/\/clubedeviagensmoms.com.br\/homolog\/produto\/rancho-do-peixe\/\"]}]},{\"@type\":\"BreadcrumbList\",\"@id\":\"https:\/\/clubedeviagensmoms.com.br\/homolog\/produto\/rancho-do-peixe\/#breadcrumb\",\"itemListElement\":[{\"@type\":\"ListItem\",\"position\":1,\"name\":\"Home\",\"item\":\"https:\/\/clubedeviagensmoms.com.br\/homolog\/\"},{\"@type\":\"ListItem\",\"position\":2,\"name\":\"Vamos Viajar\",\"item\":\"https:\/\/clubedeviagensmoms.com.br\/homolog\/shop\/\"},{\"@type\":\"ListItem\",\"position\":3,\"name\":\"Rancho do Peixe\"}]},{\"@type\":\"WebSite\",\"@id\":\"https:\/\/clubedeviagensmoms.com.br\/homolog\/#website\",\"url\":\"https:\/\/clubedeviagensmoms.com.br\/homolog\/\",\"name\":\"Clube Moms\",\"description\":\"O Clube Moms \u00e9 uma ag\u00eancia de turismo com foco em fam\u00edlias com crian\u00e7as, que uno os conceitos de Consultoria Especializada e Clube de Vantagens.\",\"potentialAction\":[{\"@type\":\"SearchAction\",\"target\":{\"@type\":\"EntryPoint\",\"urlTemplate\":\"https:\/\/clubedeviagensmoms.com.br\/homolog\/?s={search_term_string}\"},\"query-input\":\"required name=search_term_string\"}],\"inLanguage\":\"pt-BR\"}]}<\/script>\n<!-- \/ Yoast SEO Premium plugin. -->","yoast_head_json":{"title":"Rancho do Peixe - Clube Moms","description":"Rancho do Peixe: o conforto da boa hotelaria aliado a uma arquitetura aberta e r\u00fastica para deixar a brisa do Cear\u00e1 abra\u00e7ar os h\u00f3spedes a todo momento!","robots":{"index":"index","follow":"follow","max-snippet":"max-snippet:-1","max-image-preview":"max-image-preview:large","max-video-preview":"max-video-preview:-1"},"canonical":"https:\/\/clubedeviagensmoms.com.br\/homolog\/produto\/rancho-do-peixe\/","og_locale":"pt_BR","og_type":"article","og_title":"Rancho do Peixe - Clube Moms","og_description":"Rancho do Peixe: o conforto da boa hotelaria aliado a uma arquitetura aberta e r\u00fastica para deixar a brisa do Cear\u00e1 abra\u00e7ar os h\u00f3spedes a todo momento!","og_url":"https:\/\/clubedeviagensmoms.com.br\/homolog\/produto\/rancho-do-peixe\/","og_site_name":"Clube Moms","article_modified_time":"2023-08-30T15:26:09+00:00","twitter_card":"summary_large_image","twitter_image":"https:\/\/clubedeviagensmoms.com.br\/homolog\/wp-content\/uploads\/2021\/10\/rancho-do-peixe-acomodacao-11-na-areia.jpg","twitter_misc":{"Est. tempo de leitura":"2 minutos"},"schema":{"@context":"https:\/\/schema.org","@graph":[{"@type":"WebPage","@id":"https:\/\/clubedeviagensmoms.com.br\/homolog\/produto\/rancho-do-peixe\/","url":"https:\/\/clubedeviagensmoms.com.br\/homolog\/produto\/rancho-do-peixe\/","name":"Rancho do Peixe - Clube Moms","isPartOf":{"@id":"https:\/\/clubedeviagensmoms.com.br\/homolog\/#website"},"datePublished":"2021-10-29T22:55:22+00:00","dateModified":"2023-08-30T15:26:09+00:00","description":"Rancho do Peixe: o conforto da boa hotelaria aliado a uma arquitetura aberta e r\u00fastica para deixar a brisa do Cear\u00e1 abra\u00e7ar os h\u00f3spedes a todo momento!","breadcrumb":{"@id":"https:\/\/clubedeviagensmoms.com.br\/homolog\/produto\/rancho-do-peixe\/#breadcrumb"},"inLanguage":"pt-BR","potentialAction":[{"@type":"ReadAction","target":["https:\/\/clubedeviagensmoms.com.br\/homolog\/produto\/rancho-do-peixe\/"]}]},{"@type":"BreadcrumbList","@id":"https:\/\/clubedeviagensmoms.com.br\/homolog\/produto\/rancho-do-peixe\/#breadcrumb","itemListElement":[{"@type":"ListItem","position":1,"name":"Home","item":"https:\/\/clubedeviagensmoms.com.br\/homolog\/"},{"@type":"ListItem","position":2,"name":"Vamos Viajar","item":"https:\/\/clubedeviagensmoms.com.br\/homolog\/shop\/"},{"@type":"ListItem","position":3,"name":"Rancho do Peixe"}]},{"@type":"WebSite","@id":"https:\/\/clubedeviagensmoms.com.br\/homolog\/#website","url":"https:\/\/clubedeviagensmoms.com.br\/homolog\/","name":"Clube Moms","description":"O Clube Moms \u00e9 uma ag\u00eancia de turismo com foco em fam\u00edlias com crian\u00e7as, que uno os conceitos de Consultoria Especializada e Clube de Vantagens.","potentialAction":[{"@type":"SearchAction","target":{"@type":"EntryPoint","urlTemplate":"https:\/\/clubedeviagensmoms.com.br\/homolog\/?s={search_term_string}"},"query-input":"required name=search_term_string"}],"inLanguage":"pt-BR"}]}},"_links":{"self":[{"href":"https:\/\/clubedeviagensmoms.com.br\/homolog\/wp-json\/wp\/v2\/product\/4004","targetHints":{"allow":["GET"]}}],"collection":[{"href":"https:\/\/clubedeviagensmoms.com.br\/homolog\/wp-json\/wp\/v2\/product"}],"about":[{"href":"https:\/\/clubedeviagensmoms.com.br\/homolog\/wp-json\/wp\/v2\/types\/product"}],"replies":[{"embeddable":true,"href":"https:\/\/clubedeviagensmoms.com.br\/homolog\/wp-json\/wp\/v2\/comments?post=4004"}],"wp:featuredmedia":[{"embeddable":true,"href":"https:\/\/clubedeviagensmoms.com.br\/homolog\/wp-json\/wp\/v2\/media\/1263"}],"wp:attachment":[{"href":"https:\/\/clubedeviagensmoms.com.br\/homolog\/wp-json\/wp\/v2\/media?parent=4004"}],"wp:term":[{"taxonomy":"product_cat","embeddable":true,"href":"https:\/\/clubedeviagensmoms.com.br\/homolog\/wp-json\/wp\/v2\/product_cat?post=4004"},{"taxonomy":"product_tag","embeddable":true,"href":"https:\/\/clubedeviagensmoms.com.br\/homolog\/wp-json\/wp\/v2\/product_tag?post=4004"}],"curies":[{"name":"wp","href":"https:\/\/api.w.org\/{rel}","templated":true}]}}