{"id":4006,"date":"2021-10-29T19:55:22","date_gmt":"2021-10-29T22:55:22","guid":{"rendered":"http:\/\/clubedeviagensmoms.com.br\/homolog\/taober_wp\/?post_type=product&#038;p=4006"},"modified":"2023-08-30T12:26:08","modified_gmt":"2023-08-30T15:26:08","slug":"pousada-porto-imperial","status":"publish","type":"product","link":"https:\/\/clubedeviagensmoms.com.br\/homolog\/produto\/pousada-porto-imperial\/","title":{"rendered":"Pousada Porto Imperial"},"content":{"rendered":"<p>A Pousada Porto Imperial est\u00e1 localizada no cora\u00e7\u00e3o do centro hist\u00f3rico da cidade de Paraty, e, al\u00e9m de ser hist\u00f3rica, com pontos tur\u00edsticos bastante procurados, oferece tamb\u00e9m um calend\u00e1rio cultural muito atraente. S\u00e3o eventos, festas, festivas, bem como encontros que abrangem v\u00e1rias \u00e1reas, com atrativos para os mais variados gostos.<\/p>\n<p>O casar\u00e3o que possui o charme do s\u00e9c. XVIII com o conforto da atualidade, foi pensado e projetado para lhe proporcionar momentos de relaxamento e puro prazer. Aqui, voc\u00ea encontrar\u00e1 piscina com hidromassagem, sauna \u00e0 vapor, sala de massagem, bem como lounge em amplo e belo jardim de inverno com brom\u00e9lias, orqu\u00eddeas e outras plantas nativas da Mata Atl\u00e2ntica.<\/p>\n<p>Erguido em 1804, o pr\u00e9dio da Pousada Porto Imperial originalmente era um entreposto comercial de sucesso, destacando-se pela sua localiza\u00e7\u00e3o \u00e0s margens do Rio Perequ\u00ea-a\u00e7u, local onde atracavam as embarca\u00e7\u00f5es que faziam o transporte das mercadorias que chegavam ou sa\u00edam de Paraty. Posteriormente, sediou a primeira \u201ccasa de \u00f3pera\u201d (forma como eram chamados os teatros \u00e0 \u00e9poca) da cidade. Isto explica o p\u00e9 direito de quase quatro metros de altura do primeiro piso.<\/p>\n<p>Em seus sal\u00f5es foram realizados os bailes que comemoraram a independ\u00eancia do Brasil, em Paraty. A pousada, portanto, foi inaugurada em 1978, sendo a primeira do centro hist\u00f3rico e uma das mais tradicionais de toda a cidade.<\/p>\n<p>&nbsp;<\/p>\n<p>Quer mais op\u00e7\u00f5es de viagem? Veja mais sobre os nossos parceiros<span>\u00a0<\/span><a href=\"http:\/\/clubedeviagensmoms.com.br\/homolog\/vamos-viajar\/hoteis\/\">aqui.<\/a><\/p>\n<p>Se voc\u00ea ainda n\u00e3o conhece nossas redes sociais, vem dar uma conferida no nosso<span>\u00a0<\/span><a href=\"https:\/\/www.instagram.com\/clubedeviagensmoms\/\">Instagram<span>\u00a0<\/span><\/a>e tamb\u00e9m na nossa<span>\u00a0<\/span><a href=\"https:\/\/www.facebook.com\/ClubeDeViagensMoms\/?hc_ref=ARREVFAUN6kemqQPikWPR6yOVqfolWuZ4Gm2u6EX4fJ2-jyHER8eDB5si8DvGkabbOE&amp;fref=nf&amp;__xts__[0]=68.ARAXJqd_Jm68dG9qh_a7A_hAS8hHGdRg1Cq8Je9my1EPnGBRo26TI37xs6IY6NhynKSzyIDhPcBRqvr6Nzuwi7g2W4UPO84T0-vU7mWKXia_C51FzzqVsE3HthHbuQetTo9gapY&amp;__tn__=kC-R\">p\u00e1gina do Facebook<\/a>! Ainda, temos um<span>\u00a0<\/span><a href=\"https:\/\/www.facebook.com\/groups\/clubedeviagensmoms\/\">grupo do Facebook<\/a>, ent\u00e3o, venha fazer parte!<\/p>\n","protected":false},"excerpt":{"rendered":"<p>A Pousada Porto Imperial est\u00e1 localizada no cora\u00e7\u00e3o do centro hist\u00f3rico da cidade de Paraty, e, al\u00e9m de ser hist\u00f3rica, com pontos tur\u00edsticos bastante procurados, oferece tamb\u00e9m um calend\u00e1rio cultural muito atraente.<\/p>\n","protected":false},"featured_media":1287,"comment_status":"closed","ping_status":"closed","template":"","meta":[],"product_cat":[21],"product_tag":[27,28,30,31,32,33,106,157,207,208,209,37,38,40],"class_list":["post-4006","product","type-product","status-publish","has-post-thumbnail","hentry","product_cat-hoteis","product_tag-clube-de-viagens-moms","product_tag-clube-moms","product_tag-diversao","product_tag-diversao-em-familia","product_tag-ferias","product_tag-ferias-em-familia","product_tag-moms","product_tag-paraty","product_tag-porto-imperial","product_tag-pousada","product_tag-pousada-porto-imperial","product_tag-rio-de-janeiro","product_tag-viagem","product_tag-viagem-em-familia","pa_destino-paraty","pa_destino-rio-de-janeiro","pa_estrutura-lazer-bar","pa_estrutura-lazer-jacuzzi","pa_estrutura-lazer-jardim-de-inverno","pa_estrutura-lazer-lounge","pa_estrutura-lazer-piscina","pa_estrutura-lazer-sala-de-massagem","pa_estrutura-lazer-sauna","pa_estrutura-lazer-ski"],"acf":[],"yoast_head":"<!-- This site is optimized with the Yoast SEO Premium plugin v16.0.2 (Yoast SEO v21.2) - https:\/\/yoast.com\/wordpress\/plugins\/seo\/ -->\n<title>Pousada Porto Imperial - Clube Moms<\/title>\n<meta name=\"description\" content=\"No cora\u00e7\u00e3o do centro hist\u00f3rico de Paraty voc\u00ea encontrar\u00e1 o casar\u00e3o que possui o charme do s\u00e9c. XVIII com o conforto da atualidade \u2013 Pousada Porto Imperial!\" \/>\n<meta name=\"robots\" content=\"index, follow, max-snippet:-1, max-image-preview:large, max-video-preview:-1\" \/>\n<link rel=\"canonical\" href=\"https:\/\/clubedeviagensmoms.com.br\/homolog\/produto\/pousada-porto-imperial\/\" \/>\n<meta property=\"og:locale\" content=\"pt_BR\" \/>\n<meta property=\"og:type\" content=\"article\" \/>\n<meta property=\"og:title\" content=\"Pousada Porto Imperial - Clube Moms\" \/>\n<meta property=\"og:description\" content=\"No cora\u00e7\u00e3o do centro hist\u00f3rico de Paraty voc\u00ea encontrar\u00e1 o casar\u00e3o que possui o charme do s\u00e9c. XVIII com o conforto da atualidade \u2013 Pousada Porto Imperial!\" \/>\n<meta property=\"og:url\" content=\"https:\/\/clubedeviagensmoms.com.br\/homolog\/produto\/pousada-porto-imperial\/\" \/>\n<meta property=\"og:site_name\" content=\"Clube Moms\" \/>\n<meta property=\"article:modified_time\" content=\"2023-08-30T15:26:08+00:00\" \/>\n<meta property=\"og:image\" content=\"https:\/\/clubedeviagensmoms.com.br\/homolog\/wp-content\/uploads\/2021\/10\/PousadaPortoImperial_Lounge_05032018_1719.jpg\" \/>\n\t<meta property=\"og:image:width\" content=\"1200\" \/>\n\t<meta property=\"og:image:height\" content=\"628\" \/>\n\t<meta property=\"og:image:type\" content=\"image\/jpeg\" \/>\n<meta name=\"twitter:card\" content=\"summary_large_image\" \/>\n<meta name=\"twitter:label1\" content=\"Est. tempo de leitura\" \/>\n\t<meta name=\"twitter:data1\" content=\"1 minuto\" \/>\n<script type=\"application\/ld+json\" class=\"yoast-schema-graph\">{\"@context\":\"https:\/\/schema.org\",\"@graph\":[{\"@type\":\"WebPage\",\"@id\":\"https:\/\/clubedeviagensmoms.com.br\/homolog\/produto\/pousada-porto-imperial\/\",\"url\":\"https:\/\/clubedeviagensmoms.com.br\/homolog\/produto\/pousada-porto-imperial\/\",\"name\":\"Pousada Porto Imperial - Clube Moms\",\"isPartOf\":{\"@id\":\"https:\/\/clubedeviagensmoms.com.br\/homolog\/#website\"},\"datePublished\":\"2021-10-29T22:55:22+00:00\",\"dateModified\":\"2023-08-30T15:26:08+00:00\",\"description\":\"No cora\u00e7\u00e3o do centro hist\u00f3rico de Paraty voc\u00ea encontrar\u00e1 o casar\u00e3o que possui o charme do s\u00e9c. XVIII com o conforto da atualidade \u2013 Pousada Porto Imperial!\",\"breadcrumb\":{\"@id\":\"https:\/\/clubedeviagensmoms.com.br\/homolog\/produto\/pousada-porto-imperial\/#breadcrumb\"},\"inLanguage\":\"pt-BR\",\"potentialAction\":[{\"@type\":\"ReadAction\",\"target\":[\"https:\/\/clubedeviagensmoms.com.br\/homolog\/produto\/pousada-porto-imperial\/\"]}]},{\"@type\":\"BreadcrumbList\",\"@id\":\"https:\/\/clubedeviagensmoms.com.br\/homolog\/produto\/pousada-porto-imperial\/#breadcrumb\",\"itemListElement\":[{\"@type\":\"ListItem\",\"position\":1,\"name\":\"Home\",\"item\":\"https:\/\/clubedeviagensmoms.com.br\/homolog\/\"},{\"@type\":\"ListItem\",\"position\":2,\"name\":\"Vamos Viajar\",\"item\":\"https:\/\/clubedeviagensmoms.com.br\/homolog\/shop\/\"},{\"@type\":\"ListItem\",\"position\":3,\"name\":\"Pousada Porto Imperial\"}]},{\"@type\":\"WebSite\",\"@id\":\"https:\/\/clubedeviagensmoms.com.br\/homolog\/#website\",\"url\":\"https:\/\/clubedeviagensmoms.com.br\/homolog\/\",\"name\":\"Clube Moms\",\"description\":\"O Clube Moms \u00e9 uma ag\u00eancia de turismo com foco em fam\u00edlias com crian\u00e7as, que uno os conceitos de Consultoria Especializada e Clube de Vantagens.\",\"potentialAction\":[{\"@type\":\"SearchAction\",\"target\":{\"@type\":\"EntryPoint\",\"urlTemplate\":\"https:\/\/clubedeviagensmoms.com.br\/homolog\/?s={search_term_string}\"},\"query-input\":\"required name=search_term_string\"}],\"inLanguage\":\"pt-BR\"}]}<\/script>\n<!-- \/ Yoast SEO Premium plugin. -->","yoast_head_json":{"title":"Pousada Porto Imperial - Clube Moms","description":"No cora\u00e7\u00e3o do centro hist\u00f3rico de Paraty voc\u00ea encontrar\u00e1 o casar\u00e3o que possui o charme do s\u00e9c. XVIII com o conforto da atualidade \u2013 Pousada Porto Imperial!","robots":{"index":"index","follow":"follow","max-snippet":"max-snippet:-1","max-image-preview":"max-image-preview:large","max-video-preview":"max-video-preview:-1"},"canonical":"https:\/\/clubedeviagensmoms.com.br\/homolog\/produto\/pousada-porto-imperial\/","og_locale":"pt_BR","og_type":"article","og_title":"Pousada Porto Imperial - Clube Moms","og_description":"No cora\u00e7\u00e3o do centro hist\u00f3rico de Paraty voc\u00ea encontrar\u00e1 o casar\u00e3o que possui o charme do s\u00e9c. XVIII com o conforto da atualidade \u2013 Pousada Porto Imperial!","og_url":"https:\/\/clubedeviagensmoms.com.br\/homolog\/produto\/pousada-porto-imperial\/","og_site_name":"Clube Moms","article_modified_time":"2023-08-30T15:26:08+00:00","og_image":[{"width":1200,"height":628,"url":"https:\/\/clubedeviagensmoms.com.br\/homolog\/wp-content\/uploads\/2021\/10\/PousadaPortoImperial_Lounge_05032018_1719.jpg","type":"image\/jpeg"}],"twitter_card":"summary_large_image","twitter_misc":{"Est. tempo de leitura":"1 minuto"},"schema":{"@context":"https:\/\/schema.org","@graph":[{"@type":"WebPage","@id":"https:\/\/clubedeviagensmoms.com.br\/homolog\/produto\/pousada-porto-imperial\/","url":"https:\/\/clubedeviagensmoms.com.br\/homolog\/produto\/pousada-porto-imperial\/","name":"Pousada Porto Imperial - Clube Moms","isPartOf":{"@id":"https:\/\/clubedeviagensmoms.com.br\/homolog\/#website"},"datePublished":"2021-10-29T22:55:22+00:00","dateModified":"2023-08-30T15:26:08+00:00","description":"No cora\u00e7\u00e3o do centro hist\u00f3rico de Paraty voc\u00ea encontrar\u00e1 o casar\u00e3o que possui o charme do s\u00e9c. XVIII com o conforto da atualidade \u2013 Pousada Porto Imperial!","breadcrumb":{"@id":"https:\/\/clubedeviagensmoms.com.br\/homolog\/produto\/pousada-porto-imperial\/#breadcrumb"},"inLanguage":"pt-BR","potentialAction":[{"@type":"ReadAction","target":["https:\/\/clubedeviagensmoms.com.br\/homolog\/produto\/pousada-porto-imperial\/"]}]},{"@type":"BreadcrumbList","@id":"https:\/\/clubedeviagensmoms.com.br\/homolog\/produto\/pousada-porto-imperial\/#breadcrumb","itemListElement":[{"@type":"ListItem","position":1,"name":"Home","item":"https:\/\/clubedeviagensmoms.com.br\/homolog\/"},{"@type":"ListItem","position":2,"name":"Vamos Viajar","item":"https:\/\/clubedeviagensmoms.com.br\/homolog\/shop\/"},{"@type":"ListItem","position":3,"name":"Pousada Porto Imperial"}]},{"@type":"WebSite","@id":"https:\/\/clubedeviagensmoms.com.br\/homolog\/#website","url":"https:\/\/clubedeviagensmoms.com.br\/homolog\/","name":"Clube Moms","description":"O Clube Moms \u00e9 uma ag\u00eancia de turismo com foco em fam\u00edlias com crian\u00e7as, que uno os conceitos de Consultoria Especializada e Clube de Vantagens.","potentialAction":[{"@type":"SearchAction","target":{"@type":"EntryPoint","urlTemplate":"https:\/\/clubedeviagensmoms.com.br\/homolog\/?s={search_term_string}"},"query-input":"required name=search_term_string"}],"inLanguage":"pt-BR"}]}},"_links":{"self":[{"href":"https:\/\/clubedeviagensmoms.com.br\/homolog\/wp-json\/wp\/v2\/product\/4006","targetHints":{"allow":["GET"]}}],"collection":[{"href":"https:\/\/clubedeviagensmoms.com.br\/homolog\/wp-json\/wp\/v2\/product"}],"about":[{"href":"https:\/\/clubedeviagensmoms.com.br\/homolog\/wp-json\/wp\/v2\/types\/product"}],"replies":[{"embeddable":true,"href":"https:\/\/clubedeviagensmoms.com.br\/homolog\/wp-json\/wp\/v2\/comments?post=4006"}],"wp:featuredmedia":[{"embeddable":true,"href":"https:\/\/clubedeviagensmoms.com.br\/homolog\/wp-json\/wp\/v2\/media\/1287"}],"wp:attachment":[{"href":"https:\/\/clubedeviagensmoms.com.br\/homolog\/wp-json\/wp\/v2\/media?parent=4006"}],"wp:term":[{"taxonomy":"product_cat","embeddable":true,"href":"https:\/\/clubedeviagensmoms.com.br\/homolog\/wp-json\/wp\/v2\/product_cat?post=4006"},{"taxonomy":"product_tag","embeddable":true,"href":"https:\/\/clubedeviagensmoms.com.br\/homolog\/wp-json\/wp\/v2\/product_tag?post=4006"}],"curies":[{"name":"wp","href":"https:\/\/api.w.org\/{rel}","templated":true}]}}