{"id":4007,"date":"2021-10-29T19:55:22","date_gmt":"2021-10-29T22:55:22","guid":{"rendered":"http:\/\/clubedeviagensmoms.com.br\/homolog\/taober_wp\/?post_type=product&#038;p=4007"},"modified":"2023-08-30T12:26:07","modified_gmt":"2023-08-30T15:26:07","slug":"pousada-literaria-paraty","status":"publish","type":"product","link":"https:\/\/clubedeviagensmoms.com.br\/homolog\/produto\/pousada-literaria-paraty\/","title":{"rendered":"Pousada Liter\u00e1ria Paraty"},"content":{"rendered":"<p>A Pousada Liter\u00e1ria de Paraty \u00e9 ideal para quem procura, al\u00e9m de conforto, hist\u00f3ria, gastronomia e cultura! Localizada no centro hist\u00f3rico de Paraty, a pousada tem em seu edif\u00edcio um estilo colonial e foi tombada como Patrim\u00f4nio Hist\u00f3rico Nacional em 1945.<\/p>\n<p>A 600 metros do cais de Paraty, a pousada oferece piscina ao ar livre, bem como bar, sauna e todas as suas acomoda\u00e7\u00f5es possuem ar-condicionado. Afim de tornar sua estadia ainda melhor, h\u00e1 wi-fi e estacionamento gratuitos e uma biblioteca que possui uma cole\u00e7\u00e3o com mais de 1.500 livros e filmes e foi escolhida como sede oficial da FLIP (Feira Liter\u00e1ria Internacional de Paraty).<\/p>\n<p>Inspirada na ess\u00eancia cultural de Paraty, a Pousada Liter\u00e1ria oferece conforto, lazer e requinte na cidade mais charmosa do Rio de Janeiro, fazendo sempre do h\u00f3spede, o seu personagem principal.<\/p>\n<p>&nbsp;<\/p>\n<h4>A Fazenda Bananau<\/h4>\n<p>&nbsp;<\/p>\n<p>A apenas 10 minutos da Pousada, a Fazenda Bananal, original do s\u00e9culo XVI, foi cuidadosamente restaurada e recuperada. Hoje, ela \u00e9 um projeto sustent\u00e1vel de educa\u00e7\u00e3o com trilhas com total acessibilidade para pessoas com necessidades especiais, passarinhadas e um restaurante \u201cFarm-to-Table\u201d. \u00c9 oferecido aos h\u00f3spedes visitas ao local sem custos e em hor\u00e1rios especiais.<\/p>\n<p>&nbsp;<\/p>\n<h4>O SPA e o Restaurante<\/h4>\n<p>&nbsp;<\/p>\n<p>No SPA Poesia, escolha entre terapias faciais e corporais. Os produtos de primeira linha importados e nacionais, assim como as ervas agroecol\u00f3gicas vindas diretamente da horta da Fazenda Bananal, s\u00e3o escolhidos pessoalmente pelo cliente em nosso Bar de Esfoliantes.<\/p>\n<p>Por fim, passeie pelas praias e ilhas da regi\u00e3o. Explore os mist\u00e9rios do \u00fanico fiorde tropical no Saco do Mamangu\u00e1 e almoce na escuna gourmet, Maria Panela, que conta com o chef a bordo durante toda a atividade.<\/p>\n<p>Venha conhecer e desfrutar da Pousada Liter\u00e1ria Paraty! Voc\u00ea n\u00e3o vai se arrepender!<\/p>\n<p>Se voc\u00ea ainda n\u00e3o conhece nossas redes sociais, vem dar uma conferida no nosso<span>\u00a0<\/span><a href=\"https:\/\/www.instagram.com\/clubedeviagensmoms\/\">Instagram<\/a><span>\u00a0<\/span>e tamb\u00e9m na nossa<span>\u00a0<\/span><a href=\"https:\/\/www.facebook.com\/ClubeDeViagensMoms\/?hc_ref=ARREVFAUN6kemqQPikWPR6yOVqfolWuZ4Gm2u6EX4fJ2-jyHER8eDB5si8DvGkabbOE&amp;fref=nf&amp;__xts__[0]=68.ARAXJqd_Jm68dG9qh_a7A_hAS8hHGdRg1Cq8Je9my1EPnGBRo26TI37xs6IY6NhynKSzyIDhPcBRqvr6Nzuwi7g2W4UPO84T0-vU7mWKXia_C51FzzqVsE3HthHbuQetTo9gapY&amp;__tn__=kC-R\">p\u00e1gina do Facebook<\/a>! Ainda, temos um<span>\u00a0<\/span><a href=\"https:\/\/www.facebook.com\/groups\/clubedeviagensmoms\/\">grupo do Facebook<\/a>, ent\u00e3o, venha fazer parte!<\/p>\n<p>E se voc\u00ea quiser conferir nossos outros hot\u00e9is parceiros, clique<span>\u00a0<\/span><a href=\"http:\/\/clubedeviagensmoms.com.br\/homolog\/vamos-viajar\/hoteis\/\" target=\"_blank\" rel=\"noopener noreferrer\">aqui<\/a>!<\/p>\n","protected":false},"excerpt":{"rendered":"<p>Na Pousada Liter\u00e1ria de Paraty, todo h\u00f3spede \u00e9 sempre o seu personagem principal.<\/p>\n","protected":false},"featured_media":1297,"comment_status":"closed","ping_status":"closed","template":"","meta":[],"product_cat":[21],"product_tag":[180,27,28,29,30,31,32,33,157,210,208,211,37,212,52,38,39,40],"class_list":["post-4007","product","type-product","status-publish","has-post-thumbnail","hentry","product_cat-hoteis","product_tag-academia","product_tag-clube-de-viagens-moms","product_tag-clube-moms","product_tag-criancas","product_tag-diversao","product_tag-diversao-em-familia","product_tag-ferias","product_tag-ferias-em-familia","product_tag-paraty","product_tag-piscina","product_tag-pousada","product_tag-pousada-literaria","product_tag-rio-de-janeiro","product_tag-sala-de-reuniao","product_tag-spa","product_tag-viagem","product_tag-viagem-com-criancas","product_tag-viagem-em-familia","pa_destino-rio-de-janeiro","pa_estrutura-lazer-academia","pa_estrutura-lazer-piscina","pa_estrutura-lazer-sala-de-reuniao","pa_estrutura-lazer-sauna","pa_estrutura-lazer-spa","pa_servicos-opcionais-servico-de-massagem","pa_servicos-opcionais-spa","pa_tipos-de-destinos-pousada"],"acf":[],"yoast_head":"<!-- This site is optimized with the Yoast SEO Premium plugin v16.0.2 (Yoast SEO v21.2) - https:\/\/yoast.com\/wordpress\/plugins\/seo\/ -->\n<title>Pousada Liter\u00e1ria Paraty - Clube Moms<\/title>\n<meta name=\"description\" content=\"A Pousada Liter\u00e1ria de Paraty \u00e9 ideal para quem procura, al\u00e9m de conforto, hist\u00f3ria, gastronomia e cultura! Venha conhecer!\" \/>\n<meta name=\"robots\" content=\"index, follow, max-snippet:-1, max-image-preview:large, max-video-preview:-1\" \/>\n<link rel=\"canonical\" href=\"https:\/\/clubedeviagensmoms.com.br\/homolog\/produto\/pousada-literaria-paraty\/\" \/>\n<meta property=\"og:locale\" content=\"pt_BR\" \/>\n<meta property=\"og:type\" content=\"article\" \/>\n<meta property=\"og:title\" content=\"Pousada Liter\u00e1ria Paraty - Clube Moms\" \/>\n<meta property=\"og:description\" content=\"A Pousada Liter\u00e1ria de Paraty \u00e9 ideal para quem procura, al\u00e9m de conforto, hist\u00f3ria, gastronomia e cultura! Venha conhecer!\" \/>\n<meta property=\"og:url\" content=\"https:\/\/clubedeviagensmoms.com.br\/homolog\/produto\/pousada-literaria-paraty\/\" \/>\n<meta property=\"og:site_name\" content=\"Clube Moms\" \/>\n<meta property=\"article:modified_time\" content=\"2023-08-30T15:26:07+00:00\" \/>\n<meta property=\"og:image\" content=\"https:\/\/clubedeviagensmoms.com.br\/homolog\/wp-content\/uploads\/2021\/10\/SYA5077-1-1024x536-1.jpg\" \/>\n\t<meta property=\"og:image:width\" content=\"1024\" \/>\n\t<meta property=\"og:image:height\" content=\"536\" \/>\n\t<meta property=\"og:image:type\" content=\"image\/jpeg\" \/>\n<meta name=\"twitter:card\" content=\"summary_large_image\" \/>\n<meta name=\"twitter:label1\" content=\"Est. tempo de leitura\" \/>\n\t<meta name=\"twitter:data1\" content=\"2 minutos\" \/>\n<script type=\"application\/ld+json\" class=\"yoast-schema-graph\">{\"@context\":\"https:\/\/schema.org\",\"@graph\":[{\"@type\":\"WebPage\",\"@id\":\"https:\/\/clubedeviagensmoms.com.br\/homolog\/produto\/pousada-literaria-paraty\/\",\"url\":\"https:\/\/clubedeviagensmoms.com.br\/homolog\/produto\/pousada-literaria-paraty\/\",\"name\":\"Pousada Liter\u00e1ria Paraty - Clube Moms\",\"isPartOf\":{\"@id\":\"https:\/\/clubedeviagensmoms.com.br\/homolog\/#website\"},\"datePublished\":\"2021-10-29T22:55:22+00:00\",\"dateModified\":\"2023-08-30T15:26:07+00:00\",\"description\":\"A Pousada Liter\u00e1ria de Paraty \u00e9 ideal para quem procura, al\u00e9m de conforto, hist\u00f3ria, gastronomia e cultura! Venha conhecer!\",\"breadcrumb\":{\"@id\":\"https:\/\/clubedeviagensmoms.com.br\/homolog\/produto\/pousada-literaria-paraty\/#breadcrumb\"},\"inLanguage\":\"pt-BR\",\"potentialAction\":[{\"@type\":\"ReadAction\",\"target\":[\"https:\/\/clubedeviagensmoms.com.br\/homolog\/produto\/pousada-literaria-paraty\/\"]}]},{\"@type\":\"BreadcrumbList\",\"@id\":\"https:\/\/clubedeviagensmoms.com.br\/homolog\/produto\/pousada-literaria-paraty\/#breadcrumb\",\"itemListElement\":[{\"@type\":\"ListItem\",\"position\":1,\"name\":\"Home\",\"item\":\"https:\/\/clubedeviagensmoms.com.br\/homolog\/\"},{\"@type\":\"ListItem\",\"position\":2,\"name\":\"Vamos Viajar\",\"item\":\"https:\/\/clubedeviagensmoms.com.br\/homolog\/shop\/\"},{\"@type\":\"ListItem\",\"position\":3,\"name\":\"Pousada Liter\u00e1ria Paraty\"}]},{\"@type\":\"WebSite\",\"@id\":\"https:\/\/clubedeviagensmoms.com.br\/homolog\/#website\",\"url\":\"https:\/\/clubedeviagensmoms.com.br\/homolog\/\",\"name\":\"Clube Moms\",\"description\":\"O Clube Moms \u00e9 uma ag\u00eancia de turismo com foco em fam\u00edlias com crian\u00e7as, que uno os conceitos de Consultoria Especializada e Clube de Vantagens.\",\"potentialAction\":[{\"@type\":\"SearchAction\",\"target\":{\"@type\":\"EntryPoint\",\"urlTemplate\":\"https:\/\/clubedeviagensmoms.com.br\/homolog\/?s={search_term_string}\"},\"query-input\":\"required name=search_term_string\"}],\"inLanguage\":\"pt-BR\"}]}<\/script>\n<!-- \/ Yoast SEO Premium plugin. -->","yoast_head_json":{"title":"Pousada Liter\u00e1ria Paraty - Clube Moms","description":"A Pousada Liter\u00e1ria de Paraty \u00e9 ideal para quem procura, al\u00e9m de conforto, hist\u00f3ria, gastronomia e cultura! Venha conhecer!","robots":{"index":"index","follow":"follow","max-snippet":"max-snippet:-1","max-image-preview":"max-image-preview:large","max-video-preview":"max-video-preview:-1"},"canonical":"https:\/\/clubedeviagensmoms.com.br\/homolog\/produto\/pousada-literaria-paraty\/","og_locale":"pt_BR","og_type":"article","og_title":"Pousada Liter\u00e1ria Paraty - Clube Moms","og_description":"A Pousada Liter\u00e1ria de Paraty \u00e9 ideal para quem procura, al\u00e9m de conforto, hist\u00f3ria, gastronomia e cultura! Venha conhecer!","og_url":"https:\/\/clubedeviagensmoms.com.br\/homolog\/produto\/pousada-literaria-paraty\/","og_site_name":"Clube Moms","article_modified_time":"2023-08-30T15:26:07+00:00","og_image":[{"width":1024,"height":536,"url":"https:\/\/clubedeviagensmoms.com.br\/homolog\/wp-content\/uploads\/2021\/10\/SYA5077-1-1024x536-1.jpg","type":"image\/jpeg"}],"twitter_card":"summary_large_image","twitter_misc":{"Est. tempo de leitura":"2 minutos"},"schema":{"@context":"https:\/\/schema.org","@graph":[{"@type":"WebPage","@id":"https:\/\/clubedeviagensmoms.com.br\/homolog\/produto\/pousada-literaria-paraty\/","url":"https:\/\/clubedeviagensmoms.com.br\/homolog\/produto\/pousada-literaria-paraty\/","name":"Pousada Liter\u00e1ria Paraty - Clube Moms","isPartOf":{"@id":"https:\/\/clubedeviagensmoms.com.br\/homolog\/#website"},"datePublished":"2021-10-29T22:55:22+00:00","dateModified":"2023-08-30T15:26:07+00:00","description":"A Pousada Liter\u00e1ria de Paraty \u00e9 ideal para quem procura, al\u00e9m de conforto, hist\u00f3ria, gastronomia e cultura! Venha conhecer!","breadcrumb":{"@id":"https:\/\/clubedeviagensmoms.com.br\/homolog\/produto\/pousada-literaria-paraty\/#breadcrumb"},"inLanguage":"pt-BR","potentialAction":[{"@type":"ReadAction","target":["https:\/\/clubedeviagensmoms.com.br\/homolog\/produto\/pousada-literaria-paraty\/"]}]},{"@type":"BreadcrumbList","@id":"https:\/\/clubedeviagensmoms.com.br\/homolog\/produto\/pousada-literaria-paraty\/#breadcrumb","itemListElement":[{"@type":"ListItem","position":1,"name":"Home","item":"https:\/\/clubedeviagensmoms.com.br\/homolog\/"},{"@type":"ListItem","position":2,"name":"Vamos Viajar","item":"https:\/\/clubedeviagensmoms.com.br\/homolog\/shop\/"},{"@type":"ListItem","position":3,"name":"Pousada Liter\u00e1ria Paraty"}]},{"@type":"WebSite","@id":"https:\/\/clubedeviagensmoms.com.br\/homolog\/#website","url":"https:\/\/clubedeviagensmoms.com.br\/homolog\/","name":"Clube Moms","description":"O Clube Moms \u00e9 uma ag\u00eancia de turismo com foco em fam\u00edlias com crian\u00e7as, que uno os conceitos de Consultoria Especializada e Clube de Vantagens.","potentialAction":[{"@type":"SearchAction","target":{"@type":"EntryPoint","urlTemplate":"https:\/\/clubedeviagensmoms.com.br\/homolog\/?s={search_term_string}"},"query-input":"required name=search_term_string"}],"inLanguage":"pt-BR"}]}},"_links":{"self":[{"href":"https:\/\/clubedeviagensmoms.com.br\/homolog\/wp-json\/wp\/v2\/product\/4007","targetHints":{"allow":["GET"]}}],"collection":[{"href":"https:\/\/clubedeviagensmoms.com.br\/homolog\/wp-json\/wp\/v2\/product"}],"about":[{"href":"https:\/\/clubedeviagensmoms.com.br\/homolog\/wp-json\/wp\/v2\/types\/product"}],"replies":[{"embeddable":true,"href":"https:\/\/clubedeviagensmoms.com.br\/homolog\/wp-json\/wp\/v2\/comments?post=4007"}],"wp:featuredmedia":[{"embeddable":true,"href":"https:\/\/clubedeviagensmoms.com.br\/homolog\/wp-json\/wp\/v2\/media\/1297"}],"wp:attachment":[{"href":"https:\/\/clubedeviagensmoms.com.br\/homolog\/wp-json\/wp\/v2\/media?parent=4007"}],"wp:term":[{"taxonomy":"product_cat","embeddable":true,"href":"https:\/\/clubedeviagensmoms.com.br\/homolog\/wp-json\/wp\/v2\/product_cat?post=4007"},{"taxonomy":"product_tag","embeddable":true,"href":"https:\/\/clubedeviagensmoms.com.br\/homolog\/wp-json\/wp\/v2\/product_tag?post=4007"}],"curies":[{"name":"wp","href":"https:\/\/api.w.org\/{rel}","templated":true}]}}