{"id":4008,"date":"2021-10-29T19:55:22","date_gmt":"2021-10-29T22:55:22","guid":{"rendered":"http:\/\/clubedeviagensmoms.com.br\/homolog\/taober_wp\/?post_type=product&#038;p=4008"},"modified":"2023-08-30T12:26:06","modified_gmt":"2023-08-30T15:26:06","slug":"portogalo-suite-hotel","status":"publish","type":"product","link":"https:\/\/clubedeviagensmoms.com.br\/homolog\/produto\/portogalo-suite-hotel\/","title":{"rendered":"Portogalo Suite Hotel"},"content":{"rendered":"<p>o Portogalo Suite Hotel, fundado em 1971,\u00a0 tem mais de 45 anos de hist\u00f3ria e tradi\u00e7\u00e3o. Sua ampla infraestrutura oferece uma grande variedade de atividades de lazer, al\u00e9m de excelentes op\u00e7\u00f5es gastron\u00f4micas.<\/p>\n<p>As instala\u00e7\u00f5es disp\u00f5em de piscina, sauna, jacuzzi, sala de v\u00eddeo e centro de conven\u00e7\u00f5es. Tamb\u00e9m oferecem um passeio de telef\u00e9rico inesquec\u00edvel, ao passo que os h\u00f3spedes se deparam com uma vista incr\u00edvel do mar de Angra e da Ilha Grande. Por fim, o passeio leva \u00e0 paradis\u00edaca<span>\u00a0<\/span><strong>Praia do<\/strong>\u00a0<strong>Portogalo.<\/strong>\u00a0A mesma se encontra em<strong>\u00a0<\/strong>perfeitas condi\u00e7\u00f5es de preserva\u00e7\u00e3o, uma vez que \u00e9\u00a0privativa do condom\u00ednio.<\/p>\n<p>O hotel est\u00e1 localizado em meio \u00e0s belezas naturais da Costa Verde fluminense, a apenas 1h30min do Rio de Janeiro e 15 minutos de barco da Ilha Grande. Posto que se encontra rodeado pelas maravilhas da Mata Atl\u00e2ntica, bem como o mar cristalino de Angra dos Reis, um dos seus pontos fortes \u00e9 o turismo ecol\u00f3gico. Assim, atividades como trilhas guiadas, passeios de barco e banhos de cachoeira s\u00e3o algumas das atra\u00e7\u00f5es mais praticadas pelos h\u00f3spedes.<\/p>\n<p>O hotel, ainda, oferece excelentes atividades voltadas para os p\u00fablicos infantil e familiar. A equipe de recrea\u00e7\u00e3o fica dispon\u00edvel durante todo o dia, a fim de garantir muita divers\u00e3o. Gincanas, brincadeiras e apresenta\u00e7\u00f5es com personagens vivos s\u00e3o atra\u00e7\u00f5es que recebem recorrentes elogios dos h\u00f3spedes, sobretudo nas programa\u00e7\u00f5es especiais\u00a0ao longo do ano.<\/p>\n<h4>Gastronomia<\/h4>\n<p>A estrutura de servi\u00e7os gastron\u00f4micos \u00e9 composta por um restaurante, pizzaria e dois bares, situados no lobby e na piscina. A fim de atender a todos os paladares, disponibilizam caf\u00e9 da manh\u00e3 e buffet bem diversificados. Ademais, oferecem menu \u00e0 la carte e promovem especiais tem\u00e1ticos baseados em culin\u00e1rias internacionais, regionais e sazonais.<\/p>\n<p>O Portogalo Suite Hotel \u00e9 um lugar para todos os tipos de pessoas e fam\u00edlias, principalmente as que amam estar em contato com a natureza. Venha viver e registrar momentos inesquec\u00edveis em meio a um para\u00edso ecol\u00f3gico, bem no cora\u00e7\u00e3o da Mata Atl\u00e2ntica. Voc\u00ea n\u00e3o vai se arrepender!<\/p>\n<p>Se voc\u00ea ainda n\u00e3o conhece nossas redes sociais, vem dar uma conferida no nosso<span>\u00a0<\/span><a href=\"https:\/\/www.instagram.com\/clubedeviagensmoms\/\">Instagram<\/a><span>\u00a0<\/span>e tamb\u00e9m na nossa<span>\u00a0<\/span><a href=\"https:\/\/www.facebook.com\/ClubeDeViagensMoms\/?hc_ref=ARREVFAUN6kemqQPikWPR6yOVqfolWuZ4Gm2u6EX4fJ2-jyHER8eDB5si8DvGkabbOE&amp;fref=nf&amp;__xts__[0]=68.ARAXJqd_Jm68dG9qh_a7A_hAS8hHGdRg1Cq8Je9my1EPnGBRo26TI37xs6IY6NhynKSzyIDhPcBRqvr6Nzuwi7g2W4UPO84T0-vU7mWKXia_C51FzzqVsE3HthHbuQetTo9gapY&amp;__tn__=kC-R\">p\u00e1gina do Facebook<\/a>! Ainda, temos um<span>\u00a0<\/span><a href=\"https:\/\/www.facebook.com\/groups\/clubedeviagensmoms\/\">grupo do Facebook<\/a>, ent\u00e3o, venha fazer parte!<\/p>\n<p>E se voc\u00ea quiser conferir nossos outros hot\u00e9is parceiros, clique<span>\u00a0<\/span><a href=\"http:\/\/clubedeviagensmoms.com.br\/homolog\/vamos-viajar\/hoteis\/\" target=\"_blank\" rel=\"noopener noreferrer\">aqui<\/a>!<\/p>\n","protected":false},"excerpt":{"rendered":"<p>O Portogalo est\u00e1 localizado em meio \u00e0s belezas naturais da Costa Verde fluminense, a\u00a0apenas 1h30m do Rio de Janeiro\u00a0e 15 minutos de barco da Ilha Grande.<\/p>\n","protected":false},"featured_media":1314,"comment_status":"closed","ping_status":"closed","template":"","meta":[],"product_cat":[21],"product_tag":[155,27,28,29,30,31,32,33,37,39,40],"class_list":["post-4008","product","type-product","status-publish","has-post-thumbnail","hentry","product_cat-hoteis","product_tag-angra-dos-reis","product_tag-clube-de-viagens-moms","product_tag-clube-moms","product_tag-criancas","product_tag-diversao","product_tag-diversao-em-familia","product_tag-ferias","product_tag-ferias-em-familia","product_tag-rio-de-janeiro","product_tag-viagem-com-criancas","product_tag-viagem-em-familia","pa_destino-angra-dos-reis","pa_destino-rio-de-janeiro","pa_estrutura-lazer-cachoeira","pa_estrutura-lazer-caminhada","pa_estrutura-lazer-espaco-kids-esqui-aquatico","pa_estrutura-lazer-gincana","pa_estrutura-lazer-hidroginastica","pa_estrutura-lazer-jacuzzi","pa_estrutura-lazer-jogos-de-mesa","pa_estrutura-lazer-passeios-de-escuna","pa_estrutura-lazer-piscina","pa_estrutura-lazer-praia","pa_estrutura-lazer-sauna","pa_estrutura-lazer-transfer","pa_regime-de-alimentacao-cafe-da-manha","pa_regime-de-alimentacao-fap","pa_regime-de-alimentacao-map","pa_regime-de-alimentacao-meia-pensao","pa_regime-de-alimentacao-pensao-completa"],"acf":[],"yoast_head":"<!-- This site is optimized with the Yoast SEO Premium plugin v16.0.2 (Yoast SEO v21.2) - https:\/\/yoast.com\/wordpress\/plugins\/seo\/ -->\n<title>Portogalo Suite Hotel - Clube Moms<\/title>\n<meta name=\"description\" content=\"O Portogalo est\u00e1 localizado em meio \u00e0s belezas naturais da Costa Verde fluminense, a\u00a0apenas 1h30m do Rio de Janeiro\u00a0e 15 minutos de barco da Ilha Grande.\" \/>\n<meta name=\"robots\" content=\"index, follow, max-snippet:-1, max-image-preview:large, max-video-preview:-1\" \/>\n<link rel=\"canonical\" href=\"https:\/\/clubedeviagensmoms.com.br\/homolog\/produto\/portogalo-suite-hotel\/\" \/>\n<meta property=\"og:locale\" content=\"pt_BR\" \/>\n<meta property=\"og:type\" content=\"article\" \/>\n<meta property=\"og:title\" content=\"Portogalo Suite Hotel - Clube Moms\" \/>\n<meta property=\"og:description\" content=\"O Portogalo est\u00e1 localizado em meio \u00e0s belezas naturais da Costa Verde fluminense, a\u00a0apenas 1h30m do Rio de Janeiro\u00a0e 15 minutos de barco da Ilha Grande.\" \/>\n<meta property=\"og:url\" content=\"https:\/\/clubedeviagensmoms.com.br\/homolog\/produto\/portogalo-suite-hotel\/\" \/>\n<meta property=\"og:site_name\" content=\"Clube Moms\" \/>\n<meta property=\"article:modified_time\" content=\"2023-08-30T15:26:06+00:00\" \/>\n<meta property=\"og:image\" content=\"https:\/\/clubedeviagensmoms.com.br\/homolog\/wp-content\/uploads\/2021\/10\/portogalo-area-externa-mesa-com-champagne-1.jpg\" \/>\n\t<meta property=\"og:image:width\" content=\"1200\" \/>\n\t<meta property=\"og:image:height\" content=\"628\" \/>\n\t<meta property=\"og:image:type\" content=\"image\/jpeg\" \/>\n<meta name=\"twitter:card\" content=\"summary_large_image\" \/>\n<meta name=\"twitter:label1\" content=\"Est. tempo de leitura\" \/>\n\t<meta name=\"twitter:data1\" content=\"2 minutos\" \/>\n<script type=\"application\/ld+json\" class=\"yoast-schema-graph\">{\"@context\":\"https:\/\/schema.org\",\"@graph\":[{\"@type\":\"WebPage\",\"@id\":\"https:\/\/clubedeviagensmoms.com.br\/homolog\/produto\/portogalo-suite-hotel\/\",\"url\":\"https:\/\/clubedeviagensmoms.com.br\/homolog\/produto\/portogalo-suite-hotel\/\",\"name\":\"Portogalo Suite Hotel - Clube Moms\",\"isPartOf\":{\"@id\":\"https:\/\/clubedeviagensmoms.com.br\/homolog\/#website\"},\"datePublished\":\"2021-10-29T22:55:22+00:00\",\"dateModified\":\"2023-08-30T15:26:06+00:00\",\"description\":\"O Portogalo est\u00e1 localizado em meio \u00e0s belezas naturais da Costa Verde fluminense, a\u00a0apenas 1h30m do Rio de Janeiro\u00a0e 15 minutos de barco da Ilha Grande.\",\"breadcrumb\":{\"@id\":\"https:\/\/clubedeviagensmoms.com.br\/homolog\/produto\/portogalo-suite-hotel\/#breadcrumb\"},\"inLanguage\":\"pt-BR\",\"potentialAction\":[{\"@type\":\"ReadAction\",\"target\":[\"https:\/\/clubedeviagensmoms.com.br\/homolog\/produto\/portogalo-suite-hotel\/\"]}]},{\"@type\":\"BreadcrumbList\",\"@id\":\"https:\/\/clubedeviagensmoms.com.br\/homolog\/produto\/portogalo-suite-hotel\/#breadcrumb\",\"itemListElement\":[{\"@type\":\"ListItem\",\"position\":1,\"name\":\"Home\",\"item\":\"https:\/\/clubedeviagensmoms.com.br\/homolog\/\"},{\"@type\":\"ListItem\",\"position\":2,\"name\":\"Vamos Viajar\",\"item\":\"https:\/\/clubedeviagensmoms.com.br\/homolog\/shop\/\"},{\"@type\":\"ListItem\",\"position\":3,\"name\":\"Portogalo Suite Hotel\"}]},{\"@type\":\"WebSite\",\"@id\":\"https:\/\/clubedeviagensmoms.com.br\/homolog\/#website\",\"url\":\"https:\/\/clubedeviagensmoms.com.br\/homolog\/\",\"name\":\"Clube Moms\",\"description\":\"O Clube Moms \u00e9 uma ag\u00eancia de turismo com foco em fam\u00edlias com crian\u00e7as, que uno os conceitos de Consultoria Especializada e Clube de Vantagens.\",\"potentialAction\":[{\"@type\":\"SearchAction\",\"target\":{\"@type\":\"EntryPoint\",\"urlTemplate\":\"https:\/\/clubedeviagensmoms.com.br\/homolog\/?s={search_term_string}\"},\"query-input\":\"required name=search_term_string\"}],\"inLanguage\":\"pt-BR\"}]}<\/script>\n<!-- \/ Yoast SEO Premium plugin. -->","yoast_head_json":{"title":"Portogalo Suite Hotel - Clube Moms","description":"O Portogalo est\u00e1 localizado em meio \u00e0s belezas naturais da Costa Verde fluminense, a\u00a0apenas 1h30m do Rio de Janeiro\u00a0e 15 minutos de barco da Ilha Grande.","robots":{"index":"index","follow":"follow","max-snippet":"max-snippet:-1","max-image-preview":"max-image-preview:large","max-video-preview":"max-video-preview:-1"},"canonical":"https:\/\/clubedeviagensmoms.com.br\/homolog\/produto\/portogalo-suite-hotel\/","og_locale":"pt_BR","og_type":"article","og_title":"Portogalo Suite Hotel - Clube Moms","og_description":"O Portogalo est\u00e1 localizado em meio \u00e0s belezas naturais da Costa Verde fluminense, a\u00a0apenas 1h30m do Rio de Janeiro\u00a0e 15 minutos de barco da Ilha Grande.","og_url":"https:\/\/clubedeviagensmoms.com.br\/homolog\/produto\/portogalo-suite-hotel\/","og_site_name":"Clube Moms","article_modified_time":"2023-08-30T15:26:06+00:00","og_image":[{"width":1200,"height":628,"url":"https:\/\/clubedeviagensmoms.com.br\/homolog\/wp-content\/uploads\/2021\/10\/portogalo-area-externa-mesa-com-champagne-1.jpg","type":"image\/jpeg"}],"twitter_card":"summary_large_image","twitter_misc":{"Est. tempo de leitura":"2 minutos"},"schema":{"@context":"https:\/\/schema.org","@graph":[{"@type":"WebPage","@id":"https:\/\/clubedeviagensmoms.com.br\/homolog\/produto\/portogalo-suite-hotel\/","url":"https:\/\/clubedeviagensmoms.com.br\/homolog\/produto\/portogalo-suite-hotel\/","name":"Portogalo Suite Hotel - Clube Moms","isPartOf":{"@id":"https:\/\/clubedeviagensmoms.com.br\/homolog\/#website"},"datePublished":"2021-10-29T22:55:22+00:00","dateModified":"2023-08-30T15:26:06+00:00","description":"O Portogalo est\u00e1 localizado em meio \u00e0s belezas naturais da Costa Verde fluminense, a\u00a0apenas 1h30m do Rio de Janeiro\u00a0e 15 minutos de barco da Ilha Grande.","breadcrumb":{"@id":"https:\/\/clubedeviagensmoms.com.br\/homolog\/produto\/portogalo-suite-hotel\/#breadcrumb"},"inLanguage":"pt-BR","potentialAction":[{"@type":"ReadAction","target":["https:\/\/clubedeviagensmoms.com.br\/homolog\/produto\/portogalo-suite-hotel\/"]}]},{"@type":"BreadcrumbList","@id":"https:\/\/clubedeviagensmoms.com.br\/homolog\/produto\/portogalo-suite-hotel\/#breadcrumb","itemListElement":[{"@type":"ListItem","position":1,"name":"Home","item":"https:\/\/clubedeviagensmoms.com.br\/homolog\/"},{"@type":"ListItem","position":2,"name":"Vamos Viajar","item":"https:\/\/clubedeviagensmoms.com.br\/homolog\/shop\/"},{"@type":"ListItem","position":3,"name":"Portogalo Suite Hotel"}]},{"@type":"WebSite","@id":"https:\/\/clubedeviagensmoms.com.br\/homolog\/#website","url":"https:\/\/clubedeviagensmoms.com.br\/homolog\/","name":"Clube Moms","description":"O Clube Moms \u00e9 uma ag\u00eancia de turismo com foco em fam\u00edlias com crian\u00e7as, que uno os conceitos de Consultoria Especializada e Clube de Vantagens.","potentialAction":[{"@type":"SearchAction","target":{"@type":"EntryPoint","urlTemplate":"https:\/\/clubedeviagensmoms.com.br\/homolog\/?s={search_term_string}"},"query-input":"required name=search_term_string"}],"inLanguage":"pt-BR"}]}},"_links":{"self":[{"href":"https:\/\/clubedeviagensmoms.com.br\/homolog\/wp-json\/wp\/v2\/product\/4008","targetHints":{"allow":["GET"]}}],"collection":[{"href":"https:\/\/clubedeviagensmoms.com.br\/homolog\/wp-json\/wp\/v2\/product"}],"about":[{"href":"https:\/\/clubedeviagensmoms.com.br\/homolog\/wp-json\/wp\/v2\/types\/product"}],"replies":[{"embeddable":true,"href":"https:\/\/clubedeviagensmoms.com.br\/homolog\/wp-json\/wp\/v2\/comments?post=4008"}],"wp:featuredmedia":[{"embeddable":true,"href":"https:\/\/clubedeviagensmoms.com.br\/homolog\/wp-json\/wp\/v2\/media\/1314"}],"wp:attachment":[{"href":"https:\/\/clubedeviagensmoms.com.br\/homolog\/wp-json\/wp\/v2\/media?parent=4008"}],"wp:term":[{"taxonomy":"product_cat","embeddable":true,"href":"https:\/\/clubedeviagensmoms.com.br\/homolog\/wp-json\/wp\/v2\/product_cat?post=4008"},{"taxonomy":"product_tag","embeddable":true,"href":"https:\/\/clubedeviagensmoms.com.br\/homolog\/wp-json\/wp\/v2\/product_tag?post=4008"}],"curies":[{"name":"wp","href":"https:\/\/api.w.org\/{rel}","templated":true}]}}