{"id":4009,"date":"2021-10-29T19:55:22","date_gmt":"2021-10-29T22:55:22","guid":{"rendered":"http:\/\/clubedeviagensmoms.com.br\/homolog\/taober_wp\/?post_type=product&#038;p=4009"},"modified":"2023-08-30T12:26:03","modified_gmt":"2023-08-30T15:26:03","slug":"portobello-resort-safari","status":"publish","type":"product","link":"https:\/\/clubedeviagensmoms.com.br\/homolog\/produto\/portobello-resort-safari\/","title":{"rendered":"Portobello Resort &#038; Safari"},"content":{"rendered":"<h4>O Portobello Resort tem arquitetura inspirada no estilo polin\u00e9sio e decora\u00e7\u00e3o em harmonia com a natureza.<\/h4>\n<p>&nbsp;<\/p>\n<p>De frente para a ba\u00eda da Ilha Grande e cercado por montanhas cobertas pela Mata Atl\u00e2ntica, o Hotel Portobello Resort &amp; Safari proporciona experi\u00eancias certamente inesquec\u00edveis para toda a fam\u00edlia: hoje \u00e9 o \u00fanico no Brasil com saf\u00e1ri que possui, aproximadamente, 500 animais das faunas brasileira, europeia e africana. \u00c9 um zool\u00f3gico ao ar livre.<\/p>\n<p>O Hotel Portobello Resort &amp; Safari foi fundado em 1987 por Carlos Jardim Borges, filho do pioneiro no segmento de Resorts no Brasil, Carlos de Souza Gomes Borges e criador do Hotel do Frade em Angra dos Reis-RJ. A<span>\u00a0<\/span><a href=\"https:\/\/portoimperial.com.br\/\" target=\"_blank\" rel=\"noopener noreferrer\">Pousada Porto Imperial<\/a>, tamb\u00e9m faz parte do grupo, e est\u00e1 localizada no centro Hist\u00f3rico de Paraty com 43 apartamentos.<\/p>\n<p>O Portobello Resort e Saf\u00e1ri possui 152 apartamentos divididos em 6 categorias, Standard, Superior, Beach Room, Su\u00edte, Su\u00edte Beach e Su\u00edte Master. Todas as unidades de frente para o mar, com banheiro privativo, minibar, telefone, TV por sat\u00e9lite, ar condicionado, cofre, secador de cabelos e wi-fi.<\/p>\n<p>O Safari do Portobello \u00e9 classificado pelo IBAMA como categoria A, ou seja, os animais vivem em liberdade, seguros e cuidados por uma equipe treinada e orientados por um veterin\u00e1rio e um bi\u00f3logo. Nossos animais s\u00e3o provenientes de apreens\u00f5es ilegais, resgates e muitos chegam principalmente at\u00e9 n\u00f3s depois de sofrerem acidentes, maus-tratos ou serem abandonados. Passeios regulares em ve\u00edculos 4\u00d74, s\u00e3o oferecidos aos h\u00f3spedes, proporcionando uma experi\u00eancia \u00fanica e inesquec\u00edvel.<\/p>\n<p>O Resort permite explorar recantos de rara beleza como piscinas naturais, a p\u00e9 ou a cavalo, por trilhas em meio a esp\u00e9cies da flora nativa. Al\u00e9m disso, uma praia particular, de areias brancas e mar calmo, garante privacidade e seguran\u00e7a para a pr\u00e1tica de esportes n\u00e1uticos.<\/p>\n<p>&nbsp;<\/p>\n<p>Se voc\u00ea ainda n\u00e3o conhece nossas redes sociais, vem dar uma conferida no nosso<span>\u00a0<\/span><a href=\"https:\/\/www.instagram.com\/clubedeviagensmoms\/\">Instagram<\/a><span>\u00a0<\/span>e tamb\u00e9m na nossa<span>\u00a0<\/span><a href=\"https:\/\/www.facebook.com\/ClubeDeViagensMoms\/?hc_ref=ARREVFAUN6kemqQPikWPR6yOVqfolWuZ4Gm2u6EX4fJ2-jyHER8eDB5si8DvGkabbOE&amp;fref=nf&amp;__xts__[0]=68.ARAXJqd_Jm68dG9qh_a7A_hAS8hHGdRg1Cq8Je9my1EPnGBRo26TI37xs6IY6NhynKSzyIDhPcBRqvr6Nzuwi7g2W4UPO84T0-vU7mWKXia_C51FzzqVsE3HthHbuQetTo9gapY&amp;__tn__=kC-R\">p\u00e1gina do Facebook<\/a>! Ainda, temos um<span>\u00a0<\/span><a href=\"https:\/\/www.facebook.com\/groups\/clubedeviagensmoms\/\">grupo do Facebook<\/a>, ent\u00e3o, venha fazer parte!<\/p>\n<p>E se voc\u00ea quiser conferir nossos outros hot\u00e9is parceiros, clique<span>\u00a0<\/span><a href=\"http:\/\/clubedeviagensmoms.com.br\/homolog\/vamos-viajar\/hoteis\/\" target=\"_blank\" rel=\"noopener noreferrer\">aqui<\/a>!<\/p>\n","protected":false},"excerpt":{"rendered":"<p>De\u00a0frente para a ba\u00eda da Ilha Grande, o Portobello Resort &amp; Safari proporciona experi\u00eancias inesquec\u00edveis para toda a fam\u00edlia. O \u00fanico no Brasil com Saf\u00e1ri.<\/p>\n","protected":false},"featured_media":852,"comment_status":"closed","ping_status":"closed","template":"","meta":[],"product_cat":[21],"product_tag":[213,27,28,29,30,31,49,32,33,174,214,215,216,217,35,36,37,218,38,39,40],"class_list":["post-4009","product","type-product","status-publish","has-post-thumbnail","hentry","product_cat-hoteis","product_tag-acessibilidade","product_tag-clube-de-viagens-moms","product_tag-clube-moms","product_tag-criancas","product_tag-diversao","product_tag-diversao-em-familia","product_tag-fazendinha","product_tag-ferias","product_tag-ferias-em-familia","product_tag-hoteis-que-indicamos","product_tag-marina","product_tag-nautico","product_tag-pne","product_tag-portobello","product_tag-recreacao","product_tag-resort","product_tag-rio-de-janeiro","product_tag-safari","product_tag-viagem","product_tag-viagem-com-criancas","product_tag-viagem-em-familia","pa_destino-brasil","pa_destino-mangaratiba","pa_destino-rio-de-janeiro","pa_estrutura-lazer-academia","pa_estrutura-lazer-bar","pa_estrutura-lazer-bicicleta","pa_estrutura-lazer-caminhada","pa_estrutura-lazer-campo-de-futebol","pa_estrutura-lazer-cavalos","pa_estrutura-lazer-centro-de-convencoes","pa_estrutura-lazer-cinema","pa_estrutura-lazer-clube-de-praia","pa_estrutura-lazer-copa-baby","pa_estrutura-lazer-esportes-radicais","pa_estrutura-lazer-estacionamento","pa_estrutura-lazer-fazendinha","pa_estrutura-lazer-heliporto","pa_estrutura-lazer-horta","pa_estrutura-lazer-kids-club","pa_estrutura-lazer-lago-para-pescaria","pa_estrutura-lazer-marina","pa_estrutura-lazer-piscina","pa_estrutura-lazer-piscina-aquecida","pa_estrutura-lazer-quadra-de-tenis","pa_estrutura-lazer-quadra-de-volei","pa_estrutura-lazer-recreacao","pa_estrutura-lazer-restaurante","pa_estrutura-lazer-restaurante-infantil","pa_estrutura-lazer-salao-de-jogos","pa_estrutura-lazer-sauna","pa_estrutura-lazer-spa","pa_necessidades-especiais-acessibilidade","pa_regime-de-alimentacao-pensao-completa","pa_servicos-opcionais-esportes-radicais","pa_servicos-opcionais-loja-de-presentes","pa_servicos-opcionais-passeios-tour","pa_servicos-opcionais-servico-de-babas","pa_servicos-opcionais-servico-de-massagem","pa_servicos-opcionais-servico-de-traslado","pa_servicos-opcionais-stand-up-paddle","pa_tipos-de-destinos-pe-na-areia","pa_tipos-de-destinos-praia","pa_tipos-de-destinos-resorts"],"acf":[],"yoast_head":"<!-- This site is optimized with the Yoast SEO Premium plugin v16.0.2 (Yoast SEO v21.2) - https:\/\/yoast.com\/wordpress\/plugins\/seo\/ -->\n<title>Portobello Resort &amp; Safari - Clube Moms<\/title>\n<meta name=\"description\" content=\"De\u00a0frente para a ba\u00eda da Ilha Grande, o Portobello Resort &amp; Safari proporciona experi\u00eancias inesquec\u00edveis para toda a fam\u00edlia. O \u00fanico no Brasil com Saf\u00e1ri.\" \/>\n<meta name=\"robots\" content=\"index, follow, max-snippet:-1, max-image-preview:large, max-video-preview:-1\" \/>\n<link rel=\"canonical\" href=\"https:\/\/clubedeviagensmoms.com.br\/homolog\/produto\/portobello-resort-safari\/\" \/>\n<meta property=\"og:locale\" content=\"pt_BR\" \/>\n<meta property=\"og:type\" content=\"article\" \/>\n<meta property=\"og:title\" content=\"Portobello Resort &amp; Safari - Clube Moms\" \/>\n<meta property=\"og:description\" content=\"De\u00a0frente para a ba\u00eda da Ilha Grande, o Portobello Resort &amp; Safari proporciona experi\u00eancias inesquec\u00edveis para toda a fam\u00edlia. O \u00fanico no Brasil com Saf\u00e1ri.\" \/>\n<meta property=\"og:url\" content=\"https:\/\/clubedeviagensmoms.com.br\/homolog\/produto\/portobello-resort-safari\/\" \/>\n<meta property=\"og:site_name\" content=\"Clube Moms\" \/>\n<meta property=\"article:modified_time\" content=\"2023-08-30T15:26:03+00:00\" \/>\n<meta property=\"og:image\" content=\"https:\/\/clubedeviagensmoms.com.br\/homolog\/wp-content\/uploads\/2021\/10\/Portobello_VistaGeral_09042018_1843-1024x536-1.jpg\" \/>\n\t<meta property=\"og:image:width\" content=\"1024\" \/>\n\t<meta property=\"og:image:height\" content=\"536\" \/>\n\t<meta property=\"og:image:type\" content=\"image\/jpeg\" \/>\n<meta name=\"twitter:card\" content=\"summary_large_image\" \/>\n<meta name=\"twitter:label1\" content=\"Est. tempo de leitura\" \/>\n\t<meta name=\"twitter:data1\" content=\"2 minutos\" \/>\n<script type=\"application\/ld+json\" class=\"yoast-schema-graph\">{\"@context\":\"https:\/\/schema.org\",\"@graph\":[{\"@type\":\"WebPage\",\"@id\":\"https:\/\/clubedeviagensmoms.com.br\/homolog\/produto\/portobello-resort-safari\/\",\"url\":\"https:\/\/clubedeviagensmoms.com.br\/homolog\/produto\/portobello-resort-safari\/\",\"name\":\"Portobello Resort & Safari - Clube Moms\",\"isPartOf\":{\"@id\":\"https:\/\/clubedeviagensmoms.com.br\/homolog\/#website\"},\"datePublished\":\"2021-10-29T22:55:22+00:00\",\"dateModified\":\"2023-08-30T15:26:03+00:00\",\"description\":\"De\u00a0frente para a ba\u00eda da Ilha Grande, o Portobello Resort &amp; Safari proporciona experi\u00eancias inesquec\u00edveis para toda a fam\u00edlia. O \u00fanico no Brasil com Saf\u00e1ri.\",\"breadcrumb\":{\"@id\":\"https:\/\/clubedeviagensmoms.com.br\/homolog\/produto\/portobello-resort-safari\/#breadcrumb\"},\"inLanguage\":\"pt-BR\",\"potentialAction\":[{\"@type\":\"ReadAction\",\"target\":[\"https:\/\/clubedeviagensmoms.com.br\/homolog\/produto\/portobello-resort-safari\/\"]}]},{\"@type\":\"BreadcrumbList\",\"@id\":\"https:\/\/clubedeviagensmoms.com.br\/homolog\/produto\/portobello-resort-safari\/#breadcrumb\",\"itemListElement\":[{\"@type\":\"ListItem\",\"position\":1,\"name\":\"Home\",\"item\":\"https:\/\/clubedeviagensmoms.com.br\/homolog\/\"},{\"@type\":\"ListItem\",\"position\":2,\"name\":\"Vamos Viajar\",\"item\":\"https:\/\/clubedeviagensmoms.com.br\/homolog\/shop\/\"},{\"@type\":\"ListItem\",\"position\":3,\"name\":\"Portobello Resort &#038; Safari\"}]},{\"@type\":\"WebSite\",\"@id\":\"https:\/\/clubedeviagensmoms.com.br\/homolog\/#website\",\"url\":\"https:\/\/clubedeviagensmoms.com.br\/homolog\/\",\"name\":\"Clube Moms\",\"description\":\"O Clube Moms \u00e9 uma ag\u00eancia de turismo com foco em fam\u00edlias com crian\u00e7as, que uno os conceitos de Consultoria Especializada e Clube de Vantagens.\",\"potentialAction\":[{\"@type\":\"SearchAction\",\"target\":{\"@type\":\"EntryPoint\",\"urlTemplate\":\"https:\/\/clubedeviagensmoms.com.br\/homolog\/?s={search_term_string}\"},\"query-input\":\"required name=search_term_string\"}],\"inLanguage\":\"pt-BR\"}]}<\/script>\n<!-- \/ Yoast SEO Premium plugin. -->","yoast_head_json":{"title":"Portobello Resort & Safari - Clube Moms","description":"De\u00a0frente para a ba\u00eda da Ilha Grande, o Portobello Resort &amp; Safari proporciona experi\u00eancias inesquec\u00edveis para toda a fam\u00edlia. O \u00fanico no Brasil com Saf\u00e1ri.","robots":{"index":"index","follow":"follow","max-snippet":"max-snippet:-1","max-image-preview":"max-image-preview:large","max-video-preview":"max-video-preview:-1"},"canonical":"https:\/\/clubedeviagensmoms.com.br\/homolog\/produto\/portobello-resort-safari\/","og_locale":"pt_BR","og_type":"article","og_title":"Portobello Resort & Safari - Clube Moms","og_description":"De\u00a0frente para a ba\u00eda da Ilha Grande, o Portobello Resort &amp; Safari proporciona experi\u00eancias inesquec\u00edveis para toda a fam\u00edlia. O \u00fanico no Brasil com Saf\u00e1ri.","og_url":"https:\/\/clubedeviagensmoms.com.br\/homolog\/produto\/portobello-resort-safari\/","og_site_name":"Clube Moms","article_modified_time":"2023-08-30T15:26:03+00:00","og_image":[{"width":1024,"height":536,"url":"https:\/\/clubedeviagensmoms.com.br\/homolog\/wp-content\/uploads\/2021\/10\/Portobello_VistaGeral_09042018_1843-1024x536-1.jpg","type":"image\/jpeg"}],"twitter_card":"summary_large_image","twitter_misc":{"Est. tempo de leitura":"2 minutos"},"schema":{"@context":"https:\/\/schema.org","@graph":[{"@type":"WebPage","@id":"https:\/\/clubedeviagensmoms.com.br\/homolog\/produto\/portobello-resort-safari\/","url":"https:\/\/clubedeviagensmoms.com.br\/homolog\/produto\/portobello-resort-safari\/","name":"Portobello Resort & Safari - Clube Moms","isPartOf":{"@id":"https:\/\/clubedeviagensmoms.com.br\/homolog\/#website"},"datePublished":"2021-10-29T22:55:22+00:00","dateModified":"2023-08-30T15:26:03+00:00","description":"De\u00a0frente para a ba\u00eda da Ilha Grande, o Portobello Resort &amp; Safari proporciona experi\u00eancias inesquec\u00edveis para toda a fam\u00edlia. O \u00fanico no Brasil com Saf\u00e1ri.","breadcrumb":{"@id":"https:\/\/clubedeviagensmoms.com.br\/homolog\/produto\/portobello-resort-safari\/#breadcrumb"},"inLanguage":"pt-BR","potentialAction":[{"@type":"ReadAction","target":["https:\/\/clubedeviagensmoms.com.br\/homolog\/produto\/portobello-resort-safari\/"]}]},{"@type":"BreadcrumbList","@id":"https:\/\/clubedeviagensmoms.com.br\/homolog\/produto\/portobello-resort-safari\/#breadcrumb","itemListElement":[{"@type":"ListItem","position":1,"name":"Home","item":"https:\/\/clubedeviagensmoms.com.br\/homolog\/"},{"@type":"ListItem","position":2,"name":"Vamos Viajar","item":"https:\/\/clubedeviagensmoms.com.br\/homolog\/shop\/"},{"@type":"ListItem","position":3,"name":"Portobello Resort &#038; Safari"}]},{"@type":"WebSite","@id":"https:\/\/clubedeviagensmoms.com.br\/homolog\/#website","url":"https:\/\/clubedeviagensmoms.com.br\/homolog\/","name":"Clube Moms","description":"O Clube Moms \u00e9 uma ag\u00eancia de turismo com foco em fam\u00edlias com crian\u00e7as, que uno os conceitos de Consultoria Especializada e Clube de Vantagens.","potentialAction":[{"@type":"SearchAction","target":{"@type":"EntryPoint","urlTemplate":"https:\/\/clubedeviagensmoms.com.br\/homolog\/?s={search_term_string}"},"query-input":"required name=search_term_string"}],"inLanguage":"pt-BR"}]}},"_links":{"self":[{"href":"https:\/\/clubedeviagensmoms.com.br\/homolog\/wp-json\/wp\/v2\/product\/4009","targetHints":{"allow":["GET"]}}],"collection":[{"href":"https:\/\/clubedeviagensmoms.com.br\/homolog\/wp-json\/wp\/v2\/product"}],"about":[{"href":"https:\/\/clubedeviagensmoms.com.br\/homolog\/wp-json\/wp\/v2\/types\/product"}],"replies":[{"embeddable":true,"href":"https:\/\/clubedeviagensmoms.com.br\/homolog\/wp-json\/wp\/v2\/comments?post=4009"}],"wp:featuredmedia":[{"embeddable":true,"href":"https:\/\/clubedeviagensmoms.com.br\/homolog\/wp-json\/wp\/v2\/media\/852"}],"wp:attachment":[{"href":"https:\/\/clubedeviagensmoms.com.br\/homolog\/wp-json\/wp\/v2\/media?parent=4009"}],"wp:term":[{"taxonomy":"product_cat","embeddable":true,"href":"https:\/\/clubedeviagensmoms.com.br\/homolog\/wp-json\/wp\/v2\/product_cat?post=4009"},{"taxonomy":"product_tag","embeddable":true,"href":"https:\/\/clubedeviagensmoms.com.br\/homolog\/wp-json\/wp\/v2\/product_tag?post=4009"}],"curies":[{"name":"wp","href":"https:\/\/api.w.org\/{rel}","templated":true}]}}