{"id":4010,"date":"2021-10-29T19:55:22","date_gmt":"2021-10-29T22:55:22","guid":{"rendered":"http:\/\/clubedeviagensmoms.com.br\/homolog\/taober_wp\/?post_type=product&#038;p=4010"},"modified":"2023-08-30T12:26:01","modified_gmt":"2023-08-30T15:26:01","slug":"pedra-da-laguna-hotel-boutique-spa","status":"publish","type":"product","link":"https:\/\/clubedeviagensmoms.com.br\/homolog\/produto\/pedra-da-laguna-hotel-boutique-spa\/","title":{"rendered":"Pedra da Laguna Hotel Boutique &#038; SPA"},"content":{"rendered":"<div class=\"col medium-11 small-11 large-11\">\n<div class=\"col-inner text-center\">\n<p class=\"texto\">O Pedra da Laguna Hotel Boutique &amp; SPA foi inaugurado no ano de 2000 e conta com arquitetura inspirada nas fazendas de Minas Gerais. Est\u00e1 localizado a 150 metros da Praia da Ferradura e a 5 min de carro da Rua das Pedras. Al\u00e9m disso, est\u00e1 inserida em meio a uma bela vegeta\u00e7\u00e3o nativa.<\/p>\n<p class=\"texto\">Em 2017 o espa\u00e7o T\u00e2nger foi criado com inspira\u00e7\u00e3o nas cores e arquitetura do Marrocos e a harmonia entre os ambientes levam a um lugar ex\u00f3tico e aconchegante.<\/p>\n<p class=\"texto\">O Pedra da Laguna pertence \u00e0 prestigiada Associa\u00e7\u00e3o Roteiros de Charme, sendo assim, oferece ambientes de charme e servi\u00e7os diferenciados e proporciona aos h\u00f3spedes momentos de bem estar e tranquilidade.<\/p>\n<\/div>\n<\/div>\n<div class=\"col medium-11 small-11 large-11\">\n<div class=\"col-inner\">\n<p class=\"texto\">O sorriso encontrado no rosto de nossos colaboradores far\u00e3o de sua estada \u00fanica e inesquec\u00edvel!<\/p>\n<p>&nbsp;<\/p>\n<h4>Sustentabilidade<\/h4>\n<p>O hotel adota pr\u00e1ticas ambientais desde sua funda\u00e7\u00e3o, incluindo o uso de energia solar para o aquecimento da \u00e1gua dos chuveiros, reaproveitamento da \u00e1gua da chuva para o uso nos jardins e piscina, separa\u00e7\u00e3o de res\u00edduos s\u00f3lidos como vidro, pl\u00e1stico e papel, como tamb\u00e9m orienta\u00e7\u00e3o dos colaboradores e h\u00f3spedes quanto a economia do consumo de \u00e1gua e energia.<\/p>\n<p>Por pertencer \u00e0 Associa\u00e7\u00e3o Roteiros de Charme o Pedra da Laguna B\u00fazios, na Praia da Ferradura, refor\u00e7a a sua gest\u00e3o com o C\u00f3digo de \u00c9tica e de Conduta Ambiental.<\/p>\n<p>&nbsp;<\/p>\n<\/div>\n<h4>Ananda SPA<\/h4>\n<p>A inspira\u00e7\u00e3o do nome \u201cAnanda\u201d corresponde ao que desejamos ofertar aos nossos h\u00f3spedes. \u201cAnanda\u201d era o mais dedicado disc\u00edpulo de Buda e seu nome significa \u201cfelicidade\u201d em S\u00e2nscrito e \u00e9 considerado o estado de bem aventuran\u00e7a.<\/p>\n<p>O Ananda Spa Pedra da Laguna B\u00fazios, atrav\u00e9s de pr\u00e1ticas naturais, oferece servi\u00e7os personalizados proporcionando bem-estar, harmonia e paz interior.<\/p>\n<p>&nbsp;<\/p>\n<h4>Gastronomia<\/h4>\n<p>Por fim, o restaurante Bistr\u00f4 Orange, chefiado por Wellington Laudares, oferece aos h\u00f3spedes pratos de cozinha contempor\u00e2nea com produtos que s\u00e3o escolhidos entre os melhores fornecedores de B\u00fazios, sendo a qualidade e o frescor dos alimentos os requisitos fundamentais.<\/p>\n<\/div>\n<p>Venha desfrutar do Pedra da Laguna Hotel Boutique &amp; SPA! Voc\u00ea n\u00e3o vai se arrepender!<\/p>\n<p>Se voc\u00ea ainda n\u00e3o conhece nossas redes sociais, vem dar uma conferida no nosso<span>\u00a0<\/span><a href=\"https:\/\/www.instagram.com\/clubedeviagensmoms\/\">Instagram<\/a><span>\u00a0<\/span>e tamb\u00e9m na nossa<span>\u00a0<\/span><a href=\"https:\/\/www.facebook.com\/ClubeDeViagensMoms\/?hc_ref=ARREVFAUN6kemqQPikWPR6yOVqfolWuZ4Gm2u6EX4fJ2-jyHER8eDB5si8DvGkabbOE&amp;fref=nf&amp;__xts__[0]=68.ARAXJqd_Jm68dG9qh_a7A_hAS8hHGdRg1Cq8Je9my1EPnGBRo26TI37xs6IY6NhynKSzyIDhPcBRqvr6Nzuwi7g2W4UPO84T0-vU7mWKXia_C51FzzqVsE3HthHbuQetTo9gapY&amp;__tn__=kC-R\">p\u00e1gina do Facebook<\/a>! Ainda, temos um<span>\u00a0<\/span><a href=\"https:\/\/www.facebook.com\/groups\/clubedeviagensmoms\/\">grupo do Facebook<\/a>, ent\u00e3o, venha fazer parte!<\/p>\n<p>E se voc\u00ea quiser conferir nossos outros hot\u00e9is parceiros, clique<span>\u00a0<\/span><a href=\"http:\/\/clubedeviagensmoms.com.br\/homolog\/vamos-viajar\/hoteis\/\" target=\"_blank\" rel=\"noopener noreferrer\">aqui<\/a>!<\/p>\n","protected":false},"excerpt":{"rendered":"<p>Inspirado na arquitetura de Minas Gerais, o Pedra da Laguna, localizado em B\u00fazios, oferece charme e sofistica\u00e7\u00e3o para quem quer desfrutar desse destino!<\/p>\n","protected":false},"featured_media":1358,"comment_status":"closed","ping_status":"closed","template":"","meta":[],"product_cat":[21],"product_tag":[142,27,28,29,30,31,32,33,37,39,40],"class_list":["post-4010","product","type-product","status-publish","has-post-thumbnail","hentry","product_cat-hoteis","product_tag-buzios","product_tag-clube-de-viagens-moms","product_tag-clube-moms","product_tag-criancas","product_tag-diversao","product_tag-diversao-em-familia","product_tag-ferias","product_tag-ferias-em-familia","product_tag-rio-de-janeiro","product_tag-viagem-com-criancas","product_tag-viagem-em-familia","pa_destino-buzios","pa_destino-rio-de-janeiro","pa_estrutura-lazer-bar","pa_estrutura-lazer-gazebo","pa_estrutura-lazer-piscina","pa_estrutura-lazer-restaurante","pa_estrutura-lazer-sauna","pa_estrutura-lazer-spa","pa_regime-de-alimentacao-cafe-da-manha"],"acf":[],"yoast_head":"<!-- This site is optimized with the Yoast SEO Premium plugin v16.0.2 (Yoast SEO v21.2) - https:\/\/yoast.com\/wordpress\/plugins\/seo\/ -->\n<title>Pedra da Laguna Hotel Boutique &amp; SPA - Clube Moms<\/title>\n<meta name=\"description\" content=\"Inspirado na arquitetura de Minas Gerais, o Pedra da Laguna, localizado em B\u00fazios, oferece charme e sofistica\u00e7\u00e3o para quem quer desfrutar desse destino!\" \/>\n<meta name=\"robots\" content=\"index, follow, max-snippet:-1, max-image-preview:large, max-video-preview:-1\" \/>\n<link rel=\"canonical\" href=\"https:\/\/clubedeviagensmoms.com.br\/homolog\/produto\/pedra-da-laguna-hotel-boutique-spa\/\" \/>\n<meta property=\"og:locale\" content=\"pt_BR\" \/>\n<meta property=\"og:type\" content=\"article\" \/>\n<meta property=\"og:title\" content=\"Pedra da Laguna Hotel Boutique &amp; SPA - Clube Moms\" \/>\n<meta property=\"og:description\" content=\"Inspirado na arquitetura de Minas Gerais, o Pedra da Laguna, localizado em B\u00fazios, oferece charme e sofistica\u00e7\u00e3o para quem quer desfrutar desse destino!\" \/>\n<meta property=\"og:url\" content=\"https:\/\/clubedeviagensmoms.com.br\/homolog\/produto\/pedra-da-laguna-hotel-boutique-spa\/\" \/>\n<meta property=\"og:site_name\" content=\"Clube Moms\" \/>\n<meta property=\"article:modified_time\" content=\"2023-08-30T15:26:01+00:00\" \/>\n<meta property=\"og:image\" content=\"https:\/\/clubedeviagensmoms.com.br\/homolog\/wp-content\/uploads\/2021\/10\/pedra-da-laguna-area-externa-com-piscina-1.jpg\" \/>\n\t<meta property=\"og:image:width\" content=\"1200\" \/>\n\t<meta property=\"og:image:height\" content=\"628\" \/>\n\t<meta property=\"og:image:type\" content=\"image\/jpeg\" \/>\n<meta name=\"twitter:card\" content=\"summary_large_image\" \/>\n<meta name=\"twitter:label1\" content=\"Est. tempo de leitura\" \/>\n\t<meta name=\"twitter:data1\" content=\"2 minutos\" \/>\n<script type=\"application\/ld+json\" class=\"yoast-schema-graph\">{\"@context\":\"https:\/\/schema.org\",\"@graph\":[{\"@type\":\"WebPage\",\"@id\":\"https:\/\/clubedeviagensmoms.com.br\/homolog\/produto\/pedra-da-laguna-hotel-boutique-spa\/\",\"url\":\"https:\/\/clubedeviagensmoms.com.br\/homolog\/produto\/pedra-da-laguna-hotel-boutique-spa\/\",\"name\":\"Pedra da Laguna Hotel Boutique & SPA - Clube Moms\",\"isPartOf\":{\"@id\":\"https:\/\/clubedeviagensmoms.com.br\/homolog\/#website\"},\"datePublished\":\"2021-10-29T22:55:22+00:00\",\"dateModified\":\"2023-08-30T15:26:01+00:00\",\"description\":\"Inspirado na arquitetura de Minas Gerais, o Pedra da Laguna, localizado em B\u00fazios, oferece charme e sofistica\u00e7\u00e3o para quem quer desfrutar desse destino!\",\"breadcrumb\":{\"@id\":\"https:\/\/clubedeviagensmoms.com.br\/homolog\/produto\/pedra-da-laguna-hotel-boutique-spa\/#breadcrumb\"},\"inLanguage\":\"pt-BR\",\"potentialAction\":[{\"@type\":\"ReadAction\",\"target\":[\"https:\/\/clubedeviagensmoms.com.br\/homolog\/produto\/pedra-da-laguna-hotel-boutique-spa\/\"]}]},{\"@type\":\"BreadcrumbList\",\"@id\":\"https:\/\/clubedeviagensmoms.com.br\/homolog\/produto\/pedra-da-laguna-hotel-boutique-spa\/#breadcrumb\",\"itemListElement\":[{\"@type\":\"ListItem\",\"position\":1,\"name\":\"Home\",\"item\":\"https:\/\/clubedeviagensmoms.com.br\/homolog\/\"},{\"@type\":\"ListItem\",\"position\":2,\"name\":\"Vamos Viajar\",\"item\":\"https:\/\/clubedeviagensmoms.com.br\/homolog\/shop\/\"},{\"@type\":\"ListItem\",\"position\":3,\"name\":\"Pedra da Laguna Hotel Boutique &#038; SPA\"}]},{\"@type\":\"WebSite\",\"@id\":\"https:\/\/clubedeviagensmoms.com.br\/homolog\/#website\",\"url\":\"https:\/\/clubedeviagensmoms.com.br\/homolog\/\",\"name\":\"Clube Moms\",\"description\":\"O Clube Moms \u00e9 uma ag\u00eancia de turismo com foco em fam\u00edlias com crian\u00e7as, que uno os conceitos de Consultoria Especializada e Clube de Vantagens.\",\"potentialAction\":[{\"@type\":\"SearchAction\",\"target\":{\"@type\":\"EntryPoint\",\"urlTemplate\":\"https:\/\/clubedeviagensmoms.com.br\/homolog\/?s={search_term_string}\"},\"query-input\":\"required name=search_term_string\"}],\"inLanguage\":\"pt-BR\"}]}<\/script>\n<!-- \/ Yoast SEO Premium plugin. -->","yoast_head_json":{"title":"Pedra da Laguna Hotel Boutique & SPA - Clube Moms","description":"Inspirado na arquitetura de Minas Gerais, o Pedra da Laguna, localizado em B\u00fazios, oferece charme e sofistica\u00e7\u00e3o para quem quer desfrutar desse destino!","robots":{"index":"index","follow":"follow","max-snippet":"max-snippet:-1","max-image-preview":"max-image-preview:large","max-video-preview":"max-video-preview:-1"},"canonical":"https:\/\/clubedeviagensmoms.com.br\/homolog\/produto\/pedra-da-laguna-hotel-boutique-spa\/","og_locale":"pt_BR","og_type":"article","og_title":"Pedra da Laguna Hotel Boutique & SPA - Clube Moms","og_description":"Inspirado na arquitetura de Minas Gerais, o Pedra da Laguna, localizado em B\u00fazios, oferece charme e sofistica\u00e7\u00e3o para quem quer desfrutar desse destino!","og_url":"https:\/\/clubedeviagensmoms.com.br\/homolog\/produto\/pedra-da-laguna-hotel-boutique-spa\/","og_site_name":"Clube Moms","article_modified_time":"2023-08-30T15:26:01+00:00","og_image":[{"width":1200,"height":628,"url":"https:\/\/clubedeviagensmoms.com.br\/homolog\/wp-content\/uploads\/2021\/10\/pedra-da-laguna-area-externa-com-piscina-1.jpg","type":"image\/jpeg"}],"twitter_card":"summary_large_image","twitter_misc":{"Est. tempo de leitura":"2 minutos"},"schema":{"@context":"https:\/\/schema.org","@graph":[{"@type":"WebPage","@id":"https:\/\/clubedeviagensmoms.com.br\/homolog\/produto\/pedra-da-laguna-hotel-boutique-spa\/","url":"https:\/\/clubedeviagensmoms.com.br\/homolog\/produto\/pedra-da-laguna-hotel-boutique-spa\/","name":"Pedra da Laguna Hotel Boutique & SPA - Clube Moms","isPartOf":{"@id":"https:\/\/clubedeviagensmoms.com.br\/homolog\/#website"},"datePublished":"2021-10-29T22:55:22+00:00","dateModified":"2023-08-30T15:26:01+00:00","description":"Inspirado na arquitetura de Minas Gerais, o Pedra da Laguna, localizado em B\u00fazios, oferece charme e sofistica\u00e7\u00e3o para quem quer desfrutar desse destino!","breadcrumb":{"@id":"https:\/\/clubedeviagensmoms.com.br\/homolog\/produto\/pedra-da-laguna-hotel-boutique-spa\/#breadcrumb"},"inLanguage":"pt-BR","potentialAction":[{"@type":"ReadAction","target":["https:\/\/clubedeviagensmoms.com.br\/homolog\/produto\/pedra-da-laguna-hotel-boutique-spa\/"]}]},{"@type":"BreadcrumbList","@id":"https:\/\/clubedeviagensmoms.com.br\/homolog\/produto\/pedra-da-laguna-hotel-boutique-spa\/#breadcrumb","itemListElement":[{"@type":"ListItem","position":1,"name":"Home","item":"https:\/\/clubedeviagensmoms.com.br\/homolog\/"},{"@type":"ListItem","position":2,"name":"Vamos Viajar","item":"https:\/\/clubedeviagensmoms.com.br\/homolog\/shop\/"},{"@type":"ListItem","position":3,"name":"Pedra da Laguna Hotel Boutique &#038; SPA"}]},{"@type":"WebSite","@id":"https:\/\/clubedeviagensmoms.com.br\/homolog\/#website","url":"https:\/\/clubedeviagensmoms.com.br\/homolog\/","name":"Clube Moms","description":"O Clube Moms \u00e9 uma ag\u00eancia de turismo com foco em fam\u00edlias com crian\u00e7as, que uno os conceitos de Consultoria Especializada e Clube de Vantagens.","potentialAction":[{"@type":"SearchAction","target":{"@type":"EntryPoint","urlTemplate":"https:\/\/clubedeviagensmoms.com.br\/homolog\/?s={search_term_string}"},"query-input":"required name=search_term_string"}],"inLanguage":"pt-BR"}]}},"_links":{"self":[{"href":"https:\/\/clubedeviagensmoms.com.br\/homolog\/wp-json\/wp\/v2\/product\/4010","targetHints":{"allow":["GET"]}}],"collection":[{"href":"https:\/\/clubedeviagensmoms.com.br\/homolog\/wp-json\/wp\/v2\/product"}],"about":[{"href":"https:\/\/clubedeviagensmoms.com.br\/homolog\/wp-json\/wp\/v2\/types\/product"}],"replies":[{"embeddable":true,"href":"https:\/\/clubedeviagensmoms.com.br\/homolog\/wp-json\/wp\/v2\/comments?post=4010"}],"wp:featuredmedia":[{"embeddable":true,"href":"https:\/\/clubedeviagensmoms.com.br\/homolog\/wp-json\/wp\/v2\/media\/1358"}],"wp:attachment":[{"href":"https:\/\/clubedeviagensmoms.com.br\/homolog\/wp-json\/wp\/v2\/media?parent=4010"}],"wp:term":[{"taxonomy":"product_cat","embeddable":true,"href":"https:\/\/clubedeviagensmoms.com.br\/homolog\/wp-json\/wp\/v2\/product_cat?post=4010"},{"taxonomy":"product_tag","embeddable":true,"href":"https:\/\/clubedeviagensmoms.com.br\/homolog\/wp-json\/wp\/v2\/product_tag?post=4010"}],"curies":[{"name":"wp","href":"https:\/\/api.w.org\/{rel}","templated":true}]}}