{"id":4011,"date":"2021-10-29T19:55:22","date_gmt":"2021-10-29T22:55:22","guid":{"rendered":"http:\/\/clubedeviagensmoms.com.br\/homolog\/taober_wp\/?post_type=product&#038;p=4011"},"modified":"2023-08-30T12:26:00","modified_gmt":"2023-08-30T15:26:00","slug":"patachocas","status":"publish","type":"product","link":"https:\/\/clubedeviagensmoms.com.br\/homolog\/produto\/patachocas\/","title":{"rendered":"Patachocas"},"content":{"rendered":"<p>O Patachocas, um hotel de padr\u00e3o internacional, est\u00e1 situado em uma antiga fazenda de cocos \u00e0 beira-mar. Possui uma extensa faixa de areia clara e um mar de \u00e1guas calmas e cristalinas na paradis\u00edaca Quarta Praia de Morro de S\u00e3o Paulo.<\/p>\n<p>Abrigado por uma barreira de corais, quando a mar\u00e9 est\u00e1 mais baixa, os h\u00f3spedes podem desfrutar das piscinas naturais a pouco metros das suas acomoda\u00e7\u00f5es. Assim, se configura como um para\u00edso particular para se aproveitar cada momento com tranquilidade e belas paisagens.<\/p>\n<p>A arquitetura do Patachocas integra-se em perfeita harmonia com a natureza, de forma que respeita a vegeta\u00e7\u00e3o nativa e utiliza elementos naturais para reproduzir a biodiversidade local, garantindo, assim, charme, conforto e comodidade sem ofuscar toda a exuber\u00e2ncia das belezas naturais o local.<\/p>\n<p>O Patachocas, ent\u00e3o, cria uma atmosfera \u00fanica em Morro de S\u00e3o Paulo para voc\u00ea aproveitar ao m\u00e1ximo suas f\u00e9rias. Portanto, na piscina com deck e bar molhado, h\u00e1 uma variedade de drinks para que voc\u00ea possa relaxar em grande estilo. Ou ainda fa\u00e7a parte de uma das mini-aulas de stand up Paddle, slackline, ou aulas de alongamento, medita\u00e7\u00e3o, Yoga, treinamento funcional e hidrogin\u00e1stica.\u00a0 Ainda, voc\u00ea pode fazer caminhadas ecol\u00f3gicas ou visitar \u00e0s piscinas naturais em frente ao hotel, tudo isso incluso no valor da di\u00e1ria. Aqui cada dia \u00e9 uma nova experi\u00eancia.<\/p>\n<h3><span>Gastronomia<\/span><\/h3>\n<p>Para quem aprecia a boa gastronomia, o Patachocas \u00e9 a pedida perfeita. O restaurante com vista panor\u00e2mica para o azul do mar e para o verde dos jardins, se destaca com especialidades da cozinha mediterr\u00e2nea e da culin\u00e1ria regional, como os aromas e sabores das massas italianas, e os elaborados pratos de frutos do mar.<\/p>\n<p>Aqui voc\u00ea come\u00e7a o dia da melhor forma: comendo bem!<\/p>\n<p>Ent\u00e3o, no Patachocas, o caf\u00e9 da manh\u00e3 \u00e9 farto e variado. Encontra-se uma diversidade de frutas ex\u00f3ticas, bolos t\u00edpicos, p\u00e3es artesanais e tamb\u00e9m a tradicional tapioca, que \u00e9 preparada na hora, bem como frios, queijos e sucos de frutas da esta\u00e7\u00e3o.<\/p>\n<p>Por fim, para dietas especiais s\u00e3o oferecidas algumas op\u00e7\u00f5es sem gl\u00faten (n\u00e3o isento de contamina\u00e7\u00e3o cruzada) e sem lactose.<\/p>\n<p>&nbsp;<\/p>\n<p>Venha conhecer e desfrutar do Patachocas! Voc\u00ea n\u00e3o vai se arrepender!<\/p>\n<p>Se voc\u00ea ainda n\u00e3o conhece nossas redes sociais, vem dar uma conferida no nosso<span>\u00a0<\/span><a href=\"https:\/\/www.instagram.com\/clubedeviagensmoms\/\">Instagram<\/a><span>\u00a0<\/span>e tamb\u00e9m na nossa<span>\u00a0<\/span><a href=\"https:\/\/www.facebook.com\/ClubeDeViagensMoms\/?hc_ref=ARREVFAUN6kemqQPikWPR6yOVqfolWuZ4Gm2u6EX4fJ2-jyHER8eDB5si8DvGkabbOE&amp;fref=nf&amp;__xts__[0]=68.ARAXJqd_Jm68dG9qh_a7A_hAS8hHGdRg1Cq8Je9my1EPnGBRo26TI37xs6IY6NhynKSzyIDhPcBRqvr6Nzuwi7g2W4UPO84T0-vU7mWKXia_C51FzzqVsE3HthHbuQetTo9gapY&amp;__tn__=kC-R\">p\u00e1gina do Facebook<\/a>! Ainda, temos um<span>\u00a0<\/span><a href=\"https:\/\/www.facebook.com\/groups\/clubedeviagensmoms\/\">grupo do Facebook<\/a>, ent\u00e3o, venha fazer parte!<\/p>\n<p>E se voc\u00ea quiser conferir nossos outros hot\u00e9is parceiros, clique<span>\u00a0<\/span><a href=\"http:\/\/clubedeviagensmoms.com.br\/homolog\/vamos-viajar\/hoteis\/\" target=\"_blank\" rel=\"noopener noreferrer\">aqui<\/a>!<\/p>\n","protected":false},"excerpt":{"rendered":"<p>Patachocas: usando elementos naturais para reproduzir, conforto e comodidade sem ofuscar toda a exuber\u00e2ncia das belezas naturais o local!<\/p>\n","protected":false},"featured_media":1372,"comment_status":"closed","ping_status":"closed","template":"","meta":[],"product_cat":[21],"product_tag":[163,27,28,29,30,31,32,33,219,220,35,36,37,38,39,40],"class_list":["post-4011","product","type-product","status-publish","has-post-thumbnail","hentry","product_cat-hoteis","product_tag-bahia","product_tag-clube-de-viagens-moms","product_tag-clube-moms","product_tag-criancas","product_tag-diversao","product_tag-diversao-em-familia","product_tag-ferias","product_tag-ferias-em-familia","product_tag-morro-de-sao-paulo","product_tag-patachocas-resort","product_tag-recreacao","product_tag-resort","product_tag-rio-de-janeiro","product_tag-viagem","product_tag-viagem-com-criancas","product_tag-viagem-em-familia","pa_destino-bahia","pa_estrutura-lazer-academia","pa_estrutura-lazer-bar","pa_estrutura-lazer-copa-baby","pa_estrutura-lazer-kids-club","pa_estrutura-lazer-piscina","pa_estrutura-lazer-quadra-de-tenis","pa_estrutura-lazer-recreacao","pa_estrutura-lazer-restaurante","pa_estrutura-lazer-restaurante-infantil","pa_estrutura-lazer-salao-de-jogos","pa_estrutura-lazer-spa","pa_estrutura-lazer-trilhas","pa_regime-de-alimentacao-cafe-da-manha","pa_servicos-opcionais-esportes-radicais","pa_servicos-opcionais-massagem","pa_servicos-opcionais-servico-de-babas","pa_tipos-de-destinos-pe-na-areia","pa_tipos-de-destinos-praia"],"acf":[],"yoast_head":"<!-- This site is optimized with the Yoast SEO Premium plugin v16.0.2 (Yoast SEO v21.2) - https:\/\/yoast.com\/wordpress\/plugins\/seo\/ -->\n<title>Patachocas - Clube Moms<\/title>\n<meta name=\"description\" content=\"Patachocas: usando elementos naturais para reproduzir, conforto e comodidade sem ofuscar toda a exuber\u00e2ncia das belezas naturais o local!\" \/>\n<meta name=\"robots\" content=\"index, follow, max-snippet:-1, max-image-preview:large, max-video-preview:-1\" \/>\n<link rel=\"canonical\" href=\"https:\/\/clubedeviagensmoms.com.br\/homolog\/produto\/patachocas\/\" \/>\n<meta property=\"og:locale\" content=\"pt_BR\" \/>\n<meta property=\"og:type\" content=\"article\" \/>\n<meta property=\"og:title\" content=\"Patachocas - Clube Moms\" \/>\n<meta property=\"og:description\" content=\"Patachocas: usando elementos naturais para reproduzir, conforto e comodidade sem ofuscar toda a exuber\u00e2ncia das belezas naturais o local!\" \/>\n<meta property=\"og:url\" content=\"https:\/\/clubedeviagensmoms.com.br\/homolog\/produto\/patachocas\/\" \/>\n<meta property=\"og:site_name\" content=\"Clube Moms\" \/>\n<meta property=\"article:modified_time\" content=\"2023-08-30T15:26:00+00:00\" \/>\n<meta property=\"og:image\" content=\"https:\/\/clubedeviagensmoms.com.br\/homolog\/wp-content\/uploads\/2021\/10\/Vista-Patachocas-Resort-1024x536-1.jpg\" \/>\n\t<meta property=\"og:image:width\" content=\"1024\" \/>\n\t<meta property=\"og:image:height\" content=\"536\" \/>\n\t<meta property=\"og:image:type\" content=\"image\/jpeg\" \/>\n<meta name=\"twitter:card\" content=\"summary_large_image\" \/>\n<meta name=\"twitter:label1\" content=\"Est. tempo de leitura\" \/>\n\t<meta name=\"twitter:data1\" content=\"2 minutos\" \/>\n<script type=\"application\/ld+json\" class=\"yoast-schema-graph\">{\"@context\":\"https:\/\/schema.org\",\"@graph\":[{\"@type\":\"WebPage\",\"@id\":\"https:\/\/clubedeviagensmoms.com.br\/homolog\/produto\/patachocas\/\",\"url\":\"https:\/\/clubedeviagensmoms.com.br\/homolog\/produto\/patachocas\/\",\"name\":\"Patachocas - Clube Moms\",\"isPartOf\":{\"@id\":\"https:\/\/clubedeviagensmoms.com.br\/homolog\/#website\"},\"datePublished\":\"2021-10-29T22:55:22+00:00\",\"dateModified\":\"2023-08-30T15:26:00+00:00\",\"description\":\"Patachocas: usando elementos naturais para reproduzir, conforto e comodidade sem ofuscar toda a exuber\u00e2ncia das belezas naturais o local!\",\"breadcrumb\":{\"@id\":\"https:\/\/clubedeviagensmoms.com.br\/homolog\/produto\/patachocas\/#breadcrumb\"},\"inLanguage\":\"pt-BR\",\"potentialAction\":[{\"@type\":\"ReadAction\",\"target\":[\"https:\/\/clubedeviagensmoms.com.br\/homolog\/produto\/patachocas\/\"]}]},{\"@type\":\"BreadcrumbList\",\"@id\":\"https:\/\/clubedeviagensmoms.com.br\/homolog\/produto\/patachocas\/#breadcrumb\",\"itemListElement\":[{\"@type\":\"ListItem\",\"position\":1,\"name\":\"Home\",\"item\":\"https:\/\/clubedeviagensmoms.com.br\/homolog\/\"},{\"@type\":\"ListItem\",\"position\":2,\"name\":\"Vamos Viajar\",\"item\":\"https:\/\/clubedeviagensmoms.com.br\/homolog\/shop\/\"},{\"@type\":\"ListItem\",\"position\":3,\"name\":\"Patachocas\"}]},{\"@type\":\"WebSite\",\"@id\":\"https:\/\/clubedeviagensmoms.com.br\/homolog\/#website\",\"url\":\"https:\/\/clubedeviagensmoms.com.br\/homolog\/\",\"name\":\"Clube Moms\",\"description\":\"O Clube Moms \u00e9 uma ag\u00eancia de turismo com foco em fam\u00edlias com crian\u00e7as, que uno os conceitos de Consultoria Especializada e Clube de Vantagens.\",\"potentialAction\":[{\"@type\":\"SearchAction\",\"target\":{\"@type\":\"EntryPoint\",\"urlTemplate\":\"https:\/\/clubedeviagensmoms.com.br\/homolog\/?s={search_term_string}\"},\"query-input\":\"required name=search_term_string\"}],\"inLanguage\":\"pt-BR\"}]}<\/script>\n<!-- \/ Yoast SEO Premium plugin. -->","yoast_head_json":{"title":"Patachocas - Clube Moms","description":"Patachocas: usando elementos naturais para reproduzir, conforto e comodidade sem ofuscar toda a exuber\u00e2ncia das belezas naturais o local!","robots":{"index":"index","follow":"follow","max-snippet":"max-snippet:-1","max-image-preview":"max-image-preview:large","max-video-preview":"max-video-preview:-1"},"canonical":"https:\/\/clubedeviagensmoms.com.br\/homolog\/produto\/patachocas\/","og_locale":"pt_BR","og_type":"article","og_title":"Patachocas - Clube Moms","og_description":"Patachocas: usando elementos naturais para reproduzir, conforto e comodidade sem ofuscar toda a exuber\u00e2ncia das belezas naturais o local!","og_url":"https:\/\/clubedeviagensmoms.com.br\/homolog\/produto\/patachocas\/","og_site_name":"Clube Moms","article_modified_time":"2023-08-30T15:26:00+00:00","og_image":[{"width":1024,"height":536,"url":"https:\/\/clubedeviagensmoms.com.br\/homolog\/wp-content\/uploads\/2021\/10\/Vista-Patachocas-Resort-1024x536-1.jpg","type":"image\/jpeg"}],"twitter_card":"summary_large_image","twitter_misc":{"Est. tempo de leitura":"2 minutos"},"schema":{"@context":"https:\/\/schema.org","@graph":[{"@type":"WebPage","@id":"https:\/\/clubedeviagensmoms.com.br\/homolog\/produto\/patachocas\/","url":"https:\/\/clubedeviagensmoms.com.br\/homolog\/produto\/patachocas\/","name":"Patachocas - Clube Moms","isPartOf":{"@id":"https:\/\/clubedeviagensmoms.com.br\/homolog\/#website"},"datePublished":"2021-10-29T22:55:22+00:00","dateModified":"2023-08-30T15:26:00+00:00","description":"Patachocas: usando elementos naturais para reproduzir, conforto e comodidade sem ofuscar toda a exuber\u00e2ncia das belezas naturais o local!","breadcrumb":{"@id":"https:\/\/clubedeviagensmoms.com.br\/homolog\/produto\/patachocas\/#breadcrumb"},"inLanguage":"pt-BR","potentialAction":[{"@type":"ReadAction","target":["https:\/\/clubedeviagensmoms.com.br\/homolog\/produto\/patachocas\/"]}]},{"@type":"BreadcrumbList","@id":"https:\/\/clubedeviagensmoms.com.br\/homolog\/produto\/patachocas\/#breadcrumb","itemListElement":[{"@type":"ListItem","position":1,"name":"Home","item":"https:\/\/clubedeviagensmoms.com.br\/homolog\/"},{"@type":"ListItem","position":2,"name":"Vamos Viajar","item":"https:\/\/clubedeviagensmoms.com.br\/homolog\/shop\/"},{"@type":"ListItem","position":3,"name":"Patachocas"}]},{"@type":"WebSite","@id":"https:\/\/clubedeviagensmoms.com.br\/homolog\/#website","url":"https:\/\/clubedeviagensmoms.com.br\/homolog\/","name":"Clube Moms","description":"O Clube Moms \u00e9 uma ag\u00eancia de turismo com foco em fam\u00edlias com crian\u00e7as, que uno os conceitos de Consultoria Especializada e Clube de Vantagens.","potentialAction":[{"@type":"SearchAction","target":{"@type":"EntryPoint","urlTemplate":"https:\/\/clubedeviagensmoms.com.br\/homolog\/?s={search_term_string}"},"query-input":"required name=search_term_string"}],"inLanguage":"pt-BR"}]}},"_links":{"self":[{"href":"https:\/\/clubedeviagensmoms.com.br\/homolog\/wp-json\/wp\/v2\/product\/4011","targetHints":{"allow":["GET"]}}],"collection":[{"href":"https:\/\/clubedeviagensmoms.com.br\/homolog\/wp-json\/wp\/v2\/product"}],"about":[{"href":"https:\/\/clubedeviagensmoms.com.br\/homolog\/wp-json\/wp\/v2\/types\/product"}],"replies":[{"embeddable":true,"href":"https:\/\/clubedeviagensmoms.com.br\/homolog\/wp-json\/wp\/v2\/comments?post=4011"}],"wp:featuredmedia":[{"embeddable":true,"href":"https:\/\/clubedeviagensmoms.com.br\/homolog\/wp-json\/wp\/v2\/media\/1372"}],"wp:attachment":[{"href":"https:\/\/clubedeviagensmoms.com.br\/homolog\/wp-json\/wp\/v2\/media?parent=4011"}],"wp:term":[{"taxonomy":"product_cat","embeddable":true,"href":"https:\/\/clubedeviagensmoms.com.br\/homolog\/wp-json\/wp\/v2\/product_cat?post=4011"},{"taxonomy":"product_tag","embeddable":true,"href":"https:\/\/clubedeviagensmoms.com.br\/homolog\/wp-json\/wp\/v2\/product_tag?post=4011"}],"curies":[{"name":"wp","href":"https:\/\/api.w.org\/{rel}","templated":true}]}}