{"id":4014,"date":"2021-10-29T19:55:22","date_gmt":"2021-10-29T22:55:22","guid":{"rendered":"http:\/\/clubedeviagensmoms.com.br\/homolog\/taober_wp\/?post_type=product&#038;p=4014"},"modified":"2023-08-30T12:25:58","modified_gmt":"2023-08-30T15:25:58","slug":"ouro-minas-palace-hotel","status":"publish","type":"product","link":"https:\/\/clubedeviagensmoms.com.br\/homolog\/produto\/ouro-minas-palace-hotel\/","title":{"rendered":"Ouro Minas Palace Hotel"},"content":{"rendered":"<h4>Descubra o Ouro Minas Palace Hotel, o hotel em BH mais pr\u00f3ximo ao<span>\u00a0<\/span>Aeroporto Internacional de Belo Horizonte, capital do turismo de neg\u00f3cios.<\/h4>\n<p>&nbsp;<\/p>\n<p>O cinco estrelas favorito de celebridades do entretenimento, lendas do esporte, pol\u00edticos e personalidades. O Ouro Minas Palace Hotel foi cuidadosamente pensado na sua grandeza original e \u00e9 um membro orgulhoso da Preferred Hotels &amp; Resorts, Lifestyle Collection.<\/p>\n<p>S\u00e3o 25 andares, 301 apartamentos (133 standard {S\u00e3o 18 apartamentos adaptados para receber pessoas com equil\u00edbrio e mobilidade limitados, com todo o conforto e acessibilidade} e 168 luxo) e 45 su\u00edtes, sendo 3 presidenciais (Real com nada menos que 300m\u00b2, Master com 160m\u00b2 e S\u00eanior com 140m\u00b2). Os h\u00f3spede desfrutam de \u00e1rea de lazer com piscina climatizada, jacuzzi, saunas seca e \u00famida, sala de jogos, academia e sol\u00e1rio. Bem como o premiado Restaurante Internacional Quinto do Ouro, contando com a estrela do card\u00e1pio, o autoral Fil\u00e9 Ouro Minas, interligado ao aconchegante Lobby Piano Bar com o pianista Afonso Morato, tocando diariamente das 19h \u00e0 0h, exceto domingos e o Coffee Shop, local onde \u00e9 servido o famoso e delicioso caf\u00e9 da manh\u00e3 Ouro Minas, servido de 6h \u00e0s 10h.<\/p>\n<p>Sendo assim, na capital do turismo de neg\u00f3cios, o Ouro Minas Palace Hotel oferece o melhor Centro de Eventos de toda a cidade de BH. Realize eventos inesquec\u00edveis dentro do majestoso Sal\u00e3o Centen\u00e1rio, al\u00e9m de mais 16 espa\u00e7os, entre salas, sal\u00f5es e audit\u00f3rios para reuni\u00f5es de duas pessoas ou 2000 mil convidados, com toda estrutura necess\u00e1ria para a realiza\u00e7\u00e3o de eventos cinco estrelas. Equipe pr\u00f3pria para acompanhar o evento desde a emiss\u00e3o do or\u00e7amento, realiza\u00e7\u00e3o e fechamento. Al\u00e9m de uma cozinha dedicada com Chef exclusivo para atender os mais diferentes perfis de eventos, bem como ma\u00eetres, gar\u00e7ons e estacionamento com manobristas. De tal forma que voc\u00ea n\u00e3o tenha que ser preocupar com mais nada al\u00e9m do sucesso de seu evento.<\/p>\n<p>Venha conhecer e desfrutar do Ouro Minas Palace Hotel! Voc\u00ea n\u00e3o vai se arrepender!<\/p>\n<p>Se voc\u00ea ainda n\u00e3o conhece nossas redes sociais, vem dar uma conferida no nosso<span>\u00a0<\/span><a href=\"https:\/\/www.instagram.com\/clubedeviagensmoms\/\">Instagram<\/a><span>\u00a0<\/span>e tamb\u00e9m na nossa<span>\u00a0<\/span><a href=\"https:\/\/www.facebook.com\/ClubeDeViagensMoms\/?hc_ref=ARREVFAUN6kemqQPikWPR6yOVqfolWuZ4Gm2u6EX4fJ2-jyHER8eDB5si8DvGkabbOE&amp;fref=nf&amp;__xts__[0]=68.ARAXJqd_Jm68dG9qh_a7A_hAS8hHGdRg1Cq8Je9my1EPnGBRo26TI37xs6IY6NhynKSzyIDhPcBRqvr6Nzuwi7g2W4UPO84T0-vU7mWKXia_C51FzzqVsE3HthHbuQetTo9gapY&amp;__tn__=kC-R\">p\u00e1gina do Facebook<\/a>! Ainda, temos um<span>\u00a0<\/span><a href=\"https:\/\/www.facebook.com\/groups\/clubedeviagensmoms\/\">grupo do Facebook<\/a>, ent\u00e3o, venha fazer parte!<\/p>\n<p>E se voc\u00ea quiser conferir nossos outros hot\u00e9is parceiros, clique<span>\u00a0<\/span><a href=\"http:\/\/clubedeviagensmoms.com.br\/homolog\/vamos-viajar\/hoteis\/\" target=\"_blank\" rel=\"noopener noreferrer\">aqui<\/a>!<\/p>\n","protected":false},"excerpt":{"rendered":"<p>O Ouro Minas Palace Hotel \u00e9 reconhecido pelo seu atendimento 5 estrelas. Possui toda a infraestrutura para receber voc\u00ea em sua viagem de lazer ou neg\u00f3cios.<\/p>\n","protected":false},"featured_media":1400,"comment_status":"closed","ping_status":"closed","template":"","meta":[],"product_cat":[21],"product_tag":[224,27,28,29,30,31,225,32,33,199,187,226,38,39,40],"class_list":["post-4014","product","type-product","status-publish","has-post-thumbnail","hentry","product_cat-hoteis","product_tag-belo-horizonte","product_tag-clube-de-viagens-moms","product_tag-clube-moms","product_tag-criancas","product_tag-diversao","product_tag-diversao-em-familia","product_tag-executivo","product_tag-ferias","product_tag-ferias-em-familia","product_tag-hotel","product_tag-minas-gerais","product_tag-ouro-minas-palace-hotel","product_tag-viagem","product_tag-viagem-com-criancas","product_tag-viagem-em-familia","pa_destino-belo-horizonte","pa_destino-brasil","pa_destino-minas-gerais","pa_estrutura-lazer-academia","pa_estrutura-lazer-acessibilidade","pa_estrutura-lazer-bar","pa_estrutura-lazer-hidromassagem","pa_estrutura-lazer-jacuzzi","pa_estrutura-lazer-piscina-aquecida","pa_estrutura-lazer-restaurante","pa_estrutura-lazer-sala-de-estar","pa_estrutura-lazer-sala-de-reuniao","pa_estrutura-lazer-sala-de-tv","pa_estrutura-lazer-salao-de-jogos","pa_estrutura-lazer-sauna","pa_estrutura-lazer-spa","pa_regime-de-alimentacao-cafe-da-manha","pa_servicos-opcionais-cabelo-e-maquiagem","pa_servicos-opcionais-centro-de-convencoes","pa_servicos-opcionais-estacionamento-com-manobrista","pa_servicos-opcionais-loja-de-presentes","pa_servicos-opcionais-massoterapia","pa_servicos-opcionais-servico-de-traslado","pa_tipos-de-destinos-executivo","pa_tipos-de-destinos-hotel"],"acf":[],"yoast_head":"<!-- This site is optimized with the Yoast SEO Premium plugin v16.0.2 (Yoast SEO v21.2) - https:\/\/yoast.com\/wordpress\/plugins\/seo\/ -->\n<title>Ouro Minas Palace Hotel Belo Horizonte - Clube Moms<\/title>\n<meta name=\"description\" content=\"O Ouro Minas Palace Hotel \u00e9 reconhecido pelo seu atendimento 5 estrelas. Possui toda a infraestrutura para receber voc\u00ea em sua viagem de lazer ou neg\u00f3cios.\" \/>\n<meta name=\"robots\" content=\"index, follow, max-snippet:-1, max-image-preview:large, max-video-preview:-1\" \/>\n<link rel=\"canonical\" href=\"https:\/\/clubedeviagensmoms.com.br\/homolog\/produto\/ouro-minas-palace-hotel\/\" \/>\n<meta property=\"og:locale\" content=\"pt_BR\" \/>\n<meta property=\"og:type\" content=\"article\" \/>\n<meta property=\"og:title\" content=\"Ouro Minas Palace Hotel Belo Horizonte - Clube Moms\" \/>\n<meta property=\"og:description\" content=\"O Ouro Minas Palace Hotel \u00e9 reconhecido pelo seu atendimento 5 estrelas. Possui toda a infraestrutura para receber voc\u00ea em sua viagem de lazer ou neg\u00f3cios.\" \/>\n<meta property=\"og:url\" content=\"https:\/\/clubedeviagensmoms.com.br\/homolog\/produto\/ouro-minas-palace-hotel\/\" \/>\n<meta property=\"og:site_name\" content=\"Clube Moms\" \/>\n<meta property=\"article:modified_time\" content=\"2023-08-30T15:25:58+00:00\" \/>\n<meta property=\"og:image\" content=\"https:\/\/clubedeviagensmoms.com.br\/homolog\/wp-content\/uploads\/2021\/10\/fachada-3-1024x536-1.jpg\" \/>\n\t<meta property=\"og:image:width\" content=\"1024\" \/>\n\t<meta property=\"og:image:height\" content=\"536\" \/>\n\t<meta property=\"og:image:type\" content=\"image\/jpeg\" \/>\n<meta name=\"twitter:card\" content=\"summary_large_image\" \/>\n<meta name=\"twitter:label1\" content=\"Est. tempo de leitura\" \/>\n\t<meta name=\"twitter:data1\" content=\"2 minutos\" \/>\n<script type=\"application\/ld+json\" class=\"yoast-schema-graph\">{\"@context\":\"https:\/\/schema.org\",\"@graph\":[{\"@type\":\"WebPage\",\"@id\":\"https:\/\/clubedeviagensmoms.com.br\/homolog\/produto\/ouro-minas-palace-hotel\/\",\"url\":\"https:\/\/clubedeviagensmoms.com.br\/homolog\/produto\/ouro-minas-palace-hotel\/\",\"name\":\"Ouro Minas Palace Hotel Belo Horizonte - Clube Moms\",\"isPartOf\":{\"@id\":\"https:\/\/clubedeviagensmoms.com.br\/homolog\/#website\"},\"datePublished\":\"2021-10-29T22:55:22+00:00\",\"dateModified\":\"2023-08-30T15:25:58+00:00\",\"description\":\"O Ouro Minas Palace Hotel \u00e9 reconhecido pelo seu atendimento 5 estrelas. Possui toda a infraestrutura para receber voc\u00ea em sua viagem de lazer ou neg\u00f3cios.\",\"breadcrumb\":{\"@id\":\"https:\/\/clubedeviagensmoms.com.br\/homolog\/produto\/ouro-minas-palace-hotel\/#breadcrumb\"},\"inLanguage\":\"pt-BR\",\"potentialAction\":[{\"@type\":\"ReadAction\",\"target\":[\"https:\/\/clubedeviagensmoms.com.br\/homolog\/produto\/ouro-minas-palace-hotel\/\"]}]},{\"@type\":\"BreadcrumbList\",\"@id\":\"https:\/\/clubedeviagensmoms.com.br\/homolog\/produto\/ouro-minas-palace-hotel\/#breadcrumb\",\"itemListElement\":[{\"@type\":\"ListItem\",\"position\":1,\"name\":\"Home\",\"item\":\"https:\/\/clubedeviagensmoms.com.br\/homolog\/\"},{\"@type\":\"ListItem\",\"position\":2,\"name\":\"Vamos Viajar\",\"item\":\"https:\/\/clubedeviagensmoms.com.br\/homolog\/shop\/\"},{\"@type\":\"ListItem\",\"position\":3,\"name\":\"Ouro Minas Palace Hotel\"}]},{\"@type\":\"WebSite\",\"@id\":\"https:\/\/clubedeviagensmoms.com.br\/homolog\/#website\",\"url\":\"https:\/\/clubedeviagensmoms.com.br\/homolog\/\",\"name\":\"Clube Moms\",\"description\":\"O Clube Moms \u00e9 uma ag\u00eancia de turismo com foco em fam\u00edlias com crian\u00e7as, que uno os conceitos de Consultoria Especializada e Clube de Vantagens.\",\"potentialAction\":[{\"@type\":\"SearchAction\",\"target\":{\"@type\":\"EntryPoint\",\"urlTemplate\":\"https:\/\/clubedeviagensmoms.com.br\/homolog\/?s={search_term_string}\"},\"query-input\":\"required name=search_term_string\"}],\"inLanguage\":\"pt-BR\"}]}<\/script>\n<!-- \/ Yoast SEO Premium plugin. -->","yoast_head_json":{"title":"Ouro Minas Palace Hotel Belo Horizonte - Clube Moms","description":"O Ouro Minas Palace Hotel \u00e9 reconhecido pelo seu atendimento 5 estrelas. Possui toda a infraestrutura para receber voc\u00ea em sua viagem de lazer ou neg\u00f3cios.","robots":{"index":"index","follow":"follow","max-snippet":"max-snippet:-1","max-image-preview":"max-image-preview:large","max-video-preview":"max-video-preview:-1"},"canonical":"https:\/\/clubedeviagensmoms.com.br\/homolog\/produto\/ouro-minas-palace-hotel\/","og_locale":"pt_BR","og_type":"article","og_title":"Ouro Minas Palace Hotel Belo Horizonte - Clube Moms","og_description":"O Ouro Minas Palace Hotel \u00e9 reconhecido pelo seu atendimento 5 estrelas. Possui toda a infraestrutura para receber voc\u00ea em sua viagem de lazer ou neg\u00f3cios.","og_url":"https:\/\/clubedeviagensmoms.com.br\/homolog\/produto\/ouro-minas-palace-hotel\/","og_site_name":"Clube Moms","article_modified_time":"2023-08-30T15:25:58+00:00","og_image":[{"width":1024,"height":536,"url":"https:\/\/clubedeviagensmoms.com.br\/homolog\/wp-content\/uploads\/2021\/10\/fachada-3-1024x536-1.jpg","type":"image\/jpeg"}],"twitter_card":"summary_large_image","twitter_misc":{"Est. tempo de leitura":"2 minutos"},"schema":{"@context":"https:\/\/schema.org","@graph":[{"@type":"WebPage","@id":"https:\/\/clubedeviagensmoms.com.br\/homolog\/produto\/ouro-minas-palace-hotel\/","url":"https:\/\/clubedeviagensmoms.com.br\/homolog\/produto\/ouro-minas-palace-hotel\/","name":"Ouro Minas Palace Hotel Belo Horizonte - Clube Moms","isPartOf":{"@id":"https:\/\/clubedeviagensmoms.com.br\/homolog\/#website"},"datePublished":"2021-10-29T22:55:22+00:00","dateModified":"2023-08-30T15:25:58+00:00","description":"O Ouro Minas Palace Hotel \u00e9 reconhecido pelo seu atendimento 5 estrelas. Possui toda a infraestrutura para receber voc\u00ea em sua viagem de lazer ou neg\u00f3cios.","breadcrumb":{"@id":"https:\/\/clubedeviagensmoms.com.br\/homolog\/produto\/ouro-minas-palace-hotel\/#breadcrumb"},"inLanguage":"pt-BR","potentialAction":[{"@type":"ReadAction","target":["https:\/\/clubedeviagensmoms.com.br\/homolog\/produto\/ouro-minas-palace-hotel\/"]}]},{"@type":"BreadcrumbList","@id":"https:\/\/clubedeviagensmoms.com.br\/homolog\/produto\/ouro-minas-palace-hotel\/#breadcrumb","itemListElement":[{"@type":"ListItem","position":1,"name":"Home","item":"https:\/\/clubedeviagensmoms.com.br\/homolog\/"},{"@type":"ListItem","position":2,"name":"Vamos Viajar","item":"https:\/\/clubedeviagensmoms.com.br\/homolog\/shop\/"},{"@type":"ListItem","position":3,"name":"Ouro Minas Palace Hotel"}]},{"@type":"WebSite","@id":"https:\/\/clubedeviagensmoms.com.br\/homolog\/#website","url":"https:\/\/clubedeviagensmoms.com.br\/homolog\/","name":"Clube Moms","description":"O Clube Moms \u00e9 uma ag\u00eancia de turismo com foco em fam\u00edlias com crian\u00e7as, que uno os conceitos de Consultoria Especializada e Clube de Vantagens.","potentialAction":[{"@type":"SearchAction","target":{"@type":"EntryPoint","urlTemplate":"https:\/\/clubedeviagensmoms.com.br\/homolog\/?s={search_term_string}"},"query-input":"required name=search_term_string"}],"inLanguage":"pt-BR"}]}},"_links":{"self":[{"href":"https:\/\/clubedeviagensmoms.com.br\/homolog\/wp-json\/wp\/v2\/product\/4014","targetHints":{"allow":["GET"]}}],"collection":[{"href":"https:\/\/clubedeviagensmoms.com.br\/homolog\/wp-json\/wp\/v2\/product"}],"about":[{"href":"https:\/\/clubedeviagensmoms.com.br\/homolog\/wp-json\/wp\/v2\/types\/product"}],"replies":[{"embeddable":true,"href":"https:\/\/clubedeviagensmoms.com.br\/homolog\/wp-json\/wp\/v2\/comments?post=4014"}],"wp:featuredmedia":[{"embeddable":true,"href":"https:\/\/clubedeviagensmoms.com.br\/homolog\/wp-json\/wp\/v2\/media\/1400"}],"wp:attachment":[{"href":"https:\/\/clubedeviagensmoms.com.br\/homolog\/wp-json\/wp\/v2\/media?parent=4014"}],"wp:term":[{"taxonomy":"product_cat","embeddable":true,"href":"https:\/\/clubedeviagensmoms.com.br\/homolog\/wp-json\/wp\/v2\/product_cat?post=4014"},{"taxonomy":"product_tag","embeddable":true,"href":"https:\/\/clubedeviagensmoms.com.br\/homolog\/wp-json\/wp\/v2\/product_tag?post=4014"}],"curies":[{"name":"wp","href":"https:\/\/api.w.org\/{rel}","templated":true}]}}