{"id":4015,"date":"2021-10-29T19:55:38","date_gmt":"2021-10-29T22:55:38","guid":{"rendered":"http:\/\/clubedeviagensmoms.com.br\/homolog\/taober_wp\/?post_type=product&#038;p=4015"},"modified":"2023-08-30T12:25:57","modified_gmt":"2023-08-30T15:25:57","slug":"oceani-beach-park-hotel","status":"publish","type":"product","link":"https:\/\/clubedeviagensmoms.com.br\/homolog\/produto\/oceani-beach-park-hotel\/","title":{"rendered":"Oceani Beach Park Hotel"},"content":{"rendered":"<p>O Oceani Beach Park Hotel fica \u00e0 beira-mar, e \u00e9 aconchegante e charmoso. Fica pr\u00f3ximo \u00e0s belas dunas da regi\u00e3o, levando aos h\u00f3spedes a mais linda paisagem do Porto das Dunas.<\/p>\n<p>Sua \u00e1rea de lazer \u00e9 completa e suas acomoda\u00e7\u00f5es s\u00e3o confort\u00e1veis e pr\u00e1ticas. Assim, estando localizado a 500m do Parque Aqu\u00e1tico, o Oceani Beach Park oferece traslado nos dias de funcionamento do Aqua Park, em hor\u00e1rios variados, para sua comodidade.<\/p>\n<p>Ainda, possui 115 apartamentos, sendo 28 com varanda e duas su\u00edtes em frente ao mar.<\/p>\n<p>Possui, ainda, uma variada \u00e1rea de lazer, que oferece quadra de v\u00f4lei de praia, bem como quadra de t\u00eanis, quadra de futsal, mesas de jogos, sala de gin\u00e1stica, sauna e muito mais! O hotel tamb\u00e9m disponibiliza brinquedoteca, \u00e1rea com variedade de brinquedos, e uma copa baby.<\/p>\n<h3><span>Gastronomia do Oceani Beach Park<\/span><\/h3>\n<p>Al\u00e9m disso, o Oceani inaugura seu novo bar que tem um aspecto r\u00fastico, mas elegante, e \u00e9 a op\u00e7\u00e3o perfeita para quem gosta de aproveitar um final de tarde com tranquilidade, conforto e seguran\u00e7a, na beira da praia e, assim, desfrutar de um clima agrad\u00e1vel que faz toda a diferen\u00e7a para um bom momento de descanso. O bar conta ainda com apresenta\u00e7\u00f5es musicais ao vivo, bem como um card\u00e1pio variado, que oferece petiscos e bebidas que completam a experi\u00eancia de estar.<\/p>\n<p>Em rela\u00e7\u00e3o \u00e0s refei\u00e7\u00f5es, no caf\u00e9 da manh\u00e3, voc\u00ea pode se deliciar com um saboroso buffet, que oferece, al\u00e9m das del\u00edcias regionais, v\u00e1rios tipos de bolos, torradas e frutas. J\u00e1 no almo\u00e7o, os h\u00f3spedes aproveitam a variedade do nosso servi\u00e7o \u00e0 la carte e no jantar, todo mundo pode conferir os buffets recheados de del\u00edcias variadas da culin\u00e1ria brasileira, sendo, portanto, uma experi\u00eancia extremamente saborosa!<\/p>\n<p>&nbsp;<\/p>\n<p>Venha conhecer e desfrutar do Oceani Beach Park! Voc\u00ea n\u00e3o vai se arrepender!<\/p>\n<p>Se voc\u00ea ainda n\u00e3o conhece nossas redes sociais, vem dar uma conferida no nosso<span>\u00a0<\/span><a href=\"https:\/\/www.instagram.com\/clubedeviagensmoms\/\">Instagram<\/a><span>\u00a0<\/span>e tamb\u00e9m na nossa<span>\u00a0<\/span><a href=\"https:\/\/www.facebook.com\/ClubeDeViagensMoms\/?hc_ref=ARREVFAUN6kemqQPikWPR6yOVqfolWuZ4Gm2u6EX4fJ2-jyHER8eDB5si8DvGkabbOE&amp;fref=nf&amp;__xts__[0]=68.ARAXJqd_Jm68dG9qh_a7A_hAS8hHGdRg1Cq8Je9my1EPnGBRo26TI37xs6IY6NhynKSzyIDhPcBRqvr6Nzuwi7g2W4UPO84T0-vU7mWKXia_C51FzzqVsE3HthHbuQetTo9gapY&amp;__tn__=kC-R\">p\u00e1gina do Facebook<\/a>! Ainda, temos um<span>\u00a0<\/span><a href=\"https:\/\/www.facebook.com\/groups\/clubedeviagensmoms\/\">grupo do Facebook<\/a>, ent\u00e3o, venha fazer parte!<\/p>\n<p>E se voc\u00ea quiser conferir nossos outros hot\u00e9is parceiros, clique<span>\u00a0<\/span><a href=\"http:\/\/clubedeviagensmoms.com.br\/homolog\/vamos-viajar\/hoteis\/\" target=\"_blank\" rel=\"noopener noreferrer\">aqui<\/a>!<\/p>\n","protected":false},"excerpt":{"rendered":"<p>Oceani Beach Park Resort: Hotel \u00e0 beira-mar, aconchegante e charmoso, com uma localiza\u00e7\u00e3o pr\u00f3xima ao Parque que se torna uma op\u00e7\u00e3o confort\u00e1vel e pr\u00e1tica.<\/p>\n","protected":false},"featured_media":1435,"comment_status":"closed","ping_status":"closed","template":"","meta":[],"product_cat":[21],"product_tag":[227,172,27,28,29,30,31,32,33,173,174,34,228,35,36,38,39,40],"class_list":["post-4015","product","type-product","status-publish","has-post-thumbnail","hentry","product_cat-hoteis","product_tag-beack-park","product_tag-ceara","product_tag-clube-de-viagens-moms","product_tag-clube-moms","product_tag-criancas","product_tag-diversao","product_tag-diversao-em-familia","product_tag-ferias","product_tag-ferias-em-familia","product_tag-fortaleza","product_tag-hoteis-que-indicamos","product_tag-nordeste","product_tag-oceani-beach-park","product_tag-recreacao","product_tag-resort","product_tag-viagem","product_tag-viagem-com-criancas","product_tag-viagem-em-familia","pa_destino-ceara"],"acf":[],"yoast_head":"<!-- This site is optimized with the Yoast SEO Premium plugin v16.0.2 (Yoast SEO v21.2) - https:\/\/yoast.com\/wordpress\/plugins\/seo\/ -->\n<title>Oceani Beach Park Hotel - Clube Moms<\/title>\n<meta name=\"description\" content=\"Oceani Beach Park Hotel: um hotel \u00e0 beira-mar, aconchegante e charmoso, com uma localiza\u00e7\u00e3o pr\u00f3xima ao Parque que se torna uma op\u00e7\u00e3o confort\u00e1vel e pr\u00e1tica.\" \/>\n<meta name=\"robots\" content=\"index, follow, max-snippet:-1, max-image-preview:large, max-video-preview:-1\" \/>\n<link rel=\"canonical\" href=\"https:\/\/clubedeviagensmoms.com.br\/homolog\/produto\/oceani-beach-park-hotel\/\" \/>\n<meta property=\"og:locale\" content=\"pt_BR\" \/>\n<meta property=\"og:type\" content=\"article\" \/>\n<meta property=\"og:title\" content=\"Oceani Beach Park Hotel - Clube Moms\" \/>\n<meta property=\"og:description\" content=\"Oceani Beach Park Hotel: um hotel \u00e0 beira-mar, aconchegante e charmoso, com uma localiza\u00e7\u00e3o pr\u00f3xima ao Parque que se torna uma op\u00e7\u00e3o confort\u00e1vel e pr\u00e1tica.\" \/>\n<meta property=\"og:url\" content=\"https:\/\/clubedeviagensmoms.com.br\/homolog\/produto\/oceani-beach-park-hotel\/\" \/>\n<meta property=\"og:site_name\" content=\"Clube Moms\" \/>\n<meta property=\"article:modified_time\" content=\"2023-08-30T15:25:57+00:00\" \/>\n<meta property=\"og:image\" content=\"https:\/\/clubedeviagensmoms.com.br\/homolog\/wp-content\/uploads\/2021\/10\/Vista-Pisicna-e-Praia-Oceani-Beach-Park-Resort-1024x536-1.jpg\" \/>\n\t<meta property=\"og:image:width\" content=\"1024\" \/>\n\t<meta property=\"og:image:height\" content=\"536\" \/>\n\t<meta property=\"og:image:type\" content=\"image\/jpeg\" \/>\n<meta name=\"twitter:card\" content=\"summary_large_image\" \/>\n<meta name=\"twitter:label1\" content=\"Est. tempo de leitura\" \/>\n\t<meta name=\"twitter:data1\" content=\"2 minutos\" \/>\n<script type=\"application\/ld+json\" class=\"yoast-schema-graph\">{\"@context\":\"https:\/\/schema.org\",\"@graph\":[{\"@type\":\"WebPage\",\"@id\":\"https:\/\/clubedeviagensmoms.com.br\/homolog\/produto\/oceani-beach-park-hotel\/\",\"url\":\"https:\/\/clubedeviagensmoms.com.br\/homolog\/produto\/oceani-beach-park-hotel\/\",\"name\":\"Oceani Beach Park Hotel - Clube Moms\",\"isPartOf\":{\"@id\":\"https:\/\/clubedeviagensmoms.com.br\/homolog\/#website\"},\"datePublished\":\"2021-10-29T22:55:38+00:00\",\"dateModified\":\"2023-08-30T15:25:57+00:00\",\"description\":\"Oceani Beach Park Hotel: um hotel \u00e0 beira-mar, aconchegante e charmoso, com uma localiza\u00e7\u00e3o pr\u00f3xima ao Parque que se torna uma op\u00e7\u00e3o confort\u00e1vel e pr\u00e1tica.\",\"breadcrumb\":{\"@id\":\"https:\/\/clubedeviagensmoms.com.br\/homolog\/produto\/oceani-beach-park-hotel\/#breadcrumb\"},\"inLanguage\":\"pt-BR\",\"potentialAction\":[{\"@type\":\"ReadAction\",\"target\":[\"https:\/\/clubedeviagensmoms.com.br\/homolog\/produto\/oceani-beach-park-hotel\/\"]}]},{\"@type\":\"BreadcrumbList\",\"@id\":\"https:\/\/clubedeviagensmoms.com.br\/homolog\/produto\/oceani-beach-park-hotel\/#breadcrumb\",\"itemListElement\":[{\"@type\":\"ListItem\",\"position\":1,\"name\":\"Home\",\"item\":\"https:\/\/clubedeviagensmoms.com.br\/homolog\/\"},{\"@type\":\"ListItem\",\"position\":2,\"name\":\"Vamos Viajar\",\"item\":\"https:\/\/clubedeviagensmoms.com.br\/homolog\/shop\/\"},{\"@type\":\"ListItem\",\"position\":3,\"name\":\"Oceani Beach Park Hotel\"}]},{\"@type\":\"WebSite\",\"@id\":\"https:\/\/clubedeviagensmoms.com.br\/homolog\/#website\",\"url\":\"https:\/\/clubedeviagensmoms.com.br\/homolog\/\",\"name\":\"Clube Moms\",\"description\":\"O Clube Moms \u00e9 uma ag\u00eancia de turismo com foco em fam\u00edlias com crian\u00e7as, que uno os conceitos de Consultoria Especializada e Clube de Vantagens.\",\"potentialAction\":[{\"@type\":\"SearchAction\",\"target\":{\"@type\":\"EntryPoint\",\"urlTemplate\":\"https:\/\/clubedeviagensmoms.com.br\/homolog\/?s={search_term_string}\"},\"query-input\":\"required name=search_term_string\"}],\"inLanguage\":\"pt-BR\"}]}<\/script>\n<!-- \/ Yoast SEO Premium plugin. -->","yoast_head_json":{"title":"Oceani Beach Park Hotel - Clube Moms","description":"Oceani Beach Park Hotel: um hotel \u00e0 beira-mar, aconchegante e charmoso, com uma localiza\u00e7\u00e3o pr\u00f3xima ao Parque que se torna uma op\u00e7\u00e3o confort\u00e1vel e pr\u00e1tica.","robots":{"index":"index","follow":"follow","max-snippet":"max-snippet:-1","max-image-preview":"max-image-preview:large","max-video-preview":"max-video-preview:-1"},"canonical":"https:\/\/clubedeviagensmoms.com.br\/homolog\/produto\/oceani-beach-park-hotel\/","og_locale":"pt_BR","og_type":"article","og_title":"Oceani Beach Park Hotel - Clube Moms","og_description":"Oceani Beach Park Hotel: um hotel \u00e0 beira-mar, aconchegante e charmoso, com uma localiza\u00e7\u00e3o pr\u00f3xima ao Parque que se torna uma op\u00e7\u00e3o confort\u00e1vel e pr\u00e1tica.","og_url":"https:\/\/clubedeviagensmoms.com.br\/homolog\/produto\/oceani-beach-park-hotel\/","og_site_name":"Clube Moms","article_modified_time":"2023-08-30T15:25:57+00:00","og_image":[{"width":1024,"height":536,"url":"https:\/\/clubedeviagensmoms.com.br\/homolog\/wp-content\/uploads\/2021\/10\/Vista-Pisicna-e-Praia-Oceani-Beach-Park-Resort-1024x536-1.jpg","type":"image\/jpeg"}],"twitter_card":"summary_large_image","twitter_misc":{"Est. tempo de leitura":"2 minutos"},"schema":{"@context":"https:\/\/schema.org","@graph":[{"@type":"WebPage","@id":"https:\/\/clubedeviagensmoms.com.br\/homolog\/produto\/oceani-beach-park-hotel\/","url":"https:\/\/clubedeviagensmoms.com.br\/homolog\/produto\/oceani-beach-park-hotel\/","name":"Oceani Beach Park Hotel - Clube Moms","isPartOf":{"@id":"https:\/\/clubedeviagensmoms.com.br\/homolog\/#website"},"datePublished":"2021-10-29T22:55:38+00:00","dateModified":"2023-08-30T15:25:57+00:00","description":"Oceani Beach Park Hotel: um hotel \u00e0 beira-mar, aconchegante e charmoso, com uma localiza\u00e7\u00e3o pr\u00f3xima ao Parque que se torna uma op\u00e7\u00e3o confort\u00e1vel e pr\u00e1tica.","breadcrumb":{"@id":"https:\/\/clubedeviagensmoms.com.br\/homolog\/produto\/oceani-beach-park-hotel\/#breadcrumb"},"inLanguage":"pt-BR","potentialAction":[{"@type":"ReadAction","target":["https:\/\/clubedeviagensmoms.com.br\/homolog\/produto\/oceani-beach-park-hotel\/"]}]},{"@type":"BreadcrumbList","@id":"https:\/\/clubedeviagensmoms.com.br\/homolog\/produto\/oceani-beach-park-hotel\/#breadcrumb","itemListElement":[{"@type":"ListItem","position":1,"name":"Home","item":"https:\/\/clubedeviagensmoms.com.br\/homolog\/"},{"@type":"ListItem","position":2,"name":"Vamos Viajar","item":"https:\/\/clubedeviagensmoms.com.br\/homolog\/shop\/"},{"@type":"ListItem","position":3,"name":"Oceani Beach Park Hotel"}]},{"@type":"WebSite","@id":"https:\/\/clubedeviagensmoms.com.br\/homolog\/#website","url":"https:\/\/clubedeviagensmoms.com.br\/homolog\/","name":"Clube Moms","description":"O Clube Moms \u00e9 uma ag\u00eancia de turismo com foco em fam\u00edlias com crian\u00e7as, que uno os conceitos de Consultoria Especializada e Clube de Vantagens.","potentialAction":[{"@type":"SearchAction","target":{"@type":"EntryPoint","urlTemplate":"https:\/\/clubedeviagensmoms.com.br\/homolog\/?s={search_term_string}"},"query-input":"required name=search_term_string"}],"inLanguage":"pt-BR"}]}},"_links":{"self":[{"href":"https:\/\/clubedeviagensmoms.com.br\/homolog\/wp-json\/wp\/v2\/product\/4015","targetHints":{"allow":["GET"]}}],"collection":[{"href":"https:\/\/clubedeviagensmoms.com.br\/homolog\/wp-json\/wp\/v2\/product"}],"about":[{"href":"https:\/\/clubedeviagensmoms.com.br\/homolog\/wp-json\/wp\/v2\/types\/product"}],"replies":[{"embeddable":true,"href":"https:\/\/clubedeviagensmoms.com.br\/homolog\/wp-json\/wp\/v2\/comments?post=4015"}],"wp:featuredmedia":[{"embeddable":true,"href":"https:\/\/clubedeviagensmoms.com.br\/homolog\/wp-json\/wp\/v2\/media\/1435"}],"wp:attachment":[{"href":"https:\/\/clubedeviagensmoms.com.br\/homolog\/wp-json\/wp\/v2\/media?parent=4015"}],"wp:term":[{"taxonomy":"product_cat","embeddable":true,"href":"https:\/\/clubedeviagensmoms.com.br\/homolog\/wp-json\/wp\/v2\/product_cat?post=4015"},{"taxonomy":"product_tag","embeddable":true,"href":"https:\/\/clubedeviagensmoms.com.br\/homolog\/wp-json\/wp\/v2\/product_tag?post=4015"}],"curies":[{"name":"wp","href":"https:\/\/api.w.org\/{rel}","templated":true}]}}