{"id":4016,"date":"2021-10-29T19:55:38","date_gmt":"2021-10-29T22:55:38","guid":{"rendered":"http:\/\/clubedeviagensmoms.com.br\/homolog\/taober_wp\/?post_type=product&#038;p=4016"},"modified":"2023-08-30T12:25:56","modified_gmt":"2023-08-30T15:25:56","slug":"mavsa-resort-convention-e-spa","status":"publish","type":"product","link":"https:\/\/clubedeviagensmoms.com.br\/homolog\/produto\/mavsa-resort-convention-e-spa\/","title":{"rendered":"Mavsa Resort Convention e Spa"},"content":{"rendered":"<h4>A 90 minutos da capital paulista, na cidade de Ces\u00e1rio Lange, est\u00e1 localizado o Mavsa Resort Convention e Spa, com diversas op\u00e7\u00f5es de lazer e gastronomia para voc\u00ea e sua fam\u00edlia passarem dias, sobretudo, de tranquilidade e divers\u00e3o.<\/h4>\n<p>Voc\u00ea que busca por conforto e tranquilidade, o Mavsa Resort Convention e Spa certamente oferece apartamentos e chal\u00e9s distribu\u00eddos em diferentes categorias para todos os estilos. Al\u00e9m disso, possui uma equipe sempre disposta a auxili\u00e1-lo no que for necess\u00e1rio para que a sua hospedagem seja agrad\u00e1vel.<\/p>\n<p>A ampla \u00e1rea de lazer do resort conta com diversas atra\u00e7\u00f5es, como um complexo aqu\u00e1tico, esportes radicais e n\u00e1uticos, atividades fitness, spa, mini zoo, espa\u00e7o kids, centro de eventos e por fim uma gastronomia com sistema All Inclusive.<\/p>\n<p>O Mavsa Resort possui dois espa\u00e7os voltados para a alimenta\u00e7\u00e3o dos beb\u00eas, assim sendo um no bloco Premiere e outro no bloco Etoile. Ambos s\u00e3o equipados com geladeira, micro-ondas e todos os utens\u00edlios necess\u00e1rios para a prepara\u00e7\u00e3o de papinhas e mamadeiras. Esses espa\u00e7os funcionam todos os dias, 24h.<\/p>\n<p>Quer curtir sua hospedagem com mais tranquilidade? Mavsa Resort oferece o servi\u00e7o terceirizado de baby sitter que ser\u00e1 debitado em sua conta, assim voc\u00ea n\u00e3o precisa se preocupar com nada e aproveita cada minuto.<\/p>\n<p>Para sua comodidade, o Mavsa possui Room Service 24 horas. Solicite este servi\u00e7o entrando em contato com a Recep\u00e7\u00e3o. O valor do servi\u00e7o ser\u00e1 cobrado \u00e0 parte.<\/p>\n<p>Pr\u00f3xima ao bosque, em uma \u00e1rea verde e tranquila est\u00e1 localizada a Capela Santo Expedito. Visite este espa\u00e7o iluminado, para ser de suas celebra\u00e7\u00f5es consulte nossa programa\u00e7\u00e3o.<\/p>\n<p>No lobby do Resort voc\u00ea encontra a<span>\u00a0<\/span><a href=\"https:\/\/www.facebook.com\/sabrinajoiasofficial\/?__tn__=%2CdK*F-R&amp;eid=ARAKHoIi6RVxi9ADXZUIvLgTLQucF1J3JxXAd1EdOakZXbDoJ4PfvbDlbzj5CQCJfjwdkRPseuRI88K7\" target=\"_blank\" rel=\"noopener noreferrer\">Sabrina Store<\/a>. Este espa\u00e7o oferece produtos e artigos de higiene pessoal, perfumes, itens de souvenir da marca pr\u00f3pria, trajes de banho e artigos para piscina.<\/p>\n<p>Nessa loja voc\u00ea tamb\u00e9m encontra as semi joias Sabrina, com excelente padr\u00e3o de qualidade e design exclusivo.<\/p>\n<p>&nbsp;<\/p>\n<p>Venha conhecer e desfrutar do Mavsa Resort! Voc\u00ea n\u00e3o vai se arrepender!<\/p>\n<p>Se voc\u00ea ainda n\u00e3o conhece nossas redes sociais, vem dar uma conferida no nosso<span>\u00a0<\/span><a href=\"https:\/\/www.instagram.com\/clubedeviagensmoms\/\">Instagram<\/a><span>\u00a0<\/span>e tamb\u00e9m na nossa<span>\u00a0<\/span><a href=\"https:\/\/www.facebook.com\/ClubeDeViagensMoms\/?hc_ref=ARREVFAUN6kemqQPikWPR6yOVqfolWuZ4Gm2u6EX4fJ2-jyHER8eDB5si8DvGkabbOE&amp;fref=nf&amp;__xts__[0]=68.ARAXJqd_Jm68dG9qh_a7A_hAS8hHGdRg1Cq8Je9my1EPnGBRo26TI37xs6IY6NhynKSzyIDhPcBRqvr6Nzuwi7g2W4UPO84T0-vU7mWKXia_C51FzzqVsE3HthHbuQetTo9gapY&amp;__tn__=kC-R\">p\u00e1gina do Facebook<\/a>! Ainda, temos um<span>\u00a0<\/span><a href=\"https:\/\/www.facebook.com\/groups\/clubedeviagensmoms\/\">grupo do Facebook<\/a>, ent\u00e3o, venha fazer parte!<\/p>\n<p>E se voc\u00ea quiser conferir nossos outros hot\u00e9is parceiros, clique<span>\u00a0<\/span><a href=\"http:\/\/clubedeviagensmoms.com.br\/homolog\/vamos-viajar\/hoteis\/\" target=\"_blank\" rel=\"noopener noreferrer\">aqui<\/a>!<\/p>\n","protected":false},"excerpt":{"rendered":"<p>A 90 minutos da capital paulista, est\u00e1 o Mavsa Resort Convention e Spa, com op\u00e7\u00f5es de lazer e gastronomia para sua fam\u00edlia passar dias relaxantes e felizes.<\/p>\n","protected":false},"featured_media":1440,"comment_status":"closed","ping_status":"closed","template":"","meta":[],"product_cat":[21],"product_tag":[229,27,28,29,30,31,32,33,199,230,36,58,38,39,59],"class_list":["post-4016","product","type-product","status-publish","has-post-thumbnail","hentry","product_cat-hoteis","product_tag-cesario-lange","product_tag-clube-de-viagens-moms","product_tag-clube-moms","product_tag-criancas","product_tag-diversao","product_tag-diversao-em-familia","product_tag-ferias","product_tag-ferias-em-familia","product_tag-hotel","product_tag-mavsa-resort-convention-e-spa","product_tag-resort","product_tag-sao-paulo","product_tag-viagem","product_tag-viagem-com-criancas","product_tag-viagem-em-familia-nao","pa_destino-brasil","pa_destino-cesario-lange","pa_destino-sao-paulo","pa_estrutura-lazer-academia","pa_estrutura-lazer-arco-e-flecha","pa_estrutura-lazer-bar","pa_estrutura-lazer-caiaque","pa_estrutura-lazer-campo-de-futebol","pa_estrutura-lazer-centro-de-convencoes","pa_estrutura-lazer-estacionamento","pa_estrutura-lazer-fazendinha","pa_estrutura-lazer-heliporto","pa_estrutura-lazer-lago-para-pescaria","pa_estrutura-lazer-lavanderia","pa_estrutura-lazer-pedalinho","pa_estrutura-lazer-piscina","pa_estrutura-lazer-quadra-de-volei","pa_estrutura-lazer-quadra-poliesportiva","pa_estrutura-lazer-recreacao","pa_estrutura-lazer-restaurante","pa_estrutura-lazer-salao-de-jogos","pa_estrutura-lazer-spa","pa_regime-de-alimentacao-all-inclusive","pa_servicos-opcionais-lavanderia","pa_servicos-opcionais-massagem","pa_servicos-opcionais-servico-de-babas","pa_servicos-opcionais-spa","pa_tipos-de-destinos-resorts"],"acf":[],"yoast_head":"<!-- This site is optimized with the Yoast SEO Premium plugin v16.0.2 (Yoast SEO v21.2) - https:\/\/yoast.com\/wordpress\/plugins\/seo\/ -->\n<title>Mavsa Resort Convention e Spa \/ SP - Clube Moms<\/title>\n<meta name=\"description\" content=\"A 90 minutos da capital paulista, est\u00e1 o Mavsa Resort Convention e Spa, com op\u00e7\u00f5es de lazer e gastronomia para sua fam\u00edlia passar dias relaxantes e felizes.\" \/>\n<meta name=\"robots\" content=\"index, follow, max-snippet:-1, max-image-preview:large, max-video-preview:-1\" \/>\n<link rel=\"canonical\" href=\"https:\/\/clubedeviagensmoms.com.br\/homolog\/produto\/mavsa-resort-convention-e-spa\/\" \/>\n<meta property=\"og:locale\" content=\"pt_BR\" \/>\n<meta property=\"og:type\" content=\"article\" \/>\n<meta property=\"og:title\" content=\"Mavsa Resort Convention e Spa \/ SP - Clube Moms\" \/>\n<meta property=\"og:description\" content=\"A 90 minutos da capital paulista, est\u00e1 o Mavsa Resort Convention e Spa, com op\u00e7\u00f5es de lazer e gastronomia para sua fam\u00edlia passar dias relaxantes e felizes.\" \/>\n<meta property=\"og:url\" content=\"https:\/\/clubedeviagensmoms.com.br\/homolog\/produto\/mavsa-resort-convention-e-spa\/\" \/>\n<meta property=\"og:site_name\" content=\"Clube Moms\" \/>\n<meta property=\"article:modified_time\" content=\"2023-08-30T15:25:56+00:00\" \/>\n<meta property=\"og:image\" content=\"https:\/\/clubedeviagensmoms.com.br\/homolog\/wp-content\/uploads\/2021\/10\/vista-pro-hotel-mavsa-da-piscina-1024x536-1.jpg\" \/>\n\t<meta property=\"og:image:width\" content=\"1024\" \/>\n\t<meta property=\"og:image:height\" content=\"536\" \/>\n\t<meta property=\"og:image:type\" content=\"image\/jpeg\" \/>\n<meta name=\"twitter:card\" content=\"summary_large_image\" \/>\n<meta name=\"twitter:label1\" content=\"Est. tempo de leitura\" \/>\n\t<meta name=\"twitter:data1\" content=\"2 minutos\" \/>\n<script type=\"application\/ld+json\" class=\"yoast-schema-graph\">{\"@context\":\"https:\/\/schema.org\",\"@graph\":[{\"@type\":\"WebPage\",\"@id\":\"https:\/\/clubedeviagensmoms.com.br\/homolog\/produto\/mavsa-resort-convention-e-spa\/\",\"url\":\"https:\/\/clubedeviagensmoms.com.br\/homolog\/produto\/mavsa-resort-convention-e-spa\/\",\"name\":\"Mavsa Resort Convention e Spa \/ SP - Clube Moms\",\"isPartOf\":{\"@id\":\"https:\/\/clubedeviagensmoms.com.br\/homolog\/#website\"},\"datePublished\":\"2021-10-29T22:55:38+00:00\",\"dateModified\":\"2023-08-30T15:25:56+00:00\",\"description\":\"A 90 minutos da capital paulista, est\u00e1 o Mavsa Resort Convention e Spa, com op\u00e7\u00f5es de lazer e gastronomia para sua fam\u00edlia passar dias relaxantes e felizes.\",\"breadcrumb\":{\"@id\":\"https:\/\/clubedeviagensmoms.com.br\/homolog\/produto\/mavsa-resort-convention-e-spa\/#breadcrumb\"},\"inLanguage\":\"pt-BR\",\"potentialAction\":[{\"@type\":\"ReadAction\",\"target\":[\"https:\/\/clubedeviagensmoms.com.br\/homolog\/produto\/mavsa-resort-convention-e-spa\/\"]}]},{\"@type\":\"BreadcrumbList\",\"@id\":\"https:\/\/clubedeviagensmoms.com.br\/homolog\/produto\/mavsa-resort-convention-e-spa\/#breadcrumb\",\"itemListElement\":[{\"@type\":\"ListItem\",\"position\":1,\"name\":\"Home\",\"item\":\"https:\/\/clubedeviagensmoms.com.br\/homolog\/\"},{\"@type\":\"ListItem\",\"position\":2,\"name\":\"Vamos Viajar\",\"item\":\"https:\/\/clubedeviagensmoms.com.br\/homolog\/shop\/\"},{\"@type\":\"ListItem\",\"position\":3,\"name\":\"Mavsa Resort Convention e Spa\"}]},{\"@type\":\"WebSite\",\"@id\":\"https:\/\/clubedeviagensmoms.com.br\/homolog\/#website\",\"url\":\"https:\/\/clubedeviagensmoms.com.br\/homolog\/\",\"name\":\"Clube Moms\",\"description\":\"O Clube Moms \u00e9 uma ag\u00eancia de turismo com foco em fam\u00edlias com crian\u00e7as, que uno os conceitos de Consultoria Especializada e Clube de Vantagens.\",\"potentialAction\":[{\"@type\":\"SearchAction\",\"target\":{\"@type\":\"EntryPoint\",\"urlTemplate\":\"https:\/\/clubedeviagensmoms.com.br\/homolog\/?s={search_term_string}\"},\"query-input\":\"required name=search_term_string\"}],\"inLanguage\":\"pt-BR\"}]}<\/script>\n<!-- \/ Yoast SEO Premium plugin. -->","yoast_head_json":{"title":"Mavsa Resort Convention e Spa \/ SP - Clube Moms","description":"A 90 minutos da capital paulista, est\u00e1 o Mavsa Resort Convention e Spa, com op\u00e7\u00f5es de lazer e gastronomia para sua fam\u00edlia passar dias relaxantes e felizes.","robots":{"index":"index","follow":"follow","max-snippet":"max-snippet:-1","max-image-preview":"max-image-preview:large","max-video-preview":"max-video-preview:-1"},"canonical":"https:\/\/clubedeviagensmoms.com.br\/homolog\/produto\/mavsa-resort-convention-e-spa\/","og_locale":"pt_BR","og_type":"article","og_title":"Mavsa Resort Convention e Spa \/ SP - Clube Moms","og_description":"A 90 minutos da capital paulista, est\u00e1 o Mavsa Resort Convention e Spa, com op\u00e7\u00f5es de lazer e gastronomia para sua fam\u00edlia passar dias relaxantes e felizes.","og_url":"https:\/\/clubedeviagensmoms.com.br\/homolog\/produto\/mavsa-resort-convention-e-spa\/","og_site_name":"Clube Moms","article_modified_time":"2023-08-30T15:25:56+00:00","og_image":[{"width":1024,"height":536,"url":"https:\/\/clubedeviagensmoms.com.br\/homolog\/wp-content\/uploads\/2021\/10\/vista-pro-hotel-mavsa-da-piscina-1024x536-1.jpg","type":"image\/jpeg"}],"twitter_card":"summary_large_image","twitter_misc":{"Est. tempo de leitura":"2 minutos"},"schema":{"@context":"https:\/\/schema.org","@graph":[{"@type":"WebPage","@id":"https:\/\/clubedeviagensmoms.com.br\/homolog\/produto\/mavsa-resort-convention-e-spa\/","url":"https:\/\/clubedeviagensmoms.com.br\/homolog\/produto\/mavsa-resort-convention-e-spa\/","name":"Mavsa Resort Convention e Spa \/ SP - Clube Moms","isPartOf":{"@id":"https:\/\/clubedeviagensmoms.com.br\/homolog\/#website"},"datePublished":"2021-10-29T22:55:38+00:00","dateModified":"2023-08-30T15:25:56+00:00","description":"A 90 minutos da capital paulista, est\u00e1 o Mavsa Resort Convention e Spa, com op\u00e7\u00f5es de lazer e gastronomia para sua fam\u00edlia passar dias relaxantes e felizes.","breadcrumb":{"@id":"https:\/\/clubedeviagensmoms.com.br\/homolog\/produto\/mavsa-resort-convention-e-spa\/#breadcrumb"},"inLanguage":"pt-BR","potentialAction":[{"@type":"ReadAction","target":["https:\/\/clubedeviagensmoms.com.br\/homolog\/produto\/mavsa-resort-convention-e-spa\/"]}]},{"@type":"BreadcrumbList","@id":"https:\/\/clubedeviagensmoms.com.br\/homolog\/produto\/mavsa-resort-convention-e-spa\/#breadcrumb","itemListElement":[{"@type":"ListItem","position":1,"name":"Home","item":"https:\/\/clubedeviagensmoms.com.br\/homolog\/"},{"@type":"ListItem","position":2,"name":"Vamos Viajar","item":"https:\/\/clubedeviagensmoms.com.br\/homolog\/shop\/"},{"@type":"ListItem","position":3,"name":"Mavsa Resort Convention e Spa"}]},{"@type":"WebSite","@id":"https:\/\/clubedeviagensmoms.com.br\/homolog\/#website","url":"https:\/\/clubedeviagensmoms.com.br\/homolog\/","name":"Clube Moms","description":"O Clube Moms \u00e9 uma ag\u00eancia de turismo com foco em fam\u00edlias com crian\u00e7as, que uno os conceitos de Consultoria Especializada e Clube de Vantagens.","potentialAction":[{"@type":"SearchAction","target":{"@type":"EntryPoint","urlTemplate":"https:\/\/clubedeviagensmoms.com.br\/homolog\/?s={search_term_string}"},"query-input":"required name=search_term_string"}],"inLanguage":"pt-BR"}]}},"_links":{"self":[{"href":"https:\/\/clubedeviagensmoms.com.br\/homolog\/wp-json\/wp\/v2\/product\/4016","targetHints":{"allow":["GET"]}}],"collection":[{"href":"https:\/\/clubedeviagensmoms.com.br\/homolog\/wp-json\/wp\/v2\/product"}],"about":[{"href":"https:\/\/clubedeviagensmoms.com.br\/homolog\/wp-json\/wp\/v2\/types\/product"}],"replies":[{"embeddable":true,"href":"https:\/\/clubedeviagensmoms.com.br\/homolog\/wp-json\/wp\/v2\/comments?post=4016"}],"wp:featuredmedia":[{"embeddable":true,"href":"https:\/\/clubedeviagensmoms.com.br\/homolog\/wp-json\/wp\/v2\/media\/1440"}],"wp:attachment":[{"href":"https:\/\/clubedeviagensmoms.com.br\/homolog\/wp-json\/wp\/v2\/media?parent=4016"}],"wp:term":[{"taxonomy":"product_cat","embeddable":true,"href":"https:\/\/clubedeviagensmoms.com.br\/homolog\/wp-json\/wp\/v2\/product_cat?post=4016"},{"taxonomy":"product_tag","embeddable":true,"href":"https:\/\/clubedeviagensmoms.com.br\/homolog\/wp-json\/wp\/v2\/product_tag?post=4016"}],"curies":[{"name":"wp","href":"https:\/\/api.w.org\/{rel}","templated":true}]}}