{"id":4019,"date":"2021-10-29T19:55:38","date_gmt":"2021-10-29T22:55:38","guid":{"rendered":"http:\/\/clubedeviagensmoms.com.br\/homolog\/taober_wp\/?post_type=product&#038;p=4019"},"modified":"2023-08-30T12:25:54","modified_gmt":"2023-08-30T15:25:54","slug":"jatiuca-hotel-resort","status":"publish","type":"product","link":"https:\/\/clubedeviagensmoms.com.br\/homolog\/produto\/jatiuca-hotel-resort\/","title":{"rendered":"Jati\u00faca Hotel &#038; Resort"},"content":{"rendered":"<h4>Seja bem-vindo ao Jati\u00faca Hotel &amp; Resort, o \u00fanico hotel resort p\u00e9 na areia da orla de Macei\u00f3!<\/h4>\n<p>&nbsp;<\/p>\n<p>Voltado totalmente para a fam\u00edlia, o Jati\u00faca Hotel &amp; Resort \u00e9 o ref\u00fagio perfeito para quem gosta de ficar pertinho da praia e da cidade. Sendo assim, s\u00e3o 62 mil metros quadrados repletos de natureza e lazer para que seus dias aqui sejam inesquec\u00edveis.<\/p>\n<p>Uma das grandes atra\u00e7\u00f5es do hotel \u00e9 sua localiza\u00e7\u00e3o em frente ao mar e certamente a exuber\u00e2ncia de sua vegeta\u00e7\u00e3o natural composta por coqueiros e demais plantas da regi\u00e3o. Uma equipe exclusiva de profissionais qualificados est\u00e1 de bra\u00e7os abertos para receber e promover atividades de lazer e divers\u00e3o para toda a fam\u00edlia.<\/p>\n<p>O resort fica no fim da orla da praia da Jati\u00faca. Saindo pelo port\u00e3o voc\u00ea est\u00e1 no cal\u00e7ad\u00e3o da praia do bairro, afinal, o trecho em frente ao hotel \u00e9 o \u00fanico da orla central de Macei\u00f3 sem avenida beira-mar.<\/p>\n<p>O Aeroporto Internacional de Macei\u00f3 \u2013 Zumbi dos Palmares est\u00e1 a 23 km do hotel.<\/p>\n<p>Sua fam\u00edlia est\u00e1 convidada a relaxar e viver experi\u00eancias inesquec\u00edveis, pois o Jati\u00faca Hotel &amp; Resort \u00e9 perfeito para quem busca seguran\u00e7a, confian\u00e7a, acolhimento, divers\u00e3o e lazer.<\/p>\n<p>Ent\u00e3o venha colocar o p\u00e9 na areia com conforto, charme e beleza. Ser\u00e1 um prazer receber voc\u00ea e sua fam\u00edlia em nosso hotel!<\/p>\n<p>No lobby voc\u00ea encontra uma operadora de turismo receptivo que oferece todos os passeios dispon\u00edveis na regi\u00e3o.<\/p>\n<p>O Jati\u00faca Hotel &amp; Resort oferece dois restaurantes e dois bares, sendo eles: Restaurante Canoas, o Restaurante Ven\u00ed Parrilla, o Bar Varanda e o Bar Areia Fofa.<\/p>\n<p>Nosso Centro de Eventos \u00e9 do tamanho da sua festa!<\/p>\n<p>Possu\u00edmos uma estrutura completa para receber seus convidados com atendimento exclusivo, especializado e inegavelmente diferenciado. S\u00e3o 9 salas independentes, 3 foyers, um terra\u00e7o com vista para a lagoa e um espa\u00e7o \u00e0 beira mar.<\/p>\n<p>Venha conhecer e desfrutar do Jati\u00faca Hotel &amp; Resort! Voc\u00ea n\u00e3o vai se arrepender!<\/p>\n<p>Se voc\u00ea ainda n\u00e3o conhece nossas redes sociais, vem dar uma conferida no nosso<span>\u00a0<\/span><a href=\"https:\/\/www.instagram.com\/clubedeviagensmoms\/\">Instagram<\/a><span>\u00a0<\/span>e tamb\u00e9m na nossa<span>\u00a0<\/span><a href=\"https:\/\/www.facebook.com\/ClubeDeViagensMoms\/?hc_ref=ARREVFAUN6kemqQPikWPR6yOVqfolWuZ4Gm2u6EX4fJ2-jyHER8eDB5si8DvGkabbOE&amp;fref=nf&amp;__xts__[0]=68.ARAXJqd_Jm68dG9qh_a7A_hAS8hHGdRg1Cq8Je9my1EPnGBRo26TI37xs6IY6NhynKSzyIDhPcBRqvr6Nzuwi7g2W4UPO84T0-vU7mWKXia_C51FzzqVsE3HthHbuQetTo9gapY&amp;__tn__=kC-R\">p\u00e1gina do Facebook<\/a>! Ainda, temos um<span>\u00a0<\/span><a href=\"https:\/\/www.facebook.com\/groups\/clubedeviagensmoms\/\">grupo do Facebook<\/a>, ent\u00e3o, venha fazer parte!<\/p>\n<p>E se voc\u00ea quiser conferir nossos outros hot\u00e9is parceiros, clique<span>\u00a0<\/span><a href=\"http:\/\/clubedeviagensmoms.com.br\/homolog\/vamos-viajar\/hoteis\/\" target=\"_blank\" rel=\"noopener noreferrer\">aqui<\/a>!<\/p>\n","protected":false},"excerpt":{"rendered":"<p>O Jati\u00faca Hotel &amp; Resort \u00e9 o ref\u00fagio perfeito para quem gosta de ficar pertinho da praia e da cidade. 62.000m\u00b2 de natureza e lazer para dias inesquec\u00edveis.<\/p>\n","protected":false},"featured_media":1191,"comment_status":"closed","ping_status":"closed","template":"","meta":[],"product_cat":[21],"product_tag":[201,27,28,29,30,31,32,33,199,236,237,203,45,38,39,40],"class_list":["post-4019","product","type-product","status-publish","has-post-thumbnail","hentry","product_cat-hoteis","product_tag-alagoas","product_tag-clube-de-viagens-moms","product_tag-clube-moms","product_tag-criancas","product_tag-diversao","product_tag-diversao-em-familia","product_tag-ferias","product_tag-ferias-em-familia","product_tag-hotel","product_tag-jatiuca-hotel-resort","product_tag-maceio","product_tag-pe-na-areia","product_tag-praia","product_tag-viagem","product_tag-viagem-com-criancas","product_tag-viagem-em-familia","pa_destino-alagoas","pa_destino-brasil","pa_destino-maceio","pa_estrutura-lazer-academia","pa_estrutura-lazer-bar","pa_estrutura-lazer-centro-de-convencoes","pa_estrutura-lazer-copa-baby","pa_estrutura-lazer-estacionamento","pa_estrutura-lazer-kids-club","pa_estrutura-lazer-lavanderia","pa_estrutura-lazer-piscina","pa_estrutura-lazer-piscina-aquecida","pa_estrutura-lazer-playground","pa_estrutura-lazer-praia","pa_estrutura-lazer-quadra-de-tenis","pa_estrutura-lazer-recreacao","pa_estrutura-lazer-restaurante","pa_estrutura-lazer-sala-de-reuniao","pa_estrutura-lazer-sala-de-tv","pa_estrutura-lazer-salao-de-jogos","pa_estrutura-lazer-sauna","pa_estrutura-lazer-spa","pa_regime-de-alimentacao-cafe-da-manha","pa_regime-de-alimentacao-map","pa_servicos-opcionais-lavanderia","pa_servicos-opcionais-loja-de-presentes","pa_servicos-opcionais-servico-de-massagem","pa_servicos-opcionais-servico-de-traslado","pa_servicos-opcionais-spa","pa_tipos-de-destinos-pe-na-areia","pa_tipos-de-destinos-praia","pa_tipos-de-destinos-resorts"],"acf":[],"yoast_head":"<!-- This site is optimized with the Yoast SEO Premium plugin v16.0.2 (Yoast SEO v21.2) - https:\/\/yoast.com\/wordpress\/plugins\/seo\/ -->\n<title>Jati\u00faca Hotel &amp; Resort Macei\u00f3 \/ Alagoas - Clube Moms<\/title>\n<meta name=\"description\" content=\"O Jati\u00faca Hotel &amp; Resort \u00e9 o ref\u00fagio perfeito para quem gosta de ficar pertinho da praia e da cidade. 62.000m\u00b2 de natureza e lazer para dias inesquec\u00edveis.\" \/>\n<meta name=\"robots\" content=\"index, follow, max-snippet:-1, max-image-preview:large, max-video-preview:-1\" \/>\n<link rel=\"canonical\" href=\"https:\/\/clubedeviagensmoms.com.br\/homolog\/produto\/jatiuca-hotel-resort\/\" \/>\n<meta property=\"og:locale\" content=\"pt_BR\" \/>\n<meta property=\"og:type\" content=\"article\" \/>\n<meta property=\"og:title\" content=\"Jati\u00faca Hotel &amp; Resort Macei\u00f3 \/ Alagoas - Clube Moms\" \/>\n<meta property=\"og:description\" content=\"O Jati\u00faca Hotel &amp; Resort \u00e9 o ref\u00fagio perfeito para quem gosta de ficar pertinho da praia e da cidade. 62.000m\u00b2 de natureza e lazer para dias inesquec\u00edveis.\" \/>\n<meta property=\"og:url\" content=\"https:\/\/clubedeviagensmoms.com.br\/homolog\/produto\/jatiuca-hotel-resort\/\" \/>\n<meta property=\"og:site_name\" content=\"Clube Moms\" \/>\n<meta property=\"article:modified_time\" content=\"2023-08-30T15:25:54+00:00\" \/>\n<meta property=\"og:image\" content=\"https:\/\/clubedeviagensmoms.com.br\/homolog\/wp-content\/uploads\/2021\/10\/vista-aerea-1024x536-1.jpg\" \/>\n\t<meta property=\"og:image:width\" content=\"1024\" \/>\n\t<meta property=\"og:image:height\" content=\"536\" \/>\n\t<meta property=\"og:image:type\" content=\"image\/jpeg\" \/>\n<meta name=\"twitter:card\" content=\"summary_large_image\" \/>\n<meta name=\"twitter:label1\" content=\"Est. tempo de leitura\" \/>\n\t<meta name=\"twitter:data1\" content=\"2 minutos\" \/>\n<script type=\"application\/ld+json\" class=\"yoast-schema-graph\">{\"@context\":\"https:\/\/schema.org\",\"@graph\":[{\"@type\":\"WebPage\",\"@id\":\"https:\/\/clubedeviagensmoms.com.br\/homolog\/produto\/jatiuca-hotel-resort\/\",\"url\":\"https:\/\/clubedeviagensmoms.com.br\/homolog\/produto\/jatiuca-hotel-resort\/\",\"name\":\"Jati\u00faca Hotel & Resort Macei\u00f3 \/ Alagoas - Clube Moms\",\"isPartOf\":{\"@id\":\"https:\/\/clubedeviagensmoms.com.br\/homolog\/#website\"},\"datePublished\":\"2021-10-29T22:55:38+00:00\",\"dateModified\":\"2023-08-30T15:25:54+00:00\",\"description\":\"O Jati\u00faca Hotel &amp; Resort \u00e9 o ref\u00fagio perfeito para quem gosta de ficar pertinho da praia e da cidade. 62.000m\u00b2 de natureza e lazer para dias inesquec\u00edveis.\",\"breadcrumb\":{\"@id\":\"https:\/\/clubedeviagensmoms.com.br\/homolog\/produto\/jatiuca-hotel-resort\/#breadcrumb\"},\"inLanguage\":\"pt-BR\",\"potentialAction\":[{\"@type\":\"ReadAction\",\"target\":[\"https:\/\/clubedeviagensmoms.com.br\/homolog\/produto\/jatiuca-hotel-resort\/\"]}]},{\"@type\":\"BreadcrumbList\",\"@id\":\"https:\/\/clubedeviagensmoms.com.br\/homolog\/produto\/jatiuca-hotel-resort\/#breadcrumb\",\"itemListElement\":[{\"@type\":\"ListItem\",\"position\":1,\"name\":\"Home\",\"item\":\"https:\/\/clubedeviagensmoms.com.br\/homolog\/\"},{\"@type\":\"ListItem\",\"position\":2,\"name\":\"Vamos Viajar\",\"item\":\"https:\/\/clubedeviagensmoms.com.br\/homolog\/shop\/\"},{\"@type\":\"ListItem\",\"position\":3,\"name\":\"Jati\u00faca Hotel &#038; Resort\"}]},{\"@type\":\"WebSite\",\"@id\":\"https:\/\/clubedeviagensmoms.com.br\/homolog\/#website\",\"url\":\"https:\/\/clubedeviagensmoms.com.br\/homolog\/\",\"name\":\"Clube Moms\",\"description\":\"O Clube Moms \u00e9 uma ag\u00eancia de turismo com foco em fam\u00edlias com crian\u00e7as, que uno os conceitos de Consultoria Especializada e Clube de Vantagens.\",\"potentialAction\":[{\"@type\":\"SearchAction\",\"target\":{\"@type\":\"EntryPoint\",\"urlTemplate\":\"https:\/\/clubedeviagensmoms.com.br\/homolog\/?s={search_term_string}\"},\"query-input\":\"required name=search_term_string\"}],\"inLanguage\":\"pt-BR\"}]}<\/script>\n<!-- \/ Yoast SEO Premium plugin. -->","yoast_head_json":{"title":"Jati\u00faca Hotel & Resort Macei\u00f3 \/ Alagoas - Clube Moms","description":"O Jati\u00faca Hotel &amp; Resort \u00e9 o ref\u00fagio perfeito para quem gosta de ficar pertinho da praia e da cidade. 62.000m\u00b2 de natureza e lazer para dias inesquec\u00edveis.","robots":{"index":"index","follow":"follow","max-snippet":"max-snippet:-1","max-image-preview":"max-image-preview:large","max-video-preview":"max-video-preview:-1"},"canonical":"https:\/\/clubedeviagensmoms.com.br\/homolog\/produto\/jatiuca-hotel-resort\/","og_locale":"pt_BR","og_type":"article","og_title":"Jati\u00faca Hotel & Resort Macei\u00f3 \/ Alagoas - Clube Moms","og_description":"O Jati\u00faca Hotel &amp; Resort \u00e9 o ref\u00fagio perfeito para quem gosta de ficar pertinho da praia e da cidade. 62.000m\u00b2 de natureza e lazer para dias inesquec\u00edveis.","og_url":"https:\/\/clubedeviagensmoms.com.br\/homolog\/produto\/jatiuca-hotel-resort\/","og_site_name":"Clube Moms","article_modified_time":"2023-08-30T15:25:54+00:00","og_image":[{"width":1024,"height":536,"url":"https:\/\/clubedeviagensmoms.com.br\/homolog\/wp-content\/uploads\/2021\/10\/vista-aerea-1024x536-1.jpg","type":"image\/jpeg"}],"twitter_card":"summary_large_image","twitter_misc":{"Est. tempo de leitura":"2 minutos"},"schema":{"@context":"https:\/\/schema.org","@graph":[{"@type":"WebPage","@id":"https:\/\/clubedeviagensmoms.com.br\/homolog\/produto\/jatiuca-hotel-resort\/","url":"https:\/\/clubedeviagensmoms.com.br\/homolog\/produto\/jatiuca-hotel-resort\/","name":"Jati\u00faca Hotel & Resort Macei\u00f3 \/ Alagoas - Clube Moms","isPartOf":{"@id":"https:\/\/clubedeviagensmoms.com.br\/homolog\/#website"},"datePublished":"2021-10-29T22:55:38+00:00","dateModified":"2023-08-30T15:25:54+00:00","description":"O Jati\u00faca Hotel &amp; Resort \u00e9 o ref\u00fagio perfeito para quem gosta de ficar pertinho da praia e da cidade. 62.000m\u00b2 de natureza e lazer para dias inesquec\u00edveis.","breadcrumb":{"@id":"https:\/\/clubedeviagensmoms.com.br\/homolog\/produto\/jatiuca-hotel-resort\/#breadcrumb"},"inLanguage":"pt-BR","potentialAction":[{"@type":"ReadAction","target":["https:\/\/clubedeviagensmoms.com.br\/homolog\/produto\/jatiuca-hotel-resort\/"]}]},{"@type":"BreadcrumbList","@id":"https:\/\/clubedeviagensmoms.com.br\/homolog\/produto\/jatiuca-hotel-resort\/#breadcrumb","itemListElement":[{"@type":"ListItem","position":1,"name":"Home","item":"https:\/\/clubedeviagensmoms.com.br\/homolog\/"},{"@type":"ListItem","position":2,"name":"Vamos Viajar","item":"https:\/\/clubedeviagensmoms.com.br\/homolog\/shop\/"},{"@type":"ListItem","position":3,"name":"Jati\u00faca Hotel &#038; Resort"}]},{"@type":"WebSite","@id":"https:\/\/clubedeviagensmoms.com.br\/homolog\/#website","url":"https:\/\/clubedeviagensmoms.com.br\/homolog\/","name":"Clube Moms","description":"O Clube Moms \u00e9 uma ag\u00eancia de turismo com foco em fam\u00edlias com crian\u00e7as, que uno os conceitos de Consultoria Especializada e Clube de Vantagens.","potentialAction":[{"@type":"SearchAction","target":{"@type":"EntryPoint","urlTemplate":"https:\/\/clubedeviagensmoms.com.br\/homolog\/?s={search_term_string}"},"query-input":"required name=search_term_string"}],"inLanguage":"pt-BR"}]}},"_links":{"self":[{"href":"https:\/\/clubedeviagensmoms.com.br\/homolog\/wp-json\/wp\/v2\/product\/4019","targetHints":{"allow":["GET"]}}],"collection":[{"href":"https:\/\/clubedeviagensmoms.com.br\/homolog\/wp-json\/wp\/v2\/product"}],"about":[{"href":"https:\/\/clubedeviagensmoms.com.br\/homolog\/wp-json\/wp\/v2\/types\/product"}],"replies":[{"embeddable":true,"href":"https:\/\/clubedeviagensmoms.com.br\/homolog\/wp-json\/wp\/v2\/comments?post=4019"}],"wp:featuredmedia":[{"embeddable":true,"href":"https:\/\/clubedeviagensmoms.com.br\/homolog\/wp-json\/wp\/v2\/media\/1191"}],"wp:attachment":[{"href":"https:\/\/clubedeviagensmoms.com.br\/homolog\/wp-json\/wp\/v2\/media?parent=4019"}],"wp:term":[{"taxonomy":"product_cat","embeddable":true,"href":"https:\/\/clubedeviagensmoms.com.br\/homolog\/wp-json\/wp\/v2\/product_cat?post=4019"},{"taxonomy":"product_tag","embeddable":true,"href":"https:\/\/clubedeviagensmoms.com.br\/homolog\/wp-json\/wp\/v2\/product_tag?post=4019"}],"curies":[{"name":"wp","href":"https:\/\/api.w.org\/{rel}","templated":true}]}}