{"id":4020,"date":"2021-10-29T19:55:38","date_gmt":"2021-10-29T22:55:38","guid":{"rendered":"http:\/\/clubedeviagensmoms.com.br\/homolog\/taober_wp\/?post_type=product&#038;p=4020"},"modified":"2023-08-30T12:25:53","modified_gmt":"2023-08-30T15:25:53","slug":"il-campanario-villaggio-resort","status":"publish","type":"product","link":"https:\/\/clubedeviagensmoms.com.br\/homolog\/produto\/il-campanario-villaggio-resort\/","title":{"rendered":"IL Campanario Villaggio Resort"},"content":{"rendered":"<h4>Vivencie Jurer\u00ea Internacional como um morador. IL Campanario Villaggio Resort, sua casa em Jurer\u00ea Internacional.<\/h4>\n<p>&nbsp;<\/p>\n<p>O IL Campanario Villaggio Resort \u00e9 a op\u00e7\u00e3o perfeita para quem quer aproveitar todas as atra\u00e7\u00f5es da praia mais desejada do Brasil de tal forma que conte com as facilidades, conforto e seguran\u00e7a de um dos resorts mais charmosos e sofisticados da ilha. Localizado a poucos metros do mar e pr\u00f3ximo aos principais beach clubs, do<span>\u00a0<\/span><a href=\"https:\/\/www.jurere.com.br\/desfrutar\/open-shopping\/\" target=\"_blank\" rel=\"noopener noreferrer\">Jurer\u00ea Open Shopping<\/a><span>\u00a0<\/span>e do Jurer\u00ea Sports Center, no epicentro de Jurer\u00ea Internacional.<\/p>\n<p>Em Jurer\u00ea Internacional, descobrir a beleza \u00e9 surpreendentemente um exerc\u00edcio di\u00e1rio. S\u00f3 aqui voc\u00ea pode viver a hist\u00f3ria do Brasil na Fortaleza de S\u00e3o Jos\u00e9 da Ponta Grossa no mesmo dia em que conhece a flora e a fauna da regi\u00e3o em trilhas praticamente intocadas, ou nadar no mar azul e aproveitar o sol em uma das praias urbanas certamente mais limpas do mundo.<\/p>\n<p>Sinta-se em casa com toda a estrutura e conforto oferecidos: cozinha completa equipada nos quartos, piscinas externas e interna aquecida, saunas, espa\u00e7o kids e por fim, \u00e1reas de lazer e servi\u00e7os. A escolha ideal para vivenciar Jurer\u00ea Internacional como se voc\u00ea vivesse aqui, mas com as comodidades, tranquilidade e seguran\u00e7a de um hotel.<\/p>\n<p>Na Gastronomia o IL Campanario Villaggio Resort conta com:<\/p>\n<p>-Positano Diamond Bar by D\u2019Vie<\/p>\n<p>O primeiro drink bar com joalheria do pa\u00eds. Com piano bar, pratos e drinks exclusivos inspirados em j\u00f3ias.<\/p>\n<p>-La Fontana<\/p>\n<p>Servem frutos do mar do litoral Catarinense, al\u00e9m de carnes dos pampas.<\/p>\n<p>-Simple By The Pool<\/p>\n<p>Surpreenda-se com a gastronomia e o variado card\u00e1pio de bebidas e drinks que o Simple by the Pool oferece, \u00e0 beira das piscinas do hotel.<\/p>\n<p>Para realiza\u00e7\u00f5es de eventos o IL Campanario Villaggio Resort oferece 5 salas modul\u00e1veis que podem acomodar desse modo: encontros de neg\u00f3cios, eventos corporativos e culturais.<\/p>\n<p>&nbsp;<\/p>\n<p>Venha conhecer e desfrutar do IL Campanario Villaggio Resort! Voc\u00ea n\u00e3o vai se arrepender!<\/p>\n<p>Se voc\u00ea ainda n\u00e3o conhece nossas redes sociais, vem dar uma conferida no nosso<span>\u00a0<\/span><a href=\"https:\/\/www.instagram.com\/clubedeviagensmoms\/\">Instagram<\/a><span>\u00a0<\/span>e tamb\u00e9m na nossa<span>\u00a0<\/span><a href=\"https:\/\/www.facebook.com\/ClubeDeViagensMoms\/?hc_ref=ARREVFAUN6kemqQPikWPR6yOVqfolWuZ4Gm2u6EX4fJ2-jyHER8eDB5si8DvGkabbOE&amp;fref=nf&amp;__xts__[0]=68.ARAXJqd_Jm68dG9qh_a7A_hAS8hHGdRg1Cq8Je9my1EPnGBRo26TI37xs6IY6NhynKSzyIDhPcBRqvr6Nzuwi7g2W4UPO84T0-vU7mWKXia_C51FzzqVsE3HthHbuQetTo9gapY&amp;__tn__=kC-R\">p\u00e1gina do Facebook<\/a>! Ainda, temos um<span>\u00a0<\/span><a href=\"https:\/\/www.facebook.com\/groups\/clubedeviagensmoms\/\">grupo do Facebook<\/a>, ent\u00e3o, venha fazer parte!<\/p>\n<p>E se voc\u00ea quiser conferir nossos outros hot\u00e9is parceiros, clique<span>\u00a0<\/span><a href=\"http:\/\/clubedeviagensmoms.com.br\/homolog\/vamos-viajar\/hoteis\/\" target=\"_blank\" rel=\"noopener noreferrer\">aqui<\/a>!<\/p>\n","protected":false},"excerpt":{"rendered":"<p>Vivencie Jurer\u00ea Internacional como um morador. IL Campanario Villaggio Resort, sua casa em Jurer\u00ea Internacional. &nbsp; O IL Campanario Villaggio Resort \u00e9 a op\u00e7\u00e3o perfeita para quem quer aproveitar todas as atra\u00e7\u00f5es da praia mais desejada do Brasil de tal forma que conte com as facilidades, conforto e seguran\u00e7a de um dos resorts mais charmosos [&hellip;]<\/p>\n","protected":false},"featured_media":1493,"comment_status":"closed","ping_status":"closed","template":"","meta":[],"product_cat":[21],"product_tag":[27,28,29,30,31,32,33,238,199,239,203,36,240,38,39,40],"class_list":["post-4020","product","type-product","status-publish","has-post-thumbnail","hentry","product_cat-hoteis","product_tag-clube-de-viagens-moms","product_tag-clube-moms","product_tag-criancas","product_tag-diversao","product_tag-diversao-em-familia","product_tag-ferias","product_tag-ferias-em-familia","product_tag-florianopolis","product_tag-hotel","product_tag-il-campanario-villaggio-resort","product_tag-pe-na-areia","product_tag-resort","product_tag-santa-catarina","product_tag-viagem","product_tag-viagem-com-criancas","product_tag-viagem-em-familia","pa_destino-brasil","pa_destino-florianopolis","pa_destino-santa-catarina","pa_estrutura-lazer-academia","pa_estrutura-lazer-bar","pa_estrutura-lazer-brinquedoteca","pa_estrutura-lazer-centro-de-convencoes","pa_estrutura-lazer-estacionamento","pa_estrutura-lazer-lavanderia","pa_estrutura-lazer-piscina","pa_estrutura-lazer-piscina-aquecida","pa_estrutura-lazer-recreacao","pa_estrutura-lazer-restaurante","pa_estrutura-lazer-sala-de-estar","pa_estrutura-lazer-sala-de-reuniao","pa_estrutura-lazer-sala-de-tv","pa_estrutura-lazer-salao-de-jogos","pa_estrutura-lazer-sauna","pa_estrutura-lazer-spa","pa_regime-de-alimentacao-cafe-da-manha","pa_servicos-opcionais-aluguel-de-carros","pa_servicos-opcionais-lavanderia","pa_servicos-opcionais-servico-de-massagem","pa_tipos-de-destinos-pe-na-areia","pa_tipos-de-destinos-resorts"],"acf":[],"yoast_head":"<!-- This site is optimized with the Yoast SEO Premium plugin v16.0.2 (Yoast SEO v21.2) - https:\/\/yoast.com\/wordpress\/plugins\/seo\/ -->\n<title>IL Campanario Villaggio Resort Florian\u00f3polis \/ SC - Clube Moms<\/title>\n<meta name=\"description\" content=\"O IL Campanario Villaggio Resort \u00e9 perfeito para aproveitar as atra\u00e7\u00f5es da praia mais desejada do Brasil. Vivencie Jurer\u00ea Internacional como um morador.\" \/>\n<meta name=\"robots\" content=\"index, follow, max-snippet:-1, max-image-preview:large, max-video-preview:-1\" \/>\n<link rel=\"canonical\" href=\"https:\/\/clubedeviagensmoms.com.br\/homolog\/produto\/il-campanario-villaggio-resort\/\" \/>\n<meta property=\"og:locale\" content=\"pt_BR\" \/>\n<meta property=\"og:type\" content=\"article\" \/>\n<meta property=\"og:title\" content=\"IL Campanario Villaggio Resort Florian\u00f3polis \/ SC - Clube Moms\" \/>\n<meta property=\"og:description\" content=\"O IL Campanario Villaggio Resort \u00e9 perfeito para aproveitar as atra\u00e7\u00f5es da praia mais desejada do Brasil. Vivencie Jurer\u00ea Internacional como um morador.\" \/>\n<meta property=\"og:url\" content=\"https:\/\/clubedeviagensmoms.com.br\/homolog\/produto\/il-campanario-villaggio-resort\/\" \/>\n<meta property=\"og:site_name\" content=\"Clube Moms\" \/>\n<meta property=\"article:modified_time\" content=\"2023-08-30T15:25:53+00:00\" \/>\n<meta property=\"og:image\" content=\"https:\/\/clubedeviagensmoms.com.br\/homolog\/wp-content\/uploads\/2021\/10\/vista-da-sacada-do-quarto-1024x536-1.jpg\" \/>\n\t<meta property=\"og:image:width\" content=\"1024\" \/>\n\t<meta property=\"og:image:height\" content=\"536\" \/>\n\t<meta property=\"og:image:type\" content=\"image\/jpeg\" \/>\n<meta name=\"twitter:card\" content=\"summary_large_image\" \/>\n<meta name=\"twitter:label1\" content=\"Est. tempo de leitura\" \/>\n\t<meta name=\"twitter:data1\" content=\"2 minutos\" \/>\n<script type=\"application\/ld+json\" class=\"yoast-schema-graph\">{\"@context\":\"https:\/\/schema.org\",\"@graph\":[{\"@type\":\"WebPage\",\"@id\":\"https:\/\/clubedeviagensmoms.com.br\/homolog\/produto\/il-campanario-villaggio-resort\/\",\"url\":\"https:\/\/clubedeviagensmoms.com.br\/homolog\/produto\/il-campanario-villaggio-resort\/\",\"name\":\"IL Campanario Villaggio Resort Florian\u00f3polis \/ SC - Clube Moms\",\"isPartOf\":{\"@id\":\"https:\/\/clubedeviagensmoms.com.br\/homolog\/#website\"},\"datePublished\":\"2021-10-29T22:55:38+00:00\",\"dateModified\":\"2023-08-30T15:25:53+00:00\",\"description\":\"O IL Campanario Villaggio Resort \u00e9 perfeito para aproveitar as atra\u00e7\u00f5es da praia mais desejada do Brasil. Vivencie Jurer\u00ea Internacional como um morador.\",\"breadcrumb\":{\"@id\":\"https:\/\/clubedeviagensmoms.com.br\/homolog\/produto\/il-campanario-villaggio-resort\/#breadcrumb\"},\"inLanguage\":\"pt-BR\",\"potentialAction\":[{\"@type\":\"ReadAction\",\"target\":[\"https:\/\/clubedeviagensmoms.com.br\/homolog\/produto\/il-campanario-villaggio-resort\/\"]}]},{\"@type\":\"BreadcrumbList\",\"@id\":\"https:\/\/clubedeviagensmoms.com.br\/homolog\/produto\/il-campanario-villaggio-resort\/#breadcrumb\",\"itemListElement\":[{\"@type\":\"ListItem\",\"position\":1,\"name\":\"Home\",\"item\":\"https:\/\/clubedeviagensmoms.com.br\/homolog\/\"},{\"@type\":\"ListItem\",\"position\":2,\"name\":\"Vamos Viajar\",\"item\":\"https:\/\/clubedeviagensmoms.com.br\/homolog\/shop\/\"},{\"@type\":\"ListItem\",\"position\":3,\"name\":\"IL Campanario Villaggio Resort\"}]},{\"@type\":\"WebSite\",\"@id\":\"https:\/\/clubedeviagensmoms.com.br\/homolog\/#website\",\"url\":\"https:\/\/clubedeviagensmoms.com.br\/homolog\/\",\"name\":\"Clube Moms\",\"description\":\"O Clube Moms \u00e9 uma ag\u00eancia de turismo com foco em fam\u00edlias com crian\u00e7as, que uno os conceitos de Consultoria Especializada e Clube de Vantagens.\",\"potentialAction\":[{\"@type\":\"SearchAction\",\"target\":{\"@type\":\"EntryPoint\",\"urlTemplate\":\"https:\/\/clubedeviagensmoms.com.br\/homolog\/?s={search_term_string}\"},\"query-input\":\"required name=search_term_string\"}],\"inLanguage\":\"pt-BR\"}]}<\/script>\n<!-- \/ Yoast SEO Premium plugin. -->","yoast_head_json":{"title":"IL Campanario Villaggio Resort Florian\u00f3polis \/ SC - Clube Moms","description":"O IL Campanario Villaggio Resort \u00e9 perfeito para aproveitar as atra\u00e7\u00f5es da praia mais desejada do Brasil. Vivencie Jurer\u00ea Internacional como um morador.","robots":{"index":"index","follow":"follow","max-snippet":"max-snippet:-1","max-image-preview":"max-image-preview:large","max-video-preview":"max-video-preview:-1"},"canonical":"https:\/\/clubedeviagensmoms.com.br\/homolog\/produto\/il-campanario-villaggio-resort\/","og_locale":"pt_BR","og_type":"article","og_title":"IL Campanario Villaggio Resort Florian\u00f3polis \/ SC - Clube Moms","og_description":"O IL Campanario Villaggio Resort \u00e9 perfeito para aproveitar as atra\u00e7\u00f5es da praia mais desejada do Brasil. Vivencie Jurer\u00ea Internacional como um morador.","og_url":"https:\/\/clubedeviagensmoms.com.br\/homolog\/produto\/il-campanario-villaggio-resort\/","og_site_name":"Clube Moms","article_modified_time":"2023-08-30T15:25:53+00:00","og_image":[{"width":1024,"height":536,"url":"https:\/\/clubedeviagensmoms.com.br\/homolog\/wp-content\/uploads\/2021\/10\/vista-da-sacada-do-quarto-1024x536-1.jpg","type":"image\/jpeg"}],"twitter_card":"summary_large_image","twitter_misc":{"Est. tempo de leitura":"2 minutos"},"schema":{"@context":"https:\/\/schema.org","@graph":[{"@type":"WebPage","@id":"https:\/\/clubedeviagensmoms.com.br\/homolog\/produto\/il-campanario-villaggio-resort\/","url":"https:\/\/clubedeviagensmoms.com.br\/homolog\/produto\/il-campanario-villaggio-resort\/","name":"IL Campanario Villaggio Resort Florian\u00f3polis \/ SC - Clube Moms","isPartOf":{"@id":"https:\/\/clubedeviagensmoms.com.br\/homolog\/#website"},"datePublished":"2021-10-29T22:55:38+00:00","dateModified":"2023-08-30T15:25:53+00:00","description":"O IL Campanario Villaggio Resort \u00e9 perfeito para aproveitar as atra\u00e7\u00f5es da praia mais desejada do Brasil. Vivencie Jurer\u00ea Internacional como um morador.","breadcrumb":{"@id":"https:\/\/clubedeviagensmoms.com.br\/homolog\/produto\/il-campanario-villaggio-resort\/#breadcrumb"},"inLanguage":"pt-BR","potentialAction":[{"@type":"ReadAction","target":["https:\/\/clubedeviagensmoms.com.br\/homolog\/produto\/il-campanario-villaggio-resort\/"]}]},{"@type":"BreadcrumbList","@id":"https:\/\/clubedeviagensmoms.com.br\/homolog\/produto\/il-campanario-villaggio-resort\/#breadcrumb","itemListElement":[{"@type":"ListItem","position":1,"name":"Home","item":"https:\/\/clubedeviagensmoms.com.br\/homolog\/"},{"@type":"ListItem","position":2,"name":"Vamos Viajar","item":"https:\/\/clubedeviagensmoms.com.br\/homolog\/shop\/"},{"@type":"ListItem","position":3,"name":"IL Campanario Villaggio Resort"}]},{"@type":"WebSite","@id":"https:\/\/clubedeviagensmoms.com.br\/homolog\/#website","url":"https:\/\/clubedeviagensmoms.com.br\/homolog\/","name":"Clube Moms","description":"O Clube Moms \u00e9 uma ag\u00eancia de turismo com foco em fam\u00edlias com crian\u00e7as, que uno os conceitos de Consultoria Especializada e Clube de Vantagens.","potentialAction":[{"@type":"SearchAction","target":{"@type":"EntryPoint","urlTemplate":"https:\/\/clubedeviagensmoms.com.br\/homolog\/?s={search_term_string}"},"query-input":"required name=search_term_string"}],"inLanguage":"pt-BR"}]}},"_links":{"self":[{"href":"https:\/\/clubedeviagensmoms.com.br\/homolog\/wp-json\/wp\/v2\/product\/4020","targetHints":{"allow":["GET"]}}],"collection":[{"href":"https:\/\/clubedeviagensmoms.com.br\/homolog\/wp-json\/wp\/v2\/product"}],"about":[{"href":"https:\/\/clubedeviagensmoms.com.br\/homolog\/wp-json\/wp\/v2\/types\/product"}],"replies":[{"embeddable":true,"href":"https:\/\/clubedeviagensmoms.com.br\/homolog\/wp-json\/wp\/v2\/comments?post=4020"}],"wp:featuredmedia":[{"embeddable":true,"href":"https:\/\/clubedeviagensmoms.com.br\/homolog\/wp-json\/wp\/v2\/media\/1493"}],"wp:attachment":[{"href":"https:\/\/clubedeviagensmoms.com.br\/homolog\/wp-json\/wp\/v2\/media?parent=4020"}],"wp:term":[{"taxonomy":"product_cat","embeddable":true,"href":"https:\/\/clubedeviagensmoms.com.br\/homolog\/wp-json\/wp\/v2\/product_cat?post=4020"},{"taxonomy":"product_tag","embeddable":true,"href":"https:\/\/clubedeviagensmoms.com.br\/homolog\/wp-json\/wp\/v2\/product_tag?post=4020"}],"curies":[{"name":"wp","href":"https:\/\/api.w.org\/{rel}","templated":true}]}}