{"id":4022,"date":"2021-10-29T19:55:38","date_gmt":"2021-10-29T22:55:38","guid":{"rendered":"http:\/\/clubedeviagensmoms.com.br\/homolog\/taober_wp\/?post_type=product&#038;p=4022"},"modified":"2023-08-30T12:25:51","modified_gmt":"2023-08-30T15:25:51","slug":"hotel-solar-do-imperio","status":"publish","type":"product","link":"https:\/\/clubedeviagensmoms.com.br\/homolog\/produto\/hotel-solar-do-imperio\/","title":{"rendered":"Hotel Solar do Imp\u00e9rio"},"content":{"rendered":"<p>O Hotel Solar do Imp\u00e9rio \u00e9 uma restaura\u00e7\u00e3o de um casar\u00e3o de 1875 em Petr\u00f3polis e oferece uma hotelaria de requinte e conforto na regi\u00e3o serrana.<\/p>\n<p>O arquiteto Gustavo Cotrim foi respons\u00e1vel pelo restauro do bel\u00edssimo casar\u00e3o, onde j\u00e1 se hospedaram durante um per\u00edodo a Princesa Isabel e o Conde D\u2019Eu. Hoje, como homenagem, as su\u00edtes recebem os nomes deles, assim como os de D. Pedro I, D. Pedro II, Carlota Joaquina e outros importantes personagens da Hist\u00f3ria do Brasil.<\/p>\n<p>Erguido na mais nobre Avenida de Petr\u00f3polis, a Av. Koeler, a beleza arquitet\u00f4nica desse palacete sintoniza com outros monumentos da cidade imperial e proporciona uma experi\u00eancia inesquec\u00edvel a seus h\u00f3spedes e visitantes.<\/p>\n<p>Por fim, em rela\u00e7\u00e3o a gastronomia, a consultora Claudia Mascarenhas e o chef Bertrand Materne assinam o card\u00e1pio. Entre as cria\u00e7\u00f5es est\u00e3o a Canja do Imperador, inspirada na prefer\u00eancia de D. Pedro II pela sopa de frango com legumes, bem como o Bife \u00e0 Milanesa com Salada de Batatas, homenagem aos imigrantes alem\u00e3es. Ainda, h\u00e1 o Bacalhau RePensado na Cama. A equipe adora contar a hist\u00f3ria desse prato! Pode perguntar!<\/p>\n<p>Venha conhecer e desfrutar do Hotel Solar do Imp\u00e9rio! Voc\u00ea n\u00e3o vai se arrepender!<\/p>\n<p>Se voc\u00ea ainda n\u00e3o conhece nossas redes sociais, vem dar uma conferida no nosso<span>\u00a0<\/span><a href=\"https:\/\/www.instagram.com\/clubedeviagensmoms\/\">Instagram<\/a><span>\u00a0<\/span>e tamb\u00e9m na nossa<span>\u00a0<\/span><a href=\"https:\/\/www.facebook.com\/ClubeDeViagensMoms\/?hc_ref=ARREVFAUN6kemqQPikWPR6yOVqfolWuZ4Gm2u6EX4fJ2-jyHER8eDB5si8DvGkabbOE&amp;fref=nf&amp;__xts__[0]=68.ARAXJqd_Jm68dG9qh_a7A_hAS8hHGdRg1Cq8Je9my1EPnGBRo26TI37xs6IY6NhynKSzyIDhPcBRqvr6Nzuwi7g2W4UPO84T0-vU7mWKXia_C51FzzqVsE3HthHbuQetTo9gapY&amp;__tn__=kC-R\">p\u00e1gina do Facebook<\/a>! Ainda, temos um<span>\u00a0<\/span><a href=\"https:\/\/www.facebook.com\/groups\/clubedeviagensmoms\/\">grupo do Facebook<\/a>, ent\u00e3o, venha fazer parte!<\/p>\n<p>E se voc\u00ea quiser conferir nossos outros hot\u00e9is parceiros, clique<span>\u00a0<\/span><a href=\"http:\/\/clubedeviagensmoms.com.br\/homolog\/vamos-viajar\/hoteis\/\" target=\"_blank\" rel=\"noopener noreferrer\">aqui<\/a>!<\/p>\n","protected":false},"excerpt":{"rendered":"<p>O Hotel Solar do Imp\u00e9rio \u00e9 formado por dois antigos casar\u00f5es de 1875 e 1893, com uma beleza arquitet\u00f4nica \u00fanica e alta n\u00edvel de qualidade do servi\u00e7o<\/p>\n","protected":false},"featured_media":1519,"comment_status":"closed","ping_status":"closed","template":"","meta":[],"product_cat":[21],"product_tag":[180,213,27,28,29,30,31,32,33,243,244,60,210,37,185,38,39,40],"class_list":["post-4022","product","type-product","status-publish","has-post-thumbnail","hentry","product_cat-hoteis","product_tag-academia","product_tag-acessibilidade","product_tag-clube-de-viagens-moms","product_tag-clube-moms","product_tag-criancas","product_tag-diversao","product_tag-diversao-em-familia","product_tag-ferias","product_tag-ferias-em-familia","product_tag-imperial","product_tag-massagem","product_tag-petropolis","product_tag-piscina","product_tag-rio-de-janeiro","product_tag-serra","product_tag-viagem","product_tag-viagem-com-criancas","product_tag-viagem-em-familia","pa_destino-rio-de-janeiro","pa_estrutura-lazer-academia","pa_estrutura-lazer-estacionamento","pa_estrutura-lazer-lavanderia","pa_estrutura-lazer-piscina","pa_estrutura-lazer-piscina-aquecida","pa_estrutura-lazer-sauna","pa_estrutura-lazer-spa","pa_necessidades-especiais-acessibilidade","pa_regime-de-alimentacao-cafe-da-manha","pa_servicos-opcionais-servico-de-massagem","pa_tipos-de-destinos-serra"],"acf":[],"yoast_head":"<!-- This site is optimized with the Yoast SEO Premium plugin v16.0.2 (Yoast SEO v21.2) - https:\/\/yoast.com\/wordpress\/plugins\/seo\/ -->\n<title>Hotel Solar do Imp\u00e9rio - Clube Moms<\/title>\n<meta name=\"description\" content=\"O Hotel Solar do Imp\u00e9rio \u00e9 uma restaura\u00e7\u00e3o de um casar\u00e3o de 1875 em Petr\u00f3polis e oferece uma hotelaria de requinte e conforto na regi\u00e3o serrana.\" \/>\n<meta name=\"robots\" content=\"index, follow, max-snippet:-1, max-image-preview:large, max-video-preview:-1\" \/>\n<link rel=\"canonical\" href=\"https:\/\/clubedeviagensmoms.com.br\/homolog\/produto\/hotel-solar-do-imperio\/\" \/>\n<meta property=\"og:locale\" content=\"pt_BR\" \/>\n<meta property=\"og:type\" content=\"article\" \/>\n<meta property=\"og:title\" content=\"Hotel Solar do Imp\u00e9rio - Clube Moms\" \/>\n<meta property=\"og:description\" content=\"O Hotel Solar do Imp\u00e9rio \u00e9 uma restaura\u00e7\u00e3o de um casar\u00e3o de 1875 em Petr\u00f3polis e oferece uma hotelaria de requinte e conforto na regi\u00e3o serrana.\" \/>\n<meta property=\"og:url\" content=\"https:\/\/clubedeviagensmoms.com.br\/homolog\/produto\/hotel-solar-do-imperio\/\" \/>\n<meta property=\"og:site_name\" content=\"Clube Moms\" \/>\n<meta property=\"article:modified_time\" content=\"2023-08-30T15:25:51+00:00\" \/>\n<meta property=\"og:image\" content=\"https:\/\/clubedeviagensmoms.com.br\/homolog\/wp-content\/uploads\/2021\/10\/SYA3913-1-1024x502-1.jpg\" \/>\n\t<meta property=\"og:image:width\" content=\"1024\" \/>\n\t<meta property=\"og:image:height\" content=\"502\" \/>\n\t<meta property=\"og:image:type\" content=\"image\/jpeg\" \/>\n<meta name=\"twitter:card\" content=\"summary_large_image\" \/>\n<meta name=\"twitter:label1\" content=\"Est. tempo de leitura\" \/>\n\t<meta name=\"twitter:data1\" content=\"1 minuto\" \/>\n<script type=\"application\/ld+json\" class=\"yoast-schema-graph\">{\"@context\":\"https:\/\/schema.org\",\"@graph\":[{\"@type\":\"WebPage\",\"@id\":\"https:\/\/clubedeviagensmoms.com.br\/homolog\/produto\/hotel-solar-do-imperio\/\",\"url\":\"https:\/\/clubedeviagensmoms.com.br\/homolog\/produto\/hotel-solar-do-imperio\/\",\"name\":\"Hotel Solar do Imp\u00e9rio - Clube Moms\",\"isPartOf\":{\"@id\":\"https:\/\/clubedeviagensmoms.com.br\/homolog\/#website\"},\"datePublished\":\"2021-10-29T22:55:38+00:00\",\"dateModified\":\"2023-08-30T15:25:51+00:00\",\"description\":\"O Hotel Solar do Imp\u00e9rio \u00e9 uma restaura\u00e7\u00e3o de um casar\u00e3o de 1875 em Petr\u00f3polis e oferece uma hotelaria de requinte e conforto na regi\u00e3o serrana.\",\"breadcrumb\":{\"@id\":\"https:\/\/clubedeviagensmoms.com.br\/homolog\/produto\/hotel-solar-do-imperio\/#breadcrumb\"},\"inLanguage\":\"pt-BR\",\"potentialAction\":[{\"@type\":\"ReadAction\",\"target\":[\"https:\/\/clubedeviagensmoms.com.br\/homolog\/produto\/hotel-solar-do-imperio\/\"]}]},{\"@type\":\"BreadcrumbList\",\"@id\":\"https:\/\/clubedeviagensmoms.com.br\/homolog\/produto\/hotel-solar-do-imperio\/#breadcrumb\",\"itemListElement\":[{\"@type\":\"ListItem\",\"position\":1,\"name\":\"Home\",\"item\":\"https:\/\/clubedeviagensmoms.com.br\/homolog\/\"},{\"@type\":\"ListItem\",\"position\":2,\"name\":\"Vamos Viajar\",\"item\":\"https:\/\/clubedeviagensmoms.com.br\/homolog\/shop\/\"},{\"@type\":\"ListItem\",\"position\":3,\"name\":\"Hotel Solar do Imp\u00e9rio\"}]},{\"@type\":\"WebSite\",\"@id\":\"https:\/\/clubedeviagensmoms.com.br\/homolog\/#website\",\"url\":\"https:\/\/clubedeviagensmoms.com.br\/homolog\/\",\"name\":\"Clube Moms\",\"description\":\"O Clube Moms \u00e9 uma ag\u00eancia de turismo com foco em fam\u00edlias com crian\u00e7as, que uno os conceitos de Consultoria Especializada e Clube de Vantagens.\",\"potentialAction\":[{\"@type\":\"SearchAction\",\"target\":{\"@type\":\"EntryPoint\",\"urlTemplate\":\"https:\/\/clubedeviagensmoms.com.br\/homolog\/?s={search_term_string}\"},\"query-input\":\"required name=search_term_string\"}],\"inLanguage\":\"pt-BR\"}]}<\/script>\n<!-- \/ Yoast SEO Premium plugin. -->","yoast_head_json":{"title":"Hotel Solar do Imp\u00e9rio - Clube Moms","description":"O Hotel Solar do Imp\u00e9rio \u00e9 uma restaura\u00e7\u00e3o de um casar\u00e3o de 1875 em Petr\u00f3polis e oferece uma hotelaria de requinte e conforto na regi\u00e3o serrana.","robots":{"index":"index","follow":"follow","max-snippet":"max-snippet:-1","max-image-preview":"max-image-preview:large","max-video-preview":"max-video-preview:-1"},"canonical":"https:\/\/clubedeviagensmoms.com.br\/homolog\/produto\/hotel-solar-do-imperio\/","og_locale":"pt_BR","og_type":"article","og_title":"Hotel Solar do Imp\u00e9rio - Clube Moms","og_description":"O Hotel Solar do Imp\u00e9rio \u00e9 uma restaura\u00e7\u00e3o de um casar\u00e3o de 1875 em Petr\u00f3polis e oferece uma hotelaria de requinte e conforto na regi\u00e3o serrana.","og_url":"https:\/\/clubedeviagensmoms.com.br\/homolog\/produto\/hotel-solar-do-imperio\/","og_site_name":"Clube Moms","article_modified_time":"2023-08-30T15:25:51+00:00","og_image":[{"width":1024,"height":502,"url":"https:\/\/clubedeviagensmoms.com.br\/homolog\/wp-content\/uploads\/2021\/10\/SYA3913-1-1024x502-1.jpg","type":"image\/jpeg"}],"twitter_card":"summary_large_image","twitter_misc":{"Est. tempo de leitura":"1 minuto"},"schema":{"@context":"https:\/\/schema.org","@graph":[{"@type":"WebPage","@id":"https:\/\/clubedeviagensmoms.com.br\/homolog\/produto\/hotel-solar-do-imperio\/","url":"https:\/\/clubedeviagensmoms.com.br\/homolog\/produto\/hotel-solar-do-imperio\/","name":"Hotel Solar do Imp\u00e9rio - Clube Moms","isPartOf":{"@id":"https:\/\/clubedeviagensmoms.com.br\/homolog\/#website"},"datePublished":"2021-10-29T22:55:38+00:00","dateModified":"2023-08-30T15:25:51+00:00","description":"O Hotel Solar do Imp\u00e9rio \u00e9 uma restaura\u00e7\u00e3o de um casar\u00e3o de 1875 em Petr\u00f3polis e oferece uma hotelaria de requinte e conforto na regi\u00e3o serrana.","breadcrumb":{"@id":"https:\/\/clubedeviagensmoms.com.br\/homolog\/produto\/hotel-solar-do-imperio\/#breadcrumb"},"inLanguage":"pt-BR","potentialAction":[{"@type":"ReadAction","target":["https:\/\/clubedeviagensmoms.com.br\/homolog\/produto\/hotel-solar-do-imperio\/"]}]},{"@type":"BreadcrumbList","@id":"https:\/\/clubedeviagensmoms.com.br\/homolog\/produto\/hotel-solar-do-imperio\/#breadcrumb","itemListElement":[{"@type":"ListItem","position":1,"name":"Home","item":"https:\/\/clubedeviagensmoms.com.br\/homolog\/"},{"@type":"ListItem","position":2,"name":"Vamos Viajar","item":"https:\/\/clubedeviagensmoms.com.br\/homolog\/shop\/"},{"@type":"ListItem","position":3,"name":"Hotel Solar do Imp\u00e9rio"}]},{"@type":"WebSite","@id":"https:\/\/clubedeviagensmoms.com.br\/homolog\/#website","url":"https:\/\/clubedeviagensmoms.com.br\/homolog\/","name":"Clube Moms","description":"O Clube Moms \u00e9 uma ag\u00eancia de turismo com foco em fam\u00edlias com crian\u00e7as, que uno os conceitos de Consultoria Especializada e Clube de Vantagens.","potentialAction":[{"@type":"SearchAction","target":{"@type":"EntryPoint","urlTemplate":"https:\/\/clubedeviagensmoms.com.br\/homolog\/?s={search_term_string}"},"query-input":"required name=search_term_string"}],"inLanguage":"pt-BR"}]}},"_links":{"self":[{"href":"https:\/\/clubedeviagensmoms.com.br\/homolog\/wp-json\/wp\/v2\/product\/4022","targetHints":{"allow":["GET"]}}],"collection":[{"href":"https:\/\/clubedeviagensmoms.com.br\/homolog\/wp-json\/wp\/v2\/product"}],"about":[{"href":"https:\/\/clubedeviagensmoms.com.br\/homolog\/wp-json\/wp\/v2\/types\/product"}],"replies":[{"embeddable":true,"href":"https:\/\/clubedeviagensmoms.com.br\/homolog\/wp-json\/wp\/v2\/comments?post=4022"}],"wp:featuredmedia":[{"embeddable":true,"href":"https:\/\/clubedeviagensmoms.com.br\/homolog\/wp-json\/wp\/v2\/media\/1519"}],"wp:attachment":[{"href":"https:\/\/clubedeviagensmoms.com.br\/homolog\/wp-json\/wp\/v2\/media?parent=4022"}],"wp:term":[{"taxonomy":"product_cat","embeddable":true,"href":"https:\/\/clubedeviagensmoms.com.br\/homolog\/wp-json\/wp\/v2\/product_cat?post=4022"},{"taxonomy":"product_tag","embeddable":true,"href":"https:\/\/clubedeviagensmoms.com.br\/homolog\/wp-json\/wp\/v2\/product_tag?post=4022"}],"curies":[{"name":"wp","href":"https:\/\/api.w.org\/{rel}","templated":true}]}}