{"id":4025,"date":"2021-10-29T19:55:38","date_gmt":"2021-10-29T22:55:38","guid":{"rendered":"http:\/\/clubedeviagensmoms.com.br\/homolog\/taober_wp\/?post_type=product&#038;p=4025"},"modified":"2023-08-30T12:25:48","modified_gmt":"2023-08-30T15:25:48","slug":"hotel-posada-farellones","status":"publish","type":"product","link":"https:\/\/clubedeviagensmoms.com.br\/homolog\/produto\/hotel-posada-farellones\/","title":{"rendered":"Hotel Posada Farellones"},"content":{"rendered":"<p>Localizado no Chile, o Hotel Posada Farellones tem instala\u00e7\u00f5es modernas, com um excelente restaurante, o Los Condores, al\u00e9m de possuir sala espa\u00e7osa com lareira acolhedora com capacidade para mais de 40 pessoas. Al\u00e9m disso, possui TV sat\u00e9lite, jogos de tabuleiro e Play Station para crian\u00e7as e adultos. Ainda, disp\u00f5e de quartos confort\u00e1veis com televis\u00e3o e casa de banho com diferentes distribui\u00e7\u00f5es de alojamento, telefone, cofre e aquecimento central. Lobby com servi\u00e7o de c\u00e2mbio, servi\u00e7o de Internet, bem como interior Spa Hot Tub, \u00fanico na \u00e1rea, aluguel de equipamentos de esqui e snowboard (a 1000 m do hotel), bem como caminhadas com raquetes de neve.<\/p>\n<p>O hotel ainda possui transporte di\u00e1rio para as esta\u00e7\u00f5es de esqui de Colorado, Parque Neve Farellones e La Parva, que est\u00e3o localizados a apenas 10 minutos do hotel. Ainda, fornecem servi\u00e7o de transporte privado do aeroporto e hot\u00e9is em Santiago no sentido de Farellones.<\/p>\n<h4>Gastronomia<\/h4>\n<p>No restaurante montanha, a cozinha \u00e9 um pilar fundamental, que os distingue. Tem uma grande qualidade e aten\u00e7\u00e3o aos detalhes que os coloca entre os melhores restaurante do Chile. As comidas s\u00e3o produzidas com produtos de primeira classe e com um carinho especial. Ela est\u00e1 sempre de acordo com as necessidades dos esquiadores, j\u00e1 que estes consomem calorias elevadas durante a execu\u00e7\u00e3o deste maravilhoso esporte de inverno. Mas tamb\u00e9m, contemplam aqueles que procuram um belo restaurante montanha para um jantar rom\u00e2ntico.<\/p>\n<p>No restaurante Chile, os menus est\u00e3o dominados por massas, carnes vermelhas e brancas, bem como frutos do mar, legumes, e as receitas de montanha. Ainda, h\u00e1 deliciosas sobremesas e doces em geral, caracter\u00edstico dos melhores restaurante Chile!<\/p>\n<p>&nbsp;<\/p>\n<p>Venha conhecer e desfrutar do Hotel Pousada Farellones! Voc\u00ea n\u00e3o vai se arrepender!<\/p>\n<p>Se voc\u00ea ainda n\u00e3o conhece nossas redes sociais, vem dar uma conferida no nosso<span>\u00a0<\/span><a href=\"https:\/\/www.instagram.com\/clubedeviagensmoms\/\">Instagram<\/a><span>\u00a0<\/span>e tamb\u00e9m na nossa<span>\u00a0<\/span><a href=\"https:\/\/www.facebook.com\/ClubeDeViagensMoms\/?hc_ref=ARREVFAUN6kemqQPikWPR6yOVqfolWuZ4Gm2u6EX4fJ2-jyHER8eDB5si8DvGkabbOE&amp;fref=nf&amp;__xts__[0]=68.ARAXJqd_Jm68dG9qh_a7A_hAS8hHGdRg1Cq8Je9my1EPnGBRo26TI37xs6IY6NhynKSzyIDhPcBRqvr6Nzuwi7g2W4UPO84T0-vU7mWKXia_C51FzzqVsE3HthHbuQetTo9gapY&amp;__tn__=kC-R\">p\u00e1gina do Facebook<\/a>! Ainda, temos um<span>\u00a0<\/span><a href=\"https:\/\/www.facebook.com\/groups\/clubedeviagensmoms\/\">grupo do Facebook<\/a>, ent\u00e3o, venha fazer parte!<\/p>\n<p>E se voc\u00ea quiser conferir nossos outros hot\u00e9is parceiros, clique<span>\u00a0<\/span><a href=\"http:\/\/clubedeviagensmoms.com.br\/homolog\/vamos-viajar\/hoteis\/\" target=\"_blank\" rel=\"noopener noreferrer\">aqui<\/a>!<\/p>\n","protected":false},"excerpt":{"rendered":"<p>Com estilo su\u00ed\u00e7o, onde madeira e pedra s\u00e3o misturados para dar vida a um lugar aconchegante para ficar em um Hotel de Inverno.<\/p>\n","protected":false},"featured_media":1548,"comment_status":"closed","ping_status":"closed","template":"","meta":[],"product_cat":[21],"product_tag":[139,27,28,29,30,31,252,253,32,33,254,255,256,40],"class_list":["post-4025","product","type-product","status-publish","has-post-thumbnail","hentry","product_cat-hoteis","product_tag-chile","product_tag-clube-de-viagens-moms","product_tag-clube-moms","product_tag-criancas","product_tag-diversao","product_tag-diversao-em-familia","product_tag-estacao-de-ski","product_tag-farellones","product_tag-ferias","product_tag-ferias-em-familia","product_tag-hotel-pousada-farellones","product_tag-neve","product_tag-ski","product_tag-viagem-em-familia","pa_destino-chile","pa_estrutura-lazer-jacuzzi","pa_estrutura-lazer-kids-club","pa_estrutura-lazer-lavanderia","pa_estrutura-lazer-sala-de-reuniao","pa_estrutura-lazer-sala-de-tv","pa_estrutura-lazer-salao-de-jogos","pa_estrutura-lazer-spa","pa_regime-de-alimentacao-meia-pensao","pa_tipos-de-destinos-neve"],"acf":[],"yoast_head":"<!-- This site is optimized with the Yoast SEO Premium plugin v16.0.2 (Yoast SEO v21.2) - https:\/\/yoast.com\/wordpress\/plugins\/seo\/ -->\n<title>Hotel Posada Farellones - Clube de Viagens Moms<\/title>\n<meta name=\"description\" content=\"O Hotel Posada Farellones tem um estilo su\u00ed\u00e7o, onde madeira e pedra s\u00e3o misturados para dar vida a um lugar aconchegante para ficar em um hotel de inverno.\" \/>\n<meta name=\"robots\" content=\"index, follow, max-snippet:-1, max-image-preview:large, max-video-preview:-1\" \/>\n<link rel=\"canonical\" href=\"https:\/\/clubedeviagensmoms.com.br\/homolog\/produto\/hotel-posada-farellones\/\" \/>\n<meta property=\"og:locale\" content=\"pt_BR\" \/>\n<meta property=\"og:type\" content=\"article\" \/>\n<meta property=\"og:title\" content=\"Hotel Posada Farellones - Clube de Viagens Moms\" \/>\n<meta property=\"og:description\" content=\"O Hotel Posada Farellones tem um estilo su\u00ed\u00e7o, onde madeira e pedra s\u00e3o misturados para dar vida a um lugar aconchegante para ficar em um hotel de inverno.\" \/>\n<meta property=\"og:url\" content=\"https:\/\/clubedeviagensmoms.com.br\/homolog\/produto\/hotel-posada-farellones\/\" \/>\n<meta property=\"og:site_name\" content=\"Clube Moms\" \/>\n<meta property=\"article:modified_time\" content=\"2023-08-30T15:25:48+00:00\" \/>\n<meta property=\"og:image\" content=\"https:\/\/clubedeviagensmoms.com.br\/homolog\/wp-content\/uploads\/2021\/10\/HotelPosadafarellones_VistaEntrada_02052018_1647-1024x536-1.jpg\" \/>\n\t<meta property=\"og:image:width\" content=\"1024\" \/>\n\t<meta property=\"og:image:height\" content=\"536\" \/>\n\t<meta property=\"og:image:type\" content=\"image\/jpeg\" \/>\n<meta name=\"twitter:card\" content=\"summary_large_image\" \/>\n<meta name=\"twitter:label1\" content=\"Est. tempo de leitura\" \/>\n\t<meta name=\"twitter:data1\" content=\"2 minutos\" \/>\n<script type=\"application\/ld+json\" class=\"yoast-schema-graph\">{\"@context\":\"https:\/\/schema.org\",\"@graph\":[{\"@type\":\"WebPage\",\"@id\":\"https:\/\/clubedeviagensmoms.com.br\/homolog\/produto\/hotel-posada-farellones\/\",\"url\":\"https:\/\/clubedeviagensmoms.com.br\/homolog\/produto\/hotel-posada-farellones\/\",\"name\":\"Hotel Posada Farellones - Clube de Viagens Moms\",\"isPartOf\":{\"@id\":\"https:\/\/clubedeviagensmoms.com.br\/homolog\/#website\"},\"datePublished\":\"2021-10-29T22:55:38+00:00\",\"dateModified\":\"2023-08-30T15:25:48+00:00\",\"description\":\"O Hotel Posada Farellones tem um estilo su\u00ed\u00e7o, onde madeira e pedra s\u00e3o misturados para dar vida a um lugar aconchegante para ficar em um hotel de inverno.\",\"breadcrumb\":{\"@id\":\"https:\/\/clubedeviagensmoms.com.br\/homolog\/produto\/hotel-posada-farellones\/#breadcrumb\"},\"inLanguage\":\"pt-BR\",\"potentialAction\":[{\"@type\":\"ReadAction\",\"target\":[\"https:\/\/clubedeviagensmoms.com.br\/homolog\/produto\/hotel-posada-farellones\/\"]}]},{\"@type\":\"BreadcrumbList\",\"@id\":\"https:\/\/clubedeviagensmoms.com.br\/homolog\/produto\/hotel-posada-farellones\/#breadcrumb\",\"itemListElement\":[{\"@type\":\"ListItem\",\"position\":1,\"name\":\"Home\",\"item\":\"https:\/\/clubedeviagensmoms.com.br\/homolog\/\"},{\"@type\":\"ListItem\",\"position\":2,\"name\":\"Vamos Viajar\",\"item\":\"https:\/\/clubedeviagensmoms.com.br\/homolog\/shop\/\"},{\"@type\":\"ListItem\",\"position\":3,\"name\":\"Hotel Posada Farellones\"}]},{\"@type\":\"WebSite\",\"@id\":\"https:\/\/clubedeviagensmoms.com.br\/homolog\/#website\",\"url\":\"https:\/\/clubedeviagensmoms.com.br\/homolog\/\",\"name\":\"Clube Moms\",\"description\":\"O Clube Moms \u00e9 uma ag\u00eancia de turismo com foco em fam\u00edlias com crian\u00e7as, que uno os conceitos de Consultoria Especializada e Clube de Vantagens.\",\"potentialAction\":[{\"@type\":\"SearchAction\",\"target\":{\"@type\":\"EntryPoint\",\"urlTemplate\":\"https:\/\/clubedeviagensmoms.com.br\/homolog\/?s={search_term_string}\"},\"query-input\":\"required name=search_term_string\"}],\"inLanguage\":\"pt-BR\"}]}<\/script>\n<!-- \/ Yoast SEO Premium plugin. -->","yoast_head_json":{"title":"Hotel Posada Farellones - Clube de Viagens Moms","description":"O Hotel Posada Farellones tem um estilo su\u00ed\u00e7o, onde madeira e pedra s\u00e3o misturados para dar vida a um lugar aconchegante para ficar em um hotel de inverno.","robots":{"index":"index","follow":"follow","max-snippet":"max-snippet:-1","max-image-preview":"max-image-preview:large","max-video-preview":"max-video-preview:-1"},"canonical":"https:\/\/clubedeviagensmoms.com.br\/homolog\/produto\/hotel-posada-farellones\/","og_locale":"pt_BR","og_type":"article","og_title":"Hotel Posada Farellones - Clube de Viagens Moms","og_description":"O Hotel Posada Farellones tem um estilo su\u00ed\u00e7o, onde madeira e pedra s\u00e3o misturados para dar vida a um lugar aconchegante para ficar em um hotel de inverno.","og_url":"https:\/\/clubedeviagensmoms.com.br\/homolog\/produto\/hotel-posada-farellones\/","og_site_name":"Clube Moms","article_modified_time":"2023-08-30T15:25:48+00:00","og_image":[{"width":1024,"height":536,"url":"https:\/\/clubedeviagensmoms.com.br\/homolog\/wp-content\/uploads\/2021\/10\/HotelPosadafarellones_VistaEntrada_02052018_1647-1024x536-1.jpg","type":"image\/jpeg"}],"twitter_card":"summary_large_image","twitter_misc":{"Est. tempo de leitura":"2 minutos"},"schema":{"@context":"https:\/\/schema.org","@graph":[{"@type":"WebPage","@id":"https:\/\/clubedeviagensmoms.com.br\/homolog\/produto\/hotel-posada-farellones\/","url":"https:\/\/clubedeviagensmoms.com.br\/homolog\/produto\/hotel-posada-farellones\/","name":"Hotel Posada Farellones - Clube de Viagens Moms","isPartOf":{"@id":"https:\/\/clubedeviagensmoms.com.br\/homolog\/#website"},"datePublished":"2021-10-29T22:55:38+00:00","dateModified":"2023-08-30T15:25:48+00:00","description":"O Hotel Posada Farellones tem um estilo su\u00ed\u00e7o, onde madeira e pedra s\u00e3o misturados para dar vida a um lugar aconchegante para ficar em um hotel de inverno.","breadcrumb":{"@id":"https:\/\/clubedeviagensmoms.com.br\/homolog\/produto\/hotel-posada-farellones\/#breadcrumb"},"inLanguage":"pt-BR","potentialAction":[{"@type":"ReadAction","target":["https:\/\/clubedeviagensmoms.com.br\/homolog\/produto\/hotel-posada-farellones\/"]}]},{"@type":"BreadcrumbList","@id":"https:\/\/clubedeviagensmoms.com.br\/homolog\/produto\/hotel-posada-farellones\/#breadcrumb","itemListElement":[{"@type":"ListItem","position":1,"name":"Home","item":"https:\/\/clubedeviagensmoms.com.br\/homolog\/"},{"@type":"ListItem","position":2,"name":"Vamos Viajar","item":"https:\/\/clubedeviagensmoms.com.br\/homolog\/shop\/"},{"@type":"ListItem","position":3,"name":"Hotel Posada Farellones"}]},{"@type":"WebSite","@id":"https:\/\/clubedeviagensmoms.com.br\/homolog\/#website","url":"https:\/\/clubedeviagensmoms.com.br\/homolog\/","name":"Clube Moms","description":"O Clube Moms \u00e9 uma ag\u00eancia de turismo com foco em fam\u00edlias com crian\u00e7as, que uno os conceitos de Consultoria Especializada e Clube de Vantagens.","potentialAction":[{"@type":"SearchAction","target":{"@type":"EntryPoint","urlTemplate":"https:\/\/clubedeviagensmoms.com.br\/homolog\/?s={search_term_string}"},"query-input":"required name=search_term_string"}],"inLanguage":"pt-BR"}]}},"_links":{"self":[{"href":"https:\/\/clubedeviagensmoms.com.br\/homolog\/wp-json\/wp\/v2\/product\/4025","targetHints":{"allow":["GET"]}}],"collection":[{"href":"https:\/\/clubedeviagensmoms.com.br\/homolog\/wp-json\/wp\/v2\/product"}],"about":[{"href":"https:\/\/clubedeviagensmoms.com.br\/homolog\/wp-json\/wp\/v2\/types\/product"}],"replies":[{"embeddable":true,"href":"https:\/\/clubedeviagensmoms.com.br\/homolog\/wp-json\/wp\/v2\/comments?post=4025"}],"wp:featuredmedia":[{"embeddable":true,"href":"https:\/\/clubedeviagensmoms.com.br\/homolog\/wp-json\/wp\/v2\/media\/1548"}],"wp:attachment":[{"href":"https:\/\/clubedeviagensmoms.com.br\/homolog\/wp-json\/wp\/v2\/media?parent=4025"}],"wp:term":[{"taxonomy":"product_cat","embeddable":true,"href":"https:\/\/clubedeviagensmoms.com.br\/homolog\/wp-json\/wp\/v2\/product_cat?post=4025"},{"taxonomy":"product_tag","embeddable":true,"href":"https:\/\/clubedeviagensmoms.com.br\/homolog\/wp-json\/wp\/v2\/product_tag?post=4025"}],"curies":[{"name":"wp","href":"https:\/\/api.w.org\/{rel}","templated":true}]}}