{"id":4027,"date":"2021-10-29T19:55:39","date_gmt":"2021-10-29T22:55:39","guid":{"rendered":"http:\/\/clubedeviagensmoms.com.br\/homolog\/taober_wp\/?post_type=product&#038;p=4027"},"modified":"2023-08-30T12:25:47","modified_gmt":"2023-08-30T15:25:47","slug":"hotel-jurere-beach-village","status":"publish","type":"product","link":"https:\/\/clubedeviagensmoms.com.br\/homolog\/produto\/hotel-jurere-beach-village\/","title":{"rendered":"Hotel Jurer\u00ea Beach Village"},"content":{"rendered":"<h4>Hotel Jurer\u00ea Beach Village, sua casa p\u00e9 na areia no cora\u00e7\u00e3o de Jurer\u00ea \u2013 sinta-se como se vivesse aqui!<\/h4>\n<p>&nbsp;<\/p>\n<p>Toda a estrutura e conforto de sua casa \u2013 com cozinha completa equipada nos quartos, \u00e1reas de lazer e servi\u00e7os \u2013 fazem do Hotel Jurer\u00ea Beach Village a escolha ideal para vivenciar com conforto o mar a seus p\u00e9s.<\/p>\n<p>De \u00e1guas calmas, cristalinas e areias brancas, a deslumbrante praia \u00e9 o cen\u00e1rio perfeito para qualquer ocasi\u00e3o. Nossos espa\u00e7os aconchegantes s\u00e3o ideais para renovar as energias e curtir o melhor que a vida tem a oferecer. Para quem quer sair da rotina, oferecemos mais do que uma excelente estrutura: nossa equipe de atendimento est\u00e1 sempre pronta para surpreender. Ent\u00e3o venha se encantar no Hotel Jurer\u00ea Beach Village.<\/p>\n<p>Em<span>\u00a0<\/span><a href=\"https:\/\/www.jurere.com.br\/\" target=\"_blank\" rel=\"noopener noreferrer\">Jurer\u00ea Internacional<\/a>, descobrir a beleza \u00e9 surpreendentemente um exerc\u00edcio di\u00e1rio. S\u00f3 em Jurer\u00ea Internacional voc\u00ea vive o melhor da natureza com todas as facilidades do balne\u00e1rio planejado mais charmoso e certamente desejado do Brasil.<\/p>\n<p>Possui 3 espa\u00e7os gastron\u00f4micos preparados com toda infraestrutura para atender h\u00f3spedes e os mais variados eventos sociais. Al\u00e9m disso o Boulevard do hotel conta com aprox. 900m\u00b2, que permite a montagem de espet\u00e1culos e shows com pista de dan\u00e7a. Na piscina, conte com \u00f3timas op\u00e7\u00f5es de drinks, petiscos e por fim, refei\u00e7\u00f5es r\u00e1pidas.<\/p>\n<p>Para realiza\u00e7\u00f5es de eventos corporativos, o Hotel Jurer\u00ea Beach Village oferece oito audit\u00f3rios \u2013 sete deles modulares \u2013 e mais duas salas de apoio, totalmente equipados e climatizados. As salas possuem instala\u00e7\u00f5es para equipamentos de multim\u00eddia, acesso a internet wireless e servi\u00e7o de gastronomia exclusivo. O espa\u00e7o \u00e9 preparado para receber semin\u00e1rios, reuni\u00f5es, congressos, cursos e workshops. Toda a estrutura do hotel \u00e9 colocada \u00e0 disposi\u00e7\u00e3o para os clientes de eventos com personaliza\u00e7\u00e3o de atividades, din\u00e2micas de grupos e check-ins animados.<\/p>\n<p>&nbsp;<\/p>\n<p>Venha conhecer e desfrutar do Hotel Jurer\u00ea! Voc\u00ea n\u00e3o vai se arrepender!<\/p>\n<p>Se voc\u00ea ainda n\u00e3o conhece nossas redes sociais, vem dar uma conferida no nosso<span>\u00a0<\/span><a href=\"https:\/\/www.instagram.com\/clubedeviagensmoms\/\">Instagram<\/a><span>\u00a0<\/span>e tamb\u00e9m na nossa<span>\u00a0<\/span><a href=\"https:\/\/www.facebook.com\/ClubeDeViagensMoms\/?hc_ref=ARREVFAUN6kemqQPikWPR6yOVqfolWuZ4Gm2u6EX4fJ2-jyHER8eDB5si8DvGkabbOE&amp;fref=nf&amp;__xts__[0]=68.ARAXJqd_Jm68dG9qh_a7A_hAS8hHGdRg1Cq8Je9my1EPnGBRo26TI37xs6IY6NhynKSzyIDhPcBRqvr6Nzuwi7g2W4UPO84T0-vU7mWKXia_C51FzzqVsE3HthHbuQetTo9gapY&amp;__tn__=kC-R\">p\u00e1gina do Facebook<\/a>! Ainda, temos um<span>\u00a0<\/span><a href=\"https:\/\/www.facebook.com\/groups\/clubedeviagensmoms\/\">grupo do Facebook<\/a>, ent\u00e3o, venha fazer parte!<\/p>\n<p>E se voc\u00ea quiser conferir nossos outros hot\u00e9is parceiros, clique<span>\u00a0<\/span><a href=\"http:\/\/clubedeviagensmoms.com.br\/homolog\/vamos-viajar\/hoteis\/\" target=\"_blank\" rel=\"noopener noreferrer\">aqui<\/a>!<\/p>\n","protected":false},"excerpt":{"rendered":"<p>Hotel Jurer\u00ea Beach Village, sua casa p\u00e9 na areia no cora\u00e7\u00e3o de Jurer\u00ea \u2013 sinta-se como se vivesse aqui! &nbsp; Toda a estrutura e conforto de sua casa \u2013 com cozinha completa equipada nos quartos, \u00e1reas de lazer e servi\u00e7os \u2013 fazem do Hotel Jurer\u00ea Beach Village a escolha ideal para vivenciar com conforto o [&hellip;]<\/p>\n","protected":false},"featured_media":1573,"comment_status":"closed","ping_status":"closed","template":"","meta":[],"product_cat":[21],"product_tag":[27,28,29,30,31,32,33,238,199,258,203,45,36,240,38,39,40],"class_list":["post-4027","product","type-product","status-publish","has-post-thumbnail","hentry","product_cat-hoteis","product_tag-clube-de-viagens-moms","product_tag-clube-moms","product_tag-criancas","product_tag-diversao","product_tag-diversao-em-familia","product_tag-ferias","product_tag-ferias-em-familia","product_tag-florianopolis","product_tag-hotel","product_tag-hotel-jurere-beach-village","product_tag-pe-na-areia","product_tag-praia","product_tag-resort","product_tag-santa-catarina","product_tag-viagem","product_tag-viagem-com-criancas","product_tag-viagem-em-familia","pa_destino-brasil","pa_destino-florianopolis","pa_destino-santa-catarina","pa_estrutura-lazer-academia","pa_estrutura-lazer-bar","pa_estrutura-lazer-centro-de-convencoes","pa_estrutura-lazer-estacionamento","pa_estrutura-lazer-lavanderia","pa_estrutura-lazer-piscina","pa_estrutura-lazer-recreacao","pa_estrutura-lazer-restaurante","pa_estrutura-lazer-sala-de-estar","pa_estrutura-lazer-sala-de-tv","pa_estrutura-lazer-salao-de-jogos","pa_estrutura-lazer-spa","pa_regime-de-alimentacao-cafe-da-manha","pa_servicos-opcionais-bicicleta","pa_servicos-opcionais-estacionamento","pa_servicos-opcionais-servico-de-babas","pa_servicos-opcionais-servico-de-massagem","pa_tipos-de-destinos-pe-na-areia","pa_tipos-de-destinos-resorts"],"acf":[],"yoast_head":"<!-- This site is optimized with the Yoast SEO Premium plugin v16.0.2 (Yoast SEO v21.2) - https:\/\/yoast.com\/wordpress\/plugins\/seo\/ -->\n<title>Hotel Jurer\u00ea Beach Village - Clube Moms<\/title>\n<meta name=\"description\" content=\"Sua casa p\u00e9 na areia no cora\u00e7\u00e3o de Jurer\u00ea - sinta-se como se vivesse aqui! Hotel Jurer\u00ea Beach Village, ideal para vivenciar com conforto o mar a seus p\u00e9s.\" \/>\n<meta name=\"robots\" content=\"index, follow, max-snippet:-1, max-image-preview:large, max-video-preview:-1\" \/>\n<link rel=\"canonical\" href=\"https:\/\/clubedeviagensmoms.com.br\/homolog\/produto\/hotel-jurere-beach-village\/\" \/>\n<meta property=\"og:locale\" content=\"pt_BR\" \/>\n<meta property=\"og:type\" content=\"article\" \/>\n<meta property=\"og:title\" content=\"Hotel Jurer\u00ea Beach Village - Clube Moms\" \/>\n<meta property=\"og:description\" content=\"Sua casa p\u00e9 na areia no cora\u00e7\u00e3o de Jurer\u00ea - sinta-se como se vivesse aqui! Hotel Jurer\u00ea Beach Village, ideal para vivenciar com conforto o mar a seus p\u00e9s.\" \/>\n<meta property=\"og:url\" content=\"https:\/\/clubedeviagensmoms.com.br\/homolog\/produto\/hotel-jurere-beach-village\/\" \/>\n<meta property=\"og:site_name\" content=\"Clube Moms\" \/>\n<meta property=\"article:modified_time\" content=\"2023-08-30T15:25:47+00:00\" \/>\n<meta property=\"og:image\" content=\"https:\/\/clubedeviagensmoms.com.br\/homolog\/wp-content\/uploads\/2021\/10\/piscina-externa-1024x536-1.jpg\" \/>\n\t<meta property=\"og:image:width\" content=\"1024\" \/>\n\t<meta property=\"og:image:height\" content=\"536\" \/>\n\t<meta property=\"og:image:type\" content=\"image\/jpeg\" \/>\n<meta name=\"twitter:card\" content=\"summary_large_image\" \/>\n<meta name=\"twitter:label1\" content=\"Est. tempo de leitura\" \/>\n\t<meta name=\"twitter:data1\" content=\"2 minutos\" \/>\n<script type=\"application\/ld+json\" class=\"yoast-schema-graph\">{\"@context\":\"https:\/\/schema.org\",\"@graph\":[{\"@type\":\"WebPage\",\"@id\":\"https:\/\/clubedeviagensmoms.com.br\/homolog\/produto\/hotel-jurere-beach-village\/\",\"url\":\"https:\/\/clubedeviagensmoms.com.br\/homolog\/produto\/hotel-jurere-beach-village\/\",\"name\":\"Hotel Jurer\u00ea Beach Village - Clube Moms\",\"isPartOf\":{\"@id\":\"https:\/\/clubedeviagensmoms.com.br\/homolog\/#website\"},\"datePublished\":\"2021-10-29T22:55:39+00:00\",\"dateModified\":\"2023-08-30T15:25:47+00:00\",\"description\":\"Sua casa p\u00e9 na areia no cora\u00e7\u00e3o de Jurer\u00ea - sinta-se como se vivesse aqui! Hotel Jurer\u00ea Beach Village, ideal para vivenciar com conforto o mar a seus p\u00e9s.\",\"breadcrumb\":{\"@id\":\"https:\/\/clubedeviagensmoms.com.br\/homolog\/produto\/hotel-jurere-beach-village\/#breadcrumb\"},\"inLanguage\":\"pt-BR\",\"potentialAction\":[{\"@type\":\"ReadAction\",\"target\":[\"https:\/\/clubedeviagensmoms.com.br\/homolog\/produto\/hotel-jurere-beach-village\/\"]}]},{\"@type\":\"BreadcrumbList\",\"@id\":\"https:\/\/clubedeviagensmoms.com.br\/homolog\/produto\/hotel-jurere-beach-village\/#breadcrumb\",\"itemListElement\":[{\"@type\":\"ListItem\",\"position\":1,\"name\":\"Home\",\"item\":\"https:\/\/clubedeviagensmoms.com.br\/homolog\/\"},{\"@type\":\"ListItem\",\"position\":2,\"name\":\"Vamos Viajar\",\"item\":\"https:\/\/clubedeviagensmoms.com.br\/homolog\/shop\/\"},{\"@type\":\"ListItem\",\"position\":3,\"name\":\"Hotel Jurer\u00ea Beach Village\"}]},{\"@type\":\"WebSite\",\"@id\":\"https:\/\/clubedeviagensmoms.com.br\/homolog\/#website\",\"url\":\"https:\/\/clubedeviagensmoms.com.br\/homolog\/\",\"name\":\"Clube Moms\",\"description\":\"O Clube Moms \u00e9 uma ag\u00eancia de turismo com foco em fam\u00edlias com crian\u00e7as, que uno os conceitos de Consultoria Especializada e Clube de Vantagens.\",\"potentialAction\":[{\"@type\":\"SearchAction\",\"target\":{\"@type\":\"EntryPoint\",\"urlTemplate\":\"https:\/\/clubedeviagensmoms.com.br\/homolog\/?s={search_term_string}\"},\"query-input\":\"required name=search_term_string\"}],\"inLanguage\":\"pt-BR\"}]}<\/script>\n<!-- \/ Yoast SEO Premium plugin. -->","yoast_head_json":{"title":"Hotel Jurer\u00ea Beach Village - Clube Moms","description":"Sua casa p\u00e9 na areia no cora\u00e7\u00e3o de Jurer\u00ea - sinta-se como se vivesse aqui! Hotel Jurer\u00ea Beach Village, ideal para vivenciar com conforto o mar a seus p\u00e9s.","robots":{"index":"index","follow":"follow","max-snippet":"max-snippet:-1","max-image-preview":"max-image-preview:large","max-video-preview":"max-video-preview:-1"},"canonical":"https:\/\/clubedeviagensmoms.com.br\/homolog\/produto\/hotel-jurere-beach-village\/","og_locale":"pt_BR","og_type":"article","og_title":"Hotel Jurer\u00ea Beach Village - Clube Moms","og_description":"Sua casa p\u00e9 na areia no cora\u00e7\u00e3o de Jurer\u00ea - sinta-se como se vivesse aqui! Hotel Jurer\u00ea Beach Village, ideal para vivenciar com conforto o mar a seus p\u00e9s.","og_url":"https:\/\/clubedeviagensmoms.com.br\/homolog\/produto\/hotel-jurere-beach-village\/","og_site_name":"Clube Moms","article_modified_time":"2023-08-30T15:25:47+00:00","og_image":[{"width":1024,"height":536,"url":"https:\/\/clubedeviagensmoms.com.br\/homolog\/wp-content\/uploads\/2021\/10\/piscina-externa-1024x536-1.jpg","type":"image\/jpeg"}],"twitter_card":"summary_large_image","twitter_misc":{"Est. tempo de leitura":"2 minutos"},"schema":{"@context":"https:\/\/schema.org","@graph":[{"@type":"WebPage","@id":"https:\/\/clubedeviagensmoms.com.br\/homolog\/produto\/hotel-jurere-beach-village\/","url":"https:\/\/clubedeviagensmoms.com.br\/homolog\/produto\/hotel-jurere-beach-village\/","name":"Hotel Jurer\u00ea Beach Village - Clube Moms","isPartOf":{"@id":"https:\/\/clubedeviagensmoms.com.br\/homolog\/#website"},"datePublished":"2021-10-29T22:55:39+00:00","dateModified":"2023-08-30T15:25:47+00:00","description":"Sua casa p\u00e9 na areia no cora\u00e7\u00e3o de Jurer\u00ea - sinta-se como se vivesse aqui! Hotel Jurer\u00ea Beach Village, ideal para vivenciar com conforto o mar a seus p\u00e9s.","breadcrumb":{"@id":"https:\/\/clubedeviagensmoms.com.br\/homolog\/produto\/hotel-jurere-beach-village\/#breadcrumb"},"inLanguage":"pt-BR","potentialAction":[{"@type":"ReadAction","target":["https:\/\/clubedeviagensmoms.com.br\/homolog\/produto\/hotel-jurere-beach-village\/"]}]},{"@type":"BreadcrumbList","@id":"https:\/\/clubedeviagensmoms.com.br\/homolog\/produto\/hotel-jurere-beach-village\/#breadcrumb","itemListElement":[{"@type":"ListItem","position":1,"name":"Home","item":"https:\/\/clubedeviagensmoms.com.br\/homolog\/"},{"@type":"ListItem","position":2,"name":"Vamos Viajar","item":"https:\/\/clubedeviagensmoms.com.br\/homolog\/shop\/"},{"@type":"ListItem","position":3,"name":"Hotel Jurer\u00ea Beach Village"}]},{"@type":"WebSite","@id":"https:\/\/clubedeviagensmoms.com.br\/homolog\/#website","url":"https:\/\/clubedeviagensmoms.com.br\/homolog\/","name":"Clube Moms","description":"O Clube Moms \u00e9 uma ag\u00eancia de turismo com foco em fam\u00edlias com crian\u00e7as, que uno os conceitos de Consultoria Especializada e Clube de Vantagens.","potentialAction":[{"@type":"SearchAction","target":{"@type":"EntryPoint","urlTemplate":"https:\/\/clubedeviagensmoms.com.br\/homolog\/?s={search_term_string}"},"query-input":"required name=search_term_string"}],"inLanguage":"pt-BR"}]}},"_links":{"self":[{"href":"https:\/\/clubedeviagensmoms.com.br\/homolog\/wp-json\/wp\/v2\/product\/4027","targetHints":{"allow":["GET"]}}],"collection":[{"href":"https:\/\/clubedeviagensmoms.com.br\/homolog\/wp-json\/wp\/v2\/product"}],"about":[{"href":"https:\/\/clubedeviagensmoms.com.br\/homolog\/wp-json\/wp\/v2\/types\/product"}],"replies":[{"embeddable":true,"href":"https:\/\/clubedeviagensmoms.com.br\/homolog\/wp-json\/wp\/v2\/comments?post=4027"}],"wp:featuredmedia":[{"embeddable":true,"href":"https:\/\/clubedeviagensmoms.com.br\/homolog\/wp-json\/wp\/v2\/media\/1573"}],"wp:attachment":[{"href":"https:\/\/clubedeviagensmoms.com.br\/homolog\/wp-json\/wp\/v2\/media?parent=4027"}],"wp:term":[{"taxonomy":"product_cat","embeddable":true,"href":"https:\/\/clubedeviagensmoms.com.br\/homolog\/wp-json\/wp\/v2\/product_cat?post=4027"},{"taxonomy":"product_tag","embeddable":true,"href":"https:\/\/clubedeviagensmoms.com.br\/homolog\/wp-json\/wp\/v2\/product_tag?post=4027"}],"curies":[{"name":"wp","href":"https:\/\/api.w.org\/{rel}","templated":true}]}}