{"id":4028,"date":"2021-10-29T19:55:39","date_gmt":"2021-10-29T22:55:39","guid":{"rendered":"http:\/\/clubedeviagensmoms.com.br\/homolog\/taober_wp\/?post_type=product&#038;p=4028"},"modified":"2023-08-30T12:25:46","modified_gmt":"2023-08-30T15:25:46","slug":"hotel-guarany","status":"publish","type":"product","link":"https:\/\/clubedeviagensmoms.com.br\/homolog\/produto\/hotel-guarany\/","title":{"rendered":"Hotel Guarany"},"content":{"rendered":"<h4>O Hotel Guarany est\u00e1 localizado no centro da cidade de \u00c1guas de Lind\u00f3ia \u2013 S\u00e3o Paulo.<\/h4>\n<p>&nbsp;<\/p>\n<p>O Hotel Guarany foi idealizado no ano de 1945 com apenas 12 apartamentos. Com o desenvolvimento do turismo local aos benef\u00edcios das \u00e1guas medicinais, houve uma implementa\u00e7\u00e3o na procura por hospedagem, sendo assim,\u00a0 levando aos ent\u00e3o propriet\u00e1rios a constru\u00e7\u00e3o de um hotel de maior porte.<\/p>\n<p>Na primeira fase o hotel passa ter 50 apartamentos e posteriormente finalizam-se as obras com um total de 96 apartamentos. Em 2003 o hotel passa das m\u00e3os dos antigos propriet\u00e1rios para outra empresa familiar, adquirindo nova personalidade juntamente com a reforma das unidades j\u00e1 existentes e a constru\u00e7\u00e3o de mais 76, totalizando surpreendentemente 172 apartamentos.<\/p>\n<p>O aeroporto mais pr\u00f3ximo \u00e9 o<span>\u00a0<\/span><a href=\"http:\/\/www.viracopos.com\/pt_br\/passageiro\/\" target=\"_blank\" rel=\"noopener noreferrer\">Aeroporto Internacional Viracopos<\/a><span>\u00a0<\/span>(VCP) a 127 km do hotel.<\/p>\n<p>A Rodovi\u00e1ria de \u00c1guas de Lind\u00f3ia se encontra a apenas 1 km do hotel. S\u00e3o 15 minutos a p\u00e9 e 5 minutos de carro!<\/p>\n<p>Atualmente, o hotel conta tamb\u00e9m com piscina aquecida e coberta, estacionamento com manobrista, fitness, cinema, spa, pizzaria e um belo espa\u00e7o Guarany Caf\u00e9 Gastronomia.<\/p>\n<p>Para os amantes da boa gastronomia, o Hotel Guarany oferece op\u00e7\u00f5es elaboradas da aut\u00eantica comida brasileira, noites tem\u00e1ticas, cozinha show e card\u00e1pio elaborados tamb\u00e9m para as crian\u00e7as em ocasi\u00f5es especiais, pratos t\u00edpicos internacionais, como gastronomia \u00e1rabe e outros. Surpreenda-se!<\/p>\n<p>Nosso Yspa, conta com alguns pacotes de massagens individuais, para casais e noivas. S\u00e3o eles: Pacote Revigorante, Pacote Energ\u00e9tico, Pacote Zen, Pacote Harmonia, Pacote Equil\u00edbrio, Pacote Spa da Noiva e Pacote Amor Perfeito.<\/p>\n<p>O nosso Centro de Eventos, sem d\u00favida, tem os espa\u00e7os e servi\u00e7os para tornar seu evento \u00fanico e vibrante.<\/p>\n<p>Espa\u00e7o, flexibilidade e profissionalismo, alinhados a servi\u00e7os de alto padr\u00e3o, dinamismo e principalmente muita efici\u00eancia no acompanhamento, organiza\u00e7\u00e3o e infraestrutura do seu evento.<\/p>\n<article><\/article>\n<article>Venha conhecer e desfrutar do Hotel Guarany! Voc\u00ea n\u00e3o vai se arrepender!<\/p>\n<p>Se voc\u00ea ainda n\u00e3o conhece nossas redes sociais, vem dar uma conferida no nosso<span>\u00a0<\/span><a href=\"https:\/\/www.instagram.com\/clubedeviagensmoms\/\">Instagram<\/a><span>\u00a0<\/span>e tamb\u00e9m na nossa<span>\u00a0<\/span><a href=\"https:\/\/www.facebook.com\/ClubeDeViagensMoms\/?hc_ref=ARREVFAUN6kemqQPikWPR6yOVqfolWuZ4Gm2u6EX4fJ2-jyHER8eDB5si8DvGkabbOE&amp;fref=nf&amp;__xts__[0]=68.ARAXJqd_Jm68dG9qh_a7A_hAS8hHGdRg1Cq8Je9my1EPnGBRo26TI37xs6IY6NhynKSzyIDhPcBRqvr6Nzuwi7g2W4UPO84T0-vU7mWKXia_C51FzzqVsE3HthHbuQetTo9gapY&amp;__tn__=kC-R\">p\u00e1gina do Facebook<\/a>! Ainda, temos um<span>\u00a0<\/span><a href=\"https:\/\/www.facebook.com\/groups\/clubedeviagensmoms\/\">grupo do Facebook<\/a>, ent\u00e3o, venha fazer parte!<\/p>\n<p>E se voc\u00ea quiser conferir nossos outros hot\u00e9is parceiros, clique<span>\u00a0<\/span><a href=\"http:\/\/clubedeviagensmoms.com.br\/homolog\/vamos-viajar\/hoteis\/\" target=\"_blank\" rel=\"noopener noreferrer\">aqui<\/a>!<\/p>\n<\/article>\n","protected":false},"excerpt":{"rendered":"<p>Para lazer ou a neg\u00f3cios, hospede-se no Hotel Guarany. Moderno e tradicional ao mesmo tempo, na melhor localiza\u00e7\u00e3o de \u00c1guas de Lind\u00f3ia.<\/p>\n","protected":false},"featured_media":1584,"comment_status":"closed","ping_status":"closed","template":"","meta":[],"product_cat":[21],"product_tag":[259,27,28,29,30,31,32,33,199,260,58,38,39,40],"class_list":["post-4028","product","type-product","status-publish","has-post-thumbnail","hentry","product_cat-hoteis","product_tag-aguas-de-lindoia","product_tag-clube-de-viagens-moms","product_tag-clube-moms","product_tag-criancas","product_tag-diversao","product_tag-diversao-em-familia","product_tag-ferias","product_tag-ferias-em-familia","product_tag-hotel","product_tag-hotel-guarany","product_tag-sao-paulo","product_tag-viagem","product_tag-viagem-com-criancas","product_tag-viagem-em-familia","pa_destino-aguas-de-lindoia","pa_destino-brasil","pa_destino-sao-paulo","pa_estrutura-lazer-academia","pa_estrutura-lazer-brinquedoteca","pa_estrutura-lazer-centro-de-convencoes","pa_estrutura-lazer-cinema","pa_estrutura-lazer-copa-baby","pa_estrutura-lazer-estacionamento","pa_estrutura-lazer-piscina-aquecida","pa_estrutura-lazer-recreacao","pa_estrutura-lazer-restaurante","pa_estrutura-lazer-sala-de-reuniao","pa_estrutura-lazer-sala-de-tv","pa_estrutura-lazer-salao-de-jogos","pa_estrutura-lazer-spa","pa_regime-de-alimentacao-pensao-completa","pa_servicos-opcionais-spa","pa_tipos-de-destinos-executivo","pa_tipos-de-destinos-hotel"],"acf":[],"yoast_head":"<!-- This site is optimized with the Yoast SEO Premium plugin v16.0.2 (Yoast SEO v21.2) - https:\/\/yoast.com\/wordpress\/plugins\/seo\/ -->\n<title>Hotel Guarany - Clube Moms Clube Moms<\/title>\n<meta name=\"description\" content=\"Para lazer ou a neg\u00f3cios, hospede-se no Hotel Guarany. Moderno e tradicional ao mesmo tempo, na melhor localiza\u00e7\u00e3o de \u00c1guas de Lind\u00f3ia.\" \/>\n<meta name=\"robots\" content=\"index, follow, max-snippet:-1, max-image-preview:large, max-video-preview:-1\" \/>\n<link rel=\"canonical\" href=\"https:\/\/clubedeviagensmoms.com.br\/homolog\/produto\/hotel-guarany\/\" \/>\n<meta property=\"og:locale\" content=\"pt_BR\" \/>\n<meta property=\"og:type\" content=\"article\" \/>\n<meta property=\"og:title\" content=\"Hotel Guarany - Clube Moms Clube Moms\" \/>\n<meta property=\"og:description\" content=\"Para lazer ou a neg\u00f3cios, hospede-se no Hotel Guarany. Moderno e tradicional ao mesmo tempo, na melhor localiza\u00e7\u00e3o de \u00c1guas de Lind\u00f3ia.\" \/>\n<meta property=\"og:url\" content=\"https:\/\/clubedeviagensmoms.com.br\/homolog\/produto\/hotel-guarany\/\" \/>\n<meta property=\"og:site_name\" content=\"Clube Moms\" \/>\n<meta property=\"article:modified_time\" content=\"2023-08-30T15:25:46+00:00\" \/>\n<meta property=\"og:image\" content=\"https:\/\/clubedeviagensmoms.com.br\/homolog\/wp-content\/uploads\/2021\/10\/quarto-de-casal-2-1024x536-1.jpg\" \/>\n\t<meta property=\"og:image:width\" content=\"1024\" \/>\n\t<meta property=\"og:image:height\" content=\"536\" \/>\n\t<meta property=\"og:image:type\" content=\"image\/jpeg\" \/>\n<meta name=\"twitter:card\" content=\"summary_large_image\" \/>\n<meta name=\"twitter:label1\" content=\"Est. tempo de leitura\" \/>\n\t<meta name=\"twitter:data1\" content=\"2 minutos\" \/>\n<script type=\"application\/ld+json\" class=\"yoast-schema-graph\">{\"@context\":\"https:\/\/schema.org\",\"@graph\":[{\"@type\":\"WebPage\",\"@id\":\"https:\/\/clubedeviagensmoms.com.br\/homolog\/produto\/hotel-guarany\/\",\"url\":\"https:\/\/clubedeviagensmoms.com.br\/homolog\/produto\/hotel-guarany\/\",\"name\":\"Hotel Guarany - Clube Moms Clube Moms\",\"isPartOf\":{\"@id\":\"https:\/\/clubedeviagensmoms.com.br\/homolog\/#website\"},\"datePublished\":\"2021-10-29T22:55:39+00:00\",\"dateModified\":\"2023-08-30T15:25:46+00:00\",\"description\":\"Para lazer ou a neg\u00f3cios, hospede-se no Hotel Guarany. Moderno e tradicional ao mesmo tempo, na melhor localiza\u00e7\u00e3o de \u00c1guas de Lind\u00f3ia.\",\"breadcrumb\":{\"@id\":\"https:\/\/clubedeviagensmoms.com.br\/homolog\/produto\/hotel-guarany\/#breadcrumb\"},\"inLanguage\":\"pt-BR\",\"potentialAction\":[{\"@type\":\"ReadAction\",\"target\":[\"https:\/\/clubedeviagensmoms.com.br\/homolog\/produto\/hotel-guarany\/\"]}]},{\"@type\":\"BreadcrumbList\",\"@id\":\"https:\/\/clubedeviagensmoms.com.br\/homolog\/produto\/hotel-guarany\/#breadcrumb\",\"itemListElement\":[{\"@type\":\"ListItem\",\"position\":1,\"name\":\"Home\",\"item\":\"https:\/\/clubedeviagensmoms.com.br\/homolog\/\"},{\"@type\":\"ListItem\",\"position\":2,\"name\":\"Vamos Viajar\",\"item\":\"https:\/\/clubedeviagensmoms.com.br\/homolog\/shop\/\"},{\"@type\":\"ListItem\",\"position\":3,\"name\":\"Hotel Guarany\"}]},{\"@type\":\"WebSite\",\"@id\":\"https:\/\/clubedeviagensmoms.com.br\/homolog\/#website\",\"url\":\"https:\/\/clubedeviagensmoms.com.br\/homolog\/\",\"name\":\"Clube Moms\",\"description\":\"O Clube Moms \u00e9 uma ag\u00eancia de turismo com foco em fam\u00edlias com crian\u00e7as, que uno os conceitos de Consultoria Especializada e Clube de Vantagens.\",\"potentialAction\":[{\"@type\":\"SearchAction\",\"target\":{\"@type\":\"EntryPoint\",\"urlTemplate\":\"https:\/\/clubedeviagensmoms.com.br\/homolog\/?s={search_term_string}\"},\"query-input\":\"required name=search_term_string\"}],\"inLanguage\":\"pt-BR\"}]}<\/script>\n<!-- \/ Yoast SEO Premium plugin. -->","yoast_head_json":{"title":"Hotel Guarany - Clube Moms Clube Moms","description":"Para lazer ou a neg\u00f3cios, hospede-se no Hotel Guarany. Moderno e tradicional ao mesmo tempo, na melhor localiza\u00e7\u00e3o de \u00c1guas de Lind\u00f3ia.","robots":{"index":"index","follow":"follow","max-snippet":"max-snippet:-1","max-image-preview":"max-image-preview:large","max-video-preview":"max-video-preview:-1"},"canonical":"https:\/\/clubedeviagensmoms.com.br\/homolog\/produto\/hotel-guarany\/","og_locale":"pt_BR","og_type":"article","og_title":"Hotel Guarany - Clube Moms Clube Moms","og_description":"Para lazer ou a neg\u00f3cios, hospede-se no Hotel Guarany. Moderno e tradicional ao mesmo tempo, na melhor localiza\u00e7\u00e3o de \u00c1guas de Lind\u00f3ia.","og_url":"https:\/\/clubedeviagensmoms.com.br\/homolog\/produto\/hotel-guarany\/","og_site_name":"Clube Moms","article_modified_time":"2023-08-30T15:25:46+00:00","og_image":[{"width":1024,"height":536,"url":"https:\/\/clubedeviagensmoms.com.br\/homolog\/wp-content\/uploads\/2021\/10\/quarto-de-casal-2-1024x536-1.jpg","type":"image\/jpeg"}],"twitter_card":"summary_large_image","twitter_misc":{"Est. tempo de leitura":"2 minutos"},"schema":{"@context":"https:\/\/schema.org","@graph":[{"@type":"WebPage","@id":"https:\/\/clubedeviagensmoms.com.br\/homolog\/produto\/hotel-guarany\/","url":"https:\/\/clubedeviagensmoms.com.br\/homolog\/produto\/hotel-guarany\/","name":"Hotel Guarany - Clube Moms Clube Moms","isPartOf":{"@id":"https:\/\/clubedeviagensmoms.com.br\/homolog\/#website"},"datePublished":"2021-10-29T22:55:39+00:00","dateModified":"2023-08-30T15:25:46+00:00","description":"Para lazer ou a neg\u00f3cios, hospede-se no Hotel Guarany. Moderno e tradicional ao mesmo tempo, na melhor localiza\u00e7\u00e3o de \u00c1guas de Lind\u00f3ia.","breadcrumb":{"@id":"https:\/\/clubedeviagensmoms.com.br\/homolog\/produto\/hotel-guarany\/#breadcrumb"},"inLanguage":"pt-BR","potentialAction":[{"@type":"ReadAction","target":["https:\/\/clubedeviagensmoms.com.br\/homolog\/produto\/hotel-guarany\/"]}]},{"@type":"BreadcrumbList","@id":"https:\/\/clubedeviagensmoms.com.br\/homolog\/produto\/hotel-guarany\/#breadcrumb","itemListElement":[{"@type":"ListItem","position":1,"name":"Home","item":"https:\/\/clubedeviagensmoms.com.br\/homolog\/"},{"@type":"ListItem","position":2,"name":"Vamos Viajar","item":"https:\/\/clubedeviagensmoms.com.br\/homolog\/shop\/"},{"@type":"ListItem","position":3,"name":"Hotel Guarany"}]},{"@type":"WebSite","@id":"https:\/\/clubedeviagensmoms.com.br\/homolog\/#website","url":"https:\/\/clubedeviagensmoms.com.br\/homolog\/","name":"Clube Moms","description":"O Clube Moms \u00e9 uma ag\u00eancia de turismo com foco em fam\u00edlias com crian\u00e7as, que uno os conceitos de Consultoria Especializada e Clube de Vantagens.","potentialAction":[{"@type":"SearchAction","target":{"@type":"EntryPoint","urlTemplate":"https:\/\/clubedeviagensmoms.com.br\/homolog\/?s={search_term_string}"},"query-input":"required name=search_term_string"}],"inLanguage":"pt-BR"}]}},"_links":{"self":[{"href":"https:\/\/clubedeviagensmoms.com.br\/homolog\/wp-json\/wp\/v2\/product\/4028","targetHints":{"allow":["GET"]}}],"collection":[{"href":"https:\/\/clubedeviagensmoms.com.br\/homolog\/wp-json\/wp\/v2\/product"}],"about":[{"href":"https:\/\/clubedeviagensmoms.com.br\/homolog\/wp-json\/wp\/v2\/types\/product"}],"replies":[{"embeddable":true,"href":"https:\/\/clubedeviagensmoms.com.br\/homolog\/wp-json\/wp\/v2\/comments?post=4028"}],"wp:featuredmedia":[{"embeddable":true,"href":"https:\/\/clubedeviagensmoms.com.br\/homolog\/wp-json\/wp\/v2\/media\/1584"}],"wp:attachment":[{"href":"https:\/\/clubedeviagensmoms.com.br\/homolog\/wp-json\/wp\/v2\/media?parent=4028"}],"wp:term":[{"taxonomy":"product_cat","embeddable":true,"href":"https:\/\/clubedeviagensmoms.com.br\/homolog\/wp-json\/wp\/v2\/product_cat?post=4028"},{"taxonomy":"product_tag","embeddable":true,"href":"https:\/\/clubedeviagensmoms.com.br\/homolog\/wp-json\/wp\/v2\/product_tag?post=4028"}],"curies":[{"name":"wp","href":"https:\/\/api.w.org\/{rel}","templated":true}]}}