{"id":4029,"date":"2021-10-29T19:55:39","date_gmt":"2021-10-29T22:55:39","guid":{"rendered":"http:\/\/clubedeviagensmoms.com.br\/homolog\/taober_wp\/?post_type=product&#038;p=4029"},"modified":"2023-08-30T12:25:46","modified_gmt":"2023-08-30T15:25:46","slug":"hotel-giardino-suites-rio-quente","status":"publish","type":"product","link":"https:\/\/clubedeviagensmoms.com.br\/homolog\/produto\/hotel-giardino-suites-rio-quente\/","title":{"rendered":"Hotel Giardino Su\u00edtes Rio Quente"},"content":{"rendered":"<p>J\u00e1 imaginou viajar para um resort e sentir como se estivesse no interior da It\u00e1lia? Seria incr\u00edvel, n\u00e3o? Ent\u00e3o, n\u00e3o precisa mais ficar s\u00f3 imaginando. No<span>\u00a0<\/span><strong>Hotel Giardino Su\u00edtes Rio Quente<\/strong>, voc\u00ea vive essa experi\u00eancia!<\/p>\n<p>O hotel est\u00e1 a apenas 800m da entrada do complexo e toda a sua estrutura e decora\u00e7\u00e3o \u00e9 inspirada no interior da It\u00e1lia. Al\u00e9m disso, os h\u00f3spedes do Hotel Giardino podem ficar despreocupados com quest\u00f5es que envolvam o transporte at\u00e9 as atra\u00e7\u00f5es do resort, porque o hotel oferece servi\u00e7o de transfer gratuito 24h por dia e 7 dias por semana.<\/p>\n<p>Toda a infraestrutura do hotel foi projetada para acomodar fam\u00edlias grandes com o m\u00e1ximo conforto. O hotel conta, ainda, com uma piscina espetacular e um restaurante perfeito para todo o tipo de paladar. Isso, sem contar com os bel\u00edssimos e espa\u00e7osos apartamentos.<\/p>\n<p>Para tornar a sua experi\u00eancia ainda mais deliciosa, dentro do Hotel Giardino do Rio Quente est\u00e1 localizado o Giardino Restaurante. Um lugar completamente aconchegante e sofisticado, com decora\u00e7\u00e3o inspirada nos restaurantes italianos e pratos para todos os gostos.<\/p>\n<p>Apesar de ser totalmente inspirado na It\u00e1lia, o menu do restaurante \u00e9 super diversificado, assim, se voc\u00ea n\u00e3o estiver a fim de culin\u00e1ria italiana, n\u00e3o precisa se preocupar, porque ir\u00e1 encontrar uma s\u00e9rie de outras op\u00e7\u00f5es deliciosas para suas refei\u00e7\u00f5es.<\/p>\n<p>O restaurante serve caf\u00e9 da manh\u00e3, almo\u00e7o e jantar fica aberto, semanalmente, das 7h30 \u00e0s 22h.<\/p>\n<p>&nbsp;<\/p>\n<p>Venha conhecer e desfrutar do Hotel Giardino Su\u00edtes Rio Quente! Voc\u00ea n\u00e3o vai se arrepender!<\/p>\n<p>Se voc\u00ea ainda n\u00e3o conhece nossas redes sociais, vem dar uma conferida no nosso<span>\u00a0<\/span><a href=\"https:\/\/www.instagram.com\/clubedeviagensmoms\/\">Instagram<\/a><span>\u00a0<\/span>e tamb\u00e9m na nossa<span>\u00a0<\/span><a href=\"https:\/\/www.facebook.com\/ClubeDeViagensMoms\/?hc_ref=ARREVFAUN6kemqQPikWPR6yOVqfolWuZ4Gm2u6EX4fJ2-jyHER8eDB5si8DvGkabbOE&amp;fref=nf&amp;__xts__[0]=68.ARAXJqd_Jm68dG9qh_a7A_hAS8hHGdRg1Cq8Je9my1EPnGBRo26TI37xs6IY6NhynKSzyIDhPcBRqvr6Nzuwi7g2W4UPO84T0-vU7mWKXia_C51FzzqVsE3HthHbuQetTo9gapY&amp;__tn__=kC-R\">p\u00e1gina do Facebook<\/a>! Ainda, temos um<span>\u00a0<\/span><a href=\"https:\/\/www.facebook.com\/groups\/clubedeviagensmoms\/\">grupo do Facebook<\/a>, ent\u00e3o, venha fazer parte!<\/p>\n<p>E se voc\u00ea quiser conferir nossos outros hot\u00e9is parceiros, clique<span>\u00a0<\/span><a href=\"http:\/\/clubedeviagensmoms.com.br\/homolog\/vamos-viajar\/hoteis\/\" target=\"_blank\" rel=\"noopener noreferrer\">aqui<\/a>!<\/p>\n","protected":false},"excerpt":{"rendered":"<p>Hotel Giardino Su\u00edtes Rio Quente: J\u00e1 imaginou viajar para um resort, sentir como se estivesse no interior da It\u00e1lia? Nesse hotel voc\u00ea vive essa experi\u00eancia!<\/p>\n","protected":false},"featured_media":1602,"comment_status":"closed","ping_status":"closed","template":"","meta":[],"product_cat":[21],"product_tag":[],"class_list":["post-4029","product","type-product","status-publish","has-post-thumbnail","hentry","product_cat-hoteis","pa_destino-goias"],"acf":[],"yoast_head":"<!-- This site is optimized with the Yoast SEO Premium plugin v16.0.2 (Yoast SEO v21.2) - https:\/\/yoast.com\/wordpress\/plugins\/seo\/ -->\n<title>Hotel Giardino Su\u00edtes Rio Quente - Clube Moms<\/title>\n<meta name=\"description\" content=\"Hotel Giardino Su\u00edtes Rio Quente: J\u00e1 imaginou viajar para um resort, sentir como se estivesse no interior da It\u00e1lia? Nesse hotel voc\u00ea vive essa experi\u00eancia!\" \/>\n<meta name=\"robots\" content=\"index, follow, max-snippet:-1, max-image-preview:large, max-video-preview:-1\" \/>\n<link rel=\"canonical\" href=\"https:\/\/clubedeviagensmoms.com.br\/homolog\/produto\/hotel-giardino-suites-rio-quente\/\" \/>\n<meta property=\"og:locale\" content=\"pt_BR\" \/>\n<meta property=\"og:type\" content=\"article\" \/>\n<meta property=\"og:title\" content=\"Hotel Giardino Su\u00edtes Rio Quente - Clube Moms\" \/>\n<meta property=\"og:description\" content=\"Hotel Giardino Su\u00edtes Rio Quente: J\u00e1 imaginou viajar para um resort, sentir como se estivesse no interior da It\u00e1lia? Nesse hotel voc\u00ea vive essa experi\u00eancia!\" \/>\n<meta property=\"og:url\" content=\"https:\/\/clubedeviagensmoms.com.br\/homolog\/produto\/hotel-giardino-suites-rio-quente\/\" \/>\n<meta property=\"og:site_name\" content=\"Clube Moms\" \/>\n<meta property=\"article:modified_time\" content=\"2023-08-30T15:25:46+00:00\" \/>\n<meta property=\"og:image\" content=\"https:\/\/clubedeviagensmoms.com.br\/homolog\/wp-content\/uploads\/2021\/10\/Piscina-Hotel-Giardino-Suites-Rio-Quente-1024x536-1.jpg\" \/>\n\t<meta property=\"og:image:width\" content=\"1024\" \/>\n\t<meta property=\"og:image:height\" content=\"536\" \/>\n\t<meta property=\"og:image:type\" content=\"image\/jpeg\" \/>\n<meta name=\"twitter:card\" content=\"summary_large_image\" \/>\n<meta name=\"twitter:label1\" content=\"Est. tempo de leitura\" \/>\n\t<meta name=\"twitter:data1\" content=\"2 minutos\" \/>\n<script type=\"application\/ld+json\" class=\"yoast-schema-graph\">{\"@context\":\"https:\/\/schema.org\",\"@graph\":[{\"@type\":\"WebPage\",\"@id\":\"https:\/\/clubedeviagensmoms.com.br\/homolog\/produto\/hotel-giardino-suites-rio-quente\/\",\"url\":\"https:\/\/clubedeviagensmoms.com.br\/homolog\/produto\/hotel-giardino-suites-rio-quente\/\",\"name\":\"Hotel Giardino Su\u00edtes Rio Quente - Clube Moms\",\"isPartOf\":{\"@id\":\"https:\/\/clubedeviagensmoms.com.br\/homolog\/#website\"},\"datePublished\":\"2021-10-29T22:55:39+00:00\",\"dateModified\":\"2023-08-30T15:25:46+00:00\",\"description\":\"Hotel Giardino Su\u00edtes Rio Quente: J\u00e1 imaginou viajar para um resort, sentir como se estivesse no interior da It\u00e1lia? Nesse hotel voc\u00ea vive essa experi\u00eancia!\",\"breadcrumb\":{\"@id\":\"https:\/\/clubedeviagensmoms.com.br\/homolog\/produto\/hotel-giardino-suites-rio-quente\/#breadcrumb\"},\"inLanguage\":\"pt-BR\",\"potentialAction\":[{\"@type\":\"ReadAction\",\"target\":[\"https:\/\/clubedeviagensmoms.com.br\/homolog\/produto\/hotel-giardino-suites-rio-quente\/\"]}]},{\"@type\":\"BreadcrumbList\",\"@id\":\"https:\/\/clubedeviagensmoms.com.br\/homolog\/produto\/hotel-giardino-suites-rio-quente\/#breadcrumb\",\"itemListElement\":[{\"@type\":\"ListItem\",\"position\":1,\"name\":\"Home\",\"item\":\"https:\/\/clubedeviagensmoms.com.br\/homolog\/\"},{\"@type\":\"ListItem\",\"position\":2,\"name\":\"Vamos Viajar\",\"item\":\"https:\/\/clubedeviagensmoms.com.br\/homolog\/shop\/\"},{\"@type\":\"ListItem\",\"position\":3,\"name\":\"Hotel Giardino Su\u00edtes Rio Quente\"}]},{\"@type\":\"WebSite\",\"@id\":\"https:\/\/clubedeviagensmoms.com.br\/homolog\/#website\",\"url\":\"https:\/\/clubedeviagensmoms.com.br\/homolog\/\",\"name\":\"Clube Moms\",\"description\":\"O Clube Moms \u00e9 uma ag\u00eancia de turismo com foco em fam\u00edlias com crian\u00e7as, que uno os conceitos de Consultoria Especializada e Clube de Vantagens.\",\"potentialAction\":[{\"@type\":\"SearchAction\",\"target\":{\"@type\":\"EntryPoint\",\"urlTemplate\":\"https:\/\/clubedeviagensmoms.com.br\/homolog\/?s={search_term_string}\"},\"query-input\":\"required name=search_term_string\"}],\"inLanguage\":\"pt-BR\"}]}<\/script>\n<!-- \/ Yoast SEO Premium plugin. -->","yoast_head_json":{"title":"Hotel Giardino Su\u00edtes Rio Quente - Clube Moms","description":"Hotel Giardino Su\u00edtes Rio Quente: J\u00e1 imaginou viajar para um resort, sentir como se estivesse no interior da It\u00e1lia? Nesse hotel voc\u00ea vive essa experi\u00eancia!","robots":{"index":"index","follow":"follow","max-snippet":"max-snippet:-1","max-image-preview":"max-image-preview:large","max-video-preview":"max-video-preview:-1"},"canonical":"https:\/\/clubedeviagensmoms.com.br\/homolog\/produto\/hotel-giardino-suites-rio-quente\/","og_locale":"pt_BR","og_type":"article","og_title":"Hotel Giardino Su\u00edtes Rio Quente - Clube Moms","og_description":"Hotel Giardino Su\u00edtes Rio Quente: J\u00e1 imaginou viajar para um resort, sentir como se estivesse no interior da It\u00e1lia? Nesse hotel voc\u00ea vive essa experi\u00eancia!","og_url":"https:\/\/clubedeviagensmoms.com.br\/homolog\/produto\/hotel-giardino-suites-rio-quente\/","og_site_name":"Clube Moms","article_modified_time":"2023-08-30T15:25:46+00:00","og_image":[{"width":1024,"height":536,"url":"https:\/\/clubedeviagensmoms.com.br\/homolog\/wp-content\/uploads\/2021\/10\/Piscina-Hotel-Giardino-Suites-Rio-Quente-1024x536-1.jpg","type":"image\/jpeg"}],"twitter_card":"summary_large_image","twitter_misc":{"Est. tempo de leitura":"2 minutos"},"schema":{"@context":"https:\/\/schema.org","@graph":[{"@type":"WebPage","@id":"https:\/\/clubedeviagensmoms.com.br\/homolog\/produto\/hotel-giardino-suites-rio-quente\/","url":"https:\/\/clubedeviagensmoms.com.br\/homolog\/produto\/hotel-giardino-suites-rio-quente\/","name":"Hotel Giardino Su\u00edtes Rio Quente - Clube Moms","isPartOf":{"@id":"https:\/\/clubedeviagensmoms.com.br\/homolog\/#website"},"datePublished":"2021-10-29T22:55:39+00:00","dateModified":"2023-08-30T15:25:46+00:00","description":"Hotel Giardino Su\u00edtes Rio Quente: J\u00e1 imaginou viajar para um resort, sentir como se estivesse no interior da It\u00e1lia? Nesse hotel voc\u00ea vive essa experi\u00eancia!","breadcrumb":{"@id":"https:\/\/clubedeviagensmoms.com.br\/homolog\/produto\/hotel-giardino-suites-rio-quente\/#breadcrumb"},"inLanguage":"pt-BR","potentialAction":[{"@type":"ReadAction","target":["https:\/\/clubedeviagensmoms.com.br\/homolog\/produto\/hotel-giardino-suites-rio-quente\/"]}]},{"@type":"BreadcrumbList","@id":"https:\/\/clubedeviagensmoms.com.br\/homolog\/produto\/hotel-giardino-suites-rio-quente\/#breadcrumb","itemListElement":[{"@type":"ListItem","position":1,"name":"Home","item":"https:\/\/clubedeviagensmoms.com.br\/homolog\/"},{"@type":"ListItem","position":2,"name":"Vamos Viajar","item":"https:\/\/clubedeviagensmoms.com.br\/homolog\/shop\/"},{"@type":"ListItem","position":3,"name":"Hotel Giardino Su\u00edtes Rio Quente"}]},{"@type":"WebSite","@id":"https:\/\/clubedeviagensmoms.com.br\/homolog\/#website","url":"https:\/\/clubedeviagensmoms.com.br\/homolog\/","name":"Clube Moms","description":"O Clube Moms \u00e9 uma ag\u00eancia de turismo com foco em fam\u00edlias com crian\u00e7as, que uno os conceitos de Consultoria Especializada e Clube de Vantagens.","potentialAction":[{"@type":"SearchAction","target":{"@type":"EntryPoint","urlTemplate":"https:\/\/clubedeviagensmoms.com.br\/homolog\/?s={search_term_string}"},"query-input":"required name=search_term_string"}],"inLanguage":"pt-BR"}]}},"_links":{"self":[{"href":"https:\/\/clubedeviagensmoms.com.br\/homolog\/wp-json\/wp\/v2\/product\/4029","targetHints":{"allow":["GET"]}}],"collection":[{"href":"https:\/\/clubedeviagensmoms.com.br\/homolog\/wp-json\/wp\/v2\/product"}],"about":[{"href":"https:\/\/clubedeviagensmoms.com.br\/homolog\/wp-json\/wp\/v2\/types\/product"}],"replies":[{"embeddable":true,"href":"https:\/\/clubedeviagensmoms.com.br\/homolog\/wp-json\/wp\/v2\/comments?post=4029"}],"wp:featuredmedia":[{"embeddable":true,"href":"https:\/\/clubedeviagensmoms.com.br\/homolog\/wp-json\/wp\/v2\/media\/1602"}],"wp:attachment":[{"href":"https:\/\/clubedeviagensmoms.com.br\/homolog\/wp-json\/wp\/v2\/media?parent=4029"}],"wp:term":[{"taxonomy":"product_cat","embeddable":true,"href":"https:\/\/clubedeviagensmoms.com.br\/homolog\/wp-json\/wp\/v2\/product_cat?post=4029"},{"taxonomy":"product_tag","embeddable":true,"href":"https:\/\/clubedeviagensmoms.com.br\/homolog\/wp-json\/wp\/v2\/product_tag?post=4029"}],"curies":[{"name":"wp","href":"https:\/\/api.w.org\/{rel}","templated":true}]}}