{"id":4030,"date":"2021-10-29T19:55:39","date_gmt":"2021-10-29T22:55:39","guid":{"rendered":"http:\/\/clubedeviagensmoms.com.br\/homolog\/taober_wp\/?post_type=product&#038;p=4030"},"modified":"2023-08-30T12:25:45","modified_gmt":"2023-08-30T15:25:45","slug":"hotel-fazenda-vilarejo","status":"publish","type":"product","link":"https:\/\/clubedeviagensmoms.com.br\/homolog\/produto\/hotel-fazenda-vilarejo\/","title":{"rendered":"Hotel Fazenda Vilarejo"},"content":{"rendered":"<h4>Localizado em\u00a0<a href=\"https:\/\/pt.wikipedia.org\/wiki\/Conservat%C3%B3ria_(Valen%C3%A7a)\" target=\"_blank\" rel=\"noopener noreferrer\">Conservat\u00f3ria<\/a>, cidade da seresta, recebemos h\u00f3spedes de v\u00e1rios locais do Rio de Janeiro, Minas Gerais e S\u00e3o Paulo, al\u00e9m de v\u00e1rias outros estados.<\/h4>\n<p>&nbsp;<\/p>\n<p>Nosso estilo inconfund\u00edvel de receber tem tudo a ver com a D. Lili e o Sr. Jo\u00e3o. Um casal apaixonado que constr\u00f3i este sonho para voc\u00ea desde 1982. Gra\u00e7as ao amor e ao respeito deles, o Hotel Fazenda Vilarejo recebe de fato, ainda hoje, os seus primeiros h\u00f3spedes. Agora, acompanhados pelos filhos e netos que adoram compartilhar o lugar e as companhias. Muito al\u00e9m da natureza privilegiada, temos amor por receber, servir e fazer o que for poss\u00edvel para tornar a sua estada inesquec\u00edvel. O lugar \u00e9 ideal para quem deseja fugir do corre-corre, pois os sintomas de estresse costumam desaparecer rapidinho!<\/p>\n<p>Desde que chegamos ao Hotel Fazenda Vilarejo, havia uma casa t\u00edpica de fazenda. Uma Casa Velha cheia de hist\u00f3rias e encantos! Ela se tornou, com toda certeza, na melhor e maior loja de presentes, artesanatos, decora\u00e7\u00e3o e de doces lembran\u00e7as de Conservat\u00f3ria.<\/p>\n<p>Reserve um tempinho para conhecer todo o processo de produ\u00e7\u00e3o da nossa cacha\u00e7a tipo exporta\u00e7\u00e3o e principalmente degustar todas as del\u00edcias que fazemos aqui. Entre elas, licores, rapadura, melado, a pr\u00f3pria cacha\u00e7a e outras del\u00edcias da fazenda. S\u00e3o certamente de dar \u00e1gua na boca!<\/p>\n<p>Todas as refei\u00e7\u00f5es est\u00e3o inclu\u00eddas no Hotel Fazenda Vilarejo. Caf\u00e9-da-manh\u00e3, almo\u00e7o e jantar, bebidas nacionais, sucos, refrigerantes, cervejas, vinhos, coquet\u00e9is com ou sem \u00e1lcool, lanches e petiscos nos bares, restaurante e piscina. Espa\u00e7o reservado para as mam\u00e3es prepararem as refei\u00e7\u00f5es dos beb\u00eas. Com fog\u00e3o, geladeira, liquidificador e microondas, bem como leite, cereais e frutas. As chaves ficam na recep\u00e7\u00e3o.<\/p>\n<p>O Hotel Fazenda Vilarejo disp\u00f5e de completa infra-estrutura com recursos e equipamentos de um grande centro de conven\u00e7\u00f5es, aliados aos servi\u00e7os de hotelaria, assim tornando o evento de sua empresa bem produtivo, agrad\u00e1vel e inesquec\u00edvel.<\/p>\n<p>&nbsp;<\/p>\n<h6><span style=\"font-size: 14pt;\"><span style=\"font-size: 18pt;\">Gostou do Hotel Fazenda Vilarejo? N\u00e3o perca a oportunidade e<\/span>\u00a0<\/span><span style=\"font-size: 8pt;\"><a href=\"https:\/\/wa.me\/5521964046487\">entre em contato com a nossa equipe e garanta sua vaga!<\/a><\/span><\/h6>\n<p>&nbsp;<\/p>\n<p>Se voc\u00ea ainda n\u00e3o conhece nossas redes sociais, vem dar uma conferida no nosso\u00a0<a href=\"https:\/\/www.instagram.com\/clubedeviagensmoms\/\">Instagram<\/a>\u00a0e ao mesmo tempo na nossa\u00a0<a href=\"https:\/\/www.facebook.com\/ClubeDeViagensMoms\/?hc_ref=ARREVFAUN6kemqQPikWPR6yOVqfolWuZ4Gm2u6EX4fJ2-jyHER8eDB5si8DvGkabbOE&amp;fref=nf&amp;__xts__[0]=68.ARAXJqd_Jm68dG9qh_a7A_hAS8hHGdRg1Cq8Je9my1EPnGBRo26TI37xs6IY6NhynKSzyIDhPcBRqvr6Nzuwi7g2W4UPO84T0-vU7mWKXia_C51FzzqVsE3HthHbuQetTo9gapY&amp;__tn__=kC-R\">p\u00e1gina do Facebook<\/a>! Ainda temos um\u00a0<a href=\"https:\/\/www.facebook.com\/groups\/clubedeviagensmoms\/\">grupo do Facebook<\/a>, portanto, venha fazer arte!<\/p>\n<p>Afim de conferir nossos outros hot\u00e9is parceiros, clique\u00a0<a href=\"http:\/\/clubedeviagensmoms.com.br\/homolog\/vamos-viajar\/hoteis\/\" target=\"_blank\" rel=\"noopener noreferrer\">aqui<\/a>!<\/p>\n","protected":false},"excerpt":{"rendered":"<p>O Hotel Fazenda Vilarejo \u00e9 ideal para quem deseja fugir do corre-corre. Sintomas de estresse costumam desaparecer rapidinho! Divirta-se com sua fam\u00edlia!<\/p>\n","protected":false},"featured_media":4804,"comment_status":"closed","ping_status":"closed","template":"","meta":[],"product_cat":[21],"product_tag":[261,27,28,145,29,30,31,43,32,33,262,166,50,35,37,185,38,39,40,263],"class_list":["post-4030","product","type-product","status-publish","has-post-thumbnail","hentry","product_cat-hoteis","product_tag-cachacaria","product_tag-clube-de-viagens-moms","product_tag-clube-moms","product_tag-conservatoria","product_tag-criancas","product_tag-diversao","product_tag-diversao-em-familia","product_tag-fazenda","product_tag-ferias","product_tag-ferias-em-familia","product_tag-hidroginastica","product_tag-hotel-fazenda-vilarejo","product_tag-pensao-completa","product_tag-recreacao","product_tag-rio-de-janeiro","product_tag-serra","product_tag-viagem","product_tag-viagem-com-criancas","product_tag-viagem-em-familia","product_tag-vilarejo","pa_destino-brasil","pa_destino-conservatoria","pa_destino-rio-de-janeiro","pa_estrutura-lazer-academia","pa_estrutura-lazer-campo-de-futebol","pa_estrutura-lazer-cavalos","pa_estrutura-lazer-cinema","pa_estrutura-lazer-copa-baby","pa_estrutura-lazer-estacionamento","pa_estrutura-lazer-fazendinha","pa_estrutura-lazer-horta","pa_estrutura-lazer-kids-club","pa_estrutura-lazer-lago-para-pescaria","pa_estrutura-lazer-piscina","pa_estrutura-lazer-piscina-aquecida","pa_estrutura-lazer-quadra-de-tenis","pa_estrutura-lazer-quadra-de-volei","pa_estrutura-lazer-recreacao","pa_estrutura-lazer-salao-de-jogos","pa_estrutura-lazer-trilhas","pa_regime-de-alimentacao-all-inclusive","pa_servicos-opcionais-bicicleta","pa_servicos-opcionais-cavalo","pa_servicos-opcionais-charrete","pa_servicos-opcionais-pedalinho","pa_servicos-opcionais-tirolesa","pa_tipos-de-destinos-hotel-fazenda","pa_tipos-de-destinos-serra"],"acf":[],"yoast_head":"<!-- This site is optimized with the Yoast SEO Premium plugin v16.0.2 (Yoast SEO v21.2) - https:\/\/yoast.com\/wordpress\/plugins\/seo\/ -->\n<title>Hotel Fazenda Vilarejo - Clube Moms<\/title>\n<meta name=\"description\" content=\"O Hotel Fazenda Vilarejo \u00e9 ideal para quem deseja fugir do corre-corre. Sintomas de estresse costumam desaparecer rapidinho! Divirta-se com sua fam\u00edlia!\" \/>\n<meta name=\"robots\" content=\"index, follow, max-snippet:-1, max-image-preview:large, max-video-preview:-1\" \/>\n<link rel=\"canonical\" href=\"https:\/\/clubedeviagensmoms.com.br\/homolog\/produto\/hotel-fazenda-vilarejo\/\" \/>\n<meta property=\"og:locale\" content=\"pt_BR\" \/>\n<meta property=\"og:type\" content=\"article\" \/>\n<meta property=\"og:title\" content=\"Hotel Fazenda Vilarejo - Clube Moms\" \/>\n<meta property=\"og:description\" content=\"O Hotel Fazenda Vilarejo \u00e9 ideal para quem deseja fugir do corre-corre. Sintomas de estresse costumam desaparecer rapidinho! Divirta-se com sua fam\u00edlia!\" \/>\n<meta property=\"og:url\" content=\"https:\/\/clubedeviagensmoms.com.br\/homolog\/produto\/hotel-fazenda-vilarejo\/\" \/>\n<meta property=\"og:site_name\" content=\"Clube Moms\" \/>\n<meta property=\"article:modified_time\" content=\"2023-08-30T15:25:45+00:00\" \/>\n<meta property=\"og:image\" content=\"https:\/\/clubedeviagensmoms.com.br\/homolog\/wp-content\/uploads\/2021\/10\/2022-06-VILAREJO-020-scaled.jpg\" \/>\n\t<meta property=\"og:image:width\" content=\"2560\" \/>\n\t<meta property=\"og:image:height\" content=\"2560\" \/>\n\t<meta property=\"og:image:type\" content=\"image\/jpeg\" \/>\n<meta name=\"twitter:card\" content=\"summary_large_image\" \/>\n<meta name=\"twitter:label1\" content=\"Est. tempo de leitura\" \/>\n\t<meta name=\"twitter:data1\" content=\"3 minutos\" \/>\n<script type=\"application\/ld+json\" class=\"yoast-schema-graph\">{\"@context\":\"https:\/\/schema.org\",\"@graph\":[{\"@type\":\"WebPage\",\"@id\":\"https:\/\/clubedeviagensmoms.com.br\/homolog\/produto\/hotel-fazenda-vilarejo\/\",\"url\":\"https:\/\/clubedeviagensmoms.com.br\/homolog\/produto\/hotel-fazenda-vilarejo\/\",\"name\":\"Hotel Fazenda Vilarejo - Clube Moms\",\"isPartOf\":{\"@id\":\"https:\/\/clubedeviagensmoms.com.br\/homolog\/#website\"},\"datePublished\":\"2021-10-29T22:55:39+00:00\",\"dateModified\":\"2023-08-30T15:25:45+00:00\",\"description\":\"O Hotel Fazenda Vilarejo \u00e9 ideal para quem deseja fugir do corre-corre. Sintomas de estresse costumam desaparecer rapidinho! Divirta-se com sua fam\u00edlia!\",\"breadcrumb\":{\"@id\":\"https:\/\/clubedeviagensmoms.com.br\/homolog\/produto\/hotel-fazenda-vilarejo\/#breadcrumb\"},\"inLanguage\":\"pt-BR\",\"potentialAction\":[{\"@type\":\"ReadAction\",\"target\":[\"https:\/\/clubedeviagensmoms.com.br\/homolog\/produto\/hotel-fazenda-vilarejo\/\"]}]},{\"@type\":\"BreadcrumbList\",\"@id\":\"https:\/\/clubedeviagensmoms.com.br\/homolog\/produto\/hotel-fazenda-vilarejo\/#breadcrumb\",\"itemListElement\":[{\"@type\":\"ListItem\",\"position\":1,\"name\":\"Home\",\"item\":\"https:\/\/clubedeviagensmoms.com.br\/homolog\/\"},{\"@type\":\"ListItem\",\"position\":2,\"name\":\"Vamos Viajar\",\"item\":\"https:\/\/clubedeviagensmoms.com.br\/homolog\/shop\/\"},{\"@type\":\"ListItem\",\"position\":3,\"name\":\"Hotel Fazenda Vilarejo\"}]},{\"@type\":\"WebSite\",\"@id\":\"https:\/\/clubedeviagensmoms.com.br\/homolog\/#website\",\"url\":\"https:\/\/clubedeviagensmoms.com.br\/homolog\/\",\"name\":\"Clube Moms\",\"description\":\"O Clube Moms \u00e9 uma ag\u00eancia de turismo com foco em fam\u00edlias com crian\u00e7as, que uno os conceitos de Consultoria Especializada e Clube de Vantagens.\",\"potentialAction\":[{\"@type\":\"SearchAction\",\"target\":{\"@type\":\"EntryPoint\",\"urlTemplate\":\"https:\/\/clubedeviagensmoms.com.br\/homolog\/?s={search_term_string}\"},\"query-input\":\"required name=search_term_string\"}],\"inLanguage\":\"pt-BR\"}]}<\/script>\n<!-- \/ Yoast SEO Premium plugin. -->","yoast_head_json":{"title":"Hotel Fazenda Vilarejo - Clube Moms","description":"O Hotel Fazenda Vilarejo \u00e9 ideal para quem deseja fugir do corre-corre. Sintomas de estresse costumam desaparecer rapidinho! Divirta-se com sua fam\u00edlia!","robots":{"index":"index","follow":"follow","max-snippet":"max-snippet:-1","max-image-preview":"max-image-preview:large","max-video-preview":"max-video-preview:-1"},"canonical":"https:\/\/clubedeviagensmoms.com.br\/homolog\/produto\/hotel-fazenda-vilarejo\/","og_locale":"pt_BR","og_type":"article","og_title":"Hotel Fazenda Vilarejo - Clube Moms","og_description":"O Hotel Fazenda Vilarejo \u00e9 ideal para quem deseja fugir do corre-corre. Sintomas de estresse costumam desaparecer rapidinho! Divirta-se com sua fam\u00edlia!","og_url":"https:\/\/clubedeviagensmoms.com.br\/homolog\/produto\/hotel-fazenda-vilarejo\/","og_site_name":"Clube Moms","article_modified_time":"2023-08-30T15:25:45+00:00","og_image":[{"width":2560,"height":2560,"url":"https:\/\/clubedeviagensmoms.com.br\/homolog\/wp-content\/uploads\/2021\/10\/2022-06-VILAREJO-020-scaled.jpg","type":"image\/jpeg"}],"twitter_card":"summary_large_image","twitter_misc":{"Est. tempo de leitura":"3 minutos"},"schema":{"@context":"https:\/\/schema.org","@graph":[{"@type":"WebPage","@id":"https:\/\/clubedeviagensmoms.com.br\/homolog\/produto\/hotel-fazenda-vilarejo\/","url":"https:\/\/clubedeviagensmoms.com.br\/homolog\/produto\/hotel-fazenda-vilarejo\/","name":"Hotel Fazenda Vilarejo - Clube Moms","isPartOf":{"@id":"https:\/\/clubedeviagensmoms.com.br\/homolog\/#website"},"datePublished":"2021-10-29T22:55:39+00:00","dateModified":"2023-08-30T15:25:45+00:00","description":"O Hotel Fazenda Vilarejo \u00e9 ideal para quem deseja fugir do corre-corre. Sintomas de estresse costumam desaparecer rapidinho! Divirta-se com sua fam\u00edlia!","breadcrumb":{"@id":"https:\/\/clubedeviagensmoms.com.br\/homolog\/produto\/hotel-fazenda-vilarejo\/#breadcrumb"},"inLanguage":"pt-BR","potentialAction":[{"@type":"ReadAction","target":["https:\/\/clubedeviagensmoms.com.br\/homolog\/produto\/hotel-fazenda-vilarejo\/"]}]},{"@type":"BreadcrumbList","@id":"https:\/\/clubedeviagensmoms.com.br\/homolog\/produto\/hotel-fazenda-vilarejo\/#breadcrumb","itemListElement":[{"@type":"ListItem","position":1,"name":"Home","item":"https:\/\/clubedeviagensmoms.com.br\/homolog\/"},{"@type":"ListItem","position":2,"name":"Vamos Viajar","item":"https:\/\/clubedeviagensmoms.com.br\/homolog\/shop\/"},{"@type":"ListItem","position":3,"name":"Hotel Fazenda Vilarejo"}]},{"@type":"WebSite","@id":"https:\/\/clubedeviagensmoms.com.br\/homolog\/#website","url":"https:\/\/clubedeviagensmoms.com.br\/homolog\/","name":"Clube Moms","description":"O Clube Moms \u00e9 uma ag\u00eancia de turismo com foco em fam\u00edlias com crian\u00e7as, que uno os conceitos de Consultoria Especializada e Clube de Vantagens.","potentialAction":[{"@type":"SearchAction","target":{"@type":"EntryPoint","urlTemplate":"https:\/\/clubedeviagensmoms.com.br\/homolog\/?s={search_term_string}"},"query-input":"required name=search_term_string"}],"inLanguage":"pt-BR"}]}},"_links":{"self":[{"href":"https:\/\/clubedeviagensmoms.com.br\/homolog\/wp-json\/wp\/v2\/product\/4030","targetHints":{"allow":["GET"]}}],"collection":[{"href":"https:\/\/clubedeviagensmoms.com.br\/homolog\/wp-json\/wp\/v2\/product"}],"about":[{"href":"https:\/\/clubedeviagensmoms.com.br\/homolog\/wp-json\/wp\/v2\/types\/product"}],"replies":[{"embeddable":true,"href":"https:\/\/clubedeviagensmoms.com.br\/homolog\/wp-json\/wp\/v2\/comments?post=4030"}],"wp:featuredmedia":[{"embeddable":true,"href":"https:\/\/clubedeviagensmoms.com.br\/homolog\/wp-json\/wp\/v2\/media\/4804"}],"wp:attachment":[{"href":"https:\/\/clubedeviagensmoms.com.br\/homolog\/wp-json\/wp\/v2\/media?parent=4030"}],"wp:term":[{"taxonomy":"product_cat","embeddable":true,"href":"https:\/\/clubedeviagensmoms.com.br\/homolog\/wp-json\/wp\/v2\/product_cat?post=4030"},{"taxonomy":"product_tag","embeddable":true,"href":"https:\/\/clubedeviagensmoms.com.br\/homolog\/wp-json\/wp\/v2\/product_tag?post=4030"}],"curies":[{"name":"wp","href":"https:\/\/api.w.org\/{rel}","templated":true}]}}