{"id":4031,"date":"2021-10-29T19:55:39","date_gmt":"2021-10-29T22:55:39","guid":{"rendered":"http:\/\/clubedeviagensmoms.com.br\/homolog\/taober_wp\/?post_type=product&#038;p=4031"},"modified":"2023-08-30T12:25:38","modified_gmt":"2023-08-30T15:25:38","slug":"hotel-fazenda-vale-encantado","status":"publish","type":"product","link":"https:\/\/clubedeviagensmoms.com.br\/homolog\/produto\/hotel-fazenda-vale-encantado\/","title":{"rendered":"Hotel Fazenda Vale Encantado"},"content":{"rendered":"<h4>Hotel Fazenda em Saquarema na Regi\u00e3o dos Lagos, a apenas 1 hora do Rio de Janeiro e pr\u00f3ximo ao mar da cidade.<\/h4>\n<p>Constru\u00eddo dentro de uma fazenda de 480 mil metros quadrados de muito verde e beleza natural, o Hotel Fazenda Vale Encantado \u00e9 o lugar ideal para a sua fam\u00edlia. A \u00e1rea de lazer \u00e9 garantia de divers\u00e3o para a fam\u00edlia toda. Al\u00e9m disso, h\u00e1 muitas atividades variadas com o acompanhamento da equipe de recrea\u00e7\u00e3o. Ent\u00e3o, venha passar momentos agrad\u00e1veis aqui e saborear a deliciosa gastronomia de fazenda!<\/p>\n<p>O Vale Encantado \u00e9 um Hotel Fazenda no estado do Rio de Janeiro para quem busca divers\u00e3o com a fam\u00edlia e com os amigos, bem como op\u00e7\u00f5es de lazer para crian\u00e7as, sair da rotina de trabalho e claro, muito contato com a natureza. Localizado na cidade de Saquarema, Regi\u00e3o dos Lagos, o Hotel Fazenda Vale Encantado \u00e9 o lugar ideal para o seu conforto e para o lazer de sua fam\u00edlia.<\/p>\n<p>Contamos com mais de 480 mil metros quadrados, sendo grande parte de muito verde e belezas naturais surpreendentes. Ainda, possui diversas op\u00e7\u00f5es de lazer com atividades variadas sob o acompanhamento de uma equipe de recrea\u00e7\u00e3o.<\/p>\n<p>As acomoda\u00e7\u00f5es disp\u00f5em de: apartamentos com ar refrigerado, frigobar e TV. Al\u00e9m disso, a a infraestrutura contempla campos esportivos, SPA, restaurante, cozinha do beb\u00ea, boutique, sala de cinema, \u00e1reas de lazer e descanso e internet Wi-Fi. Tudo isso apenas a 1 hora da cidade do Rio de Janeiro e pr\u00f3ximo ao mar de Saquarema.<\/p>\n<p>Venha conhecer e desfrutar do Hotel Fazenda Vale Encantado! Voc\u00ea n\u00e3o vai se arrepender!<\/p>\n<p>Se voc\u00ea ainda n\u00e3o conhece nossas redes sociais, vem dar uma conferida no nosso<span>\u00a0<\/span><a href=\"https:\/\/www.instagram.com\/clubedeviagensmoms\/\">Instagram<\/a><span>\u00a0<\/span>e tamb\u00e9m na nossa<span>\u00a0<\/span><a href=\"https:\/\/www.facebook.com\/ClubeDeViagensMoms\/?hc_ref=ARREVFAUN6kemqQPikWPR6yOVqfolWuZ4Gm2u6EX4fJ2-jyHER8eDB5si8DvGkabbOE&amp;fref=nf&amp;__xts__[0]=68.ARAXJqd_Jm68dG9qh_a7A_hAS8hHGdRg1Cq8Je9my1EPnGBRo26TI37xs6IY6NhynKSzyIDhPcBRqvr6Nzuwi7g2W4UPO84T0-vU7mWKXia_C51FzzqVsE3HthHbuQetTo9gapY&amp;__tn__=kC-R\">p\u00e1gina do Facebook<\/a>! Ainda, temos um<span>\u00a0<\/span><a href=\"https:\/\/www.facebook.com\/groups\/clubedeviagensmoms\/\">grupo do Facebook<\/a>, ent\u00e3o, venha fazer parte!<\/p>\n<p>&nbsp;<\/p>\n<p>Se voc\u00ea ainda n\u00e3o conhece nossas redes sociais, vem dar uma conferida no nosso<span>\u00a0<\/span><a href=\"https:\/\/www.instagram.com\/clubedeviagensmoms\/\">Instagram<\/a><span>\u00a0<\/span>e tamb\u00e9m na nossa<span>\u00a0<\/span><a href=\"https:\/\/www.facebook.com\/ClubeDeViagensMoms\/?hc_ref=ARREVFAUN6kemqQPikWPR6yOVqfolWuZ4Gm2u6EX4fJ2-jyHER8eDB5si8DvGkabbOE&amp;fref=nf&amp;__xts__[0]=68.ARAXJqd_Jm68dG9qh_a7A_hAS8hHGdRg1Cq8Je9my1EPnGBRo26TI37xs6IY6NhynKSzyIDhPcBRqvr6Nzuwi7g2W4UPO84T0-vU7mWKXia_C51FzzqVsE3HthHbuQetTo9gapY&amp;__tn__=kC-R\">p\u00e1gina do Facebook<\/a>! Ainda, temos um<span>\u00a0<\/span><a href=\"https:\/\/www.facebook.com\/groups\/clubedeviagensmoms\/\">grupo do Facebook<\/a>, ent\u00e3o, venha fazer parte!<\/p>\n<p>E se voc\u00ea quiser conferir nossos outros hot\u00e9is parceiros, clique<span>\u00a0<\/span><a href=\"http:\/\/clubedeviagensmoms.com.br\/homolog\/vamos-viajar\/hoteis\/\" target=\"_blank\" rel=\"noopener noreferrer\">aqui<\/a>!<\/p>\n","protected":false},"excerpt":{"rendered":"<p>O Hotel Fazenda Vale Encantado \u00e9 para quem busca divers\u00e3o com a fam\u00edlia e amigos, lazer para crian\u00e7as, sair da rotina e muito contato com a natureza.<\/p>\n","protected":false},"featured_media":1619,"comment_status":"closed","ping_status":"closed","template":"","meta":[],"product_cat":[21],"product_tag":[27,28,29,30,31,32,33,199,158,264,37,151,38,39,40],"class_list":["post-4031","product","type-product","status-publish","has-post-thumbnail","hentry","product_cat-hoteis","product_tag-clube-de-viagens-moms","product_tag-clube-moms","product_tag-criancas","product_tag-diversao","product_tag-diversao-em-familia","product_tag-ferias","product_tag-ferias-em-familia","product_tag-hotel","product_tag-hotel-fazenda","product_tag-hotel-fazenda-vale-encantado","product_tag-rio-de-janeiro","product_tag-saquarema","product_tag-viagem","product_tag-viagem-com-criancas","product_tag-viagem-em-familia","pa_destino-brasil","pa_destino-rio-de-janeiro","pa_destino-saquarema","pa_estrutura-lazer-academia","pa_estrutura-lazer-acessibilidade","pa_estrutura-lazer-arco-e-flecha","pa_estrutura-lazer-bar","pa_estrutura-lazer-biblioteca","pa_estrutura-lazer-brinquedoteca","pa_estrutura-lazer-campo-de-futebol","pa_estrutura-lazer-cinema","pa_estrutura-lazer-copa-baby","pa_estrutura-lazer-estacionamento","pa_estrutura-lazer-fazendinha","pa_estrutura-lazer-hidromassagem","pa_estrutura-lazer-lago","pa_estrutura-lazer-mini-golf","pa_estrutura-lazer-piscina","pa_estrutura-lazer-piscina-aquecida","pa_estrutura-lazer-playground","pa_estrutura-lazer-quadra-poliesportiva","pa_estrutura-lazer-recreacao","pa_estrutura-lazer-restaurante","pa_estrutura-lazer-sala-de-reuniao","pa_estrutura-lazer-sala-de-tv","pa_estrutura-lazer-salao-de-jogos","pa_estrutura-lazer-sauna","pa_estrutura-lazer-spa","pa_regime-de-alimentacao-pensao-completa","pa_servicos-opcionais-cavalo","pa_servicos-opcionais-centro-de-convencoes","pa_servicos-opcionais-charrete","pa_servicos-opcionais-ofuro","pa_servicos-opcionais-servico-de-manicure","pa_servicos-opcionais-servico-de-massagem","pa_tipos-de-destinos-hotel-fazenda"],"acf":[],"yoast_head":"<!-- This site is optimized with the Yoast SEO Premium plugin v16.0.2 (Yoast SEO v21.2) - https:\/\/yoast.com\/wordpress\/plugins\/seo\/ -->\n<title>Hotel Fazenda Vale Encantado - Clube Moms<\/title>\n<meta name=\"description\" content=\"O Hotel Fazenda Vale Encantado \u00e9 para quem busca divers\u00e3o com a fam\u00edlia e amigos, lazer para crian\u00e7as, sair da rotina e muito contato com a natureza.\" \/>\n<meta name=\"robots\" content=\"index, follow, max-snippet:-1, max-image-preview:large, max-video-preview:-1\" \/>\n<link rel=\"canonical\" href=\"https:\/\/clubedeviagensmoms.com.br\/homolog\/produto\/hotel-fazenda-vale-encantado\/\" \/>\n<meta property=\"og:locale\" content=\"pt_BR\" \/>\n<meta property=\"og:type\" content=\"article\" \/>\n<meta property=\"og:title\" content=\"Hotel Fazenda Vale Encantado\" \/>\n<meta property=\"og:description\" content=\"O Hotel Fazenda Vale Encantado \u00e9 para quem busca divers\u00e3o com a fam\u00edlia e amigos, lazer para crian\u00e7as, sair da rotina e muito contato com a natureza.\" \/>\n<meta property=\"og:url\" content=\"https:\/\/clubedeviagensmoms.com.br\/homolog\/produto\/hotel-fazenda-vale-encantado\/\" \/>\n<meta property=\"og:site_name\" content=\"Clube Moms\" \/>\n<meta property=\"article:modified_time\" content=\"2023-08-30T15:25:38+00:00\" \/>\n<meta name=\"twitter:card\" content=\"summary_large_image\" \/>\n<meta name=\"twitter:title\" content=\"Hotel Fazenda Vale Encantado\" \/>\n<meta name=\"twitter:description\" content=\"O Hotel Fazenda Vale Encantado \u00e9 para quem busca divers\u00e3o com a fam\u00edlia e amigos, lazer para crian\u00e7as, sair da rotina e muito contato com a natureza.\" \/>\n<meta name=\"twitter:image\" content=\"https:\/\/clubedeviagensmoms.com.br\/homolog\/wp-content\/uploads\/2021\/10\/Area-da-Piscina-Hotel-Fazenda-Vale-Encantado.jpg\" \/>\n<meta name=\"twitter:label1\" content=\"Est. tempo de leitura\" \/>\n\t<meta name=\"twitter:data1\" content=\"2 minutos\" \/>\n<script type=\"application\/ld+json\" class=\"yoast-schema-graph\">{\"@context\":\"https:\/\/schema.org\",\"@graph\":[{\"@type\":\"WebPage\",\"@id\":\"https:\/\/clubedeviagensmoms.com.br\/homolog\/produto\/hotel-fazenda-vale-encantado\/\",\"url\":\"https:\/\/clubedeviagensmoms.com.br\/homolog\/produto\/hotel-fazenda-vale-encantado\/\",\"name\":\"Hotel Fazenda Vale Encantado - Clube Moms\",\"isPartOf\":{\"@id\":\"https:\/\/clubedeviagensmoms.com.br\/homolog\/#website\"},\"datePublished\":\"2021-10-29T22:55:39+00:00\",\"dateModified\":\"2023-08-30T15:25:38+00:00\",\"description\":\"O Hotel Fazenda Vale Encantado \u00e9 para quem busca divers\u00e3o com a fam\u00edlia e amigos, lazer para crian\u00e7as, sair da rotina e muito contato com a natureza.\",\"breadcrumb\":{\"@id\":\"https:\/\/clubedeviagensmoms.com.br\/homolog\/produto\/hotel-fazenda-vale-encantado\/#breadcrumb\"},\"inLanguage\":\"pt-BR\",\"potentialAction\":[{\"@type\":\"ReadAction\",\"target\":[\"https:\/\/clubedeviagensmoms.com.br\/homolog\/produto\/hotel-fazenda-vale-encantado\/\"]}]},{\"@type\":\"BreadcrumbList\",\"@id\":\"https:\/\/clubedeviagensmoms.com.br\/homolog\/produto\/hotel-fazenda-vale-encantado\/#breadcrumb\",\"itemListElement\":[{\"@type\":\"ListItem\",\"position\":1,\"name\":\"Home\",\"item\":\"https:\/\/clubedeviagensmoms.com.br\/homolog\/\"},{\"@type\":\"ListItem\",\"position\":2,\"name\":\"Vamos Viajar\",\"item\":\"https:\/\/clubedeviagensmoms.com.br\/homolog\/shop\/\"},{\"@type\":\"ListItem\",\"position\":3,\"name\":\"Hotel Fazenda Vale Encantado\"}]},{\"@type\":\"WebSite\",\"@id\":\"https:\/\/clubedeviagensmoms.com.br\/homolog\/#website\",\"url\":\"https:\/\/clubedeviagensmoms.com.br\/homolog\/\",\"name\":\"Clube Moms\",\"description\":\"O Clube Moms \u00e9 uma ag\u00eancia de turismo com foco em fam\u00edlias com crian\u00e7as, que uno os conceitos de Consultoria Especializada e Clube de Vantagens.\",\"potentialAction\":[{\"@type\":\"SearchAction\",\"target\":{\"@type\":\"EntryPoint\",\"urlTemplate\":\"https:\/\/clubedeviagensmoms.com.br\/homolog\/?s={search_term_string}\"},\"query-input\":\"required name=search_term_string\"}],\"inLanguage\":\"pt-BR\"}]}<\/script>\n<!-- \/ Yoast SEO Premium plugin. -->","yoast_head_json":{"title":"Hotel Fazenda Vale Encantado - Clube Moms","description":"O Hotel Fazenda Vale Encantado \u00e9 para quem busca divers\u00e3o com a fam\u00edlia e amigos, lazer para crian\u00e7as, sair da rotina e muito contato com a natureza.","robots":{"index":"index","follow":"follow","max-snippet":"max-snippet:-1","max-image-preview":"max-image-preview:large","max-video-preview":"max-video-preview:-1"},"canonical":"https:\/\/clubedeviagensmoms.com.br\/homolog\/produto\/hotel-fazenda-vale-encantado\/","og_locale":"pt_BR","og_type":"article","og_title":"Hotel Fazenda Vale Encantado","og_description":"O Hotel Fazenda Vale Encantado \u00e9 para quem busca divers\u00e3o com a fam\u00edlia e amigos, lazer para crian\u00e7as, sair da rotina e muito contato com a natureza.","og_url":"https:\/\/clubedeviagensmoms.com.br\/homolog\/produto\/hotel-fazenda-vale-encantado\/","og_site_name":"Clube Moms","article_modified_time":"2023-08-30T15:25:38+00:00","twitter_card":"summary_large_image","twitter_title":"Hotel Fazenda Vale Encantado","twitter_description":"O Hotel Fazenda Vale Encantado \u00e9 para quem busca divers\u00e3o com a fam\u00edlia e amigos, lazer para crian\u00e7as, sair da rotina e muito contato com a natureza.","twitter_image":"https:\/\/clubedeviagensmoms.com.br\/homolog\/wp-content\/uploads\/2021\/10\/Area-da-Piscina-Hotel-Fazenda-Vale-Encantado.jpg","twitter_misc":{"Est. tempo de leitura":"2 minutos"},"schema":{"@context":"https:\/\/schema.org","@graph":[{"@type":"WebPage","@id":"https:\/\/clubedeviagensmoms.com.br\/homolog\/produto\/hotel-fazenda-vale-encantado\/","url":"https:\/\/clubedeviagensmoms.com.br\/homolog\/produto\/hotel-fazenda-vale-encantado\/","name":"Hotel Fazenda Vale Encantado - Clube Moms","isPartOf":{"@id":"https:\/\/clubedeviagensmoms.com.br\/homolog\/#website"},"datePublished":"2021-10-29T22:55:39+00:00","dateModified":"2023-08-30T15:25:38+00:00","description":"O Hotel Fazenda Vale Encantado \u00e9 para quem busca divers\u00e3o com a fam\u00edlia e amigos, lazer para crian\u00e7as, sair da rotina e muito contato com a natureza.","breadcrumb":{"@id":"https:\/\/clubedeviagensmoms.com.br\/homolog\/produto\/hotel-fazenda-vale-encantado\/#breadcrumb"},"inLanguage":"pt-BR","potentialAction":[{"@type":"ReadAction","target":["https:\/\/clubedeviagensmoms.com.br\/homolog\/produto\/hotel-fazenda-vale-encantado\/"]}]},{"@type":"BreadcrumbList","@id":"https:\/\/clubedeviagensmoms.com.br\/homolog\/produto\/hotel-fazenda-vale-encantado\/#breadcrumb","itemListElement":[{"@type":"ListItem","position":1,"name":"Home","item":"https:\/\/clubedeviagensmoms.com.br\/homolog\/"},{"@type":"ListItem","position":2,"name":"Vamos Viajar","item":"https:\/\/clubedeviagensmoms.com.br\/homolog\/shop\/"},{"@type":"ListItem","position":3,"name":"Hotel Fazenda Vale Encantado"}]},{"@type":"WebSite","@id":"https:\/\/clubedeviagensmoms.com.br\/homolog\/#website","url":"https:\/\/clubedeviagensmoms.com.br\/homolog\/","name":"Clube Moms","description":"O Clube Moms \u00e9 uma ag\u00eancia de turismo com foco em fam\u00edlias com crian\u00e7as, que uno os conceitos de Consultoria Especializada e Clube de Vantagens.","potentialAction":[{"@type":"SearchAction","target":{"@type":"EntryPoint","urlTemplate":"https:\/\/clubedeviagensmoms.com.br\/homolog\/?s={search_term_string}"},"query-input":"required name=search_term_string"}],"inLanguage":"pt-BR"}]}},"_links":{"self":[{"href":"https:\/\/clubedeviagensmoms.com.br\/homolog\/wp-json\/wp\/v2\/product\/4031","targetHints":{"allow":["GET"]}}],"collection":[{"href":"https:\/\/clubedeviagensmoms.com.br\/homolog\/wp-json\/wp\/v2\/product"}],"about":[{"href":"https:\/\/clubedeviagensmoms.com.br\/homolog\/wp-json\/wp\/v2\/types\/product"}],"replies":[{"embeddable":true,"href":"https:\/\/clubedeviagensmoms.com.br\/homolog\/wp-json\/wp\/v2\/comments?post=4031"}],"wp:featuredmedia":[{"embeddable":true,"href":"https:\/\/clubedeviagensmoms.com.br\/homolog\/wp-json\/wp\/v2\/media\/1619"}],"wp:attachment":[{"href":"https:\/\/clubedeviagensmoms.com.br\/homolog\/wp-json\/wp\/v2\/media?parent=4031"}],"wp:term":[{"taxonomy":"product_cat","embeddable":true,"href":"https:\/\/clubedeviagensmoms.com.br\/homolog\/wp-json\/wp\/v2\/product_cat?post=4031"},{"taxonomy":"product_tag","embeddable":true,"href":"https:\/\/clubedeviagensmoms.com.br\/homolog\/wp-json\/wp\/v2\/product_tag?post=4031"}],"curies":[{"name":"wp","href":"https:\/\/api.w.org\/{rel}","templated":true}]}}