{"id":4032,"date":"2021-10-29T19:55:39","date_gmt":"2021-10-29T22:55:39","guid":{"rendered":"http:\/\/clubedeviagensmoms.com.br\/homolog\/taober_wp\/?post_type=product&#038;p=4032"},"modified":"2023-08-30T12:25:38","modified_gmt":"2023-08-30T15:25:38","slug":"hotel-fazenda-vale-de-santa-fe","status":"publish","type":"product","link":"https:\/\/clubedeviagensmoms.com.br\/homolog\/produto\/hotel-fazenda-vale-de-santa-fe\/","title":{"rendered":"Hotel Fazenda Vale de Santa F\u00e9"},"content":{"rendered":"<h4>O Hotel Fazenda Vale de Santa F\u00e9 se preocupa com os detalhes para voc\u00ea ter paz total em sua estada.<\/h4>\n<p>&nbsp;<\/p>\n<p>Fa\u00e7a um exerc\u00edcio de imagina\u00e7\u00e3o sobre o Hotel Fazenda Vale de Santa F\u00e9. Feche os olhos e imagine um lugar com piscina de 120 m\u00b2 no centro de um gramado com mais de 5.000 m\u00b2. Num Vale cercado de<span>\u00a0<\/span>Mata Atl\u00e2ntica<span>\u00a0<\/span>com um sem fim de \u00e1rvores frut\u00edferas e p\u00e1ssaros; lago para remar em um bote s\u00f3 ou com quem voc\u00ea mais gostar; cavalgar em um campolina em montes verdes, sobretudo observando imensos pastos com animais em total harmonia com a natureza;<\/p>\n<p>Poder ir ao curral do hotel fazenda tirar leite de uma vaca holandesa; caminhar numa trilha e poder respirar certamente o verdadeiro ar puro de uma mata preservada; uma su\u00edte r\u00fastica, finamente decorada e com uma vista privativa para a mata. Agora, abra os olhos! Este cantinho est\u00e1 a 100 km do Rio e voc\u00ea n\u00e3o passa um metro por estrada de ch\u00e3o at\u00e9 a porteira do nosso Hotel Fazenda.<\/p>\n<p>O Hotel Fazenda Vale de Santa F\u00e9 \u00e9 uma t\u00edpica fazenda, dessa forma localizada em um vale com v\u00e1rias \u00e1rvores frut\u00edferas, p\u00e1ssaros, lago e fazendinha. Possui uma estrutura simples, mas bem aconchegante, com decora\u00e7\u00e3o r\u00fastica e v\u00e1rias op\u00e7\u00f5es de lazer que proporcionam as fam\u00edlias uma contato grandioso da natureza. A recrea\u00e7\u00e3o da Fazenda Vale de Santa F\u00e9 funciona ao ar livre e tem atividades que envolvem pais e filhos, bem como trilhas ecol\u00f3gicas, pescaria, circuito de aventura no lago e passeios a cavalo.<\/p>\n<p>Recrea\u00e7\u00e3o para crian\u00e7as acima de 5 anos: das 09h \u00e0s 22h fazendo v\u00e1rias atividades. Entre elas: caminhada noturna (traga sua lanterna), aulinha rural com os bichinhos da Fazenda (javali, avestruz, galinha, coelho, peru, entre outros) e por fim ordenha na vaquinha mimosa da Fazenda Vale de Santa F\u00e9.<\/p>\n<p>&nbsp;<\/p>\n<p>Venha conhecer e desfrutar do Vale de Santa F\u00e9! Voc\u00ea n\u00e3o vai se arrepender!<\/p>\n<p>Se voc\u00ea ainda n\u00e3o conhece nossas redes sociais, vem dar uma conferida no nosso<span>\u00a0<\/span><a href=\"https:\/\/www.instagram.com\/clubedeviagensmoms\/\">Instagram<\/a><span>\u00a0<\/span>e tamb\u00e9m na nossa<span>\u00a0<\/span><a href=\"https:\/\/www.facebook.com\/ClubeDeViagensMoms\/?hc_ref=ARREVFAUN6kemqQPikWPR6yOVqfolWuZ4Gm2u6EX4fJ2-jyHER8eDB5si8DvGkabbOE&amp;fref=nf&amp;__xts__[0]=68.ARAXJqd_Jm68dG9qh_a7A_hAS8hHGdRg1Cq8Je9my1EPnGBRo26TI37xs6IY6NhynKSzyIDhPcBRqvr6Nzuwi7g2W4UPO84T0-vU7mWKXia_C51FzzqVsE3HthHbuQetTo9gapY&amp;__tn__=kC-R\">p\u00e1gina do Facebook<\/a>! Ainda, temos um<span>\u00a0<\/span><a href=\"https:\/\/www.facebook.com\/groups\/clubedeviagensmoms\/\">grupo do Facebook<\/a>, ent\u00e3o, venha fazer parte!<\/p>\n<p>E se voc\u00ea quiser conferir nossos outros hot\u00e9is parceiros, clique<span>\u00a0<\/span><a href=\"http:\/\/clubedeviagensmoms.com.br\/homolog\/vamos-viajar\/hoteis\/\" target=\"_blank\" rel=\"noopener noreferrer\">aqui<\/a>!<\/p>\n","protected":false},"excerpt":{"rendered":"<p>O Hotel Fazenda Vale de Santa F\u00e9 est\u00e1 em um vale cercado de Mata Atl\u00e2ntica com v\u00e1rias \u00e1rvores, p\u00e1ssaros, lago, fazendinha e um gramado com mais de 5.000m\u00b2.<\/p>\n","protected":false},"featured_media":1620,"comment_status":"closed","ping_status":"closed","template":"","meta":[],"product_cat":[21],"product_tag":[27,28,29,30,31,43,49,32,33,149,35,37,185,265,38,39,40],"class_list":["post-4032","product","type-product","status-publish","has-post-thumbnail","hentry","product_cat-hoteis","product_tag-clube-de-viagens-moms","product_tag-clube-moms","product_tag-criancas","product_tag-diversao","product_tag-diversao-em-familia","product_tag-fazenda","product_tag-fazendinha","product_tag-ferias","product_tag-ferias-em-familia","product_tag-pirai","product_tag-recreacao","product_tag-rio-de-janeiro","product_tag-serra","product_tag-vale-de-santa-fe","product_tag-viagem","product_tag-viagem-com-criancas","product_tag-viagem-em-familia","pa_destino-brasil","pa_destino-pirai","pa_destino-rio-de-janeiro","pa_estrutura-lazer-campo-de-futebol","pa_estrutura-lazer-cavalos","pa_estrutura-lazer-esportes-radicais","pa_estrutura-lazer-fazendinha","pa_estrutura-lazer-kids-club","pa_estrutura-lazer-piscina","pa_estrutura-lazer-recreacao","pa_estrutura-lazer-salao-de-jogos","pa_estrutura-lazer-sauna","pa_regime-de-alimentacao-pensao-completa","pa_servicos-opcionais-cavalo","pa_servicos-opcionais-massagem","pa_servicos-opcionais-rapel","pa_servicos-opcionais-tirolesa","pa_tipos-de-destinos-hotel-fazenda"],"acf":[],"yoast_head":"<!-- This site is optimized with the Yoast SEO Premium plugin v16.0.2 (Yoast SEO v21.2) - https:\/\/yoast.com\/wordpress\/plugins\/seo\/ -->\n<title>Hotel Fazenda Vale de Santa F\u00e9 - Clube Moms<\/title>\n<meta name=\"description\" content=\"O Hotel Fazenda Vale de Santa F\u00e9 est\u00e1 em um vale cercado de Mata Atl\u00e2ntica com v\u00e1rias \u00e1rvores, p\u00e1ssaros, lago, fazendinha e um gramado com mais de 5.000m\u00b2.\" \/>\n<meta name=\"robots\" content=\"index, follow, max-snippet:-1, max-image-preview:large, max-video-preview:-1\" \/>\n<link rel=\"canonical\" href=\"https:\/\/clubedeviagensmoms.com.br\/homolog\/produto\/hotel-fazenda-vale-de-santa-fe\/\" \/>\n<meta property=\"og:locale\" content=\"pt_BR\" \/>\n<meta property=\"og:type\" content=\"article\" \/>\n<meta property=\"og:title\" content=\"Hotel Fazenda Vale de Santa F\u00e9 - Clube Moms\" \/>\n<meta property=\"og:description\" content=\"O Hotel Fazenda Vale de Santa F\u00e9 est\u00e1 em um vale cercado de Mata Atl\u00e2ntica com v\u00e1rias \u00e1rvores, p\u00e1ssaros, lago, fazendinha e um gramado com mais de 5.000m\u00b2.\" \/>\n<meta property=\"og:url\" content=\"https:\/\/clubedeviagensmoms.com.br\/homolog\/produto\/hotel-fazenda-vale-de-santa-fe\/\" \/>\n<meta property=\"og:site_name\" content=\"Clube Moms\" \/>\n<meta property=\"article:modified_time\" content=\"2023-08-30T15:25:38+00:00\" \/>\n<meta property=\"og:image\" content=\"https:\/\/clubedeviagensmoms.com.br\/homolog\/wp-content\/uploads\/2021\/10\/vale-de-santa-fe-visao-geral.jpg\" \/>\n\t<meta property=\"og:image:width\" content=\"1200\" \/>\n\t<meta property=\"og:image:height\" content=\"628\" \/>\n\t<meta property=\"og:image:type\" content=\"image\/jpeg\" \/>\n<meta name=\"twitter:card\" content=\"summary_large_image\" \/>\n<meta name=\"twitter:label1\" content=\"Est. tempo de leitura\" \/>\n\t<meta name=\"twitter:data1\" content=\"2 minutos\" \/>\n<script type=\"application\/ld+json\" class=\"yoast-schema-graph\">{\"@context\":\"https:\/\/schema.org\",\"@graph\":[{\"@type\":\"WebPage\",\"@id\":\"https:\/\/clubedeviagensmoms.com.br\/homolog\/produto\/hotel-fazenda-vale-de-santa-fe\/\",\"url\":\"https:\/\/clubedeviagensmoms.com.br\/homolog\/produto\/hotel-fazenda-vale-de-santa-fe\/\",\"name\":\"Hotel Fazenda Vale de Santa F\u00e9 - Clube Moms\",\"isPartOf\":{\"@id\":\"https:\/\/clubedeviagensmoms.com.br\/homolog\/#website\"},\"datePublished\":\"2021-10-29T22:55:39+00:00\",\"dateModified\":\"2023-08-30T15:25:38+00:00\",\"description\":\"O Hotel Fazenda Vale de Santa F\u00e9 est\u00e1 em um vale cercado de Mata Atl\u00e2ntica com v\u00e1rias \u00e1rvores, p\u00e1ssaros, lago, fazendinha e um gramado com mais de 5.000m\u00b2.\",\"breadcrumb\":{\"@id\":\"https:\/\/clubedeviagensmoms.com.br\/homolog\/produto\/hotel-fazenda-vale-de-santa-fe\/#breadcrumb\"},\"inLanguage\":\"pt-BR\",\"potentialAction\":[{\"@type\":\"ReadAction\",\"target\":[\"https:\/\/clubedeviagensmoms.com.br\/homolog\/produto\/hotel-fazenda-vale-de-santa-fe\/\"]}]},{\"@type\":\"BreadcrumbList\",\"@id\":\"https:\/\/clubedeviagensmoms.com.br\/homolog\/produto\/hotel-fazenda-vale-de-santa-fe\/#breadcrumb\",\"itemListElement\":[{\"@type\":\"ListItem\",\"position\":1,\"name\":\"Home\",\"item\":\"https:\/\/clubedeviagensmoms.com.br\/homolog\/\"},{\"@type\":\"ListItem\",\"position\":2,\"name\":\"Vamos Viajar\",\"item\":\"https:\/\/clubedeviagensmoms.com.br\/homolog\/shop\/\"},{\"@type\":\"ListItem\",\"position\":3,\"name\":\"Hotel Fazenda Vale de Santa F\u00e9\"}]},{\"@type\":\"WebSite\",\"@id\":\"https:\/\/clubedeviagensmoms.com.br\/homolog\/#website\",\"url\":\"https:\/\/clubedeviagensmoms.com.br\/homolog\/\",\"name\":\"Clube Moms\",\"description\":\"O Clube Moms \u00e9 uma ag\u00eancia de turismo com foco em fam\u00edlias com crian\u00e7as, que uno os conceitos de Consultoria Especializada e Clube de Vantagens.\",\"potentialAction\":[{\"@type\":\"SearchAction\",\"target\":{\"@type\":\"EntryPoint\",\"urlTemplate\":\"https:\/\/clubedeviagensmoms.com.br\/homolog\/?s={search_term_string}\"},\"query-input\":\"required name=search_term_string\"}],\"inLanguage\":\"pt-BR\"}]}<\/script>\n<!-- \/ Yoast SEO Premium plugin. -->","yoast_head_json":{"title":"Hotel Fazenda Vale de Santa F\u00e9 - Clube Moms","description":"O Hotel Fazenda Vale de Santa F\u00e9 est\u00e1 em um vale cercado de Mata Atl\u00e2ntica com v\u00e1rias \u00e1rvores, p\u00e1ssaros, lago, fazendinha e um gramado com mais de 5.000m\u00b2.","robots":{"index":"index","follow":"follow","max-snippet":"max-snippet:-1","max-image-preview":"max-image-preview:large","max-video-preview":"max-video-preview:-1"},"canonical":"https:\/\/clubedeviagensmoms.com.br\/homolog\/produto\/hotel-fazenda-vale-de-santa-fe\/","og_locale":"pt_BR","og_type":"article","og_title":"Hotel Fazenda Vale de Santa F\u00e9 - Clube Moms","og_description":"O Hotel Fazenda Vale de Santa F\u00e9 est\u00e1 em um vale cercado de Mata Atl\u00e2ntica com v\u00e1rias \u00e1rvores, p\u00e1ssaros, lago, fazendinha e um gramado com mais de 5.000m\u00b2.","og_url":"https:\/\/clubedeviagensmoms.com.br\/homolog\/produto\/hotel-fazenda-vale-de-santa-fe\/","og_site_name":"Clube Moms","article_modified_time":"2023-08-30T15:25:38+00:00","og_image":[{"width":1200,"height":628,"url":"https:\/\/clubedeviagensmoms.com.br\/homolog\/wp-content\/uploads\/2021\/10\/vale-de-santa-fe-visao-geral.jpg","type":"image\/jpeg"}],"twitter_card":"summary_large_image","twitter_misc":{"Est. tempo de leitura":"2 minutos"},"schema":{"@context":"https:\/\/schema.org","@graph":[{"@type":"WebPage","@id":"https:\/\/clubedeviagensmoms.com.br\/homolog\/produto\/hotel-fazenda-vale-de-santa-fe\/","url":"https:\/\/clubedeviagensmoms.com.br\/homolog\/produto\/hotel-fazenda-vale-de-santa-fe\/","name":"Hotel Fazenda Vale de Santa F\u00e9 - Clube Moms","isPartOf":{"@id":"https:\/\/clubedeviagensmoms.com.br\/homolog\/#website"},"datePublished":"2021-10-29T22:55:39+00:00","dateModified":"2023-08-30T15:25:38+00:00","description":"O Hotel Fazenda Vale de Santa F\u00e9 est\u00e1 em um vale cercado de Mata Atl\u00e2ntica com v\u00e1rias \u00e1rvores, p\u00e1ssaros, lago, fazendinha e um gramado com mais de 5.000m\u00b2.","breadcrumb":{"@id":"https:\/\/clubedeviagensmoms.com.br\/homolog\/produto\/hotel-fazenda-vale-de-santa-fe\/#breadcrumb"},"inLanguage":"pt-BR","potentialAction":[{"@type":"ReadAction","target":["https:\/\/clubedeviagensmoms.com.br\/homolog\/produto\/hotel-fazenda-vale-de-santa-fe\/"]}]},{"@type":"BreadcrumbList","@id":"https:\/\/clubedeviagensmoms.com.br\/homolog\/produto\/hotel-fazenda-vale-de-santa-fe\/#breadcrumb","itemListElement":[{"@type":"ListItem","position":1,"name":"Home","item":"https:\/\/clubedeviagensmoms.com.br\/homolog\/"},{"@type":"ListItem","position":2,"name":"Vamos Viajar","item":"https:\/\/clubedeviagensmoms.com.br\/homolog\/shop\/"},{"@type":"ListItem","position":3,"name":"Hotel Fazenda Vale de Santa F\u00e9"}]},{"@type":"WebSite","@id":"https:\/\/clubedeviagensmoms.com.br\/homolog\/#website","url":"https:\/\/clubedeviagensmoms.com.br\/homolog\/","name":"Clube Moms","description":"O Clube Moms \u00e9 uma ag\u00eancia de turismo com foco em fam\u00edlias com crian\u00e7as, que uno os conceitos de Consultoria Especializada e Clube de Vantagens.","potentialAction":[{"@type":"SearchAction","target":{"@type":"EntryPoint","urlTemplate":"https:\/\/clubedeviagensmoms.com.br\/homolog\/?s={search_term_string}"},"query-input":"required name=search_term_string"}],"inLanguage":"pt-BR"}]}},"_links":{"self":[{"href":"https:\/\/clubedeviagensmoms.com.br\/homolog\/wp-json\/wp\/v2\/product\/4032","targetHints":{"allow":["GET"]}}],"collection":[{"href":"https:\/\/clubedeviagensmoms.com.br\/homolog\/wp-json\/wp\/v2\/product"}],"about":[{"href":"https:\/\/clubedeviagensmoms.com.br\/homolog\/wp-json\/wp\/v2\/types\/product"}],"replies":[{"embeddable":true,"href":"https:\/\/clubedeviagensmoms.com.br\/homolog\/wp-json\/wp\/v2\/comments?post=4032"}],"wp:featuredmedia":[{"embeddable":true,"href":"https:\/\/clubedeviagensmoms.com.br\/homolog\/wp-json\/wp\/v2\/media\/1620"}],"wp:attachment":[{"href":"https:\/\/clubedeviagensmoms.com.br\/homolog\/wp-json\/wp\/v2\/media?parent=4032"}],"wp:term":[{"taxonomy":"product_cat","embeddable":true,"href":"https:\/\/clubedeviagensmoms.com.br\/homolog\/wp-json\/wp\/v2\/product_cat?post=4032"},{"taxonomy":"product_tag","embeddable":true,"href":"https:\/\/clubedeviagensmoms.com.br\/homolog\/wp-json\/wp\/v2\/product_tag?post=4032"}],"curies":[{"name":"wp","href":"https:\/\/api.w.org\/{rel}","templated":true}]}}