{"id":4033,"date":"2021-10-29T19:55:39","date_gmt":"2021-10-29T22:55:39","guid":{"rendered":"http:\/\/clubedeviagensmoms.com.br\/homolog\/taober_wp\/?post_type=product&#038;p=4033"},"modified":"2023-08-30T12:25:37","modified_gmt":"2023-08-30T15:25:37","slug":"hotel-fazenda-vale-da-mantiqueira","status":"publish","type":"product","link":"https:\/\/clubedeviagensmoms.com.br\/homolog\/produto\/hotel-fazenda-vale-da-mantiqueira\/","title":{"rendered":"Hotel Fazenda Vale da Mantiqueira"},"content":{"rendered":"<h4>Na maneira carinhosa de acolher, em cada sorriso de prazer; No verde puro da natureza, nas fontes naturais de beleza; Na comida sempre deliciosa, nas piscinas gostosas , nos momentos, todos de alegria; No frescor do dia-a-dia, na adrenalina da aventura; Na divers\u00e3o sem censura, na emo\u00e7\u00e3o de comemorar; Na arte de hospedar, especialmente igual; Igual ao que voc\u00ea sempre sonhou!<\/h4>\n<p>&nbsp;<\/p>\n<p>Numa regi\u00e3o privilegiada do Sul de<span>\u00a0<\/span><a href=\"https:\/\/www.mg.gov.br\/\" target=\"_blank\" rel=\"noopener noreferrer\">Minas Gerais<\/a>, e em meio a mais de 500.000 m\u00b2 de puro verde, riachos, uma reserva ecol\u00f3gica preservada, uma infinidade de p\u00e1ssaros, bem como cercada por bel\u00edssimas montanhas, est\u00e1 o Hotel Fazenda Vale da Mantiqueira.<\/p>\n<p>O Hotel Fazenda Vale da Mantiqueira \u00e9 um lugar ideal para casais que desejam ter momentos de descanso, conforto e privacidade. Ou para aqueles que gostam de viajar com toda a fam\u00edlia em finais de semana, feriados prolongados ou f\u00e9rias. Pessoas da melhor idade e aposentados encontram aqui um ambiente de relaxamento e descontra\u00e7\u00e3o.<\/p>\n<p>Sendo assim, temos muitas atra\u00e7\u00f5es esperando por voc\u00ea.<\/p>\n<p>A alimenta\u00e7\u00e3o no Hotel Fazenda Vale da Mantiqueira \u00e9 completa, desde o caf\u00e9 da manh\u00e3 at\u00e9 o jantar.<\/p>\n<p>O restaurante do Hotel \u00e9 muito cuidadoso na sele\u00e7\u00e3o dos produtos e conta com planta\u00e7\u00e3o pr\u00f3pria de legumes e verduras, produzidos primordialmente em nossa horta org\u00e2nica, al\u00e9m de leite, manteiga, queijo e geleias, doce de leite e mel de alt\u00edssima qualidade produzidos na Fazenda.<\/p>\n<p>Passeios at\u00e9 as cidades pr\u00f3ximas, as caminhadas pelo meio das \u00e1rvores e flores, as charretes e os cavalos, a colheita de hortali\u00e7as na horta org\u00e2nica proporcionam momentos de muita paz e liga\u00e7\u00e3o com a natureza em um lugar inegavelmente aben\u00e7oado p\u00f4r Deus. Cada dia no Hotel Fazenda Vale da Mantiqueira \u00e9 especial. Todas as quartas e s\u00e1bados temos m\u00fasica ao vivo com cantores regionais.<\/p>\n<p>Oferece uma estrutura completa de eventos para certamente at\u00e9 160 pessoas. Contamos com um espa\u00e7o para encontros e reuni\u00f5es, festas de formatura, casamento e anivers\u00e1rio, jantares, coquet\u00e9is e almo\u00e7os de confraterniza\u00e7\u00e3o, churrascos e retiros espirituais.<\/p>\n<p>&nbsp;<\/p>\n<p>Se voc\u00ea quiser conferir nossos outros hot\u00e9is parceiros, clique<span>\u00a0<\/span><a href=\"http:\/\/clubedeviagensmoms.com.br\/homolog\/vamos-viajar\/hoteis\/\" target=\"_blank\" rel=\"noopener noreferrer\">aqui<\/a>!<\/p>\n<p>Se voc\u00ea ainda n\u00e3o conhece nossas redes sociais, vem dar uma conferida no nosso<span>\u00a0<\/span><a href=\"https:\/\/www.instagram.com\/clubedeviagensmoms\/\">Instagram<\/a><span>\u00a0<\/span>e tamb\u00e9m na nossa<span>\u00a0<\/span><a href=\"https:\/\/www.facebook.com\/ClubeDeViagensMoms\/?hc_ref=ARREVFAUN6kemqQPikWPR6yOVqfolWuZ4Gm2u6EX4fJ2-jyHER8eDB5si8DvGkabbOE&amp;fref=nf&amp;__xts__[0]=68.ARAXJqd_Jm68dG9qh_a7A_hAS8hHGdRg1Cq8Je9my1EPnGBRo26TI37xs6IY6NhynKSzyIDhPcBRqvr6Nzuwi7g2W4UPO84T0-vU7mWKXia_C51FzzqVsE3HthHbuQetTo9gapY&amp;__tn__=kC-R\">p\u00e1gina do Facebook<\/a>! Ainda, temos um<span>\u00a0<\/span><a href=\"https:\/\/www.facebook.com\/groups\/clubedeviagensmoms\/\">grupo do Facebook<\/a>, ent\u00e3o, venha fazer parte!<\/p>\n","protected":false},"excerpt":{"rendered":"<p>Na maneira carinhosa de acolher, em cada sorriso de prazer; No verde puro da natureza, nas fontes naturais de beleza; Na comida sempre deliciosa, nas piscinas gostosas , nos momentos, todos de alegria; No frescor do dia-a-dia, na adrenalina da aventura; Na divers\u00e3o sem censura, na emo\u00e7\u00e3o de comemorar; Na arte de hospedar, especialmente igual; [&hellip;]<\/p>\n","protected":false},"featured_media":1642,"comment_status":"closed","ping_status":"closed","template":"","meta":[],"product_cat":[21],"product_tag":[27,28,29,30,31,32,33,158,266,187,38,39,40,267],"class_list":["post-4033","product","type-product","status-publish","has-post-thumbnail","hentry","product_cat-hoteis","product_tag-clube-de-viagens-moms","product_tag-clube-moms","product_tag-criancas","product_tag-diversao","product_tag-diversao-em-familia","product_tag-ferias","product_tag-ferias-em-familia","product_tag-hotel-fazenda","product_tag-hotel-fazenda-vale-da-mantiqueira","product_tag-minas-gerais","product_tag-viagem","product_tag-viagem-com-criancas","product_tag-viagem-em-familia","product_tag-virginia","pa_destino-brasil","pa_destino-minas-gerais","pa_destino-virginia","pa_estrutura-lazer-academia","pa_estrutura-lazer-arco-e-flecha","pa_estrutura-lazer-bar","pa_estrutura-lazer-bicicleta","pa_estrutura-lazer-caiaque","pa_estrutura-lazer-campo-de-futebol","pa_estrutura-lazer-cavalos","pa_estrutura-lazer-centro-de-convencoes","pa_estrutura-lazer-estacionamento","pa_estrutura-lazer-fazendinha","pa_estrutura-lazer-horta","pa_estrutura-lazer-horta-organica","pa_estrutura-lazer-jacuzzi","pa_estrutura-lazer-lago","pa_estrutura-lazer-lago-para-pescaria","pa_estrutura-lazer-parque-aquatico","pa_estrutura-lazer-pedalinho","pa_estrutura-lazer-piscina","pa_estrutura-lazer-piscina-aquecida","pa_estrutura-lazer-piscina-natural","pa_estrutura-lazer-quadra-de-futebol","pa_estrutura-lazer-quadra-de-tenis","pa_estrutura-lazer-recreacao","pa_estrutura-lazer-restaurante","pa_estrutura-lazer-sala-de-reuniao","pa_estrutura-lazer-sauna","pa_estrutura-lazer-spa","pa_regime-de-alimentacao-pensao-completa","pa_servicos-opcionais-bicicleta","pa_servicos-opcionais-cavalo","pa_servicos-opcionais-charrete","pa_servicos-opcionais-loja-de-presentes","pa_servicos-opcionais-massagem","pa_servicos-opcionais-pedalinho","pa_servicos-opcionais-servico-de-massagem","pa_servicos-opcionais-spa","pa_servicos-opcionais-tirolesa","pa_tipos-de-destinos-hotel-fazenda"],"acf":[],"yoast_head":"<!-- This site is optimized with the Yoast SEO Premium plugin v16.0.2 (Yoast SEO v21.2) - https:\/\/yoast.com\/wordpress\/plugins\/seo\/ -->\n<title>Hotel Fazenda Vale da Mantiqueira - Clube Moms<\/title>\n<meta name=\"description\" content=\"Em meio a mais de 500.000 m\u00b2, riachos, reserva ecol\u00f3gica preservada, cercada por montanhas e p\u00e1ssaros, est\u00e1 o Hotel Fazenda Vale da Mantiqueira.\" \/>\n<meta name=\"robots\" content=\"index, follow, max-snippet:-1, max-image-preview:large, max-video-preview:-1\" \/>\n<link rel=\"canonical\" href=\"https:\/\/clubedeviagensmoms.com.br\/homolog\/produto\/hotel-fazenda-vale-da-mantiqueira\/\" \/>\n<meta property=\"og:locale\" content=\"pt_BR\" \/>\n<meta property=\"og:type\" content=\"article\" \/>\n<meta property=\"og:title\" content=\"Hotel Fazenda Vale da Mantiqueira - Clube Moms\" \/>\n<meta property=\"og:description\" content=\"Em meio a mais de 500.000 m\u00b2, riachos, reserva ecol\u00f3gica preservada, cercada por montanhas e p\u00e1ssaros, est\u00e1 o Hotel Fazenda Vale da Mantiqueira.\" \/>\n<meta property=\"og:url\" content=\"https:\/\/clubedeviagensmoms.com.br\/homolog\/produto\/hotel-fazenda-vale-da-mantiqueira\/\" \/>\n<meta property=\"og:site_name\" content=\"Clube Moms\" \/>\n<meta property=\"article:modified_time\" content=\"2023-08-30T15:25:37+00:00\" \/>\n<meta property=\"og:image\" content=\"https:\/\/clubedeviagensmoms.com.br\/homolog\/wp-content\/uploads\/2021\/10\/jacuzzi-com-vista-1024x536-1.jpg\" \/>\n\t<meta property=\"og:image:width\" content=\"1024\" \/>\n\t<meta property=\"og:image:height\" content=\"536\" \/>\n\t<meta property=\"og:image:type\" content=\"image\/jpeg\" \/>\n<meta name=\"twitter:card\" content=\"summary_large_image\" \/>\n<meta name=\"twitter:label1\" content=\"Est. tempo de leitura\" \/>\n\t<meta name=\"twitter:data1\" content=\"2 minutos\" \/>\n<script type=\"application\/ld+json\" class=\"yoast-schema-graph\">{\"@context\":\"https:\/\/schema.org\",\"@graph\":[{\"@type\":\"WebPage\",\"@id\":\"https:\/\/clubedeviagensmoms.com.br\/homolog\/produto\/hotel-fazenda-vale-da-mantiqueira\/\",\"url\":\"https:\/\/clubedeviagensmoms.com.br\/homolog\/produto\/hotel-fazenda-vale-da-mantiqueira\/\",\"name\":\"Hotel Fazenda Vale da Mantiqueira - Clube Moms\",\"isPartOf\":{\"@id\":\"https:\/\/clubedeviagensmoms.com.br\/homolog\/#website\"},\"datePublished\":\"2021-10-29T22:55:39+00:00\",\"dateModified\":\"2023-08-30T15:25:37+00:00\",\"description\":\"Em meio a mais de 500.000 m\u00b2, riachos, reserva ecol\u00f3gica preservada, cercada por montanhas e p\u00e1ssaros, est\u00e1 o Hotel Fazenda Vale da Mantiqueira.\",\"breadcrumb\":{\"@id\":\"https:\/\/clubedeviagensmoms.com.br\/homolog\/produto\/hotel-fazenda-vale-da-mantiqueira\/#breadcrumb\"},\"inLanguage\":\"pt-BR\",\"potentialAction\":[{\"@type\":\"ReadAction\",\"target\":[\"https:\/\/clubedeviagensmoms.com.br\/homolog\/produto\/hotel-fazenda-vale-da-mantiqueira\/\"]}]},{\"@type\":\"BreadcrumbList\",\"@id\":\"https:\/\/clubedeviagensmoms.com.br\/homolog\/produto\/hotel-fazenda-vale-da-mantiqueira\/#breadcrumb\",\"itemListElement\":[{\"@type\":\"ListItem\",\"position\":1,\"name\":\"Home\",\"item\":\"https:\/\/clubedeviagensmoms.com.br\/homolog\/\"},{\"@type\":\"ListItem\",\"position\":2,\"name\":\"Vamos Viajar\",\"item\":\"https:\/\/clubedeviagensmoms.com.br\/homolog\/shop\/\"},{\"@type\":\"ListItem\",\"position\":3,\"name\":\"Hotel Fazenda Vale da Mantiqueira\"}]},{\"@type\":\"WebSite\",\"@id\":\"https:\/\/clubedeviagensmoms.com.br\/homolog\/#website\",\"url\":\"https:\/\/clubedeviagensmoms.com.br\/homolog\/\",\"name\":\"Clube Moms\",\"description\":\"O Clube Moms \u00e9 uma ag\u00eancia de turismo com foco em fam\u00edlias com crian\u00e7as, que uno os conceitos de Consultoria Especializada e Clube de Vantagens.\",\"potentialAction\":[{\"@type\":\"SearchAction\",\"target\":{\"@type\":\"EntryPoint\",\"urlTemplate\":\"https:\/\/clubedeviagensmoms.com.br\/homolog\/?s={search_term_string}\"},\"query-input\":\"required name=search_term_string\"}],\"inLanguage\":\"pt-BR\"}]}<\/script>\n<!-- \/ Yoast SEO Premium plugin. -->","yoast_head_json":{"title":"Hotel Fazenda Vale da Mantiqueira - Clube Moms","description":"Em meio a mais de 500.000 m\u00b2, riachos, reserva ecol\u00f3gica preservada, cercada por montanhas e p\u00e1ssaros, est\u00e1 o Hotel Fazenda Vale da Mantiqueira.","robots":{"index":"index","follow":"follow","max-snippet":"max-snippet:-1","max-image-preview":"max-image-preview:large","max-video-preview":"max-video-preview:-1"},"canonical":"https:\/\/clubedeviagensmoms.com.br\/homolog\/produto\/hotel-fazenda-vale-da-mantiqueira\/","og_locale":"pt_BR","og_type":"article","og_title":"Hotel Fazenda Vale da Mantiqueira - Clube Moms","og_description":"Em meio a mais de 500.000 m\u00b2, riachos, reserva ecol\u00f3gica preservada, cercada por montanhas e p\u00e1ssaros, est\u00e1 o Hotel Fazenda Vale da Mantiqueira.","og_url":"https:\/\/clubedeviagensmoms.com.br\/homolog\/produto\/hotel-fazenda-vale-da-mantiqueira\/","og_site_name":"Clube Moms","article_modified_time":"2023-08-30T15:25:37+00:00","og_image":[{"width":1024,"height":536,"url":"https:\/\/clubedeviagensmoms.com.br\/homolog\/wp-content\/uploads\/2021\/10\/jacuzzi-com-vista-1024x536-1.jpg","type":"image\/jpeg"}],"twitter_card":"summary_large_image","twitter_misc":{"Est. tempo de leitura":"2 minutos"},"schema":{"@context":"https:\/\/schema.org","@graph":[{"@type":"WebPage","@id":"https:\/\/clubedeviagensmoms.com.br\/homolog\/produto\/hotel-fazenda-vale-da-mantiqueira\/","url":"https:\/\/clubedeviagensmoms.com.br\/homolog\/produto\/hotel-fazenda-vale-da-mantiqueira\/","name":"Hotel Fazenda Vale da Mantiqueira - Clube Moms","isPartOf":{"@id":"https:\/\/clubedeviagensmoms.com.br\/homolog\/#website"},"datePublished":"2021-10-29T22:55:39+00:00","dateModified":"2023-08-30T15:25:37+00:00","description":"Em meio a mais de 500.000 m\u00b2, riachos, reserva ecol\u00f3gica preservada, cercada por montanhas e p\u00e1ssaros, est\u00e1 o Hotel Fazenda Vale da Mantiqueira.","breadcrumb":{"@id":"https:\/\/clubedeviagensmoms.com.br\/homolog\/produto\/hotel-fazenda-vale-da-mantiqueira\/#breadcrumb"},"inLanguage":"pt-BR","potentialAction":[{"@type":"ReadAction","target":["https:\/\/clubedeviagensmoms.com.br\/homolog\/produto\/hotel-fazenda-vale-da-mantiqueira\/"]}]},{"@type":"BreadcrumbList","@id":"https:\/\/clubedeviagensmoms.com.br\/homolog\/produto\/hotel-fazenda-vale-da-mantiqueira\/#breadcrumb","itemListElement":[{"@type":"ListItem","position":1,"name":"Home","item":"https:\/\/clubedeviagensmoms.com.br\/homolog\/"},{"@type":"ListItem","position":2,"name":"Vamos Viajar","item":"https:\/\/clubedeviagensmoms.com.br\/homolog\/shop\/"},{"@type":"ListItem","position":3,"name":"Hotel Fazenda Vale da Mantiqueira"}]},{"@type":"WebSite","@id":"https:\/\/clubedeviagensmoms.com.br\/homolog\/#website","url":"https:\/\/clubedeviagensmoms.com.br\/homolog\/","name":"Clube Moms","description":"O Clube Moms \u00e9 uma ag\u00eancia de turismo com foco em fam\u00edlias com crian\u00e7as, que uno os conceitos de Consultoria Especializada e Clube de Vantagens.","potentialAction":[{"@type":"SearchAction","target":{"@type":"EntryPoint","urlTemplate":"https:\/\/clubedeviagensmoms.com.br\/homolog\/?s={search_term_string}"},"query-input":"required name=search_term_string"}],"inLanguage":"pt-BR"}]}},"_links":{"self":[{"href":"https:\/\/clubedeviagensmoms.com.br\/homolog\/wp-json\/wp\/v2\/product\/4033","targetHints":{"allow":["GET"]}}],"collection":[{"href":"https:\/\/clubedeviagensmoms.com.br\/homolog\/wp-json\/wp\/v2\/product"}],"about":[{"href":"https:\/\/clubedeviagensmoms.com.br\/homolog\/wp-json\/wp\/v2\/types\/product"}],"replies":[{"embeddable":true,"href":"https:\/\/clubedeviagensmoms.com.br\/homolog\/wp-json\/wp\/v2\/comments?post=4033"}],"wp:featuredmedia":[{"embeddable":true,"href":"https:\/\/clubedeviagensmoms.com.br\/homolog\/wp-json\/wp\/v2\/media\/1642"}],"wp:attachment":[{"href":"https:\/\/clubedeviagensmoms.com.br\/homolog\/wp-json\/wp\/v2\/media?parent=4033"}],"wp:term":[{"taxonomy":"product_cat","embeddable":true,"href":"https:\/\/clubedeviagensmoms.com.br\/homolog\/wp-json\/wp\/v2\/product_cat?post=4033"},{"taxonomy":"product_tag","embeddable":true,"href":"https:\/\/clubedeviagensmoms.com.br\/homolog\/wp-json\/wp\/v2\/product_tag?post=4033"}],"curies":[{"name":"wp","href":"https:\/\/api.w.org\/{rel}","templated":true}]}}