{"id":4038,"date":"2021-10-29T19:55:39","date_gmt":"2021-10-29T22:55:39","guid":{"rendered":"http:\/\/clubedeviagensmoms.com.br\/homolog\/taober_wp\/?post_type=product&#038;p=4038"},"modified":"2023-08-30T12:25:32","modified_gmt":"2023-08-30T15:25:32","slug":"hotel-fazenda-ribeirao","status":"publish","type":"product","link":"https:\/\/clubedeviagensmoms.com.br\/homolog\/produto\/hotel-fazenda-ribeirao\/","title":{"rendered":"Hotel Fazenda Ribeir\u00e3o"},"content":{"rendered":"<p>A Fazenda Ribeir\u00e3o est\u00e1 localizada em Barra do Pira\u00ed. Um uma cidade cuja beleza \u00e9 tamanha que lhe faz merecer o t\u00edtulo de \u201cP\u00e9rola do Vale\u201d. Sua posi\u00e7\u00e3o privilegiada e central faz de Barra do Pira\u00ed destino obrigat\u00f3rio para quem quer conhecer toda a regi\u00e3o.<\/p>\n<p>Bem no encontro dos rios Para\u00edba e Pira\u00ed, que lhe deram o nome, o munic\u00edpio tem um povo hospitaleiro que preserva suas tradi\u00e7\u00f5es e est\u00e1 sempre de bra\u00e7os abertos para dividir com os visitantes as hist\u00f3rias lend\u00e1rias dos tempos dos Bar\u00f5es.<\/p>\n<p>A Fazenda Ribeir\u00e3o possui uma bela paisagem e conta uma estrutura de lazer excelente para toda a fam\u00edlia. Ainda, sua programa\u00e7\u00e3o inclui visita a fazendinha onde as crian\u00e7as podem tirar leite da vaca e alimentar os animais. Por fim, nos lagos, podem se divertir na pescaria ou com atividades aqu\u00e1ticas como stand-up paddle e pedalinhos!<\/p>\n<p>A visita ao\u00a0<strong>Alambique<\/strong><span>\u00a0<\/span>faz parte do circuito de atra\u00e7\u00f5es da Fazenda Ribeir\u00e3o, onde \u00e9 fabricada a cacha\u00e7a que leva o nome do hotel. Nos dias de degusta\u00e7\u00e3o, as crian\u00e7as comem pasteis, cana picadinha, bem como caldo de cana e os pais podem degustar essa nossa especialidade em v\u00e1rios sabores e ainda lev\u00e1-las para casa!<\/p>\n<p>Al\u00e9m da bela paisagem e de todo lazer que a Fazenda Ribeir\u00e3o disp\u00f5e, as acomoda\u00e7\u00f5es foram idealizadas e decoradas para proporcionar tranquilidade e conforto nos momentos de descanso, embalados pelo som da natureza. Os 69 apartamentos s\u00e3o equipados com TV a cabo, frigobar, ar condicionado, banheiro privativo, cofre individual e acomodam confortavelmente at\u00e9 4 pessoas.<\/p>\n<p>Se voc\u00ea ainda n\u00e3o conhece nossas redes sociais, vem dar uma conferida no nosso<span>\u00a0<\/span><a href=\"https:\/\/www.instagram.com\/clubedeviagensmoms\/\">Instagram<\/a><span>\u00a0<\/span>e tamb\u00e9m na nossa<span>\u00a0<\/span><a href=\"https:\/\/www.facebook.com\/ClubeDeViagensMoms\/?hc_ref=ARREVFAUN6kemqQPikWPR6yOVqfolWuZ4Gm2u6EX4fJ2-jyHER8eDB5si8DvGkabbOE&amp;fref=nf&amp;__xts__[0]=68.ARAXJqd_Jm68dG9qh_a7A_hAS8hHGdRg1Cq8Je9my1EPnGBRo26TI37xs6IY6NhynKSzyIDhPcBRqvr6Nzuwi7g2W4UPO84T0-vU7mWKXia_C51FzzqVsE3HthHbuQetTo9gapY&amp;__tn__=kC-R\">p\u00e1gina do Facebook<\/a>! Ainda, temos um<span>\u00a0<\/span><a href=\"https:\/\/www.facebook.com\/groups\/clubedeviagensmoms\/\">grupo do Facebook<\/a>, ent\u00e3o, venha fazer parte!<\/p>\n<p>E se voc\u00ea quiser conferir nossos outros hot\u00e9is parceiros, clique<span>\u00a0<\/span><a href=\"http:\/\/clubedeviagensmoms.com.br\/homolog\/vamos-viajar\/hoteis\/\" target=\"_blank\" rel=\"noopener noreferrer\">aqui<\/a>!<\/p>\n","protected":false},"excerpt":{"rendered":"<p>A Fazenda Ribeir\u00e3o est\u00e1 localizada em Barra do Pira\u00ed. Um uma cidade cuja beleza \u00e9 tamanha que lhe faz merecer o t\u00edtulo de \u201cP\u00e9rola do Vale\u201d. Sua posi\u00e7\u00e3o privilegiada e central faz de Barra do Pira\u00ed destino obrigat\u00f3rio para quem quer conhecer toda a regi\u00e3o. Bem no encontro dos rios Para\u00edba e Pira\u00ed, que lhe [&hellip;]<\/p>\n","protected":false},"featured_media":1714,"comment_status":"closed","ping_status":"closed","template":"","meta":[],"product_cat":[21],"product_tag":[48,27,28,29,30,31,32,33,174,35,37,186,38,39,40],"class_list":["post-4038","product","type-product","status-publish","has-post-thumbnail","hentry","product_cat-hoteis","product_tag-barra-do-pirai","product_tag-clube-de-viagens-moms","product_tag-clube-moms","product_tag-criancas","product_tag-diversao","product_tag-diversao-em-familia","product_tag-ferias","product_tag-ferias-em-familia","product_tag-hoteis-que-indicamos","product_tag-recreacao","product_tag-rio-de-janeiro","product_tag-sudeste","product_tag-viagem","product_tag-viagem-com-criancas","product_tag-viagem-em-familia","pa_destino-rio-de-janeiro","pa_estrutura-lazer-campo-de-futebol","pa_estrutura-lazer-cavalos","pa_estrutura-lazer-copa-baby","pa_estrutura-lazer-esportes-radicais","pa_estrutura-lazer-fazendinha","pa_estrutura-lazer-lago-para-pescaria","pa_estrutura-lazer-piscina","pa_estrutura-lazer-piscina-aquecida","pa_estrutura-lazer-recreacao","pa_estrutura-lazer-sauna","pa_necessidades-especiais-acessibilidade","pa_regime-de-alimentacao-pensao-completa","pa_servicos-opcionais-loja-de-presentes","pa_servicos-opcionais-massagem","pa_tipos-de-destinos-hotel-fazenda","pa_tipos-de-destinos-serra"],"acf":[],"yoast_head":"<!-- This site is optimized with the Yoast SEO Premium plugin v16.0.2 (Yoast SEO v21.2) - https:\/\/yoast.com\/wordpress\/plugins\/seo\/ -->\n<title>Hotel Fazenda Ribeir\u00e3o - Clube Moms<\/title>\n<meta name=\"description\" content=\"A\u00a0Fazenda Ribeir\u00e3o\u00a0possui uma bela paisagem e conta uma estrutura de lazer excelente para toda a fam\u00edlia. Venha conhecer esse ref\u00fagio!\" \/>\n<meta name=\"robots\" content=\"index, follow, max-snippet:-1, max-image-preview:large, max-video-preview:-1\" \/>\n<link rel=\"canonical\" href=\"https:\/\/clubedeviagensmoms.com.br\/homolog\/produto\/hotel-fazenda-ribeirao\/\" \/>\n<meta property=\"og:locale\" content=\"pt_BR\" \/>\n<meta property=\"og:type\" content=\"article\" \/>\n<meta property=\"og:title\" content=\"Hotel Fazenda Ribeir\u00e3o - Clube Moms\" \/>\n<meta property=\"og:description\" content=\"A\u00a0Fazenda Ribeir\u00e3o\u00a0possui uma bela paisagem e conta uma estrutura de lazer excelente para toda a fam\u00edlia. Venha conhecer esse ref\u00fagio!\" \/>\n<meta property=\"og:url\" content=\"https:\/\/clubedeviagensmoms.com.br\/homolog\/produto\/hotel-fazenda-ribeirao\/\" \/>\n<meta property=\"og:site_name\" content=\"Clube Moms\" \/>\n<meta property=\"article:modified_time\" content=\"2023-08-30T15:25:32+00:00\" \/>\n<meta property=\"og:image\" content=\"https:\/\/clubedeviagensmoms.com.br\/homolog\/wp-content\/uploads\/2021\/10\/fazenda-ribeirao-area-de-lazer-com-quadra-de-tenis.jpg\" \/>\n\t<meta property=\"og:image:width\" content=\"1200\" \/>\n\t<meta property=\"og:image:height\" content=\"628\" \/>\n\t<meta property=\"og:image:type\" content=\"image\/jpeg\" \/>\n<meta name=\"twitter:card\" content=\"summary_large_image\" \/>\n<meta name=\"twitter:label1\" content=\"Est. tempo de leitura\" \/>\n\t<meta name=\"twitter:data1\" content=\"2 minutos\" \/>\n<script type=\"application\/ld+json\" class=\"yoast-schema-graph\">{\"@context\":\"https:\/\/schema.org\",\"@graph\":[{\"@type\":\"WebPage\",\"@id\":\"https:\/\/clubedeviagensmoms.com.br\/homolog\/produto\/hotel-fazenda-ribeirao\/\",\"url\":\"https:\/\/clubedeviagensmoms.com.br\/homolog\/produto\/hotel-fazenda-ribeirao\/\",\"name\":\"Hotel Fazenda Ribeir\u00e3o - Clube Moms\",\"isPartOf\":{\"@id\":\"https:\/\/clubedeviagensmoms.com.br\/homolog\/#website\"},\"datePublished\":\"2021-10-29T22:55:39+00:00\",\"dateModified\":\"2023-08-30T15:25:32+00:00\",\"description\":\"A\u00a0Fazenda Ribeir\u00e3o\u00a0possui uma bela paisagem e conta uma estrutura de lazer excelente para toda a fam\u00edlia. Venha conhecer esse ref\u00fagio!\",\"breadcrumb\":{\"@id\":\"https:\/\/clubedeviagensmoms.com.br\/homolog\/produto\/hotel-fazenda-ribeirao\/#breadcrumb\"},\"inLanguage\":\"pt-BR\",\"potentialAction\":[{\"@type\":\"ReadAction\",\"target\":[\"https:\/\/clubedeviagensmoms.com.br\/homolog\/produto\/hotel-fazenda-ribeirao\/\"]}]},{\"@type\":\"BreadcrumbList\",\"@id\":\"https:\/\/clubedeviagensmoms.com.br\/homolog\/produto\/hotel-fazenda-ribeirao\/#breadcrumb\",\"itemListElement\":[{\"@type\":\"ListItem\",\"position\":1,\"name\":\"Home\",\"item\":\"https:\/\/clubedeviagensmoms.com.br\/homolog\/\"},{\"@type\":\"ListItem\",\"position\":2,\"name\":\"Vamos Viajar\",\"item\":\"https:\/\/clubedeviagensmoms.com.br\/homolog\/shop\/\"},{\"@type\":\"ListItem\",\"position\":3,\"name\":\"Hotel Fazenda Ribeir\u00e3o\"}]},{\"@type\":\"WebSite\",\"@id\":\"https:\/\/clubedeviagensmoms.com.br\/homolog\/#website\",\"url\":\"https:\/\/clubedeviagensmoms.com.br\/homolog\/\",\"name\":\"Clube Moms\",\"description\":\"O Clube Moms \u00e9 uma ag\u00eancia de turismo com foco em fam\u00edlias com crian\u00e7as, que uno os conceitos de Consultoria Especializada e Clube de Vantagens.\",\"potentialAction\":[{\"@type\":\"SearchAction\",\"target\":{\"@type\":\"EntryPoint\",\"urlTemplate\":\"https:\/\/clubedeviagensmoms.com.br\/homolog\/?s={search_term_string}\"},\"query-input\":\"required name=search_term_string\"}],\"inLanguage\":\"pt-BR\"}]}<\/script>\n<!-- \/ Yoast SEO Premium plugin. -->","yoast_head_json":{"title":"Hotel Fazenda Ribeir\u00e3o - Clube Moms","description":"A\u00a0Fazenda Ribeir\u00e3o\u00a0possui uma bela paisagem e conta uma estrutura de lazer excelente para toda a fam\u00edlia. Venha conhecer esse ref\u00fagio!","robots":{"index":"index","follow":"follow","max-snippet":"max-snippet:-1","max-image-preview":"max-image-preview:large","max-video-preview":"max-video-preview:-1"},"canonical":"https:\/\/clubedeviagensmoms.com.br\/homolog\/produto\/hotel-fazenda-ribeirao\/","og_locale":"pt_BR","og_type":"article","og_title":"Hotel Fazenda Ribeir\u00e3o - Clube Moms","og_description":"A\u00a0Fazenda Ribeir\u00e3o\u00a0possui uma bela paisagem e conta uma estrutura de lazer excelente para toda a fam\u00edlia. Venha conhecer esse ref\u00fagio!","og_url":"https:\/\/clubedeviagensmoms.com.br\/homolog\/produto\/hotel-fazenda-ribeirao\/","og_site_name":"Clube Moms","article_modified_time":"2023-08-30T15:25:32+00:00","og_image":[{"width":1200,"height":628,"url":"https:\/\/clubedeviagensmoms.com.br\/homolog\/wp-content\/uploads\/2021\/10\/fazenda-ribeirao-area-de-lazer-com-quadra-de-tenis.jpg","type":"image\/jpeg"}],"twitter_card":"summary_large_image","twitter_misc":{"Est. tempo de leitura":"2 minutos"},"schema":{"@context":"https:\/\/schema.org","@graph":[{"@type":"WebPage","@id":"https:\/\/clubedeviagensmoms.com.br\/homolog\/produto\/hotel-fazenda-ribeirao\/","url":"https:\/\/clubedeviagensmoms.com.br\/homolog\/produto\/hotel-fazenda-ribeirao\/","name":"Hotel Fazenda Ribeir\u00e3o - Clube Moms","isPartOf":{"@id":"https:\/\/clubedeviagensmoms.com.br\/homolog\/#website"},"datePublished":"2021-10-29T22:55:39+00:00","dateModified":"2023-08-30T15:25:32+00:00","description":"A\u00a0Fazenda Ribeir\u00e3o\u00a0possui uma bela paisagem e conta uma estrutura de lazer excelente para toda a fam\u00edlia. Venha conhecer esse ref\u00fagio!","breadcrumb":{"@id":"https:\/\/clubedeviagensmoms.com.br\/homolog\/produto\/hotel-fazenda-ribeirao\/#breadcrumb"},"inLanguage":"pt-BR","potentialAction":[{"@type":"ReadAction","target":["https:\/\/clubedeviagensmoms.com.br\/homolog\/produto\/hotel-fazenda-ribeirao\/"]}]},{"@type":"BreadcrumbList","@id":"https:\/\/clubedeviagensmoms.com.br\/homolog\/produto\/hotel-fazenda-ribeirao\/#breadcrumb","itemListElement":[{"@type":"ListItem","position":1,"name":"Home","item":"https:\/\/clubedeviagensmoms.com.br\/homolog\/"},{"@type":"ListItem","position":2,"name":"Vamos Viajar","item":"https:\/\/clubedeviagensmoms.com.br\/homolog\/shop\/"},{"@type":"ListItem","position":3,"name":"Hotel Fazenda Ribeir\u00e3o"}]},{"@type":"WebSite","@id":"https:\/\/clubedeviagensmoms.com.br\/homolog\/#website","url":"https:\/\/clubedeviagensmoms.com.br\/homolog\/","name":"Clube Moms","description":"O Clube Moms \u00e9 uma ag\u00eancia de turismo com foco em fam\u00edlias com crian\u00e7as, que uno os conceitos de Consultoria Especializada e Clube de Vantagens.","potentialAction":[{"@type":"SearchAction","target":{"@type":"EntryPoint","urlTemplate":"https:\/\/clubedeviagensmoms.com.br\/homolog\/?s={search_term_string}"},"query-input":"required name=search_term_string"}],"inLanguage":"pt-BR"}]}},"_links":{"self":[{"href":"https:\/\/clubedeviagensmoms.com.br\/homolog\/wp-json\/wp\/v2\/product\/4038","targetHints":{"allow":["GET"]}}],"collection":[{"href":"https:\/\/clubedeviagensmoms.com.br\/homolog\/wp-json\/wp\/v2\/product"}],"about":[{"href":"https:\/\/clubedeviagensmoms.com.br\/homolog\/wp-json\/wp\/v2\/types\/product"}],"replies":[{"embeddable":true,"href":"https:\/\/clubedeviagensmoms.com.br\/homolog\/wp-json\/wp\/v2\/comments?post=4038"}],"wp:featuredmedia":[{"embeddable":true,"href":"https:\/\/clubedeviagensmoms.com.br\/homolog\/wp-json\/wp\/v2\/media\/1714"}],"wp:attachment":[{"href":"https:\/\/clubedeviagensmoms.com.br\/homolog\/wp-json\/wp\/v2\/media?parent=4038"}],"wp:term":[{"taxonomy":"product_cat","embeddable":true,"href":"https:\/\/clubedeviagensmoms.com.br\/homolog\/wp-json\/wp\/v2\/product_cat?post=4038"},{"taxonomy":"product_tag","embeddable":true,"href":"https:\/\/clubedeviagensmoms.com.br\/homolog\/wp-json\/wp\/v2\/product_tag?post=4038"}],"curies":[{"name":"wp","href":"https:\/\/api.w.org\/{rel}","templated":true}]}}