{"id":4039,"date":"2021-10-29T19:55:39","date_gmt":"2021-10-29T22:55:39","guid":{"rendered":"http:\/\/clubedeviagensmoms.com.br\/homolog\/taober_wp\/?post_type=product&#038;p=4039"},"modified":"2023-08-30T12:25:30","modified_gmt":"2023-08-30T15:25:30","slug":"hotel-fazenda-parador-maritacas","status":"publish","type":"product","link":"https:\/\/clubedeviagensmoms.com.br\/homolog\/produto\/hotel-fazenda-parador-maritacas\/","title":{"rendered":"Hotel Fazenda Parador Maritacas"},"content":{"rendered":"<h4>O Hotel Fazenda Parador Maritacas fica no\u00a0<a href=\"https:\/\/pt.wikipedia.org\/wiki\/Vale_do_Caf%C3%A9\" target=\"_blank\" rel=\"noopener noreferrer\">Vale do Caf\u00e9<\/a>, uma regi\u00e3o muito bonita e pr\u00f3xima, 1 h e 50 min, da cidade do Rio de Janeiro.<\/h4>\n<p>&nbsp;<\/p>\n<p>Um dos grandes diferenciais do Hotel Fazenda Parador Maritacas, \u00e9 que sendo um Hotel Fazenda na Serra do RJ, conta com uma \u00e1rea de 2 milh\u00f5es e 500.000 m\u00b2 de muita natureza e conforto. Todo o hotel promove o encontro do antigo com o moderno, da simplicidade com o requinte e dos grandes espa\u00e7os com aconchego. O jardim est\u00e1 em todo o entorno e o rio que corta a propriedade, bem pertinho.<\/p>\n<p>Temos h\u00f3spedes sem filhos que adoram a experi\u00eancia de vir com um grupo de amigos para fazer caminhadas e trilhas. Curtir a piscina com drinks e cervejas antes do almo\u00e7o e ainda assim alternar entre a tirolesa e as terapias do spa a tarde. Posteriormente \u00e0 noite, vinho e m\u00fasica complementam de uma forma muito agrad\u00e1vel a estadia.<\/p>\n<p>Os nossos h\u00f3spedes com filhos pequenos, acham o Hotel Fazenda Parador Maritacas a melhor op\u00e7\u00e3o quando procuram um atendimento diferenciado, pois t\u00eam certeza de que seus filhos est\u00e3o aproveitando tudo e guardando para sempre na mem\u00f3ria, momentos de muitas descobertas e divers\u00e3o.<\/p>\n<p>Se voc\u00ea quer passar momentos especiais com sua fam\u00edlia ou com amigos e fugir do stress urbano, seu destino certamente \u00e9 o Parador Maritacas! Nada como um Hotel Fazenda perto do Rio, que possa proporcionar a voc\u00ea e sua fam\u00edlia, todo este descanso e divers\u00e3o! N\u00f3s garantimos a qualidade que os nossos h\u00f3spedes desejam encontrar.<\/p>\n<p>As su\u00edtes do Hotel Fazenda Parador Maritacas, s\u00e3o muito confort\u00e1veis, bonitas e charmosas atendendo perfeitamente at\u00e9 4 pessoas. Est\u00e3o dispon\u00edveis em tr\u00eas categorias, cada uma com detalhes espec\u00edficos de tamanho e semelhantemente decora\u00e7\u00e3o.<\/p>\n<p>&nbsp;<\/p>\n<p>Venha conhecer e desfrutar do Parador Maritacas! Voc\u00ea n\u00e3o vai se arrepender!<\/p>\n<p>Se voc\u00ea ainda n\u00e3o conhece nossas redes sociais, vem dar uma conferida no nosso\u00a0<a href=\"https:\/\/www.instagram.com\/clubedeviagensmoms\/\">Instagram<\/a>\u00a0e tamb\u00e9m na nossa\u00a0<a href=\"https:\/\/www.facebook.com\/ClubeDeViagensMoms\/?hc_ref=ARREVFAUN6kemqQPikWPR6yOVqfolWuZ4Gm2u6EX4fJ2-jyHER8eDB5si8DvGkabbOE&amp;fref=nf&amp;__xts__[0]=68.ARAXJqd_Jm68dG9qh_a7A_hAS8hHGdRg1Cq8Je9my1EPnGBRo26TI37xs6IY6NhynKSzyIDhPcBRqvr6Nzuwi7g2W4UPO84T0-vU7mWKXia_C51FzzqVsE3HthHbuQetTo9gapY&amp;__tn__=kC-R\">p\u00e1gina do Facebook<\/a>! Ainda, temos um\u00a0<a href=\"https:\/\/www.facebook.com\/groups\/clubedeviagensmoms\/\">grupo do Facebook<\/a>, ent\u00e3o, venha fazer parte!<\/p>\n<p>E se voc\u00ea quiser conferir nossos outros hot\u00e9is parceiros, clique\u00a0<a href=\"http:\/\/clubedeviagensmoms.com.br\/homolog\/vamos-viajar\/hoteis\/\" target=\"_blank\" rel=\"noopener noreferrer\">aqui<\/a>!<\/p>\n","protected":false},"excerpt":{"rendered":"<p>Hotel Fazenda Parador Maritacas: onde voc\u00ea n\u00e3o precisa se deslocar para muito longe para proporcionar a voc\u00ea e sua fam\u00edlia, todo este descanso e divers\u00e3o!<\/p>\n","protected":false},"featured_media":1760,"comment_status":"closed","ping_status":"closed","template":"","meta":[],"product_cat":[21],"product_tag":[48,27,28,29,30,31,32,33,274,275,35,36,37,38,39,40],"class_list":["post-4039","product","type-product","status-publish","has-post-thumbnail","hentry","product_cat-hoteis","product_tag-barra-do-pirai","product_tag-clube-de-viagens-moms","product_tag-clube-moms","product_tag-criancas","product_tag-diversao","product_tag-diversao-em-familia","product_tag-ferias","product_tag-ferias-em-familia","product_tag-hotel-fazenda-parador-maritacas","product_tag-parador-maritacas","product_tag-recreacao","product_tag-resort","product_tag-rio-de-janeiro","product_tag-viagem","product_tag-viagem-com-criancas","product_tag-viagem-em-familia","pa_destino-barra-do-pirai","pa_destino-brasil","pa_destino-rio-de-janeiro","pa_estrutura-lazer-academia","pa_estrutura-lazer-bar","pa_estrutura-lazer-campo-de-futebol","pa_estrutura-lazer-cavalos","pa_estrutura-lazer-esportes-radicais","pa_estrutura-lazer-estacionamento","pa_estrutura-lazer-fazendinha","pa_estrutura-lazer-hidromassagem","pa_estrutura-lazer-jacuzzi","pa_estrutura-lazer-kids-club","pa_estrutura-lazer-piscina","pa_estrutura-lazer-piscina-aquecida","pa_estrutura-lazer-quadra-de-tenis","pa_estrutura-lazer-recreacao","pa_estrutura-lazer-restaurante","pa_estrutura-lazer-sala-de-reuniao","pa_estrutura-lazer-sala-de-tv","pa_estrutura-lazer-salao-de-jogos","pa_estrutura-lazer-sauna","pa_estrutura-lazer-tirolesa","pa_estrutura-lazer-trilhas","pa_regime-de-alimentacao-pensao-completa","pa_servicos-opcionais-massagem","pa_servicos-opcionais-spa","pa_servicos-opcionais-spa-para-pes-e-maos","pa_tipos-de-destinos-hotel-fazenda"],"acf":[],"yoast_head":"<!-- This site is optimized with the Yoast SEO Premium plugin v16.0.2 (Yoast SEO v21.2) - https:\/\/yoast.com\/wordpress\/plugins\/seo\/ -->\n<title>Hotel Fazenda Parador Maritacas - Clube Moms<\/title>\n<meta name=\"description\" content=\"Hotel Fazenda Parador Maritacas: onde voc\u00ea n\u00e3o precisa se deslocar para muito longe para proporcionar a voc\u00ea e sua fam\u00edlia, todo este descanso e divers\u00e3o!\" \/>\n<meta name=\"robots\" content=\"index, follow, max-snippet:-1, max-image-preview:large, max-video-preview:-1\" \/>\n<link rel=\"canonical\" href=\"https:\/\/clubedeviagensmoms.com.br\/homolog\/produto\/hotel-fazenda-parador-maritacas\/\" \/>\n<meta property=\"og:locale\" content=\"pt_BR\" \/>\n<meta property=\"og:type\" content=\"article\" \/>\n<meta property=\"og:title\" content=\"Hotel Fazenda Parador Maritacas - Clube Moms\" \/>\n<meta property=\"og:description\" content=\"Hotel Fazenda Parador Maritacas: onde voc\u00ea n\u00e3o precisa se deslocar para muito longe para proporcionar a voc\u00ea e sua fam\u00edlia, todo este descanso e divers\u00e3o!\" \/>\n<meta property=\"og:url\" content=\"https:\/\/clubedeviagensmoms.com.br\/homolog\/produto\/hotel-fazenda-parador-maritacas\/\" \/>\n<meta property=\"og:site_name\" content=\"Clube Moms\" \/>\n<meta property=\"article:modified_time\" content=\"2023-08-30T15:25:30+00:00\" \/>\n<meta property=\"og:image\" content=\"https:\/\/clubedeviagensmoms.com.br\/homolog\/wp-content\/uploads\/2021\/10\/Piscina-Parador-Maritacas-1024x536-1.jpg\" \/>\n\t<meta property=\"og:image:width\" content=\"1024\" \/>\n\t<meta property=\"og:image:height\" content=\"536\" \/>\n\t<meta property=\"og:image:type\" content=\"image\/jpeg\" \/>\n<meta name=\"twitter:card\" content=\"summary_large_image\" \/>\n<meta name=\"twitter:label1\" content=\"Est. tempo de leitura\" \/>\n\t<meta name=\"twitter:data1\" content=\"2 minutos\" \/>\n<script type=\"application\/ld+json\" class=\"yoast-schema-graph\">{\"@context\":\"https:\/\/schema.org\",\"@graph\":[{\"@type\":\"WebPage\",\"@id\":\"https:\/\/clubedeviagensmoms.com.br\/homolog\/produto\/hotel-fazenda-parador-maritacas\/\",\"url\":\"https:\/\/clubedeviagensmoms.com.br\/homolog\/produto\/hotel-fazenda-parador-maritacas\/\",\"name\":\"Hotel Fazenda Parador Maritacas - Clube Moms\",\"isPartOf\":{\"@id\":\"https:\/\/clubedeviagensmoms.com.br\/homolog\/#website\"},\"datePublished\":\"2021-10-29T22:55:39+00:00\",\"dateModified\":\"2023-08-30T15:25:30+00:00\",\"description\":\"Hotel Fazenda Parador Maritacas: onde voc\u00ea n\u00e3o precisa se deslocar para muito longe para proporcionar a voc\u00ea e sua fam\u00edlia, todo este descanso e divers\u00e3o!\",\"breadcrumb\":{\"@id\":\"https:\/\/clubedeviagensmoms.com.br\/homolog\/produto\/hotel-fazenda-parador-maritacas\/#breadcrumb\"},\"inLanguage\":\"pt-BR\",\"potentialAction\":[{\"@type\":\"ReadAction\",\"target\":[\"https:\/\/clubedeviagensmoms.com.br\/homolog\/produto\/hotel-fazenda-parador-maritacas\/\"]}]},{\"@type\":\"BreadcrumbList\",\"@id\":\"https:\/\/clubedeviagensmoms.com.br\/homolog\/produto\/hotel-fazenda-parador-maritacas\/#breadcrumb\",\"itemListElement\":[{\"@type\":\"ListItem\",\"position\":1,\"name\":\"Home\",\"item\":\"https:\/\/clubedeviagensmoms.com.br\/homolog\/\"},{\"@type\":\"ListItem\",\"position\":2,\"name\":\"Vamos Viajar\",\"item\":\"https:\/\/clubedeviagensmoms.com.br\/homolog\/shop\/\"},{\"@type\":\"ListItem\",\"position\":3,\"name\":\"Hotel Fazenda Parador Maritacas\"}]},{\"@type\":\"WebSite\",\"@id\":\"https:\/\/clubedeviagensmoms.com.br\/homolog\/#website\",\"url\":\"https:\/\/clubedeviagensmoms.com.br\/homolog\/\",\"name\":\"Clube Moms\",\"description\":\"O Clube Moms \u00e9 uma ag\u00eancia de turismo com foco em fam\u00edlias com crian\u00e7as, que uno os conceitos de Consultoria Especializada e Clube de Vantagens.\",\"potentialAction\":[{\"@type\":\"SearchAction\",\"target\":{\"@type\":\"EntryPoint\",\"urlTemplate\":\"https:\/\/clubedeviagensmoms.com.br\/homolog\/?s={search_term_string}\"},\"query-input\":\"required name=search_term_string\"}],\"inLanguage\":\"pt-BR\"}]}<\/script>\n<!-- \/ Yoast SEO Premium plugin. -->","yoast_head_json":{"title":"Hotel Fazenda Parador Maritacas - Clube Moms","description":"Hotel Fazenda Parador Maritacas: onde voc\u00ea n\u00e3o precisa se deslocar para muito longe para proporcionar a voc\u00ea e sua fam\u00edlia, todo este descanso e divers\u00e3o!","robots":{"index":"index","follow":"follow","max-snippet":"max-snippet:-1","max-image-preview":"max-image-preview:large","max-video-preview":"max-video-preview:-1"},"canonical":"https:\/\/clubedeviagensmoms.com.br\/homolog\/produto\/hotel-fazenda-parador-maritacas\/","og_locale":"pt_BR","og_type":"article","og_title":"Hotel Fazenda Parador Maritacas - Clube Moms","og_description":"Hotel Fazenda Parador Maritacas: onde voc\u00ea n\u00e3o precisa se deslocar para muito longe para proporcionar a voc\u00ea e sua fam\u00edlia, todo este descanso e divers\u00e3o!","og_url":"https:\/\/clubedeviagensmoms.com.br\/homolog\/produto\/hotel-fazenda-parador-maritacas\/","og_site_name":"Clube Moms","article_modified_time":"2023-08-30T15:25:30+00:00","og_image":[{"width":1024,"height":536,"url":"https:\/\/clubedeviagensmoms.com.br\/homolog\/wp-content\/uploads\/2021\/10\/Piscina-Parador-Maritacas-1024x536-1.jpg","type":"image\/jpeg"}],"twitter_card":"summary_large_image","twitter_misc":{"Est. tempo de leitura":"2 minutos"},"schema":{"@context":"https:\/\/schema.org","@graph":[{"@type":"WebPage","@id":"https:\/\/clubedeviagensmoms.com.br\/homolog\/produto\/hotel-fazenda-parador-maritacas\/","url":"https:\/\/clubedeviagensmoms.com.br\/homolog\/produto\/hotel-fazenda-parador-maritacas\/","name":"Hotel Fazenda Parador Maritacas - Clube Moms","isPartOf":{"@id":"https:\/\/clubedeviagensmoms.com.br\/homolog\/#website"},"datePublished":"2021-10-29T22:55:39+00:00","dateModified":"2023-08-30T15:25:30+00:00","description":"Hotel Fazenda Parador Maritacas: onde voc\u00ea n\u00e3o precisa se deslocar para muito longe para proporcionar a voc\u00ea e sua fam\u00edlia, todo este descanso e divers\u00e3o!","breadcrumb":{"@id":"https:\/\/clubedeviagensmoms.com.br\/homolog\/produto\/hotel-fazenda-parador-maritacas\/#breadcrumb"},"inLanguage":"pt-BR","potentialAction":[{"@type":"ReadAction","target":["https:\/\/clubedeviagensmoms.com.br\/homolog\/produto\/hotel-fazenda-parador-maritacas\/"]}]},{"@type":"BreadcrumbList","@id":"https:\/\/clubedeviagensmoms.com.br\/homolog\/produto\/hotel-fazenda-parador-maritacas\/#breadcrumb","itemListElement":[{"@type":"ListItem","position":1,"name":"Home","item":"https:\/\/clubedeviagensmoms.com.br\/homolog\/"},{"@type":"ListItem","position":2,"name":"Vamos Viajar","item":"https:\/\/clubedeviagensmoms.com.br\/homolog\/shop\/"},{"@type":"ListItem","position":3,"name":"Hotel Fazenda Parador Maritacas"}]},{"@type":"WebSite","@id":"https:\/\/clubedeviagensmoms.com.br\/homolog\/#website","url":"https:\/\/clubedeviagensmoms.com.br\/homolog\/","name":"Clube Moms","description":"O Clube Moms \u00e9 uma ag\u00eancia de turismo com foco em fam\u00edlias com crian\u00e7as, que uno os conceitos de Consultoria Especializada e Clube de Vantagens.","potentialAction":[{"@type":"SearchAction","target":{"@type":"EntryPoint","urlTemplate":"https:\/\/clubedeviagensmoms.com.br\/homolog\/?s={search_term_string}"},"query-input":"required name=search_term_string"}],"inLanguage":"pt-BR"}]}},"_links":{"self":[{"href":"https:\/\/clubedeviagensmoms.com.br\/homolog\/wp-json\/wp\/v2\/product\/4039","targetHints":{"allow":["GET"]}}],"collection":[{"href":"https:\/\/clubedeviagensmoms.com.br\/homolog\/wp-json\/wp\/v2\/product"}],"about":[{"href":"https:\/\/clubedeviagensmoms.com.br\/homolog\/wp-json\/wp\/v2\/types\/product"}],"replies":[{"embeddable":true,"href":"https:\/\/clubedeviagensmoms.com.br\/homolog\/wp-json\/wp\/v2\/comments?post=4039"}],"wp:featuredmedia":[{"embeddable":true,"href":"https:\/\/clubedeviagensmoms.com.br\/homolog\/wp-json\/wp\/v2\/media\/1760"}],"wp:attachment":[{"href":"https:\/\/clubedeviagensmoms.com.br\/homolog\/wp-json\/wp\/v2\/media?parent=4039"}],"wp:term":[{"taxonomy":"product_cat","embeddable":true,"href":"https:\/\/clubedeviagensmoms.com.br\/homolog\/wp-json\/wp\/v2\/product_cat?post=4039"},{"taxonomy":"product_tag","embeddable":true,"href":"https:\/\/clubedeviagensmoms.com.br\/homolog\/wp-json\/wp\/v2\/product_tag?post=4039"}],"curies":[{"name":"wp","href":"https:\/\/api.w.org\/{rel}","templated":true}]}}