{"id":4040,"date":"2021-10-29T19:55:39","date_gmt":"2021-10-29T22:55:39","guid":{"rendered":"http:\/\/clubedeviagensmoms.com.br\/homolog\/taober_wp\/?post_type=product&#038;p=4040"},"modified":"2023-08-30T12:25:29","modified_gmt":"2023-08-30T15:25:29","slug":"hotel-fazenda-gamela-eco-resort","status":"publish","type":"product","link":"https:\/\/clubedeviagensmoms.com.br\/homolog\/produto\/hotel-fazenda-gamela-eco-resort\/","title":{"rendered":"Hotel Fazenda Gamela Eco Resort"},"content":{"rendered":"<h4>O Hotel Fazenda Gamela Eco Resort \u00e9 um lugar de alto padr\u00e3o em instala\u00e7\u00f5es e servi\u00e7os, fortemente voltado para o lazer em \u00e1rea de amplo conv\u00edvio com a natureza.<\/h4>\n<p>&nbsp;<\/p>\n<p>O h\u00f3spede n\u00e3o precisa se afastar para atender suas necessidades de conforto, alimenta\u00e7\u00e3o, lazer e entretenimento. O Hotel Fazenda Gamela Eco Resort \u00e9 certamente a sua possibilidade de vivenciar algo m\u00e1gico. Oferecemos recrea\u00e7\u00e3o para todas as idades. As crian\u00e7as se divertem o dia todo, do mesmo modo que os adultos podem aproveitar o descanso e sossego deste canto da serra. Al\u00e9m disso, podem liberar toda sua adrenalina em nossos esportes de aventura. Al\u00e9m de uma gastronomia tipicamente de fazenda, com os requintes do sabor de comida saud\u00e1vel, cultivadas principalmente por aqui mesmo.<\/p>\n<p>Desde 1980, os propriet\u00e1rios do Gamela Eco Resort come\u00e7aram a receber os primeiros h\u00f3spedes e vem realizando um trabalho dedicado, pautado na honestidade e no prazer em servir \u00e0queles que a procuram para viver momentos de descontra\u00e7\u00e3o e sobretudo felicidade em contato com a natureza.<\/p>\n<p>22,5% da propriedade do Hotel Fazenda Gamela Eco Resort \u00e9 ocupada por reserva de mata nativa. O Gamela faz reflorestamento de \u00e1reas degradadas com eucalipto ex\u00f3tico, legalizado. Utilizada como mat\u00e9ria prima para confec\u00e7\u00e3o de mobili\u00e1rio e combust\u00edvel na gera\u00e7\u00e3o de vapor para o aquecimento de \u00e1gua do hotel, em conjunto com os pain\u00e9is de aquecimento solar.<\/p>\n<p>O Gamela Eco Resort tamb\u00e9m realiza coleta seletiva de res\u00edduos que s\u00e3o fornecidos \u00e0 usina de reciclagem de<span>\u00a0<\/span><a href=\"https:\/\/www.cantagalo.rj.gov.br\/\" target=\"_blank\" rel=\"noopener noreferrer\">Cantagalo<\/a>. Todo o \u00f3leo usado na cozinha do Gamela Eco Resort \u00e9 fornecido a um parceiro local para fabrica\u00e7\u00e3o sab\u00e3o de qualidade, com certifica\u00e7\u00e3o de sustentabilidade. Os dejetos org\u00e2nicos provenientes da limpeza de currais e est\u00e1bulos, s\u00e3o utilizados como fertilizante nas pr\u00f3prias pastagens da fazenda. O Gamela Eco Resort valoriza a m\u00e3o de obra local, gerando empregos e capacita\u00e7\u00e3o para a popula\u00e7\u00e3o da regi\u00e3o.<\/p>\n<p>Confira<span>\u00a0<\/span><a href=\"http:\/\/clubedeviagensmoms.com.br\/homolog\/vamos-viajar\/hoteis\/?swoof=1&amp;pa_destino=rj&amp;really_curr_tax=35-product_cat\" target=\"_blank\" rel=\"noopener noreferrer\">AQUI<\/a><span>\u00a0<\/span>outros hot\u00e9is no Rio de Janeiro que possam ser o que voc\u00ea procura.<\/p>\n","protected":false},"excerpt":{"rendered":"<p>O Hotel Fazenda Gamela Eco Resort possui al\u00e9m do conforto e culin\u00e1ria no fog\u00e3o a lenha, uma linda mata nativa e muito ar puro, tudo para voc\u00ea relaxar!<\/p>\n","protected":false},"featured_media":957,"comment_status":"closed","ping_status":"closed","template":"","meta":[],"product_cat":[21],"product_tag":[],"class_list":["post-4040","product","type-product","status-publish","has-post-thumbnail","hentry","product_cat-hoteis","pa_destino-brasil","pa_destino-cantagalo","pa_destino-rio-de-janeiro","pa_estrutura-lazer-arco-e-flecha","pa_estrutura-lazer-boate","pa_estrutura-lazer-caiaque","pa_estrutura-lazer-campo-de-futebol","pa_estrutura-lazer-cavalos","pa_estrutura-lazer-cinema","pa_estrutura-lazer-copa-baby","pa_estrutura-lazer-estacionamento","pa_estrutura-lazer-fazendinha","pa_estrutura-lazer-jacuzzi","pa_estrutura-lazer-lago","pa_estrutura-lazer-piscina-aquecida","pa_estrutura-lazer-quadra-de-tenis","pa_estrutura-lazer-recreacao","pa_estrutura-lazer-restaurante","pa_estrutura-lazer-sauna","pa_estrutura-lazer-stand-up-paddle","pa_regime-de-alimentacao-pensao-completa","pa_servicos-opcionais-centro-de-convencoes","pa_servicos-opcionais-spa","pa_tipos-de-destinos-hotel-fazenda","pa_tipos-de-destinos-resorts"],"acf":[],"yoast_head":"<!-- This site is optimized with the Yoast SEO Premium plugin v16.0.2 (Yoast SEO v21.2) - https:\/\/yoast.com\/wordpress\/plugins\/seo\/ -->\n<title>Hotel Fazenda Gamela Eco Resort - Clube Moms<\/title>\n<meta name=\"description\" content=\"O Hotel Fazenda Gamela Eco Resort possui al\u00e9m do conforto e culin\u00e1ria no fog\u00e3o a lenha, uma linda mata nativa e muito ar puro, tudo para voc\u00ea relaxar!\" \/>\n<meta name=\"robots\" content=\"index, follow, max-snippet:-1, max-image-preview:large, max-video-preview:-1\" \/>\n<link rel=\"canonical\" href=\"https:\/\/clubedeviagensmoms.com.br\/homolog\/produto\/hotel-fazenda-gamela-eco-resort\/\" \/>\n<meta property=\"og:locale\" content=\"pt_BR\" \/>\n<meta property=\"og:type\" content=\"article\" \/>\n<meta property=\"og:title\" content=\"Hotel Fazenda Gamela Eco Resort - Clube Moms\" \/>\n<meta property=\"og:description\" content=\"O Hotel Fazenda Gamela Eco Resort possui al\u00e9m do conforto e culin\u00e1ria no fog\u00e3o a lenha, uma linda mata nativa e muito ar puro, tudo para voc\u00ea relaxar!\" \/>\n<meta property=\"og:url\" content=\"https:\/\/clubedeviagensmoms.com.br\/homolog\/produto\/hotel-fazenda-gamela-eco-resort\/\" \/>\n<meta property=\"og:site_name\" content=\"Clube Moms\" \/>\n<meta property=\"article:modified_time\" content=\"2023-08-30T15:25:29+00:00\" \/>\n<meta property=\"og:image\" content=\"https:\/\/clubedeviagensmoms.com.br\/homolog\/wp-content\/uploads\/2021\/10\/rea-da-Piscina-Gamela-Eco-Resort-1.jpg\" \/>\n\t<meta property=\"og:image:width\" content=\"1200\" \/>\n\t<meta property=\"og:image:height\" content=\"628\" \/>\n\t<meta property=\"og:image:type\" content=\"image\/jpeg\" \/>\n<meta name=\"twitter:card\" content=\"summary_large_image\" \/>\n<meta name=\"twitter:label1\" content=\"Est. tempo de leitura\" \/>\n\t<meta name=\"twitter:data1\" content=\"2 minutos\" \/>\n<script type=\"application\/ld+json\" class=\"yoast-schema-graph\">{\"@context\":\"https:\/\/schema.org\",\"@graph\":[{\"@type\":\"WebPage\",\"@id\":\"https:\/\/clubedeviagensmoms.com.br\/homolog\/produto\/hotel-fazenda-gamela-eco-resort\/\",\"url\":\"https:\/\/clubedeviagensmoms.com.br\/homolog\/produto\/hotel-fazenda-gamela-eco-resort\/\",\"name\":\"Hotel Fazenda Gamela Eco Resort - Clube Moms\",\"isPartOf\":{\"@id\":\"https:\/\/clubedeviagensmoms.com.br\/homolog\/#website\"},\"datePublished\":\"2021-10-29T22:55:39+00:00\",\"dateModified\":\"2023-08-30T15:25:29+00:00\",\"description\":\"O Hotel Fazenda Gamela Eco Resort possui al\u00e9m do conforto e culin\u00e1ria no fog\u00e3o a lenha, uma linda mata nativa e muito ar puro, tudo para voc\u00ea relaxar!\",\"breadcrumb\":{\"@id\":\"https:\/\/clubedeviagensmoms.com.br\/homolog\/produto\/hotel-fazenda-gamela-eco-resort\/#breadcrumb\"},\"inLanguage\":\"pt-BR\",\"potentialAction\":[{\"@type\":\"ReadAction\",\"target\":[\"https:\/\/clubedeviagensmoms.com.br\/homolog\/produto\/hotel-fazenda-gamela-eco-resort\/\"]}]},{\"@type\":\"BreadcrumbList\",\"@id\":\"https:\/\/clubedeviagensmoms.com.br\/homolog\/produto\/hotel-fazenda-gamela-eco-resort\/#breadcrumb\",\"itemListElement\":[{\"@type\":\"ListItem\",\"position\":1,\"name\":\"Home\",\"item\":\"https:\/\/clubedeviagensmoms.com.br\/homolog\/\"},{\"@type\":\"ListItem\",\"position\":2,\"name\":\"Vamos Viajar\",\"item\":\"https:\/\/clubedeviagensmoms.com.br\/homolog\/shop\/\"},{\"@type\":\"ListItem\",\"position\":3,\"name\":\"Hotel Fazenda Gamela Eco Resort\"}]},{\"@type\":\"WebSite\",\"@id\":\"https:\/\/clubedeviagensmoms.com.br\/homolog\/#website\",\"url\":\"https:\/\/clubedeviagensmoms.com.br\/homolog\/\",\"name\":\"Clube Moms\",\"description\":\"O Clube Moms \u00e9 uma ag\u00eancia de turismo com foco em fam\u00edlias com crian\u00e7as, que uno os conceitos de Consultoria Especializada e Clube de Vantagens.\",\"potentialAction\":[{\"@type\":\"SearchAction\",\"target\":{\"@type\":\"EntryPoint\",\"urlTemplate\":\"https:\/\/clubedeviagensmoms.com.br\/homolog\/?s={search_term_string}\"},\"query-input\":\"required name=search_term_string\"}],\"inLanguage\":\"pt-BR\"}]}<\/script>\n<!-- \/ Yoast SEO Premium plugin. -->","yoast_head_json":{"title":"Hotel Fazenda Gamela Eco Resort - Clube Moms","description":"O Hotel Fazenda Gamela Eco Resort possui al\u00e9m do conforto e culin\u00e1ria no fog\u00e3o a lenha, uma linda mata nativa e muito ar puro, tudo para voc\u00ea relaxar!","robots":{"index":"index","follow":"follow","max-snippet":"max-snippet:-1","max-image-preview":"max-image-preview:large","max-video-preview":"max-video-preview:-1"},"canonical":"https:\/\/clubedeviagensmoms.com.br\/homolog\/produto\/hotel-fazenda-gamela-eco-resort\/","og_locale":"pt_BR","og_type":"article","og_title":"Hotel Fazenda Gamela Eco Resort - Clube Moms","og_description":"O Hotel Fazenda Gamela Eco Resort possui al\u00e9m do conforto e culin\u00e1ria no fog\u00e3o a lenha, uma linda mata nativa e muito ar puro, tudo para voc\u00ea relaxar!","og_url":"https:\/\/clubedeviagensmoms.com.br\/homolog\/produto\/hotel-fazenda-gamela-eco-resort\/","og_site_name":"Clube Moms","article_modified_time":"2023-08-30T15:25:29+00:00","og_image":[{"width":1200,"height":628,"url":"https:\/\/clubedeviagensmoms.com.br\/homolog\/wp-content\/uploads\/2021\/10\/rea-da-Piscina-Gamela-Eco-Resort-1.jpg","type":"image\/jpeg"}],"twitter_card":"summary_large_image","twitter_misc":{"Est. tempo de leitura":"2 minutos"},"schema":{"@context":"https:\/\/schema.org","@graph":[{"@type":"WebPage","@id":"https:\/\/clubedeviagensmoms.com.br\/homolog\/produto\/hotel-fazenda-gamela-eco-resort\/","url":"https:\/\/clubedeviagensmoms.com.br\/homolog\/produto\/hotel-fazenda-gamela-eco-resort\/","name":"Hotel Fazenda Gamela Eco Resort - Clube Moms","isPartOf":{"@id":"https:\/\/clubedeviagensmoms.com.br\/homolog\/#website"},"datePublished":"2021-10-29T22:55:39+00:00","dateModified":"2023-08-30T15:25:29+00:00","description":"O Hotel Fazenda Gamela Eco Resort possui al\u00e9m do conforto e culin\u00e1ria no fog\u00e3o a lenha, uma linda mata nativa e muito ar puro, tudo para voc\u00ea relaxar!","breadcrumb":{"@id":"https:\/\/clubedeviagensmoms.com.br\/homolog\/produto\/hotel-fazenda-gamela-eco-resort\/#breadcrumb"},"inLanguage":"pt-BR","potentialAction":[{"@type":"ReadAction","target":["https:\/\/clubedeviagensmoms.com.br\/homolog\/produto\/hotel-fazenda-gamela-eco-resort\/"]}]},{"@type":"BreadcrumbList","@id":"https:\/\/clubedeviagensmoms.com.br\/homolog\/produto\/hotel-fazenda-gamela-eco-resort\/#breadcrumb","itemListElement":[{"@type":"ListItem","position":1,"name":"Home","item":"https:\/\/clubedeviagensmoms.com.br\/homolog\/"},{"@type":"ListItem","position":2,"name":"Vamos Viajar","item":"https:\/\/clubedeviagensmoms.com.br\/homolog\/shop\/"},{"@type":"ListItem","position":3,"name":"Hotel Fazenda Gamela Eco Resort"}]},{"@type":"WebSite","@id":"https:\/\/clubedeviagensmoms.com.br\/homolog\/#website","url":"https:\/\/clubedeviagensmoms.com.br\/homolog\/","name":"Clube Moms","description":"O Clube Moms \u00e9 uma ag\u00eancia de turismo com foco em fam\u00edlias com crian\u00e7as, que uno os conceitos de Consultoria Especializada e Clube de Vantagens.","potentialAction":[{"@type":"SearchAction","target":{"@type":"EntryPoint","urlTemplate":"https:\/\/clubedeviagensmoms.com.br\/homolog\/?s={search_term_string}"},"query-input":"required name=search_term_string"}],"inLanguage":"pt-BR"}]}},"_links":{"self":[{"href":"https:\/\/clubedeviagensmoms.com.br\/homolog\/wp-json\/wp\/v2\/product\/4040","targetHints":{"allow":["GET"]}}],"collection":[{"href":"https:\/\/clubedeviagensmoms.com.br\/homolog\/wp-json\/wp\/v2\/product"}],"about":[{"href":"https:\/\/clubedeviagensmoms.com.br\/homolog\/wp-json\/wp\/v2\/types\/product"}],"replies":[{"embeddable":true,"href":"https:\/\/clubedeviagensmoms.com.br\/homolog\/wp-json\/wp\/v2\/comments?post=4040"}],"wp:featuredmedia":[{"embeddable":true,"href":"https:\/\/clubedeviagensmoms.com.br\/homolog\/wp-json\/wp\/v2\/media\/957"}],"wp:attachment":[{"href":"https:\/\/clubedeviagensmoms.com.br\/homolog\/wp-json\/wp\/v2\/media?parent=4040"}],"wp:term":[{"taxonomy":"product_cat","embeddable":true,"href":"https:\/\/clubedeviagensmoms.com.br\/homolog\/wp-json\/wp\/v2\/product_cat?post=4040"},{"taxonomy":"product_tag","embeddable":true,"href":"https:\/\/clubedeviagensmoms.com.br\/homolog\/wp-json\/wp\/v2\/product_tag?post=4040"}],"curies":[{"name":"wp","href":"https:\/\/api.w.org\/{rel}","templated":true}]}}