{"id":4042,"date":"2021-10-29T19:55:40","date_gmt":"2021-10-29T22:55:40","guid":{"rendered":"http:\/\/clubedeviagensmoms.com.br\/homolog\/taober_wp\/?post_type=product&#038;p=4042"},"modified":"2023-08-30T12:25:28","modified_gmt":"2023-08-30T15:25:28","slug":"hotel-fazenda-florenca","status":"publish","type":"product","link":"https:\/\/clubedeviagensmoms.com.br\/homolog\/produto\/hotel-fazenda-florenca\/","title":{"rendered":"Hotel Fazenda Floren\u00e7a"},"content":{"rendered":"<h4>A Fazenda Floren\u00e7a foi fundada pelo cl\u00e3 dos Teixeira Leite, de origem portuguesa.<\/h4>\n<p>&nbsp;<\/p>\n<p>Vindos de Minas Gerais, eles foram atra\u00eddos para o<span>\u00a0<\/span>Vale do Para\u00edba<span>\u00a0<\/span>pela riqueza do caf\u00e9 no s\u00e9culo XIX. No interior do casar\u00e3o, os h\u00f3spedes fazem uma viagem pelo tempo em forma de objetos originais do s\u00e9culo XIX, como bengalas, cartolas, porcelanas, entre outros, na Fazenda Floren\u00e7a.<\/p>\n<p>Para a crian\u00e7ada, o Hotel Fazenda Floren\u00e7a tem in\u00fameras op\u00e7\u00f5es que valorizam o contato com a natureza e com os animais. Na Fazendinha, elas s\u00e3o levadas por recreadores especializados para n\u00e3o apenas conhecerem, como tamb\u00e9m interagirem com os bichinhos, alimentando-os e conhecendo mais sobre eles. Logo depois, fazem um passeio de charrete at\u00e9 o Parquinho, onde a divers\u00e3o continua. A crian\u00e7ada pode participar de brincadeiras de roda, pique, oficinas de desenho, de queijo, de biscoitos e da Brinquedol\u00e2ndia, espa\u00e7o projetado primordialmente para elas.<\/p>\n<p>Para a fam\u00edlia, h\u00e1 atividades como a visita guiada pelo imponente casar\u00e3o hist\u00f3rico do Ciclo do Caf\u00e9. O Hotel Fazenda Floren\u00e7a conta tamb\u00e9m quadras de esporte, campo de futebol, piscinas, sendo uma para beb\u00eas e outra t\u00e9rmica, bar, sauna, sal\u00e3o de jogos, sala de massagem e sala fitness com modernos aparelhos.<\/p>\n<p>O dia do Hotel Fazenda Floren\u00e7a se inicia com um farto e delicioso caf\u00e9 da manh\u00e3. No almo\u00e7o e no jantar s\u00e3o servidos pratos saud\u00e1veis e ainda assim saborosos da cozinha mineira e da cozinha italiana. Todos s\u00e3o acompanhados por maravilhosas saladas elaboradas com produtos da nossa horta org\u00e2nica. A comida \u00e9 feita no fog\u00e3o a lenha, assim como nossos deliciosos doces feitos em \u201ctachos\u201d de cobre. O almo\u00e7o da Fazenda Floren\u00e7a \u00e9 servido no restaurante do hotel (Dom Jo\u00e3o) que foi indicado pelo Guia 4 Rodas 2011 como o melhor restaurante de Conservat\u00f3ria.<\/p>\n<p>&nbsp;<\/p>\n<p>Venha conhecer e desfrutar do Hotel Fazenda Floren\u00e7a! Voc\u00ea n\u00e3o vai se arrepender!<\/p>\n<p>Se voc\u00ea ainda n\u00e3o conhece nossas redes sociais, vem dar uma conferida no nosso<span>\u00a0<\/span><a href=\"https:\/\/www.instagram.com\/clubedeviagensmoms\/\">Instagram<\/a><span>\u00a0<\/span>e tamb\u00e9m na nossa<span>\u00a0<\/span><a href=\"https:\/\/www.facebook.com\/ClubeDeViagensMoms\/?hc_ref=ARREVFAUN6kemqQPikWPR6yOVqfolWuZ4Gm2u6EX4fJ2-jyHER8eDB5si8DvGkabbOE&amp;fref=nf&amp;__xts__[0]=68.ARAXJqd_Jm68dG9qh_a7A_hAS8hHGdRg1Cq8Je9my1EPnGBRo26TI37xs6IY6NhynKSzyIDhPcBRqvr6Nzuwi7g2W4UPO84T0-vU7mWKXia_C51FzzqVsE3HthHbuQetTo9gapY&amp;__tn__=kC-R\">p\u00e1gina do Facebook<\/a>! Ainda, temos um<span>\u00a0<\/span><a href=\"https:\/\/www.facebook.com\/groups\/clubedeviagensmoms\/\">grupo do Facebook<\/a>, ent\u00e3o, venha fazer parte!<\/p>\n<p>E se voc\u00ea quiser conferir nossos outros hot\u00e9is parceiros, clique<span>\u00a0<\/span><a href=\"http:\/\/clubedeviagensmoms.com.br\/homolog\/vamos-viajar\/hoteis\/\" target=\"_blank\" rel=\"noopener noreferrer\">aqui<\/a>!<\/p>\n","protected":false},"excerpt":{"rendered":"<p>Hotel Fazenda Floren\u00e7a: Gastronomia, Lazer e Cultura tudo num mesmo lugar para toda a fam\u00edlia! A maior refer\u00eancia tur\u00edstica e cultural de Conservat\u00f3ria.<\/p>\n","protected":false},"featured_media":1806,"comment_status":"closed","ping_status":"closed","template":"","meta":[],"product_cat":[21],"product_tag":[27,28,145,29,30,31,32,33,276,35,36,37,186,38,39,40],"class_list":["post-4042","product","type-product","status-publish","has-post-thumbnail","hentry","product_cat-hoteis","product_tag-clube-de-viagens-moms","product_tag-clube-moms","product_tag-conservatoria","product_tag-criancas","product_tag-diversao","product_tag-diversao-em-familia","product_tag-ferias","product_tag-ferias-em-familia","product_tag-hotel-fazenda-florenca","product_tag-recreacao","product_tag-resort","product_tag-rio-de-janeiro","product_tag-sudeste","product_tag-viagem","product_tag-viagem-com-criancas","product_tag-viagem-em-familia","pa_destino-brasil","pa_destino-conservatoria","pa_destino-rio-de-janeiro","pa_estrutura-lazer-academia","pa_estrutura-lazer-bar","pa_estrutura-lazer-campo-de-futebol","pa_estrutura-lazer-estacionamento","pa_estrutura-lazer-fazendinha","pa_estrutura-lazer-kids-club","pa_estrutura-lazer-piscina","pa_estrutura-lazer-piscina-aquecida","pa_estrutura-lazer-quadra-de-tenis","pa_estrutura-lazer-recreacao","pa_estrutura-lazer-restaurante","pa_estrutura-lazer-sala-de-tv","pa_estrutura-lazer-salao-de-jogos","pa_estrutura-lazer-sauna","pa_estrutura-lazer-trilhas","pa_necessidades-especiais-acessibilidade","pa_regime-de-alimentacao-pensao-completa","pa_servicos-opcionais-charrete","pa_servicos-opcionais-lavanderia","pa_servicos-opcionais-loja-de-presentes","pa_servicos-opcionais-piscina-termal","pa_servicos-opcionais-servico-de-massagem","pa_servicos-opcionais-servico-de-passar-roupas"],"acf":[],"yoast_head":"<!-- This site is optimized with the Yoast SEO Premium plugin v16.0.2 (Yoast SEO v21.2) - https:\/\/yoast.com\/wordpress\/plugins\/seo\/ -->\n<title>Hotel Fazenda Floren\u00e7a - Clube Moms<\/title>\n<meta name=\"description\" content=\"Hotel Fazenda Floren\u00e7a: Gastronomia, Lazer e Cultura tudo num mesmo lugar para toda a fam\u00edlia! A maior refer\u00eancia tur\u00edstica e cultural de Conservat\u00f3ria.\" \/>\n<meta name=\"robots\" content=\"index, follow, max-snippet:-1, max-image-preview:large, max-video-preview:-1\" \/>\n<link rel=\"canonical\" href=\"https:\/\/clubedeviagensmoms.com.br\/homolog\/produto\/hotel-fazenda-florenca\/\" \/>\n<meta property=\"og:locale\" content=\"pt_BR\" \/>\n<meta property=\"og:type\" content=\"article\" \/>\n<meta property=\"og:title\" content=\"Hotel Fazenda Floren\u00e7a - Clube Moms\" \/>\n<meta property=\"og:description\" content=\"Hotel Fazenda Floren\u00e7a: Gastronomia, Lazer e Cultura tudo num mesmo lugar para toda a fam\u00edlia! A maior refer\u00eancia tur\u00edstica e cultural de Conservat\u00f3ria.\" \/>\n<meta property=\"og:url\" content=\"https:\/\/clubedeviagensmoms.com.br\/homolog\/produto\/hotel-fazenda-florenca\/\" \/>\n<meta property=\"og:site_name\" content=\"Clube Moms\" \/>\n<meta property=\"article:modified_time\" content=\"2023-08-30T15:25:28+00:00\" \/>\n<meta property=\"og:image\" content=\"https:\/\/clubedeviagensmoms.com.br\/homolog\/wp-content\/uploads\/2021\/10\/fazenda-florenca-piscina.jpg\" \/>\n\t<meta property=\"og:image:width\" content=\"1200\" \/>\n\t<meta property=\"og:image:height\" content=\"628\" \/>\n\t<meta property=\"og:image:type\" content=\"image\/jpeg\" \/>\n<meta name=\"twitter:card\" content=\"summary_large_image\" \/>\n<meta name=\"twitter:label1\" content=\"Est. tempo de leitura\" \/>\n\t<meta name=\"twitter:data1\" content=\"2 minutos\" \/>\n<script type=\"application\/ld+json\" class=\"yoast-schema-graph\">{\"@context\":\"https:\/\/schema.org\",\"@graph\":[{\"@type\":\"WebPage\",\"@id\":\"https:\/\/clubedeviagensmoms.com.br\/homolog\/produto\/hotel-fazenda-florenca\/\",\"url\":\"https:\/\/clubedeviagensmoms.com.br\/homolog\/produto\/hotel-fazenda-florenca\/\",\"name\":\"Hotel Fazenda Floren\u00e7a - Clube Moms\",\"isPartOf\":{\"@id\":\"https:\/\/clubedeviagensmoms.com.br\/homolog\/#website\"},\"datePublished\":\"2021-10-29T22:55:40+00:00\",\"dateModified\":\"2023-08-30T15:25:28+00:00\",\"description\":\"Hotel Fazenda Floren\u00e7a: Gastronomia, Lazer e Cultura tudo num mesmo lugar para toda a fam\u00edlia! A maior refer\u00eancia tur\u00edstica e cultural de Conservat\u00f3ria.\",\"breadcrumb\":{\"@id\":\"https:\/\/clubedeviagensmoms.com.br\/homolog\/produto\/hotel-fazenda-florenca\/#breadcrumb\"},\"inLanguage\":\"pt-BR\",\"potentialAction\":[{\"@type\":\"ReadAction\",\"target\":[\"https:\/\/clubedeviagensmoms.com.br\/homolog\/produto\/hotel-fazenda-florenca\/\"]}]},{\"@type\":\"BreadcrumbList\",\"@id\":\"https:\/\/clubedeviagensmoms.com.br\/homolog\/produto\/hotel-fazenda-florenca\/#breadcrumb\",\"itemListElement\":[{\"@type\":\"ListItem\",\"position\":1,\"name\":\"Home\",\"item\":\"https:\/\/clubedeviagensmoms.com.br\/homolog\/\"},{\"@type\":\"ListItem\",\"position\":2,\"name\":\"Vamos Viajar\",\"item\":\"https:\/\/clubedeviagensmoms.com.br\/homolog\/shop\/\"},{\"@type\":\"ListItem\",\"position\":3,\"name\":\"Hotel Fazenda Floren\u00e7a\"}]},{\"@type\":\"WebSite\",\"@id\":\"https:\/\/clubedeviagensmoms.com.br\/homolog\/#website\",\"url\":\"https:\/\/clubedeviagensmoms.com.br\/homolog\/\",\"name\":\"Clube Moms\",\"description\":\"O Clube Moms \u00e9 uma ag\u00eancia de turismo com foco em fam\u00edlias com crian\u00e7as, que uno os conceitos de Consultoria Especializada e Clube de Vantagens.\",\"potentialAction\":[{\"@type\":\"SearchAction\",\"target\":{\"@type\":\"EntryPoint\",\"urlTemplate\":\"https:\/\/clubedeviagensmoms.com.br\/homolog\/?s={search_term_string}\"},\"query-input\":\"required name=search_term_string\"}],\"inLanguage\":\"pt-BR\"}]}<\/script>\n<!-- \/ Yoast SEO Premium plugin. -->","yoast_head_json":{"title":"Hotel Fazenda Floren\u00e7a - Clube Moms","description":"Hotel Fazenda Floren\u00e7a: Gastronomia, Lazer e Cultura tudo num mesmo lugar para toda a fam\u00edlia! A maior refer\u00eancia tur\u00edstica e cultural de Conservat\u00f3ria.","robots":{"index":"index","follow":"follow","max-snippet":"max-snippet:-1","max-image-preview":"max-image-preview:large","max-video-preview":"max-video-preview:-1"},"canonical":"https:\/\/clubedeviagensmoms.com.br\/homolog\/produto\/hotel-fazenda-florenca\/","og_locale":"pt_BR","og_type":"article","og_title":"Hotel Fazenda Floren\u00e7a - Clube Moms","og_description":"Hotel Fazenda Floren\u00e7a: Gastronomia, Lazer e Cultura tudo num mesmo lugar para toda a fam\u00edlia! A maior refer\u00eancia tur\u00edstica e cultural de Conservat\u00f3ria.","og_url":"https:\/\/clubedeviagensmoms.com.br\/homolog\/produto\/hotel-fazenda-florenca\/","og_site_name":"Clube Moms","article_modified_time":"2023-08-30T15:25:28+00:00","og_image":[{"width":1200,"height":628,"url":"https:\/\/clubedeviagensmoms.com.br\/homolog\/wp-content\/uploads\/2021\/10\/fazenda-florenca-piscina.jpg","type":"image\/jpeg"}],"twitter_card":"summary_large_image","twitter_misc":{"Est. tempo de leitura":"2 minutos"},"schema":{"@context":"https:\/\/schema.org","@graph":[{"@type":"WebPage","@id":"https:\/\/clubedeviagensmoms.com.br\/homolog\/produto\/hotel-fazenda-florenca\/","url":"https:\/\/clubedeviagensmoms.com.br\/homolog\/produto\/hotel-fazenda-florenca\/","name":"Hotel Fazenda Floren\u00e7a - Clube Moms","isPartOf":{"@id":"https:\/\/clubedeviagensmoms.com.br\/homolog\/#website"},"datePublished":"2021-10-29T22:55:40+00:00","dateModified":"2023-08-30T15:25:28+00:00","description":"Hotel Fazenda Floren\u00e7a: Gastronomia, Lazer e Cultura tudo num mesmo lugar para toda a fam\u00edlia! A maior refer\u00eancia tur\u00edstica e cultural de Conservat\u00f3ria.","breadcrumb":{"@id":"https:\/\/clubedeviagensmoms.com.br\/homolog\/produto\/hotel-fazenda-florenca\/#breadcrumb"},"inLanguage":"pt-BR","potentialAction":[{"@type":"ReadAction","target":["https:\/\/clubedeviagensmoms.com.br\/homolog\/produto\/hotel-fazenda-florenca\/"]}]},{"@type":"BreadcrumbList","@id":"https:\/\/clubedeviagensmoms.com.br\/homolog\/produto\/hotel-fazenda-florenca\/#breadcrumb","itemListElement":[{"@type":"ListItem","position":1,"name":"Home","item":"https:\/\/clubedeviagensmoms.com.br\/homolog\/"},{"@type":"ListItem","position":2,"name":"Vamos Viajar","item":"https:\/\/clubedeviagensmoms.com.br\/homolog\/shop\/"},{"@type":"ListItem","position":3,"name":"Hotel Fazenda Floren\u00e7a"}]},{"@type":"WebSite","@id":"https:\/\/clubedeviagensmoms.com.br\/homolog\/#website","url":"https:\/\/clubedeviagensmoms.com.br\/homolog\/","name":"Clube Moms","description":"O Clube Moms \u00e9 uma ag\u00eancia de turismo com foco em fam\u00edlias com crian\u00e7as, que uno os conceitos de Consultoria Especializada e Clube de Vantagens.","potentialAction":[{"@type":"SearchAction","target":{"@type":"EntryPoint","urlTemplate":"https:\/\/clubedeviagensmoms.com.br\/homolog\/?s={search_term_string}"},"query-input":"required name=search_term_string"}],"inLanguage":"pt-BR"}]}},"_links":{"self":[{"href":"https:\/\/clubedeviagensmoms.com.br\/homolog\/wp-json\/wp\/v2\/product\/4042","targetHints":{"allow":["GET"]}}],"collection":[{"href":"https:\/\/clubedeviagensmoms.com.br\/homolog\/wp-json\/wp\/v2\/product"}],"about":[{"href":"https:\/\/clubedeviagensmoms.com.br\/homolog\/wp-json\/wp\/v2\/types\/product"}],"replies":[{"embeddable":true,"href":"https:\/\/clubedeviagensmoms.com.br\/homolog\/wp-json\/wp\/v2\/comments?post=4042"}],"wp:featuredmedia":[{"embeddable":true,"href":"https:\/\/clubedeviagensmoms.com.br\/homolog\/wp-json\/wp\/v2\/media\/1806"}],"wp:attachment":[{"href":"https:\/\/clubedeviagensmoms.com.br\/homolog\/wp-json\/wp\/v2\/media?parent=4042"}],"wp:term":[{"taxonomy":"product_cat","embeddable":true,"href":"https:\/\/clubedeviagensmoms.com.br\/homolog\/wp-json\/wp\/v2\/product_cat?post=4042"},{"taxonomy":"product_tag","embeddable":true,"href":"https:\/\/clubedeviagensmoms.com.br\/homolog\/wp-json\/wp\/v2\/product_tag?post=4042"}],"curies":[{"name":"wp","href":"https:\/\/api.w.org\/{rel}","templated":true}]}}