{"id":4043,"date":"2021-10-29T19:55:40","date_gmt":"2021-10-29T22:55:40","guid":{"rendered":"http:\/\/clubedeviagensmoms.com.br\/homolog\/taober_wp\/?post_type=product&#038;p=4043"},"modified":"2023-08-30T12:25:26","modified_gmt":"2023-08-30T15:25:26","slug":"hotel-don-quijote-buzios","status":"publish","type":"product","link":"https:\/\/clubedeviagensmoms.com.br\/homolog\/produto\/hotel-don-quijote-buzios\/","title":{"rendered":"Hotel Don Quijote B\u00fazios"},"content":{"rendered":"<h4>O Hotel Don Quijote B\u00fazios fica a menos de 300 metros da famosa Rua das Pedras e de todas as facilidades do com\u00e9rcio local, n\u00e3o perca!<\/h4>\n<p>&nbsp;<\/p>\n<p>A 28 anos no mercado, no Centro, o Hotel Don Quijote B\u00fazios fica apenas 5 minutos da charmosa Rua das Pedras, restaurantes, bares e lojas de grife. Com f\u00e1cil acesso tamb\u00e9m \u00e0s principais praias, como: Praia do Canto, Praia dos Amores, Praia das Virgens e Praia da Arma\u00e7\u00e3o. A localiza\u00e7\u00e3o \u00e9 \u00f3tima para quem deseja estar perto de tudo sem perder tranquilidade. S\u00f3 para exemplificar, a Rodovi\u00e1ria de B\u00fazios se encontra a 4 minutos a p\u00e9 do hotel!<\/p>\n<p>Suas 55 amplas e modernas su\u00edtes com uma decora\u00e7\u00e3o r\u00fastica procuram oferecer conforto e descanso aos h\u00f3spedes. Os servi\u00e7os do hotel incluem piscina, jacuzzi, saunas, bar e um maravilhoso restaurante, sendo assim o local ideal para relaxar em grande estilo.<\/p>\n<p>O Restaurante possui uma aut\u00eantica cozinha que d\u00e1 gosto. Com card\u00e1pio variado, vai desde frutos do mar \u00e0s tradicionais receitas e sobremesas. Seja para um almo\u00e7o em fam\u00edlia ou para um jantar intimista, a sua satisfa\u00e7\u00e3o \u00e9 inegavelmente garantida.<\/p>\n<p>Em frente ao Hotel Don Quijote B\u00fazios, encontra-se o maior parque de entretenimento da Regi\u00e3o dos Lagos, o<span>\u00a0<\/span><a href=\"http:\/\/www.radicalparque.com.br\/index.php\" target=\"_blank\" rel=\"noopener noreferrer\">Radical Parque<\/a>. Com espa\u00e7o de 12.000m\u00b2, chama a aten\u00e7\u00e3o de quem passa pela Estrada da Usina principalmente por conta da estrutura ao ar livre. \u00c9 imposs\u00edvel n\u00e3o notar o pared\u00e3o de escalada, a tirolesa, o trampolim e a grande movimenta\u00e7\u00e3o de pessoas por l\u00e1 a noite.<\/p>\n<p>O parque conta sobretudo com Kart, Boliche, Paintball, Mini Buggy, Mini Kart, Bunguee Trampolim, Tirolesa, Cine 6D, Escalada, Waterball, Arvorismo, Tiro ao Alvo, Hover Kart, Babycar, Mina Roda, \u00c1rea Kids e mais! N\u00e3o deixe de conferir esse centro de divertimento que com toda a certeza elevar\u00e1 a sua estadia.<\/p>\n<p>Venha conhecer e desfrutar do Hotel Don Quijote B\u00fazios! Voc\u00ea n\u00e3o vai se arrepender!<\/p>\n<p>Se voc\u00ea ainda n\u00e3o conhece nossas redes sociais, vem dar uma conferida no nosso<span>\u00a0<\/span><a href=\"https:\/\/www.instagram.com\/clubedeviagensmoms\/\">Instagram<\/a><span>\u00a0<\/span>e tamb\u00e9m na nossa<span>\u00a0<\/span><a href=\"https:\/\/www.facebook.com\/ClubeDeViagensMoms\/?hc_ref=ARREVFAUN6kemqQPikWPR6yOVqfolWuZ4Gm2u6EX4fJ2-jyHER8eDB5si8DvGkabbOE&amp;fref=nf&amp;__xts__[0]=68.ARAXJqd_Jm68dG9qh_a7A_hAS8hHGdRg1Cq8Je9my1EPnGBRo26TI37xs6IY6NhynKSzyIDhPcBRqvr6Nzuwi7g2W4UPO84T0-vU7mWKXia_C51FzzqVsE3HthHbuQetTo9gapY&amp;__tn__=kC-R\">p\u00e1gina do Facebook<\/a>! Ainda, temos um<span>\u00a0<\/span><a href=\"https:\/\/www.facebook.com\/groups\/clubedeviagensmoms\/\">grupo do Facebook<\/a>, ent\u00e3o, venha fazer parte!<\/p>\n<p>E se voc\u00ea quiser conferir nossos outros hot\u00e9is parceiros, clique<span>\u00a0<\/span><a href=\"http:\/\/clubedeviagensmoms.com.br\/homolog\/vamos-viajar\/hoteis\/\" target=\"_blank\" rel=\"noopener noreferrer\">aqui<\/a>!<\/p>\n","protected":false},"excerpt":{"rendered":"<p>O Hotel Don Quijote oferece 55 amplas e modernas su\u00edtes com uma decora\u00e7\u00e3o r\u00fastica, entre piscinas e jardins, aliada a uma excelente estrutura de lazer.<\/p>\n","protected":false},"featured_media":1816,"comment_status":"closed","ping_status":"closed","template":"","meta":[],"product_cat":[21],"product_tag":[160,142,27,28,29,30,31,32,33,199,277,37,38,39,59],"class_list":["post-4043","product","type-product","status-publish","has-post-thumbnail","hentry","product_cat-hoteis","product_tag-armacao-de-buzios","product_tag-buzios","product_tag-clube-de-viagens-moms","product_tag-clube-moms","product_tag-criancas","product_tag-diversao","product_tag-diversao-em-familia","product_tag-ferias","product_tag-ferias-em-familia","product_tag-hotel","product_tag-hotel-don-quijote-buzios","product_tag-rio-de-janeiro","product_tag-viagem","product_tag-viagem-com-criancas","product_tag-viagem-em-familia-nao","pa_destino-brasil","pa_destino-buzios","pa_destino-rio-de-janeiro","pa_estrutura-lazer-bar","pa_estrutura-lazer-estacionamento","pa_estrutura-lazer-piscina","pa_estrutura-lazer-praia","pa_estrutura-lazer-restaurante","pa_regime-de-alimentacao-cafe-da-manha","pa_regime-de-alimentacao-fap","pa_regime-de-alimentacao-map","pa_servicos-opcionais-passeios-tour","pa_tipos-de-destinos-praia"],"acf":[],"yoast_head":"<!-- This site is optimized with the Yoast SEO Premium plugin v16.0.2 (Yoast SEO v21.2) - https:\/\/yoast.com\/wordpress\/plugins\/seo\/ -->\n<title>Hotel Don Quijote B\u00fazios - Clube Moms<\/title>\n<meta name=\"description\" content=\"O Hotel Don Quijote B\u00fazios oferece 55 amplas e modernas su\u00edtes com decora\u00e7\u00e3o r\u00fastica, entre piscinas e jardins, aliada a uma excelente estrutura de lazer.\" \/>\n<meta name=\"robots\" content=\"index, follow, max-snippet:-1, max-image-preview:large, max-video-preview:-1\" \/>\n<link rel=\"canonical\" href=\"https:\/\/clubedeviagensmoms.com.br\/homolog\/produto\/hotel-don-quijote-buzios\/\" \/>\n<meta property=\"og:locale\" content=\"pt_BR\" \/>\n<meta property=\"og:type\" content=\"article\" \/>\n<meta property=\"og:title\" content=\"Hotel Don Quijote B\u00fazios - Clube Moms\" \/>\n<meta property=\"og:description\" content=\"O Hotel Don Quijote B\u00fazios oferece 55 amplas e modernas su\u00edtes com decora\u00e7\u00e3o r\u00fastica, entre piscinas e jardins, aliada a uma excelente estrutura de lazer.\" \/>\n<meta property=\"og:url\" content=\"https:\/\/clubedeviagensmoms.com.br\/homolog\/produto\/hotel-don-quijote-buzios\/\" \/>\n<meta property=\"og:site_name\" content=\"Clube Moms\" \/>\n<meta property=\"article:modified_time\" content=\"2023-08-30T15:25:26+00:00\" \/>\n<meta property=\"og:image\" content=\"https:\/\/clubedeviagensmoms.com.br\/homolog\/wp-content\/uploads\/2021\/10\/hotel-don-quijote-buzios-piscina.jpg\" \/>\n\t<meta property=\"og:image:width\" content=\"1200\" \/>\n\t<meta property=\"og:image:height\" content=\"628\" \/>\n\t<meta property=\"og:image:type\" content=\"image\/jpeg\" \/>\n<meta name=\"twitter:card\" content=\"summary_large_image\" \/>\n<meta name=\"twitter:label1\" content=\"Est. tempo de leitura\" \/>\n\t<meta name=\"twitter:data1\" content=\"2 minutos\" \/>\n<script type=\"application\/ld+json\" class=\"yoast-schema-graph\">{\"@context\":\"https:\/\/schema.org\",\"@graph\":[{\"@type\":\"WebPage\",\"@id\":\"https:\/\/clubedeviagensmoms.com.br\/homolog\/produto\/hotel-don-quijote-buzios\/\",\"url\":\"https:\/\/clubedeviagensmoms.com.br\/homolog\/produto\/hotel-don-quijote-buzios\/\",\"name\":\"Hotel Don Quijote B\u00fazios - Clube Moms\",\"isPartOf\":{\"@id\":\"https:\/\/clubedeviagensmoms.com.br\/homolog\/#website\"},\"datePublished\":\"2021-10-29T22:55:40+00:00\",\"dateModified\":\"2023-08-30T15:25:26+00:00\",\"description\":\"O Hotel Don Quijote B\u00fazios oferece 55 amplas e modernas su\u00edtes com decora\u00e7\u00e3o r\u00fastica, entre piscinas e jardins, aliada a uma excelente estrutura de lazer.\",\"breadcrumb\":{\"@id\":\"https:\/\/clubedeviagensmoms.com.br\/homolog\/produto\/hotel-don-quijote-buzios\/#breadcrumb\"},\"inLanguage\":\"pt-BR\",\"potentialAction\":[{\"@type\":\"ReadAction\",\"target\":[\"https:\/\/clubedeviagensmoms.com.br\/homolog\/produto\/hotel-don-quijote-buzios\/\"]}]},{\"@type\":\"BreadcrumbList\",\"@id\":\"https:\/\/clubedeviagensmoms.com.br\/homolog\/produto\/hotel-don-quijote-buzios\/#breadcrumb\",\"itemListElement\":[{\"@type\":\"ListItem\",\"position\":1,\"name\":\"Home\",\"item\":\"https:\/\/clubedeviagensmoms.com.br\/homolog\/\"},{\"@type\":\"ListItem\",\"position\":2,\"name\":\"Vamos Viajar\",\"item\":\"https:\/\/clubedeviagensmoms.com.br\/homolog\/shop\/\"},{\"@type\":\"ListItem\",\"position\":3,\"name\":\"Hotel Don Quijote B\u00fazios\"}]},{\"@type\":\"WebSite\",\"@id\":\"https:\/\/clubedeviagensmoms.com.br\/homolog\/#website\",\"url\":\"https:\/\/clubedeviagensmoms.com.br\/homolog\/\",\"name\":\"Clube Moms\",\"description\":\"O Clube Moms \u00e9 uma ag\u00eancia de turismo com foco em fam\u00edlias com crian\u00e7as, que uno os conceitos de Consultoria Especializada e Clube de Vantagens.\",\"potentialAction\":[{\"@type\":\"SearchAction\",\"target\":{\"@type\":\"EntryPoint\",\"urlTemplate\":\"https:\/\/clubedeviagensmoms.com.br\/homolog\/?s={search_term_string}\"},\"query-input\":\"required name=search_term_string\"}],\"inLanguage\":\"pt-BR\"}]}<\/script>\n<!-- \/ Yoast SEO Premium plugin. -->","yoast_head_json":{"title":"Hotel Don Quijote B\u00fazios - Clube Moms","description":"O Hotel Don Quijote B\u00fazios oferece 55 amplas e modernas su\u00edtes com decora\u00e7\u00e3o r\u00fastica, entre piscinas e jardins, aliada a uma excelente estrutura de lazer.","robots":{"index":"index","follow":"follow","max-snippet":"max-snippet:-1","max-image-preview":"max-image-preview:large","max-video-preview":"max-video-preview:-1"},"canonical":"https:\/\/clubedeviagensmoms.com.br\/homolog\/produto\/hotel-don-quijote-buzios\/","og_locale":"pt_BR","og_type":"article","og_title":"Hotel Don Quijote B\u00fazios - Clube Moms","og_description":"O Hotel Don Quijote B\u00fazios oferece 55 amplas e modernas su\u00edtes com decora\u00e7\u00e3o r\u00fastica, entre piscinas e jardins, aliada a uma excelente estrutura de lazer.","og_url":"https:\/\/clubedeviagensmoms.com.br\/homolog\/produto\/hotel-don-quijote-buzios\/","og_site_name":"Clube Moms","article_modified_time":"2023-08-30T15:25:26+00:00","og_image":[{"width":1200,"height":628,"url":"https:\/\/clubedeviagensmoms.com.br\/homolog\/wp-content\/uploads\/2021\/10\/hotel-don-quijote-buzios-piscina.jpg","type":"image\/jpeg"}],"twitter_card":"summary_large_image","twitter_misc":{"Est. tempo de leitura":"2 minutos"},"schema":{"@context":"https:\/\/schema.org","@graph":[{"@type":"WebPage","@id":"https:\/\/clubedeviagensmoms.com.br\/homolog\/produto\/hotel-don-quijote-buzios\/","url":"https:\/\/clubedeviagensmoms.com.br\/homolog\/produto\/hotel-don-quijote-buzios\/","name":"Hotel Don Quijote B\u00fazios - Clube Moms","isPartOf":{"@id":"https:\/\/clubedeviagensmoms.com.br\/homolog\/#website"},"datePublished":"2021-10-29T22:55:40+00:00","dateModified":"2023-08-30T15:25:26+00:00","description":"O Hotel Don Quijote B\u00fazios oferece 55 amplas e modernas su\u00edtes com decora\u00e7\u00e3o r\u00fastica, entre piscinas e jardins, aliada a uma excelente estrutura de lazer.","breadcrumb":{"@id":"https:\/\/clubedeviagensmoms.com.br\/homolog\/produto\/hotel-don-quijote-buzios\/#breadcrumb"},"inLanguage":"pt-BR","potentialAction":[{"@type":"ReadAction","target":["https:\/\/clubedeviagensmoms.com.br\/homolog\/produto\/hotel-don-quijote-buzios\/"]}]},{"@type":"BreadcrumbList","@id":"https:\/\/clubedeviagensmoms.com.br\/homolog\/produto\/hotel-don-quijote-buzios\/#breadcrumb","itemListElement":[{"@type":"ListItem","position":1,"name":"Home","item":"https:\/\/clubedeviagensmoms.com.br\/homolog\/"},{"@type":"ListItem","position":2,"name":"Vamos Viajar","item":"https:\/\/clubedeviagensmoms.com.br\/homolog\/shop\/"},{"@type":"ListItem","position":3,"name":"Hotel Don Quijote B\u00fazios"}]},{"@type":"WebSite","@id":"https:\/\/clubedeviagensmoms.com.br\/homolog\/#website","url":"https:\/\/clubedeviagensmoms.com.br\/homolog\/","name":"Clube Moms","description":"O Clube Moms \u00e9 uma ag\u00eancia de turismo com foco em fam\u00edlias com crian\u00e7as, que uno os conceitos de Consultoria Especializada e Clube de Vantagens.","potentialAction":[{"@type":"SearchAction","target":{"@type":"EntryPoint","urlTemplate":"https:\/\/clubedeviagensmoms.com.br\/homolog\/?s={search_term_string}"},"query-input":"required name=search_term_string"}],"inLanguage":"pt-BR"}]}},"_links":{"self":[{"href":"https:\/\/clubedeviagensmoms.com.br\/homolog\/wp-json\/wp\/v2\/product\/4043","targetHints":{"allow":["GET"]}}],"collection":[{"href":"https:\/\/clubedeviagensmoms.com.br\/homolog\/wp-json\/wp\/v2\/product"}],"about":[{"href":"https:\/\/clubedeviagensmoms.com.br\/homolog\/wp-json\/wp\/v2\/types\/product"}],"replies":[{"embeddable":true,"href":"https:\/\/clubedeviagensmoms.com.br\/homolog\/wp-json\/wp\/v2\/comments?post=4043"}],"wp:featuredmedia":[{"embeddable":true,"href":"https:\/\/clubedeviagensmoms.com.br\/homolog\/wp-json\/wp\/v2\/media\/1816"}],"wp:attachment":[{"href":"https:\/\/clubedeviagensmoms.com.br\/homolog\/wp-json\/wp\/v2\/media?parent=4043"}],"wp:term":[{"taxonomy":"product_cat","embeddable":true,"href":"https:\/\/clubedeviagensmoms.com.br\/homolog\/wp-json\/wp\/v2\/product_cat?post=4043"},{"taxonomy":"product_tag","embeddable":true,"href":"https:\/\/clubedeviagensmoms.com.br\/homolog\/wp-json\/wp\/v2\/product_tag?post=4043"}],"curies":[{"name":"wp","href":"https:\/\/api.w.org\/{rel}","templated":true}]}}