{"id":4044,"date":"2021-10-29T19:55:40","date_gmt":"2021-10-29T22:55:40","guid":{"rendered":"http:\/\/clubedeviagensmoms.com.br\/homolog\/taober_wp\/?post_type=product&#038;p=4044"},"modified":"2023-08-30T12:25:25","modified_gmt":"2023-08-30T15:25:25","slug":"hotel-do-bosque-eco-resort","status":"publish","type":"product","link":"https:\/\/clubedeviagensmoms.com.br\/homolog\/produto\/hotel-do-bosque-eco-resort\/","title":{"rendered":"Hotel do Bosque Eco Resort"},"content":{"rendered":"<h4 class=\"entry-title\">Prepare-se para viver momentos inesquec\u00edveis no Hotel do Bosque Eco Resort, o para\u00edso entre<span>\u00a0<\/span><a href=\"http:\/\/www.angra.rj.gov.br\/\" target=\"_blank\" rel=\"noopener noreferrer\">Angra dos Reis<\/a><span>\u00a0<\/span>e Paraty.<\/h4>\n<p>&nbsp;<\/p>\n<div class=\"entry-excerpt\">\n<p>O Hotel do Bosque Eco Resort tem certamente a estrutura perfeita para quem deseja descansar, se divertir e curtir bons momentos em contato com a natureza. A natureza preservada do bosque, com mata nativa e 3 quil\u00f4metros de praia, formam o encontro perfeito entre lazer, descanso e conforto. Mergulhe fundo em nossas belezas naturais e desfrute de diversas atividades de lazer: praia privativa, piscinas, sauna, trilhas, atividades aqu\u00e1ticas, quadras esportivas e academia.<\/p>\n<p>Em nossos ambientes, pensados especialmente para proporcionar aconchego e bem-estar, voc\u00ea recarrega suas energias. Nossas amplas acomoda\u00e7\u00f5es oferecem luxo e conforto na medida certa para relaxar e descansar. Al\u00e9m disso, nossa equipe est\u00e1 sempre preparada para prestar servi\u00e7os de alto padr\u00e3o no Hotel do Bosque Eco Resort.<\/p>\n<p>S\u00e3o 48 apartamentos Standard, 44 apartamentos Luxo e 4 su\u00edtes decorados para acomodar sua fam\u00edlia. Nossos amplos e confort\u00e1veis apartamentos e su\u00edtes possuem decora\u00e7\u00e3o e mobili\u00e1rio em constantemente remodela\u00e7\u00e3o e manuten\u00e7\u00e3o. Todos os apartamentos possuem ar-condicionado, frigobar, TV a cabo, wi-fi e cofre.<\/p>\n<\/div>\n<p>O Hotel do Bosque Eco Resort, em Angra dos Reis, disp\u00f5e de uma completa infraestrutura de lazer em 300 mil m\u00b2 de mata nativa pr\u00f3ximo \u00e0 praia. Enquanto os adultos se deliciam com um drink no bar da piscina ou no quiosque da praia, as crian\u00e7as se divertem com as atividades monitoradas pelos recreadores.<\/p>\n<p>Consulte nossa recep\u00e7\u00e3o para receber informa\u00e7\u00f5es e indica\u00e7\u00f5es de ag\u00eancias especializadas em passeios. Voc\u00ea tamb\u00e9m pode solicitar essas op\u00e7\u00f5es pelo setor de reserva enquanto fecha sua hospedagem.<\/p>\n<p>Com espa\u00e7os e card\u00e1pios exclusivos, somos especialistas em eventos sociais e corporativos de diversos formatos, atendendo surpreendentemente de 10 a 350 pessoas no Hotel do Bosque.<\/p>\n<p>Confira<span>\u00a0<\/span><a href=\"http:\/\/clubedeviagensmoms.com.br\/homolog\/vamos-viajar\/hoteis\/?swoof=1&amp;pa_destino=rj&amp;really_curr_tax=35-product_cat\" target=\"_blank\" rel=\"noopener noreferrer\">AQUI<\/a><span>\u00a0<\/span>outros hot\u00e9is no Rio de Janeiro que possam ser o que voc\u00ea procura.<\/p>\n","protected":false},"excerpt":{"rendered":"<p>Natureza preservada, mata nativa e 3 quil\u00f4metros de praia, o encontro perfeito entre lazer, descanso e conforto. Esse \u00e9 o Hotel do Bosque Eco Resort!<\/p>\n","protected":false},"featured_media":1826,"comment_status":"closed","ping_status":"closed","template":"","meta":[],"product_cat":[21],"product_tag":[162,155,278,27,28,29,30,31,32,33,279,280,35,36,37,281,186,38,39,59],"class_list":["post-4044","product","type-product","status-publish","has-post-thumbnail","hentry","product_cat-hoteis","product_tag-angra","product_tag-angra-dos-reis","product_tag-baba","product_tag-clube-de-viagens-moms","product_tag-clube-moms","product_tag-criancas","product_tag-diversao","product_tag-diversao-em-familia","product_tag-ferias","product_tag-ferias-em-familia","product_tag-hotel-do-bosque-eco-resort","product_tag-lavanderia","product_tag-recreacao","product_tag-resort","product_tag-rio-de-janeiro","product_tag-servico-de-massagem","product_tag-sudeste","product_tag-viagem","product_tag-viagem-com-criancas","product_tag-viagem-em-familia-nao","pa_destino-angra-dos-reis","pa_destino-brasil","pa_destino-rio-de-janeiro","pa_estrutura-lazer-acessibilidade","pa_estrutura-lazer-bar","pa_estrutura-lazer-caiaque","pa_estrutura-lazer-campo-de-futebol","pa_estrutura-lazer-copa-baby","pa_estrutura-lazer-estacionamento","pa_estrutura-lazer-lago-para-pescaria","pa_estrutura-lazer-lavanderia","pa_estrutura-lazer-piscina","pa_estrutura-lazer-praia","pa_estrutura-lazer-quadra-de-tenis","pa_estrutura-lazer-recreacao","pa_estrutura-lazer-restaurante","pa_estrutura-lazer-sala-de-reuniao","pa_estrutura-lazer-salao-de-jogos","pa_estrutura-lazer-sauna","pa_regime-de-alimentacao-meia-pensao","pa_regime-de-alimentacao-pensao-completa","pa_servicos-opcionais-lavanderia","pa_servicos-opcionais-loja-de-presentes","pa_servicos-opcionais-passeios-tour","pa_servicos-opcionais-servico-de-babas","pa_servicos-opcionais-servico-de-massagem","pa_servicos-opcionais-servico-de-passar-roupas","pa_tipos-de-destinos-praia","pa_tipos-de-destinos-resorts"],"acf":[],"yoast_head":"<!-- This site is optimized with the Yoast SEO Premium plugin v16.0.2 (Yoast SEO v21.2) - https:\/\/yoast.com\/wordpress\/plugins\/seo\/ -->\n<title>Hotel do Bosque Eco Resort - Clube Moms<\/title>\n<meta name=\"description\" content=\"Natureza preservada, mata nativa e 3 quil\u00f4metros de praia, o encontro perfeito entre lazer, descanso e conforto. Esse \u00e9 o Hotel do Bosque Eco Resort!\" \/>\n<meta name=\"robots\" content=\"index, follow, max-snippet:-1, max-image-preview:large, max-video-preview:-1\" \/>\n<link rel=\"canonical\" href=\"https:\/\/clubedeviagensmoms.com.br\/homolog\/produto\/hotel-do-bosque-eco-resort\/\" \/>\n<meta property=\"og:locale\" content=\"pt_BR\" \/>\n<meta property=\"og:type\" content=\"article\" \/>\n<meta property=\"og:title\" content=\"Hotel do Bosque Eco Resort - Clube Moms\" \/>\n<meta property=\"og:description\" content=\"Natureza preservada, mata nativa e 3 quil\u00f4metros de praia, o encontro perfeito entre lazer, descanso e conforto. Esse \u00e9 o Hotel do Bosque Eco Resort!\" \/>\n<meta property=\"og:url\" content=\"https:\/\/clubedeviagensmoms.com.br\/homolog\/produto\/hotel-do-bosque-eco-resort\/\" \/>\n<meta property=\"og:site_name\" content=\"Clube Moms\" \/>\n<meta property=\"article:modified_time\" content=\"2023-08-30T15:25:25+00:00\" \/>\n<meta property=\"og:image\" content=\"https:\/\/clubedeviagensmoms.com.br\/homolog\/wp-content\/uploads\/2021\/10\/HoteldoBosque_Piscina_28092017_1635-1024x536-1.jpg\" \/>\n\t<meta property=\"og:image:width\" content=\"1024\" \/>\n\t<meta property=\"og:image:height\" content=\"536\" \/>\n\t<meta property=\"og:image:type\" content=\"image\/jpeg\" \/>\n<meta name=\"twitter:card\" content=\"summary_large_image\" \/>\n<meta name=\"twitter:label1\" content=\"Est. tempo de leitura\" \/>\n\t<meta name=\"twitter:data1\" content=\"2 minutos\" \/>\n<script type=\"application\/ld+json\" class=\"yoast-schema-graph\">{\"@context\":\"https:\/\/schema.org\",\"@graph\":[{\"@type\":\"WebPage\",\"@id\":\"https:\/\/clubedeviagensmoms.com.br\/homolog\/produto\/hotel-do-bosque-eco-resort\/\",\"url\":\"https:\/\/clubedeviagensmoms.com.br\/homolog\/produto\/hotel-do-bosque-eco-resort\/\",\"name\":\"Hotel do Bosque Eco Resort - Clube Moms\",\"isPartOf\":{\"@id\":\"https:\/\/clubedeviagensmoms.com.br\/homolog\/#website\"},\"datePublished\":\"2021-10-29T22:55:40+00:00\",\"dateModified\":\"2023-08-30T15:25:25+00:00\",\"description\":\"Natureza preservada, mata nativa e 3 quil\u00f4metros de praia, o encontro perfeito entre lazer, descanso e conforto. Esse \u00e9 o Hotel do Bosque Eco Resort!\",\"breadcrumb\":{\"@id\":\"https:\/\/clubedeviagensmoms.com.br\/homolog\/produto\/hotel-do-bosque-eco-resort\/#breadcrumb\"},\"inLanguage\":\"pt-BR\",\"potentialAction\":[{\"@type\":\"ReadAction\",\"target\":[\"https:\/\/clubedeviagensmoms.com.br\/homolog\/produto\/hotel-do-bosque-eco-resort\/\"]}]},{\"@type\":\"BreadcrumbList\",\"@id\":\"https:\/\/clubedeviagensmoms.com.br\/homolog\/produto\/hotel-do-bosque-eco-resort\/#breadcrumb\",\"itemListElement\":[{\"@type\":\"ListItem\",\"position\":1,\"name\":\"Home\",\"item\":\"https:\/\/clubedeviagensmoms.com.br\/homolog\/\"},{\"@type\":\"ListItem\",\"position\":2,\"name\":\"Vamos Viajar\",\"item\":\"https:\/\/clubedeviagensmoms.com.br\/homolog\/shop\/\"},{\"@type\":\"ListItem\",\"position\":3,\"name\":\"Hotel do Bosque Eco Resort\"}]},{\"@type\":\"WebSite\",\"@id\":\"https:\/\/clubedeviagensmoms.com.br\/homolog\/#website\",\"url\":\"https:\/\/clubedeviagensmoms.com.br\/homolog\/\",\"name\":\"Clube Moms\",\"description\":\"O Clube Moms \u00e9 uma ag\u00eancia de turismo com foco em fam\u00edlias com crian\u00e7as, que uno os conceitos de Consultoria Especializada e Clube de Vantagens.\",\"potentialAction\":[{\"@type\":\"SearchAction\",\"target\":{\"@type\":\"EntryPoint\",\"urlTemplate\":\"https:\/\/clubedeviagensmoms.com.br\/homolog\/?s={search_term_string}\"},\"query-input\":\"required name=search_term_string\"}],\"inLanguage\":\"pt-BR\"}]}<\/script>\n<!-- \/ Yoast SEO Premium plugin. -->","yoast_head_json":{"title":"Hotel do Bosque Eco Resort - Clube Moms","description":"Natureza preservada, mata nativa e 3 quil\u00f4metros de praia, o encontro perfeito entre lazer, descanso e conforto. Esse \u00e9 o Hotel do Bosque Eco Resort!","robots":{"index":"index","follow":"follow","max-snippet":"max-snippet:-1","max-image-preview":"max-image-preview:large","max-video-preview":"max-video-preview:-1"},"canonical":"https:\/\/clubedeviagensmoms.com.br\/homolog\/produto\/hotel-do-bosque-eco-resort\/","og_locale":"pt_BR","og_type":"article","og_title":"Hotel do Bosque Eco Resort - Clube Moms","og_description":"Natureza preservada, mata nativa e 3 quil\u00f4metros de praia, o encontro perfeito entre lazer, descanso e conforto. Esse \u00e9 o Hotel do Bosque Eco Resort!","og_url":"https:\/\/clubedeviagensmoms.com.br\/homolog\/produto\/hotel-do-bosque-eco-resort\/","og_site_name":"Clube Moms","article_modified_time":"2023-08-30T15:25:25+00:00","og_image":[{"width":1024,"height":536,"url":"https:\/\/clubedeviagensmoms.com.br\/homolog\/wp-content\/uploads\/2021\/10\/HoteldoBosque_Piscina_28092017_1635-1024x536-1.jpg","type":"image\/jpeg"}],"twitter_card":"summary_large_image","twitter_misc":{"Est. tempo de leitura":"2 minutos"},"schema":{"@context":"https:\/\/schema.org","@graph":[{"@type":"WebPage","@id":"https:\/\/clubedeviagensmoms.com.br\/homolog\/produto\/hotel-do-bosque-eco-resort\/","url":"https:\/\/clubedeviagensmoms.com.br\/homolog\/produto\/hotel-do-bosque-eco-resort\/","name":"Hotel do Bosque Eco Resort - Clube Moms","isPartOf":{"@id":"https:\/\/clubedeviagensmoms.com.br\/homolog\/#website"},"datePublished":"2021-10-29T22:55:40+00:00","dateModified":"2023-08-30T15:25:25+00:00","description":"Natureza preservada, mata nativa e 3 quil\u00f4metros de praia, o encontro perfeito entre lazer, descanso e conforto. Esse \u00e9 o Hotel do Bosque Eco Resort!","breadcrumb":{"@id":"https:\/\/clubedeviagensmoms.com.br\/homolog\/produto\/hotel-do-bosque-eco-resort\/#breadcrumb"},"inLanguage":"pt-BR","potentialAction":[{"@type":"ReadAction","target":["https:\/\/clubedeviagensmoms.com.br\/homolog\/produto\/hotel-do-bosque-eco-resort\/"]}]},{"@type":"BreadcrumbList","@id":"https:\/\/clubedeviagensmoms.com.br\/homolog\/produto\/hotel-do-bosque-eco-resort\/#breadcrumb","itemListElement":[{"@type":"ListItem","position":1,"name":"Home","item":"https:\/\/clubedeviagensmoms.com.br\/homolog\/"},{"@type":"ListItem","position":2,"name":"Vamos Viajar","item":"https:\/\/clubedeviagensmoms.com.br\/homolog\/shop\/"},{"@type":"ListItem","position":3,"name":"Hotel do Bosque Eco Resort"}]},{"@type":"WebSite","@id":"https:\/\/clubedeviagensmoms.com.br\/homolog\/#website","url":"https:\/\/clubedeviagensmoms.com.br\/homolog\/","name":"Clube Moms","description":"O Clube Moms \u00e9 uma ag\u00eancia de turismo com foco em fam\u00edlias com crian\u00e7as, que uno os conceitos de Consultoria Especializada e Clube de Vantagens.","potentialAction":[{"@type":"SearchAction","target":{"@type":"EntryPoint","urlTemplate":"https:\/\/clubedeviagensmoms.com.br\/homolog\/?s={search_term_string}"},"query-input":"required name=search_term_string"}],"inLanguage":"pt-BR"}]}},"_links":{"self":[{"href":"https:\/\/clubedeviagensmoms.com.br\/homolog\/wp-json\/wp\/v2\/product\/4044","targetHints":{"allow":["GET"]}}],"collection":[{"href":"https:\/\/clubedeviagensmoms.com.br\/homolog\/wp-json\/wp\/v2\/product"}],"about":[{"href":"https:\/\/clubedeviagensmoms.com.br\/homolog\/wp-json\/wp\/v2\/types\/product"}],"replies":[{"embeddable":true,"href":"https:\/\/clubedeviagensmoms.com.br\/homolog\/wp-json\/wp\/v2\/comments?post=4044"}],"wp:featuredmedia":[{"embeddable":true,"href":"https:\/\/clubedeviagensmoms.com.br\/homolog\/wp-json\/wp\/v2\/media\/1826"}],"wp:attachment":[{"href":"https:\/\/clubedeviagensmoms.com.br\/homolog\/wp-json\/wp\/v2\/media?parent=4044"}],"wp:term":[{"taxonomy":"product_cat","embeddable":true,"href":"https:\/\/clubedeviagensmoms.com.br\/homolog\/wp-json\/wp\/v2\/product_cat?post=4044"},{"taxonomy":"product_tag","embeddable":true,"href":"https:\/\/clubedeviagensmoms.com.br\/homolog\/wp-json\/wp\/v2\/product_tag?post=4044"}],"curies":[{"name":"wp","href":"https:\/\/api.w.org\/{rel}","templated":true}]}}