{"id":4046,"date":"2021-10-29T19:55:57","date_gmt":"2021-10-29T22:55:57","guid":{"rendered":"http:\/\/clubedeviagensmoms.com.br\/homolog\/taober_wp\/?post_type=product&#038;p=4046"},"modified":"2023-08-30T12:25:24","modified_gmt":"2023-08-30T15:25:24","slug":"hotel-buhler","status":"publish","type":"product","link":"https:\/\/clubedeviagensmoms.com.br\/homolog\/produto\/hotel-buhler\/","title":{"rendered":"Hotel B\u00fchler"},"content":{"rendered":"<h4>A hist\u00f3ria do Hotel B\u00fchler se inicia com a imigra\u00e7\u00e3o alem\u00e3 e se mistura a hist\u00f3ria de Visconde de Mau\u00e1.<\/h4>\n<p>&nbsp;<\/p>\n<p>A primeira gera\u00e7\u00e3o da fam\u00edlia B\u00fchler chegou \u00e0 regi\u00e3o em 1913 e poucos anos depois j\u00e1 recebia os turistas em suas pr\u00f3prias casas. Desde 1931, o Hotel B\u00fchler recebe seus h\u00f3spedes, sobretudo com aten\u00e7\u00e3o, carinho e cuidado para que eles se sintam em casa. \u00c9 nesse clima familiar que o B\u00fchler construiu sua trajet\u00f3ria e se tornou um dos hot\u00e9is com uma das melhores e maiores infraestrutura de<span>\u00a0<\/span><a href=\"https:\/\/www.viscondedemaua.com.br\/\" target=\"_blank\" rel=\"noopener noreferrer\">Visconde de Mau\u00e1<\/a>. \u00c9 uma proposta diferente de viagem, pois as fam\u00edlias podem sair do hotel para fazer os passeios pela regi\u00e3o e na volta, contar com toda a infraestrutura de lazer que proporciona momentos de muita divers\u00e3o para todos.<\/p>\n<p>S\u00e3o 20 charmosos chal\u00e9s em estilo alem\u00e3o com mobili\u00e1rio r\u00fastico e principalmente aconchegante. Todos disp\u00f5em de lareira, ar condicionado, TV, DVD, varanda com rede, len\u00e7ol t\u00e9rmico, al\u00e9m de chal\u00e9s especiais com hidromassagem.<\/p>\n<p>O Hotel B\u00fchler disp\u00f5e da \u00e1rea verde com mais de 175.000m\u00b2, com certamente muitas op\u00e7\u00f5es de lazer: duchas naturais, sauna, piscina t\u00e9rmica, quadra de esportes, mini golf, jardins, horta, parquinho, casa de bonecas, lagos, cinema, sala de jogos, xadrez gigante, entre outros. O Hotel B\u00fchler possui o selo da EcoHospedagem e temos imenso respeito pela natureza que nos cerca.<\/p>\n<p>Nossa culin\u00e1ria \u00e9 um mimo a parte. P\u00e3es, geleias e bolos caseiros, bem como um p\u00e3o de queijo muito especial. Pizzas artesanais, fondues, pratos t\u00edpicos alem\u00e3es e da tradicional cozinha mineira. Tudo feito com muito carinho pelas m\u00e3os das cozinheiras do Hotel B\u00fchler.<\/p>\n<p>Temos uma excelente e encantadora estrutura pra receber eventos sociais ou corporativos. A ampla \u00e1rea externa do B\u00fchler permite formata\u00e7\u00f5es de eventos de diferentes portes e finalidades, al\u00e9m de sala de conven\u00e7\u00f5es e diferentes sal\u00f5es para realiza\u00e7\u00e3o de confraterniza\u00e7\u00f5es diversas.<\/p>\n<p>Confira<span>\u00a0<\/span><a href=\"http:\/\/clubedeviagensmoms.com.br\/homolog\/vamos-viajar\/hoteis\/?swoof=1&amp;pa_destino=rj&amp;really_curr_tax=35-product_cat\" target=\"_blank\" rel=\"noopener noreferrer\">AQUI<\/a><span>\u00a0<\/span>outros hot\u00e9is no Rio de Janeiro que possam ser o que voc\u00ea procura.<\/p>\n","protected":false},"excerpt":{"rendered":"<p>Desde 1931, o Hotel B\u00fchler recebe seus h\u00f3spedes com aten\u00e7\u00e3o, carinho e cuidado para que eles se sintam em casa, com uma \u00e1rea verde de mais de 175.000m\u00b2.<\/p>\n","protected":false},"featured_media":2035,"comment_status":"closed","ping_status":"closed","template":"","meta":[],"product_cat":[21],"product_tag":[176,27,28,29,30,31,32,33,283,284,37,185,186,38,39,40,154],"class_list":["post-4046","product","type-product","status-publish","has-post-thumbnail","hentry","product_cat-hoteis","product_tag-cafe-da-manha","product_tag-clube-de-viagens-moms","product_tag-clube-moms","product_tag-criancas","product_tag-diversao","product_tag-diversao-em-familia","product_tag-ferias","product_tag-ferias-em-familia","product_tag-hotel-buhler","product_tag-meia-pensao","product_tag-rio-de-janeiro","product_tag-serra","product_tag-sudeste","product_tag-viagem","product_tag-viagem-com-criancas","product_tag-viagem-em-familia","product_tag-visconde-de-maua","pa_destino-brasil","pa_destino-rio-de-janeiro","pa_destino-visconde-de-maua","pa_estrutura-lazer-academia","pa_estrutura-lazer-bar","pa_estrutura-lazer-cinema","pa_estrutura-lazer-estacionamento","pa_estrutura-lazer-hidromassagem","pa_estrutura-lazer-horta-organica","pa_estrutura-lazer-lago","pa_estrutura-lazer-lareira","pa_estrutura-lazer-mini-golf","pa_estrutura-lazer-museu","pa_estrutura-lazer-piscina","pa_estrutura-lazer-piscina-aquecida","pa_estrutura-lazer-quadra-poliesportiva","pa_estrutura-lazer-quadra-tenis","pa_estrutura-lazer-recreacao","pa_estrutura-lazer-restaurante","pa_estrutura-lazer-salao-de-jogos","pa_estrutura-lazer-sauna","pa_estrutura-lazer-trilhas","pa_regime-de-alimentacao-cafe-da-manha","pa_regime-de-alimentacao-meia-pensao","pa_servicos-opcionais-servico-de-massagem","pa_tipos-de-destinos-serra"],"acf":[],"yoast_head":"<!-- This site is optimized with the Yoast SEO Premium plugin v16.0.2 (Yoast SEO v21.2) - https:\/\/yoast.com\/wordpress\/plugins\/seo\/ -->\n<title>Hotel B\u00fchler - Clube Moms<\/title>\n<meta name=\"description\" content=\"Desde 1931, o Hotel B\u00fchler recebe seus h\u00f3spedes com aten\u00e7\u00e3o, carinho e cuidado para que eles se sintam em casa, com uma \u00e1rea verde de mais de 175.000m\u00b2.\" \/>\n<meta name=\"robots\" content=\"index, follow, max-snippet:-1, max-image-preview:large, max-video-preview:-1\" \/>\n<link rel=\"canonical\" href=\"https:\/\/clubedeviagensmoms.com.br\/homolog\/produto\/hotel-buhler\/\" \/>\n<meta property=\"og:locale\" content=\"pt_BR\" \/>\n<meta property=\"og:type\" content=\"article\" \/>\n<meta property=\"og:title\" content=\"Hotel B\u00fchler - Clube Moms\" \/>\n<meta property=\"og:description\" content=\"Desde 1931, o Hotel B\u00fchler recebe seus h\u00f3spedes com aten\u00e7\u00e3o, carinho e cuidado para que eles se sintam em casa, com uma \u00e1rea verde de mais de 175.000m\u00b2.\" \/>\n<meta property=\"og:url\" content=\"https:\/\/clubedeviagensmoms.com.br\/homolog\/produto\/hotel-buhler\/\" \/>\n<meta property=\"og:site_name\" content=\"Clube Moms\" \/>\n<meta property=\"article:modified_time\" content=\"2023-08-30T15:25:24+00:00\" \/>\n<meta property=\"og:image\" content=\"https:\/\/clubedeviagensmoms.com.br\/homolog\/wp-content\/uploads\/2021\/10\/hotel-buhler-piscina-1.jpg\" \/>\n\t<meta property=\"og:image:width\" content=\"1200\" \/>\n\t<meta property=\"og:image:height\" content=\"628\" \/>\n\t<meta property=\"og:image:type\" content=\"image\/jpeg\" \/>\n<meta name=\"twitter:card\" content=\"summary_large_image\" \/>\n<meta name=\"twitter:label1\" content=\"Est. tempo de leitura\" \/>\n\t<meta name=\"twitter:data1\" content=\"2 minutos\" \/>\n<script type=\"application\/ld+json\" class=\"yoast-schema-graph\">{\"@context\":\"https:\/\/schema.org\",\"@graph\":[{\"@type\":\"WebPage\",\"@id\":\"https:\/\/clubedeviagensmoms.com.br\/homolog\/produto\/hotel-buhler\/\",\"url\":\"https:\/\/clubedeviagensmoms.com.br\/homolog\/produto\/hotel-buhler\/\",\"name\":\"Hotel B\u00fchler - Clube Moms\",\"isPartOf\":{\"@id\":\"https:\/\/clubedeviagensmoms.com.br\/homolog\/#website\"},\"datePublished\":\"2021-10-29T22:55:57+00:00\",\"dateModified\":\"2023-08-30T15:25:24+00:00\",\"description\":\"Desde 1931, o Hotel B\u00fchler recebe seus h\u00f3spedes com aten\u00e7\u00e3o, carinho e cuidado para que eles se sintam em casa, com uma \u00e1rea verde de mais de 175.000m\u00b2.\",\"breadcrumb\":{\"@id\":\"https:\/\/clubedeviagensmoms.com.br\/homolog\/produto\/hotel-buhler\/#breadcrumb\"},\"inLanguage\":\"pt-BR\",\"potentialAction\":[{\"@type\":\"ReadAction\",\"target\":[\"https:\/\/clubedeviagensmoms.com.br\/homolog\/produto\/hotel-buhler\/\"]}]},{\"@type\":\"BreadcrumbList\",\"@id\":\"https:\/\/clubedeviagensmoms.com.br\/homolog\/produto\/hotel-buhler\/#breadcrumb\",\"itemListElement\":[{\"@type\":\"ListItem\",\"position\":1,\"name\":\"Home\",\"item\":\"https:\/\/clubedeviagensmoms.com.br\/homolog\/\"},{\"@type\":\"ListItem\",\"position\":2,\"name\":\"Vamos Viajar\",\"item\":\"https:\/\/clubedeviagensmoms.com.br\/homolog\/shop\/\"},{\"@type\":\"ListItem\",\"position\":3,\"name\":\"Hotel B\u00fchler\"}]},{\"@type\":\"WebSite\",\"@id\":\"https:\/\/clubedeviagensmoms.com.br\/homolog\/#website\",\"url\":\"https:\/\/clubedeviagensmoms.com.br\/homolog\/\",\"name\":\"Clube Moms\",\"description\":\"O Clube Moms \u00e9 uma ag\u00eancia de turismo com foco em fam\u00edlias com crian\u00e7as, que uno os conceitos de Consultoria Especializada e Clube de Vantagens.\",\"potentialAction\":[{\"@type\":\"SearchAction\",\"target\":{\"@type\":\"EntryPoint\",\"urlTemplate\":\"https:\/\/clubedeviagensmoms.com.br\/homolog\/?s={search_term_string}\"},\"query-input\":\"required name=search_term_string\"}],\"inLanguage\":\"pt-BR\"}]}<\/script>\n<!-- \/ Yoast SEO Premium plugin. -->","yoast_head_json":{"title":"Hotel B\u00fchler - Clube Moms","description":"Desde 1931, o Hotel B\u00fchler recebe seus h\u00f3spedes com aten\u00e7\u00e3o, carinho e cuidado para que eles se sintam em casa, com uma \u00e1rea verde de mais de 175.000m\u00b2.","robots":{"index":"index","follow":"follow","max-snippet":"max-snippet:-1","max-image-preview":"max-image-preview:large","max-video-preview":"max-video-preview:-1"},"canonical":"https:\/\/clubedeviagensmoms.com.br\/homolog\/produto\/hotel-buhler\/","og_locale":"pt_BR","og_type":"article","og_title":"Hotel B\u00fchler - Clube Moms","og_description":"Desde 1931, o Hotel B\u00fchler recebe seus h\u00f3spedes com aten\u00e7\u00e3o, carinho e cuidado para que eles se sintam em casa, com uma \u00e1rea verde de mais de 175.000m\u00b2.","og_url":"https:\/\/clubedeviagensmoms.com.br\/homolog\/produto\/hotel-buhler\/","og_site_name":"Clube Moms","article_modified_time":"2023-08-30T15:25:24+00:00","og_image":[{"width":1200,"height":628,"url":"https:\/\/clubedeviagensmoms.com.br\/homolog\/wp-content\/uploads\/2021\/10\/hotel-buhler-piscina-1.jpg","type":"image\/jpeg"}],"twitter_card":"summary_large_image","twitter_misc":{"Est. tempo de leitura":"2 minutos"},"schema":{"@context":"https:\/\/schema.org","@graph":[{"@type":"WebPage","@id":"https:\/\/clubedeviagensmoms.com.br\/homolog\/produto\/hotel-buhler\/","url":"https:\/\/clubedeviagensmoms.com.br\/homolog\/produto\/hotel-buhler\/","name":"Hotel B\u00fchler - Clube Moms","isPartOf":{"@id":"https:\/\/clubedeviagensmoms.com.br\/homolog\/#website"},"datePublished":"2021-10-29T22:55:57+00:00","dateModified":"2023-08-30T15:25:24+00:00","description":"Desde 1931, o Hotel B\u00fchler recebe seus h\u00f3spedes com aten\u00e7\u00e3o, carinho e cuidado para que eles se sintam em casa, com uma \u00e1rea verde de mais de 175.000m\u00b2.","breadcrumb":{"@id":"https:\/\/clubedeviagensmoms.com.br\/homolog\/produto\/hotel-buhler\/#breadcrumb"},"inLanguage":"pt-BR","potentialAction":[{"@type":"ReadAction","target":["https:\/\/clubedeviagensmoms.com.br\/homolog\/produto\/hotel-buhler\/"]}]},{"@type":"BreadcrumbList","@id":"https:\/\/clubedeviagensmoms.com.br\/homolog\/produto\/hotel-buhler\/#breadcrumb","itemListElement":[{"@type":"ListItem","position":1,"name":"Home","item":"https:\/\/clubedeviagensmoms.com.br\/homolog\/"},{"@type":"ListItem","position":2,"name":"Vamos Viajar","item":"https:\/\/clubedeviagensmoms.com.br\/homolog\/shop\/"},{"@type":"ListItem","position":3,"name":"Hotel B\u00fchler"}]},{"@type":"WebSite","@id":"https:\/\/clubedeviagensmoms.com.br\/homolog\/#website","url":"https:\/\/clubedeviagensmoms.com.br\/homolog\/","name":"Clube Moms","description":"O Clube Moms \u00e9 uma ag\u00eancia de turismo com foco em fam\u00edlias com crian\u00e7as, que uno os conceitos de Consultoria Especializada e Clube de Vantagens.","potentialAction":[{"@type":"SearchAction","target":{"@type":"EntryPoint","urlTemplate":"https:\/\/clubedeviagensmoms.com.br\/homolog\/?s={search_term_string}"},"query-input":"required name=search_term_string"}],"inLanguage":"pt-BR"}]}},"_links":{"self":[{"href":"https:\/\/clubedeviagensmoms.com.br\/homolog\/wp-json\/wp\/v2\/product\/4046","targetHints":{"allow":["GET"]}}],"collection":[{"href":"https:\/\/clubedeviagensmoms.com.br\/homolog\/wp-json\/wp\/v2\/product"}],"about":[{"href":"https:\/\/clubedeviagensmoms.com.br\/homolog\/wp-json\/wp\/v2\/types\/product"}],"replies":[{"embeddable":true,"href":"https:\/\/clubedeviagensmoms.com.br\/homolog\/wp-json\/wp\/v2\/comments?post=4046"}],"wp:featuredmedia":[{"embeddable":true,"href":"https:\/\/clubedeviagensmoms.com.br\/homolog\/wp-json\/wp\/v2\/media\/2035"}],"wp:attachment":[{"href":"https:\/\/clubedeviagensmoms.com.br\/homolog\/wp-json\/wp\/v2\/media?parent=4046"}],"wp:term":[{"taxonomy":"product_cat","embeddable":true,"href":"https:\/\/clubedeviagensmoms.com.br\/homolog\/wp-json\/wp\/v2\/product_cat?post=4046"},{"taxonomy":"product_tag","embeddable":true,"href":"https:\/\/clubedeviagensmoms.com.br\/homolog\/wp-json\/wp\/v2\/product_tag?post=4046"}],"curies":[{"name":"wp","href":"https:\/\/api.w.org\/{rel}","templated":true}]}}