{"id":4047,"date":"2021-10-29T19:55:57","date_gmt":"2021-10-29T22:55:57","guid":{"rendered":"http:\/\/clubedeviagensmoms.com.br\/homolog\/taober_wp\/?post_type=product&#038;p=4047"},"modified":"2023-08-30T12:25:23","modified_gmt":"2023-08-30T15:25:23","slug":"ferradura-private","status":"publish","type":"product","link":"https:\/\/clubedeviagensmoms.com.br\/homolog\/produto\/ferradura-private\/","title":{"rendered":"Ferradura Private"},"content":{"rendered":"<p>Entre o verde e o mar, em pleno cen\u00e1rio paradis\u00edaco, o Ferradura Private est\u00e1 localizado em um dos pontos mais belos e atraentes da regi\u00e3o. Ele oferece ambientes aconchegantes e servi\u00e7os personalizados que, combinados com o charme de B\u00fazios, garantem \u00e0 sua estadia exclusividade e muita sofistica\u00e7\u00e3o.<\/p>\n<p>Assim, o Ferradura Private combina conforto, entretenimento e qualidade de servi\u00e7os sempre com o compromisso de tornar sua experi\u00eancia \u00fanica. Para isso, oferece a voc\u00ea e \u00e0 sua fam\u00edlia uma excelente estrutura, com ambientes amplos e belo paisagismo.<\/p>\n<p>O hotel ainda faz de sua miss\u00e3o aliar o conforto e a privacidade de sua estadia com a excel\u00eancia nos servi\u00e7os e no atendimento. Seja nas f\u00e9rias, na lua-de-mel ou em um simples feriado rom\u00e2ntico, sempre h\u00e1 o compromisso de tornar sua experi\u00eancia \u00fanica, especial e aconchegante, oferecendo, assim, solu\u00e7\u00f5es sob medida para seu bem-estar durante a estadia.<\/p>\n<p>Por ser bastante exclusivo e preocupado com seus h\u00f3spedes e a qualidade de suas experi\u00eancias, o hotel disp\u00f5e de apenas 15 su\u00edtes, todas com uma vista espetacular para o mar, e equipadas com hidromassagem, TV a cabo com aparelho de LCD de 42?, canais de m\u00fasica, ar-condicionado, telefone, frigobar, cofre e conex\u00e3o gratuita \u00e0 internet sem fio Wi-Fi.<\/p>\n<p>Por fim, para uma experi\u00eancia mais completa, o hotel oferece menus de chefs treinados internacionalmente, que d\u00e3o o tom da cozinha do Ferradura Private, elaborando receitas surpreendentes e saborosas, que s\u00e3o servidas no restaurante. Assim, voc\u00ea poder\u00e1 descobrir o verdadeiro sabor de ser h\u00f3spede no Ferradura Private!<\/p>\n<p>==================<\/p>\n<p>Conhe\u00e7a o Ferradura Resort e fique por dentro de todas as\u00a0<a href=\"http:\/\/clubedeviagensmoms.com.br\/homolog\/vamos-viajar\/ofertas-especiais\/\">nossas ofertas<\/a>!<\/p>\n<p>Feche com a gente, mande uma mensagem para o nosso\u00a0<a href=\"https:\/\/api.whatsapp.com\/send?1=pt_BR&amp;phone=5521964046487\">Whatsapp<\/a>!<\/p>\n","protected":false},"excerpt":{"rendered":"<p>Ferradura Private: em pleno cen\u00e1rio paradis\u00edaco, o Ferradura Private est\u00e1 localizado em um dos pontos mais belos e atraentes da regi\u00e3o!<\/p>\n","protected":false},"featured_media":2450,"comment_status":"closed","ping_status":"closed","template":"","meta":[],"product_cat":[21],"product_tag":[27,28,29,30,31,32,33,35,36,37,38,39,40],"class_list":["post-4047","product","type-product","status-publish","has-post-thumbnail","hentry","product_cat-hoteis","product_tag-clube-de-viagens-moms","product_tag-clube-moms","product_tag-criancas","product_tag-diversao","product_tag-diversao-em-familia","product_tag-ferias","product_tag-ferias-em-familia","product_tag-recreacao","product_tag-resort","product_tag-rio-de-janeiro","product_tag-viagem","product_tag-viagem-com-criancas","product_tag-viagem-em-familia","pa_destino-rio-de-janeiro","pa_estrutura-lazer-bar","pa_estrutura-lazer-esportes-radicais","pa_estrutura-lazer-estacionamento","pa_estrutura-lazer-jacuzzi","pa_estrutura-lazer-piscina","pa_estrutura-lazer-restaurante","pa_estrutura-lazer-sauna","pa_regime-de-alimentacao-cafe-da-manha","pa_servicos-opcionais-massagem","pa_servicos-opcionais-spa","pa_tipos-de-destinos-praia"],"acf":[],"yoast_head":"<!-- This site is optimized with the Yoast SEO Premium plugin v16.0.2 (Yoast SEO v21.2) - https:\/\/yoast.com\/wordpress\/plugins\/seo\/ -->\n<title>Ferradura Private - Clube Moms<\/title>\n<meta name=\"description\" content=\"Ferradura Private: em pleno cen\u00e1rio paradis\u00edaco, o Ferradura Private est\u00e1 localizado em um dos pontos mais belos e atraentes da regi\u00e3o!\" \/>\n<meta name=\"robots\" content=\"index, follow, max-snippet:-1, max-image-preview:large, max-video-preview:-1\" \/>\n<link rel=\"canonical\" href=\"https:\/\/clubedeviagensmoms.com.br\/homolog\/produto\/ferradura-private\/\" \/>\n<meta property=\"og:locale\" content=\"pt_BR\" \/>\n<meta property=\"og:type\" content=\"article\" \/>\n<meta property=\"og:title\" content=\"Ferradura Private - Clube Moms\" \/>\n<meta property=\"og:description\" content=\"Ferradura Private: em pleno cen\u00e1rio paradis\u00edaco, o Ferradura Private est\u00e1 localizado em um dos pontos mais belos e atraentes da regi\u00e3o!\" \/>\n<meta property=\"og:url\" content=\"https:\/\/clubedeviagensmoms.com.br\/homolog\/produto\/ferradura-private\/\" \/>\n<meta property=\"og:site_name\" content=\"Clube Moms\" \/>\n<meta property=\"article:modified_time\" content=\"2023-08-30T15:25:23+00:00\" \/>\n<meta property=\"og:image\" content=\"https:\/\/clubedeviagensmoms.com.br\/homolog\/wp-content\/uploads\/2021\/10\/Ferradura-Private-Area-Externa-1024x536-1.jpg\" \/>\n\t<meta property=\"og:image:width\" content=\"1024\" \/>\n\t<meta property=\"og:image:height\" content=\"536\" \/>\n\t<meta property=\"og:image:type\" content=\"image\/jpeg\" \/>\n<meta name=\"twitter:card\" content=\"summary_large_image\" \/>\n<meta name=\"twitter:label1\" content=\"Est. tempo de leitura\" \/>\n\t<meta name=\"twitter:data1\" content=\"2 minutos\" \/>\n<script type=\"application\/ld+json\" class=\"yoast-schema-graph\">{\"@context\":\"https:\/\/schema.org\",\"@graph\":[{\"@type\":\"WebPage\",\"@id\":\"https:\/\/clubedeviagensmoms.com.br\/homolog\/produto\/ferradura-private\/\",\"url\":\"https:\/\/clubedeviagensmoms.com.br\/homolog\/produto\/ferradura-private\/\",\"name\":\"Ferradura Private - Clube Moms\",\"isPartOf\":{\"@id\":\"https:\/\/clubedeviagensmoms.com.br\/homolog\/#website\"},\"datePublished\":\"2021-10-29T22:55:57+00:00\",\"dateModified\":\"2023-08-30T15:25:23+00:00\",\"description\":\"Ferradura Private: em pleno cen\u00e1rio paradis\u00edaco, o Ferradura Private est\u00e1 localizado em um dos pontos mais belos e atraentes da regi\u00e3o!\",\"breadcrumb\":{\"@id\":\"https:\/\/clubedeviagensmoms.com.br\/homolog\/produto\/ferradura-private\/#breadcrumb\"},\"inLanguage\":\"pt-BR\",\"potentialAction\":[{\"@type\":\"ReadAction\",\"target\":[\"https:\/\/clubedeviagensmoms.com.br\/homolog\/produto\/ferradura-private\/\"]}]},{\"@type\":\"BreadcrumbList\",\"@id\":\"https:\/\/clubedeviagensmoms.com.br\/homolog\/produto\/ferradura-private\/#breadcrumb\",\"itemListElement\":[{\"@type\":\"ListItem\",\"position\":1,\"name\":\"Home\",\"item\":\"https:\/\/clubedeviagensmoms.com.br\/homolog\/\"},{\"@type\":\"ListItem\",\"position\":2,\"name\":\"Vamos Viajar\",\"item\":\"https:\/\/clubedeviagensmoms.com.br\/homolog\/shop\/\"},{\"@type\":\"ListItem\",\"position\":3,\"name\":\"Ferradura Private\"}]},{\"@type\":\"WebSite\",\"@id\":\"https:\/\/clubedeviagensmoms.com.br\/homolog\/#website\",\"url\":\"https:\/\/clubedeviagensmoms.com.br\/homolog\/\",\"name\":\"Clube Moms\",\"description\":\"O Clube Moms \u00e9 uma ag\u00eancia de turismo com foco em fam\u00edlias com crian\u00e7as, que uno os conceitos de Consultoria Especializada e Clube de Vantagens.\",\"potentialAction\":[{\"@type\":\"SearchAction\",\"target\":{\"@type\":\"EntryPoint\",\"urlTemplate\":\"https:\/\/clubedeviagensmoms.com.br\/homolog\/?s={search_term_string}\"},\"query-input\":\"required name=search_term_string\"}],\"inLanguage\":\"pt-BR\"}]}<\/script>\n<!-- \/ Yoast SEO Premium plugin. -->","yoast_head_json":{"title":"Ferradura Private - Clube Moms","description":"Ferradura Private: em pleno cen\u00e1rio paradis\u00edaco, o Ferradura Private est\u00e1 localizado em um dos pontos mais belos e atraentes da regi\u00e3o!","robots":{"index":"index","follow":"follow","max-snippet":"max-snippet:-1","max-image-preview":"max-image-preview:large","max-video-preview":"max-video-preview:-1"},"canonical":"https:\/\/clubedeviagensmoms.com.br\/homolog\/produto\/ferradura-private\/","og_locale":"pt_BR","og_type":"article","og_title":"Ferradura Private - Clube Moms","og_description":"Ferradura Private: em pleno cen\u00e1rio paradis\u00edaco, o Ferradura Private est\u00e1 localizado em um dos pontos mais belos e atraentes da regi\u00e3o!","og_url":"https:\/\/clubedeviagensmoms.com.br\/homolog\/produto\/ferradura-private\/","og_site_name":"Clube Moms","article_modified_time":"2023-08-30T15:25:23+00:00","og_image":[{"width":1024,"height":536,"url":"https:\/\/clubedeviagensmoms.com.br\/homolog\/wp-content\/uploads\/2021\/10\/Ferradura-Private-Area-Externa-1024x536-1.jpg","type":"image\/jpeg"}],"twitter_card":"summary_large_image","twitter_misc":{"Est. tempo de leitura":"2 minutos"},"schema":{"@context":"https:\/\/schema.org","@graph":[{"@type":"WebPage","@id":"https:\/\/clubedeviagensmoms.com.br\/homolog\/produto\/ferradura-private\/","url":"https:\/\/clubedeviagensmoms.com.br\/homolog\/produto\/ferradura-private\/","name":"Ferradura Private - Clube Moms","isPartOf":{"@id":"https:\/\/clubedeviagensmoms.com.br\/homolog\/#website"},"datePublished":"2021-10-29T22:55:57+00:00","dateModified":"2023-08-30T15:25:23+00:00","description":"Ferradura Private: em pleno cen\u00e1rio paradis\u00edaco, o Ferradura Private est\u00e1 localizado em um dos pontos mais belos e atraentes da regi\u00e3o!","breadcrumb":{"@id":"https:\/\/clubedeviagensmoms.com.br\/homolog\/produto\/ferradura-private\/#breadcrumb"},"inLanguage":"pt-BR","potentialAction":[{"@type":"ReadAction","target":["https:\/\/clubedeviagensmoms.com.br\/homolog\/produto\/ferradura-private\/"]}]},{"@type":"BreadcrumbList","@id":"https:\/\/clubedeviagensmoms.com.br\/homolog\/produto\/ferradura-private\/#breadcrumb","itemListElement":[{"@type":"ListItem","position":1,"name":"Home","item":"https:\/\/clubedeviagensmoms.com.br\/homolog\/"},{"@type":"ListItem","position":2,"name":"Vamos Viajar","item":"https:\/\/clubedeviagensmoms.com.br\/homolog\/shop\/"},{"@type":"ListItem","position":3,"name":"Ferradura Private"}]},{"@type":"WebSite","@id":"https:\/\/clubedeviagensmoms.com.br\/homolog\/#website","url":"https:\/\/clubedeviagensmoms.com.br\/homolog\/","name":"Clube Moms","description":"O Clube Moms \u00e9 uma ag\u00eancia de turismo com foco em fam\u00edlias com crian\u00e7as, que uno os conceitos de Consultoria Especializada e Clube de Vantagens.","potentialAction":[{"@type":"SearchAction","target":{"@type":"EntryPoint","urlTemplate":"https:\/\/clubedeviagensmoms.com.br\/homolog\/?s={search_term_string}"},"query-input":"required name=search_term_string"}],"inLanguage":"pt-BR"}]}},"_links":{"self":[{"href":"https:\/\/clubedeviagensmoms.com.br\/homolog\/wp-json\/wp\/v2\/product\/4047","targetHints":{"allow":["GET"]}}],"collection":[{"href":"https:\/\/clubedeviagensmoms.com.br\/homolog\/wp-json\/wp\/v2\/product"}],"about":[{"href":"https:\/\/clubedeviagensmoms.com.br\/homolog\/wp-json\/wp\/v2\/types\/product"}],"replies":[{"embeddable":true,"href":"https:\/\/clubedeviagensmoms.com.br\/homolog\/wp-json\/wp\/v2\/comments?post=4047"}],"wp:featuredmedia":[{"embeddable":true,"href":"https:\/\/clubedeviagensmoms.com.br\/homolog\/wp-json\/wp\/v2\/media\/2450"}],"wp:attachment":[{"href":"https:\/\/clubedeviagensmoms.com.br\/homolog\/wp-json\/wp\/v2\/media?parent=4047"}],"wp:term":[{"taxonomy":"product_cat","embeddable":true,"href":"https:\/\/clubedeviagensmoms.com.br\/homolog\/wp-json\/wp\/v2\/product_cat?post=4047"},{"taxonomy":"product_tag","embeddable":true,"href":"https:\/\/clubedeviagensmoms.com.br\/homolog\/wp-json\/wp\/v2\/product_tag?post=4047"}],"curies":[{"name":"wp","href":"https:\/\/api.w.org\/{rel}","templated":true}]}}