{"id":4048,"date":"2021-10-29T19:55:57","date_gmt":"2021-10-29T22:55:57","guid":{"rendered":"http:\/\/clubedeviagensmoms.com.br\/homolog\/taober_wp\/?post_type=product&#038;p=4048"},"modified":"2023-08-30T12:25:22","modified_gmt":"2023-08-30T15:25:22","slug":"fazenda-suica-le-canton","status":"publish","type":"product","link":"https:\/\/clubedeviagensmoms.com.br\/homolog\/produto\/fazenda-suica-le-canton\/","title":{"rendered":"Fazenda Su\u00ed\u00e7a Le Canton"},"content":{"rendered":"<p>A Fazenda Su\u00ed\u00e7a Le Canton, reproduzindo a arquitetura dos campos su\u00ed\u00e7os, possui uma proposta diferente do Village: ser um hotel para quem quer viver uma experi\u00eancia mais tranquila e relaxante e um ambiente tipicamente rural.<\/p>\n<p>Apesar de contar com uma estrutura de lazer pr\u00f3pria, o h\u00f3spede pode usufruir de todas as atividades do complexo que tem diversas op\u00e7\u00f5es de lazer e aventura.<\/p>\n<p>Na Fazenda Su\u00ed\u00e7a Le Canton h\u00e1 servi\u00e7o de transporte gratuito, de meia em meia hora, com destino \u00e0s \u00e1reas de entretenimento, bem como ao Village.<\/p>\n<p>Ainda, \u00e9 um lugar encantador especialmente para a crian\u00e7ada!<\/p>\n<p>Durante a visita guiada, os h\u00f3spedes t\u00eam contato com a rotina de v\u00e1rios animais, como cavalos, p\u00f4neis, cabras, ovelhas, galinhas, coelhos, porcos e aves aqu\u00e1ticas.<\/p>\n<p>Conta, ainda, com uma recrea\u00e7\u00e3o monitorada para crian\u00e7as de 5 a 14 anos. Al\u00e9m disso, disp\u00f5e de um restaurante, o Restaurante Gasthaus Kulm, com um menu de cozinha Brasileira e Internacional, bar da piscina, bem como piscina ao ar livre e climatizada e brinquedoteca.<\/p>\n<p>Um passeio imperd\u00edvel com muita informa\u00e7\u00e3o e divers\u00e3o para toda fam\u00edlia! Ent\u00e3o, venha conhecer esse hotel incr\u00edvel!<\/p>\n<p>&nbsp;<\/p>\n<p>Se voc\u00ea ainda n\u00e3o conhece nossas redes sociais, vem dar uma conferida no nosso\u00a0<a href=\"https:\/\/www.instagram.com\/clubedeviagensmoms\/\">Instagram<\/a>\u00a0e tamb\u00e9m na nossa\u00a0<a href=\"https:\/\/www.facebook.com\/ClubeDeViagensMoms\/?hc_ref=ARREVFAUN6kemqQPikWPR6yOVqfolWuZ4Gm2u6EX4fJ2-jyHER8eDB5si8DvGkabbOE&amp;fref=nf&amp;__xts__[0]=68.ARAXJqd_Jm68dG9qh_a7A_hAS8hHGdRg1Cq8Je9my1EPnGBRo26TI37xs6IY6NhynKSzyIDhPcBRqvr6Nzuwi7g2W4UPO84T0-vU7mWKXia_C51FzzqVsE3HthHbuQetTo9gapY&amp;__tn__=kC-R\">p\u00e1gina do Facebook<\/a>! Ainda, temos um\u00a0<a href=\"https:\/\/www.facebook.com\/groups\/clubedeviagensmoms\/\">grupo do Facebook<\/a>, ent\u00e3o, venha fazer parte!<\/p>\n<p>E se voc\u00ea quiser conferir nossos outros hot\u00e9is parceiros, clique\u00a0<a href=\"http:\/\/clubedeviagensmoms.com.br\/homolog\/vamos-viajar\/hoteis\/\" target=\"_blank\" rel=\"noopener noreferrer\">aqui<\/a>!<\/p>\n","protected":false},"excerpt":{"rendered":"<p>Um peda\u00e7o da Su\u00ed\u00e7a na serra carioca, com hot\u00e9is, parque de divers\u00e3o, fazenda, pista de esqui, um castelo e muito mais!<\/p>\n","protected":false},"featured_media":1982,"comment_status":"closed","ping_status":"closed","template":"","meta":[],"product_cat":[21],"product_tag":[30,31,43,285,32,33,174,147,50,35,185,152,38,40],"class_list":["post-4048","product","type-product","status-publish","has-post-thumbnail","hentry","product_cat-hoteis","product_tag-diversao","product_tag-diversao-em-familia","product_tag-fazenda","product_tag-fazenda-suica","product_tag-ferias","product_tag-ferias-em-familia","product_tag-hoteis-que-indicamos","product_tag-le-canton","product_tag-pensao-completa","product_tag-recreacao","product_tag-serra","product_tag-teresopolis","product_tag-viagem","product_tag-viagem-em-familia","pa_destino-rio-de-janeiro","pa_estrutura-lazer-academia","pa_estrutura-lazer-cinema","pa_estrutura-lazer-esportes-radicais","pa_estrutura-lazer-kids-club","pa_estrutura-lazer-piscina","pa_estrutura-lazer-piscina-aquecida","pa_estrutura-lazer-recreacao","pa_estrutura-lazer-salao-de-jogos","pa_estrutura-lazer-sauna","pa_estrutura-lazer-spa","pa_necessidades-especiais-pets-friendly","pa_regime-de-alimentacao-pensao-completa","pa_servicos-opcionais-charrete","pa_servicos-opcionais-lavanderia","pa_servicos-opcionais-servico-de-massagem","pa_servicos-opcionais-spa","pa_tipos-de-destinos-hotel-fazenda","pa_tipos-de-destinos-serra"],"acf":[],"yoast_head":"<!-- This site is optimized with the Yoast SEO Premium plugin v16.0.2 (Yoast SEO v21.2) - https:\/\/yoast.com\/wordpress\/plugins\/seo\/ -->\n<title>Fazenda Su\u00ed\u00e7a Le Canton - Clube Moms<\/title>\n<meta name=\"description\" content=\"A Fazenda Su\u00ed\u00e7a Le Canton \u00e9 para quem quer viver uma experi\u00eancia mais tranquila e relaxante e um ambiente t\u00edpico de fazenda.\" \/>\n<meta name=\"robots\" content=\"index, follow, max-snippet:-1, max-image-preview:large, max-video-preview:-1\" \/>\n<link rel=\"canonical\" href=\"https:\/\/clubedeviagensmoms.com.br\/homolog\/produto\/fazenda-suica-le-canton\/\" \/>\n<meta property=\"og:locale\" content=\"pt_BR\" \/>\n<meta property=\"og:type\" content=\"article\" \/>\n<meta property=\"og:title\" content=\"Fazenda Su\u00ed\u00e7a Le Canton - Clube Moms\" \/>\n<meta property=\"og:description\" content=\"A Fazenda Su\u00ed\u00e7a Le Canton \u00e9 para quem quer viver uma experi\u00eancia mais tranquila e relaxante e um ambiente t\u00edpico de fazenda.\" \/>\n<meta property=\"og:url\" content=\"https:\/\/clubedeviagensmoms.com.br\/homolog\/produto\/fazenda-suica-le-canton\/\" \/>\n<meta property=\"og:site_name\" content=\"Clube Moms\" \/>\n<meta property=\"article:modified_time\" content=\"2023-08-30T15:25:22+00:00\" \/>\n<meta property=\"og:image\" content=\"https:\/\/clubedeviagensmoms.com.br\/homolog\/wp-content\/uploads\/2021\/10\/Fazenda-Suica-Moms-Premium-1024x536-1.jpg\" \/>\n\t<meta property=\"og:image:width\" content=\"1024\" \/>\n\t<meta property=\"og:image:height\" content=\"536\" \/>\n\t<meta property=\"og:image:type\" content=\"image\/jpeg\" \/>\n<meta name=\"twitter:card\" content=\"summary_large_image\" \/>\n<meta name=\"twitter:label1\" content=\"Est. tempo de leitura\" \/>\n\t<meta name=\"twitter:data1\" content=\"2 minutos\" \/>\n<script type=\"application\/ld+json\" class=\"yoast-schema-graph\">{\"@context\":\"https:\/\/schema.org\",\"@graph\":[{\"@type\":\"WebPage\",\"@id\":\"https:\/\/clubedeviagensmoms.com.br\/homolog\/produto\/fazenda-suica-le-canton\/\",\"url\":\"https:\/\/clubedeviagensmoms.com.br\/homolog\/produto\/fazenda-suica-le-canton\/\",\"name\":\"Fazenda Su\u00ed\u00e7a Le Canton - Clube Moms\",\"isPartOf\":{\"@id\":\"https:\/\/clubedeviagensmoms.com.br\/homolog\/#website\"},\"datePublished\":\"2021-10-29T22:55:57+00:00\",\"dateModified\":\"2023-08-30T15:25:22+00:00\",\"description\":\"A Fazenda Su\u00ed\u00e7a Le Canton \u00e9 para quem quer viver uma experi\u00eancia mais tranquila e relaxante e um ambiente t\u00edpico de fazenda.\",\"breadcrumb\":{\"@id\":\"https:\/\/clubedeviagensmoms.com.br\/homolog\/produto\/fazenda-suica-le-canton\/#breadcrumb\"},\"inLanguage\":\"pt-BR\",\"potentialAction\":[{\"@type\":\"ReadAction\",\"target\":[\"https:\/\/clubedeviagensmoms.com.br\/homolog\/produto\/fazenda-suica-le-canton\/\"]}]},{\"@type\":\"BreadcrumbList\",\"@id\":\"https:\/\/clubedeviagensmoms.com.br\/homolog\/produto\/fazenda-suica-le-canton\/#breadcrumb\",\"itemListElement\":[{\"@type\":\"ListItem\",\"position\":1,\"name\":\"Home\",\"item\":\"https:\/\/clubedeviagensmoms.com.br\/homolog\/\"},{\"@type\":\"ListItem\",\"position\":2,\"name\":\"Vamos Viajar\",\"item\":\"https:\/\/clubedeviagensmoms.com.br\/homolog\/shop\/\"},{\"@type\":\"ListItem\",\"position\":3,\"name\":\"Fazenda Su\u00ed\u00e7a Le Canton\"}]},{\"@type\":\"WebSite\",\"@id\":\"https:\/\/clubedeviagensmoms.com.br\/homolog\/#website\",\"url\":\"https:\/\/clubedeviagensmoms.com.br\/homolog\/\",\"name\":\"Clube Moms\",\"description\":\"O Clube Moms \u00e9 uma ag\u00eancia de turismo com foco em fam\u00edlias com crian\u00e7as, que uno os conceitos de Consultoria Especializada e Clube de Vantagens.\",\"potentialAction\":[{\"@type\":\"SearchAction\",\"target\":{\"@type\":\"EntryPoint\",\"urlTemplate\":\"https:\/\/clubedeviagensmoms.com.br\/homolog\/?s={search_term_string}\"},\"query-input\":\"required name=search_term_string\"}],\"inLanguage\":\"pt-BR\"}]}<\/script>\n<!-- \/ Yoast SEO Premium plugin. -->","yoast_head_json":{"title":"Fazenda Su\u00ed\u00e7a Le Canton - Clube Moms","description":"A Fazenda Su\u00ed\u00e7a Le Canton \u00e9 para quem quer viver uma experi\u00eancia mais tranquila e relaxante e um ambiente t\u00edpico de fazenda.","robots":{"index":"index","follow":"follow","max-snippet":"max-snippet:-1","max-image-preview":"max-image-preview:large","max-video-preview":"max-video-preview:-1"},"canonical":"https:\/\/clubedeviagensmoms.com.br\/homolog\/produto\/fazenda-suica-le-canton\/","og_locale":"pt_BR","og_type":"article","og_title":"Fazenda Su\u00ed\u00e7a Le Canton - Clube Moms","og_description":"A Fazenda Su\u00ed\u00e7a Le Canton \u00e9 para quem quer viver uma experi\u00eancia mais tranquila e relaxante e um ambiente t\u00edpico de fazenda.","og_url":"https:\/\/clubedeviagensmoms.com.br\/homolog\/produto\/fazenda-suica-le-canton\/","og_site_name":"Clube Moms","article_modified_time":"2023-08-30T15:25:22+00:00","og_image":[{"width":1024,"height":536,"url":"https:\/\/clubedeviagensmoms.com.br\/homolog\/wp-content\/uploads\/2021\/10\/Fazenda-Suica-Moms-Premium-1024x536-1.jpg","type":"image\/jpeg"}],"twitter_card":"summary_large_image","twitter_misc":{"Est. tempo de leitura":"2 minutos"},"schema":{"@context":"https:\/\/schema.org","@graph":[{"@type":"WebPage","@id":"https:\/\/clubedeviagensmoms.com.br\/homolog\/produto\/fazenda-suica-le-canton\/","url":"https:\/\/clubedeviagensmoms.com.br\/homolog\/produto\/fazenda-suica-le-canton\/","name":"Fazenda Su\u00ed\u00e7a Le Canton - Clube Moms","isPartOf":{"@id":"https:\/\/clubedeviagensmoms.com.br\/homolog\/#website"},"datePublished":"2021-10-29T22:55:57+00:00","dateModified":"2023-08-30T15:25:22+00:00","description":"A Fazenda Su\u00ed\u00e7a Le Canton \u00e9 para quem quer viver uma experi\u00eancia mais tranquila e relaxante e um ambiente t\u00edpico de fazenda.","breadcrumb":{"@id":"https:\/\/clubedeviagensmoms.com.br\/homolog\/produto\/fazenda-suica-le-canton\/#breadcrumb"},"inLanguage":"pt-BR","potentialAction":[{"@type":"ReadAction","target":["https:\/\/clubedeviagensmoms.com.br\/homolog\/produto\/fazenda-suica-le-canton\/"]}]},{"@type":"BreadcrumbList","@id":"https:\/\/clubedeviagensmoms.com.br\/homolog\/produto\/fazenda-suica-le-canton\/#breadcrumb","itemListElement":[{"@type":"ListItem","position":1,"name":"Home","item":"https:\/\/clubedeviagensmoms.com.br\/homolog\/"},{"@type":"ListItem","position":2,"name":"Vamos Viajar","item":"https:\/\/clubedeviagensmoms.com.br\/homolog\/shop\/"},{"@type":"ListItem","position":3,"name":"Fazenda Su\u00ed\u00e7a Le Canton"}]},{"@type":"WebSite","@id":"https:\/\/clubedeviagensmoms.com.br\/homolog\/#website","url":"https:\/\/clubedeviagensmoms.com.br\/homolog\/","name":"Clube Moms","description":"O Clube Moms \u00e9 uma ag\u00eancia de turismo com foco em fam\u00edlias com crian\u00e7as, que uno os conceitos de Consultoria Especializada e Clube de Vantagens.","potentialAction":[{"@type":"SearchAction","target":{"@type":"EntryPoint","urlTemplate":"https:\/\/clubedeviagensmoms.com.br\/homolog\/?s={search_term_string}"},"query-input":"required name=search_term_string"}],"inLanguage":"pt-BR"}]}},"_links":{"self":[{"href":"https:\/\/clubedeviagensmoms.com.br\/homolog\/wp-json\/wp\/v2\/product\/4048","targetHints":{"allow":["GET"]}}],"collection":[{"href":"https:\/\/clubedeviagensmoms.com.br\/homolog\/wp-json\/wp\/v2\/product"}],"about":[{"href":"https:\/\/clubedeviagensmoms.com.br\/homolog\/wp-json\/wp\/v2\/types\/product"}],"replies":[{"embeddable":true,"href":"https:\/\/clubedeviagensmoms.com.br\/homolog\/wp-json\/wp\/v2\/comments?post=4048"}],"wp:featuredmedia":[{"embeddable":true,"href":"https:\/\/clubedeviagensmoms.com.br\/homolog\/wp-json\/wp\/v2\/media\/1982"}],"wp:attachment":[{"href":"https:\/\/clubedeviagensmoms.com.br\/homolog\/wp-json\/wp\/v2\/media?parent=4048"}],"wp:term":[{"taxonomy":"product_cat","embeddable":true,"href":"https:\/\/clubedeviagensmoms.com.br\/homolog\/wp-json\/wp\/v2\/product_cat?post=4048"},{"taxonomy":"product_tag","embeddable":true,"href":"https:\/\/clubedeviagensmoms.com.br\/homolog\/wp-json\/wp\/v2\/product_tag?post=4048"}],"curies":[{"name":"wp","href":"https:\/\/api.w.org\/{rel}","templated":true}]}}