{"id":4049,"date":"2021-10-29T19:55:57","date_gmt":"2021-10-29T22:55:57","guid":{"rendered":"http:\/\/clubedeviagensmoms.com.br\/homolog\/taober_wp\/?post_type=product&#038;p=4049"},"modified":"2023-08-30T12:25:19","modified_gmt":"2023-08-30T15:25:19","slug":"eco-resort-hotel-villa-sao-romao","status":"publish","type":"product","link":"https:\/\/clubedeviagensmoms.com.br\/homolog\/produto\/eco-resort-hotel-villa-sao-romao\/","title":{"rendered":"Eco Resort Hotel Villa S\u00e3o Rom\u00e3o"},"content":{"rendered":"<h4>Em meio \u00e0 mata atl\u00e2ntica, entre a serra e o mar, existe um verdadeiro para\u00edso de sofistica\u00e7\u00e3o e beleza.<\/h4>\n<p>&nbsp;<\/p>\n<p>Conhe\u00e7a o Eco Resort Hotel Villa S\u00e3o Rom\u00e3o, um lugar \u00fanico onde a m\u00e3e natureza \u00e9 a sua anfitri\u00e3. Relaxe em uma das nossas bel\u00edssimas piscinas naturais e usufrua principalmente de uma das \u00e1reas mais revigorantes do Rio de Janeiro. Somos o destino perfeito para fugir de tudo e sentir a natureza, sem d\u00favida, como nunca antes.<\/p>\n<p>Empreendimento<span>\u00a0<\/span><a href=\"http:\/\/villasaoromao.com.br\/sustentabilidade\/\">auto-sustent\u00e1vel<\/a>, ecologicamente correto, com apenas 10 Chal\u00e9s, 4 com 49,00m\u00b2 (chal\u00e9s do alto) e 4 com 38,00m\u00b2 (Chal\u00e9s do Jardim) e 2 Chal\u00e9s do Bosque Hidro, todos igualmente com o n\u00edvel m\u00e1ximo de conforto, com varandas, redes, camas King Size, aquecedores a \u00f3leo (sem fogo), frigobar, ar condicionado, TV a cabo, DVD, secador de cabelos, travesseiros antial\u00e9rgicos e plumas de ganso (a escolher na hora).<\/p>\n<p>Todo o nosso mobili\u00e1rio \u00e9 feito com madeira reciclada por competente artes\u00e3o mineiro.<\/p>\n<p>Praticamos a Coleta Seletiva de Lixo. Direcionamos o lixo org\u00e2nico para nossa composteira, para a produ\u00e7\u00e3o de Adubo Org\u00e2nico usado em nossas plantas, produtos org\u00e2nicos e distribui\u00e7\u00e3o para pequenos produtores da regi\u00e3o.<\/p>\n<p>Como o Eco Resort Hotel Villa S\u00e3o Rom\u00e3o est\u00e1 localizado na Fazenda Santa Maria, priorizamos o uso de nossos produtos org\u00e2nicos, assim sendo: palmitos pupunha, feij\u00e3o, mandioca, frutas diversas, temperos, verduras, legumes, ovos e tantos outros.<\/p>\n<p>Dispomos de estacionamento e heliponto privado, Wi-Fi e sal\u00e3o de jogos. \u00c1rea de lazer privativa com as atividades dentro do resort, bem como: rios cristalinos, nascentes, c\u00f3rregos, fontes de \u00e1gua pura, piscinas naturais e cachoeiras. Lago de 6.000 m\u00b2 com caiaques, pedalinho, barco, stand up paddle, entre outros. Parquinho, quadras de t\u00eanis, trilhas, sauna a vapor, sala de gin\u00e1stica, lava-p\u00e9s de seixos rolados e \u00e1gua corrente, bar, horta org\u00e2nica e orquid\u00e1rio natural.<\/p>\n<p>Confira\u00a0<a href=\"http:\/\/clubedeviagensmoms.com.br\/homolog\/vamos-viajar\/hoteis\/?swoof=1&amp;pa_destino=rj&amp;really_curr_tax=35-product_cat\">AQUI<\/a><span>\u00a0<\/span>outros hot\u00e9is no Rio de Janeiro que possam ser o que voc\u00ea procura.<\/p>\n","protected":false},"excerpt":{"rendered":"<p>Conhe\u00e7a o Eco Resort Hotel Villa S\u00e3o Rom\u00e3o, um lugar \u00fanico onde a m\u00e3e natureza \u00e9 a sua anfitri\u00e3. O destino perfeito para fugir de tudo e sentir a natureza.<\/p>\n","protected":false},"featured_media":2013,"comment_status":"closed","ping_status":"closed","template":"","meta":[],"product_cat":[21],"product_tag":[27,28,29,30,31,32,33,35,36,37,286,38,39,40,287],"class_list":["post-4049","product","type-product","status-publish","has-post-thumbnail","hentry","product_cat-hoteis","product_tag-clube-de-viagens-moms","product_tag-clube-moms","product_tag-criancas","product_tag-diversao","product_tag-diversao-em-familia","product_tag-ferias","product_tag-ferias-em-familia","product_tag-recreacao","product_tag-resort","product_tag-rio-de-janeiro","product_tag-sao-romao","product_tag-viagem","product_tag-viagem-com-criancas","product_tag-viagem-em-familia","product_tag-villa-sao-romao","pa_destino-brasil","pa_destino-nova-friburgo","pa_destino-rio-de-janeiro","pa_estrutura-lazer-academia","pa_estrutura-lazer-bar","pa_estrutura-lazer-cachoeira","pa_estrutura-lazer-caiaque","pa_estrutura-lazer-estacionamento","pa_estrutura-lazer-heliporto","pa_estrutura-lazer-horta","pa_estrutura-lazer-horta-organica","pa_estrutura-lazer-lago","pa_estrutura-lazer-observacao-de-passaros","pa_estrutura-lazer-pedalinho","pa_estrutura-lazer-piscina","pa_estrutura-lazer-piscina-natural","pa_estrutura-lazer-quadra-de-tenis","pa_estrutura-lazer-restaurante","pa_estrutura-lazer-salao-de-jogos","pa_estrutura-lazer-sauna","pa_estrutura-lazer-spa","pa_estrutura-lazer-trilhas","pa_regime-de-alimentacao-pensao-completa","pa_tipos-de-destinos-resorts","pa_tipos-de-destinos-serra"],"acf":[],"yoast_head":"<!-- This site is optimized with the Yoast SEO Premium plugin v16.0.2 (Yoast SEO v21.2) - https:\/\/yoast.com\/wordpress\/plugins\/seo\/ -->\n<title>Eco Resort Hotel Villa S\u00e3o Rom\u00e3o - Clube Moms<\/title>\n<meta name=\"description\" content=\"Conhe\u00e7a o Eco Resort Hotel Villa S\u00e3o Rom\u00e3o, um lugar \u00fanico onde a m\u00e3e natureza \u00e9 a sua anfitri\u00e3. O destino perfeito para fugir de tudo e sentir a natureza.\" \/>\n<meta name=\"robots\" content=\"index, follow, max-snippet:-1, max-image-preview:large, max-video-preview:-1\" \/>\n<link rel=\"canonical\" href=\"https:\/\/clubedeviagensmoms.com.br\/homolog\/produto\/eco-resort-hotel-villa-sao-romao\/\" \/>\n<meta property=\"og:locale\" content=\"pt_BR\" \/>\n<meta property=\"og:type\" content=\"article\" \/>\n<meta property=\"og:title\" content=\"Eco Resort Hotel Villa S\u00e3o Rom\u00e3o - Clube Moms\" \/>\n<meta property=\"og:description\" content=\"Conhe\u00e7a o Eco Resort Hotel Villa S\u00e3o Rom\u00e3o, um lugar \u00fanico onde a m\u00e3e natureza \u00e9 a sua anfitri\u00e3. O destino perfeito para fugir de tudo e sentir a natureza.\" \/>\n<meta property=\"og:url\" content=\"https:\/\/clubedeviagensmoms.com.br\/homolog\/produto\/eco-resort-hotel-villa-sao-romao\/\" \/>\n<meta property=\"og:site_name\" content=\"Clube Moms\" \/>\n<meta property=\"article:modified_time\" content=\"2023-08-30T15:25:19+00:00\" \/>\n<meta property=\"og:image\" content=\"https:\/\/clubedeviagensmoms.com.br\/homolog\/wp-content\/uploads\/2021\/10\/Lago-Hotel-Villa-Sao-Romao-1024x536-1.jpg\" \/>\n\t<meta property=\"og:image:width\" content=\"1024\" \/>\n\t<meta property=\"og:image:height\" content=\"536\" \/>\n\t<meta property=\"og:image:type\" content=\"image\/jpeg\" \/>\n<meta name=\"twitter:card\" content=\"summary_large_image\" \/>\n<meta name=\"twitter:label1\" content=\"Est. tempo de leitura\" \/>\n\t<meta name=\"twitter:data1\" content=\"2 minutos\" \/>\n<script type=\"application\/ld+json\" class=\"yoast-schema-graph\">{\"@context\":\"https:\/\/schema.org\",\"@graph\":[{\"@type\":\"WebPage\",\"@id\":\"https:\/\/clubedeviagensmoms.com.br\/homolog\/produto\/eco-resort-hotel-villa-sao-romao\/\",\"url\":\"https:\/\/clubedeviagensmoms.com.br\/homolog\/produto\/eco-resort-hotel-villa-sao-romao\/\",\"name\":\"Eco Resort Hotel Villa S\u00e3o Rom\u00e3o - Clube Moms\",\"isPartOf\":{\"@id\":\"https:\/\/clubedeviagensmoms.com.br\/homolog\/#website\"},\"datePublished\":\"2021-10-29T22:55:57+00:00\",\"dateModified\":\"2023-08-30T15:25:19+00:00\",\"description\":\"Conhe\u00e7a o Eco Resort Hotel Villa S\u00e3o Rom\u00e3o, um lugar \u00fanico onde a m\u00e3e natureza \u00e9 a sua anfitri\u00e3. O destino perfeito para fugir de tudo e sentir a natureza.\",\"breadcrumb\":{\"@id\":\"https:\/\/clubedeviagensmoms.com.br\/homolog\/produto\/eco-resort-hotel-villa-sao-romao\/#breadcrumb\"},\"inLanguage\":\"pt-BR\",\"potentialAction\":[{\"@type\":\"ReadAction\",\"target\":[\"https:\/\/clubedeviagensmoms.com.br\/homolog\/produto\/eco-resort-hotel-villa-sao-romao\/\"]}]},{\"@type\":\"BreadcrumbList\",\"@id\":\"https:\/\/clubedeviagensmoms.com.br\/homolog\/produto\/eco-resort-hotel-villa-sao-romao\/#breadcrumb\",\"itemListElement\":[{\"@type\":\"ListItem\",\"position\":1,\"name\":\"Home\",\"item\":\"https:\/\/clubedeviagensmoms.com.br\/homolog\/\"},{\"@type\":\"ListItem\",\"position\":2,\"name\":\"Vamos Viajar\",\"item\":\"https:\/\/clubedeviagensmoms.com.br\/homolog\/shop\/\"},{\"@type\":\"ListItem\",\"position\":3,\"name\":\"Eco Resort Hotel Villa S\u00e3o Rom\u00e3o\"}]},{\"@type\":\"WebSite\",\"@id\":\"https:\/\/clubedeviagensmoms.com.br\/homolog\/#website\",\"url\":\"https:\/\/clubedeviagensmoms.com.br\/homolog\/\",\"name\":\"Clube Moms\",\"description\":\"O Clube Moms \u00e9 uma ag\u00eancia de turismo com foco em fam\u00edlias com crian\u00e7as, que uno os conceitos de Consultoria Especializada e Clube de Vantagens.\",\"potentialAction\":[{\"@type\":\"SearchAction\",\"target\":{\"@type\":\"EntryPoint\",\"urlTemplate\":\"https:\/\/clubedeviagensmoms.com.br\/homolog\/?s={search_term_string}\"},\"query-input\":\"required name=search_term_string\"}],\"inLanguage\":\"pt-BR\"}]}<\/script>\n<!-- \/ Yoast SEO Premium plugin. -->","yoast_head_json":{"title":"Eco Resort Hotel Villa S\u00e3o Rom\u00e3o - Clube Moms","description":"Conhe\u00e7a o Eco Resort Hotel Villa S\u00e3o Rom\u00e3o, um lugar \u00fanico onde a m\u00e3e natureza \u00e9 a sua anfitri\u00e3. O destino perfeito para fugir de tudo e sentir a natureza.","robots":{"index":"index","follow":"follow","max-snippet":"max-snippet:-1","max-image-preview":"max-image-preview:large","max-video-preview":"max-video-preview:-1"},"canonical":"https:\/\/clubedeviagensmoms.com.br\/homolog\/produto\/eco-resort-hotel-villa-sao-romao\/","og_locale":"pt_BR","og_type":"article","og_title":"Eco Resort Hotel Villa S\u00e3o Rom\u00e3o - Clube Moms","og_description":"Conhe\u00e7a o Eco Resort Hotel Villa S\u00e3o Rom\u00e3o, um lugar \u00fanico onde a m\u00e3e natureza \u00e9 a sua anfitri\u00e3. O destino perfeito para fugir de tudo e sentir a natureza.","og_url":"https:\/\/clubedeviagensmoms.com.br\/homolog\/produto\/eco-resort-hotel-villa-sao-romao\/","og_site_name":"Clube Moms","article_modified_time":"2023-08-30T15:25:19+00:00","og_image":[{"width":1024,"height":536,"url":"https:\/\/clubedeviagensmoms.com.br\/homolog\/wp-content\/uploads\/2021\/10\/Lago-Hotel-Villa-Sao-Romao-1024x536-1.jpg","type":"image\/jpeg"}],"twitter_card":"summary_large_image","twitter_misc":{"Est. tempo de leitura":"2 minutos"},"schema":{"@context":"https:\/\/schema.org","@graph":[{"@type":"WebPage","@id":"https:\/\/clubedeviagensmoms.com.br\/homolog\/produto\/eco-resort-hotel-villa-sao-romao\/","url":"https:\/\/clubedeviagensmoms.com.br\/homolog\/produto\/eco-resort-hotel-villa-sao-romao\/","name":"Eco Resort Hotel Villa S\u00e3o Rom\u00e3o - Clube Moms","isPartOf":{"@id":"https:\/\/clubedeviagensmoms.com.br\/homolog\/#website"},"datePublished":"2021-10-29T22:55:57+00:00","dateModified":"2023-08-30T15:25:19+00:00","description":"Conhe\u00e7a o Eco Resort Hotel Villa S\u00e3o Rom\u00e3o, um lugar \u00fanico onde a m\u00e3e natureza \u00e9 a sua anfitri\u00e3. O destino perfeito para fugir de tudo e sentir a natureza.","breadcrumb":{"@id":"https:\/\/clubedeviagensmoms.com.br\/homolog\/produto\/eco-resort-hotel-villa-sao-romao\/#breadcrumb"},"inLanguage":"pt-BR","potentialAction":[{"@type":"ReadAction","target":["https:\/\/clubedeviagensmoms.com.br\/homolog\/produto\/eco-resort-hotel-villa-sao-romao\/"]}]},{"@type":"BreadcrumbList","@id":"https:\/\/clubedeviagensmoms.com.br\/homolog\/produto\/eco-resort-hotel-villa-sao-romao\/#breadcrumb","itemListElement":[{"@type":"ListItem","position":1,"name":"Home","item":"https:\/\/clubedeviagensmoms.com.br\/homolog\/"},{"@type":"ListItem","position":2,"name":"Vamos Viajar","item":"https:\/\/clubedeviagensmoms.com.br\/homolog\/shop\/"},{"@type":"ListItem","position":3,"name":"Eco Resort Hotel Villa S\u00e3o Rom\u00e3o"}]},{"@type":"WebSite","@id":"https:\/\/clubedeviagensmoms.com.br\/homolog\/#website","url":"https:\/\/clubedeviagensmoms.com.br\/homolog\/","name":"Clube Moms","description":"O Clube Moms \u00e9 uma ag\u00eancia de turismo com foco em fam\u00edlias com crian\u00e7as, que uno os conceitos de Consultoria Especializada e Clube de Vantagens.","potentialAction":[{"@type":"SearchAction","target":{"@type":"EntryPoint","urlTemplate":"https:\/\/clubedeviagensmoms.com.br\/homolog\/?s={search_term_string}"},"query-input":"required name=search_term_string"}],"inLanguage":"pt-BR"}]}},"_links":{"self":[{"href":"https:\/\/clubedeviagensmoms.com.br\/homolog\/wp-json\/wp\/v2\/product\/4049","targetHints":{"allow":["GET"]}}],"collection":[{"href":"https:\/\/clubedeviagensmoms.com.br\/homolog\/wp-json\/wp\/v2\/product"}],"about":[{"href":"https:\/\/clubedeviagensmoms.com.br\/homolog\/wp-json\/wp\/v2\/types\/product"}],"replies":[{"embeddable":true,"href":"https:\/\/clubedeviagensmoms.com.br\/homolog\/wp-json\/wp\/v2\/comments?post=4049"}],"wp:featuredmedia":[{"embeddable":true,"href":"https:\/\/clubedeviagensmoms.com.br\/homolog\/wp-json\/wp\/v2\/media\/2013"}],"wp:attachment":[{"href":"https:\/\/clubedeviagensmoms.com.br\/homolog\/wp-json\/wp\/v2\/media?parent=4049"}],"wp:term":[{"taxonomy":"product_cat","embeddable":true,"href":"https:\/\/clubedeviagensmoms.com.br\/homolog\/wp-json\/wp\/v2\/product_cat?post=4049"},{"taxonomy":"product_tag","embeddable":true,"href":"https:\/\/clubedeviagensmoms.com.br\/homolog\/wp-json\/wp\/v2\/product_tag?post=4049"}],"curies":[{"name":"wp","href":"https:\/\/api.w.org\/{rel}","templated":true}]}}