{"id":4050,"date":"2021-10-29T19:55:57","date_gmt":"2021-10-29T22:55:57","guid":{"rendered":"http:\/\/clubedeviagensmoms.com.br\/homolog\/taober_wp\/?post_type=product&#038;p=4050"},"modified":"2023-08-30T12:25:18","modified_gmt":"2023-08-30T15:25:18","slug":"costao-do-santinho","status":"publish","type":"product","link":"https:\/\/clubedeviagensmoms.com.br\/homolog\/produto\/costao-do-santinho\/","title":{"rendered":"Cost\u00e3o do Santinho"},"content":{"rendered":"<p>Prepare-se para viver dias m\u00e1gicos na Ilha de Santa Catarina! De frente para a Praia do Santinho e junto \u00e0 Mata Atl\u00e2ntica, o Cost\u00e3o do Santinho proporciona divers\u00e3o para toda a fam\u00edlia. Viva toda a experi\u00eancia do resort mais premiado do Brasil.<\/p>\n<p class=\"text-center\">Situado pr\u00f3ximo a uma \u00e1rea de preserva\u00e7\u00e3o ambiental, ele \u00e9 rodeado de hist\u00f3ria e repleto de registros das civiliza\u00e7\u00f5es que viveram na regi\u00e3o. Assim, a cultura dos colonos a\u00e7orianos, que fundaram Florian\u00f3polis, est\u00e1 presente na arquitetura do Cost\u00e3o e, dessa forma, integrada \u00e0 pr\u00f3pria hist\u00f3ria da Ilha de Santa Catarina<\/p>\n<p>T\u00e3o espetacular quanto Florian\u00f3polis, o Cost\u00e3o do Santinho proporciona aos h\u00f3spedes uma estada all inclusive para ficar guardada na mem\u00f3ria! Com grande variedade de atividades para toda a fam\u00edlia, a grandiosa propriedade n\u00e3o decepciona em nenhum quesito. A gastronomia, por exemplo, abrange desde culin\u00e1ria asi\u00e1tica at\u00e9 frutos do mar e a estrutura de lazer \u00e9 completa.<\/p>\n<p>Viva intensamente cada segundo no Cost\u00e3o do Santinho! Voc\u00ea n\u00e3o vai se arrepender!<\/p>\n<p>Se voc\u00ea ainda n\u00e3o conhece nossas redes sociais, vem dar uma conferida no nosso<span>\u00a0<\/span><a href=\"https:\/\/www.instagram.com\/clubedeviagensmoms\/\">Instagram<\/a><span>\u00a0<\/span>e tamb\u00e9m na nossa<span>\u00a0<\/span><a href=\"https:\/\/www.facebook.com\/ClubeDeViagensMoms\/?hc_ref=ARREVFAUN6kemqQPikWPR6yOVqfolWuZ4Gm2u6EX4fJ2-jyHER8eDB5si8DvGkabbOE&amp;fref=nf&amp;__xts__[0]=68.ARAXJqd_Jm68dG9qh_a7A_hAS8hHGdRg1Cq8Je9my1EPnGBRo26TI37xs6IY6NhynKSzyIDhPcBRqvr6Nzuwi7g2W4UPO84T0-vU7mWKXia_C51FzzqVsE3HthHbuQetTo9gapY&amp;__tn__=kC-R\">p\u00e1gina do Facebook<\/a>! Ainda, temos um<span>\u00a0<\/span><a href=\"https:\/\/www.facebook.com\/groups\/clubedeviagensmoms\/\">grupo do Facebook<\/a>, ent\u00e3o, venha fazer parte!<\/p>\n<p>E se voc\u00ea quiser conferir nossos outros hot\u00e9is parceiros, clique<span>\u00a0<\/span><a href=\"http:\/\/clubedeviagensmoms.com.br\/homolog\/vamos-viajar\/hoteis\/\" target=\"_blank\" rel=\"noopener noreferrer\">aqui<\/a>!<\/p>\n","protected":false},"excerpt":{"rendered":"<p>Prepare-se para viver dias m\u00e1gicos na Ilha de Santa Catarina! De frente para a Praia do Santinho e junto \u00e0 Mata Atl\u00e2ntica, o Cost\u00e3o do Santinho proporciona divers\u00e3o para toda a fam\u00edlia. Viva toda a experi\u00eancia do resort mais premiado do Brasil. Situado pr\u00f3ximo a uma \u00e1rea de preserva\u00e7\u00e3o ambiental, ele \u00e9 rodeado de hist\u00f3ria [&hellip;]<\/p>\n","protected":false},"featured_media":2161,"comment_status":"closed","ping_status":"closed","template":"","meta":[],"product_cat":[21],"product_tag":[278,27,28,288,29,30,31,32,33,35,36,240,52,234,38,39,40],"class_list":["post-4050","product","type-product","status-publish","has-post-thumbnail","hentry","product_cat-hoteis","product_tag-baba","product_tag-clube-de-viagens-moms","product_tag-clube-moms","product_tag-costao-do-santinho","product_tag-criancas","product_tag-diversao","product_tag-diversao-em-familia","product_tag-ferias","product_tag-ferias-em-familia","product_tag-recreacao","product_tag-resort","product_tag-santa-catarina","product_tag-spa","product_tag-sul","product_tag-viagem","product_tag-viagem-com-criancas","product_tag-viagem-em-familia","pa_destino-brasil","pa_destino-santa-catarina","pa_estrutura-lazer-esportes-radicais","pa_estrutura-lazer-piscina","pa_estrutura-lazer-piscina-aquecida","pa_estrutura-lazer-recreacao","pa_regime-de-alimentacao-all-inclusive","pa_servicos-opcionais-servico-de-babas","pa_servicos-opcionais-servico-de-massagem","pa_servicos-opcionais-spa","pa_tipos-de-destinos-pe-na-areia","pa_tipos-de-destinos-praia","pa_tipos-de-destinos-resorts"],"acf":[],"yoast_head":"<!-- This site is optimized with the Yoast SEO Premium plugin v16.0.2 (Yoast SEO v21.2) - https:\/\/yoast.com\/wordpress\/plugins\/seo\/ -->\n<title>Cost\u00e3o do Santinho - Clube Moms<\/title>\n<meta name=\"description\" content=\"T\u00e3o espetacular quanto Florian\u00f3polis, o Cost\u00e3o do Santinho proporciona aos h\u00f3spedes uma estada all inclusive para ficar guardada na mem\u00f3ria!\" \/>\n<meta name=\"robots\" content=\"index, follow, max-snippet:-1, max-image-preview:large, max-video-preview:-1\" \/>\n<link rel=\"canonical\" href=\"https:\/\/clubedeviagensmoms.com.br\/homolog\/produto\/costao-do-santinho\/\" \/>\n<meta property=\"og:locale\" content=\"pt_BR\" \/>\n<meta property=\"og:type\" content=\"article\" \/>\n<meta property=\"og:title\" content=\"Cost\u00e3o do Santinho - Clube Moms\" \/>\n<meta property=\"og:description\" content=\"T\u00e3o espetacular quanto Florian\u00f3polis, o Cost\u00e3o do Santinho proporciona aos h\u00f3spedes uma estada all inclusive para ficar guardada na mem\u00f3ria!\" \/>\n<meta property=\"og:url\" content=\"https:\/\/clubedeviagensmoms.com.br\/homolog\/produto\/costao-do-santinho\/\" \/>\n<meta property=\"og:site_name\" content=\"Clube Moms\" \/>\n<meta property=\"article:modified_time\" content=\"2023-08-30T15:25:18+00:00\" \/>\n<meta property=\"og:image\" content=\"https:\/\/clubedeviagensmoms.com.br\/homolog\/wp-content\/uploads\/2021\/10\/Sem-Titulo-146-1024x536-1.jpg\" \/>\n\t<meta property=\"og:image:width\" content=\"1024\" \/>\n\t<meta property=\"og:image:height\" content=\"536\" \/>\n\t<meta property=\"og:image:type\" content=\"image\/jpeg\" \/>\n<meta name=\"twitter:card\" content=\"summary_large_image\" \/>\n<meta name=\"twitter:label1\" content=\"Est. tempo de leitura\" \/>\n\t<meta name=\"twitter:data1\" content=\"2 minutos\" \/>\n<script type=\"application\/ld+json\" class=\"yoast-schema-graph\">{\"@context\":\"https:\/\/schema.org\",\"@graph\":[{\"@type\":\"WebPage\",\"@id\":\"https:\/\/clubedeviagensmoms.com.br\/homolog\/produto\/costao-do-santinho\/\",\"url\":\"https:\/\/clubedeviagensmoms.com.br\/homolog\/produto\/costao-do-santinho\/\",\"name\":\"Cost\u00e3o do Santinho - Clube Moms\",\"isPartOf\":{\"@id\":\"https:\/\/clubedeviagensmoms.com.br\/homolog\/#website\"},\"datePublished\":\"2021-10-29T22:55:57+00:00\",\"dateModified\":\"2023-08-30T15:25:18+00:00\",\"description\":\"T\u00e3o espetacular quanto Florian\u00f3polis, o Cost\u00e3o do Santinho proporciona aos h\u00f3spedes uma estada all inclusive para ficar guardada na mem\u00f3ria!\",\"breadcrumb\":{\"@id\":\"https:\/\/clubedeviagensmoms.com.br\/homolog\/produto\/costao-do-santinho\/#breadcrumb\"},\"inLanguage\":\"pt-BR\",\"potentialAction\":[{\"@type\":\"ReadAction\",\"target\":[\"https:\/\/clubedeviagensmoms.com.br\/homolog\/produto\/costao-do-santinho\/\"]}]},{\"@type\":\"BreadcrumbList\",\"@id\":\"https:\/\/clubedeviagensmoms.com.br\/homolog\/produto\/costao-do-santinho\/#breadcrumb\",\"itemListElement\":[{\"@type\":\"ListItem\",\"position\":1,\"name\":\"Home\",\"item\":\"https:\/\/clubedeviagensmoms.com.br\/homolog\/\"},{\"@type\":\"ListItem\",\"position\":2,\"name\":\"Vamos Viajar\",\"item\":\"https:\/\/clubedeviagensmoms.com.br\/homolog\/shop\/\"},{\"@type\":\"ListItem\",\"position\":3,\"name\":\"Cost\u00e3o do Santinho\"}]},{\"@type\":\"WebSite\",\"@id\":\"https:\/\/clubedeviagensmoms.com.br\/homolog\/#website\",\"url\":\"https:\/\/clubedeviagensmoms.com.br\/homolog\/\",\"name\":\"Clube Moms\",\"description\":\"O Clube Moms \u00e9 uma ag\u00eancia de turismo com foco em fam\u00edlias com crian\u00e7as, que uno os conceitos de Consultoria Especializada e Clube de Vantagens.\",\"potentialAction\":[{\"@type\":\"SearchAction\",\"target\":{\"@type\":\"EntryPoint\",\"urlTemplate\":\"https:\/\/clubedeviagensmoms.com.br\/homolog\/?s={search_term_string}\"},\"query-input\":\"required name=search_term_string\"}],\"inLanguage\":\"pt-BR\"}]}<\/script>\n<!-- \/ Yoast SEO Premium plugin. -->","yoast_head_json":{"title":"Cost\u00e3o do Santinho - Clube Moms","description":"T\u00e3o espetacular quanto Florian\u00f3polis, o Cost\u00e3o do Santinho proporciona aos h\u00f3spedes uma estada all inclusive para ficar guardada na mem\u00f3ria!","robots":{"index":"index","follow":"follow","max-snippet":"max-snippet:-1","max-image-preview":"max-image-preview:large","max-video-preview":"max-video-preview:-1"},"canonical":"https:\/\/clubedeviagensmoms.com.br\/homolog\/produto\/costao-do-santinho\/","og_locale":"pt_BR","og_type":"article","og_title":"Cost\u00e3o do Santinho - Clube Moms","og_description":"T\u00e3o espetacular quanto Florian\u00f3polis, o Cost\u00e3o do Santinho proporciona aos h\u00f3spedes uma estada all inclusive para ficar guardada na mem\u00f3ria!","og_url":"https:\/\/clubedeviagensmoms.com.br\/homolog\/produto\/costao-do-santinho\/","og_site_name":"Clube Moms","article_modified_time":"2023-08-30T15:25:18+00:00","og_image":[{"width":1024,"height":536,"url":"https:\/\/clubedeviagensmoms.com.br\/homolog\/wp-content\/uploads\/2021\/10\/Sem-Titulo-146-1024x536-1.jpg","type":"image\/jpeg"}],"twitter_card":"summary_large_image","twitter_misc":{"Est. tempo de leitura":"2 minutos"},"schema":{"@context":"https:\/\/schema.org","@graph":[{"@type":"WebPage","@id":"https:\/\/clubedeviagensmoms.com.br\/homolog\/produto\/costao-do-santinho\/","url":"https:\/\/clubedeviagensmoms.com.br\/homolog\/produto\/costao-do-santinho\/","name":"Cost\u00e3o do Santinho - Clube Moms","isPartOf":{"@id":"https:\/\/clubedeviagensmoms.com.br\/homolog\/#website"},"datePublished":"2021-10-29T22:55:57+00:00","dateModified":"2023-08-30T15:25:18+00:00","description":"T\u00e3o espetacular quanto Florian\u00f3polis, o Cost\u00e3o do Santinho proporciona aos h\u00f3spedes uma estada all inclusive para ficar guardada na mem\u00f3ria!","breadcrumb":{"@id":"https:\/\/clubedeviagensmoms.com.br\/homolog\/produto\/costao-do-santinho\/#breadcrumb"},"inLanguage":"pt-BR","potentialAction":[{"@type":"ReadAction","target":["https:\/\/clubedeviagensmoms.com.br\/homolog\/produto\/costao-do-santinho\/"]}]},{"@type":"BreadcrumbList","@id":"https:\/\/clubedeviagensmoms.com.br\/homolog\/produto\/costao-do-santinho\/#breadcrumb","itemListElement":[{"@type":"ListItem","position":1,"name":"Home","item":"https:\/\/clubedeviagensmoms.com.br\/homolog\/"},{"@type":"ListItem","position":2,"name":"Vamos Viajar","item":"https:\/\/clubedeviagensmoms.com.br\/homolog\/shop\/"},{"@type":"ListItem","position":3,"name":"Cost\u00e3o do Santinho"}]},{"@type":"WebSite","@id":"https:\/\/clubedeviagensmoms.com.br\/homolog\/#website","url":"https:\/\/clubedeviagensmoms.com.br\/homolog\/","name":"Clube Moms","description":"O Clube Moms \u00e9 uma ag\u00eancia de turismo com foco em fam\u00edlias com crian\u00e7as, que uno os conceitos de Consultoria Especializada e Clube de Vantagens.","potentialAction":[{"@type":"SearchAction","target":{"@type":"EntryPoint","urlTemplate":"https:\/\/clubedeviagensmoms.com.br\/homolog\/?s={search_term_string}"},"query-input":"required name=search_term_string"}],"inLanguage":"pt-BR"}]}},"_links":{"self":[{"href":"https:\/\/clubedeviagensmoms.com.br\/homolog\/wp-json\/wp\/v2\/product\/4050","targetHints":{"allow":["GET"]}}],"collection":[{"href":"https:\/\/clubedeviagensmoms.com.br\/homolog\/wp-json\/wp\/v2\/product"}],"about":[{"href":"https:\/\/clubedeviagensmoms.com.br\/homolog\/wp-json\/wp\/v2\/types\/product"}],"replies":[{"embeddable":true,"href":"https:\/\/clubedeviagensmoms.com.br\/homolog\/wp-json\/wp\/v2\/comments?post=4050"}],"wp:featuredmedia":[{"embeddable":true,"href":"https:\/\/clubedeviagensmoms.com.br\/homolog\/wp-json\/wp\/v2\/media\/2161"}],"wp:attachment":[{"href":"https:\/\/clubedeviagensmoms.com.br\/homolog\/wp-json\/wp\/v2\/media?parent=4050"}],"wp:term":[{"taxonomy":"product_cat","embeddable":true,"href":"https:\/\/clubedeviagensmoms.com.br\/homolog\/wp-json\/wp\/v2\/product_cat?post=4050"},{"taxonomy":"product_tag","embeddable":true,"href":"https:\/\/clubedeviagensmoms.com.br\/homolog\/wp-json\/wp\/v2\/product_tag?post=4050"}],"curies":[{"name":"wp","href":"https:\/\/api.w.org\/{rel}","templated":true}]}}