{"id":4051,"date":"2021-10-29T19:55:57","date_gmt":"2021-10-29T22:55:57","guid":{"rendered":"http:\/\/clubedeviagensmoms.com.br\/homolog\/taober_wp\/?post_type=product&#038;p=4051"},"modified":"2023-08-30T12:25:17","modified_gmt":"2023-08-30T15:25:17","slug":"club-med-valmorel","status":"publish","type":"product","link":"https:\/\/clubedeviagensmoms.com.br\/homolog\/produto\/club-med-valmorel\/","title":{"rendered":"Club Med Valmorel"},"content":{"rendered":"<p>Constru\u00eddo aos p\u00e9s do maci\u00e7o Cheval Noir, a 1.460 metros de altitude, o Resort Club Med Valmorel proporciona uma verdadeira experi\u00eancia familiar, com clubes infantis dispon\u00edveis para todas as idades \u2013 de beb\u00eas a adolescentes. A arquitetura da localidade foi inspirada nas mans\u00f5es da regi\u00e3o do Beaufortain, com fachadas coloridas e telhados de ard\u00f3sia cobertos de neve.<\/p>\n<p>L\u00e1 embaixo, o simp\u00e1tico vilarejo de Valmorel surge por tr\u00e1s de uma floresta de pinheiros. Aproveite as suas f\u00e9rias no Club Med Valmorel para esquiar nas pistas do Grand Domaine, enquanto seus filhos se divertem nas descidas com tren\u00f3s.<\/p>\n<p>Para descobrir paisagens naturais intocadas, fa\u00e7a uma caminhada nas montanhas com raquetes nos p\u00e9s. \u00c0 noite, desperte o seu paladar com a variedade de sabores da gastronomia da Savoia, como o famoso fondue savoyarde.<\/p>\n<p>Venha experimentar, pois com as f\u00e9rias all inclusive do Club Med, voc\u00ea n\u00e3o precisa se preocupar com nada, apenas consigo mesmo. Na sua chegada, tudo j\u00e1 estar\u00e1 \u00e0 sua espera para que voc\u00ea possa se lan\u00e7ar nas pistas de esqui!<\/p>\n<p>Descubra, ainda, o Le Lodge, que \u00e9 o Espa\u00e7o 5 Tridentes privativo, dentro do Village 4 Tridentes de Valmorel!<\/p>\n<p>Aeroportos: Paris Charles de Gaulle ou Genebra<\/p>\n<p>Esta\u00e7\u00f5es de trem: Mo\u00fbtiers, Salins, Brides-les-Bains, a 40 min. do Village.<\/p>\n<p>Quer conhecer nossos parceiros? Ent\u00e3o, clique<span>\u00a0<\/span><a href=\"http:\/\/clubedeviagensmoms.com.br\/homolog\/vamos-viajar\/hoteis\/\" target=\"_blank\" rel=\"noopener noreferrer\">aqui<\/a>!<\/p>\n<p>==========================<\/p>\n<p>J\u00e1 conhece as nossas redes sociais ou faz parte do nosso grupo do Facebook?<\/p>\n<p>Nos Siga:<\/p>\n<p><a href=\"https:\/\/www.instagram.com\/clubedeviagensmoms\/\">\u2013 Instagram<\/a><\/p>\n<p><a href=\"https:\/\/www.facebook.com\/ClubeDeViagensMoms\/?hc_ref=ARREVFAUN6kemqQPikWPR6yOVqfolWuZ4Gm2u6EX4fJ2-jyHER8eDB5si8DvGkabbOE&amp;fref=nf&amp;__xts__[0]=68.ARAXJqd_Jm68dG9qh_a7A_hAS8hHGdRg1Cq8Je9my1EPnGBRo26TI37xs6IY6NhynKSzyIDhPcBRqvr6Nzuwi7g2W4UPO84T0-vU7mWKXia_C51FzzqVsE3HthHbuQetTo9gapY&amp;__tn__=kC-R\">\u2013 P\u00e1gina do Facebook<\/a><\/p>\n<p>Fa\u00e7a parte:<\/p>\n<p><a href=\"https:\/\/www.facebook.com\/groups\/clubedeviagensmoms\/\">\u2013 Grupo do Facebook<\/a><\/p>\n","protected":false},"excerpt":{"rendered":"<p>F\u00e9rias de esqui em Valmorel para descobrir as regi\u00f5es esqui\u00e1veis da Sav\u00f3ia!<\/p>\n","protected":false},"featured_media":2218,"comment_status":"closed","ping_status":"closed","template":"","meta":[],"product_cat":[21],"product_tag":[289,167,290,27,28,29,30,31,32,33,255,38,39,40],"class_list":["post-4051","product","type-product","status-publish","has-post-thumbnail","hentry","product_cat-hoteis","product_tag-alpes","product_tag-club-med","product_tag-club-med-valmorel","product_tag-clube-de-viagens-moms","product_tag-clube-moms","product_tag-criancas","product_tag-diversao","product_tag-diversao-em-familia","product_tag-ferias","product_tag-ferias-em-familia","product_tag-neve","product_tag-viagem","product_tag-viagem-com-criancas","product_tag-viagem-em-familia","pa_destino-club-med","pa_destino-europa","pa_destino-franca","pa_estrutura-lazer-academia","pa_estrutura-lazer-bar","pa_estrutura-lazer-centro-de-convencoes","pa_estrutura-lazer-copa-baby","pa_estrutura-lazer-esportes-radicais","pa_estrutura-lazer-estacionamento","pa_estrutura-lazer-jacuzzi","pa_estrutura-lazer-kids-club","pa_estrutura-lazer-lavanderia","pa_estrutura-lazer-piscina","pa_estrutura-lazer-piscina-aquecida","pa_estrutura-lazer-recreacao","pa_estrutura-lazer-restaurante","pa_estrutura-lazer-restaurante-infantil","pa_estrutura-lazer-sala-de-estar","pa_estrutura-lazer-sala-de-reuniao","pa_estrutura-lazer-sala-de-tv","pa_estrutura-lazer-salao-de-jogos","pa_estrutura-lazer-sauna","pa_estrutura-lazer-spa","pa_estrutura-lazer-teatro","pa_regime-de-alimentacao-all-inclusive","pa_servicos-opcionais-aluguel-de-carros","pa_servicos-opcionais-esportes-radicais","pa_servicos-opcionais-lavanderia","pa_servicos-opcionais-massagem","pa_servicos-opcionais-servico-de-babas","pa_servicos-opcionais-servico-de-massagem","pa_servicos-opcionais-servico-de-passar-roupas","pa_servicos-opcionais-servico-de-traslado","pa_servicos-opcionais-spa","pa_servicos-opcionais-spa-para-pes-e-maos","pa_tipos-de-destinos-neve"],"acf":[],"yoast_head":"<!-- This site is optimized with the Yoast SEO Premium plugin v16.0.2 (Yoast SEO v21.2) - https:\/\/yoast.com\/wordpress\/plugins\/seo\/ -->\n<title>Club Med Valmorel - Clube Moms<\/title>\n<meta name=\"description\" content=\"Venha experimentar, pois com as f\u00e9rias all inclusive do Club Med Valmorel, voc\u00ea n\u00e3o precisa se preocupar com nada, apenas consigo mesmo!\" \/>\n<meta name=\"robots\" content=\"index, follow, max-snippet:-1, max-image-preview:large, max-video-preview:-1\" \/>\n<link rel=\"canonical\" href=\"https:\/\/clubedeviagensmoms.com.br\/homolog\/produto\/club-med-valmorel\/\" \/>\n<meta property=\"og:locale\" content=\"pt_BR\" \/>\n<meta property=\"og:type\" content=\"article\" \/>\n<meta property=\"og:title\" content=\"Club Med Valmorel - Clube Moms\" \/>\n<meta property=\"og:description\" content=\"Venha experimentar, pois com as f\u00e9rias all inclusive do Club Med Valmorel, voc\u00ea n\u00e3o precisa se preocupar com nada, apenas consigo mesmo!\" \/>\n<meta property=\"og:url\" content=\"https:\/\/clubedeviagensmoms.com.br\/homolog\/produto\/club-med-valmorel\/\" \/>\n<meta property=\"og:site_name\" content=\"Clube Moms\" \/>\n<meta property=\"article:modified_time\" content=\"2023-08-30T15:25:17+00:00\" \/>\n<meta property=\"og:image\" content=\"https:\/\/clubedeviagensmoms.com.br\/homolog\/wp-content\/uploads\/2021\/10\/ClubMedValmorel_VistaGeralNeveAlpes_12122017_1558.jpg\" \/>\n\t<meta property=\"og:image:width\" content=\"1200\" \/>\n\t<meta property=\"og:image:height\" content=\"628\" \/>\n\t<meta property=\"og:image:type\" content=\"image\/jpeg\" \/>\n<meta name=\"twitter:card\" content=\"summary_large_image\" \/>\n<meta name=\"twitter:label1\" content=\"Est. tempo de leitura\" \/>\n\t<meta name=\"twitter:data1\" content=\"2 minutos\" \/>\n<script type=\"application\/ld+json\" class=\"yoast-schema-graph\">{\"@context\":\"https:\/\/schema.org\",\"@graph\":[{\"@type\":\"WebPage\",\"@id\":\"https:\/\/clubedeviagensmoms.com.br\/homolog\/produto\/club-med-valmorel\/\",\"url\":\"https:\/\/clubedeviagensmoms.com.br\/homolog\/produto\/club-med-valmorel\/\",\"name\":\"Club Med Valmorel - Clube Moms\",\"isPartOf\":{\"@id\":\"https:\/\/clubedeviagensmoms.com.br\/homolog\/#website\"},\"datePublished\":\"2021-10-29T22:55:57+00:00\",\"dateModified\":\"2023-08-30T15:25:17+00:00\",\"description\":\"Venha experimentar, pois com as f\u00e9rias all inclusive do Club Med Valmorel, voc\u00ea n\u00e3o precisa se preocupar com nada, apenas consigo mesmo!\",\"breadcrumb\":{\"@id\":\"https:\/\/clubedeviagensmoms.com.br\/homolog\/produto\/club-med-valmorel\/#breadcrumb\"},\"inLanguage\":\"pt-BR\",\"potentialAction\":[{\"@type\":\"ReadAction\",\"target\":[\"https:\/\/clubedeviagensmoms.com.br\/homolog\/produto\/club-med-valmorel\/\"]}]},{\"@type\":\"BreadcrumbList\",\"@id\":\"https:\/\/clubedeviagensmoms.com.br\/homolog\/produto\/club-med-valmorel\/#breadcrumb\",\"itemListElement\":[{\"@type\":\"ListItem\",\"position\":1,\"name\":\"Home\",\"item\":\"https:\/\/clubedeviagensmoms.com.br\/homolog\/\"},{\"@type\":\"ListItem\",\"position\":2,\"name\":\"Vamos Viajar\",\"item\":\"https:\/\/clubedeviagensmoms.com.br\/homolog\/shop\/\"},{\"@type\":\"ListItem\",\"position\":3,\"name\":\"Club Med Valmorel\"}]},{\"@type\":\"WebSite\",\"@id\":\"https:\/\/clubedeviagensmoms.com.br\/homolog\/#website\",\"url\":\"https:\/\/clubedeviagensmoms.com.br\/homolog\/\",\"name\":\"Clube Moms\",\"description\":\"O Clube Moms \u00e9 uma ag\u00eancia de turismo com foco em fam\u00edlias com crian\u00e7as, que uno os conceitos de Consultoria Especializada e Clube de Vantagens.\",\"potentialAction\":[{\"@type\":\"SearchAction\",\"target\":{\"@type\":\"EntryPoint\",\"urlTemplate\":\"https:\/\/clubedeviagensmoms.com.br\/homolog\/?s={search_term_string}\"},\"query-input\":\"required name=search_term_string\"}],\"inLanguage\":\"pt-BR\"}]}<\/script>\n<!-- \/ Yoast SEO Premium plugin. -->","yoast_head_json":{"title":"Club Med Valmorel - Clube Moms","description":"Venha experimentar, pois com as f\u00e9rias all inclusive do Club Med Valmorel, voc\u00ea n\u00e3o precisa se preocupar com nada, apenas consigo mesmo!","robots":{"index":"index","follow":"follow","max-snippet":"max-snippet:-1","max-image-preview":"max-image-preview:large","max-video-preview":"max-video-preview:-1"},"canonical":"https:\/\/clubedeviagensmoms.com.br\/homolog\/produto\/club-med-valmorel\/","og_locale":"pt_BR","og_type":"article","og_title":"Club Med Valmorel - Clube Moms","og_description":"Venha experimentar, pois com as f\u00e9rias all inclusive do Club Med Valmorel, voc\u00ea n\u00e3o precisa se preocupar com nada, apenas consigo mesmo!","og_url":"https:\/\/clubedeviagensmoms.com.br\/homolog\/produto\/club-med-valmorel\/","og_site_name":"Clube Moms","article_modified_time":"2023-08-30T15:25:17+00:00","og_image":[{"width":1200,"height":628,"url":"https:\/\/clubedeviagensmoms.com.br\/homolog\/wp-content\/uploads\/2021\/10\/ClubMedValmorel_VistaGeralNeveAlpes_12122017_1558.jpg","type":"image\/jpeg"}],"twitter_card":"summary_large_image","twitter_misc":{"Est. tempo de leitura":"2 minutos"},"schema":{"@context":"https:\/\/schema.org","@graph":[{"@type":"WebPage","@id":"https:\/\/clubedeviagensmoms.com.br\/homolog\/produto\/club-med-valmorel\/","url":"https:\/\/clubedeviagensmoms.com.br\/homolog\/produto\/club-med-valmorel\/","name":"Club Med Valmorel - Clube Moms","isPartOf":{"@id":"https:\/\/clubedeviagensmoms.com.br\/homolog\/#website"},"datePublished":"2021-10-29T22:55:57+00:00","dateModified":"2023-08-30T15:25:17+00:00","description":"Venha experimentar, pois com as f\u00e9rias all inclusive do Club Med Valmorel, voc\u00ea n\u00e3o precisa se preocupar com nada, apenas consigo mesmo!","breadcrumb":{"@id":"https:\/\/clubedeviagensmoms.com.br\/homolog\/produto\/club-med-valmorel\/#breadcrumb"},"inLanguage":"pt-BR","potentialAction":[{"@type":"ReadAction","target":["https:\/\/clubedeviagensmoms.com.br\/homolog\/produto\/club-med-valmorel\/"]}]},{"@type":"BreadcrumbList","@id":"https:\/\/clubedeviagensmoms.com.br\/homolog\/produto\/club-med-valmorel\/#breadcrumb","itemListElement":[{"@type":"ListItem","position":1,"name":"Home","item":"https:\/\/clubedeviagensmoms.com.br\/homolog\/"},{"@type":"ListItem","position":2,"name":"Vamos Viajar","item":"https:\/\/clubedeviagensmoms.com.br\/homolog\/shop\/"},{"@type":"ListItem","position":3,"name":"Club Med Valmorel"}]},{"@type":"WebSite","@id":"https:\/\/clubedeviagensmoms.com.br\/homolog\/#website","url":"https:\/\/clubedeviagensmoms.com.br\/homolog\/","name":"Clube Moms","description":"O Clube Moms \u00e9 uma ag\u00eancia de turismo com foco em fam\u00edlias com crian\u00e7as, que uno os conceitos de Consultoria Especializada e Clube de Vantagens.","potentialAction":[{"@type":"SearchAction","target":{"@type":"EntryPoint","urlTemplate":"https:\/\/clubedeviagensmoms.com.br\/homolog\/?s={search_term_string}"},"query-input":"required name=search_term_string"}],"inLanguage":"pt-BR"}]}},"_links":{"self":[{"href":"https:\/\/clubedeviagensmoms.com.br\/homolog\/wp-json\/wp\/v2\/product\/4051","targetHints":{"allow":["GET"]}}],"collection":[{"href":"https:\/\/clubedeviagensmoms.com.br\/homolog\/wp-json\/wp\/v2\/product"}],"about":[{"href":"https:\/\/clubedeviagensmoms.com.br\/homolog\/wp-json\/wp\/v2\/types\/product"}],"replies":[{"embeddable":true,"href":"https:\/\/clubedeviagensmoms.com.br\/homolog\/wp-json\/wp\/v2\/comments?post=4051"}],"wp:featuredmedia":[{"embeddable":true,"href":"https:\/\/clubedeviagensmoms.com.br\/homolog\/wp-json\/wp\/v2\/media\/2218"}],"wp:attachment":[{"href":"https:\/\/clubedeviagensmoms.com.br\/homolog\/wp-json\/wp\/v2\/media?parent=4051"}],"wp:term":[{"taxonomy":"product_cat","embeddable":true,"href":"https:\/\/clubedeviagensmoms.com.br\/homolog\/wp-json\/wp\/v2\/product_cat?post=4051"},{"taxonomy":"product_tag","embeddable":true,"href":"https:\/\/clubedeviagensmoms.com.br\/homolog\/wp-json\/wp\/v2\/product_tag?post=4051"}],"curies":[{"name":"wp","href":"https:\/\/api.w.org\/{rel}","templated":true}]}}