{"id":4056,"date":"2021-10-29T19:55:57","date_gmt":"2021-10-29T22:55:57","guid":{"rendered":"http:\/\/clubedeviagensmoms.com.br\/homolog\/taober_wp\/?post_type=product&#038;p=4056"},"modified":"2023-08-30T12:25:14","modified_gmt":"2023-08-30T15:25:14","slug":"club-med-les-arcs-panorama","status":"publish","type":"product","link":"https:\/\/clubedeviagensmoms.com.br\/homolog\/produto\/club-med-les-arcs-panorama\/","title":{"rendered":"Club Med Les Arcs Panorama"},"content":{"rendered":"<p><span>A partir de dezembro de 2018, Les Arcs Panorama abre suas portas para que voc\u00ea descubra sua arquitetura moderna e suas vistas deslumbrantes. Situado na esta\u00e7\u00e3o familiar de Les Arcs 1600, em uma das maiores regi\u00f5es esqui\u00e1veis do mundo, Paradiski\u00ae, o resort lhe oferece o melhor do esqui. Voc\u00ea tamb\u00e9m poder\u00e1 desfrutar de um espa\u00e7o bem-estar \u00fanico, reunindo um spa Cinq Mondes, piscinas internas e externas aquecidas, hidromassagem, sauna a vapor, salas de fitness e Cardio-Training, As fam\u00edlias disp\u00f5em dos nossos clubes infantis, que recebem crian\u00e7as a partira de 4 meses at\u00e9 17 anos. Al\u00e9m disso, descobrem um novo conceito de restaurante familiar, o Bread &amp; Co, onde as crian\u00e7as convidam os pais ! E para uma experi\u00eancia ainda mais exclusiva, descubra o excepcional espa\u00e7o 5T no alto do Resort.<\/span><\/p>\n","protected":false},"excerpt":{"rendered":"<p>Uma j\u00f3ia moderna cercada pela floresta de pinheiros aos p\u00e9s da montanha, oferecendo vistas excepcionais sobre o vale da Tarantaise.<\/p>\n","protected":false},"featured_media":2225,"comment_status":"closed","ping_status":"closed","template":"","meta":[],"product_cat":[21],"product_tag":[289,167,298,27,28,30,31,299,32,33,300,106,255,38,54],"class_list":["post-4056","product","type-product","status-publish","has-post-thumbnail","hentry","product_cat-hoteis","product_tag-alpes","product_tag-club-med","product_tag-club-med-led-arcs-panorama","product_tag-clube-de-viagens-moms","product_tag-clube-moms","product_tag-diversao","product_tag-diversao-em-familia","product_tag-esqui","product_tag-ferias","product_tag-ferias-em-familia","product_tag-led-arcs-panorama","product_tag-moms","product_tag-neve","product_tag-viagem","product_tag-viagem-com-a-familia","pa_destino-club-med","pa_destino-europa","pa_destino-franca","pa_estrutura-lazer-academia","pa_estrutura-lazer-bar","pa_estrutura-lazer-centro-de-convencoes","pa_estrutura-lazer-copa-baby","pa_estrutura-lazer-esportes-radicais","pa_estrutura-lazer-estacionamento","pa_estrutura-lazer-jacuzzi","pa_estrutura-lazer-kids-club","pa_estrutura-lazer-lavanderia","pa_estrutura-lazer-piscina","pa_estrutura-lazer-piscina-aquecida","pa_estrutura-lazer-recreacao","pa_estrutura-lazer-restaurante","pa_estrutura-lazer-restaurante-infantil","pa_estrutura-lazer-sala-de-estar","pa_estrutura-lazer-sala-de-reuniao","pa_estrutura-lazer-sala-de-tv","pa_estrutura-lazer-salao-de-jogos","pa_estrutura-lazer-sauna","pa_estrutura-lazer-spa","pa_estrutura-lazer-teatro","pa_regime-de-alimentacao-all-inclusive","pa_servicos-opcionais-aluguel-de-carros","pa_servicos-opcionais-esportes-radicais","pa_servicos-opcionais-lavanderia","pa_servicos-opcionais-massagem","pa_servicos-opcionais-servico-de-babas","pa_servicos-opcionais-servico-de-massagem","pa_servicos-opcionais-servico-de-traslado","pa_servicos-opcionais-spa","pa_servicos-opcionais-spa-para-pes-e-maos","pa_tipos-de-destinos-neve"],"acf":[],"yoast_head":"<!-- This site is optimized with the Yoast SEO Premium plugin v16.0.2 (Yoast SEO v21.2) - https:\/\/yoast.com\/wordpress\/plugins\/seo\/ -->\n<title>Club Med Les Arcs Panorama - Clube Moms<\/title>\n<meta name=\"robots\" content=\"index, follow, max-snippet:-1, max-image-preview:large, max-video-preview:-1\" \/>\n<link rel=\"canonical\" href=\"https:\/\/clubedeviagensmoms.com.br\/homolog\/produto\/club-med-les-arcs-panorama\/\" \/>\n<meta property=\"og:locale\" content=\"pt_BR\" \/>\n<meta property=\"og:type\" content=\"article\" \/>\n<meta property=\"og:title\" content=\"Club Med Les Arcs Panorama - Clube Moms\" \/>\n<meta property=\"og:description\" content=\"Uma j\u00f3ia moderna cercada pela floresta de pinheiros aos p\u00e9s da montanha, oferecendo vistas excepcionais sobre o vale da Tarantaise.\" \/>\n<meta property=\"og:url\" content=\"https:\/\/clubedeviagensmoms.com.br\/homolog\/produto\/club-med-les-arcs-panorama\/\" \/>\n<meta property=\"og:site_name\" content=\"Clube Moms\" \/>\n<meta property=\"article:modified_time\" content=\"2023-08-30T15:25:14+00:00\" \/>\n<meta property=\"og:image\" content=\"http:\/\/clubedeviagensmoms.com.br\/homolog\/wp-content\/uploads\/2021\/10\/ClubMedLesArcsPanorama_VistaGeral_07032018_1603-1024x536-1.jpg\" \/>\n\t<meta property=\"og:image:width\" content=\"1024\" \/>\n\t<meta property=\"og:image:height\" content=\"536\" \/>\n\t<meta property=\"og:image:type\" content=\"image\/jpeg\" \/>\n<meta name=\"twitter:card\" content=\"summary_large_image\" \/>\n<meta name=\"twitter:label1\" content=\"Est. tempo de leitura\" \/>\n\t<meta name=\"twitter:data1\" content=\"1 minuto\" \/>\n<script type=\"application\/ld+json\" class=\"yoast-schema-graph\">{\"@context\":\"https:\/\/schema.org\",\"@graph\":[{\"@type\":\"WebPage\",\"@id\":\"https:\/\/clubedeviagensmoms.com.br\/homolog\/produto\/club-med-les-arcs-panorama\/\",\"url\":\"https:\/\/clubedeviagensmoms.com.br\/homolog\/produto\/club-med-les-arcs-panorama\/\",\"name\":\"Club Med Les Arcs Panorama - Clube Moms\",\"isPartOf\":{\"@id\":\"https:\/\/clubedeviagensmoms.com.br\/homolog\/#website\"},\"datePublished\":\"2021-10-29T22:55:57+00:00\",\"dateModified\":\"2023-08-30T15:25:14+00:00\",\"breadcrumb\":{\"@id\":\"https:\/\/clubedeviagensmoms.com.br\/homolog\/produto\/club-med-les-arcs-panorama\/#breadcrumb\"},\"inLanguage\":\"pt-BR\",\"potentialAction\":[{\"@type\":\"ReadAction\",\"target\":[\"https:\/\/clubedeviagensmoms.com.br\/homolog\/produto\/club-med-les-arcs-panorama\/\"]}]},{\"@type\":\"BreadcrumbList\",\"@id\":\"https:\/\/clubedeviagensmoms.com.br\/homolog\/produto\/club-med-les-arcs-panorama\/#breadcrumb\",\"itemListElement\":[{\"@type\":\"ListItem\",\"position\":1,\"name\":\"Home\",\"item\":\"https:\/\/clubedeviagensmoms.com.br\/homolog\/\"},{\"@type\":\"ListItem\",\"position\":2,\"name\":\"Vamos Viajar\",\"item\":\"https:\/\/clubedeviagensmoms.com.br\/homolog\/shop\/\"},{\"@type\":\"ListItem\",\"position\":3,\"name\":\"Club Med Les Arcs Panorama\"}]},{\"@type\":\"WebSite\",\"@id\":\"https:\/\/clubedeviagensmoms.com.br\/homolog\/#website\",\"url\":\"https:\/\/clubedeviagensmoms.com.br\/homolog\/\",\"name\":\"Clube Moms\",\"description\":\"O Clube Moms \u00e9 uma ag\u00eancia de turismo com foco em fam\u00edlias com crian\u00e7as, que uno os conceitos de Consultoria Especializada e Clube de Vantagens.\",\"potentialAction\":[{\"@type\":\"SearchAction\",\"target\":{\"@type\":\"EntryPoint\",\"urlTemplate\":\"https:\/\/clubedeviagensmoms.com.br\/homolog\/?s={search_term_string}\"},\"query-input\":\"required name=search_term_string\"}],\"inLanguage\":\"pt-BR\"}]}<\/script>\n<!-- \/ Yoast SEO Premium plugin. -->","yoast_head_json":{"title":"Club Med Les Arcs Panorama - Clube Moms","robots":{"index":"index","follow":"follow","max-snippet":"max-snippet:-1","max-image-preview":"max-image-preview:large","max-video-preview":"max-video-preview:-1"},"canonical":"https:\/\/clubedeviagensmoms.com.br\/homolog\/produto\/club-med-les-arcs-panorama\/","og_locale":"pt_BR","og_type":"article","og_title":"Club Med Les Arcs Panorama - Clube Moms","og_description":"Uma j\u00f3ia moderna cercada pela floresta de pinheiros aos p\u00e9s da montanha, oferecendo vistas excepcionais sobre o vale da Tarantaise.","og_url":"https:\/\/clubedeviagensmoms.com.br\/homolog\/produto\/club-med-les-arcs-panorama\/","og_site_name":"Clube Moms","article_modified_time":"2023-08-30T15:25:14+00:00","og_image":[{"width":1024,"height":536,"url":"http:\/\/clubedeviagensmoms.com.br\/homolog\/wp-content\/uploads\/2021\/10\/ClubMedLesArcsPanorama_VistaGeral_07032018_1603-1024x536-1.jpg","type":"image\/jpeg"}],"twitter_card":"summary_large_image","twitter_misc":{"Est. tempo de leitura":"1 minuto"},"schema":{"@context":"https:\/\/schema.org","@graph":[{"@type":"WebPage","@id":"https:\/\/clubedeviagensmoms.com.br\/homolog\/produto\/club-med-les-arcs-panorama\/","url":"https:\/\/clubedeviagensmoms.com.br\/homolog\/produto\/club-med-les-arcs-panorama\/","name":"Club Med Les Arcs Panorama - Clube Moms","isPartOf":{"@id":"https:\/\/clubedeviagensmoms.com.br\/homolog\/#website"},"datePublished":"2021-10-29T22:55:57+00:00","dateModified":"2023-08-30T15:25:14+00:00","breadcrumb":{"@id":"https:\/\/clubedeviagensmoms.com.br\/homolog\/produto\/club-med-les-arcs-panorama\/#breadcrumb"},"inLanguage":"pt-BR","potentialAction":[{"@type":"ReadAction","target":["https:\/\/clubedeviagensmoms.com.br\/homolog\/produto\/club-med-les-arcs-panorama\/"]}]},{"@type":"BreadcrumbList","@id":"https:\/\/clubedeviagensmoms.com.br\/homolog\/produto\/club-med-les-arcs-panorama\/#breadcrumb","itemListElement":[{"@type":"ListItem","position":1,"name":"Home","item":"https:\/\/clubedeviagensmoms.com.br\/homolog\/"},{"@type":"ListItem","position":2,"name":"Vamos Viajar","item":"https:\/\/clubedeviagensmoms.com.br\/homolog\/shop\/"},{"@type":"ListItem","position":3,"name":"Club Med Les Arcs Panorama"}]},{"@type":"WebSite","@id":"https:\/\/clubedeviagensmoms.com.br\/homolog\/#website","url":"https:\/\/clubedeviagensmoms.com.br\/homolog\/","name":"Clube Moms","description":"O Clube Moms \u00e9 uma ag\u00eancia de turismo com foco em fam\u00edlias com crian\u00e7as, que uno os conceitos de Consultoria Especializada e Clube de Vantagens.","potentialAction":[{"@type":"SearchAction","target":{"@type":"EntryPoint","urlTemplate":"https:\/\/clubedeviagensmoms.com.br\/homolog\/?s={search_term_string}"},"query-input":"required name=search_term_string"}],"inLanguage":"pt-BR"}]}},"_links":{"self":[{"href":"https:\/\/clubedeviagensmoms.com.br\/homolog\/wp-json\/wp\/v2\/product\/4056","targetHints":{"allow":["GET"]}}],"collection":[{"href":"https:\/\/clubedeviagensmoms.com.br\/homolog\/wp-json\/wp\/v2\/product"}],"about":[{"href":"https:\/\/clubedeviagensmoms.com.br\/homolog\/wp-json\/wp\/v2\/types\/product"}],"replies":[{"embeddable":true,"href":"https:\/\/clubedeviagensmoms.com.br\/homolog\/wp-json\/wp\/v2\/comments?post=4056"}],"wp:featuredmedia":[{"embeddable":true,"href":"https:\/\/clubedeviagensmoms.com.br\/homolog\/wp-json\/wp\/v2\/media\/2225"}],"wp:attachment":[{"href":"https:\/\/clubedeviagensmoms.com.br\/homolog\/wp-json\/wp\/v2\/media?parent=4056"}],"wp:term":[{"taxonomy":"product_cat","embeddable":true,"href":"https:\/\/clubedeviagensmoms.com.br\/homolog\/wp-json\/wp\/v2\/product_cat?post=4056"},{"taxonomy":"product_tag","embeddable":true,"href":"https:\/\/clubedeviagensmoms.com.br\/homolog\/wp-json\/wp\/v2\/product_tag?post=4056"}],"curies":[{"name":"wp","href":"https:\/\/api.w.org\/{rel}","templated":true}]}}