{"id":4057,"date":"2021-10-29T19:55:58","date_gmt":"2021-10-29T22:55:58","guid":{"rendered":"http:\/\/clubedeviagensmoms.com.br\/homolog\/taober_wp\/?post_type=product&#038;p=4057"},"modified":"2023-08-30T12:25:13","modified_gmt":"2023-08-30T15:25:13","slug":"club-med-lake-paradise","status":"publish","type":"product","link":"https:\/\/clubedeviagensmoms.com.br\/homolog\/produto\/club-med-lake-paradise\/","title":{"rendered":"Club Med Lake Paradise"},"content":{"rendered":"<div>\n<div class=\"overflow-hidden relative transition-heights\">\n<div class=\"leading-normal text-md text-gray-darker\">\n<p class=\"last-child-mb-0 mt-0 mb-3\">A apenas uma hora de S\u00e3o Paulo, o Club Med Lake Paradise est\u00e1 de portas abertas para receber voc\u00ea e toda a sua fam\u00edlia.<\/p>\n<p class=\"last-child-mb-0 mt-0 mb-3\">Localizado na regi\u00e3o de Mogi das Cruzes, \u00e0 beira do lago da represa Taia\u00e7upeba, o resort all inclusive \u00e9 um o\u00e1sis verde perfeito para escapar da agita\u00e7\u00e3o de uma cidade grande.<\/p>\n<p class=\"last-child-mb-0 mt-0 mb-3\">Ent\u00e3o, ao chegar, n\u00e3o perca a chance de mostrar suas habilidades no golfe em um percurso de 18 buracos. Experimente no Club Med Lake Paradise, tamb\u00e9m, uma s\u00e9rie de outras atividades dispon\u00edveis, como arvorismo, t\u00eanis, trap\u00e9zio voador, caminhadas e passeios de bicicleta. Como o lago \u00e9 a grande estrela desse resort, os esportes n\u00e1uticos n\u00e3o poderiam ficar de fora da programa\u00e7\u00e3o. Aproveite o espelho d\u2019\u00e1gua do Club Med Lake Paradise para se aventurar na vela, caiaque ou stand up paddle.<\/p>\n<p class=\"last-child-mb-0 mt-0 mb-3\">Ap\u00f3s uma tarde de emo\u00e7\u00f5es, d\u00ea um mergulho refrescante em uma das nossas piscinas ou, ent\u00e3o, mime-se com um tratamento relaxante no Club Med Spa. \u00c0 noite, escolha um dos bares e restaurantes para compartilhar um momento especial com a fam\u00edlia ou amigos.<\/p>\n<\/div>\n<\/div>\n<\/div>\n<p>Segue o padr\u00e3o Club Med, tendo Kids Club, que mantem crian\u00e7as de 2 a 17 anos entretidas, principalmente por conta da anima\u00e7\u00e3o da equipe de monitores, mais conhecidos como G.Os! Ainda, proporciona momentos muito agrad\u00e1veis com shows noturnos!<\/p>\n<p>&nbsp;<\/p>\n<p>Venha conhecer e desfrutar do Club Med Lake Paradise! Voc\u00ea n\u00e3o vai se arrepender!<\/p>\n<p>Se voc\u00ea ainda n\u00e3o conhece nossas redes sociais, vem dar uma conferida no nosso<span>\u00a0<\/span><a href=\"https:\/\/www.instagram.com\/clubedeviagensmoms\/\">Instagram<\/a><span>\u00a0<\/span>e tamb\u00e9m na nossa<span>\u00a0<\/span><a href=\"https:\/\/www.facebook.com\/ClubeDeViagensMoms\/?hc_ref=ARREVFAUN6kemqQPikWPR6yOVqfolWuZ4Gm2u6EX4fJ2-jyHER8eDB5si8DvGkabbOE&amp;fref=nf&amp;__xts__[0]=68.ARAXJqd_Jm68dG9qh_a7A_hAS8hHGdRg1Cq8Je9my1EPnGBRo26TI37xs6IY6NhynKSzyIDhPcBRqvr6Nzuwi7g2W4UPO84T0-vU7mWKXia_C51FzzqVsE3HthHbuQetTo9gapY&amp;__tn__=kC-R\">p\u00e1gina do Facebook<\/a>! Al\u00e9m disso, temos um<span>\u00a0<\/span><a href=\"https:\/\/www.facebook.com\/groups\/clubedeviagensmoms\/\">grupo do Facebook<\/a>, ent\u00e3o, venha fazer parte!<\/p>\n<p>E, por fim, se voc\u00ea quiser conferir nossos outros hot\u00e9is parceiros, clique<span>\u00a0<\/span><a href=\"http:\/\/clubedeviagensmoms.com.br\/homolog\/vamos-viajar\/hoteis\/\" target=\"_blank\" rel=\"noopener noreferrer\">aqui<\/a>!<\/p>\n","protected":false},"excerpt":{"rendered":"<p>Lake Paradise, um o\u00e1sis de paz onde a arte de viver brasileira rima com felicidade.<\/p>\n","protected":false},"featured_media":1951,"comment_status":"closed","ping_status":"closed","template":"","meta":[],"product_cat":[21],"product_tag":[181,167,27,28,29,30,31,294,32,33,174,301,35,37,38,39,40],"class_list":["post-4057","product","type-product","status-publish","has-post-thumbnail","hentry","product_cat-hoteis","product_tag-all-inclusive","product_tag-club-med","product_tag-clube-de-viagens-moms","product_tag-clube-moms","product_tag-criancas","product_tag-diversao","product_tag-diversao-em-familia","product_tag-esportes-radicais","product_tag-ferias","product_tag-ferias-em-familia","product_tag-hoteis-que-indicamos","product_tag-lake-paradise","product_tag-recreacao","product_tag-rio-de-janeiro","product_tag-viagem","product_tag-viagem-com-criancas","product_tag-viagem-em-familia","pa_destino-brasil","pa_destino-club-med","pa_destino-sao-paulo","pa_estrutura-lazer-academia","pa_estrutura-lazer-bar","pa_estrutura-lazer-bicicleta","pa_estrutura-lazer-campo-de-futebol","pa_estrutura-lazer-copa-baby","pa_estrutura-lazer-esportes-radicais","pa_estrutura-lazer-estacionamento","pa_estrutura-lazer-kids-club","pa_estrutura-lazer-lavanderia","pa_estrutura-lazer-mini-golf","pa_estrutura-lazer-piscina","pa_estrutura-lazer-piscina-aquecida","pa_estrutura-lazer-quadra-de-tenis","pa_estrutura-lazer-quadra-de-volei","pa_estrutura-lazer-recreacao","pa_estrutura-lazer-restaurante","pa_estrutura-lazer-salao-de-jogos","pa_estrutura-lazer-sauna","pa_estrutura-lazer-spa","pa_estrutura-lazer-teatro","pa_regime-de-alimentacao-all-inclusive","pa_servicos-opcionais-lavanderia","pa_servicos-opcionais-massagem","pa_servicos-opcionais-servico-de-babas","pa_servicos-opcionais-servico-de-massagem","pa_servicos-opcionais-servico-de-traslado","pa_servicos-opcionais-spa","pa_tipos-de-destinos-resorts"],"acf":[],"yoast_head":"<!-- This site is optimized with the Yoast SEO Premium plugin v16.0.2 (Yoast SEO v21.2) - https:\/\/yoast.com\/wordpress\/plugins\/seo\/ -->\n<title>Club Med Lake Paradise - Clube Moms<\/title>\n<meta name=\"description\" content=\"A apenas uma hora de S\u00e3o Paulo, o Club Med Lake Paradise est\u00e1 de portas abertas para receber voc\u00ea e toda a sua fam\u00edlia, ent\u00e3o venha conhecer!\" \/>\n<meta name=\"robots\" content=\"index, follow, max-snippet:-1, max-image-preview:large, max-video-preview:-1\" \/>\n<link rel=\"canonical\" href=\"https:\/\/clubedeviagensmoms.com.br\/homolog\/produto\/club-med-lake-paradise\/\" \/>\n<meta property=\"og:locale\" content=\"pt_BR\" \/>\n<meta property=\"og:type\" content=\"article\" \/>\n<meta property=\"og:title\" content=\"Club Med Lake Paradise - Clube Moms\" \/>\n<meta property=\"og:description\" content=\"A apenas uma hora de S\u00e3o Paulo, o Club Med Lake Paradise est\u00e1 de portas abertas para receber voc\u00ea e toda a sua fam\u00edlia, ent\u00e3o venha conhecer!\" \/>\n<meta property=\"og:url\" content=\"https:\/\/clubedeviagensmoms.com.br\/homolog\/produto\/club-med-lake-paradise\/\" \/>\n<meta property=\"og:site_name\" content=\"Clube Moms\" \/>\n<meta property=\"article:modified_time\" content=\"2023-08-30T15:25:13+00:00\" \/>\n<meta property=\"og:image\" content=\"http:\/\/clubedeviagensmoms.com.br\/homolog\/wp-content\/uploads\/2021\/10\/lp-1-1024x536-2.jpg\" \/>\n\t<meta property=\"og:image:width\" content=\"1024\" \/>\n\t<meta property=\"og:image:height\" content=\"536\" \/>\n\t<meta property=\"og:image:type\" content=\"image\/jpeg\" \/>\n<meta name=\"twitter:card\" content=\"summary_large_image\" \/>\n<meta name=\"twitter:label1\" content=\"Est. tempo de leitura\" \/>\n\t<meta name=\"twitter:data1\" content=\"2 minutos\" \/>\n<script type=\"application\/ld+json\" class=\"yoast-schema-graph\">{\"@context\":\"https:\/\/schema.org\",\"@graph\":[{\"@type\":\"WebPage\",\"@id\":\"https:\/\/clubedeviagensmoms.com.br\/homolog\/produto\/club-med-lake-paradise\/\",\"url\":\"https:\/\/clubedeviagensmoms.com.br\/homolog\/produto\/club-med-lake-paradise\/\",\"name\":\"Club Med Lake Paradise - Clube Moms\",\"isPartOf\":{\"@id\":\"https:\/\/clubedeviagensmoms.com.br\/homolog\/#website\"},\"datePublished\":\"2021-10-29T22:55:58+00:00\",\"dateModified\":\"2023-08-30T15:25:13+00:00\",\"description\":\"A apenas uma hora de S\u00e3o Paulo, o Club Med Lake Paradise est\u00e1 de portas abertas para receber voc\u00ea e toda a sua fam\u00edlia, ent\u00e3o venha conhecer!\",\"breadcrumb\":{\"@id\":\"https:\/\/clubedeviagensmoms.com.br\/homolog\/produto\/club-med-lake-paradise\/#breadcrumb\"},\"inLanguage\":\"pt-BR\",\"potentialAction\":[{\"@type\":\"ReadAction\",\"target\":[\"https:\/\/clubedeviagensmoms.com.br\/homolog\/produto\/club-med-lake-paradise\/\"]}]},{\"@type\":\"BreadcrumbList\",\"@id\":\"https:\/\/clubedeviagensmoms.com.br\/homolog\/produto\/club-med-lake-paradise\/#breadcrumb\",\"itemListElement\":[{\"@type\":\"ListItem\",\"position\":1,\"name\":\"Home\",\"item\":\"https:\/\/clubedeviagensmoms.com.br\/homolog\/\"},{\"@type\":\"ListItem\",\"position\":2,\"name\":\"Vamos Viajar\",\"item\":\"https:\/\/clubedeviagensmoms.com.br\/homolog\/shop\/\"},{\"@type\":\"ListItem\",\"position\":3,\"name\":\"Club Med Lake Paradise\"}]},{\"@type\":\"WebSite\",\"@id\":\"https:\/\/clubedeviagensmoms.com.br\/homolog\/#website\",\"url\":\"https:\/\/clubedeviagensmoms.com.br\/homolog\/\",\"name\":\"Clube Moms\",\"description\":\"O Clube Moms \u00e9 uma ag\u00eancia de turismo com foco em fam\u00edlias com crian\u00e7as, que uno os conceitos de Consultoria Especializada e Clube de Vantagens.\",\"potentialAction\":[{\"@type\":\"SearchAction\",\"target\":{\"@type\":\"EntryPoint\",\"urlTemplate\":\"https:\/\/clubedeviagensmoms.com.br\/homolog\/?s={search_term_string}\"},\"query-input\":\"required name=search_term_string\"}],\"inLanguage\":\"pt-BR\"}]}<\/script>\n<!-- \/ Yoast SEO Premium plugin. -->","yoast_head_json":{"title":"Club Med Lake Paradise - Clube Moms","description":"A apenas uma hora de S\u00e3o Paulo, o Club Med Lake Paradise est\u00e1 de portas abertas para receber voc\u00ea e toda a sua fam\u00edlia, ent\u00e3o venha conhecer!","robots":{"index":"index","follow":"follow","max-snippet":"max-snippet:-1","max-image-preview":"max-image-preview:large","max-video-preview":"max-video-preview:-1"},"canonical":"https:\/\/clubedeviagensmoms.com.br\/homolog\/produto\/club-med-lake-paradise\/","og_locale":"pt_BR","og_type":"article","og_title":"Club Med Lake Paradise - Clube Moms","og_description":"A apenas uma hora de S\u00e3o Paulo, o Club Med Lake Paradise est\u00e1 de portas abertas para receber voc\u00ea e toda a sua fam\u00edlia, ent\u00e3o venha conhecer!","og_url":"https:\/\/clubedeviagensmoms.com.br\/homolog\/produto\/club-med-lake-paradise\/","og_site_name":"Clube Moms","article_modified_time":"2023-08-30T15:25:13+00:00","og_image":[{"width":1024,"height":536,"url":"http:\/\/clubedeviagensmoms.com.br\/homolog\/wp-content\/uploads\/2021\/10\/lp-1-1024x536-2.jpg","type":"image\/jpeg"}],"twitter_card":"summary_large_image","twitter_misc":{"Est. tempo de leitura":"2 minutos"},"schema":{"@context":"https:\/\/schema.org","@graph":[{"@type":"WebPage","@id":"https:\/\/clubedeviagensmoms.com.br\/homolog\/produto\/club-med-lake-paradise\/","url":"https:\/\/clubedeviagensmoms.com.br\/homolog\/produto\/club-med-lake-paradise\/","name":"Club Med Lake Paradise - Clube Moms","isPartOf":{"@id":"https:\/\/clubedeviagensmoms.com.br\/homolog\/#website"},"datePublished":"2021-10-29T22:55:58+00:00","dateModified":"2023-08-30T15:25:13+00:00","description":"A apenas uma hora de S\u00e3o Paulo, o Club Med Lake Paradise est\u00e1 de portas abertas para receber voc\u00ea e toda a sua fam\u00edlia, ent\u00e3o venha conhecer!","breadcrumb":{"@id":"https:\/\/clubedeviagensmoms.com.br\/homolog\/produto\/club-med-lake-paradise\/#breadcrumb"},"inLanguage":"pt-BR","potentialAction":[{"@type":"ReadAction","target":["https:\/\/clubedeviagensmoms.com.br\/homolog\/produto\/club-med-lake-paradise\/"]}]},{"@type":"BreadcrumbList","@id":"https:\/\/clubedeviagensmoms.com.br\/homolog\/produto\/club-med-lake-paradise\/#breadcrumb","itemListElement":[{"@type":"ListItem","position":1,"name":"Home","item":"https:\/\/clubedeviagensmoms.com.br\/homolog\/"},{"@type":"ListItem","position":2,"name":"Vamos Viajar","item":"https:\/\/clubedeviagensmoms.com.br\/homolog\/shop\/"},{"@type":"ListItem","position":3,"name":"Club Med Lake Paradise"}]},{"@type":"WebSite","@id":"https:\/\/clubedeviagensmoms.com.br\/homolog\/#website","url":"https:\/\/clubedeviagensmoms.com.br\/homolog\/","name":"Clube Moms","description":"O Clube Moms \u00e9 uma ag\u00eancia de turismo com foco em fam\u00edlias com crian\u00e7as, que uno os conceitos de Consultoria Especializada e Clube de Vantagens.","potentialAction":[{"@type":"SearchAction","target":{"@type":"EntryPoint","urlTemplate":"https:\/\/clubedeviagensmoms.com.br\/homolog\/?s={search_term_string}"},"query-input":"required name=search_term_string"}],"inLanguage":"pt-BR"}]}},"_links":{"self":[{"href":"https:\/\/clubedeviagensmoms.com.br\/homolog\/wp-json\/wp\/v2\/product\/4057","targetHints":{"allow":["GET"]}}],"collection":[{"href":"https:\/\/clubedeviagensmoms.com.br\/homolog\/wp-json\/wp\/v2\/product"}],"about":[{"href":"https:\/\/clubedeviagensmoms.com.br\/homolog\/wp-json\/wp\/v2\/types\/product"}],"replies":[{"embeddable":true,"href":"https:\/\/clubedeviagensmoms.com.br\/homolog\/wp-json\/wp\/v2\/comments?post=4057"}],"wp:featuredmedia":[{"embeddable":true,"href":"https:\/\/clubedeviagensmoms.com.br\/homolog\/wp-json\/wp\/v2\/media\/1951"}],"wp:attachment":[{"href":"https:\/\/clubedeviagensmoms.com.br\/homolog\/wp-json\/wp\/v2\/media?parent=4057"}],"wp:term":[{"taxonomy":"product_cat","embeddable":true,"href":"https:\/\/clubedeviagensmoms.com.br\/homolog\/wp-json\/wp\/v2\/product_cat?post=4057"},{"taxonomy":"product_tag","embeddable":true,"href":"https:\/\/clubedeviagensmoms.com.br\/homolog\/wp-json\/wp\/v2\/product_tag?post=4057"}],"curies":[{"name":"wp","href":"https:\/\/api.w.org\/{rel}","templated":true}]}}